{"id":1536,"date":"2021-01-12T18:22:03","date_gmt":"2021-01-12T17:22:03","guid":{"rendered":"https:\/\/relaunch.striped-giraffe.com\/ueber-uns-copy\/"},"modified":"2024-10-30T14:42:53","modified_gmt":"2024-10-30T13:42:53","slug":"impressum","status":"publish","type":"page","link":"https:\/\/www.striped-giraffe.com\/de\/impressum\/","title":{"rendered":"Impressum"},"content":{"rendered":"<section class=\"wpb-content-wrapper\"><p>[vc_row css=&#8220;.vc_custom_1610472954349{margin-bottom: 0px !important;}&#8220;][vc_column][vc_column_text]<\/p>\n<h1>Impressum<\/h1>\n<p>[\/vc_column_text][\/vc_column][\/vc_row][vc_row css=&#8220;.vc_custom_1610033353639{padding-top: 100px !important;padding-bottom: 100px !important;}&#8220;][vc_column][vc_column_text]<strong>Angaben gem\u00e4\u00df \u00a7 5 TMG:<\/strong><\/p>\n<p>Striped Giraffe<br \/>\nInnovation &amp; Strategy GmbH<\/p>\n<p>Lenbachplatz 3<br \/>\n80333 M\u00fcnchen<\/p>\n<p>&nbsp;<\/p>\n<p><strong>Umsatzsteuer:<\/strong><\/p>\n<p>Umsatzsteuer-Identifikationsnummer gem\u00e4\u00df \u00a727 a Umsatzsteuergesetz:<br \/>\nDE 81 54 58 230<\/p>\n<p>&nbsp;<\/p>\n<p><strong>Kontakt:<\/strong><\/p>\n<p>Telefon: +49 (0)89-416 12666-0<br \/>\nE-Mail: <a href=\"mailto:info@striped-giraffe.com\">info@striped-giraffe.com<\/a><br \/>\nWeb: <a href=\"http:\/\/www.striped-giraffe.com\/de\">www.striped-giraffe.com\/de<\/a><\/p>\n<p>&nbsp;<\/p>\n<p><strong>Handelsregister:<\/strong><\/p>\n<p>HRB M\u00fcnchen 207524<\/p>\n<p>&nbsp;<\/p>\n<p><strong>Gesch\u00e4ftsf\u00fchrer:<\/strong><\/p>\n<p>Gunnar Rohde<br \/>\nMartina Deffner<\/p>\n<p>&nbsp;<\/p>\n<p><strong>Streitschlichtung<\/strong><\/p>\n<p>Die Europ\u00e4ische Kommission stellt eine Plattform zur Online-Streitbeilegung (OS) bereit: <a href=\"https:\/\/ec.europa.eu\/consumers\/odr\/main\/index.cfm?event=main.home2.show&amp;lng=DE\">https:\/\/ec.europa.eu\/consumers\/odr<\/a><\/p>\n<p>Unsere E-Mail-Adresse finden Sie oben im Impressum.<\/p>\n<p>Wir sind nicht bereit oder verpflichtet, an Streitbeilegungsverfahren vor einer Verbraucherschlichtungsstelle teilzunehmen.<\/p>\n<p>&nbsp;<\/p>\n<p><strong>Verantwortlich f\u00fcr den Inhalt:<\/strong><\/p>\n<p>Gunnar Rohde, Martina Deffner<\/p>\n<p>&nbsp;<\/p>\n<p><strong>Konzeption:<\/strong><\/p>\n<p><a href=\"https:\/\/www.linkedin.com\/in\/danielle-rietsch\/\" target=\"_blank\" rel=\"noopener\">Danielle Rietsch<\/a>, <a href=\"https:\/\/www.marcess.de\/\">Marcess<\/a><\/p>\n<p>&nbsp;<\/p>\n<p><strong>Design:<\/strong><\/p>\n<p><a href=\"http:\/\/sweet-ink.de\/\">SWEET INK GmbH<\/a><\/p>\n<p>&nbsp;<\/p>\n<p><strong>Umsetzung:<\/strong><\/p>\n<p><a href=\"https:\/\/www.macmyday.de\/\">macmyday<\/a><\/p>\n<p>&nbsp;<\/p>\n<p><strong>Corporate:<\/strong><\/p>\n<p><a href=\"https:\/\/www.viazenetti.de\/de\/\">viazenetti GmbH<\/a>[\/vc_column_text][\/vc_column][\/vc_row][vc_row full_width=&#8220;stretch_row&#8220; el_class=&#8220;closetotop&#8220; css=&#8220;.vc_custom_1610456363340{margin-top: 100px !important;margin-bottom: 0px !important;padding-top: 260px !important;padding-bottom: 160px !important;background-image: url(https:\/\/www.striped-giraffe.com\/wp-content\/uploads\/2020\/12\/contact_bckgnd_dark.jpg?id=319) !important;background-position: center !important;background-repeat: no-repeat !important;background-size: cover !important;}&#8220;][vc_column][vc_column_text]<\/p>\n<h1 class=\"headline_superbig\" style=\"text-align: center;\"><span style=\"color: #ffffff;\">KONTAKTIEREN SIE UNS.<\/span><\/h1>\n<h3 style=\"text-align: center;\"><span style=\"color: #ffffff;\">Striped Giraffe Innovation &amp; Strategy<\/span><br \/>\n<span style=\"color: #ffffff;\">Lenbachplatz 3 I 80333 M\u00fcnchen<\/span><\/h3>\n<h3 style=\"text-align: center;\"><strong><span style=\"color: #ef6c00;\"><a style=\"color: #ef6c00;\" href=\"mailto:info@striped-giraffe.com\">info@striped-giraffe.com<\/a><\/span><\/strong><br \/>\n<strong><span style=\"color: #ffffff;\">T. +49 (0)89-416 126-660<\/span><\/strong><\/h3>\n<p>[\/vc_column_text][vc_row_inner gap=&#8220;35&#8243; css=&#8220;.vc_custom_1609932111067{margin-top: 100px !important;}&#8220;][vc_column_inner width=&#8220;1\/3&#8243;][vc_column_text]<\/p>\n<p style=\"text-align: center;\"><strong><span style=\"color: #ffffff;\">Unser Business Development-Team<\/span><\/strong><br \/>\n<a href=\"mailto:sales@striped-giraffe.com\"><strong><span style=\"color: #ef6c00;\">sales@striped-giraffe.com<\/span><\/strong><\/a><\/p>\n<p>[\/vc_column_text][\/vc_column_inner][vc_column_inner width=&#8220;1\/3&#8243;][vc_column_text]<\/p>\n<p style=\"text-align: center;\"><strong><span style=\"color: #ffffff;\">Unser Marketing-Team<\/span><\/strong><br \/>\n<a href=\"mailto:marketing@striped-giraffe.com\"><strong><span style=\"color: #ef6c00;\">marketing@striped-giraffe.com<\/span><\/strong><\/a><\/p>\n<p>[\/vc_column_text][\/vc_column_inner][vc_column_inner width=&#8220;1\/3&#8243;][vc_column_text]<\/p>\n<p style=\"text-align: center;\"><strong><span style=\"color: #ffffff;\">Unser HR-Team<\/span><\/strong><br \/>\n<a href=\"mailto:career@striped-giraffe.com\"><strong><span style=\"color: #ef6c00;\">career@striped-giraffe.com<\/span><\/strong><\/a><\/p>\n<p>[\/vc_column_text][\/vc_column_inner][\/vc_row_inner][\/vc_column][\/vc_row][vc_row full_width=&#8220;stretch_row&#8220; css=&#8220;.vc_custom_1609932168584{padding-top: 200px !important;padding-bottom: 100px !important;background-color: #000000 !important;}&#8220;][vc_column][vc_column_text]<\/p>\n<h1 style=\"text-align: center;\"><span style=\"color: #ffffff;\">Folgen Sie uns.<\/span><\/h1>\n<p>[\/vc_column_text]<div class=\" uavc-icons-center uavc-icons \">\n<a class=\"aio-tooltip 69f00c07e65a5\" href=\"https:\/\/www.linkedin.com\/company\/striped-giraffe-innovation-&-strategy-gmbh\/?viewAsMember=true\" target=\"_blank\" rel=\"noopener\"  data-toggle=\"tooltip\" data-placement=\"\" title=\"\"><div class=\"aio-icon  \" data-animation=\"\" data-animation-delay=\"03\" style=\"color:#ffffff;font-size:30px;margin-right:5px;\">\n\t<i class=\"Defaults-linkedin\"><\/i>\n<\/div><\/a>\n<a class=\"aio-tooltip 69f00c07e65d9\" href=\"https:\/\/www.youtube.com\/@stripedgiraffe\" target=\"_blank\" rel=\"noopener\"  data-toggle=\"tooltip\" data-placement=\"\" title=\"\"><div class=\"aio-icon  \" data-animation=\"\" data-animation-delay=\"03\" style=\"color:#ffffff;font-size:30px;margin-right:5px;\">\n\t<i class=\"Defaults-youtube-play\"><\/i>\n<\/div><\/a>\n<a class=\"aio-tooltip 69f00c07e6601\" href=\"https:\/\/www.instagram.com\/Striped_Giraffe_Insights\/\" target=\"_blank\" rel=\"noopener\"  data-toggle=\"tooltip\" data-placement=\"\" title=\"\"><div class=\"aio-icon  \" data-animation=\"\" data-animation-delay=\"03\" style=\"color:#ffffff;font-size:30px;margin-right:5px;\">\n\t<i class=\"Defaults-instagram\"><\/i>\n<\/div><\/a>\n<a class=\"aio-tooltip 69f00c07e6627\" href=\"https:\/\/www.facebook.com\/striped.giraffe.innovation.and.strategy\" target=\"_blank\" rel=\"noopener\"  data-toggle=\"tooltip\" data-placement=\"\" title=\"\"><div class=\"aio-icon  \" data-animation=\"\" data-animation-delay=\"03\" style=\"color:#ffffff;font-size:30px;margin-right:5px;\">\n\t<i class=\"Defaults-facebook facebook-f\"><\/i>\n<\/div><\/a><\/div>[\/vc_column][\/vc_row]<\/p>\n<\/section>","protected":false},"excerpt":{"rendered":"<p>[vc_row css=&#8220;.vc_custom_1610472954349{margin-bottom: 0px !important;}&#8220;][vc_column][vc_column_text] Impressum [\/vc_column_text][\/vc_column][\/vc_row][vc_row css=&#8220;.vc_custom_1610033353639{padding-top: 100px !important;padding-bottom: 100px !important;}&#8220;][vc_column][vc_column_text]Angaben gem\u00e4\u00df \u00a7 5 TMG: Striped Giraffe Innovation &amp; Strategy [&hellip;]<\/p>\n","protected":false},"author":1,"featured_media":0,"parent":0,"menu_order":0,"comment_status":"closed","ping_status":"closed","template":"","meta":{"footnotes":""},"acf":[],"yoast_head":"<!-- This site is optimized with the Yoast SEO Premium plugin v20.5 (Yoast SEO v20.5) - https:\/\/yoast.com\/wordpress\/plugins\/seo\/ -->\n<title>Impressum - Striped Giraffe<\/title>\n<meta name=\"robots\" content=\"index, follow, max-snippet:-1, max-image-preview:large, max-video-preview:-1\" \/>\n<link rel=\"canonical\" href=\"https:\/\/www.striped-giraffe.com\/de\/impressum\/\" \/>\n<meta property=\"og:locale\" content=\"de_DE\" \/>\n<meta property=\"og:type\" content=\"article\" \/>\n<meta property=\"og:title\" content=\"Impressum\" \/>\n<meta property=\"og:description\" content=\"[vc_row css=&#8220;.vc_custom_1610472954349{margin-bottom: 0px !important;}&#8220;][vc_column][vc_column_text] Impressum [\/vc_column_text][\/vc_column][\/vc_row][vc_row css=&#8220;.vc_custom_1610033353639{padding-top: 100px !important;padding-bottom: 100px !important;}&#8220;][vc_column][vc_column_text]Angaben gem\u00e4\u00df \u00a7 5 TMG: Striped Giraffe Innovation &amp; Strategy [&hellip;]\" \/>\n<meta property=\"og:url\" content=\"https:\/\/www.striped-giraffe.com\/de\/impressum\/\" \/>\n<meta property=\"og:site_name\" content=\"Striped Giraffe\" \/>\n<meta property=\"article:modified_time\" content=\"2024-10-30T13:42:53+00:00\" \/>\n<meta name=\"twitter:card\" content=\"summary_large_image\" \/>\n<meta name=\"twitter:label1\" content=\"Gesch\u00e4tzte Lesezeit\" \/>\n\t<meta name=\"twitter:data1\" content=\"2\u00a0Minuten\" \/>\n<script type=\"application\/ld+json\" class=\"yoast-schema-graph\">{\"@context\":\"https:\/\/schema.org\",\"@graph\":[{\"@type\":\"WebPage\",\"@id\":\"https:\/\/www.striped-giraffe.com\/de\/impressum\/\",\"url\":\"https:\/\/www.striped-giraffe.com\/de\/impressum\/\",\"name\":\"Impressum - Striped Giraffe\",\"isPartOf\":{\"@id\":\"https:\/\/www.striped-giraffe.com\/de\/#website\"},\"datePublished\":\"2021-01-12T17:22:03+00:00\",\"dateModified\":\"2024-10-30T13:42:53+00:00\",\"inLanguage\":\"de\",\"potentialAction\":[{\"@type\":\"ReadAction\",\"target\":[\"https:\/\/www.striped-giraffe.com\/de\/impressum\/\"]}]},{\"@type\":\"WebSite\",\"@id\":\"https:\/\/www.striped-giraffe.com\/de\/#website\",\"url\":\"https:\/\/www.striped-giraffe.com\/de\/\",\"name\":\"Striped Giraffe\",\"description\":\"Ihr zuverl\u00e4ssiger Anbieter f\u00fcr digitale Enterprise-L\u00f6sungen\",\"publisher\":{\"@id\":\"https:\/\/www.striped-giraffe.com\/de\/#organization\"},\"potentialAction\":[{\"@type\":\"SearchAction\",\"target\":{\"@type\":\"EntryPoint\",\"urlTemplate\":\"https:\/\/www.striped-giraffe.com\/de\/?s={search_term_string}\"},\"query-input\":\"required name=search_term_string\"}],\"inLanguage\":\"de\"},{\"@type\":\"Organization\",\"@id\":\"https:\/\/www.striped-giraffe.com\/de\/#organization\",\"name\":\"Striped Giraffe\",\"url\":\"https:\/\/www.striped-giraffe.com\/de\/\",\"logo\":{\"@type\":\"ImageObject\",\"inLanguage\":\"de\",\"@id\":\"https:\/\/www.striped-giraffe.com\/de\/#\/schema\/logo\/image\/\",\"url\":\"https:\/\/www.striped-giraffe.com\/wp-content\/uploads\/2021\/01\/giraffe_white.svg\",\"contentUrl\":\"https:\/\/www.striped-giraffe.com\/wp-content\/uploads\/2021\/01\/giraffe_white.svg\",\"caption\":\"Striped Giraffe\"},\"image\":{\"@id\":\"https:\/\/www.striped-giraffe.com\/de\/#\/schema\/logo\/image\/\"}}]}<\/script>\n<!-- \/ Yoast SEO Premium plugin. -->","yoast_head_json":{"title":"Impressum - Striped Giraffe","robots":{"index":"index","follow":"follow","max-snippet":"max-snippet:-1","max-image-preview":"max-image-preview:large","max-video-preview":"max-video-preview:-1"},"canonical":"https:\/\/www.striped-giraffe.com\/de\/impressum\/","og_locale":"de_DE","og_type":"article","og_title":"Impressum","og_description":"[vc_row css=&#8220;.vc_custom_1610472954349{margin-bottom: 0px !important;}&#8220;][vc_column][vc_column_text] Impressum [\/vc_column_text][\/vc_column][\/vc_row][vc_row css=&#8220;.vc_custom_1610033353639{padding-top: 100px !important;padding-bottom: 100px !important;}&#8220;][vc_column][vc_column_text]Angaben gem\u00e4\u00df \u00a7 5 TMG: Striped Giraffe Innovation &amp; Strategy [&hellip;]","og_url":"https:\/\/www.striped-giraffe.com\/de\/impressum\/","og_site_name":"Striped Giraffe","article_modified_time":"2024-10-30T13:42:53+00:00","twitter_card":"summary_large_image","twitter_misc":{"Gesch\u00e4tzte Lesezeit":"2\u00a0Minuten"},"schema":{"@context":"https:\/\/schema.org","@graph":[{"@type":"WebPage","@id":"https:\/\/www.striped-giraffe.com\/de\/impressum\/","url":"https:\/\/www.striped-giraffe.com\/de\/impressum\/","name":"Impressum - Striped Giraffe","isPartOf":{"@id":"https:\/\/www.striped-giraffe.com\/de\/#website"},"datePublished":"2021-01-12T17:22:03+00:00","dateModified":"2024-10-30T13:42:53+00:00","inLanguage":"de","potentialAction":[{"@type":"ReadAction","target":["https:\/\/www.striped-giraffe.com\/de\/impressum\/"]}]},{"@type":"WebSite","@id":"https:\/\/www.striped-giraffe.com\/de\/#website","url":"https:\/\/www.striped-giraffe.com\/de\/","name":"Striped Giraffe","description":"Ihr zuverl\u00e4ssiger Anbieter f\u00fcr digitale Enterprise-L\u00f6sungen","publisher":{"@id":"https:\/\/www.striped-giraffe.com\/de\/#organization"},"potentialAction":[{"@type":"SearchAction","target":{"@type":"EntryPoint","urlTemplate":"https:\/\/www.striped-giraffe.com\/de\/?s={search_term_string}"},"query-input":"required name=search_term_string"}],"inLanguage":"de"},{"@type":"Organization","@id":"https:\/\/www.striped-giraffe.com\/de\/#organization","name":"Striped Giraffe","url":"https:\/\/www.striped-giraffe.com\/de\/","logo":{"@type":"ImageObject","inLanguage":"de","@id":"https:\/\/www.striped-giraffe.com\/de\/#\/schema\/logo\/image\/","url":"https:\/\/www.striped-giraffe.com\/wp-content\/uploads\/2021\/01\/giraffe_white.svg","contentUrl":"https:\/\/www.striped-giraffe.com\/wp-content\/uploads\/2021\/01\/giraffe_white.svg","caption":"Striped Giraffe"},"image":{"@id":"https:\/\/www.striped-giraffe.com\/de\/#\/schema\/logo\/image\/"}}]}},"_links":{"self":[{"href":"https:\/\/www.striped-giraffe.com\/de\/wp-json\/wp\/v2\/pages\/1536"}],"collection":[{"href":"https:\/\/www.striped-giraffe.com\/de\/wp-json\/wp\/v2\/pages"}],"about":[{"href":"https:\/\/www.striped-giraffe.com\/de\/wp-json\/wp\/v2\/types\/page"}],"author":[{"embeddable":true,"href":"https:\/\/www.striped-giraffe.com\/de\/wp-json\/wp\/v2\/users\/1"}],"replies":[{"embeddable":true,"href":"https:\/\/www.striped-giraffe.com\/de\/wp-json\/wp\/v2\/comments?post=1536"}],"version-history":[{"count":13,"href":"https:\/\/www.striped-giraffe.com\/de\/wp-json\/wp\/v2\/pages\/1536\/revisions"}],"predecessor-version":[{"id":38382,"href":"https:\/\/www.striped-giraffe.com\/de\/wp-json\/wp\/v2\/pages\/1536\/revisions\/38382"}],"wp:attachment":[{"href":"https:\/\/www.striped-giraffe.com\/de\/wp-json\/wp\/v2\/media?parent=1536"}],"curies":[{"name":"wp","href":"https:\/\/api.w.org\/{rel}","templated":true}]}}