{"id":1598,"date":"2021-01-13T09:32:09","date_gmt":"2021-01-13T08:32:09","guid":{"rendered":"https:\/\/relaunch.striped-giraffe.com\/insights-copy\/"},"modified":"2021-01-13T17:29:08","modified_gmt":"2021-01-13T16:29:08","slug":"teaserboxen","status":"publish","type":"page","link":"https:\/\/www.striped-giraffe.com\/de\/teaserboxen\/","title":{"rendered":"Teaserboxen"},"content":{"rendered":"<section class=\"wpb-content-wrapper\"><p>[vc_row css=&#8220;.vc_custom_1610554948549{margin-top: 100px !important;}&#8220;][vc_column width=&#8220;1\/3&#8243;]<div id='' class='teaserbox  overlay'><div class='teaserbox_inner'><div class='teaserheadline'><h3 style='text-transform:uppercase;color:#ef6c00;'>Einfach geil<\/h3><h2 style='text-transform:none;color:#ffffff;'>Diese Studie ist das Beste der Welt.<\/h2><\/div><div class='teasertext'><div class='wpb_wrapper'>Lorem ipsum dolor sit amet, consectetur adipisicing elit, sed do eiusmod tempor incididunt ut labore et dolore magna aliqua. Ut enim ad minim veniam, quis nostrud exercitation ullamco laboris nisi ut aliquip ex ea commodo consequat.<\/div><\/div><div class='teaserlink'><a href='https:\/\/www.striped-giraffe.com\/kontakt\/' style='color:#ffffff;'>Kontakt aufnehmen<\/a><\/div><div class='wpb_single_image desktop_only'><img src='https:\/\/www.striped-giraffe.com\/wp-content\/uploads\/2021\/01\/bckgnd_karriere-600x960.jpg' \/><\/div><div class='wpb_single_image mobile_only'><img src='https:\/\/www.striped-giraffe.com\/wp-content\/uploads\/2021\/01\/bckgnd_karriere-600x700.jpg' \/><\/div><\/div><\/div>[\/vc_column][vc_column width=&#8220;1\/3&#8243;]<div id='' class='teaserbox  overlay'><div class='teaserbox_inner'><div class='teaserheadline'><h3 style='text-transform:uppercase;color:#000000;font-family:DinWebPro Bold;'>Ganz in Wei\u00df\u2026<\/h3><h2 style='text-transform:none;color:#ef6c00;'>mit einem schwarzen Blumenstrau\u00df.<\/h2><\/div><div class='teasertext'><div class='wpb_wrapper'>Duis aute irure dolor in reprehenderit in voluptate velit esse cillum dolore eu fugiat nulla pariatur. Excepteur sint occaecat cupidatat non proident, sunt in culpa qui officia deserunt mollit anim id est laborum.<\/div><\/div><div class='teaserlink'><a href='https:\/\/www.striped-giraffe.com\/e-commerce\/' style='color:#000000;'>Details<\/a><\/div><div class='wpb_single_image desktop_only'><img src='https:\/\/www.striped-giraffe.com\/wp-content\/uploads\/2021\/01\/dame.jpg' \/><\/div><div class='wpb_single_image mobile_only'><img src='https:\/\/www.striped-giraffe.com\/wp-content\/uploads\/2021\/01\/dame-600x700.jpg' \/><\/div><\/div><\/div>[\/vc_column][vc_column width=&#8220;1\/3&#8243;]<div id='' class='teaserbox  nooverlay'><div class='teaserbox_inner'><div class='teaserheadline'><h3 style='text-transform:uppercase;color:#ffffff;'>Einfach geil<\/h3><h2 style='text-transform:none;color:#ef6c00;'>Diese Studie ist das Beste der Welt.<\/h2><\/div><div class='teaser_logo'><figure><img src='https:\/\/www.striped-giraffe.com\/wp-content\/uploads\/2021\/01\/Celum-logo.png' \/><\/figure><\/div><div class='teaserlink'><a href='https:\/\/www.striped-giraffe.com\/case-study-ratioform-v2\/' style='color:#ffffff;'>Case Study ratioform<\/a><\/div><div class='wpb_single_image desktop_only'><img src='https:\/\/www.striped-giraffe.com\/wp-content\/uploads\/2020\/12\/SG_hilte-min-600x960.jpg' \/><\/div><div class='wpb_single_image mobile_only'><img src='https:\/\/www.striped-giraffe.com\/wp-content\/uploads\/2020\/12\/SG_hilte-min-600x700.jpg' \/><\/div><\/div><\/div>[\/vc_column][\/vc_row][vc_row css=&#8220;.vc_custom_1610526768229{margin-top: 200px !important;}&#8220;][vc_column][vc_empty_space height=&#8220;150&#8243;][\/vc_column][\/vc_row][vc_row][vc_column][vc_column_text]<\/p>\n<h2 class=\"headline_superbig\" style=\"text-align: center;\">Ganz toll!<\/h2>\n<h3 style=\"text-align: center;\"><span style=\"color: #ef6c00;\">Die folgenden Boxen laufen \u00fcber die komplette Seite\u2026<\/span><\/h3>\n<p>[\/vc_column_text][vc_empty_space height=&#8220;50&#8243;][\/vc_column][\/vc_row][vc_row full_width=&#8220;stretch_row_content&#8220; css=&#8220;.vc_custom_1610526780606{margin-bottom: 200px !important;}&#8220;][vc_column width=&#8220;1\/4&#8243;]<div id='' class='teaserbox  overlay'><div class='teaserbox_inner'><div class='teaserheadline'><h2 style='color:#ef6c00;'>Einfach geil<\/h2><h3 style='color:#ffffff;'>Diese Studie ist das Beste der Welt.<\/h3><\/div><div class='teasertext'><div class='wpb_wrapper'>Lorem ipsum dolor sit amet, consectetur adipisicing elit, sed do eiusmod tempor incididunt ut labore et dolore magna aliqua. Ut enim ad minim veniam, quis nostrud exercitation ullamco laboris nisi ut aliquip ex ea commodo consequat.<\/div><\/div><div class='teaserlink'><a href='https:\/\/www.striped-giraffe.com\/kontakt\/' style='color:#ffffff;'>Kontakt aufnehmen<\/a><\/div><div class='wpb_single_image desktop_only'><img src='https:\/\/www.striped-giraffe.com\/wp-content\/uploads\/2021\/01\/bckgnd_karriere-600x960.jpg' \/><\/div><div class='wpb_single_image mobile_only'><img src='https:\/\/www.striped-giraffe.com\/wp-content\/uploads\/2021\/01\/bckgnd_karriere-600x700.jpg' \/><\/div><\/div><\/div>[\/vc_column][vc_column width=&#8220;1\/4&#8243;]<div id='' class='teaserbox  overlay'><div class='teaserbox_inner'><div class='teaserheadline'><h2 style='color:#000000;font-family:DinWebPro Bold;'>Ganz in Wei\u00df\u2026<\/h2><h3 style='color:#ef6c00;'>mit einem schwarzen Blumenstrau\u00df.<\/h3><\/div><div class='teasertext'><div class='wpb_wrapper'>Duis aute irure dolor in reprehenderit in voluptate velit esse cillum dolore eu fugiat nulla pariatur. Excepteur sint occaecat cupidatat non proident, sunt in culpa qui officia deserunt mollit anim id est laborum.<\/div><\/div><div class='teaserlink'><a href='https:\/\/www.striped-giraffe.com\/e-commerce\/' style='color:#000000;'>Details<\/a><\/div><div class='wpb_single_image desktop_only'><img src='https:\/\/www.striped-giraffe.com\/wp-content\/uploads\/2021\/01\/dame.jpg' \/><\/div><div class='wpb_single_image mobile_only'><img src='https:\/\/www.striped-giraffe.com\/wp-content\/uploads\/2021\/01\/dame-600x700.jpg' \/><\/div><\/div><\/div>[\/vc_column][vc_column width=&#8220;1\/4&#8243;]<div id='' class='teaserbox  nooverlay'><div class='teaserbox_inner'><div class='teaserheadline'><h2 style='color:#ffffff;'>Einfach geil<\/h2><h3 style='color:#ef6c00;'>Diese Studie ist das Beste der Welt.<\/h3><\/div><div class='teaser_logo'><figure><img src='https:\/\/www.striped-giraffe.com\/wp-content\/uploads\/2021\/01\/Celum-logo.png' \/><\/figure><\/div><div class='teaserlink'><a href='https:\/\/www.striped-giraffe.com\/case-study-ratioform-v2\/' style='color:#ffffff;'>Case Study ratioform<\/a><\/div><div class='wpb_single_image desktop_only'><img src='https:\/\/www.striped-giraffe.com\/wp-content\/uploads\/2020\/12\/SG_hilte-min-600x960.jpg' \/><\/div><div class='wpb_single_image mobile_only'><img src='https:\/\/www.striped-giraffe.com\/wp-content\/uploads\/2020\/12\/SG_hilte-min-600x700.jpg' \/><\/div><\/div><\/div>[\/vc_column][vc_column width=&#8220;1\/4&#8243;]<div id='' class='teaserbox  overlay'><div class='teaserbox_inner'><div class='teaserheadline'><h2 style='color:#ffffff;'>Einfach geil<\/h2><h3 style='color:#ffffff;'>Diese Studie ist das Beste der Welt.<\/h3><\/div><div class='teasertext'><div class='wpb_wrapper'>Duis aute irure dolor in reprehenderit in voluptate velit esse cillum dolore eu fugiat nulla pariatur. Excepteur sint occaecat cupidatat non proident, sunt in culpa qui officia deserunt mollit anim id est laborum.<\/div><\/div><div class='teaserlink'><a href='https:\/\/www.striped-giraffe.com\/e-commerce\/' style='color:#ef6c00;'>E-Commerce Infos<\/a><\/div><div class='wpb_single_image desktop_only'><img src='https:\/\/www.striped-giraffe.com\/wp-content\/uploads\/2020\/12\/auge-1.png' \/><\/div><div class='wpb_single_image mobile_only'><img src='https:\/\/www.striped-giraffe.com\/wp-content\/uploads\/2020\/12\/auge-1-600x700.png' \/><\/div><\/div><\/div>[\/vc_column][\/vc_row][vc_row css=&#8220;.vc_custom_1610526789718{margin-top: 50px !important;}&#8220;][vc_column][vc_column_text]<\/p>\n<h2 class=\"headline_superbig\" style=\"text-align: center;\">Einfach mal ne Headline.<\/h2>\n<h3 style=\"text-align: center;\">Gleich bewegen sich zwei K\u00e4sten\u2026<\/h3>\n<p>[\/vc_column_text][\/vc_column][\/vc_row][vc_row full_width=&#8220;stretch_row&#8220; el_class=&#8220;newscontainer&#8220; bg_type=&#8220;grad&#8220; bg_grad=&#8220;background: -webkit-gradient(linear, left top, left bottom, color-stop(0%, #FFFFFF), color-stop(50%, #FFFFFF), color-stop(50%, #000000), color-stop(94%, #000000));background: -moz-linear-gradient(top,#FFFFFF 0%,#FFFFFF 50%,#000000 50%,#000000 94%);background: -webkit-linear-gradient(top,#FFFFFF 0%,#FFFFFF 50%,#000000 50%,#000000 94%);background: -o-linear-gradient(top,#FFFFFF 0%,#FFFFFF 50%,#000000 50%,#000000 94%);background: -ms-linear-gradient(top,#FFFFFF 0%,#FFFFFF 50%,#000000 50%,#000000 94%);background: linear-gradient(top,#FFFFFF 0%,#FFFFFF 50%,#000000 50%,#000000 94%);&#8220; css=&#8220;.vc_custom_1610526832142{margin-top: 0px !important;padding-top: 60px !important;padding-bottom: 60px !important;}&#8220;][vc_column width=&#8220;1\/6&#8243;][\/vc_column][vc_column width=&#8220;2\/6&#8243;]<div id='' class='teaserbox  overlay'><div class='teaserbox_inner'><div class='teaserheadline'><h2 style='color:#ffffff;'>Einfach geil<\/h2><h3 style='color:#ffffff;'>Diese Studie ist das Beste der Welt.<\/h3><\/div><div class='teasertext'><div class='wpb_wrapper'>Duis aute irure dolor in reprehenderit in voluptate velit esse cillum dolore eu fugiat nulla pariatur. Excepteur sint occaecat cupidatat non proident, sunt in culpa qui officia deserunt mollit anim id est laborum.<\/div><\/div><div class='teaserlink'><a href='https:\/\/www.striped-giraffe.com\/e-commerce\/' style='color:#ef6c00;'>E-Commerce Infos<\/a><\/div><div class='wpb_single_image desktop_only'><img src='https:\/\/www.striped-giraffe.com\/wp-content\/uploads\/2020\/12\/auge-1.png' \/><\/div><div class='wpb_single_image mobile_only'><img src='https:\/\/www.striped-giraffe.com\/wp-content\/uploads\/2020\/12\/auge-1-600x700.png' \/><\/div><\/div><\/div>[\/vc_column][vc_column width=&#8220;2\/6&#8243;]<div id='' class='teaserbox  nooverlay'><div class='teaserbox_inner'><div class='teaserheadline'><h2 style='color:#ffffff;'>Einfach geil<\/h2><h3 style='color:#ef6c00;'>Diese Studie ist das Beste der Welt.<\/h3><\/div><div class='teaser_logo'><figure><img src='https:\/\/www.striped-giraffe.com\/wp-content\/uploads\/2021\/01\/Celum-logo.png' \/><\/figure><\/div><div class='teaserlink'><a href='https:\/\/www.striped-giraffe.com\/case-study-ratioform-v2\/' style='color:#ffffff;'>Case Study ratioform<\/a><\/div><div class='wpb_single_image desktop_only'><img src='https:\/\/www.striped-giraffe.com\/wp-content\/uploads\/2020\/12\/SG_hilte-min-600x960.jpg' \/><\/div><div class='wpb_single_image mobile_only'><img src='https:\/\/www.striped-giraffe.com\/wp-content\/uploads\/2020\/12\/SG_hilte-min-600x700.jpg' \/><\/div><\/div><\/div>[\/vc_column][vc_column width=&#8220;1\/6&#8243;][\/vc_column][\/vc_row][vc_row css=&#8220;.vc_custom_1610526796770{margin-top: 50px !important;}&#8220;][vc_column][vc_empty_space height=&#8220;150&#8243;][vc_column_text]<\/p>\n<h2 class=\"headline_superbig\" style=\"text-align: center;\">Quer.<\/h2>\n<h3 style=\"text-align: center;\">Ein Breiter Teaser.<\/h3>\n<p>[\/vc_column_text][vc_empty_space height=&#8220;50&#8243;][\/vc_column][\/vc_row][vc_row][vc_column]<div id='' class='teaserbox wide overlay'><div class='teaserbox_inner'><div class='teaserheadline'><h2 style='color:#ffffff;'>Ich liege Quer<\/h2><h3 style='color:#ffffff;'>Und das ist gut so.<\/h3><\/div><div class='teasertext'><div class='wpb_wrapper'>Lorem ipsum dolor sit amet, consectetur adipisicing elit, sed do eiusmod tempor incididunt ut labore et dolore magna aliqua. Ut enim ad minim veniam, quis nostrud exercitation ullamco laboris nisi ut aliquip ex ea commodo consequat. Duis aute irure dolor in reprehenderit in voluptate velit esse cillum dolore eu fugiat nulla pariatur. Excepteur sint occaecat cupidatat non proident, sunt in culpa qui officia deserunt mollit anim id est laborum.<\/div><\/div><div class='teaserlink'><a href='https:\/\/www.striped-giraffe.com\/leistungen\/implementierung\/' style='color:#ffffff;'>Implementierung<\/a><\/div><div class='wpb_single_image desktop_only'><img src='https:\/\/www.striped-giraffe.com\/wp-content\/uploads\/2021\/01\/teaserbox_choise-1200x677.jpg' \/><\/div><div class='wpb_single_image mobile_only'><img src='https:\/\/www.striped-giraffe.com\/wp-content\/uploads\/2021\/01\/teaserbox_choise-600x677.jpg' \/><\/div><\/div><\/div>[vc_empty_space height=&#8220;150&#8243;][\/vc_column][\/vc_row]<\/p>\n<\/section>","protected":false},"excerpt":{"rendered":"<p>[vc_row css=&#8220;.vc_custom_1610554948549{margin-top: 100px !important;}&#8220;][vc_column width=&#8220;1\/3&#8243;][\/vc_column][vc_column width=&#8220;1\/3&#8243;][\/vc_column][vc_column width=&#8220;1\/3&#8243;][\/vc_column][\/vc_row][vc_row css=&#8220;.vc_custom_1610526768229{margin-top: 200px !important;}&#8220;][vc_column][vc_empty_space height=&#8220;150&#8243;][\/vc_column][\/vc_row][vc_row][vc_column][vc_column_text] Ganz toll! Die folgenden Boxen laufen \u00fcber die komplette [&hellip;]<\/p>\n","protected":false},"author":1,"featured_media":0,"parent":0,"menu_order":0,"comment_status":"closed","ping_status":"closed","template":"","meta":{"footnotes":""},"acf":[],"yoast_head":"<!-- This site is optimized with the Yoast SEO Premium plugin v20.5 (Yoast SEO v20.5) - https:\/\/yoast.com\/wordpress\/plugins\/seo\/ -->\n<title>Teaserboxen - Striped Giraffe<\/title>\n<meta name=\"robots\" content=\"index, follow, max-snippet:-1, max-image-preview:large, max-video-preview:-1\" \/>\n<link rel=\"canonical\" href=\"https:\/\/www.striped-giraffe.com\/de\/teaserboxen\/\" \/>\n<meta property=\"og:locale\" content=\"de_DE\" \/>\n<meta property=\"og:type\" content=\"article\" \/>\n<meta property=\"og:title\" content=\"Teaserboxen\" \/>\n<meta property=\"og:description\" content=\"[vc_row css=&#8220;.vc_custom_1610554948549{margin-top: 100px !important;}&#8220;][vc_column width=&#8220;1\/3&#8243;][\/vc_column][vc_column width=&#8220;1\/3&#8243;][\/vc_column][vc_column width=&#8220;1\/3&#8243;][\/vc_column][\/vc_row][vc_row css=&#8220;.vc_custom_1610526768229{margin-top: 200px !important;}&#8220;][vc_column][vc_empty_space height=&#8220;150&#8243;][\/vc_column][\/vc_row][vc_row][vc_column][vc_column_text] Ganz toll! Die folgenden Boxen laufen \u00fcber die komplette [&hellip;]\" \/>\n<meta property=\"og:url\" content=\"https:\/\/www.striped-giraffe.com\/de\/teaserboxen\/\" \/>\n<meta property=\"og:site_name\" content=\"Striped Giraffe\" \/>\n<meta property=\"article:modified_time\" content=\"2021-01-13T16:29:08+00:00\" \/>\n<meta name=\"twitter:card\" content=\"summary_large_image\" \/>\n<meta name=\"twitter:label1\" content=\"Gesch\u00e4tzte Lesezeit\" \/>\n\t<meta name=\"twitter:data1\" content=\"5\u00a0Minuten\" \/>\n<script type=\"application\/ld+json\" class=\"yoast-schema-graph\">{\"@context\":\"https:\/\/schema.org\",\"@graph\":[{\"@type\":\"WebPage\",\"@id\":\"https:\/\/www.striped-giraffe.com\/de\/teaserboxen\/\",\"url\":\"https:\/\/www.striped-giraffe.com\/de\/teaserboxen\/\",\"name\":\"Teaserboxen - Striped Giraffe\",\"isPartOf\":{\"@id\":\"https:\/\/www.striped-giraffe.com\/de\/#website\"},\"datePublished\":\"2021-01-13T08:32:09+00:00\",\"dateModified\":\"2021-01-13T16:29:08+00:00\",\"inLanguage\":\"de\",\"potentialAction\":[{\"@type\":\"ReadAction\",\"target\":[\"https:\/\/www.striped-giraffe.com\/de\/teaserboxen\/\"]}]},{\"@type\":\"WebSite\",\"@id\":\"https:\/\/www.striped-giraffe.com\/de\/#website\",\"url\":\"https:\/\/www.striped-giraffe.com\/de\/\",\"name\":\"Striped Giraffe\",\"description\":\"Ihr zuverl\u00e4ssiger Anbieter f\u00fcr digitale Enterprise-L\u00f6sungen\",\"publisher\":{\"@id\":\"https:\/\/www.striped-giraffe.com\/de\/#organization\"},\"potentialAction\":[{\"@type\":\"SearchAction\",\"target\":{\"@type\":\"EntryPoint\",\"urlTemplate\":\"https:\/\/www.striped-giraffe.com\/de\/?s={search_term_string}\"},\"query-input\":\"required name=search_term_string\"}],\"inLanguage\":\"de\"},{\"@type\":\"Organization\",\"@id\":\"https:\/\/www.striped-giraffe.com\/de\/#organization\",\"name\":\"Striped Giraffe\",\"url\":\"https:\/\/www.striped-giraffe.com\/de\/\",\"logo\":{\"@type\":\"ImageObject\",\"inLanguage\":\"de\",\"@id\":\"https:\/\/www.striped-giraffe.com\/de\/#\/schema\/logo\/image\/\",\"url\":\"https:\/\/www.striped-giraffe.com\/wp-content\/uploads\/2021\/01\/giraffe_white.svg\",\"contentUrl\":\"https:\/\/www.striped-giraffe.com\/wp-content\/uploads\/2021\/01\/giraffe_white.svg\",\"caption\":\"Striped Giraffe\"},\"image\":{\"@id\":\"https:\/\/www.striped-giraffe.com\/de\/#\/schema\/logo\/image\/\"}}]}<\/script>\n<!-- \/ Yoast SEO Premium plugin. -->","yoast_head_json":{"title":"Teaserboxen - Striped Giraffe","robots":{"index":"index","follow":"follow","max-snippet":"max-snippet:-1","max-image-preview":"max-image-preview:large","max-video-preview":"max-video-preview:-1"},"canonical":"https:\/\/www.striped-giraffe.com\/de\/teaserboxen\/","og_locale":"de_DE","og_type":"article","og_title":"Teaserboxen","og_description":"[vc_row css=&#8220;.vc_custom_1610554948549{margin-top: 100px !important;}&#8220;][vc_column width=&#8220;1\/3&#8243;][\/vc_column][vc_column width=&#8220;1\/3&#8243;][\/vc_column][vc_column width=&#8220;1\/3&#8243;][\/vc_column][\/vc_row][vc_row css=&#8220;.vc_custom_1610526768229{margin-top: 200px !important;}&#8220;][vc_column][vc_empty_space height=&#8220;150&#8243;][\/vc_column][\/vc_row][vc_row][vc_column][vc_column_text] Ganz toll! Die folgenden Boxen laufen \u00fcber die komplette [&hellip;]","og_url":"https:\/\/www.striped-giraffe.com\/de\/teaserboxen\/","og_site_name":"Striped Giraffe","article_modified_time":"2021-01-13T16:29:08+00:00","twitter_card":"summary_large_image","twitter_misc":{"Gesch\u00e4tzte Lesezeit":"5\u00a0Minuten"},"schema":{"@context":"https:\/\/schema.org","@graph":[{"@type":"WebPage","@id":"https:\/\/www.striped-giraffe.com\/de\/teaserboxen\/","url":"https:\/\/www.striped-giraffe.com\/de\/teaserboxen\/","name":"Teaserboxen - Striped Giraffe","isPartOf":{"@id":"https:\/\/www.striped-giraffe.com\/de\/#website"},"datePublished":"2021-01-13T08:32:09+00:00","dateModified":"2021-01-13T16:29:08+00:00","inLanguage":"de","potentialAction":[{"@type":"ReadAction","target":["https:\/\/www.striped-giraffe.com\/de\/teaserboxen\/"]}]},{"@type":"WebSite","@id":"https:\/\/www.striped-giraffe.com\/de\/#website","url":"https:\/\/www.striped-giraffe.com\/de\/","name":"Striped Giraffe","description":"Ihr zuverl\u00e4ssiger Anbieter f\u00fcr digitale Enterprise-L\u00f6sungen","publisher":{"@id":"https:\/\/www.striped-giraffe.com\/de\/#organization"},"potentialAction":[{"@type":"SearchAction","target":{"@type":"EntryPoint","urlTemplate":"https:\/\/www.striped-giraffe.com\/de\/?s={search_term_string}"},"query-input":"required name=search_term_string"}],"inLanguage":"de"},{"@type":"Organization","@id":"https:\/\/www.striped-giraffe.com\/de\/#organization","name":"Striped Giraffe","url":"https:\/\/www.striped-giraffe.com\/de\/","logo":{"@type":"ImageObject","inLanguage":"de","@id":"https:\/\/www.striped-giraffe.com\/de\/#\/schema\/logo\/image\/","url":"https:\/\/www.striped-giraffe.com\/wp-content\/uploads\/2021\/01\/giraffe_white.svg","contentUrl":"https:\/\/www.striped-giraffe.com\/wp-content\/uploads\/2021\/01\/giraffe_white.svg","caption":"Striped Giraffe"},"image":{"@id":"https:\/\/www.striped-giraffe.com\/de\/#\/schema\/logo\/image\/"}}]}},"_links":{"self":[{"href":"https:\/\/www.striped-giraffe.com\/de\/wp-json\/wp\/v2\/pages\/1598"}],"collection":[{"href":"https:\/\/www.striped-giraffe.com\/de\/wp-json\/wp\/v2\/pages"}],"about":[{"href":"https:\/\/www.striped-giraffe.com\/de\/wp-json\/wp\/v2\/types\/page"}],"author":[{"embeddable":true,"href":"https:\/\/www.striped-giraffe.com\/de\/wp-json\/wp\/v2\/users\/1"}],"replies":[{"embeddable":true,"href":"https:\/\/www.striped-giraffe.com\/de\/wp-json\/wp\/v2\/comments?post=1598"}],"version-history":[{"count":17,"href":"https:\/\/www.striped-giraffe.com\/de\/wp-json\/wp\/v2\/pages\/1598\/revisions"}],"predecessor-version":[{"id":1731,"href":"https:\/\/www.striped-giraffe.com\/de\/wp-json\/wp\/v2\/pages\/1598\/revisions\/1731"}],"wp:attachment":[{"href":"https:\/\/www.striped-giraffe.com\/de\/wp-json\/wp\/v2\/media?parent=1598"}],"curies":[{"name":"wp","href":"https:\/\/api.w.org\/{rel}","templated":true}]}}