{"id":19241,"date":"2021-01-14T08:20:50","date_gmt":"2021-01-14T07:20:50","guid":{"rendered":"https:\/\/relaunch.striped-giraffe.com\/leistungen-copy\/"},"modified":"2025-11-10T14:36:23","modified_gmt":"2025-11-10T13:36:23","slug":"expertise","status":"publish","type":"page","link":"https:\/\/www.striped-giraffe.com\/de\/expertise\/","title":{"rendered":"Expertise"},"content":{"rendered":"<section class=\"wpb-content-wrapper\"><p>[vc_row css=&#8220;.vc_custom_1611216341144{margin-top: 0px !important;margin-bottom: 100px !important;}&#8220;][vc_column width=&#8220;1\/3&#8243;][vc_column_text css=&#8220;.vc_custom_1611159148221{padding-right: 35px !important;}&#8220;]<\/p>\n<h2 class=\"headline_superbig\">Unsere<br \/>\nExpertise<br \/>\nf\u00fcr Ihren Erfolg<\/h2>\n<p>Unser professionelles Team verf\u00fcgt \u00fcber jahrzehntelange Erfahrung in den wichtigsten digitalen Themen.[\/vc_column_text][vc_empty_space][\/vc_column][vc_column width=&#8220;2\/3&#8243;][vc_row_inner][vc_column_inner width=&#8220;1\/2&#8243;]<div id='' class='teaserbox  nooverlay'><div class='teaserbox_inner'><div class='teaserheadline'><h2 style='color:#ffffff;font-family:DinWebPro Bold;'>E-Commerce<\/h2><h3 style='color:#ffffff;'>B2B- und B2C-Commerce-Projekte<\/h3><\/div><div class='teaserlink'><a href='https:\/\/www.striped-giraffe.com\/de\/expertise\/e-commerce\/' style='color:#ffffff;'>Mehr Details<\/a><\/div><div class='wpb_single_image desktop_only'><img src='https:\/\/www.striped-giraffe.com\/wp-content\/uploads\/2025\/11\/Teaser_E-Commerce.jpg' \/><\/div><div class='wpb_single_image mobile_only'><img src='https:\/\/www.striped-giraffe.com\/wp-content\/uploads\/2025\/11\/Teaser_E-Commerce-600x700.jpg' \/><\/div><\/div><\/div>[\/vc_column_inner][vc_column_inner width=&#8220;1\/2&#8243;]<div id='' class='teaserbox  nooverlay'><div class='teaserbox_inner'><div class='teaserheadline'><h2 style='color:#ffffff;font-family:DinWebPro Bold;'>Datenmanagement<\/h2><h3 style='color:#ffffff;'>MDM, KI, DWH, DQ, Governance &amp; mehr<\/h3><\/div><div class='teaserlink'><a href='https:\/\/www.striped-giraffe.com\/de\/expertise\/datenmanagement\/' style='color:#ffffff;'>Mehr Details<\/a><\/div><div class='wpb_single_image desktop_only'><img src='https:\/\/www.striped-giraffe.com\/wp-content\/uploads\/2025\/11\/Teaser_Data_Management.jpg' \/><\/div><div class='wpb_single_image mobile_only'><img src='https:\/\/www.striped-giraffe.com\/wp-content\/uploads\/2025\/11\/Teaser_Data_Management-600x700.jpg' \/><\/div><\/div><\/div>[\/vc_column_inner][\/vc_row_inner][vc_row_inner][vc_column_inner width=&#8220;1\/2&#8243;]<div id='' class='teaserbox  nooverlay'><div class='teaserbox_inner'><div class='teaserheadline'><h2 style='color:#000000;font-family:DinWebPro Bold;'>IT-Architektur<\/h2><h3 style='color:#000000;'>Cloud, SOA &amp; Microservices, Systemintegration &amp; mehr<\/h3><\/div><div class='teaserlink'><a href='https:\/\/www.striped-giraffe.com\/de\/expertise\/it-architektur\/' style='color:#000000;'>MEHR DETAILS<\/a><\/div><div class='wpb_single_image desktop_only'><img src='https:\/\/www.striped-giraffe.com\/wp-content\/uploads\/2025\/11\/Teaser_IT-Architecture-1.jpg' \/><\/div><div class='wpb_single_image mobile_only'><img src='https:\/\/www.striped-giraffe.com\/wp-content\/uploads\/2025\/11\/Teaser_IT-Architecture-1-600x700.jpg' \/><\/div><\/div><\/div>[\/vc_column_inner][vc_column_inner width=&#8220;1\/2&#8243;]<div id='' class='teaserbox  nooverlay'><div class='teaserbox_inner'><div class='teaserheadline'><h2 style='color:#ffffff;font-family:DinWebPro Bold;'>Low-Code<\/h2><h3 style='color:#ffffff;'>Einfach, skalierbar, effizient, reduzierte Programmierung<\/h3><\/div><div class='teaserlink'><a href='https:\/\/www.striped-giraffe.com\/de\/expertise\/low-code\/' style='color:#ffffff;'>MEHR DETAILS<\/a><\/div><div class='wpb_single_image desktop_only'><img src='https:\/\/www.striped-giraffe.com\/wp-content\/uploads\/2025\/02\/Teaser_Expertise_Low-Code.jpg' \/><\/div><div class='wpb_single_image mobile_only'><img src='https:\/\/www.striped-giraffe.com\/wp-content\/uploads\/2025\/02\/Teaser_Expertise_Low-Code-600x700.jpg' \/><\/div><\/div><\/div>[\/vc_column_inner][\/vc_row_inner][\/vc_column][\/vc_row][vc_row gap=&#8220;35&#8243; css=&#8220;.vc_custom_1610610529030{margin-bottom: 100px !important;border-top-width: 100px !important;}&#8220;][vc_column width=&#8220;1\/3&#8243;][\/vc_column][vc_column width=&#8220;2\/3&#8243;][vc_column_text]<\/p>\n<h2 class=\"headline_introduction\">Wir vereinen unterschiedliche Experten auf ihrem Gebiet<\/h2>\n<p>Seit \u00fcber <span style=\"color: #000000;\">10 <\/span><span style=\"color: #ef6c00;\"><span style=\"color: #000000;\">Jahren<\/span> <\/span>entwickeln wir branchen\u00fcbergreifend Best-in-Class-L\u00f6sungen f\u00fcr <a href=\"https:\/\/www.striped-giraffe.com\/de\/expertise\/e-commerce\/\">E-Commerce,<\/a>\u00a0 <a href=\"https:\/\/www.striped-giraffe.com\/de\/expertise\/datenmanagement\/\">Datenmanagement<\/a> und andere spannende Themen in der digitalen Welt.<\/p>\n<p>Dabei machen wir uns Ihr Ziel zu eigen und finden den effizientesten Weg, alle Ihre digitalen Herausforderungen als Full-Service-Partner oder f\u00fcr einzelne Projekte zu l\u00f6sen.<\/p>\n<p>Selbstverst\u00e4ndlich erweitern wir unsere Expertise permanent um neue Ans\u00e4tze, Technologien und Verfahren. St\u00f6bern Sie gerne dazu auf unserer Website oder kontaktieren Sie uns direkt unter\u00a0<a href=\"mailto:experts@striped-giraffe.com\">experts@striped-giraffe.com<\/a>.[\/vc_column_text][\/vc_column][\/vc_row][vc_row css=&#8220;.vc_custom_1717599151663{margin-top: 100px !important;}&#8220;][vc_column width=&#8220;1\/3&#8243;][vc_column_text css=&#8220;.vc_custom_1610949758644{padding-right: 35px !important;}&#8220;]<\/p>\n<h2 class=\"headline_superbig\">FULL-SERVICE FOR YOUR DIGITAL CHALLENGE<\/h2>\n<p>Ganz egal, welche digitale Herausforderung Sie meistern m\u00fcssen, wir unterst\u00fctzen Sie dabei. Mit den unterschiedlichen Spezialisten in unserem Team und unserem Experten-Netzwerk finden wir f\u00fcr jedes Problem die passende L\u00f6sung.[\/vc_column_text][vc_empty_space][\/vc_column][vc_column width=&#8220;1\/3&#8243;]<div class=\"templatera_shortcode\"><div class=\"vc_row wpb_row vc_row-fluid\"><div class=\"wpb_column vc_column_container vc_col-sm-12\"><div class=\"vc_column-inner\"><div class=\"wpb_wrapper\"><div id='' class='teaserbox  overlay'><div class='teaserbox_inner'><div class='teaserheadline'><h2 style='color:#ffffff;font-family:DinWebPro Bold;'>IT-Beratung<\/h2><h3 style='color:#ffffff;'>Frische Ideen und fundiertes Knowhow fu\u0308r Ihr Business<\/h3><\/div><div class='teasertext'><div class='wpb_wrapper'>Herausfordernde Zeit verlangen ad\u00e4quate und m\u00f6glichst flexible L\u00f6sungen. Die Bandbreite ist riesig. F\u00fcr jedes Unternehmen und jedes Problem l\u00e4sst sich die passende L\u00f6sung finden oder entwickeln.<\/div><\/div><div class='teaserlink'><a href='https:\/\/www.striped-giraffe.com\/de\/leistungen\/it-beratung\/' style='color:#ffffff;'>IT-Beratung<\/a><\/div><div class='wpb_single_image desktop_only'><img src='https:\/\/www.striped-giraffe.com\/wp-content\/uploads\/2021\/01\/Teaser_IT_Consulting.jpg' \/><\/div><div class='wpb_single_image mobile_only'><img src='https:\/\/www.striped-giraffe.com\/wp-content\/uploads\/2021\/01\/Teaser_IT_Consulting-600x700.jpg' \/><\/div><\/div><\/div><\/div><\/div><\/div><\/div><\/div>[\/vc_column][vc_column width=&#8220;1\/3&#8243;]<div class=\"templatera_shortcode\"><div class=\"vc_row wpb_row vc_row-fluid\"><div class=\"wpb_column vc_column_container vc_col-sm-12\"><div class=\"vc_column-inner\"><div class=\"wpb_wrapper\"><div id='' class='teaserbox  overlay'><div class='teaserbox_inner'><div class='teaserheadline'><h2 style='color:#ffffff;font-family:DinWebPro Bold;'>PROJEKT MANAGEMENT<\/h2><h3 style='color:#ffffff;'>Digitale L\u00f6sungen, die alle Anforderungen erf\u00fcllen<\/h3><\/div><div class='teasertext'><div class='wpb_wrapper'>Unsere Projektmanager stehen f\u00fcr die optimale Erf\u00fcllung der Anforderungen aus den Bereichen Business, Anwender und Technologie.<\/div><\/div><div class='teaserlink'><a href='https:\/\/www.striped-giraffe.com\/leistungen\/projektmanagement\/' style='color:#ffffff;'>Projektmanagement<\/a><\/div><div class='wpb_single_image desktop_only'><img src='https:\/\/www.striped-giraffe.com\/wp-content\/uploads\/2021\/01\/Projectmanagement_Teaser-600x960.jpg' \/><\/div><div class='wpb_single_image mobile_only'><img src='https:\/\/www.striped-giraffe.com\/wp-content\/uploads\/2021\/01\/Projectmanagement_Teaser-600x700.jpg' \/><\/div><\/div><\/div><\/div><\/div><\/div><\/div><\/div>[\/vc_column][\/vc_row][vc_row css=&#8220;.vc_custom_1717599653687{margin-bottom: 150px !important;}&#8220;][vc_column width=&#8220;1\/3&#8243;]<div class=\"templatera_shortcode\"><div class=\"vc_row wpb_row vc_row-fluid\"><div class=\"wpb_column vc_column_container vc_col-sm-12\"><div class=\"vc_column-inner\"><div class=\"wpb_wrapper\"><div id='' class='teaserbox  overlay'><div class='teaserbox_inner'><div class='teaserheadline'><h2 style='color:#ffffff;font-family:DinWebPro Bold;'>UX\/UI<\/h2><h3 style='color:#ffffff;'>Wir kreieren Erlebniswelten, die Kunden begeistern<\/h3><\/div><div class='teasertext'><div class='wpb_wrapper'>Wir stellen den Nutzer in den Fokus, um ein atemberaubendes Kundenerlebnis zu gestalten.<\/div><\/div><div class='teaserlink'><a href='https:\/\/www.striped-giraffe.com\/leistungen\/ux-ui\/' style='color:#ffffff;'>UX\/UI<\/a><\/div><div class='wpb_single_image desktop_only'><img src='https:\/\/www.striped-giraffe.com\/wp-content\/uploads\/2021\/01\/UX_UI_Teaser-2-600x960.jpg' \/><\/div><div class='wpb_single_image mobile_only'><img src='https:\/\/www.striped-giraffe.com\/wp-content\/uploads\/2021\/01\/UX_UI_Teaser-2-600x700.jpg' \/><\/div><\/div><\/div><\/div><\/div><\/div><\/div><\/div>[\/vc_column][vc_column width=&#8220;1\/3&#8243;]<div class=\"templatera_shortcode\"><div class=\"vc_row wpb_row vc_row-fluid\"><div class=\"wpb_column vc_column_container vc_col-sm-12\"><div class=\"vc_column-inner\"><div class=\"wpb_wrapper\"><div id='' class='teaserbox  overlay'><div class='teaserbox_inner'><div class='teaserheadline'><h2 style='color:#000000;font-family:DinWebPro Bold;'>Entwicklung<\/h2><h3 style='color:#000000;'>Wir entwickeln zukunftsorientierte L\u00f6sungen<\/h3><\/div><div class='teasertext'><div class='wpb_wrapper'>Wir stellen komplette Entwicklungsteams in Eigenverantwortung oder erg\u00e4nzen bestehende Teams mit unserer Expertise.<\/div><\/div><div class='teaserlink'><a href='https:\/\/www.striped-giraffe.com\/de\/leistungen\/entwicklung\/' style='color:#ffffff;'>Entwicklung<\/a><\/div><div class='wpb_single_image desktop_only'><img src='https:\/\/www.striped-giraffe.com\/wp-content\/uploads\/2021\/01\/Teaser_Development.jpg' \/><\/div><div class='wpb_single_image mobile_only'><img src='https:\/\/www.striped-giraffe.com\/wp-content\/uploads\/2021\/01\/Teaser_Development-600x700.jpg' \/><\/div><\/div><\/div><\/div><\/div><\/div><\/div><\/div>[\/vc_column][vc_column width=&#8220;1\/3&#8243;]<div class=\"templatera_shortcode\"><div class=\"vc_row wpb_row vc_row-fluid\"><div class=\"wpb_column vc_column_container vc_col-sm-12\"><div class=\"vc_column-inner\"><div class=\"wpb_wrapper\"><div id='' class='teaserbox  overlay'><div class='teaserbox_inner'><div class='teaserheadline'><h2 style='color:#ffffff;font-family:DinWebPro Bold;'>Qualit\u00e4tssicherung<\/h2><h3 style='color:#ffffff;'>Gew\u00e4hrleistung Ihrer Softwarequalit\u00e4t<\/h3><\/div><div class='teasertext'><div class='wpb_wrapper'>Unser Testing-Angebot gew\u00e4hrleistet eine erstklassige Qualit\u00e4tssicherung, die den Erfolg Ihrer Produkte f\u00f6rdert und ihren Wert steigert.<\/div><\/div><div class='teaserlink'><a href='https:\/\/www.striped-giraffe.com\/de\/leistungen\/qualitaetssicherung\/' style='color:#ffffff;'>Entwicklung<\/a><\/div><div class='wpb_single_image desktop_only'><img src='https:\/\/www.striped-giraffe.com\/wp-content\/uploads\/2024\/05\/Teaser_QA.jpg' \/><\/div><div class='wpb_single_image mobile_only'><img src='https:\/\/www.striped-giraffe.com\/wp-content\/uploads\/2024\/05\/Teaser_QA-600x700.jpg' \/><\/div><\/div><\/div><\/div><\/div><\/div><\/div><\/div>[\/vc_column][\/vc_row][vc_row full_width=&#8220;stretch_row&#8220; css=&#8220;.vc_custom_1705587310854{margin-bottom: 50px !important;}&#8220;][vc_column][vc_row_inner][vc_column_inner width=&#8220;1\/3&#8243;][vc_column_text]<\/p>\n<h2 class=\"headline_superbig\">Let&#8217;s talk<\/h2>\n<p>[\/vc_column_text][\/vc_column_inner][vc_column_inner width=&#8220;2\/3&#8243;][vc_column_text]<\/p>\n<h3>Brauchen Sie ein <strong>konkretes Angebot<\/strong> oder suchen Sie einen <strong>Sparringspartner<\/strong>, mit dem sie Ideen diskutieren und entwickeln k\u00f6nnen?<\/h3>\n<h3>Dann melden Sie sich:<\/h3>\n<ul>\n<li><a href=\"mailto:experts@striped-giraffe.com\">experts@striped-giraffe.com<\/a><\/li>\n<li><span style=\"color: #ef6c00;\">+49 (0)89-416 126-667<\/span><\/li>\n<\/ul>\n<p>[\/vc_column_text]<a class=\"calendly\" href=\"\" onclick=\"Calendly.initPopupWidget({url: 'https:\/\/calendly.com\/striped-giraffe\/30min'});return false;\">Termin vereinbaren<\/a>[vc_column_text css=&#8220;.vc_custom_1705936147633{margin-top: 32px !important;}&#8220;]<\/p>\n<h3>Wir unterst\u00fctzen Sie gerne.<\/h3>\n<p>[\/vc_column_text][\/vc_column_inner][\/vc_row_inner][\/vc_column][\/vc_row][vc_row full_width=&#8220;stretch_row&#8220; css=&#8220;.vc_custom_1725457970173{margin-bottom: 0px !important;padding-top: 100px !important;padding-bottom: 100px !important;background-color: #000000 !important;}&#8220; el_id=&#8220;downloadsection&#8220;][vc_column el_class=&#8220;footerform&#8220;][vc_column_text]<\/p>\n<h3 style=\"text-align: center;\"><span style=\"color: #ef6c00;\">Newsletter-Anmeldung<\/span><\/h3>\n<h2 class=\"headline_superbig\" style=\"color: #fff; text-align: center;\">Nichts mehr verpassen!<\/h2>\n<p>[\/vc_column_text][vc_empty_space][vc_row_inner el_id=&#8220;wpcf7_form&#8220;][vc_column_inner][vc_column_text el_id=&#8220;acnews&#8220;]<div class='_form_142'><\/div><script type='text\/javascript' src='https:\/\/striped-giraffe.activehosted.com\/f\/embed.php?static=0&id=142&69F70D96C30F5&nostyles=0&preview=0'><\/script>[\/vc_column_text][\/vc_column_inner][\/vc_row_inner][\/vc_column][\/vc_row]<\/p>\n<\/section>","protected":false},"excerpt":{"rendered":"Unsere Expertise f\u00fcr Ihren Erfolg Unser professionelles Team verf\u00fcgt \u00fcber jahrzehntelange Erfahrung in den wichtigsten digitalen Themen. E-CommerceB2B- und B2C-Commerce-ProjekteMehr [...]","protected":false},"author":1,"featured_media":0,"parent":0,"menu_order":0,"comment_status":"closed","ping_status":"closed","template":"","meta":{"footnotes":""},"acf":[],"yoast_head":"<!-- This site is optimized with the Yoast SEO Premium plugin v20.5 (Yoast SEO v20.5) - https:\/\/yoast.com\/wordpress\/plugins\/seo\/ -->\n<title>Expertise - Striped Giraffe<\/title>\n<meta name=\"robots\" content=\"index, follow, max-snippet:-1, max-image-preview:large, max-video-preview:-1\" \/>\n<link rel=\"canonical\" href=\"https:\/\/www.striped-giraffe.com\/de\/expertise\/\" \/>\n<meta property=\"og:locale\" content=\"de_DE\" \/>\n<meta property=\"og:type\" content=\"article\" \/>\n<meta property=\"og:title\" content=\"Expertise\" \/>\n<meta property=\"og:url\" content=\"https:\/\/www.striped-giraffe.com\/de\/expertise\/\" \/>\n<meta property=\"og:site_name\" content=\"Striped Giraffe\" \/>\n<meta property=\"article:modified_time\" content=\"2025-11-10T13:36:23+00:00\" \/>\n<meta name=\"twitter:card\" content=\"summary_large_image\" \/>\n<meta name=\"twitter:label1\" content=\"Gesch\u00e4tzte Lesezeit\" \/>\n\t<meta name=\"twitter:data1\" content=\"2\u00a0Minuten\" \/>\n<script type=\"application\/ld+json\" class=\"yoast-schema-graph\">{\"@context\":\"https:\/\/schema.org\",\"@graph\":[{\"@type\":\"WebPage\",\"@id\":\"https:\/\/www.striped-giraffe.com\/de\/expertise\/\",\"url\":\"https:\/\/www.striped-giraffe.com\/de\/expertise\/\",\"name\":\"Expertise - Striped Giraffe\",\"isPartOf\":{\"@id\":\"https:\/\/www.striped-giraffe.com\/de\/#website\"},\"datePublished\":\"2021-01-14T07:20:50+00:00\",\"dateModified\":\"2025-11-10T13:36:23+00:00\",\"inLanguage\":\"de\",\"potentialAction\":[{\"@type\":\"ReadAction\",\"target\":[\"https:\/\/www.striped-giraffe.com\/de\/expertise\/\"]}]},{\"@type\":\"WebSite\",\"@id\":\"https:\/\/www.striped-giraffe.com\/de\/#website\",\"url\":\"https:\/\/www.striped-giraffe.com\/de\/\",\"name\":\"Striped Giraffe\",\"description\":\"Ihr zuverl\u00e4ssiger Anbieter f\u00fcr digitale Enterprise-L\u00f6sungen\",\"publisher\":{\"@id\":\"https:\/\/www.striped-giraffe.com\/de\/#organization\"},\"potentialAction\":[{\"@type\":\"SearchAction\",\"target\":{\"@type\":\"EntryPoint\",\"urlTemplate\":\"https:\/\/www.striped-giraffe.com\/de\/?s={search_term_string}\"},\"query-input\":\"required name=search_term_string\"}],\"inLanguage\":\"de\"},{\"@type\":\"Organization\",\"@id\":\"https:\/\/www.striped-giraffe.com\/de\/#organization\",\"name\":\"Striped Giraffe\",\"url\":\"https:\/\/www.striped-giraffe.com\/de\/\",\"logo\":{\"@type\":\"ImageObject\",\"inLanguage\":\"de\",\"@id\":\"https:\/\/www.striped-giraffe.com\/de\/#\/schema\/logo\/image\/\",\"url\":\"https:\/\/www.striped-giraffe.com\/wp-content\/uploads\/2021\/01\/giraffe_white.svg\",\"contentUrl\":\"https:\/\/www.striped-giraffe.com\/wp-content\/uploads\/2021\/01\/giraffe_white.svg\",\"caption\":\"Striped Giraffe\"},\"image\":{\"@id\":\"https:\/\/www.striped-giraffe.com\/de\/#\/schema\/logo\/image\/\"}}]}<\/script>\n<!-- \/ Yoast SEO Premium plugin. -->","yoast_head_json":{"title":"Expertise - Striped Giraffe","robots":{"index":"index","follow":"follow","max-snippet":"max-snippet:-1","max-image-preview":"max-image-preview:large","max-video-preview":"max-video-preview:-1"},"canonical":"https:\/\/www.striped-giraffe.com\/de\/expertise\/","og_locale":"de_DE","og_type":"article","og_title":"Expertise","og_url":"https:\/\/www.striped-giraffe.com\/de\/expertise\/","og_site_name":"Striped Giraffe","article_modified_time":"2025-11-10T13:36:23+00:00","twitter_card":"summary_large_image","twitter_misc":{"Gesch\u00e4tzte Lesezeit":"2\u00a0Minuten"},"schema":{"@context":"https:\/\/schema.org","@graph":[{"@type":"WebPage","@id":"https:\/\/www.striped-giraffe.com\/de\/expertise\/","url":"https:\/\/www.striped-giraffe.com\/de\/expertise\/","name":"Expertise - Striped Giraffe","isPartOf":{"@id":"https:\/\/www.striped-giraffe.com\/de\/#website"},"datePublished":"2021-01-14T07:20:50+00:00","dateModified":"2025-11-10T13:36:23+00:00","inLanguage":"de","potentialAction":[{"@type":"ReadAction","target":["https:\/\/www.striped-giraffe.com\/de\/expertise\/"]}]},{"@type":"WebSite","@id":"https:\/\/www.striped-giraffe.com\/de\/#website","url":"https:\/\/www.striped-giraffe.com\/de\/","name":"Striped Giraffe","description":"Ihr zuverl\u00e4ssiger Anbieter f\u00fcr digitale Enterprise-L\u00f6sungen","publisher":{"@id":"https:\/\/www.striped-giraffe.com\/de\/#organization"},"potentialAction":[{"@type":"SearchAction","target":{"@type":"EntryPoint","urlTemplate":"https:\/\/www.striped-giraffe.com\/de\/?s={search_term_string}"},"query-input":"required name=search_term_string"}],"inLanguage":"de"},{"@type":"Organization","@id":"https:\/\/www.striped-giraffe.com\/de\/#organization","name":"Striped Giraffe","url":"https:\/\/www.striped-giraffe.com\/de\/","logo":{"@type":"ImageObject","inLanguage":"de","@id":"https:\/\/www.striped-giraffe.com\/de\/#\/schema\/logo\/image\/","url":"https:\/\/www.striped-giraffe.com\/wp-content\/uploads\/2021\/01\/giraffe_white.svg","contentUrl":"https:\/\/www.striped-giraffe.com\/wp-content\/uploads\/2021\/01\/giraffe_white.svg","caption":"Striped Giraffe"},"image":{"@id":"https:\/\/www.striped-giraffe.com\/de\/#\/schema\/logo\/image\/"}}]}},"_links":{"self":[{"href":"https:\/\/www.striped-giraffe.com\/de\/wp-json\/wp\/v2\/pages\/19241"}],"collection":[{"href":"https:\/\/www.striped-giraffe.com\/de\/wp-json\/wp\/v2\/pages"}],"about":[{"href":"https:\/\/www.striped-giraffe.com\/de\/wp-json\/wp\/v2\/types\/page"}],"author":[{"embeddable":true,"href":"https:\/\/www.striped-giraffe.com\/de\/wp-json\/wp\/v2\/users\/1"}],"replies":[{"embeddable":true,"href":"https:\/\/www.striped-giraffe.com\/de\/wp-json\/wp\/v2\/comments?post=19241"}],"version-history":[{"count":44,"href":"https:\/\/www.striped-giraffe.com\/de\/wp-json\/wp\/v2\/pages\/19241\/revisions"}],"predecessor-version":[{"id":41728,"href":"https:\/\/www.striped-giraffe.com\/de\/wp-json\/wp\/v2\/pages\/19241\/revisions\/41728"}],"wp:attachment":[{"href":"https:\/\/www.striped-giraffe.com\/de\/wp-json\/wp\/v2\/media?parent=19241"}],"curies":[{"name":"wp","href":"https:\/\/api.w.org\/{rel}","templated":true}]}}