{"id":19687,"date":"2021-01-15T11:56:46","date_gmt":"2021-01-15T10:56:46","guid":{"rendered":"https:\/\/relaunch.striped-giraffe.com\/datenmanagement\/cloud-copy\/"},"modified":"2024-01-25T11:53:49","modified_gmt":"2024-01-25T10:53:49","slug":"bigdata","status":"publish","type":"page","link":"https:\/\/www.striped-giraffe.com\/de\/expertise\/datenmanagement\/bigdata\/","title":{"rendered":"Big Data"},"content":{"rendered":"<section class=\"wpb-content-wrapper\"><p>[vc_row full_width=&#8220;stretch_row&#8220; full_height=&#8220;yes&#8220; bg_type=&#8220;image&#8220; parallax_style=&#8220;vcpb-default&#8220; bg_image_new=&#8220;id^21124|url^https:\/\/www.striped-giraffe.com\/wp-content\/uploads\/2021\/01\/Big_Data_Header-1.jpg|caption^Muscled male model showing his back|alt^null|title^Male back|description^null&#8220; css=&#8220;.vc_custom_1611144768611{margin-top: 0px !important;padding-top: 100px !important;background-position: center !important;background-repeat: no-repeat !important;background-size: cover !important;}&#8220;][vc_column css_animation=&#8220;slideInUp&#8220;][vc_column_text]<\/p>\n<h1 style=\"text-align: center;\"><span style=\"color: #ffffff;\">Big <\/span><span style=\"color: #ffffff;\">Data<\/span><\/h1>\n<p>[\/vc_column_text][\/vc_column][\/vc_row][vc_row el_class=&#8220;closetotop&#8220; css=&#8220;.vc_custom_1609844996078{padding-top: 50px !important;background-color: #ffffff !important;}&#8220;][vc_column][vc_column_text]<\/p>\n<h2 class=\"headline_introduction\" style=\"text-align: center;\">Wer in der Lage ist, die immer gr\u00f6\u00dfer werdende Datenflut zu \u00fcberblicken, zu verarbeiten und schlie\u00dflich zu analysieren, kann daraus immense Wettbewerbsvorteile ziehen.<\/h2>\n<p>[\/vc_column_text][vc_separator color=&#8220;black&#8220; border_width=&#8220;5&#8243; el_width=&#8220;10&#8243; css=&#8220;.vc_custom_1609845029454{margin-top: 50px !important;}&#8220;][\/vc_column][\/vc_row][vc_row gap=&#8220;35&#8243; css=&#8220;.vc_custom_1706179974802{margin-top: 50px !important;margin-bottom: 50px !important;}&#8220;][vc_column width=&#8220;1\/3&#8243;][vc_column_text]<\/p>\n<h2 class=\"headline_superbig\">Unsere Erfahrung<\/h2>\n<p>[\/vc_column_text][\/vc_column][vc_column width=&#8220;2\/3&#8243;][vc_column_text]Mit unserer langj\u00e4hrige Erfahrung im Bereich Big Data Analytics und unterst\u00fctzen wir unsere Kunden bei:<\/p>\n<ul>\n<li>der Auswahl der richtigen Technologien<\/li>\n<li>der effizienten Speicherung und Organisation von Daten<\/li>\n<li>der Einf\u00fchrung effizienter Data Analytics-Methoden<\/li>\n<\/ul>\n<p>Wurde Big Data anf\u00e4nglich als Hype und Sammelbegriff f\u00fcr moderne digitale Technologien wahrgenommen, bezeichnet der Begriff heute zwei unterschiedliche Aspekte: Zum einen immer gr\u00f6\u00dfer werdende Datenmengen, zum anderen moderne und leistungsstarke IT-L\u00f6sungen zur effizienten Verarbeitung dieser immensen Datenmenge.[\/vc_column_text][\/vc_column][\/vc_row][vc_row gap=&#8220;35&#8243; css=&#8220;.vc_custom_1706180014051{margin-bottom: 100px !important;}&#8220;][vc_column width=&#8220;1\/3&#8243;][vc_column_text]<\/p>\n<h2 class=\"headline_superbig\">Viele Vorteile<\/h2>\n<p>[\/vc_column_text][\/vc_column][vc_column width=&#8220;2\/3&#8243;][vc_column_text]Wer in der Lage ist, die immer gr\u00f6\u00dfer werdende Datenflut zu \u00fcberblicken, zu verarbeiten und schlie\u00dflich zu analysieren, kann daraus immense Wettbewerbsvorteile ziehen. Unternehmen erhalten durch die Analyse der Daten ganz neue Einblicke beispielsweise in die Interessen und das Kaufverhalten von Kunden, in die Nutzung der eigenen Produkte oder wichtige Parameter zur Wartung von Maschinen und Anlagen oder k\u00f6nnen sogar ganz neue Absatzm\u00f6glichkeiten aufbauen.[\/vc_column_text][\/vc_column][\/vc_row][vc_row full_width=&#8220;stretch_row&#8220; css=&#8220;.vc_custom_1705587310854{margin-bottom: 50px !important;}&#8220;][vc_column][vc_row_inner][vc_column_inner width=&#8220;1\/3&#8243;][vc_column_text]<\/p>\n<h2 class=\"headline_superbig\">Let&#8217;s talk<\/h2>\n<p>[\/vc_column_text][\/vc_column_inner][vc_column_inner width=&#8220;2\/3&#8243;][vc_column_text]<\/p>\n<h3>Brauchen Sie ein <strong>konkretes Angebot<\/strong> oder suchen Sie einen <strong>Sparringspartner<\/strong>, mit dem sie Ideen diskutieren und entwickeln k\u00f6nnen?<\/h3>\n<h3>Dann melden Sie sich:<\/h3>\n<ul>\n<li><a href=\"mailto:experts@striped-giraffe.com\">experts@striped-giraffe.com<\/a><\/li>\n<li><span style=\"color: #ef6c00;\">+49 (0)89-416 126-667<\/span><\/li>\n<\/ul>\n<p>[\/vc_column_text]<a class=\"calendly\" href=\"\" onclick=\"Calendly.initPopupWidget({url: 'https:\/\/calendly.com\/striped-giraffe\/30min'});return false;\">Termin vereinbaren<\/a>[vc_column_text css=&#8220;.vc_custom_1705936147633{margin-top: 32px !important;}&#8220;]<\/p>\n<h3>Wir unterst\u00fctzen Sie gerne.<\/h3>\n<p>[\/vc_column_text][\/vc_column_inner][\/vc_row_inner][\/vc_column][\/vc_row][vc_row full_width=&#8220;stretch_row&#8220; gap=&#8220;35&#8243; bg_type=&#8220;bg_color&#8220; css=&#8220;.vc_custom_1706115175275{margin-top: 50px !important;padding-top: 50px !important;padding-bottom: 50px !important;}&#8220; bg_color_value=&#8220;#000000&#8243;][vc_column width=&#8220;1\/3&#8243;][vc_column_text]<\/p>\n<h2 class=\"headline_superbig\"><span style=\"color: #ffffff;\">FULL-SERVICE FOR YOUR DIGITAL CHALLENGE<\/span><\/h2>\n<p><span style=\"color: #ffffff;\">Ganz egal, welche digitale Herausforderung Sie meistern m\u00fcssen, wir unterst\u00fctzen Sie dabei. Mit den unterschiedlichen Spezialisten in unserem Team und unserem Experten-Netzwerk finden wir f\u00fcr jedes Problem die passende L\u00f6sung.<\/span>[\/vc_column_text][\/vc_column][vc_column width=&#8220;2\/3&#8243;][vc_row_inner][vc_column_inner width=&#8220;1\/2&#8243;]<div class=\"templatera_shortcode\"><div class=\"vc_row wpb_row vc_row-fluid\"><div class=\"wpb_column vc_column_container vc_col-sm-12\"><div class=\"vc_column-inner\"><div class=\"wpb_wrapper\"><div id='' class='teaserbox  overlay'><div class='teaserbox_inner'><div class='teaserheadline'><h2 style='color:#ffffff;font-family:DinWebPro Bold;'>IT-Beratung<\/h2><h3 style='color:#ffffff;'>Frische Ideen und fundiertes Knowhow fu\u0308r Ihr Business<\/h3><\/div><div class='teasertext'><div class='wpb_wrapper'>Herausfordernde Zeit verlangen ad\u00e4quate und m\u00f6glichst flexible L\u00f6sungen. Die Bandbreite ist riesig. F\u00fcr jedes Unternehmen und jedes Problem l\u00e4sst sich die passende L\u00f6sung finden oder entwickeln.<\/div><\/div><div class='teaserlink'><a href='https:\/\/www.striped-giraffe.com\/de\/leistungen\/it-beratung\/' style='color:#ffffff;'>IT-Beratung<\/a><\/div><div class='wpb_single_image desktop_only'><img src='https:\/\/www.striped-giraffe.com\/wp-content\/uploads\/2021\/01\/Teaser_IT_Consulting.jpg' \/><\/div><div class='wpb_single_image mobile_only'><img src='https:\/\/www.striped-giraffe.com\/wp-content\/uploads\/2021\/01\/Teaser_IT_Consulting-600x700.jpg' \/><\/div><\/div><\/div><\/div><\/div><\/div><\/div><\/div>[\/vc_column_inner][vc_column_inner width=&#8220;1\/2&#8243;]<div class=\"templatera_shortcode\"><div class=\"vc_row wpb_row vc_row-fluid\"><div class=\"wpb_column vc_column_container vc_col-sm-12\"><div class=\"vc_column-inner\"><div class=\"wpb_wrapper\"><div id='' class='teaserbox  overlay'><div class='teaserbox_inner'><div class='teaserheadline'><h2 style='color:#ffffff;font-family:DinWebPro Bold;'>PROJEKT MANAGEMENT<\/h2><h3 style='color:#ffffff;'>Digitale L\u00f6sungen, die alle Anforderungen erf\u00fcllen<\/h3><\/div><div class='teasertext'><div class='wpb_wrapper'>Unsere Projektmanager stehen f\u00fcr die optimale Erf\u00fcllung der Anforderungen aus den Bereichen Business, Anwender und Technologie.<\/div><\/div><div class='teaserlink'><a href='https:\/\/www.striped-giraffe.com\/leistungen\/projektmanagement\/' style='color:#ffffff;'>Projektmanagement<\/a><\/div><div class='wpb_single_image desktop_only'><img src='https:\/\/www.striped-giraffe.com\/wp-content\/uploads\/2021\/01\/Projectmanagement_Teaser-600x960.jpg' \/><\/div><div class='wpb_single_image mobile_only'><img src='https:\/\/www.striped-giraffe.com\/wp-content\/uploads\/2021\/01\/Projectmanagement_Teaser-600x700.jpg' \/><\/div><\/div><\/div><\/div><\/div><\/div><\/div><\/div>[\/vc_column_inner][\/vc_row_inner][vc_row_inner][vc_column_inner width=&#8220;1\/2&#8243;]<div class=\"templatera_shortcode\"><div class=\"vc_row wpb_row vc_row-fluid\"><div class=\"wpb_column vc_column_container vc_col-sm-12\"><div class=\"vc_column-inner\"><div class=\"wpb_wrapper\"><div id='' class='teaserbox  overlay'><div class='teaserbox_inner'><div class='teaserheadline'><h2 style='color:#000000;font-family:DinWebPro Bold;'>Entwicklung<\/h2><h3 style='color:#000000;'>Wir entwickeln zukunftsorientierte L\u00f6sungen<\/h3><\/div><div class='teasertext'><div class='wpb_wrapper'>Wir stellen komplette Entwicklungsteams in Eigenverantwortung oder erg\u00e4nzen bestehende Teams mit unserer Expertise.<\/div><\/div><div class='teaserlink'><a href='https:\/\/www.striped-giraffe.com\/de\/leistungen\/entwicklung\/' style='color:#ffffff;'>Entwicklung<\/a><\/div><div class='wpb_single_image desktop_only'><img src='https:\/\/www.striped-giraffe.com\/wp-content\/uploads\/2021\/01\/Teaser_Development.jpg' \/><\/div><div class='wpb_single_image mobile_only'><img src='https:\/\/www.striped-giraffe.com\/wp-content\/uploads\/2021\/01\/Teaser_Development-600x700.jpg' \/><\/div><\/div><\/div><\/div><\/div><\/div><\/div><\/div>[\/vc_column_inner][vc_column_inner width=&#8220;1\/2&#8243;]<div class=\"templatera_shortcode\"><div class=\"vc_row wpb_row vc_row-fluid\"><div class=\"wpb_column vc_column_container vc_col-sm-12\"><div class=\"vc_column-inner\"><div class=\"wpb_wrapper\"><div id='' class='teaserbox  overlay'><div class='teaserbox_inner'><div class='teaserheadline'><h2 style='color:#ffffff;font-family:DinWebPro Bold;'>UX\/UI<\/h2><h3 style='color:#ffffff;'>Wir kreieren Erlebniswelten, die Kunden begeistern<\/h3><\/div><div class='teasertext'><div class='wpb_wrapper'>Wir stellen den Nutzer in den Fokus, um ein atemberaubendes Kundenerlebnis zu gestalten.<\/div><\/div><div class='teaserlink'><a href='https:\/\/www.striped-giraffe.com\/leistungen\/ux-ui\/' style='color:#ffffff;'>UX\/UI<\/a><\/div><div class='wpb_single_image desktop_only'><img src='https:\/\/www.striped-giraffe.com\/wp-content\/uploads\/2021\/01\/UX_UI_Teaser-2-600x960.jpg' \/><\/div><div class='wpb_single_image mobile_only'><img src='https:\/\/www.striped-giraffe.com\/wp-content\/uploads\/2021\/01\/UX_UI_Teaser-2-600x700.jpg' \/><\/div><\/div><\/div><\/div><\/div><\/div><\/div><\/div>[\/vc_column_inner][\/vc_row_inner][\/vc_column][\/vc_row]<\/p>\n<\/section>","protected":false},"excerpt":{"rendered":"Big Data Wer in der Lage ist, die immer gr\u00f6\u00dfer werdende Datenflut zu \u00fcberblicken, zu verarbeiten und schlie\u00dflich zu analysieren, [...]","protected":false},"author":1,"featured_media":0,"parent":1585,"menu_order":0,"comment_status":"closed","ping_status":"closed","template":"","meta":{"footnotes":""},"acf":[],"yoast_head":"<!-- This site is optimized with the Yoast SEO Premium plugin v20.5 (Yoast SEO v20.5) - https:\/\/yoast.com\/wordpress\/plugins\/seo\/ -->\n<title>Big Data - Striped Giraffe<\/title>\n<meta name=\"description\" content=\"Wer die immer gr\u00f6\u00dfer werdende Datenflut \u00fcberblickt, verarbeitet und schlie\u00dflich analysiert, kann daraus immense Wettbewerbsvorteile ziehen.\" \/>\n<meta name=\"robots\" content=\"index, follow, max-snippet:-1, max-image-preview:large, max-video-preview:-1\" \/>\n<link rel=\"canonical\" href=\"https:\/\/www.striped-giraffe.com\/de\/expertise\/datenmanagement\/bigdata\/\" \/>\n<meta property=\"og:locale\" content=\"de_DE\" \/>\n<meta property=\"og:type\" content=\"article\" \/>\n<meta property=\"og:title\" content=\"Big Data\" \/>\n<meta property=\"og:description\" content=\"Wer die immer gr\u00f6\u00dfer werdende Datenflut \u00fcberblickt, verarbeitet und schlie\u00dflich analysiert, kann daraus immense Wettbewerbsvorteile ziehen.\" \/>\n<meta property=\"og:url\" content=\"https:\/\/www.striped-giraffe.com\/de\/expertise\/datenmanagement\/bigdata\/\" \/>\n<meta property=\"og:site_name\" content=\"Striped Giraffe\" \/>\n<meta property=\"article:modified_time\" content=\"2024-01-25T10:53:49+00:00\" \/>\n<meta name=\"twitter:card\" content=\"summary_large_image\" \/>\n<meta name=\"twitter:label1\" content=\"Gesch\u00e4tzte Lesezeit\" \/>\n\t<meta name=\"twitter:data1\" content=\"2\u00a0Minuten\" \/>\n<script type=\"application\/ld+json\" class=\"yoast-schema-graph\">{\"@context\":\"https:\/\/schema.org\",\"@graph\":[{\"@type\":\"WebPage\",\"@id\":\"https:\/\/www.striped-giraffe.com\/de\/expertise\/datenmanagement\/bigdata\/\",\"url\":\"https:\/\/www.striped-giraffe.com\/de\/expertise\/datenmanagement\/bigdata\/\",\"name\":\"Big Data - Striped Giraffe\",\"isPartOf\":{\"@id\":\"https:\/\/www.striped-giraffe.com\/de\/#website\"},\"datePublished\":\"2021-01-15T10:56:46+00:00\",\"dateModified\":\"2024-01-25T10:53:49+00:00\",\"description\":\"Wer die immer gr\u00f6\u00dfer werdende Datenflut \u00fcberblickt, verarbeitet und schlie\u00dflich analysiert, kann daraus immense Wettbewerbsvorteile ziehen.\",\"breadcrumb\":{\"@id\":\"https:\/\/www.striped-giraffe.com\/de\/expertise\/datenmanagement\/bigdata\/#breadcrumb\"},\"inLanguage\":\"de\",\"potentialAction\":[{\"@type\":\"ReadAction\",\"target\":[\"https:\/\/www.striped-giraffe.com\/de\/expertise\/datenmanagement\/bigdata\/\"]}]},{\"@type\":\"BreadcrumbList\",\"@id\":\"https:\/\/www.striped-giraffe.com\/de\/expertise\/datenmanagement\/bigdata\/#breadcrumb\",\"itemListElement\":[{\"@type\":\"ListItem\",\"position\":1,\"name\":\"Expertise\",\"item\":\"https:\/\/www.striped-giraffe.com\/de\/expertise\/\"},{\"@type\":\"ListItem\",\"position\":2,\"name\":\"Datenmanagement\",\"item\":\"https:\/\/www.striped-giraffe.com\/de\/expertise\/datenmanagement\/\"},{\"@type\":\"ListItem\",\"position\":3,\"name\":\"Big Data\"}]},{\"@type\":\"WebSite\",\"@id\":\"https:\/\/www.striped-giraffe.com\/de\/#website\",\"url\":\"https:\/\/www.striped-giraffe.com\/de\/\",\"name\":\"Striped Giraffe\",\"description\":\"Ihr zuverl\u00e4ssiger Anbieter f\u00fcr digitale Enterprise-L\u00f6sungen\",\"publisher\":{\"@id\":\"https:\/\/www.striped-giraffe.com\/de\/#organization\"},\"potentialAction\":[{\"@type\":\"SearchAction\",\"target\":{\"@type\":\"EntryPoint\",\"urlTemplate\":\"https:\/\/www.striped-giraffe.com\/de\/?s={search_term_string}\"},\"query-input\":\"required name=search_term_string\"}],\"inLanguage\":\"de\"},{\"@type\":\"Organization\",\"@id\":\"https:\/\/www.striped-giraffe.com\/de\/#organization\",\"name\":\"Striped Giraffe\",\"url\":\"https:\/\/www.striped-giraffe.com\/de\/\",\"logo\":{\"@type\":\"ImageObject\",\"inLanguage\":\"de\",\"@id\":\"https:\/\/www.striped-giraffe.com\/de\/#\/schema\/logo\/image\/\",\"url\":\"https:\/\/www.striped-giraffe.com\/wp-content\/uploads\/2021\/01\/giraffe_white.svg\",\"contentUrl\":\"https:\/\/www.striped-giraffe.com\/wp-content\/uploads\/2021\/01\/giraffe_white.svg\",\"caption\":\"Striped Giraffe\"},\"image\":{\"@id\":\"https:\/\/www.striped-giraffe.com\/de\/#\/schema\/logo\/image\/\"}}]}<\/script>\n<!-- \/ Yoast SEO Premium plugin. -->","yoast_head_json":{"title":"Big Data - Striped Giraffe","description":"Wer die immer gr\u00f6\u00dfer werdende Datenflut \u00fcberblickt, verarbeitet und schlie\u00dflich analysiert, kann daraus immense Wettbewerbsvorteile ziehen.","robots":{"index":"index","follow":"follow","max-snippet":"max-snippet:-1","max-image-preview":"max-image-preview:large","max-video-preview":"max-video-preview:-1"},"canonical":"https:\/\/www.striped-giraffe.com\/de\/expertise\/datenmanagement\/bigdata\/","og_locale":"de_DE","og_type":"article","og_title":"Big Data","og_description":"Wer die immer gr\u00f6\u00dfer werdende Datenflut \u00fcberblickt, verarbeitet und schlie\u00dflich analysiert, kann daraus immense Wettbewerbsvorteile ziehen.","og_url":"https:\/\/www.striped-giraffe.com\/de\/expertise\/datenmanagement\/bigdata\/","og_site_name":"Striped Giraffe","article_modified_time":"2024-01-25T10:53:49+00:00","twitter_card":"summary_large_image","twitter_misc":{"Gesch\u00e4tzte Lesezeit":"2\u00a0Minuten"},"schema":{"@context":"https:\/\/schema.org","@graph":[{"@type":"WebPage","@id":"https:\/\/www.striped-giraffe.com\/de\/expertise\/datenmanagement\/bigdata\/","url":"https:\/\/www.striped-giraffe.com\/de\/expertise\/datenmanagement\/bigdata\/","name":"Big Data - Striped Giraffe","isPartOf":{"@id":"https:\/\/www.striped-giraffe.com\/de\/#website"},"datePublished":"2021-01-15T10:56:46+00:00","dateModified":"2024-01-25T10:53:49+00:00","description":"Wer die immer gr\u00f6\u00dfer werdende Datenflut \u00fcberblickt, verarbeitet und schlie\u00dflich analysiert, kann daraus immense Wettbewerbsvorteile ziehen.","breadcrumb":{"@id":"https:\/\/www.striped-giraffe.com\/de\/expertise\/datenmanagement\/bigdata\/#breadcrumb"},"inLanguage":"de","potentialAction":[{"@type":"ReadAction","target":["https:\/\/www.striped-giraffe.com\/de\/expertise\/datenmanagement\/bigdata\/"]}]},{"@type":"BreadcrumbList","@id":"https:\/\/www.striped-giraffe.com\/de\/expertise\/datenmanagement\/bigdata\/#breadcrumb","itemListElement":[{"@type":"ListItem","position":1,"name":"Expertise","item":"https:\/\/www.striped-giraffe.com\/de\/expertise\/"},{"@type":"ListItem","position":2,"name":"Datenmanagement","item":"https:\/\/www.striped-giraffe.com\/de\/expertise\/datenmanagement\/"},{"@type":"ListItem","position":3,"name":"Big Data"}]},{"@type":"WebSite","@id":"https:\/\/www.striped-giraffe.com\/de\/#website","url":"https:\/\/www.striped-giraffe.com\/de\/","name":"Striped Giraffe","description":"Ihr zuverl\u00e4ssiger Anbieter f\u00fcr digitale Enterprise-L\u00f6sungen","publisher":{"@id":"https:\/\/www.striped-giraffe.com\/de\/#organization"},"potentialAction":[{"@type":"SearchAction","target":{"@type":"EntryPoint","urlTemplate":"https:\/\/www.striped-giraffe.com\/de\/?s={search_term_string}"},"query-input":"required name=search_term_string"}],"inLanguage":"de"},{"@type":"Organization","@id":"https:\/\/www.striped-giraffe.com\/de\/#organization","name":"Striped Giraffe","url":"https:\/\/www.striped-giraffe.com\/de\/","logo":{"@type":"ImageObject","inLanguage":"de","@id":"https:\/\/www.striped-giraffe.com\/de\/#\/schema\/logo\/image\/","url":"https:\/\/www.striped-giraffe.com\/wp-content\/uploads\/2021\/01\/giraffe_white.svg","contentUrl":"https:\/\/www.striped-giraffe.com\/wp-content\/uploads\/2021\/01\/giraffe_white.svg","caption":"Striped Giraffe"},"image":{"@id":"https:\/\/www.striped-giraffe.com\/de\/#\/schema\/logo\/image\/"}}]}},"_links":{"self":[{"href":"https:\/\/www.striped-giraffe.com\/de\/wp-json\/wp\/v2\/pages\/19687"}],"collection":[{"href":"https:\/\/www.striped-giraffe.com\/de\/wp-json\/wp\/v2\/pages"}],"about":[{"href":"https:\/\/www.striped-giraffe.com\/de\/wp-json\/wp\/v2\/types\/page"}],"author":[{"embeddable":true,"href":"https:\/\/www.striped-giraffe.com\/de\/wp-json\/wp\/v2\/users\/1"}],"replies":[{"embeddable":true,"href":"https:\/\/www.striped-giraffe.com\/de\/wp-json\/wp\/v2\/comments?post=19687"}],"version-history":[{"count":7,"href":"https:\/\/www.striped-giraffe.com\/de\/wp-json\/wp\/v2\/pages\/19687\/revisions"}],"predecessor-version":[{"id":35777,"href":"https:\/\/www.striped-giraffe.com\/de\/wp-json\/wp\/v2\/pages\/19687\/revisions\/35777"}],"up":[{"embeddable":true,"href":"https:\/\/www.striped-giraffe.com\/de\/wp-json\/wp\/v2\/pages\/1585"}],"wp:attachment":[{"href":"https:\/\/www.striped-giraffe.com\/de\/wp-json\/wp\/v2\/media?parent=19687"}],"curies":[{"name":"wp","href":"https:\/\/api.w.org\/{rel}","templated":true}]}}