{"id":23344,"date":"2021-02-22T15:17:12","date_gmt":"2021-02-22T14:17:12","guid":{"rendered":"https:\/\/www.striped-giraffe.com\/ueber-uns\/karriere\/inside-sales-copy\/"},"modified":"2025-07-28T14:20:48","modified_gmt":"2025-07-28T12:20:48","slug":"java-developer","status":"publish","type":"page","link":"https:\/\/www.striped-giraffe.com\/de\/ueber-uns\/karriere\/java-developer\/","title":{"rendered":"Stellenangebot Java Developer"},"content":{"rendered":"<section class=\"wpb-content-wrapper\"><p>[vc_row full_width=&#8220;stretch_row&#8220; full_height=&#8220;yes&#8220; parallax=&#8220;content-moving&#8220; parallax_image=&#8220;495&#8243; css=&#8220;.vc_custom_1609860498031{background-position: center;background-repeat: no-repeat !important;background-size: cover !important;}&#8220;][vc_column css=&#8220;.vc_custom_1609860591051{padding-left: 50px !important;}&#8220;][vc_column_text]<\/p>\n<h1 class=\"headline_superbig\" style=\"text-align: left;\"><span style=\"color: #ef6c00;\"><span style=\"color: #ffffff;\">Komm zu uns.<\/span><\/span><\/h1>\n<p>[\/vc_column_text][\/vc_column][\/vc_row][vc_row el_class=&#8220;closetotop&#8220; css=&#8220;.vc_custom_1609844996078{padding-top: 50px !important;background-color: #ffffff !important;}&#8220;][vc_column][vc_column_text]<\/p>\n<h2 class=\"headline_introduction\" style=\"text-align: center;\">Werde ein Striped Giraffe Team Member!<\/h2>\n<h2 class=\"headline_introduction\" style=\"text-align: center;\">Wir suchen einen ambitionierten <span style=\"color: #ef6c00;\">Java Developer<\/span>\u00a0(m\/w\/d)<\/h2>\n<p>[\/vc_column_text][vc_separator color=&#8220;black&#8220; border_width=&#8220;5&#8243; el_width=&#8220;10&#8243; css=&#8220;.vc_custom_1609932438645{margin-top: 50px !important;}&#8220;][\/vc_column][\/vc_row][vc_row css=&#8220;.vc_custom_1610022897543{margin-bottom: 100px !important;background-color: #ffffff !important;}&#8220;][vc_column][vc_column_text]Wir sch\u00e4tzen Mitarbeiter, die Freude daran haben, Herausforderungen zu meistern. Niemand kann alleine die Welt bewegen, sondern immer nur im Team. Wir geben jeder Mitarbeiterin und jedem Mitarbeiter die Chance, ihre\/seine individuellen F\u00e4higkeiten zu beweisen und auszubauen.[\/vc_column_text][\/vc_column][\/vc_row][vc_row gap=&#8220;35&#8243; css=&#8220;.vc_custom_1609933465159{margin-top: 50px !important;}&#8220;][vc_column width=&#8220;1\/3&#8243;][vc_column_text]<\/p>\n<h2>Deine Aufgaben<\/h2>\n<p>[\/vc_column_text][\/vc_column][vc_column width=&#8220;2\/3&#8243; css=&#8220;.vc_custom_1609846990086{padding-left: 25px !important;}&#8220;][vc_column_text]<\/p>\n<ul>\n<li>Zu Beginn analysierst du die Kundenanforderungen<\/li>\n<li>In Abstimmung mit dem Team und den Architekten entwickelst du passende L\u00f6sungen<\/li>\n<li>Die Implementierung der L\u00f6sung erfolgt in \u00dcbereinstimmung mit Best Practices<\/li>\n<li>Du konfigurierst die Arbeitsumgebung und Tools zur Unterst\u00fctzung der t\u00e4glichen Arbeit<\/li>\n<li>Aktiver Einsatz in einem agilen Team f\u00fcr die kontinuierliche Weiterentwicklung<\/li>\n<li>Du recherchierst und erlernst neue Technologien<\/li>\n<li>Je nach Bedarf unternimmst du Dienstreisen und arbeitest beim Kunden vor Ort<\/li>\n<\/ul>\n<p>[\/vc_column_text][\/vc_column][\/vc_row][vc_row gap=&#8220;35&#8243; css=&#8220;.vc_custom_1609933465159{margin-top: 50px !important;}&#8220;][vc_column width=&#8220;1\/3&#8243;][vc_column_text]<\/p>\n<h2>Dein Profil<\/h2>\n<p>[\/vc_column_text][\/vc_column][vc_column width=&#8220;2\/3&#8243; css=&#8220;.vc_custom_1609846990086{padding-left: 25px !important;}&#8220;][vc_column_text]<\/p>\n<ul>\n<li>Erfahrung in Java 7\/8, Spring, Tomcat, struts, etc. Hybris Erfahrung ist ein Vorteil<\/li>\n<li>Gute Kenntnisse und Erfahrungen in Datenbanktechnologien und SQL im Allgemeinen<\/li>\n<li>Ausgezeichneter Teamplayer, Offenheit, gute Organisation und Humor<\/li>\n<li>Gute Kommunikationsf\u00e4higkeiten<\/li>\n<li>Flie\u00dfend in Englisch und Deutsch<\/li>\n<li>Flexibilit\u00e4t beim Reisen<\/li>\n<\/ul>\n<p>[\/vc_column_text][\/vc_column][\/vc_row][vc_row gap=&#8220;35&#8243; css=&#8220;.vc_custom_1614006787340{margin-top: 50px !important;margin-bottom: 100px !important;}&#8220;][vc_column width=&#8220;1\/3&#8243;][vc_column_text]<\/p>\n<h2>Das bieten wir dir<\/h2>\n<p>[\/vc_column_text][\/vc_column][vc_column width=&#8220;2\/3&#8243; css=&#8220;.vc_custom_1609846990086{padding-left: 25px !important;}&#8220;][vc_column_text]<\/p>\n<ul>\n<li>Eine abwechslungsreiche und anspruchsvolle Aufgabe in einem innovativen Umfeld<\/li>\n<li>Hochwertiges B\u00fcro im Herzen von M\u00fcnchen<\/li>\n<li>Teilnahme an innovativen Projekten<\/li>\n<li>Internationales, freundliches und unkompliziertes Team<\/li>\n<li>Attraktives Gehalt<\/li>\n<li>Insights in die neusten Technologien<\/li>\n<li>Flexible Arbeitszeiten<\/li>\n<li>Top-Kunden<\/li>\n<li>M\u00f6glichkeiten zur Weiterentwicklung<\/li>\n<li>Social Events<\/li>\n<\/ul>\n<p>[\/vc_column_text][\/vc_column][\/vc_row][vc_row el_class=&#8220;closetotop&#8220; css=&#8220;.vc_custom_1614006814390{margin-top: 50px !important;margin-bottom: 100px !important;padding-top: 50px !important;background-color: #ffffff !important;}&#8220;][vc_column width=&#8220;1\/4&#8243;][\/vc_column][vc_column width=&#8220;1\/2&#8243;][vc_column_text]<\/p>\n<h3 style=\"text-align: center;\"><strong>Hast du noch Fragen oder m\u00f6chtest du dich direkt bewerben?<\/strong><\/h3>\n<p style=\"text-align: center;\">Dann melde dich gerne bei uns oder sende deine ausf\u00fchrlichen Bewerbungsunterlagen mit Angabe des m\u00f6glichen Eintrittstermins und deiner Gehaltsvorstellung an:<\/p>\n<p style=\"text-align: center;\"><strong>Juliane Bauch<\/strong><\/p>\n<h2 style=\"text-align: center;\"><span style=\"color: #ef6c00;\"><a style=\"color: #ef6c00;\" href=\"mailto:career@striped-giraffe.com\">career@striped-giraffe.com<\/a><\/span><\/h2>\n<p>[\/vc_column_text][\/vc_column][vc_column width=&#8220;1\/4&#8243;][\/vc_column][\/vc_row]<\/p>\n<\/section>","protected":false},"excerpt":{"rendered":"<p>[vc_row full_width=&#8220;stretch_row&#8220; full_height=&#8220;yes&#8220; parallax=&#8220;content-moving&#8220; parallax_image=&#8220;495&#8243; css=&#8220;.vc_custom_1609860498031{background-position: center;background-repeat: no-repeat !important;background-size: cover !important;}&#8220;][vc_column css=&#8220;.vc_custom_1609860591051{padding-left: 50px !important;}&#8220;][vc_column_text] Komm zu uns. [\/vc_column_text][\/vc_column][\/vc_row][vc_row el_class=&#8220;closetotop&#8220; css=&#8220;.vc_custom_1609844996078{padding-top: [&hellip;]<\/p>\n","protected":false},"author":1,"featured_media":0,"parent":493,"menu_order":0,"comment_status":"closed","ping_status":"closed","template":"","meta":{"footnotes":""},"acf":[],"yoast_head":"<!-- This site is optimized with the Yoast SEO Premium plugin v20.5 (Yoast SEO v20.5) - https:\/\/yoast.com\/wordpress\/plugins\/seo\/ -->\n<title>Stellenangebot Java Developer - Striped Giraffe<\/title>\n<meta name=\"robots\" content=\"index, follow, max-snippet:-1, max-image-preview:large, max-video-preview:-1\" \/>\n<link rel=\"canonical\" href=\"https:\/\/www.striped-giraffe.com\/de\/ueber-uns\/karriere\/java-developer\/\" \/>\n<meta property=\"og:locale\" content=\"de_DE\" \/>\n<meta property=\"og:type\" content=\"article\" \/>\n<meta property=\"og:title\" content=\"Stellenangebot Java Developer\" \/>\n<meta property=\"og:description\" content=\"[vc_row full_width=&#8220;stretch_row&#8220; full_height=&#8220;yes&#8220; parallax=&#8220;content-moving&#8220; parallax_image=&#8220;495&#8243; css=&#8220;.vc_custom_1609860498031{background-position: center;background-repeat: no-repeat !important;background-size: cover !important;}&#8220;][vc_column css=&#8220;.vc_custom_1609860591051{padding-left: 50px !important;}&#8220;][vc_column_text] Komm zu uns. [\/vc_column_text][\/vc_column][\/vc_row][vc_row el_class=&#8220;closetotop&#8220; css=&#8220;.vc_custom_1609844996078{padding-top: [&hellip;]\" \/>\n<meta property=\"og:url\" content=\"https:\/\/www.striped-giraffe.com\/de\/ueber-uns\/karriere\/java-developer\/\" \/>\n<meta property=\"og:site_name\" content=\"Striped Giraffe\" \/>\n<meta property=\"article:modified_time\" content=\"2025-07-28T12:20:48+00:00\" \/>\n<meta name=\"twitter:card\" content=\"summary_large_image\" \/>\n<meta name=\"twitter:label1\" content=\"Gesch\u00e4tzte Lesezeit\" \/>\n\t<meta name=\"twitter:data1\" content=\"2\u00a0Minuten\" \/>\n<script type=\"application\/ld+json\" class=\"yoast-schema-graph\">{\"@context\":\"https:\/\/schema.org\",\"@graph\":[{\"@type\":\"WebPage\",\"@id\":\"https:\/\/www.striped-giraffe.com\/de\/ueber-uns\/karriere\/java-developer\/\",\"url\":\"https:\/\/www.striped-giraffe.com\/de\/ueber-uns\/karriere\/java-developer\/\",\"name\":\"Stellenangebot Java Developer - Striped Giraffe\",\"isPartOf\":{\"@id\":\"https:\/\/www.striped-giraffe.com\/de\/#website\"},\"datePublished\":\"2021-02-22T14:17:12+00:00\",\"dateModified\":\"2025-07-28T12:20:48+00:00\",\"breadcrumb\":{\"@id\":\"https:\/\/www.striped-giraffe.com\/de\/ueber-uns\/karriere\/java-developer\/#breadcrumb\"},\"inLanguage\":\"de\",\"potentialAction\":[{\"@type\":\"ReadAction\",\"target\":[\"https:\/\/www.striped-giraffe.com\/de\/ueber-uns\/karriere\/java-developer\/\"]}]},{\"@type\":\"BreadcrumbList\",\"@id\":\"https:\/\/www.striped-giraffe.com\/de\/ueber-uns\/karriere\/java-developer\/#breadcrumb\",\"itemListElement\":[{\"@type\":\"ListItem\",\"position\":1,\"name\":\"\u00dcber uns\",\"item\":\"https:\/\/www.striped-giraffe.com\/de\/ueber-uns\/\"},{\"@type\":\"ListItem\",\"position\":2,\"name\":\"Karriere\",\"item\":\"https:\/\/www.striped-giraffe.com\/de\/ueber-uns\/karriere\/\"},{\"@type\":\"ListItem\",\"position\":3,\"name\":\"Stellenangebot Java Developer\"}]},{\"@type\":\"WebSite\",\"@id\":\"https:\/\/www.striped-giraffe.com\/de\/#website\",\"url\":\"https:\/\/www.striped-giraffe.com\/de\/\",\"name\":\"Striped Giraffe\",\"description\":\"Ihr zuverl\u00e4ssiger Anbieter f\u00fcr digitale Enterprise-L\u00f6sungen\",\"publisher\":{\"@id\":\"https:\/\/www.striped-giraffe.com\/de\/#organization\"},\"potentialAction\":[{\"@type\":\"SearchAction\",\"target\":{\"@type\":\"EntryPoint\",\"urlTemplate\":\"https:\/\/www.striped-giraffe.com\/de\/?s={search_term_string}\"},\"query-input\":\"required name=search_term_string\"}],\"inLanguage\":\"de\"},{\"@type\":\"Organization\",\"@id\":\"https:\/\/www.striped-giraffe.com\/de\/#organization\",\"name\":\"Striped Giraffe\",\"url\":\"https:\/\/www.striped-giraffe.com\/de\/\",\"logo\":{\"@type\":\"ImageObject\",\"inLanguage\":\"de\",\"@id\":\"https:\/\/www.striped-giraffe.com\/de\/#\/schema\/logo\/image\/\",\"url\":\"https:\/\/www.striped-giraffe.com\/wp-content\/uploads\/2021\/01\/giraffe_white.svg\",\"contentUrl\":\"https:\/\/www.striped-giraffe.com\/wp-content\/uploads\/2021\/01\/giraffe_white.svg\",\"caption\":\"Striped Giraffe\"},\"image\":{\"@id\":\"https:\/\/www.striped-giraffe.com\/de\/#\/schema\/logo\/image\/\"}}]}<\/script>\n<!-- \/ Yoast SEO Premium plugin. -->","yoast_head_json":{"title":"Stellenangebot Java Developer - Striped Giraffe","robots":{"index":"index","follow":"follow","max-snippet":"max-snippet:-1","max-image-preview":"max-image-preview:large","max-video-preview":"max-video-preview:-1"},"canonical":"https:\/\/www.striped-giraffe.com\/de\/ueber-uns\/karriere\/java-developer\/","og_locale":"de_DE","og_type":"article","og_title":"Stellenangebot Java Developer","og_description":"[vc_row full_width=&#8220;stretch_row&#8220; full_height=&#8220;yes&#8220; parallax=&#8220;content-moving&#8220; parallax_image=&#8220;495&#8243; css=&#8220;.vc_custom_1609860498031{background-position: center;background-repeat: no-repeat !important;background-size: cover !important;}&#8220;][vc_column css=&#8220;.vc_custom_1609860591051{padding-left: 50px !important;}&#8220;][vc_column_text] Komm zu uns. [\/vc_column_text][\/vc_column][\/vc_row][vc_row el_class=&#8220;closetotop&#8220; css=&#8220;.vc_custom_1609844996078{padding-top: [&hellip;]","og_url":"https:\/\/www.striped-giraffe.com\/de\/ueber-uns\/karriere\/java-developer\/","og_site_name":"Striped Giraffe","article_modified_time":"2025-07-28T12:20:48+00:00","twitter_card":"summary_large_image","twitter_misc":{"Gesch\u00e4tzte Lesezeit":"2\u00a0Minuten"},"schema":{"@context":"https:\/\/schema.org","@graph":[{"@type":"WebPage","@id":"https:\/\/www.striped-giraffe.com\/de\/ueber-uns\/karriere\/java-developer\/","url":"https:\/\/www.striped-giraffe.com\/de\/ueber-uns\/karriere\/java-developer\/","name":"Stellenangebot Java Developer - Striped Giraffe","isPartOf":{"@id":"https:\/\/www.striped-giraffe.com\/de\/#website"},"datePublished":"2021-02-22T14:17:12+00:00","dateModified":"2025-07-28T12:20:48+00:00","breadcrumb":{"@id":"https:\/\/www.striped-giraffe.com\/de\/ueber-uns\/karriere\/java-developer\/#breadcrumb"},"inLanguage":"de","potentialAction":[{"@type":"ReadAction","target":["https:\/\/www.striped-giraffe.com\/de\/ueber-uns\/karriere\/java-developer\/"]}]},{"@type":"BreadcrumbList","@id":"https:\/\/www.striped-giraffe.com\/de\/ueber-uns\/karriere\/java-developer\/#breadcrumb","itemListElement":[{"@type":"ListItem","position":1,"name":"\u00dcber uns","item":"https:\/\/www.striped-giraffe.com\/de\/ueber-uns\/"},{"@type":"ListItem","position":2,"name":"Karriere","item":"https:\/\/www.striped-giraffe.com\/de\/ueber-uns\/karriere\/"},{"@type":"ListItem","position":3,"name":"Stellenangebot Java Developer"}]},{"@type":"WebSite","@id":"https:\/\/www.striped-giraffe.com\/de\/#website","url":"https:\/\/www.striped-giraffe.com\/de\/","name":"Striped Giraffe","description":"Ihr zuverl\u00e4ssiger Anbieter f\u00fcr digitale Enterprise-L\u00f6sungen","publisher":{"@id":"https:\/\/www.striped-giraffe.com\/de\/#organization"},"potentialAction":[{"@type":"SearchAction","target":{"@type":"EntryPoint","urlTemplate":"https:\/\/www.striped-giraffe.com\/de\/?s={search_term_string}"},"query-input":"required name=search_term_string"}],"inLanguage":"de"},{"@type":"Organization","@id":"https:\/\/www.striped-giraffe.com\/de\/#organization","name":"Striped Giraffe","url":"https:\/\/www.striped-giraffe.com\/de\/","logo":{"@type":"ImageObject","inLanguage":"de","@id":"https:\/\/www.striped-giraffe.com\/de\/#\/schema\/logo\/image\/","url":"https:\/\/www.striped-giraffe.com\/wp-content\/uploads\/2021\/01\/giraffe_white.svg","contentUrl":"https:\/\/www.striped-giraffe.com\/wp-content\/uploads\/2021\/01\/giraffe_white.svg","caption":"Striped Giraffe"},"image":{"@id":"https:\/\/www.striped-giraffe.com\/de\/#\/schema\/logo\/image\/"}}]}},"_links":{"self":[{"href":"https:\/\/www.striped-giraffe.com\/de\/wp-json\/wp\/v2\/pages\/23344"}],"collection":[{"href":"https:\/\/www.striped-giraffe.com\/de\/wp-json\/wp\/v2\/pages"}],"about":[{"href":"https:\/\/www.striped-giraffe.com\/de\/wp-json\/wp\/v2\/types\/page"}],"author":[{"embeddable":true,"href":"https:\/\/www.striped-giraffe.com\/de\/wp-json\/wp\/v2\/users\/1"}],"replies":[{"embeddable":true,"href":"https:\/\/www.striped-giraffe.com\/de\/wp-json\/wp\/v2\/comments?post=23344"}],"version-history":[{"count":6,"href":"https:\/\/www.striped-giraffe.com\/de\/wp-json\/wp\/v2\/pages\/23344\/revisions"}],"predecessor-version":[{"id":40143,"href":"https:\/\/www.striped-giraffe.com\/de\/wp-json\/wp\/v2\/pages\/23344\/revisions\/40143"}],"up":[{"embeddable":true,"href":"https:\/\/www.striped-giraffe.com\/de\/wp-json\/wp\/v2\/pages\/493"}],"wp:attachment":[{"href":"https:\/\/www.striped-giraffe.com\/de\/wp-json\/wp\/v2\/media?parent=23344"}],"curies":[{"name":"wp","href":"https:\/\/api.w.org\/{rel}","templated":true}]}}