{"id":23687,"date":"2021-03-17T16:58:12","date_gmt":"2021-03-17T15:58:12","guid":{"rendered":"https:\/\/www.striped-giraffe.com\/leistungen\/projektmanagement-copy\/"},"modified":"2024-06-10T12:29:45","modified_gmt":"2024-06-10T10:29:45","slug":"delivery-management","status":"publish","type":"page","link":"https:\/\/www.striped-giraffe.com\/de\/leistungen\/delivery-management\/","title":{"rendered":"Delivery Management"},"content":{"rendered":"<section class=\"wpb-content-wrapper\"><p>[vc_row full_width=&#8220;stretch_row&#8220; full_height=&#8220;yes&#8220; bg_type=&#8220;image&#8220; parallax_style=&#8220;vcpb-default&#8220; bg_image_new=&#8220;id^23693|url^https:\/\/www.striped-giraffe.com\/wp-content\/uploads\/2021\/03\/Striped-Giraffe_Delivery_Management.jpg|caption^First-class delivery management. The result counts.|alt^delivery management,project|title^Striped Giraffe Delivery Management|description^First-class delivery management. The result counts.&#8220; css=&#8220;.vc_custom_1615997023902{margin-bottom: 100px !important;background-position: center !important;background-repeat: no-repeat !important;background-size: cover !important;}&#8220;][vc_column css_animation=&#8220;slideInUp&#8220;][vc_column_text]<\/p>\n<h1 style=\"text-align: left;\">Delivery<br \/>\nManagement<\/h1>\n<p>[\/vc_column_text][\/vc_column][\/vc_row][vc_row el_class=&#8220;closetotop&#8220; css=&#8220;.vc_custom_1609844996078{padding-top: 50px !important;background-color: #ffffff !important;}&#8220;][vc_column][vc_column_text]<\/p>\n<h3 style=\"text-align: center;\">Am Ende z\u00e4hlt das Ergebnis. Darauf zahlen alle Beteiligten ein. Genau daf\u00fcr sorgt das Delivery Management.<\/h3>\n<p>[\/vc_column_text][vc_separator color=&#8220;black&#8220; border_width=&#8220;5&#8243; el_width=&#8220;10&#8243; css=&#8220;.vc_custom_1609845029454{margin-top: 50px !important;}&#8220;][\/vc_column][\/vc_row][vc_row gap=&#8220;35&#8243; css=&#8220;.vc_custom_1615989948586{margin-top: 0px !important;margin-bottom: 50px !important;}&#8220;][vc_column width=&#8220;1\/2&#8243;][vc_column_text]<\/p>\n<h2 class=\"headline_superbig\" style=\"text-align: left;\">Delivery Management<br \/>\n<span style=\"color: #ef6c00;\">versus<\/span><br \/>\nProjektmanagement<\/h2>\n<p>[\/vc_column_text][\/vc_column][vc_column width=&#8220;1\/2&#8243; css=&#8220;.vc_custom_1612257454456{padding-left: 0px !important;}&#8220;][vc_column_text]Die Grenze zwischen Delivery Management und Projektmanagement ist sehr d\u00fcnn und verschwindet bei einigen Anbietern sogar. F\u00fcr den Delivery Manager entstehen zus\u00e4tzliche Herausforderungen. W\u00e4hrend sich Projektmanager auf die Fertigstellung von Projekten konzentrieren, achten Delivery Manager zus\u00e4tzlich auf die Steuerung von Gesch\u00e4ftsprozessen und die Leistungsf\u00e4higkeit eines Unternehmens.[\/vc_column_text][\/vc_column][\/vc_row][vc_row gap=&#8220;35&#8243; css=&#8220;.vc_custom_1615989958206{margin-top: 0px !important;margin-bottom: 50px !important;}&#8220;][vc_column width=&#8220;1\/2&#8243;][vc_column_text]<\/p>\n<h2 class=\"headline_superbig\">Release <span style=\"color: #ef6c00;\">x<\/span> 3<\/h2>\n<p>[\/vc_column_text][\/vc_column][vc_column width=&#8220;1\/2&#8243;][vc_column_text]Die Projekt-\/Produktentwicklung ist auf Dauer und hohe Frequenz angelegt. Dies bedeutet, dass die Delivery Organisation oft drei Releases gleichzeitig bearbeitet:<\/p>\n<ul>\n<li>ein Release in Produktion<\/li>\n<li>ein Zweites in der Umsetzung<\/li>\n<li>und ein Drittes in der Vorbereitung.<\/li>\n<\/ul>\n<p>Zudem ist die Delivery Organisation oft auch f\u00fcr den funktionalen und technischen Betrieb der digitalen Dienste verantwortlich. Personalverantwortung und Linienmanagement innerhalb der Delivery Organisation erh\u00f6hen die Komplexit\u00e4t oft zus\u00e4tzlich.[\/vc_column_text][\/vc_column][\/vc_row][vc_row gap=&#8220;35&#8243; css=&#8220;.vc_custom_1615989811426{margin-top: 100px !important;margin-bottom: 100px !important;}&#8220;][vc_column width=&#8220;1\/2&#8243;][vc_column_text]<\/p>\n<h2 class=\"headline_superbig\">Wir bieten Ihnen<br \/>\nmehr<\/h2>\n<p>[\/vc_column_text][\/vc_column][vc_column width=&#8220;1\/2&#8243; css=&#8220;.vc_custom_1610982702924{padding-left: 0px !important;}&#8220;][vc_column_text]Unsere Mitarbeiter helfen mit Kompetenz und Erfahrung, Ihre Delivery Organisation zum Erfolg zu f\u00fchren. Dar\u00fcber hinaus unterst\u00fctzen wir Sie mit Dienstleistungen im Bereich <a href=\"https:\/\/www.striped-giraffe.com\/de\/leistungen\/it-beratung\/\">IT-Beratung<\/a>, <a href=\"https:\/\/www.striped-giraffe.com\/de\/leistungen\/projektmanagement\/\">Projektmanagement<\/a>, <a href=\"https:\/\/www.striped-giraffe.com\/de\/leistungen\/entwicklung\/\">Entwicklung<\/a>, <a href=\"https:\/\/www.striped-giraffe.com\/de\/leistungen\/qualitaetssicherung\/\">Qualit\u00e4tssicherung<\/a> und <a href=\"https:\/\/www.striped-giraffe.com\/de\/leistungen\/ux-ui\/\">User Experience<\/a>. Sie erhalten von uns je nach Bedarf entweder <span style=\"color: #ef6c00;\">einzelne L\u00f6sungen<\/span> oder <span style=\"color: #ef6c00;\">alles aus einer Hand<\/span>.[\/vc_column_text][\/vc_column][\/vc_row][vc_row full_width=&#8220;stretch_row&#8220; css=&#8220;.vc_custom_1706114273644{margin-top: 100px !important;margin-bottom: 50px !important;}&#8220;][vc_column width=&#8220;1\/2&#8243;][vc_row_inner][vc_column_inner][vc_column_text]<\/p>\n<h2 class=\"headline_superbig\">Let&#8217;s talk<\/h2>\n<p>[\/vc_column_text][\/vc_column_inner][\/vc_row_inner][\/vc_column][vc_column width=&#8220;1\/2&#8243;][vc_column_text]<\/p>\n<h3>Brauchen Sie ein <strong>konkretes Angebot<\/strong> oder suchen Sie einen <strong>Sparringspartner<\/strong>, mit dem sie Ideen diskutieren und entwickeln k\u00f6nnen?<\/h3>\n<h3>Dann melden Sie sich:<\/h3>\n<ul>\n<li><a href=\"mailto:experts@striped-giraffe.com\">experts@striped-giraffe.com<\/a><\/li>\n<li><span style=\"color: #ef6c00;\">+49 (0)89-416 126-667<\/span><\/li>\n<\/ul>\n<p>[\/vc_column_text]<a class=\"calendly\" href=\"\" onclick=\"Calendly.initPopupWidget({url: 'https:\/\/calendly.com\/striped-giraffe\/30min'});return false;\">Termin vereinbaren<\/a>[vc_column_text css=&#8220;.vc_custom_1705936147633{margin-top: 32px !important;}&#8220;]<\/p>\n<h3>Wir unterst\u00fctzen Sie gerne.<\/h3>\n<p>[\/vc_column_text][\/vc_column][\/vc_row][vc_row][vc_column][vc_empty_space height=&#8220;100px&#8220;][\/vc_column][\/vc_row]<\/p>\n<\/section>","protected":false},"excerpt":{"rendered":"<p>[vc_row full_width=&#8220;stretch_row&#8220; full_height=&#8220;yes&#8220; bg_type=&#8220;image&#8220; parallax_style=&#8220;vcpb-default&#8220; bg_image_new=&#8220;id^23693|url^https:\/\/www.striped-giraffe.com\/wp-content\/uploads\/2021\/03\/Striped-Giraffe_Delivery_Management.jpg|caption^First-class delivery management. The result counts.|alt^delivery management,project|title^Striped Giraffe Delivery Management|description^First-class delivery management. The result counts.&#8220; [&hellip;]<\/p>\n","protected":false},"author":2,"featured_media":24839,"parent":833,"menu_order":0,"comment_status":"closed","ping_status":"closed","template":"","meta":{"footnotes":""},"acf":[],"yoast_head":"<!-- This site is optimized with the Yoast SEO Premium plugin v20.5 (Yoast SEO v20.5) - https:\/\/yoast.com\/wordpress\/plugins\/seo\/ -->\n<title>Delivery Management - zur Sicherung eines reibungslosen Ablaufs<\/title>\n<meta name=\"description\" content=\"Am Ende z\u00e4hlt das Ergebnis. Darauf zahlen alle Beteiligten ein. Genau daf\u00fcr sorgt das Delivery Management.\" \/>\n<meta name=\"robots\" content=\"index, follow, max-snippet:-1, max-image-preview:large, max-video-preview:-1\" \/>\n<link rel=\"canonical\" href=\"https:\/\/www.striped-giraffe.com\/de\/leistungen\/delivery-management\/\" \/>\n<meta property=\"og:locale\" content=\"de_DE\" \/>\n<meta property=\"og:type\" content=\"article\" \/>\n<meta property=\"og:title\" content=\"Delivery Management\" \/>\n<meta property=\"og:description\" content=\"Am Ende z\u00e4hlt das Ergebnis. Darauf zahlen alle Beteiligten ein. Genau daf\u00fcr sorgt das Delivery Management.\" \/>\n<meta property=\"og:url\" content=\"https:\/\/www.striped-giraffe.com\/de\/leistungen\/delivery-management\/\" \/>\n<meta property=\"og:site_name\" content=\"Striped Giraffe\" \/>\n<meta property=\"article:modified_time\" content=\"2024-06-10T10:29:45+00:00\" \/>\n<meta property=\"og:image\" content=\"https:\/\/www.striped-giraffe.com\/wp-content\/uploads\/2021\/04\/Striped-Giraffe_Delivery_Management_beitragsbild-2.jpg\" \/>\n\t<meta property=\"og:image:width\" content=\"1085\" \/>\n\t<meta property=\"og:image:height\" content=\"960\" \/>\n\t<meta property=\"og:image:type\" content=\"image\/jpeg\" \/>\n<meta name=\"twitter:card\" content=\"summary_large_image\" \/>\n<meta name=\"twitter:label1\" content=\"Gesch\u00e4tzte Lesezeit\" \/>\n\t<meta name=\"twitter:data1\" content=\"2\u00a0Minuten\" \/>\n<script type=\"application\/ld+json\" class=\"yoast-schema-graph\">{\"@context\":\"https:\/\/schema.org\",\"@graph\":[{\"@type\":\"WebPage\",\"@id\":\"https:\/\/www.striped-giraffe.com\/de\/leistungen\/delivery-management\/\",\"url\":\"https:\/\/www.striped-giraffe.com\/de\/leistungen\/delivery-management\/\",\"name\":\"Delivery Management - zur Sicherung eines reibungslosen Ablaufs\",\"isPartOf\":{\"@id\":\"https:\/\/www.striped-giraffe.com\/de\/#website\"},\"datePublished\":\"2021-03-17T15:58:12+00:00\",\"dateModified\":\"2024-06-10T10:29:45+00:00\",\"description\":\"Am Ende z\u00e4hlt das Ergebnis. Darauf zahlen alle Beteiligten ein. Genau daf\u00fcr sorgt das Delivery Management.\",\"breadcrumb\":{\"@id\":\"https:\/\/www.striped-giraffe.com\/de\/leistungen\/delivery-management\/#breadcrumb\"},\"inLanguage\":\"de\",\"potentialAction\":[{\"@type\":\"ReadAction\",\"target\":[\"https:\/\/www.striped-giraffe.com\/de\/leistungen\/delivery-management\/\"]}]},{\"@type\":\"BreadcrumbList\",\"@id\":\"https:\/\/www.striped-giraffe.com\/de\/leistungen\/delivery-management\/#breadcrumb\",\"itemListElement\":[{\"@type\":\"ListItem\",\"position\":1,\"name\":\"Leistungen\",\"item\":\"https:\/\/www.striped-giraffe.com\/de\/leistungen\/\"},{\"@type\":\"ListItem\",\"position\":2,\"name\":\"Delivery Management\"}]},{\"@type\":\"WebSite\",\"@id\":\"https:\/\/www.striped-giraffe.com\/de\/#website\",\"url\":\"https:\/\/www.striped-giraffe.com\/de\/\",\"name\":\"Striped Giraffe\",\"description\":\"Ihr zuverl\u00e4ssiger Anbieter f\u00fcr digitale Enterprise-L\u00f6sungen\",\"publisher\":{\"@id\":\"https:\/\/www.striped-giraffe.com\/de\/#organization\"},\"potentialAction\":[{\"@type\":\"SearchAction\",\"target\":{\"@type\":\"EntryPoint\",\"urlTemplate\":\"https:\/\/www.striped-giraffe.com\/de\/?s={search_term_string}\"},\"query-input\":\"required name=search_term_string\"}],\"inLanguage\":\"de\"},{\"@type\":\"Organization\",\"@id\":\"https:\/\/www.striped-giraffe.com\/de\/#organization\",\"name\":\"Striped Giraffe\",\"url\":\"https:\/\/www.striped-giraffe.com\/de\/\",\"logo\":{\"@type\":\"ImageObject\",\"inLanguage\":\"de\",\"@id\":\"https:\/\/www.striped-giraffe.com\/de\/#\/schema\/logo\/image\/\",\"url\":\"https:\/\/www.striped-giraffe.com\/wp-content\/uploads\/2021\/01\/giraffe_white.svg\",\"contentUrl\":\"https:\/\/www.striped-giraffe.com\/wp-content\/uploads\/2021\/01\/giraffe_white.svg\",\"caption\":\"Striped Giraffe\"},\"image\":{\"@id\":\"https:\/\/www.striped-giraffe.com\/de\/#\/schema\/logo\/image\/\"}}]}<\/script>\n<!-- \/ Yoast SEO Premium plugin. -->","yoast_head_json":{"title":"Delivery Management - zur Sicherung eines reibungslosen Ablaufs","description":"Am Ende z\u00e4hlt das Ergebnis. Darauf zahlen alle Beteiligten ein. Genau daf\u00fcr sorgt das Delivery Management.","robots":{"index":"index","follow":"follow","max-snippet":"max-snippet:-1","max-image-preview":"max-image-preview:large","max-video-preview":"max-video-preview:-1"},"canonical":"https:\/\/www.striped-giraffe.com\/de\/leistungen\/delivery-management\/","og_locale":"de_DE","og_type":"article","og_title":"Delivery Management","og_description":"Am Ende z\u00e4hlt das Ergebnis. Darauf zahlen alle Beteiligten ein. Genau daf\u00fcr sorgt das Delivery Management.","og_url":"https:\/\/www.striped-giraffe.com\/de\/leistungen\/delivery-management\/","og_site_name":"Striped Giraffe","article_modified_time":"2024-06-10T10:29:45+00:00","og_image":[{"width":1085,"height":960,"url":"https:\/\/www.striped-giraffe.com\/wp-content\/uploads\/2021\/04\/Striped-Giraffe_Delivery_Management_beitragsbild-2.jpg","type":"image\/jpeg"}],"twitter_card":"summary_large_image","twitter_misc":{"Gesch\u00e4tzte Lesezeit":"2\u00a0Minuten"},"schema":{"@context":"https:\/\/schema.org","@graph":[{"@type":"WebPage","@id":"https:\/\/www.striped-giraffe.com\/de\/leistungen\/delivery-management\/","url":"https:\/\/www.striped-giraffe.com\/de\/leistungen\/delivery-management\/","name":"Delivery Management - zur Sicherung eines reibungslosen Ablaufs","isPartOf":{"@id":"https:\/\/www.striped-giraffe.com\/de\/#website"},"datePublished":"2021-03-17T15:58:12+00:00","dateModified":"2024-06-10T10:29:45+00:00","description":"Am Ende z\u00e4hlt das Ergebnis. Darauf zahlen alle Beteiligten ein. Genau daf\u00fcr sorgt das Delivery Management.","breadcrumb":{"@id":"https:\/\/www.striped-giraffe.com\/de\/leistungen\/delivery-management\/#breadcrumb"},"inLanguage":"de","potentialAction":[{"@type":"ReadAction","target":["https:\/\/www.striped-giraffe.com\/de\/leistungen\/delivery-management\/"]}]},{"@type":"BreadcrumbList","@id":"https:\/\/www.striped-giraffe.com\/de\/leistungen\/delivery-management\/#breadcrumb","itemListElement":[{"@type":"ListItem","position":1,"name":"Leistungen","item":"https:\/\/www.striped-giraffe.com\/de\/leistungen\/"},{"@type":"ListItem","position":2,"name":"Delivery Management"}]},{"@type":"WebSite","@id":"https:\/\/www.striped-giraffe.com\/de\/#website","url":"https:\/\/www.striped-giraffe.com\/de\/","name":"Striped Giraffe","description":"Ihr zuverl\u00e4ssiger Anbieter f\u00fcr digitale Enterprise-L\u00f6sungen","publisher":{"@id":"https:\/\/www.striped-giraffe.com\/de\/#organization"},"potentialAction":[{"@type":"SearchAction","target":{"@type":"EntryPoint","urlTemplate":"https:\/\/www.striped-giraffe.com\/de\/?s={search_term_string}"},"query-input":"required name=search_term_string"}],"inLanguage":"de"},{"@type":"Organization","@id":"https:\/\/www.striped-giraffe.com\/de\/#organization","name":"Striped Giraffe","url":"https:\/\/www.striped-giraffe.com\/de\/","logo":{"@type":"ImageObject","inLanguage":"de","@id":"https:\/\/www.striped-giraffe.com\/de\/#\/schema\/logo\/image\/","url":"https:\/\/www.striped-giraffe.com\/wp-content\/uploads\/2021\/01\/giraffe_white.svg","contentUrl":"https:\/\/www.striped-giraffe.com\/wp-content\/uploads\/2021\/01\/giraffe_white.svg","caption":"Striped Giraffe"},"image":{"@id":"https:\/\/www.striped-giraffe.com\/de\/#\/schema\/logo\/image\/"}}]}},"_links":{"self":[{"href":"https:\/\/www.striped-giraffe.com\/de\/wp-json\/wp\/v2\/pages\/23687"}],"collection":[{"href":"https:\/\/www.striped-giraffe.com\/de\/wp-json\/wp\/v2\/pages"}],"about":[{"href":"https:\/\/www.striped-giraffe.com\/de\/wp-json\/wp\/v2\/types\/page"}],"author":[{"embeddable":true,"href":"https:\/\/www.striped-giraffe.com\/de\/wp-json\/wp\/v2\/users\/2"}],"replies":[{"embeddable":true,"href":"https:\/\/www.striped-giraffe.com\/de\/wp-json\/wp\/v2\/comments?post=23687"}],"version-history":[{"count":12,"href":"https:\/\/www.striped-giraffe.com\/de\/wp-json\/wp\/v2\/pages\/23687\/revisions"}],"predecessor-version":[{"id":37130,"href":"https:\/\/www.striped-giraffe.com\/de\/wp-json\/wp\/v2\/pages\/23687\/revisions\/37130"}],"up":[{"embeddable":true,"href":"https:\/\/www.striped-giraffe.com\/de\/wp-json\/wp\/v2\/pages\/833"}],"wp:featuredmedia":[{"embeddable":true,"href":"https:\/\/www.striped-giraffe.com\/de\/wp-json\/wp\/v2\/media\/24839"}],"wp:attachment":[{"href":"https:\/\/www.striped-giraffe.com\/de\/wp-json\/wp\/v2\/media?parent=23687"}],"curies":[{"name":"wp","href":"https:\/\/api.w.org\/{rel}","templated":true}]}}