{"id":26359,"date":"2021-06-14T12:29:29","date_gmt":"2021-06-14T10:29:29","guid":{"rendered":"https:\/\/www.striped-giraffe.com\/ebook-b2b-commerce-copy\/"},"modified":"2024-09-12T17:03:57","modified_gmt":"2024-09-12T15:03:57","slug":"ecc-club-studie-mobilitaet","status":"publish","type":"page","link":"https:\/\/www.striped-giraffe.com\/de\/ecc-club-studie-mobilitaet\/","title":{"rendered":"Download ECC Studie 2021 Mobilit\u00e4t"},"content":{"rendered":"<section class=\"wpb-content-wrapper\"><p>[vc_row full_height=&#8220;yes&#8220; content_placement=&#8220;middle&#8220; bg_type=&#8220;image&#8220; parallax_style=&#8220;vcpb-default&#8220; bg_image_new=&#8220;id^26629|url^https:\/\/www.striped-giraffe.com\/wp-content\/uploads\/2021\/06\/ECCCLUB_Studie2021_NeueMobilitaet_Cover.jpg|caption^null|alt^ECC,mobilit\u00e4t,maas,autonomes fahren,sharing|title^ECCCLUB_Studie2021_NeueMobilitaet_Cover|description^ECC CLUB-Studie: Neue Mobilit\u00e4t auf der \u00dcberholspur! Wie MaaS-Konzepte unser Leben ver\u00e4ndern&#8220; bg_image_repeat=&#8220;no-repeat&#8220; bg_image_size=&#8220;contain&#8220; bg_override=&#8220;full&#8220; css=&#8220;.vc_custom_1623669282065{margin-top: 0px !important;margin-right: 0px !important;margin-bottom: 50px !important;margin-left: 0px !important;padding-top: 0px !important;padding-right: 0px !important;padding-bottom: 0px !important;padding-left: 0px !important;background-position: center !important;background-repeat: no-repeat !important;background-size: cover !important;}&#8220;][vc_column][\/vc_column][\/vc_row][vc_row full_width=&#8220;stretch_row&#8220; css=&#8220;.vc_custom_1622116616765{margin-top: 0px !important;margin-bottom: 100px !important;padding-top: 0px !important;padding-bottom: 0px !important;background-position: center !important;background-repeat: no-repeat !important;background-size: cover !important;}&#8220;][vc_column][vc_column_text]<\/p>\n<h2 style=\"text-align: center;\"><span style=\"color: #ef6c00;\">ECC CLUB Studie 2021<\/span><\/h2>\n<p>[\/vc_column_text][vc_empty_space][vc_column_text]<\/p>\n<h1 style=\"text-align: center;\"><b>Neue Mobilit\u00e4t auf der \u00dcberholspur! <\/b><\/h1>\n<h2 style=\"text-align: center;\"><b>Wie MaaS-Konzepte unser Leben ver\u00e4ndern <\/b><\/h2>\n<p>[\/vc_column_text][\/vc_column][\/vc_row][vc_row gap=&#8220;35&#8243; css=&#8220;.vc_custom_1612794184978{margin-bottom: 50px !important;}&#8220;][vc_column width=&#8220;2\/3&#8243;][vc_column_text]Wir sind st\u00e4ndig in Bewegung und das mit den unterschiedlichsten Verkehrsmitteln. Doch ist es tats\u00e4chlich n\u00f6tig, dass wir noch ein eigenes Fahrzeug besitzen? Sind Sharing-Angebote die neue Mobilit\u00e4t? Dieser und weiterer Fragen geht der ECC CLUB auf den Grund mit der aktuellen Studie &#8222;<span style=\"color: #ef6c00;\">NEUE MOBILIT\u00c4T AUF DER \u00dcBERHOLSPUR! Wie MaaS-Konzepte unser Leben ver\u00e4ndern<\/span>&#8222;, durchgef\u00fchrt durch das IFH K\u00f6ln.[\/vc_column_text][vc_empty_space][vc_single_image image=&#8220;26677&#8243; img_size=&#8220;full&#8220; add_caption=&#8220;yes&#8220; onclick=&#8220;img_link_large&#8220;][vc_empty_space][vc_column_text]<\/p>\n<h3>Das IFH K\u00f6ln hat \u00fcber 2.200 Personen aus den Gro\u00dfst\u00e4dten und Metropolen in Deutschland, den Niederlanden und den USA dazu befragt:<\/h3>\n<ul>\n<li class=\"p1\">Wie sehen ihr Nutzungsverhalten und ihre Motivlage aus?<\/li>\n<li class=\"p1\">Wird der Scooter zum Spa\u00df in der Freizeit genutzt oder zur Abdeckung der letzten Meile im t\u00e4glichen Verkehr?<\/li>\n<li class=\"p1\">Und: Wie viele Anbieter nutzt ein Stadtbewohner eigentlich?<\/li>\n<\/ul>\n<p>[\/vc_column_text][\/vc_column][vc_column width=&#8220;1\/3&#8243; css=&#8220;.vc_custom_1623674804327{margin-left: 50px !important;}&#8220;][vc_column_text]<\/p>\n<h2 class=\"headline_introduction\"><span style=\"color: #ef6c00;\">36 % DER DEUTSCHEN BEFRAGTEN FINDEN SHARING-SYSTEME ZU TEUER<\/span><\/h2>\n<h2><span style=\"color: #7f7f7f;\">20 % BEM\u00c4NGELN PREISSCHWANKUNGEN BEI VERSCHIEDENEN FAHRTEN<\/span><\/h2>\n<p>[\/vc_column_text][\/vc_column][\/vc_row][vc_row css=&#8220;.vc_custom_1610562072928{margin-bottom: 100px !important;}&#8220;][vc_column width=&#8220;2\/3&#8243;][vc_column_text]<\/p>\n<p class=\"p1\">Das Rennen um den mobilen Kunden ist bislang offen. Sharing-Anbieter und MaaS-Plattformen (Mobility-as-a-Service) k\u00e4mpfen um den besten Zugang. Lokale Platzhirsche etablieren sich, Super-Apps dominieren ganze Kontinente. Aber vielerorts ist die Wettbewerbslandschaft ein reiner Flickenteppich. Es stellt sich die Frage nach den Wachstumsfeldern f\u00fcr Sharing-Anbieter.<\/p>\n<ul>\n<li class=\"p1\">Bieten Payment und Lieferung Perspektiven?<\/li>\n<li class=\"p1\">Und schlie\u00dflich: Was bedeutet das f\u00fcr den Handel?<\/li>\n<\/ul>\n<p>&nbsp;<\/p>\n<p>Sind Sie zu diesem Thema an einem Austausch interessiert?<br \/>\nDann kontaktieren Sie uns unter <a href=\"mailto:ecommerce@striped-giraffe.com\">ecommerce@striped-giraffe.com<\/a>.[\/vc_column_text][\/vc_column][vc_column width=&#8220;1\/3&#8243; css=&#8220;.vc_custom_1623674830732{margin-left: 50px !important;}&#8220;][vc_column_text]<\/p>\n<h3><span style=\"color: #ef6c00;\">Weil Handel immer Wandel ist, liegen in den neuen Spielregeln der Mobilit\u00e4t auch Chancen f\u00fcr einen zukunftsorientierten Retail.<\/span><\/h3>\n<p>[\/vc_column_text][\/vc_column][\/vc_row][vc_row css=&#8220;.vc_custom_1623678187697{margin-bottom: 150px !important;}&#8220;][vc_column width=&#8220;2\/3&#8243;][vc_column_text]<\/p>\n<hr \/>\n<p>Der <a href=\"https:\/\/www.ifhkoeln.de\/ecc-club\/\" target=\"_blank\" rel=\"noopener\">ECC CLUB<\/a> besch\u00e4ftigt sich fortw\u00e4hrend mit den aktuellen Gegebenheiten unserer Zeit im deutschen Handel. Er bringt Experten aus allen relevanten Bereichen zusammen. Seit 2020 sind wir Mitglied im ECC CLUB.[\/vc_column_text][\/vc_column][vc_column width=&#8220;1\/3&#8243;][\/vc_column][\/vc_row][vc_row gap=&#8220;35&#8243; css=&#8220;.vc_custom_1724317649240{margin-bottom: 100px !important;}&#8220; el_id=&#8220;downloadsection&#8220;][vc_column width=&#8220;2\/3&#8243;][vc_column_text]<\/p>\n<h2 class=\"headline_superbig\">Download<\/h2>\n<p>[\/vc_column_text][vc_empty_space height=&#8220;32&#8243;][vc_column_text]Laden Sie sich die ECC CLUB-Studie kostenlos herunter.[\/vc_column_text][vc_empty_space height=&#8220;32&#8243;][vc_column_text]<div class='_form_38'><\/div><script type='text\/javascript' src='https:\/\/striped-giraffe.activehosted.com\/f\/embed.php?static=0&id=38&69D4797A3F430&nostyles=0&preview=0'><\/script>[\/vc_column_text][\/vc_column][vc_column width=&#8220;1\/3&#8243;][vc_single_image image=&#8220;26671&#8243; img_size=&#8220;full&#8220; alignment=&#8220;center&#8220;][\/vc_column][\/vc_row][vc_row full_width=&#8220;stretch_row&#8220; css=&#8220;.vc_custom_1706183849370{margin-top: 50px !important;margin-bottom: 50px !important;}&#8220;][vc_column][vc_row_inner][vc_column_inner width=&#8220;2\/3&#8243;][vc_column_text]<\/p>\n<h2 class=\"headline_superbig\">Let&#8217;s talk<\/h2>\n<p>[\/vc_column_text][\/vc_column_inner][vc_column_inner width=&#8220;1\/3&#8243;][\/vc_column_inner][\/vc_row_inner][\/vc_column][\/vc_row][vc_row full_width=&#8220;stretch_row&#8220; css=&#8220;.vc_custom_1706183849370{margin-top: 50px !important;margin-bottom: 50px !important;}&#8220;][vc_column][vc_row_inner][vc_column_inner width=&#8220;2\/3&#8243;][vc_column_text]<\/p>\n<h3>Brauchen Sie ein <strong>konkretes Angebot<\/strong> oder suchen Sie einen <strong>Sparringspartner<\/strong>, mit dem sie Ideen diskutieren und entwickeln k\u00f6nnen?<\/h3>\n<h3>Dann melden Sie sich:<\/h3>\n<ul>\n<li><a href=\"mailto:experts@striped-giraffe.com\">experts@striped-giraffe.com<\/a><\/li>\n<li><span style=\"color: #ef6c00;\">+49 (0)89-416 126-667<\/span><\/li>\n<\/ul>\n<p>[\/vc_column_text]<a class=\"calendly\" href=\"\" onclick=\"Calendly.initPopupWidget({url: 'https:\/\/calendly.com\/striped-giraffe\/30min'});return false;\">Termin vereinbaren<\/a>[vc_column_text css=&#8220;.vc_custom_1705936147633{margin-top: 32px !important;}&#8220;]<\/p>\n<h3>Wir unterst\u00fctzen Sie gerne.<\/h3>\n<p>[\/vc_column_text][\/vc_column_inner][vc_column_inner width=&#8220;1\/3&#8243;][\/vc_column_inner][\/vc_row_inner][\/vc_column][\/vc_row][vc_row full_width=&#8220;stretch_row&#8220; bg_type=&#8220;bg_color&#8220; bg_color_value=&#8220;#000000&#8243;][vc_column][vc_row_inner][vc_column_inner][vc_column_text css=&#8220;.vc_custom_1610617884017{margin-top: 100px !important;}&#8220;]<\/p>\n<h2 class=\"headline_introduction\"><span style=\"color: #ffffff;\">Weitere E-Books<\/span><\/h2>\n<p>[\/vc_column_text][\/vc_column_inner][\/vc_row_inner][\/vc_column][\/vc_row][vc_row full_width=&#8220;stretch_row&#8220; gap=&#8220;35&#8243; bg_type=&#8220;bg_color&#8220; css=&#8220;.vc_custom_1609934688295{margin-top: 0px !important;margin-bottom: 0px !important;padding-top: 100px !important;padding-bottom: 100px !important;}&#8220; bg_color_value=&#8220;#000000&#8243;][vc_column][vc_row_inner][vc_column_inner width=&#8220;1\/3&#8243; css=&#8220;.vc_custom_1610013762619{padding-right: 25px !important;}&#8220;][vc_column_text]<\/p>\n<h2><span style=\"color: #ef6c00;\">Wir schaffen Mehrwerte<\/span> <span style=\"color: #ffffff;\">f\u00fcr unsere Kunden.<\/span><\/h2>\n<p><span style=\"color: #ffffff;\">Das f\u00fchrt zu einer langj\u00e4hrigen Zusammenarbeit mit unseren Kunden, die wir sehr sch\u00e4tzen. Noch mehr E-Books, Case Studies und co. finden Sie in unseren <a href=\"https:\/\/www.striped-giraffe.com\/insights\/\">Insights<\/a>.<\/span>[\/vc_column_text][\/vc_column_inner][vc_column_inner width=&#8220;1\/3&#8243;]<div class=\"templatera_shortcode\"><div class=\"vc_row wpb_row vc_row-fluid\"><div class=\"wpb_column vc_column_container vc_col-sm-12\"><div class=\"vc_column-inner\"><div class=\"wpb_wrapper\"><div id='' class='teaserbox  overlay'><div class='teaserbox_inner'><div class='teaserheadline'><h2 style='color:#ef6c00;font-family:DinWebPro Bold;'>E-Book Personalisierung 01<\/h2><h3 style='color:#ef6c00;'>Customer Experience<\/h3><\/div><div class='teasertext'><div class='wpb_wrapper'>Dieses E-Book beleuchtet unterschiedliche Personalisierungsarten, rechtliche Aspekten, Consent Management sowie der Umsetzung und Messung von Personalisierungsma\u00dfnahmen.<\/div><\/div><div class='teaserlink'><a href='https:\/\/www.striped-giraffe.com\/ebook-personalisierung-01\/' style='color:#ef6c00;'>Zum E-Book<\/a><\/div><div class='wpb_single_image desktop_only'><img src='https:\/\/www.striped-giraffe.com\/wp-content\/uploads\/2021\/01\/Personalisierung01_Teaser-1-600x960.jpg' \/><\/div><div class='wpb_single_image mobile_only'><img src='https:\/\/www.striped-giraffe.com\/wp-content\/uploads\/2021\/01\/Personalisierung01_Teaser-1-600x700.jpg' \/><\/div><\/div><\/div><\/div><\/div><\/div><\/div><\/div>[\/vc_column_inner][vc_column_inner width=&#8220;1\/3&#8243;]<div class=\"templatera_shortcode\"><div class=\"vc_row wpb_row vc_row-fluid\"><div class=\"wpb_column vc_column_container vc_col-sm-12\"><div class=\"vc_column-inner\"><div class=\"wpb_wrapper\"><div id='' class='teaserbox  overlay'><div class='teaserbox_inner'><div class='teaserheadline'><h2 style='color:#ffffff;font-family:DinWebPro Bold;'>E-Book Personalisierung 02<\/h2><h3 style='color:#ffffff;'>E-Commerce Use Cases<\/h3><\/div><div class='teasertext'><div class='wpb_wrapper'>In diesem E-Book stellen wir viele praktische Beispiele vor und geben Tipps, wie einfach sich Personalisierungsma\u00dfnahmen umsetzen lassen.<\/div><\/div><div class='teaserlink'><a href='https:\/\/www.striped-giraffe.com\/ebook-personalisierung-02\/' style='color:#ffffff;'>Zum E-Book<\/a><\/div><div class='wpb_single_image desktop_only'><img src='https:\/\/www.striped-giraffe.com\/wp-content\/uploads\/2021\/01\/E-Book_Personalization02_Teaser-1-600x960.jpg' \/><\/div><div class='wpb_single_image mobile_only'><img src='https:\/\/www.striped-giraffe.com\/wp-content\/uploads\/2021\/01\/E-Book_Personalization02_Teaser-1-600x700.jpg' \/><\/div><\/div><\/div><\/div><\/div><\/div><\/div><\/div>[\/vc_column_inner][\/vc_row_inner][\/vc_column][\/vc_row]<\/p>\n<\/section>","protected":false},"excerpt":{"rendered":"ECC CLUB Studie 2021 Neue Mobilit\u00e4t auf der \u00dcberholspur! Wie MaaS-Konzepte unser Leben ver\u00e4ndern Wir sind st\u00e4ndig in Bewegung und [...]","protected":false},"author":1,"featured_media":26683,"parent":0,"menu_order":0,"comment_status":"closed","ping_status":"closed","template":"page-sidebar.php","meta":{"footnotes":""},"acf":[],"yoast_head":"<!-- This site is optimized with the Yoast SEO Premium plugin v20.5 (Yoast SEO v20.5) - https:\/\/yoast.com\/wordpress\/plugins\/seo\/ -->\n<title>Download ECC Studie 2021 Mobilit\u00e4t - Striped Giraffe<\/title>\n<meta name=\"description\" content=\"Der ECC CLUB pr\u00e4sentiert eine weltweite Sicht auf die Zukunft der neuen Mobilit\u00e4t. Wie MaaS-Konzepte unser Leben ver\u00e4ndern.\" \/>\n<meta name=\"robots\" content=\"index, follow, max-snippet:-1, max-image-preview:large, max-video-preview:-1\" \/>\n<link rel=\"canonical\" href=\"https:\/\/www.striped-giraffe.com\/de\/ecc-club-studie-mobilitaet\/\" \/>\n<meta property=\"og:locale\" content=\"de_DE\" \/>\n<meta property=\"og:type\" content=\"article\" \/>\n<meta property=\"og:title\" content=\"ECC CLUB Studie &quot;Neue Mobilit\u00e4t auf der \u00dcberholspur&quot;\" \/>\n<meta property=\"og:description\" content=\"Der ECC CLUB pr\u00e4sentiert eine weltweite Sicht auf die Zukunft der neuen Mobilit\u00e4t. Wie MaaS-Konzepte unser Leben ver\u00e4ndern.\" \/>\n<meta property=\"og:url\" content=\"https:\/\/www.striped-giraffe.com\/de\/ecc-club-studie-mobilitaet\/\" \/>\n<meta property=\"og:site_name\" content=\"Striped Giraffe\" \/>\n<meta property=\"article:modified_time\" content=\"2024-09-12T15:03:57+00:00\" \/>\n<meta property=\"og:image\" content=\"https:\/\/www.striped-giraffe.com\/wp-content\/uploads\/2021\/06\/ECC-CLUB-Studie-2021_Banner-new-300dpi.png\" \/>\n\t<meta property=\"og:image:width\" content=\"1920\" \/>\n\t<meta property=\"og:image:height\" content=\"1005\" \/>\n\t<meta property=\"og:image:type\" content=\"image\/png\" \/>\n<meta name=\"twitter:card\" content=\"summary_large_image\" \/>\n<meta name=\"twitter:title\" content=\"Download ECC Studie 2021 Mobilit\u00e4t\" \/>\n<meta name=\"twitter:label1\" content=\"Gesch\u00e4tzte Lesezeit\" \/>\n\t<meta name=\"twitter:data1\" content=\"3\u00a0Minuten\" \/>\n<script type=\"application\/ld+json\" class=\"yoast-schema-graph\">{\"@context\":\"https:\/\/schema.org\",\"@graph\":[{\"@type\":\"WebPage\",\"@id\":\"https:\/\/www.striped-giraffe.com\/de\/ecc-club-studie-mobilitaet\/\",\"url\":\"https:\/\/www.striped-giraffe.com\/de\/ecc-club-studie-mobilitaet\/\",\"name\":\"Download ECC Studie 2021 Mobilit\u00e4t - Striped Giraffe\",\"isPartOf\":{\"@id\":\"https:\/\/www.striped-giraffe.com\/de\/#website\"},\"datePublished\":\"2021-06-14T10:29:29+00:00\",\"dateModified\":\"2024-09-12T15:03:57+00:00\",\"description\":\"Der ECC CLUB pr\u00e4sentiert eine weltweite Sicht auf die Zukunft der neuen Mobilit\u00e4t. Wie MaaS-Konzepte unser Leben ver\u00e4ndern.\",\"inLanguage\":\"de\",\"potentialAction\":[{\"@type\":\"ReadAction\",\"target\":[\"https:\/\/www.striped-giraffe.com\/de\/ecc-club-studie-mobilitaet\/\"]}]},{\"@type\":\"WebSite\",\"@id\":\"https:\/\/www.striped-giraffe.com\/de\/#website\",\"url\":\"https:\/\/www.striped-giraffe.com\/de\/\",\"name\":\"Striped Giraffe\",\"description\":\"Ihr zuverl\u00e4ssiger Anbieter f\u00fcr digitale Enterprise-L\u00f6sungen\",\"publisher\":{\"@id\":\"https:\/\/www.striped-giraffe.com\/de\/#organization\"},\"potentialAction\":[{\"@type\":\"SearchAction\",\"target\":{\"@type\":\"EntryPoint\",\"urlTemplate\":\"https:\/\/www.striped-giraffe.com\/de\/?s={search_term_string}\"},\"query-input\":\"required name=search_term_string\"}],\"inLanguage\":\"de\"},{\"@type\":\"Organization\",\"@id\":\"https:\/\/www.striped-giraffe.com\/de\/#organization\",\"name\":\"Striped Giraffe\",\"url\":\"https:\/\/www.striped-giraffe.com\/de\/\",\"logo\":{\"@type\":\"ImageObject\",\"inLanguage\":\"de\",\"@id\":\"https:\/\/www.striped-giraffe.com\/de\/#\/schema\/logo\/image\/\",\"url\":\"https:\/\/www.striped-giraffe.com\/wp-content\/uploads\/2021\/01\/giraffe_white.svg\",\"contentUrl\":\"https:\/\/www.striped-giraffe.com\/wp-content\/uploads\/2021\/01\/giraffe_white.svg\",\"caption\":\"Striped Giraffe\"},\"image\":{\"@id\":\"https:\/\/www.striped-giraffe.com\/de\/#\/schema\/logo\/image\/\"}}]}<\/script>\n<!-- \/ Yoast SEO Premium plugin. -->","yoast_head_json":{"title":"Download ECC Studie 2021 Mobilit\u00e4t - Striped Giraffe","description":"Der ECC CLUB pr\u00e4sentiert eine weltweite Sicht auf die Zukunft der neuen Mobilit\u00e4t. Wie MaaS-Konzepte unser Leben ver\u00e4ndern.","robots":{"index":"index","follow":"follow","max-snippet":"max-snippet:-1","max-image-preview":"max-image-preview:large","max-video-preview":"max-video-preview:-1"},"canonical":"https:\/\/www.striped-giraffe.com\/de\/ecc-club-studie-mobilitaet\/","og_locale":"de_DE","og_type":"article","og_title":"ECC CLUB Studie \"Neue Mobilit\u00e4t auf der \u00dcberholspur\"","og_description":"Der ECC CLUB pr\u00e4sentiert eine weltweite Sicht auf die Zukunft der neuen Mobilit\u00e4t. Wie MaaS-Konzepte unser Leben ver\u00e4ndern.","og_url":"https:\/\/www.striped-giraffe.com\/de\/ecc-club-studie-mobilitaet\/","og_site_name":"Striped Giraffe","article_modified_time":"2024-09-12T15:03:57+00:00","og_image":[{"width":1920,"height":1005,"url":"https:\/\/www.striped-giraffe.com\/wp-content\/uploads\/2021\/06\/ECC-CLUB-Studie-2021_Banner-new-300dpi.png","type":"image\/png"}],"twitter_card":"summary_large_image","twitter_title":"Download ECC Studie 2021 Mobilit\u00e4t","twitter_misc":{"Gesch\u00e4tzte Lesezeit":"3\u00a0Minuten"},"schema":{"@context":"https:\/\/schema.org","@graph":[{"@type":"WebPage","@id":"https:\/\/www.striped-giraffe.com\/de\/ecc-club-studie-mobilitaet\/","url":"https:\/\/www.striped-giraffe.com\/de\/ecc-club-studie-mobilitaet\/","name":"Download ECC Studie 2021 Mobilit\u00e4t - Striped Giraffe","isPartOf":{"@id":"https:\/\/www.striped-giraffe.com\/de\/#website"},"datePublished":"2021-06-14T10:29:29+00:00","dateModified":"2024-09-12T15:03:57+00:00","description":"Der ECC CLUB pr\u00e4sentiert eine weltweite Sicht auf die Zukunft der neuen Mobilit\u00e4t. Wie MaaS-Konzepte unser Leben ver\u00e4ndern.","inLanguage":"de","potentialAction":[{"@type":"ReadAction","target":["https:\/\/www.striped-giraffe.com\/de\/ecc-club-studie-mobilitaet\/"]}]},{"@type":"WebSite","@id":"https:\/\/www.striped-giraffe.com\/de\/#website","url":"https:\/\/www.striped-giraffe.com\/de\/","name":"Striped Giraffe","description":"Ihr zuverl\u00e4ssiger Anbieter f\u00fcr digitale Enterprise-L\u00f6sungen","publisher":{"@id":"https:\/\/www.striped-giraffe.com\/de\/#organization"},"potentialAction":[{"@type":"SearchAction","target":{"@type":"EntryPoint","urlTemplate":"https:\/\/www.striped-giraffe.com\/de\/?s={search_term_string}"},"query-input":"required name=search_term_string"}],"inLanguage":"de"},{"@type":"Organization","@id":"https:\/\/www.striped-giraffe.com\/de\/#organization","name":"Striped Giraffe","url":"https:\/\/www.striped-giraffe.com\/de\/","logo":{"@type":"ImageObject","inLanguage":"de","@id":"https:\/\/www.striped-giraffe.com\/de\/#\/schema\/logo\/image\/","url":"https:\/\/www.striped-giraffe.com\/wp-content\/uploads\/2021\/01\/giraffe_white.svg","contentUrl":"https:\/\/www.striped-giraffe.com\/wp-content\/uploads\/2021\/01\/giraffe_white.svg","caption":"Striped Giraffe"},"image":{"@id":"https:\/\/www.striped-giraffe.com\/de\/#\/schema\/logo\/image\/"}}]}},"_links":{"self":[{"href":"https:\/\/www.striped-giraffe.com\/de\/wp-json\/wp\/v2\/pages\/26359"}],"collection":[{"href":"https:\/\/www.striped-giraffe.com\/de\/wp-json\/wp\/v2\/pages"}],"about":[{"href":"https:\/\/www.striped-giraffe.com\/de\/wp-json\/wp\/v2\/types\/page"}],"author":[{"embeddable":true,"href":"https:\/\/www.striped-giraffe.com\/de\/wp-json\/wp\/v2\/users\/1"}],"replies":[{"embeddable":true,"href":"https:\/\/www.striped-giraffe.com\/de\/wp-json\/wp\/v2\/comments?post=26359"}],"version-history":[{"count":17,"href":"https:\/\/www.striped-giraffe.com\/de\/wp-json\/wp\/v2\/pages\/26359\/revisions"}],"predecessor-version":[{"id":37725,"href":"https:\/\/www.striped-giraffe.com\/de\/wp-json\/wp\/v2\/pages\/26359\/revisions\/37725"}],"wp:featuredmedia":[{"embeddable":true,"href":"https:\/\/www.striped-giraffe.com\/de\/wp-json\/wp\/v2\/media\/26683"}],"wp:attachment":[{"href":"https:\/\/www.striped-giraffe.com\/de\/wp-json\/wp\/v2\/media?parent=26359"}],"curies":[{"name":"wp","href":"https:\/\/api.w.org\/{rel}","templated":true}]}}