{"id":28730,"date":"2021-12-13T17:56:16","date_gmt":"2021-12-13T16:56:16","guid":{"rendered":"https:\/\/www.striped-giraffe.com\/ueber-uns\/karriere\/java-developer-copy\/"},"modified":"2026-01-12T14:01:54","modified_gmt":"2026-01-12T13:01:54","slug":"projektmanager","status":"publish","type":"page","link":"https:\/\/www.striped-giraffe.com\/de\/ueber-uns\/karriere\/projektmanager\/","title":{"rendered":"Stellenangebot Projektmanager"},"content":{"rendered":"<section class=\"wpb-content-wrapper\"><p>[vc_row full_width=&#8220;stretch_row&#8220; full_height=&#8220;yes&#8220; parallax=&#8220;content-moving&#8220; parallax_image=&#8220;495&#8243; css=&#8220;.vc_custom_1609860498031{background-position: center;background-repeat: no-repeat !important;background-size: cover !important;}&#8220;][vc_column css=&#8220;.vc_custom_1609860591051{padding-left: 50px !important;}&#8220;][vc_column_text]<\/p>\n<h1 class=\"headline_superbig\" style=\"text-align: left;\"><span style=\"color: #ef6c00;\"><span style=\"color: #ffffff;\">Komm zu uns.<\/span><\/span><\/h1>\n<p>[\/vc_column_text][\/vc_column][\/vc_row][vc_row el_class=&#8220;closetotop&#8220; css=&#8220;.vc_custom_1609844996078{padding-top: 50px !important;background-color: #ffffff !important;}&#8220;][vc_column][vc_column_text]<\/p>\n<h2 class=\"headline_introduction\" style=\"text-align: center;\">Werde ein Striped Giraffe Team Member. Wir suchen einen erfahrenen <span style=\"color: #ef6c00;\">Projektmanager<\/span> (m\/w\/d) in Vollzeit.<\/h2>\n<p>[\/vc_column_text][vc_separator color=&#8220;black&#8220; border_width=&#8220;5&#8243; el_width=&#8220;10&#8243; css=&#8220;.vc_custom_1609932438645{margin-top: 50px !important;}&#8220;][\/vc_column][\/vc_row][vc_row css=&#8220;.vc_custom_1610022897543{margin-bottom: 100px !important;background-color: #ffffff !important;}&#8220;][vc_column][vc_column_text]Wir sch\u00e4tzen Pers\u00f6nlichkeiten, die mit Leidenschaft und Neugier Herausforderungen meistern und gemeinsam im Team nachhaltig etwas bewegen wollen. Denn niemand kann alleine die Welt bewegen. Bei uns erh\u00e4lt jede Mitarbeiterin und jeder Mitarbeiter die M\u00f6glichkeit, individuelle St\u00e4rken einzubringen und weiterzuentwickeln sowie gemeinsam Erfolge zu gestalten.[\/vc_column_text][\/vc_column][\/vc_row][vc_row gap=&#8220;35&#8243; css=&#8220;.vc_custom_1609933465159{margin-top: 50px !important;}&#8220;][vc_column width=&#8220;1\/3&#8243;][vc_column_text]<\/p>\n<h2>Deine Aufgaben<\/h2>\n<p>[\/vc_column_text][\/vc_column][vc_column width=&#8220;2\/3&#8243; css=&#8220;.vc_custom_1609846990086{padding-left: 25px !important;}&#8220;][vc_column_text]<\/p>\n<ul>\n<li>Organisation und Verantwortung sowohl f\u00fcr das Projektteam als auch f\u00fcr den Kunden<\/li>\n<li>Team- und Budgetplanung<\/li>\n<li>Analytisches Denken mit einer positiven und l\u00f6sungsorientierten Denkweise, um dem Kunden Strategien, Ideen und Folgeprojekte, sowie -l\u00f6sungen empfehlen zu k\u00f6nnen<\/li>\n<li>Ein Auge f\u00fcr Details, um jederzeit eine hohe Qualit\u00e4t der Ergebnisse gew\u00e4hrleisten zu k\u00f6nnen<\/li>\n<li>Aufbau intensiver und enger Kundenbeziehungen und st\u00e4ndiges Streben nach hervorragendem Kundenservice<\/li>\n<li>Sicherstellung der Einhaltung von Umfang, Zeit, Kosten und Qualit\u00e4tsaspekten<\/li>\n<li>Effektiver und effizienter Kommunikator, der Erfahrung mit Pr\u00e4sentationen vor Kunden hat und Kundenkontakt sucht<\/li>\n<li>Business Development Skills sind uns wichtig; immer ein Ohr an den Sorgen und N\u00f6ten unserer Kunden<\/li>\n<\/ul>\n<p>[\/vc_column_text][\/vc_column][\/vc_row][vc_row gap=&#8220;35&#8243; css=&#8220;.vc_custom_1609933465159{margin-top: 50px !important;}&#8220;][vc_column width=&#8220;1\/3&#8243;][vc_column_text]<\/p>\n<h2>Dein Profil<\/h2>\n<p>[\/vc_column_text][\/vc_column][vc_column width=&#8220;2\/3&#8243; css=&#8220;.vc_custom_1609846990086{padding-left: 25px !important;}&#8220;][vc_column_text]<\/p>\n<ul>\n<li>Nachweisbare Berufserfahrung als Projektmanager, vorzugsweise in einem internationalen Arbeitsumfeld und mit einem digitalen und agilen Schwerpunkt<\/li>\n<li>Sehr gute Erfahrung mit Projektmanagement-Prozessen, Software und Tools (z.B. Confluence, Jira, Slack, Teams)<\/li>\n<li>Nachgewiesene F\u00e4higkeit, Workshops mit Kunden zu organisieren und durchzuf\u00fchren<\/li>\n<li>F\u00e4higkeit agile Arbeitsweisen zu verstehen, zu leben und auch mit Hybriden umgehen zu k\u00f6nnen<\/li>\n<li>Bew\u00e4hrte F\u00e4higkeit zur Projektplanung und -organisation<\/li>\n<li>Starke Kommunikationsf\u00e4higkeiten, Eigeninitiative, Standing im Umgang mit Menschen sowie ein hohes Ma\u00df an Selbstorganisation und Probleml\u00f6sungsf\u00e4higkeit<\/li>\n<li>Ausgepr\u00e4gtes Verst\u00e4ndnis f\u00fcr aktuelle und zuk\u00fcnftige Technologien<\/li>\n<li>Flie\u00dfende Englisch- und Deutschkenntnisse in Wort und Schrift<\/li>\n<li>Erfahrungen im E-Commerce sind von Vorteil<\/li>\n<li>Teamf\u00e4higkeit ist ein Muss<\/li>\n<\/ul>\n<p>[\/vc_column_text][\/vc_column][\/vc_row][vc_row gap=&#8220;35&#8243; css=&#8220;.vc_custom_1614006787340{margin-top: 50px !important;margin-bottom: 100px !important;}&#8220;][vc_column width=&#8220;1\/3&#8243;][vc_column_text]<\/p>\n<h2>Das bieten wir dir<\/h2>\n<p>[\/vc_column_text][\/vc_column][vc_column width=&#8220;2\/3&#8243; css=&#8220;.vc_custom_1609846990086{padding-left: 25px !important;}&#8220;][vc_column_text]<\/p>\n<ul>\n<li>Eine abwechslungsreiche und anspruchsvolle Aufgabe in einem innovativen Umfeld<\/li>\n<li>Hochwertiges B\u00fcro im Herzen von M\u00fcnchen<\/li>\n<li>Teilnahme an innovativen Projekten<\/li>\n<li>Internationales, freundliches und unkompliziertes Team<\/li>\n<li>Attraktives Gehalt<\/li>\n<li>Insights in die neusten Technologien<\/li>\n<li>Flexible Arbeitszeiten<\/li>\n<li>Top-Kunden<\/li>\n<li>M\u00f6glichkeiten zur Weiterentwicklung<\/li>\n<li>Social Events<\/li>\n<\/ul>\n<p>[\/vc_column_text][\/vc_column][\/vc_row][vc_row el_class=&#8220;closetotop&#8220; css=&#8220;.vc_custom_1614006814390{margin-top: 50px !important;margin-bottom: 100px !important;padding-top: 50px !important;background-color: #ffffff !important;}&#8220;][vc_column width=&#8220;1\/4&#8243;][\/vc_column][vc_column width=&#8220;1\/2&#8243;][vc_column_text]<\/p>\n<h3 style=\"text-align: center;\"><strong>Hast du noch Fragen oder m\u00f6chtest du dich direkt bewerben?<\/strong><\/h3>\n<p style=\"text-align: center;\">Dann melde dich gerne bei uns oder sende deine ausf\u00fchrlichen Bewerbungsunterlagen mit Angabe des m\u00f6glichen Eintrittstermins und deiner Gehaltsvorstellung an:<\/p>\n<p style=\"text-align: center;\"><strong>Juliane Bauch<\/strong><\/p>\n<h2 style=\"text-align: center;\"><span style=\"color: #ef6c00;\"><a style=\"color: #ef6c00;\" href=\"mailto:career@striped-giraffe.com\">career@striped-giraffe.com<\/a><\/span><\/h2>\n<p>[\/vc_column_text][\/vc_column][vc_column width=&#8220;1\/4&#8243;][\/vc_column][\/vc_row]<\/p>\n<\/section>","protected":false},"excerpt":{"rendered":"<p>[vc_row full_width=&#8220;stretch_row&#8220; full_height=&#8220;yes&#8220; parallax=&#8220;content-moving&#8220; parallax_image=&#8220;495&#8243; css=&#8220;.vc_custom_1609860498031{background-position: center;background-repeat: no-repeat !important;background-size: cover !important;}&#8220;][vc_column css=&#8220;.vc_custom_1609860591051{padding-left: 50px !important;}&#8220;][vc_column_text] Komm zu uns. [\/vc_column_text][\/vc_column][\/vc_row][vc_row el_class=&#8220;closetotop&#8220; css=&#8220;.vc_custom_1609844996078{padding-top: [&hellip;]<\/p>\n","protected":false},"author":1,"featured_media":0,"parent":493,"menu_order":0,"comment_status":"closed","ping_status":"closed","template":"","meta":{"footnotes":""},"acf":[],"yoast_head":"<!-- This site is optimized with the Yoast SEO Premium plugin v20.5 (Yoast SEO v20.5) - https:\/\/yoast.com\/wordpress\/plugins\/seo\/ -->\n<title>Stellenangebot Projektmanager - Striped Giraffe<\/title>\n<meta name=\"robots\" content=\"index, follow, max-snippet:-1, max-image-preview:large, max-video-preview:-1\" \/>\n<link rel=\"canonical\" href=\"https:\/\/www.striped-giraffe.com\/de\/ueber-uns\/karriere\/projektmanager\/\" \/>\n<meta property=\"og:locale\" content=\"de_DE\" \/>\n<meta property=\"og:type\" content=\"article\" \/>\n<meta property=\"og:title\" content=\"Stellenangebot Projektmanager\" \/>\n<meta property=\"og:description\" content=\"[vc_row full_width=&#8220;stretch_row&#8220; full_height=&#8220;yes&#8220; parallax=&#8220;content-moving&#8220; parallax_image=&#8220;495&#8243; css=&#8220;.vc_custom_1609860498031{background-position: center;background-repeat: no-repeat !important;background-size: cover !important;}&#8220;][vc_column css=&#8220;.vc_custom_1609860591051{padding-left: 50px !important;}&#8220;][vc_column_text] Komm zu uns. [\/vc_column_text][\/vc_column][\/vc_row][vc_row el_class=&#8220;closetotop&#8220; css=&#8220;.vc_custom_1609844996078{padding-top: [&hellip;]\" \/>\n<meta property=\"og:url\" content=\"https:\/\/www.striped-giraffe.com\/de\/ueber-uns\/karriere\/projektmanager\/\" \/>\n<meta property=\"og:site_name\" content=\"Striped Giraffe\" \/>\n<meta property=\"article:modified_time\" content=\"2026-01-12T13:01:54+00:00\" \/>\n<meta name=\"twitter:card\" content=\"summary_large_image\" \/>\n<meta name=\"twitter:label1\" content=\"Gesch\u00e4tzte Lesezeit\" \/>\n\t<meta name=\"twitter:data1\" content=\"3\u00a0Minuten\" \/>\n<script type=\"application\/ld+json\" class=\"yoast-schema-graph\">{\"@context\":\"https:\/\/schema.org\",\"@graph\":[{\"@type\":\"WebPage\",\"@id\":\"https:\/\/www.striped-giraffe.com\/de\/ueber-uns\/karriere\/projektmanager\/\",\"url\":\"https:\/\/www.striped-giraffe.com\/de\/ueber-uns\/karriere\/projektmanager\/\",\"name\":\"Stellenangebot Projektmanager - Striped Giraffe\",\"isPartOf\":{\"@id\":\"https:\/\/www.striped-giraffe.com\/de\/#website\"},\"datePublished\":\"2021-12-13T16:56:16+00:00\",\"dateModified\":\"2026-01-12T13:01:54+00:00\",\"breadcrumb\":{\"@id\":\"https:\/\/www.striped-giraffe.com\/de\/ueber-uns\/karriere\/projektmanager\/#breadcrumb\"},\"inLanguage\":\"de\",\"potentialAction\":[{\"@type\":\"ReadAction\",\"target\":[\"https:\/\/www.striped-giraffe.com\/de\/ueber-uns\/karriere\/projektmanager\/\"]}]},{\"@type\":\"BreadcrumbList\",\"@id\":\"https:\/\/www.striped-giraffe.com\/de\/ueber-uns\/karriere\/projektmanager\/#breadcrumb\",\"itemListElement\":[{\"@type\":\"ListItem\",\"position\":1,\"name\":\"\u00dcber uns\",\"item\":\"https:\/\/www.striped-giraffe.com\/de\/ueber-uns\/\"},{\"@type\":\"ListItem\",\"position\":2,\"name\":\"Karriere\",\"item\":\"https:\/\/www.striped-giraffe.com\/de\/ueber-uns\/karriere\/\"},{\"@type\":\"ListItem\",\"position\":3,\"name\":\"Stellenangebot Projektmanager\"}]},{\"@type\":\"WebSite\",\"@id\":\"https:\/\/www.striped-giraffe.com\/de\/#website\",\"url\":\"https:\/\/www.striped-giraffe.com\/de\/\",\"name\":\"Striped Giraffe\",\"description\":\"Ihr zuverl\u00e4ssiger Anbieter f\u00fcr digitale Enterprise-L\u00f6sungen\",\"publisher\":{\"@id\":\"https:\/\/www.striped-giraffe.com\/de\/#organization\"},\"potentialAction\":[{\"@type\":\"SearchAction\",\"target\":{\"@type\":\"EntryPoint\",\"urlTemplate\":\"https:\/\/www.striped-giraffe.com\/de\/?s={search_term_string}\"},\"query-input\":\"required name=search_term_string\"}],\"inLanguage\":\"de\"},{\"@type\":\"Organization\",\"@id\":\"https:\/\/www.striped-giraffe.com\/de\/#organization\",\"name\":\"Striped Giraffe\",\"url\":\"https:\/\/www.striped-giraffe.com\/de\/\",\"logo\":{\"@type\":\"ImageObject\",\"inLanguage\":\"de\",\"@id\":\"https:\/\/www.striped-giraffe.com\/de\/#\/schema\/logo\/image\/\",\"url\":\"https:\/\/www.striped-giraffe.com\/wp-content\/uploads\/2021\/01\/giraffe_white.svg\",\"contentUrl\":\"https:\/\/www.striped-giraffe.com\/wp-content\/uploads\/2021\/01\/giraffe_white.svg\",\"caption\":\"Striped Giraffe\"},\"image\":{\"@id\":\"https:\/\/www.striped-giraffe.com\/de\/#\/schema\/logo\/image\/\"}}]}<\/script>\n<!-- \/ Yoast SEO Premium plugin. -->","yoast_head_json":{"title":"Stellenangebot Projektmanager - Striped Giraffe","robots":{"index":"index","follow":"follow","max-snippet":"max-snippet:-1","max-image-preview":"max-image-preview:large","max-video-preview":"max-video-preview:-1"},"canonical":"https:\/\/www.striped-giraffe.com\/de\/ueber-uns\/karriere\/projektmanager\/","og_locale":"de_DE","og_type":"article","og_title":"Stellenangebot Projektmanager","og_description":"[vc_row full_width=&#8220;stretch_row&#8220; full_height=&#8220;yes&#8220; parallax=&#8220;content-moving&#8220; parallax_image=&#8220;495&#8243; css=&#8220;.vc_custom_1609860498031{background-position: center;background-repeat: no-repeat !important;background-size: cover !important;}&#8220;][vc_column css=&#8220;.vc_custom_1609860591051{padding-left: 50px !important;}&#8220;][vc_column_text] Komm zu uns. [\/vc_column_text][\/vc_column][\/vc_row][vc_row el_class=&#8220;closetotop&#8220; css=&#8220;.vc_custom_1609844996078{padding-top: [&hellip;]","og_url":"https:\/\/www.striped-giraffe.com\/de\/ueber-uns\/karriere\/projektmanager\/","og_site_name":"Striped Giraffe","article_modified_time":"2026-01-12T13:01:54+00:00","twitter_card":"summary_large_image","twitter_misc":{"Gesch\u00e4tzte Lesezeit":"3\u00a0Minuten"},"schema":{"@context":"https:\/\/schema.org","@graph":[{"@type":"WebPage","@id":"https:\/\/www.striped-giraffe.com\/de\/ueber-uns\/karriere\/projektmanager\/","url":"https:\/\/www.striped-giraffe.com\/de\/ueber-uns\/karriere\/projektmanager\/","name":"Stellenangebot Projektmanager - Striped Giraffe","isPartOf":{"@id":"https:\/\/www.striped-giraffe.com\/de\/#website"},"datePublished":"2021-12-13T16:56:16+00:00","dateModified":"2026-01-12T13:01:54+00:00","breadcrumb":{"@id":"https:\/\/www.striped-giraffe.com\/de\/ueber-uns\/karriere\/projektmanager\/#breadcrumb"},"inLanguage":"de","potentialAction":[{"@type":"ReadAction","target":["https:\/\/www.striped-giraffe.com\/de\/ueber-uns\/karriere\/projektmanager\/"]}]},{"@type":"BreadcrumbList","@id":"https:\/\/www.striped-giraffe.com\/de\/ueber-uns\/karriere\/projektmanager\/#breadcrumb","itemListElement":[{"@type":"ListItem","position":1,"name":"\u00dcber uns","item":"https:\/\/www.striped-giraffe.com\/de\/ueber-uns\/"},{"@type":"ListItem","position":2,"name":"Karriere","item":"https:\/\/www.striped-giraffe.com\/de\/ueber-uns\/karriere\/"},{"@type":"ListItem","position":3,"name":"Stellenangebot Projektmanager"}]},{"@type":"WebSite","@id":"https:\/\/www.striped-giraffe.com\/de\/#website","url":"https:\/\/www.striped-giraffe.com\/de\/","name":"Striped Giraffe","description":"Ihr zuverl\u00e4ssiger Anbieter f\u00fcr digitale Enterprise-L\u00f6sungen","publisher":{"@id":"https:\/\/www.striped-giraffe.com\/de\/#organization"},"potentialAction":[{"@type":"SearchAction","target":{"@type":"EntryPoint","urlTemplate":"https:\/\/www.striped-giraffe.com\/de\/?s={search_term_string}"},"query-input":"required name=search_term_string"}],"inLanguage":"de"},{"@type":"Organization","@id":"https:\/\/www.striped-giraffe.com\/de\/#organization","name":"Striped Giraffe","url":"https:\/\/www.striped-giraffe.com\/de\/","logo":{"@type":"ImageObject","inLanguage":"de","@id":"https:\/\/www.striped-giraffe.com\/de\/#\/schema\/logo\/image\/","url":"https:\/\/www.striped-giraffe.com\/wp-content\/uploads\/2021\/01\/giraffe_white.svg","contentUrl":"https:\/\/www.striped-giraffe.com\/wp-content\/uploads\/2021\/01\/giraffe_white.svg","caption":"Striped Giraffe"},"image":{"@id":"https:\/\/www.striped-giraffe.com\/de\/#\/schema\/logo\/image\/"}}]}},"_links":{"self":[{"href":"https:\/\/www.striped-giraffe.com\/de\/wp-json\/wp\/v2\/pages\/28730"}],"collection":[{"href":"https:\/\/www.striped-giraffe.com\/de\/wp-json\/wp\/v2\/pages"}],"about":[{"href":"https:\/\/www.striped-giraffe.com\/de\/wp-json\/wp\/v2\/types\/page"}],"author":[{"embeddable":true,"href":"https:\/\/www.striped-giraffe.com\/de\/wp-json\/wp\/v2\/users\/1"}],"replies":[{"embeddable":true,"href":"https:\/\/www.striped-giraffe.com\/de\/wp-json\/wp\/v2\/comments?post=28730"}],"version-history":[{"count":6,"href":"https:\/\/www.striped-giraffe.com\/de\/wp-json\/wp\/v2\/pages\/28730\/revisions"}],"predecessor-version":[{"id":42203,"href":"https:\/\/www.striped-giraffe.com\/de\/wp-json\/wp\/v2\/pages\/28730\/revisions\/42203"}],"up":[{"embeddable":true,"href":"https:\/\/www.striped-giraffe.com\/de\/wp-json\/wp\/v2\/pages\/493"}],"wp:attachment":[{"href":"https:\/\/www.striped-giraffe.com\/de\/wp-json\/wp\/v2\/media?parent=28730"}],"curies":[{"name":"wp","href":"https:\/\/api.w.org\/{rel}","templated":true}]}}