{"id":29363,"date":"2021-12-15T16:26:20","date_gmt":"2021-12-15T15:26:20","guid":{"rendered":"https:\/\/www.striped-giraffe.com\/?page_id=29363"},"modified":"2022-05-23T11:04:13","modified_gmt":"2022-05-23T09:04:13","slug":"ecommerce-evaluationsleitfaden","status":"publish","type":"page","link":"https:\/\/www.striped-giraffe.com\/de\/ecommerce-evaluationsleitfaden\/","title":{"rendered":"E-Commerce-Leitfaden"},"content":{"rendered":"<section class=\"wpb-content-wrapper\"><p>[vc_row full_width=&#8220;stretch_row&#8220; full_height=&#8220;yes&#8220; equal_height=&#8220;yes&#8220; bg_type=&#8220;image&#8220; parallax_style=&#8220;vcpb-default&#8220; bg_image_new=&#8220;id^29351|url^https:\/\/www.striped-giraffe.com\/wp-content\/uploads\/2022\/02\/Header_Evaluation_Guides.jpg|caption^E-Commerce Solution Selection Guide &#8211; technologies, evaluation, drivers|alt^E-Commerce,Solution Selection,Guide,technologies,evaluation,drivers,project management|title^E-Commerce Solution Selection Guide|description^null&#8220; css=&#8220;.vc_custom_1644849508257{background-position: center !important;background-repeat: no-repeat !important;background-size: cover !important;}&#8220;][vc_column][vc_row_inner css=&#8220;.vc_custom_1639584382607{margin-bottom: 100px !important;padding-top: 50px !important;padding-bottom: 50px !important;}&#8220;][vc_column_inner][vc_column_text]<\/p>\n<h1 class=\"headline_superbig\" style=\"text-align: center;\"><span style=\"color: #ffffff;\">Leitfaden zur Auswahl von E-Commerce-L\u00f6sungen <\/span><\/h1>\n<p>[\/vc_column_text][\/vc_column_inner][\/vc_row_inner][\/vc_column][\/vc_row][vc_row gap=&#8220;35&#8243; el_class=&#8220;closetotop&#8220; css=&#8220;.vc_custom_1644844445363{padding-top: 30px !important;padding-bottom: 30px !important;background-color: #ffffff !important;}&#8220;][vc_column][vc_column_text]<\/p>\n<h3>Jedes Unternehmen hat seine eigenen Anforderungen in Bezug auf E-Commerce. Dar\u00fcber hinaus m\u00fcssen alle Prozesse, Strukturen und die IT-Landschaft ber\u00fccksichtigt werden. Diese Leitf\u00e4den unterst\u00fctzen Sie dabei, die perfekte E-Commerce-L\u00f6sung f\u00fcr Ihr Unternehmen zu finden.<\/h3>\n<p>[\/vc_column_text][\/vc_column][\/vc_row][vc_row gap=&#8220;35&#8243; css=&#8220;.vc_custom_1653296336861{margin-bottom: 0px !important;}&#8220;][vc_column width=&#8220;2\/3&#8243;][vc_column_text]<\/p>\n<h2 class=\"headline_superbig\">Ihre neue E-Commerce-L\u00f6sung<\/h2>\n<p>[\/vc_column_text][\/vc_column][vc_column width=&#8220;1\/3&#8243;][\/vc_column][\/vc_row][vc_row gap=&#8220;35&#8243; css=&#8220;.vc_custom_1653296093750{margin-bottom: 100px !important;}&#8220;][vc_column width=&#8220;2\/3&#8243;][vc_column_text]Wie immer beginnt alles mit der genauen Zielsetzung und der passenden Strategie. Bei der Umsetzung kommt es dann auf die richtige Technologie an. Und genau hier setzen unsere beiden Leitf\u00e4den an. Sie geben Ihnen Auskunft dar\u00fcber, wie Sie das Thema systematisch angehen, was zu beachten ist und wie Sie Ihr ideales System finden. Schlie\u00dflich werden Sie viel Zeit und Geld in Ihre E-Commerce-L\u00f6sung investieren. Deshalb muss sie perfekt zu Ihrem Unternehmen passen, damit sie sich am Ende auch auszahlt.<\/p>\n<p>Lassen Sie sich bei der Auswahl Ihrer E-Commerce-L\u00f6sung nicht von kurzfristigen Trends und schwammigen Schlagw\u00f6rtern beeinflussen, sondern verlassen Sie sich ausschlie\u00dflich auf <strong>Fakten und fundiertes Know-How<\/strong>.[\/vc_column_text][\/vc_column][vc_column width=&#8220;1\/3&#8243;][vc_column_text]<span style=\"color: #ef6c00;\">Klicken Sie auf die Infografik f\u00fcr einen \u00dcberblick \u00fcber die relevanten Aspekte bei der Wahl einer neuen E-Commerce-L\u00f6sung. <\/span>\u2193[\/vc_column_text][vc_empty_space height=&#8220;10px&#8220;][vc_single_image image=&#8220;31154&#8243; img_size=&#8220;full&#8220; onclick=&#8220;custom_link&#8220; link=&#8220;https:\/\/www.striped-giraffe.com\/wp-content\/uploads\/2022\/05\/Striped_Giraffe_Infografik_E-Commerce-Lo\u0308sung_de.pdf&#8220;][\/vc_column][\/vc_row][vc_row css=&#8220;.vc_custom_1639582868872{margin-bottom: 100px !important;}&#8220;][vc_column width=&#8220;2\/3&#8243;][vc_column_text]<\/p>\n<h2 class=\"headline_superbig\">Zwei Leitf\u00e4den f\u00fcr die Auswahl Ihrer E-Commerce-L\u00f6sung<\/h2>\n<p>Die beiden Leitf\u00e4den, die Sie hier kostenlos herunterladen k\u00f6nnen, geben Ihnen einen \u00dcberblick \u00fcber bestehende Technologien. Au\u00dferdem erhalten Sie zahlreiche Tipps zur Planung und Umsetzung Ihres E-Commerce.<\/p>\n<p>Nat\u00fcrlich k\u00f6nnen Sie sich bei speziellen Fragen jederzeit an unsere E-Commerce-Experten wenden: <a href=\"mailto:ecommerce@striped-giraffe.com\">ecommerce@striped-giraffe.com<\/a>[\/vc_column_text][\/vc_column][vc_column width=&#8220;1\/3&#8243;][\/vc_column][\/vc_row][vc_row css=&#8220;.vc_custom_1648482252318{margin-bottom: 50px !important;}&#8220;][vc_column width=&#8220;1\/3&#8243;]<div class=\"templatera_shortcode\"><div class=\"vc_row wpb_row vc_row-fluid\"><div class=\"wpb_column vc_column_container vc_col-sm-12\"><div class=\"vc_column-inner\"><div class=\"wpb_wrapper\"><div id='' class='teaserbox  nooverlay'><div class='teaserbox_inner'><div class='teaserheadline'><h2 style='color:#ef6c00;font-family:DinWebPro Bold;'>Technologie-\u00dcbersicht &amp; Evaluierungs-Prozess<\/h2><h3 style='color:#ffffff;'>Leitfaden zur Auswahl der richtige E-Commerce-L\u00f6sung 01<\/h3><\/div><div class='teaserlink'><a href='https:\/\/www.striped-giraffe.com\/de\/ecommerce-evaluationsleitfaden-01\/' style='color:#ffffff;'>Download<\/a><\/div><div class='wpb_single_image desktop_only'><img src='https:\/\/www.striped-giraffe.com\/wp-content\/uploads\/2022\/03\/Evaluation_Guide_01_Teaser_b-600x960.jpg' \/><\/div><div class='wpb_single_image mobile_only'><img src='https:\/\/www.striped-giraffe.com\/wp-content\/uploads\/2022\/03\/Evaluation_Guide_01_Teaser_b-600x700.jpg' \/><\/div><\/div><\/div><\/div><\/div><\/div><\/div><\/div>[\/vc_column][vc_column width=&#8220;1\/3&#8243;]<div class=\"templatera_shortcode\"><div class=\"vc_row wpb_row vc_row-fluid\"><div class=\"wpb_column vc_column_container vc_col-sm-12\"><div class=\"vc_column-inner\"><div class=\"wpb_wrapper\"><div id='' class='teaserbox  nooverlay'><div class='teaserbox_inner'><div class='teaserheadline'><h2 style='color:#ef6c00;font-family:DinWebPro Bold;'>Evaluierungs-Kriterien<\/h2><h3 style='color:#ffffff;'>Leitfaden zur Auswahl der richtige E-Commerce-L\u00f6sung 02<\/h3><\/div><div class='teaserlink'><a href='https:\/\/www.striped-giraffe.com\/de\/ecommerce-evaluationsleitfaden-02\/' style='color:#ffffff;'>Download<\/a><\/div><div class='wpb_single_image desktop_only'><img src='https:\/\/www.striped-giraffe.com\/wp-content\/uploads\/2022\/03\/Evaluation_Guide_02_Teaser-1-600x960.jpg' \/><\/div><div class='wpb_single_image mobile_only'><img src='https:\/\/www.striped-giraffe.com\/wp-content\/uploads\/2022\/03\/Evaluation_Guide_02_Teaser-1-600x700.jpg' \/><\/div><\/div><\/div><\/div><\/div><\/div><\/div><\/div>[\/vc_column][vc_column width=&#8220;1\/3&#8243;][\/vc_column][\/vc_row][vc_row full_width=&#8220;stretch_row&#8220; bg_type=&#8220;bg_color&#8220; bg_color_value=&#8220;#000000&#8243;][vc_column][vc_row_inner][vc_column_inner][vc_column_text css=&#8220;.vc_custom_1644851675990{margin-top: 100px !important;}&#8220;]<\/p>\n<h2 class=\"headline_superbig\"><span style=\"color: #ffffff;\">Gut zu wissen<\/span><\/h2>\n<p>[\/vc_column_text][\/vc_column_inner][\/vc_row_inner][\/vc_column][\/vc_row][vc_row full_width=&#8220;stretch_row&#8220; gap=&#8220;35&#8243; bg_type=&#8220;bg_color&#8220; css=&#8220;.vc_custom_1609934688295{margin-top: 0px !important;margin-bottom: 0px !important;padding-top: 100px !important;padding-bottom: 100px !important;}&#8220; bg_color_value=&#8220;#000000&#8243;][vc_column][vc_row_inner][vc_column_inner width=&#8220;1\/3&#8243; css=&#8220;.vc_custom_1610013762619{padding-right: 25px !important;}&#8220;][vc_column_text]<\/p>\n<h2><span style=\"color: #ef6c00;\">Wir schaffen Mehrwerte<\/span> <span style=\"color: #ffffff;\">f\u00fcr unsere Kunden.<\/span><\/h2>\n<p><span style=\"color: #ffffff;\">Das f\u00fchrt zu einer langj\u00e4hrigen Zusammenarbeit mit unseren Kunden, die wir sehr sch\u00e4tzen. Noch mehr E-Books, Case Studies und co. finden Sie in unseren <a href=\"https:\/\/www.striped-giraffe.com\/insights\/\">Insights<\/a>.<\/span>[\/vc_column_text][\/vc_column_inner][vc_column_inner width=&#8220;1\/3&#8243;]<div class=\"templatera_shortcode\"><div class=\"vc_row wpb_row vc_row-fluid\"><div class=\"wpb_column vc_column_container vc_col-sm-12\"><div class=\"vc_column-inner\"><div class=\"wpb_wrapper\"><div id='' class='teaserbox  overlay'><div class='teaserbox_inner'><div class='teaserheadline'><h2 style='color:#ffffff;font-family:DinWebPro Bold;'>E-Book Personalisierung 02<\/h2><h3 style='color:#ffffff;'>E-Commerce Use Cases<\/h3><\/div><div class='teasertext'><div class='wpb_wrapper'>In diesem E-Book stellen wir viele praktische Beispiele vor und geben Tipps, wie einfach sich Personalisierungsma\u00dfnahmen umsetzen lassen.<\/div><\/div><div class='teaserlink'><a href='https:\/\/www.striped-giraffe.com\/ebook-personalisierung-02\/' style='color:#ffffff;'>Zum E-Book<\/a><\/div><div class='wpb_single_image desktop_only'><img src='https:\/\/www.striped-giraffe.com\/wp-content\/uploads\/2021\/01\/E-Book_Personalization02_Teaser-1-600x960.jpg' \/><\/div><div class='wpb_single_image mobile_only'><img src='https:\/\/www.striped-giraffe.com\/wp-content\/uploads\/2021\/01\/E-Book_Personalization02_Teaser-1-600x700.jpg' \/><\/div><\/div><\/div><\/div><\/div><\/div><\/div><\/div>[\/vc_column_inner][vc_column_inner width=&#8220;1\/3&#8243;]<div class=\"templatera_shortcode\"><div class=\"vc_row wpb_row vc_row-fluid teaserbox\"><div class=\"wpb_column vc_column_container vc_col-sm-12\"><div class=\"vc_column-inner\"><div class=\"wpb_wrapper\">\n\t<div class=\"wpb_text_column wpb_content_element  teaserheadline\" >\n\t\t<div class=\"wpb_wrapper\">\n\t\t\t<p><strong><span style=\"color: #ffffff;\">Case Study Hilti<\/span><\/strong><\/p>\n<p><span style=\"color: #ffffff;\">Self-Service f\u00fcr die neue globale Plattform zur Vermietung von Werkzeugen<\/span><\/p>\n\n\t\t<\/div>\n\t<\/div>\n\n\t<div  class=\"wpb_single_image wpb_content_element vc_align_left   teaser_logo\">\n\t\t\n\t\t<figure class=\"wpb_wrapper vc_figure\">\n\t\t\t<div class=\"vc_single_image-wrapper   vc_box_border_grey\"><img decoding=\"async\" width=\"500\" height=\"103\" src=\"https:\/\/www.striped-giraffe.com\/wp-content\/uploads\/2021\/01\/Hilti_logo.svg.png\" class=\"vc_single_image-img attachment-full\" alt=\"\" title=\"Hilti_logo.svg\" srcset=\"https:\/\/www.striped-giraffe.com\/wp-content\/uploads\/2021\/01\/Hilti_logo.svg.png 500w, https:\/\/www.striped-giraffe.com\/wp-content\/uploads\/2021\/01\/Hilti_logo.svg-300x62.png 300w\" sizes=\"(max-width: 500px) 100vw, 500px\" \/><\/div>\n\t\t<\/figure>\n\t<\/div>\n\n\t<div class=\"wpb_text_column wpb_content_element  teaserlink\" >\n\t\t<div class=\"wpb_wrapper\">\n\t\t\t<p><span style=\"color: #ffffff;\"><a style=\"color: #ffffff;\" href=\"https:\/\/www.striped-giraffe.com\/hilti-case-study\/\">Zur Case Study<\/a><\/span><\/p>\n\n\t\t<\/div>\n\t<\/div>\n\n\t<div  class=\"wpb_single_image wpb_content_element vc_align_left\">\n\t\t\n\t\t<figure class=\"wpb_wrapper vc_figure\">\n\t\t\t<div class=\"vc_single_image-wrapper   vc_box_border_grey\"><img decoding=\"async\" class=\"vc_single_image-img \" src=\"https:\/\/www.striped-giraffe.com\/wp-content\/uploads\/2021\/01\/AdobeStock_194421060-scaled_v3-600x960.jpg\" width=\"600\" height=\"960\" alt=\"AdobeStock_194421060-scaled_v3\" title=\"AdobeStock_194421060-scaled_v3\" \/><\/div>\n\t\t<\/figure>\n\t<\/div>\n<\/div><\/div><\/div><\/div><\/div>[\/vc_column_inner][\/vc_row_inner][\/vc_column][\/vc_row]<\/p>\n<\/section>","protected":false},"excerpt":{"rendered":"Leitfaden zur Auswahl von E-Commerce-L\u00f6sungen Jedes Unternehmen hat seine eigenen Anforderungen in Bezug auf E-Commerce. Dar\u00fcber hinaus m\u00fcssen alle Prozesse, [...]","protected":false},"author":2,"featured_media":29495,"parent":0,"menu_order":0,"comment_status":"closed","ping_status":"closed","template":"page-sidebar.php","meta":{"footnotes":""},"acf":[],"yoast_head":"<!-- This site is optimized with the Yoast SEO Premium plugin v20.5 (Yoast SEO v20.5) - https:\/\/yoast.com\/wordpress\/plugins\/seo\/ -->\n<title>E-Commerce-Leitfaden : Auswahl des passenden Systems<\/title>\n<meta name=\"description\" content=\"Unsere Leitf\u00e4den erkl\u00e4ren, wie Sie das Thema systematisch angehen, was zu beachten ist und wie Sie Ihre ideale E-Commerce-L\u00f6sung finden.\" \/>\n<meta name=\"robots\" content=\"index, follow, max-snippet:-1, max-image-preview:large, max-video-preview:-1\" \/>\n<link rel=\"canonical\" href=\"https:\/\/www.striped-giraffe.com\/de\/ecommerce-evaluationsleitfaden\/\" \/>\n<meta property=\"og:locale\" content=\"de_DE\" \/>\n<meta property=\"og:type\" content=\"article\" \/>\n<meta property=\"og:title\" content=\"E-Commerce-Leitfaden\" \/>\n<meta property=\"og:description\" content=\"Unsere Leitf\u00e4den erkl\u00e4ren, wie Sie das Thema systematisch angehen, was zu beachten ist und wie Sie Ihre ideale E-Commerce-L\u00f6sung finden.\" \/>\n<meta property=\"og:url\" content=\"https:\/\/www.striped-giraffe.com\/de\/ecommerce-evaluationsleitfaden\/\" \/>\n<meta property=\"og:site_name\" content=\"Striped Giraffe\" \/>\n<meta property=\"article:modified_time\" content=\"2022-05-23T09:04:13+00:00\" \/>\n<meta property=\"og:image\" content=\"https:\/\/www.striped-giraffe.com\/wp-content\/uploads\/2022\/02\/e-commerce-solution-selection-DE-cover-ebook.jpg\" \/>\n\t<meta property=\"og:image:width\" content=\"1200\" \/>\n\t<meta property=\"og:image:height\" content=\"931\" \/>\n\t<meta property=\"og:image:type\" content=\"image\/jpeg\" \/>\n<meta name=\"twitter:card\" content=\"summary_large_image\" \/>\n<meta name=\"twitter:label1\" content=\"Gesch\u00e4tzte Lesezeit\" \/>\n\t<meta name=\"twitter:data1\" content=\"2\u00a0Minuten\" \/>\n<script type=\"application\/ld+json\" class=\"yoast-schema-graph\">{\"@context\":\"https:\/\/schema.org\",\"@graph\":[{\"@type\":\"WebPage\",\"@id\":\"https:\/\/www.striped-giraffe.com\/de\/ecommerce-evaluationsleitfaden\/\",\"url\":\"https:\/\/www.striped-giraffe.com\/de\/ecommerce-evaluationsleitfaden\/\",\"name\":\"E-Commerce-Leitfaden : Auswahl des passenden Systems\",\"isPartOf\":{\"@id\":\"https:\/\/www.striped-giraffe.com\/de\/#website\"},\"datePublished\":\"2021-12-15T15:26:20+00:00\",\"dateModified\":\"2022-05-23T09:04:13+00:00\",\"description\":\"Unsere Leitf\u00e4den erkl\u00e4ren, wie Sie das Thema systematisch angehen, was zu beachten ist und wie Sie Ihre ideale E-Commerce-L\u00f6sung finden.\",\"inLanguage\":\"de\",\"potentialAction\":[{\"@type\":\"ReadAction\",\"target\":[\"https:\/\/www.striped-giraffe.com\/de\/ecommerce-evaluationsleitfaden\/\"]}]},{\"@type\":\"WebSite\",\"@id\":\"https:\/\/www.striped-giraffe.com\/de\/#website\",\"url\":\"https:\/\/www.striped-giraffe.com\/de\/\",\"name\":\"Striped Giraffe\",\"description\":\"Ihr zuverl\u00e4ssiger Anbieter f\u00fcr digitale Enterprise-L\u00f6sungen\",\"publisher\":{\"@id\":\"https:\/\/www.striped-giraffe.com\/de\/#organization\"},\"potentialAction\":[{\"@type\":\"SearchAction\",\"target\":{\"@type\":\"EntryPoint\",\"urlTemplate\":\"https:\/\/www.striped-giraffe.com\/de\/?s={search_term_string}\"},\"query-input\":\"required name=search_term_string\"}],\"inLanguage\":\"de\"},{\"@type\":\"Organization\",\"@id\":\"https:\/\/www.striped-giraffe.com\/de\/#organization\",\"name\":\"Striped Giraffe\",\"url\":\"https:\/\/www.striped-giraffe.com\/de\/\",\"logo\":{\"@type\":\"ImageObject\",\"inLanguage\":\"de\",\"@id\":\"https:\/\/www.striped-giraffe.com\/de\/#\/schema\/logo\/image\/\",\"url\":\"https:\/\/www.striped-giraffe.com\/wp-content\/uploads\/2021\/01\/giraffe_white.svg\",\"contentUrl\":\"https:\/\/www.striped-giraffe.com\/wp-content\/uploads\/2021\/01\/giraffe_white.svg\",\"caption\":\"Striped Giraffe\"},\"image\":{\"@id\":\"https:\/\/www.striped-giraffe.com\/de\/#\/schema\/logo\/image\/\"}}]}<\/script>\n<!-- \/ Yoast SEO Premium plugin. -->","yoast_head_json":{"title":"E-Commerce-Leitfaden : Auswahl des passenden Systems","description":"Unsere Leitf\u00e4den erkl\u00e4ren, wie Sie das Thema systematisch angehen, was zu beachten ist und wie Sie Ihre ideale E-Commerce-L\u00f6sung finden.","robots":{"index":"index","follow":"follow","max-snippet":"max-snippet:-1","max-image-preview":"max-image-preview:large","max-video-preview":"max-video-preview:-1"},"canonical":"https:\/\/www.striped-giraffe.com\/de\/ecommerce-evaluationsleitfaden\/","og_locale":"de_DE","og_type":"article","og_title":"E-Commerce-Leitfaden","og_description":"Unsere Leitf\u00e4den erkl\u00e4ren, wie Sie das Thema systematisch angehen, was zu beachten ist und wie Sie Ihre ideale E-Commerce-L\u00f6sung finden.","og_url":"https:\/\/www.striped-giraffe.com\/de\/ecommerce-evaluationsleitfaden\/","og_site_name":"Striped Giraffe","article_modified_time":"2022-05-23T09:04:13+00:00","og_image":[{"width":1200,"height":931,"url":"https:\/\/www.striped-giraffe.com\/wp-content\/uploads\/2022\/02\/e-commerce-solution-selection-DE-cover-ebook.jpg","type":"image\/jpeg"}],"twitter_card":"summary_large_image","twitter_misc":{"Gesch\u00e4tzte Lesezeit":"2\u00a0Minuten"},"schema":{"@context":"https:\/\/schema.org","@graph":[{"@type":"WebPage","@id":"https:\/\/www.striped-giraffe.com\/de\/ecommerce-evaluationsleitfaden\/","url":"https:\/\/www.striped-giraffe.com\/de\/ecommerce-evaluationsleitfaden\/","name":"E-Commerce-Leitfaden : Auswahl des passenden Systems","isPartOf":{"@id":"https:\/\/www.striped-giraffe.com\/de\/#website"},"datePublished":"2021-12-15T15:26:20+00:00","dateModified":"2022-05-23T09:04:13+00:00","description":"Unsere Leitf\u00e4den erkl\u00e4ren, wie Sie das Thema systematisch angehen, was zu beachten ist und wie Sie Ihre ideale E-Commerce-L\u00f6sung finden.","inLanguage":"de","potentialAction":[{"@type":"ReadAction","target":["https:\/\/www.striped-giraffe.com\/de\/ecommerce-evaluationsleitfaden\/"]}]},{"@type":"WebSite","@id":"https:\/\/www.striped-giraffe.com\/de\/#website","url":"https:\/\/www.striped-giraffe.com\/de\/","name":"Striped Giraffe","description":"Ihr zuverl\u00e4ssiger Anbieter f\u00fcr digitale Enterprise-L\u00f6sungen","publisher":{"@id":"https:\/\/www.striped-giraffe.com\/de\/#organization"},"potentialAction":[{"@type":"SearchAction","target":{"@type":"EntryPoint","urlTemplate":"https:\/\/www.striped-giraffe.com\/de\/?s={search_term_string}"},"query-input":"required name=search_term_string"}],"inLanguage":"de"},{"@type":"Organization","@id":"https:\/\/www.striped-giraffe.com\/de\/#organization","name":"Striped Giraffe","url":"https:\/\/www.striped-giraffe.com\/de\/","logo":{"@type":"ImageObject","inLanguage":"de","@id":"https:\/\/www.striped-giraffe.com\/de\/#\/schema\/logo\/image\/","url":"https:\/\/www.striped-giraffe.com\/wp-content\/uploads\/2021\/01\/giraffe_white.svg","contentUrl":"https:\/\/www.striped-giraffe.com\/wp-content\/uploads\/2021\/01\/giraffe_white.svg","caption":"Striped Giraffe"},"image":{"@id":"https:\/\/www.striped-giraffe.com\/de\/#\/schema\/logo\/image\/"}}]}},"_links":{"self":[{"href":"https:\/\/www.striped-giraffe.com\/de\/wp-json\/wp\/v2\/pages\/29363"}],"collection":[{"href":"https:\/\/www.striped-giraffe.com\/de\/wp-json\/wp\/v2\/pages"}],"about":[{"href":"https:\/\/www.striped-giraffe.com\/de\/wp-json\/wp\/v2\/types\/page"}],"author":[{"embeddable":true,"href":"https:\/\/www.striped-giraffe.com\/de\/wp-json\/wp\/v2\/users\/2"}],"replies":[{"embeddable":true,"href":"https:\/\/www.striped-giraffe.com\/de\/wp-json\/wp\/v2\/comments?post=29363"}],"version-history":[{"count":32,"href":"https:\/\/www.striped-giraffe.com\/de\/wp-json\/wp\/v2\/pages\/29363\/revisions"}],"predecessor-version":[{"id":31166,"href":"https:\/\/www.striped-giraffe.com\/de\/wp-json\/wp\/v2\/pages\/29363\/revisions\/31166"}],"wp:featuredmedia":[{"embeddable":true,"href":"https:\/\/www.striped-giraffe.com\/de\/wp-json\/wp\/v2\/media\/29495"}],"wp:attachment":[{"href":"https:\/\/www.striped-giraffe.com\/de\/wp-json\/wp\/v2\/media?parent=29363"}],"curies":[{"name":"wp","href":"https:\/\/api.w.org\/{rel}","templated":true}]}}