{"id":30161,"date":"2022-03-28T16:31:11","date_gmt":"2022-03-28T14:31:11","guid":{"rendered":"https:\/\/www.striped-giraffe.com\/ecommerce-evaluationsleitfaden-01-copy\/"},"modified":"2026-03-05T10:44:20","modified_gmt":"2026-03-05T09:44:20","slug":"ecommerce-evaluationsleitfaden-02","status":"publish","type":"page","link":"https:\/\/www.striped-giraffe.com\/de\/ecommerce-evaluationsleitfaden-02\/","title":{"rendered":"E-Commerce-Leitfaden  Teil 02"},"content":{"rendered":"<section class=\"wpb-content-wrapper\"><p>[vc_row full_width=&#8220;stretch_row&#8220; full_height=&#8220;yes&#8220; equal_height=&#8220;yes&#8220; disable_element=&#8220;yes&#8220; bg_type=&#8220;image&#8220; parallax_style=&#8220;vcpb-default&#8220; bg_image_new=&#8220;id^30152|url^https:\/\/www.striped-giraffe.com\/wp-content\/uploads\/2022\/03\/Evaluation_Guide_01-1.jpg|caption^How to find the perfect e-commerce solution|alt^Evaluation Guide 01|title^Evaluation Guide 01|description^null&#8220; ult_hide_row=&#8220;ult_hide_row_value&#8220; ult_hide_row_large_screen=&#8220;large_screen&#8220; ult_hide_row_desktop=&#8220;desktop&#8220; ult_hide_row_tablet=&#8220;tablet&#8220; ult_hide_row_tablet_small=&#8220;xs_tablet&#8220; ult_hide_row_mobile=&#8220;mobile&#8220; ult_hide_row_mobile_large=&#8220;xl_mobile&#8220; css=&#8220;.vc_custom_1655133937421{background-position: center !important;background-repeat: no-repeat !important;background-size: cover !important;}&#8220;][vc_column][vc_row_inner css=&#8220;.vc_custom_1652082329262{margin-top: 100px !important;margin-bottom: 100px !important;padding-top: 50px !important;padding-bottom: 50px !important;}&#8220;][vc_column_inner][vc_column_text]<\/p>\n<h2 style=\"text-align: center;\"><span style=\"color: #ffffff;\">Download<\/span><\/h2>\n<h1 class=\"headline_superbig\" style=\"text-align: center;\"><span style=\"color: #ffffff;\"><span style=\"color: #ef6c00;\">Leitfaden zur Auswahl von E-Commerce-L\u00f6sungen<\/span> <\/span><\/h1>\n<h2 style=\"text-align: center;\"><span style=\"color: #ffffff;\">&#8211; Teil 2 &#8211;<\/span><\/h2>\n<p>[\/vc_column_text][vc_empty_space height=&#8220;50px&#8220;][vc_btn title=&#8220;Zu Teil 1&#8243; color=&#8220;white&#8220; size=&#8220;lg&#8220; align=&#8220;center&#8220; link=&#8220;url:https%3A%2F%2Fwww.striped-giraffe.com%2Fde%2Fecommerce-evaluationsleitfaden-01%2F|title:E-Commerce-Leitfaden%20%20Teil%2001&#8243;][\/vc_column_inner][\/vc_row_inner][\/vc_column][\/vc_row][vc_row css=&#8220;.vc_custom_1655134053475{margin-top: 0px !important;}&#8220;][vc_column][vc_column_text]<\/p>\n<h2 class=\"headline_introduction\">DOWNLOAD<\/h2>\n<p>[\/vc_column_text][vc_column_text]<\/p>\n<h1 class=\"headline_superbig\" style=\"text-align: left;\"><span style=\"color: #ef6c00;\">Evaluierungskriterien<\/span><\/h1>\n<p>[\/vc_column_text][\/vc_column][\/vc_row][vc_row gap=&#8220;35&#8243; css=&#8220;.vc_custom_1655134185071{margin-top: 50px !important;margin-bottom: 50px !important;}&#8220;][vc_column width=&#8220;5\/6&#8243;][vc_column_text]<\/p>\n<h3>Im zweiten unserer beiden Leitf\u00e4den zum Thema &#8222;Auswahl von E-Commerce-L\u00f6sungen&#8220; finden Sie weitere Aspekte, die es im Hinblick auf u.a. Strategie, Struktur, Sicherheit und Kosten zu ber\u00fccksichtigen gilt.<\/h3>\n<p>[\/vc_column_text][\/vc_column][vc_column width=&#8220;1\/6&#8243; css=&#8220;.vc_custom_1655134148902{margin-left: 70px !important;}&#8220;][\/vc_column][\/vc_row][vc_row gap=&#8220;35&#8243; css=&#8220;.vc_custom_1655134185071{margin-top: 50px !important;margin-bottom: 50px !important;}&#8220;][vc_column width=&#8220;1\/3&#8243;][vc_column_text]<\/p>\n<h2 class=\"headline_superbig\">Inhalt<\/h2>\n<p>[\/vc_column_text][\/vc_column][vc_column width=&#8220;2\/3&#8243; css=&#8220;.vc_custom_1655134148902{margin-left: 70px !important;}&#8220;][vc_column_text]<\/p>\n<ul>\n<li>Organisation<\/li>\n<li>Prozesse<\/li>\n<li>Unternehmensstrategie<\/li>\n<li>Programmiersprachen<\/li>\n<li>Komplexit\u00e4t<\/li>\n<li>Sicherheit<\/li>\n<li>Festpreis versus Agil<\/li>\n<\/ul>\n<p>[\/vc_column_text][vc_column_text]<\/p>\n<ul>\n<li>Implementierung<\/li>\n<li>Anpassungen<\/li>\n<li>Integrationen<\/li>\n<li>Hosting<\/li>\n<li>Wartung<\/li>\n<li>Total Cost of Ownership<\/li>\n<li>Fazit<\/li>\n<\/ul>\n<p>[\/vc_column_text][\/vc_column][\/vc_row][vc_row gap=&#8220;35&#8243; css=&#8220;.vc_custom_1724317649240{margin-bottom: 100px !important;}&#8220; el_id=&#8220;downloadsection&#8220;][vc_column width=&#8220;1\/3&#8243;][vc_column_text]<\/p>\n<h2 class=\"headline_superbig\">Download<\/h2>\n<p>[\/vc_column_text][vc_empty_space][vc_single_image image=&#8220;30092&#8243; img_size=&#8220;medium&#8220;][\/vc_column][vc_column width=&#8220;2\/3&#8243;][vc_column_text]<div class='_form_52'><\/div><script type='text\/javascript' src='https:\/\/striped-giraffe.activehosted.com\/f\/embed.php?static=0&id=52&69D7392043636&nostyles=0&preview=0'><\/script>[\/vc_column_text][\/vc_column][\/vc_row][vc_row full_width=&#8220;stretch_row&#8220; css=&#8220;.vc_custom_1706183849370{margin-top: 50px !important;margin-bottom: 50px !important;}&#8220;][vc_column][vc_row_inner][vc_column_inner width=&#8220;1\/3&#8243;][vc_column_text]<\/p>\n<h2 class=\"headline_superbig\">Let&#8217;s talk<\/h2>\n<p>[\/vc_column_text][\/vc_column_inner][vc_column_inner width=&#8220;2\/3&#8243;][vc_column_text]<\/p>\n<h3>Brauchen Sie ein <strong>konkretes Angebot<\/strong> oder suchen Sie einen <strong>Sparringspartner<\/strong>, mit dem sie Ideen diskutieren und entwickeln k\u00f6nnen?<\/h3>\n<h3>Dann melden Sie sich:<\/h3>\n<ul>\n<li><a href=\"mailto:experts@striped-giraffe.com\">experts@striped-giraffe.com<\/a><\/li>\n<li><span style=\"color: #ef6c00;\">+49 (0)89-416 126-667<\/span><\/li>\n<\/ul>\n<p>[\/vc_column_text]<a class=\"calendly\" href=\"\" onclick=\"Calendly.initPopupWidget({url: 'https:\/\/calendly.com\/striped-giraffe\/30min'});return false;\">Termin vereinbaren<\/a>[vc_column_text css=&#8220;.vc_custom_1705936147633{margin-top: 32px !important;}&#8220;]<\/p>\n<h3>Wir unterst\u00fctzen Sie gerne.<\/h3>\n<p>[\/vc_column_text][\/vc_column_inner][\/vc_row_inner][\/vc_column][\/vc_row][vc_row css=&#8220;.vc_custom_1655130563603{margin-bottom: 50px !important;}&#8220;][vc_column][vc_btn title=&#8220;Lesen Sie auch TEIL 1&#8243; style=&#8220;custom&#8220; custom_background=&#8220;#7f7f7f&#8220; custom_text=&#8220;#ffffff&#8220; shape=&#8220;square&#8220; i_icon_fontawesome=&#8220;fas fa-file-download&#8220; add_icon=&#8220;true&#8220; link=&#8220;url:https%3A%2F%2Fwww.striped-giraffe.com%2Fde%2Fecommerce-evaluationsleitfaden-01%2F|title:E-Commerce%20Guide%20Part%2002&#8243;][\/vc_column][\/vc_row][vc_row full_width=&#8220;stretch_row&#8220; bg_type=&#8220;bg_color&#8220; bg_color_value=&#8220;#000000&#8243; css=&#8220;.vc_custom_1655134085658{background-color: #000000 !important;}&#8220;][vc_column][vc_row_inner][vc_column_inner][vc_column_text css=&#8220;.vc_custom_1644851675990{margin-top: 100px !important;}&#8220;]<\/p>\n<h2 class=\"headline_superbig\"><span style=\"color: #ffffff;\">Gut zu wissen<\/span><\/h2>\n<p>[\/vc_column_text][\/vc_column_inner][\/vc_row_inner][\/vc_column][\/vc_row][vc_row full_width=&#8220;stretch_row&#8220; gap=&#8220;35&#8243; bg_type=&#8220;bg_color&#8220; css=&#8220;.vc_custom_1655134093690{margin-top: 0px !important;margin-bottom: 0px !important;padding-top: 100px !important;padding-bottom: 100px !important;background-color: #000000 !important;}&#8220; bg_color_value=&#8220;#000000&#8243;][vc_column][vc_row_inner][vc_column_inner width=&#8220;1\/3&#8243; css=&#8220;.vc_custom_1610013762619{padding-right: 25px !important;}&#8220;][vc_column_text]<\/p>\n<h2><span style=\"color: #ef6c00;\">Wir schaffen Mehrwerte<\/span> <span style=\"color: #ffffff;\">f\u00fcr unsere Kunden.<\/span><\/h2>\n<p><span style=\"color: #ffffff;\">Das f\u00fchrt zu einer langj\u00e4hrigen Zusammenarbeit mit unseren Kunden, die wir sehr sch\u00e4tzen. Noch mehr E-Books, Case Studies und co. finden Sie in unseren <a href=\"https:\/\/www.striped-giraffe.com\/insights\/\">Insights<\/a>.<\/span>[\/vc_column_text][\/vc_column_inner][vc_column_inner width=&#8220;1\/3&#8243;]<div class=\"templatera_shortcode\"><div class=\"vc_row wpb_row vc_row-fluid\"><div class=\"wpb_column vc_column_container vc_col-sm-12\"><div class=\"vc_column-inner\"><div class=\"wpb_wrapper\"><div id='' class='teaserbox  overlay'><div class='teaserbox_inner'><div class='teaserheadline'><h2 style='color:#ffffff;font-family:DinWebPro Bold;'>E-Book Personalisierung 02<\/h2><h3 style='color:#ffffff;'>E-Commerce Use Cases<\/h3><\/div><div class='teasertext'><div class='wpb_wrapper'>In diesem E-Book stellen wir viele praktische Beispiele vor und geben Tipps, wie einfach sich Personalisierungsma\u00dfnahmen umsetzen lassen.<\/div><\/div><div class='teaserlink'><a href='https:\/\/www.striped-giraffe.com\/ebook-personalisierung-02\/' style='color:#ffffff;'>Zum E-Book<\/a><\/div><div class='wpb_single_image desktop_only'><img src='https:\/\/www.striped-giraffe.com\/wp-content\/uploads\/2021\/01\/E-Book_Personalization02_Teaser-1-600x960.jpg' \/><\/div><div class='wpb_single_image mobile_only'><img src='https:\/\/www.striped-giraffe.com\/wp-content\/uploads\/2021\/01\/E-Book_Personalization02_Teaser-1-600x700.jpg' \/><\/div><\/div><\/div><\/div><\/div><\/div><\/div><\/div>[\/vc_column_inner][vc_column_inner width=&#8220;1\/3&#8243;]<div class=\"templatera_shortcode\"><div class=\"vc_row wpb_row vc_row-fluid teaserbox\"><div class=\"wpb_column vc_column_container vc_col-sm-12\"><div class=\"vc_column-inner\"><div class=\"wpb_wrapper\">\n\t<div class=\"wpb_text_column wpb_content_element  teaserheadline\" >\n\t\t<div class=\"wpb_wrapper\">\n\t\t\t<p><strong><span style=\"color: #ffffff;\">Case Study Hilti<\/span><\/strong><\/p>\n<p><span style=\"color: #ffffff;\">Self-Service f\u00fcr die neue globale Plattform zur Vermietung von Werkzeugen<\/span><\/p>\n\n\t\t<\/div>\n\t<\/div>\n\n\t<div  class=\"wpb_single_image wpb_content_element vc_align_left   teaser_logo\">\n\t\t\n\t\t<figure class=\"wpb_wrapper vc_figure\">\n\t\t\t<div class=\"vc_single_image-wrapper   vc_box_border_grey\"><img decoding=\"async\" width=\"500\" height=\"103\" src=\"https:\/\/www.striped-giraffe.com\/wp-content\/uploads\/2021\/01\/Hilti_logo.svg.png\" class=\"vc_single_image-img attachment-full\" alt=\"\" title=\"Hilti_logo.svg\" srcset=\"https:\/\/www.striped-giraffe.com\/wp-content\/uploads\/2021\/01\/Hilti_logo.svg.png 500w, https:\/\/www.striped-giraffe.com\/wp-content\/uploads\/2021\/01\/Hilti_logo.svg-300x62.png 300w\" sizes=\"(max-width: 500px) 100vw, 500px\" \/><\/div>\n\t\t<\/figure>\n\t<\/div>\n\n\t<div class=\"wpb_text_column wpb_content_element  teaserlink\" >\n\t\t<div class=\"wpb_wrapper\">\n\t\t\t<p><span style=\"color: #ffffff;\"><a style=\"color: #ffffff;\" href=\"https:\/\/www.striped-giraffe.com\/hilti-case-study\/\">Zur Case Study<\/a><\/span><\/p>\n\n\t\t<\/div>\n\t<\/div>\n\n\t<div  class=\"wpb_single_image wpb_content_element vc_align_left\">\n\t\t\n\t\t<figure class=\"wpb_wrapper vc_figure\">\n\t\t\t<div class=\"vc_single_image-wrapper   vc_box_border_grey\"><img decoding=\"async\" class=\"vc_single_image-img \" src=\"https:\/\/www.striped-giraffe.com\/wp-content\/uploads\/2021\/01\/AdobeStock_194421060-scaled_v3-600x960.jpg\" width=\"600\" height=\"960\" alt=\"AdobeStock_194421060-scaled_v3\" title=\"AdobeStock_194421060-scaled_v3\" \/><\/div>\n\t\t<\/figure>\n\t<\/div>\n<\/div><\/div><\/div><\/div><\/div>[\/vc_column_inner][\/vc_row_inner][\/vc_column][\/vc_row]<\/p>\n<\/section>","protected":false},"excerpt":{"rendered":"DOWNLOAD Evaluierungskriterien Im zweiten unserer beiden Leitf\u00e4den zum Thema \"Auswahl von E-Commerce-L\u00f6sungen\" finden Sie weitere Aspekte, die es im Hinblick [...]","protected":false},"author":2,"featured_media":30092,"parent":0,"menu_order":0,"comment_status":"closed","ping_status":"closed","template":"page-sidebar.php","meta":{"footnotes":""},"acf":[],"yoast_head":"<!-- This site is optimized with the Yoast SEO Premium plugin v20.5 (Yoast SEO v20.5) - https:\/\/yoast.com\/wordpress\/plugins\/seo\/ -->\n<title>E-Commerce-Leitfaden Teil 02 : Auswahl des passenden Systems<\/title>\n<meta name=\"description\" content=\"Unsere Leitf\u00e4den erkl\u00e4ren, wie Sie das Thema systematisch angehen, was zu beachten ist und wie Sie Ihre ideale E-Commerce-L\u00f6sung finden.\" \/>\n<meta name=\"robots\" content=\"index, follow, max-snippet:-1, max-image-preview:large, max-video-preview:-1\" \/>\n<link rel=\"canonical\" href=\"https:\/\/www.striped-giraffe.com\/de\/ecommerce-evaluationsleitfaden-02\/\" \/>\n<meta property=\"og:locale\" content=\"de_DE\" \/>\n<meta property=\"og:type\" content=\"article\" \/>\n<meta property=\"og:title\" content=\"E-Commerce-Leitfaden Teil 02\" \/>\n<meta property=\"og:description\" content=\"Unsere Leitf\u00e4den erkl\u00e4ren, wie Sie das Thema systematisch angehen, was zu beachten ist und wie Sie Ihre ideale E-Commerce-L\u00f6sung finden.\" \/>\n<meta property=\"og:url\" content=\"https:\/\/www.striped-giraffe.com\/de\/ecommerce-evaluationsleitfaden-02\/\" \/>\n<meta property=\"og:site_name\" content=\"Striped Giraffe\" \/>\n<meta property=\"article:modified_time\" content=\"2026-03-05T09:44:20+00:00\" \/>\n<meta property=\"og:image\" content=\"https:\/\/www.striped-giraffe.com\/wp-content\/uploads\/2022\/03\/e-commerce-solution-selection-guide-part-02-DE-cover-ebook.jpg\" \/>\n\t<meta property=\"og:image:width\" content=\"1200\" \/>\n\t<meta property=\"og:image:height\" content=\"931\" \/>\n\t<meta property=\"og:image:type\" content=\"image\/jpeg\" \/>\n<meta name=\"twitter:card\" content=\"summary_large_image\" \/>\n<meta name=\"twitter:label1\" content=\"Gesch\u00e4tzte Lesezeit\" \/>\n\t<meta name=\"twitter:data1\" content=\"2\u00a0Minuten\" \/>\n<script type=\"application\/ld+json\" class=\"yoast-schema-graph\">{\"@context\":\"https:\/\/schema.org\",\"@graph\":[{\"@type\":\"WebPage\",\"@id\":\"https:\/\/www.striped-giraffe.com\/de\/ecommerce-evaluationsleitfaden-02\/\",\"url\":\"https:\/\/www.striped-giraffe.com\/de\/ecommerce-evaluationsleitfaden-02\/\",\"name\":\"E-Commerce-Leitfaden Teil 02 : Auswahl des passenden Systems\",\"isPartOf\":{\"@id\":\"https:\/\/www.striped-giraffe.com\/de\/#website\"},\"datePublished\":\"2022-03-28T14:31:11+00:00\",\"dateModified\":\"2026-03-05T09:44:20+00:00\",\"description\":\"Unsere Leitf\u00e4den erkl\u00e4ren, wie Sie das Thema systematisch angehen, was zu beachten ist und wie Sie Ihre ideale E-Commerce-L\u00f6sung finden.\",\"inLanguage\":\"de\",\"potentialAction\":[{\"@type\":\"ReadAction\",\"target\":[\"https:\/\/www.striped-giraffe.com\/de\/ecommerce-evaluationsleitfaden-02\/\"]}]},{\"@type\":\"WebSite\",\"@id\":\"https:\/\/www.striped-giraffe.com\/de\/#website\",\"url\":\"https:\/\/www.striped-giraffe.com\/de\/\",\"name\":\"Striped Giraffe\",\"description\":\"Ihr zuverl\u00e4ssiger Anbieter f\u00fcr digitale Enterprise-L\u00f6sungen\",\"publisher\":{\"@id\":\"https:\/\/www.striped-giraffe.com\/de\/#organization\"},\"potentialAction\":[{\"@type\":\"SearchAction\",\"target\":{\"@type\":\"EntryPoint\",\"urlTemplate\":\"https:\/\/www.striped-giraffe.com\/de\/?s={search_term_string}\"},\"query-input\":\"required name=search_term_string\"}],\"inLanguage\":\"de\"},{\"@type\":\"Organization\",\"@id\":\"https:\/\/www.striped-giraffe.com\/de\/#organization\",\"name\":\"Striped Giraffe\",\"url\":\"https:\/\/www.striped-giraffe.com\/de\/\",\"logo\":{\"@type\":\"ImageObject\",\"inLanguage\":\"de\",\"@id\":\"https:\/\/www.striped-giraffe.com\/de\/#\/schema\/logo\/image\/\",\"url\":\"https:\/\/www.striped-giraffe.com\/wp-content\/uploads\/2021\/01\/giraffe_white.svg\",\"contentUrl\":\"https:\/\/www.striped-giraffe.com\/wp-content\/uploads\/2021\/01\/giraffe_white.svg\",\"caption\":\"Striped Giraffe\"},\"image\":{\"@id\":\"https:\/\/www.striped-giraffe.com\/de\/#\/schema\/logo\/image\/\"}}]}<\/script>\n<!-- \/ Yoast SEO Premium plugin. -->","yoast_head_json":{"title":"E-Commerce-Leitfaden Teil 02 : Auswahl des passenden Systems","description":"Unsere Leitf\u00e4den erkl\u00e4ren, wie Sie das Thema systematisch angehen, was zu beachten ist und wie Sie Ihre ideale E-Commerce-L\u00f6sung finden.","robots":{"index":"index","follow":"follow","max-snippet":"max-snippet:-1","max-image-preview":"max-image-preview:large","max-video-preview":"max-video-preview:-1"},"canonical":"https:\/\/www.striped-giraffe.com\/de\/ecommerce-evaluationsleitfaden-02\/","og_locale":"de_DE","og_type":"article","og_title":"E-Commerce-Leitfaden Teil 02","og_description":"Unsere Leitf\u00e4den erkl\u00e4ren, wie Sie das Thema systematisch angehen, was zu beachten ist und wie Sie Ihre ideale E-Commerce-L\u00f6sung finden.","og_url":"https:\/\/www.striped-giraffe.com\/de\/ecommerce-evaluationsleitfaden-02\/","og_site_name":"Striped Giraffe","article_modified_time":"2026-03-05T09:44:20+00:00","og_image":[{"width":1200,"height":931,"url":"https:\/\/www.striped-giraffe.com\/wp-content\/uploads\/2022\/03\/e-commerce-solution-selection-guide-part-02-DE-cover-ebook.jpg","type":"image\/jpeg"}],"twitter_card":"summary_large_image","twitter_misc":{"Gesch\u00e4tzte Lesezeit":"2\u00a0Minuten"},"schema":{"@context":"https:\/\/schema.org","@graph":[{"@type":"WebPage","@id":"https:\/\/www.striped-giraffe.com\/de\/ecommerce-evaluationsleitfaden-02\/","url":"https:\/\/www.striped-giraffe.com\/de\/ecommerce-evaluationsleitfaden-02\/","name":"E-Commerce-Leitfaden Teil 02 : Auswahl des passenden Systems","isPartOf":{"@id":"https:\/\/www.striped-giraffe.com\/de\/#website"},"datePublished":"2022-03-28T14:31:11+00:00","dateModified":"2026-03-05T09:44:20+00:00","description":"Unsere Leitf\u00e4den erkl\u00e4ren, wie Sie das Thema systematisch angehen, was zu beachten ist und wie Sie Ihre ideale E-Commerce-L\u00f6sung finden.","inLanguage":"de","potentialAction":[{"@type":"ReadAction","target":["https:\/\/www.striped-giraffe.com\/de\/ecommerce-evaluationsleitfaden-02\/"]}]},{"@type":"WebSite","@id":"https:\/\/www.striped-giraffe.com\/de\/#website","url":"https:\/\/www.striped-giraffe.com\/de\/","name":"Striped Giraffe","description":"Ihr zuverl\u00e4ssiger Anbieter f\u00fcr digitale Enterprise-L\u00f6sungen","publisher":{"@id":"https:\/\/www.striped-giraffe.com\/de\/#organization"},"potentialAction":[{"@type":"SearchAction","target":{"@type":"EntryPoint","urlTemplate":"https:\/\/www.striped-giraffe.com\/de\/?s={search_term_string}"},"query-input":"required name=search_term_string"}],"inLanguage":"de"},{"@type":"Organization","@id":"https:\/\/www.striped-giraffe.com\/de\/#organization","name":"Striped Giraffe","url":"https:\/\/www.striped-giraffe.com\/de\/","logo":{"@type":"ImageObject","inLanguage":"de","@id":"https:\/\/www.striped-giraffe.com\/de\/#\/schema\/logo\/image\/","url":"https:\/\/www.striped-giraffe.com\/wp-content\/uploads\/2021\/01\/giraffe_white.svg","contentUrl":"https:\/\/www.striped-giraffe.com\/wp-content\/uploads\/2021\/01\/giraffe_white.svg","caption":"Striped Giraffe"},"image":{"@id":"https:\/\/www.striped-giraffe.com\/de\/#\/schema\/logo\/image\/"}}]}},"_links":{"self":[{"href":"https:\/\/www.striped-giraffe.com\/de\/wp-json\/wp\/v2\/pages\/30161"}],"collection":[{"href":"https:\/\/www.striped-giraffe.com\/de\/wp-json\/wp\/v2\/pages"}],"about":[{"href":"https:\/\/www.striped-giraffe.com\/de\/wp-json\/wp\/v2\/types\/page"}],"author":[{"embeddable":true,"href":"https:\/\/www.striped-giraffe.com\/de\/wp-json\/wp\/v2\/users\/2"}],"replies":[{"embeddable":true,"href":"https:\/\/www.striped-giraffe.com\/de\/wp-json\/wp\/v2\/comments?post=30161"}],"version-history":[{"count":16,"href":"https:\/\/www.striped-giraffe.com\/de\/wp-json\/wp\/v2\/pages\/30161\/revisions"}],"predecessor-version":[{"id":42849,"href":"https:\/\/www.striped-giraffe.com\/de\/wp-json\/wp\/v2\/pages\/30161\/revisions\/42849"}],"wp:featuredmedia":[{"embeddable":true,"href":"https:\/\/www.striped-giraffe.com\/de\/wp-json\/wp\/v2\/media\/30092"}],"wp:attachment":[{"href":"https:\/\/www.striped-giraffe.com\/de\/wp-json\/wp\/v2\/media?parent=30161"}],"curies":[{"name":"wp","href":"https:\/\/api.w.org\/{rel}","templated":true}]}}