{"id":30548,"date":"2022-04-20T11:24:04","date_gmt":"2022-04-20T09:24:04","guid":{"rendered":"https:\/\/www.striped-giraffe.com\/hilti-case-study-copy\/"},"modified":"2022-04-20T17:55:32","modified_gmt":"2022-04-20T15:55:32","slug":"data-analytics-finanzbranche","status":"publish","type":"page","link":"https:\/\/www.striped-giraffe.com\/de\/data-analytics-finanzbranche\/","title":{"rendered":"Branchen Insider &#8211; Data Analytics in der Finanzbranche"},"content":{"rendered":"<section class=\"wpb-content-wrapper\"><p>[vc_row full_width=&#8220;stretch_row&#8220; full_height=&#8220;yes&#8220; equal_height=&#8220;yes&#8220; bg_type=&#8220;image&#8220; parallax_style=&#8220;vcpb-default&#8220; bg_image_new=&#8220;id^30650|url^https:\/\/www.striped-giraffe.com\/wp-content\/uploads\/2022\/04\/Branchen_Insider_Finanzen.jpg|caption^Data analytics for the finance industry|alt^insider,finance,analytics|title^Branchen_Insider_Finanzen|description^Data analytics for the finance industry&#8220; css=&#8220;.vc_custom_1650469912387{margin-bottom: 50px !important;padding-top: 50px !important;padding-bottom: 50px !important;background-position: center !important;background-repeat: no-repeat !important;background-size: cover !important;}&#8220;][vc_column][vc_row_inner css=&#8220;.vc_custom_1650469878354{padding-top: 0px !important;padding-bottom: 0px !important;}&#8220;][vc_column_inner][vc_column_text]<\/p>\n<h2 class=\"headline_superbig\" style=\"text-align: left;\"><span style=\"color: #ef6c00;\">Branchen Insider<\/span><\/h2>\n<h1 style=\"text-align: left;\"><span style=\"color: #ffffff;\">Data Analytics in der Finanzbranche<\/span><\/h1>\n<p>[\/vc_column_text][\/vc_column_inner][\/vc_row_inner][\/vc_column][\/vc_row][vc_row gap=&#8220;35&#8243; el_class=&#8220;closetotop&#8220; css=&#8220;.vc_custom_1650469867032{padding-top: 50px !important;background-color: #ffffff !important;}&#8220;][vc_column][vc_column_text]<\/p>\n<h3><b>Modernste Methoden zur Datenanalyse liefern <\/b><b>wertvolle Einblicke, um die Finanzindustrie nachhaltig <\/b><b>wettbewerbsf\u00e4hig auszurichten.<\/b><\/h3>\n<p>[\/vc_column_text][vc_separator color=&#8220;black&#8220; border_width=&#8220;5&#8243; el_width=&#8220;10&#8243; css=&#8220;.vc_custom_1610986133402{margin-top: 50px !important;}&#8220;][\/vc_column][\/vc_row][vc_row css=&#8220;.vc_custom_1610617303979{margin-bottom: 100px !important;}&#8220;][vc_column width=&#8220;1\/2&#8243;][vc_column_text]<\/p>\n<h2 class=\"headline_superbig\">NUTZEN<\/h2>\n<p>[\/vc_column_text][\/vc_column][vc_column width=&#8220;1\/2&#8243;][vc_column_text]<\/p>\n<p class=\"p1\">Finanzinstitute und Fintechs stehen in einem st\u00e4ndigen internationalen Wettbewerb. Um sich hier zu behaupten, mu\u0308ssen sie ihre Kunden bestm\u00f6glich bedienen und gleichzeitig hohen regulatorischen Anforderungen gerecht werden. Modernste Methoden zur Datenanalyse liefern wertvolle Einblicke, um die Finanzindustrie nachhaltig wettbewerbsf\u00e4hig auszurichten.<\/p>\n<p>[\/vc_column_text][\/vc_column][\/vc_row][vc_row css=&#8220;.vc_custom_1610617303979{margin-bottom: 100px !important;}&#8220;][vc_column width=&#8220;1\/2&#8243;][vc_column_text]<\/p>\n<h2 class=\"headline_superbig\">HERAUSFORDERUNGEN<\/h2>\n<p>[\/vc_column_text][\/vc_column][vc_column width=&#8220;1\/2&#8243;][vc_column_text]<\/p>\n<p class=\"p1\">Die konsequente Nutzung von Daten, deren Analyse und der Gewinnung daraus resultierender Erkenntnisse er\u00f6ffnet hier ganz neue Perspektiven, um verschiedenen Herausforderungen des Daily Business zu begegnen.<\/p>\n<p>[\/vc_column_text][vc_empty_space][vc_column_text]<strong>Lesen Sie dazu unseren Branchen-Insider.<\/strong>[\/vc_column_text][\/vc_column][\/vc_row][vc_row css=&#8220;.vc_custom_1611055223400{margin-bottom: 50px !important;padding-top: 100px !important;}&#8220; el_id=&#8220;downloadsection&#8220;][vc_column width=&#8220;2\/3&#8243;][vc_column_text]<\/p>\n<h2 class=\"headline_superbig\">Download<\/h2>\n<p>[\/vc_column_text][vc_empty_space height=&#8220;50&#8243;][vc_row_inner el_id=&#8220;wpcf7_form&#8220;][vc_column_inner][vc_column_text]Wir haben L\u00f6sungsans\u00e4tze basierend auf Data Analytics in diesem Branchen Insider \u00fcbersichtlich zusammengestellt, damit Sie den Herausforderung der Finanzbranche entsprechend begegnen k\u00f6nnen.[\/vc_column_text][vc_empty_space height=&#8220;50&#8243;]<div class=\"wpcf7 no-js\" id=\"wpcf7-f30572-o1\" lang=\"de-DE\" dir=\"ltr\">\n<div class=\"screen-reader-response\"><p role=\"status\" aria-live=\"polite\" aria-atomic=\"true\"><\/p> <ul><\/ul><\/div>\n<form action=\"\/de\/wp-json\/wp\/v2\/pages\/30548#wpcf7-f30572-o1\" method=\"post\" class=\"wpcf7-form init\" aria-label=\"Kontaktformular\" novalidate=\"novalidate\" data-status=\"init\">\n<div style=\"display: none;\">\n<input type=\"hidden\" name=\"_wpcf7\" value=\"30572\" \/>\n<input type=\"hidden\" name=\"_wpcf7_version\" value=\"5.7.1\" \/>\n<input type=\"hidden\" name=\"_wpcf7_locale\" value=\"de_DE_formal\" \/>\n<input type=\"hidden\" name=\"_wpcf7_unit_tag\" value=\"wpcf7-f30572-o1\" \/>\n<input type=\"hidden\" name=\"_wpcf7_container_post\" value=\"0\" \/>\n<input type=\"hidden\" name=\"_wpcf7_posted_data_hash\" value=\"\" \/>\n<input type=\"hidden\" name=\"_wpcf7_recaptcha_response\" value=\"\" \/>\n<\/div>\n<div class=\"formcol left\">\n\t<p><label><span class=\"wpcf7-form-control-wrap\" data-name=\"your-firstname\"><input size=\"40\" class=\"wpcf7-form-control wpcf7-text wpcf7-validates-as-required\" aria-required=\"true\" aria-invalid=\"false\" placeholder=\"Vorname*\" value=\"\" type=\"text\" name=\"your-firstname\" \/><\/span><\/label>\n\t<\/p>\n<\/div>\n<div class=\"formcol right\">\n\t<p><label><span class=\"wpcf7-form-control-wrap\" data-name=\"your-lastname\"><input size=\"40\" class=\"wpcf7-form-control wpcf7-text wpcf7-validates-as-required\" aria-required=\"true\" aria-invalid=\"false\" placeholder=\"Nachname*\" value=\"\" type=\"text\" name=\"your-lastname\" \/><\/span><\/label>\n\t<\/p>\n<\/div>\n<div class=\"clear\">\n<\/div>\n<div class=\"formcol left\">\n\t<p><label><span class=\"wpcf7-form-control-wrap\" data-name=\"your-email\"><input size=\"40\" class=\"wpcf7-form-control wpcf7-text wpcf7-email wpcf7-validates-as-required wpcf7-validates-as-email\" aria-required=\"true\" aria-invalid=\"false\" placeholder=\"Gesch\u00e4ftliche E-Mail Adresse*\" value=\"\" type=\"email\" name=\"your-email\" \/><\/span><\/label>\n\t<\/p>\n<\/div>\n<div class=\"formcol right\">\n\t<p><label><span class=\"wpcf7-form-control-wrap\" data-name=\"your-company\"><input size=\"40\" class=\"wpcf7-form-control wpcf7-text wpcf7-validates-as-required\" aria-required=\"true\" aria-invalid=\"false\" placeholder=\"Firma*\" value=\"\" type=\"text\" name=\"your-company\" \/><\/span><\/label>\n\t<\/p>\n<\/div>\n<div class=\"clear\">\n<\/div>\n<p><span class=\"wpcf7-form-control-wrap\" data-name=\"checkbox-newsletter\"><span class=\"wpcf7-form-control wpcf7-checkbox\"><span class=\"wpcf7-list-item first last\"><label><input type=\"checkbox\" name=\"checkbox-newsletter[]\" value=\"Ich bin damit einverstanden, von Striped Giraffe Innovation &amp; Strategy GmbH kontaktiert zu werden und gelegentlich \u00fcber Branchennews, Neuheiten zu unseren Dienstleistungen und Events informiert zu werden. Die Daten werden vertraulich behandelt und nicht an Dritte weitergegeben. Meine Einwilligung kann ich jederzeit durch E-Mail an unsubscribe@striped-giraffe.com widerrufen.\" tabindex=\"\" \/><span class=\"wpcf7-list-item-label\">Ich bin damit einverstanden, von Striped Giraffe Innovation &amp; Strategy GmbH kontaktiert zu werden und gelegentlich \u00fcber Branchennews, Neuheiten zu unseren Dienstleistungen und Events informiert zu werden. Die Daten werden vertraulich behandelt und nicht an Dritte weitergegeben. Meine Einwilligung kann ich jederzeit durch E-Mail an unsubscribe@striped-giraffe.com widerrufen.<\/span><\/label><\/span><\/span><\/span>\n<\/p>\n<p><span class=\"wpcf7-form-control-wrap\" data-name=\"checkbox-dsgvo\"><span class=\"wpcf7-form-control wpcf7-checkbox wpcf7-validates-as-required\"><span class=\"wpcf7-list-item first last\"><label><input type=\"checkbox\" name=\"checkbox-dsgvo[]\" value=\"Ich habe die Datenschutzbestimmungen gelesen und akzeptiere diese *\" tabindex=\"\" \/><span class=\"wpcf7-list-item-label\">Ich habe die Datenschutzbestimmungen gelesen und akzeptiere diese *<\/span><\/label><\/span><\/span><\/span>\n<\/p>\n<p><span id=\"wpcf7-69f70d63e5ea3-wrapper\" class=\"wpcf7-form-control-wrap weitere-infos-wrap\" ><label for=\"wpcf7-69f70d63e5ea3-field\" class=\"hp-message\">Bitte lassen Sie dieses Feld leer.<\/label><input id=\"wpcf7-69f70d63e5ea3-field\"  class=\"wpcf7-form-control wpcf7-text\" type=\"text\" name=\"weitere-infos\" value=\"\" size=\"40\" tabindex=\"-1\" autocomplete=\"off\" \/><\/span>\n<\/p>\n<p><small>* Bitte f\u00fcllen Sie die Pflichtfelder aus<\/small>\n<\/p>\n<p><input type=\"hidden\" name=\"field_referer\" value=\"\/de\/wp-json\/wp\/v2\/pages\/30548\" \/><input type=\"hidden\" name=\"form_language\" value=\"de\" \/><input type=\"hidden\" name=\"ext_referer\" value=\"\" \/>\n<\/p>\n<p><input class=\"wpcf7-form-control has-spinner wpcf7-submit\" type=\"submit\" value=\"Senden\" \/>\n<\/p><input type='hidden' class='wpcf7-pum' value='{\"closepopup\":false,\"closedelay\":0,\"openpopup\":false,\"openpopup_id\":0}' \/><div class=\"wpcf7-response-output\" aria-hidden=\"true\"><\/div><\/form><\/div>[\/vc_column_inner][\/vc_row_inner][vc_row_inner el_id=&#8220;wpcf7_optin&#8220;][vc_column_inner el_id=&#8220;before_optin&#8220;][vc_column_text]<strong>Ein Klick fehlt noch zum Download\u2026<\/strong><\/p>\n<p>Wir haben Ihnen aus datenschutzrechtlichen Gr\u00fcnden eine E-Mail gesendet.<\/p>\n<p>Bitte \u00f6ffnen Sie diese E-Mail in Ihren Postfach<\/p>\n<p>Klicken Sie auf den Link in unserer E-Mail, um Ihre E-Mail-Adresse zu best\u00e4tigen. Anschlie\u00dfend stellen wir Ihnen den Link auf unserer Seite zur Verf\u00fcgung.[\/vc_column_text][\/vc_column_inner][\/vc_row_inner][vc_row_inner el_id=&#8220;wpcf7_after_optin&#8220;][vc_column_inner][vc_column_text]<\/p>\n<p class=\"p1\"><strong>Wir freuen uns \u00fcber Ihr Interesse.\u00a0<\/strong><\/p>\n<p class=\"p1\">Bitte klicken Sie jetzt auf folgenden Link.<\/p>\n<p class=\"p1\"><\/p>\n<p>[\/vc_column_text][\/vc_column_inner][\/vc_row_inner][\/vc_column][vc_column width=&#8220;1\/3&#8243;][vc_single_image image=&#8220;30656&#8243; img_size=&#8220;medium&#8220;][\/vc_column][\/vc_row][vc_row bg_type=&#8220;bg_color&#8220; bg_color_value=&#8220;#000000&#8243;][vc_column][vc_column_text css=&#8220;.vc_custom_1650451592153{margin-top: 100px !important;}&#8220;]<\/p>\n<h2 class=\"headline_introduction\"><span style=\"color: #ffffff;\">Weitere Case Studies und E-Books<\/span><\/h2>\n<p>[\/vc_column_text][\/vc_column][\/vc_row][vc_row full_width=&#8220;stretch_row&#8220; gap=&#8220;35&#8243; bg_type=&#8220;bg_color&#8220; css=&#8220;.vc_custom_1611824993774{margin-top: 0px !important;margin-bottom: 0px !important;padding-top: 100px !important;padding-bottom: 100px !important;}&#8220; bg_color_value=&#8220;#000000&#8243;][vc_column][vc_row_inner][vc_column_inner width=&#8220;1\/3&#8243; css=&#8220;.vc_custom_1610013762619{padding-right: 25px !important;}&#8220;][vc_column_text]<\/p>\n<h2><span style=\"color: #ef6c00;\">Wir schaffen Mehrwerte<\/span> <span style=\"color: #ffffff;\">f\u00fcr unsere Kunden.<\/span><\/h2>\n<p><span style=\"color: #ffffff;\">Das f\u00fchrt zu einer langj\u00e4hrigen Zusammenarbeit mit unseren Kunden, die wir sehr sch\u00e4tzen. Noch mehr E-Books, Case Studies und co. finden Sie in unseren <a href=\"https:\/\/www.striped-giraffe.com\/insights\/\">Insights<\/a>.<\/span>[\/vc_column_text][\/vc_column_inner][vc_column_inner width=&#8220;1\/3&#8243;]<div class=\"templatera_shortcode\"><div class=\"vc_row wpb_row vc_row-fluid teaserbox\"><div class=\"wpb_column vc_column_container vc_col-sm-12\"><div class=\"vc_column-inner\"><div class=\"wpb_wrapper\">\n\t<div class=\"wpb_text_column wpb_content_element  teaserheadline\" >\n\t\t<div class=\"wpb_wrapper\">\n\t\t\t<p><strong><span style=\"color: #ffffff;\">Case Study ratioform<\/span><\/strong><\/p>\n<p><span style=\"color: #ffffff;\">Datenanalyse und Machine Learning f\u00fcr optimiertes Product Management<\/span><\/p>\n\n\t\t<\/div>\n\t<\/div>\n\n\t<div  class=\"wpb_single_image wpb_content_element vc_align_left   teaser_logo\">\n\t\t\n\t\t<figure class=\"wpb_wrapper vc_figure\">\n\t\t\t<div class=\"vc_single_image-wrapper   vc_box_border_grey\"><img decoding=\"async\" width=\"284\" height=\"94\" src=\"https:\/\/www.striped-giraffe.com\/wp-content\/uploads\/2021\/01\/ratioform_logo_v2.png\" class=\"vc_single_image-img attachment-full\" alt=\"\" title=\"ratioform_logo_v2\" \/><\/div>\n\t\t<\/figure>\n\t<\/div>\n\n\t<div class=\"wpb_text_column wpb_content_element  teaserlink\" >\n\t\t<div class=\"wpb_wrapper\">\n\t\t\t<p><span style=\"color: #ffffff;\"><a style=\"color: #ffffff;\" href=\"https:\/\/www.striped-giraffe.com\/de\/case-study-ratioform\/\">Zur Case Study<\/a><\/span><\/p>\n\n\t\t<\/div>\n\t<\/div>\n\n\t<div  class=\"wpb_single_image wpb_content_element vc_align_left\">\n\t\t\n\t\t<figure class=\"wpb_wrapper vc_figure\">\n\t\t\t<div class=\"vc_single_image-wrapper   vc_box_border_grey\"><img decoding=\"async\" class=\"vc_single_image-img \" src=\"https:\/\/www.striped-giraffe.com\/wp-content\/uploads\/2021\/01\/AdobeStock_287221322-1-scaled-600x960.jpeg\" width=\"600\" height=\"960\" alt=\"Ratioform Case Study\" title=\"Ratioform Case Study\" \/><\/div>\n\t\t<\/figure>\n\t<\/div>\n<\/div><\/div><\/div><\/div><\/div>[\/vc_column_inner][vc_column_inner width=&#8220;1\/3&#8243;]<div class=\"templatera_shortcode\"><div class=\"vc_row wpb_row vc_row-fluid\"><div class=\"wpb_column vc_column_container vc_col-sm-12\"><div class=\"vc_column-inner\"><div class=\"wpb_wrapper\"><div id='' class='teaserbox  overlay'><div class='teaserbox_inner'><div class='teaserheadline'><h2 style='color:#ef6c00;font-family:DinWebPro Bold;'>E-Book<\/h2><h3 style='color:#ffffff;'>Cloud DWH: Datenmanagement der Zukunft<\/h3><\/div><div class='teasertext'><div class='wpb_wrapper'>F\u00fcr ein zukunftsorientiertes Datenmanagement modernisieren immer mehr Unternehmen ihr Data Warehouse, das jahrelang die prim\u00e4re Datenspeicherplattform war.<\/div><\/div><div class='teaserlink'><a href='https:\/\/www.striped-giraffe.com\/de\/ebook-cloud-dwh\/' style='color:#ffffff;'>Download<\/a><\/div><div class='wpb_single_image desktop_only'><img src='https:\/\/www.striped-giraffe.com\/wp-content\/uploads\/2022\/04\/Cover-600x960.jpg' \/><\/div><div class='wpb_single_image mobile_only'><img src='https:\/\/www.striped-giraffe.com\/wp-content\/uploads\/2022\/04\/Cover-600x700.jpg' \/><\/div><\/div><\/div><\/div><\/div><\/div><\/div><\/div>[\/vc_column_inner][\/vc_row_inner][\/vc_column][\/vc_row][vc_row][vc_column width=&#8220;1\/3&#8243;][\/vc_column][vc_column width=&#8220;1\/3&#8243;][\/vc_column][vc_column width=&#8220;1\/3&#8243;][\/vc_column][\/vc_row]<\/p>\n<\/section>","protected":false},"excerpt":{"rendered":"Branchen Insider Data Analytics in der Finanzbranche Modernste Methoden zur Datenanalyse liefern wertvolle Einblicke, um die Finanzindustrie nachhaltig wettbewerbsf\u00e4hig auszurichten. [...]","protected":false},"author":2,"featured_media":0,"parent":0,"menu_order":0,"comment_status":"closed","ping_status":"closed","template":"page-sidebar.php","meta":{"footnotes":""},"acf":[],"yoast_head":"<!-- This site is optimized with the Yoast SEO Premium plugin v20.5 (Yoast SEO v20.5) - https:\/\/yoast.com\/wordpress\/plugins\/seo\/ -->\n<title>Branchen Insider - Data Analytics in der Finanzbranche - Striped Giraffe<\/title>\n<meta name=\"robots\" content=\"index, follow, max-snippet:-1, max-image-preview:large, max-video-preview:-1\" \/>\n<link rel=\"canonical\" href=\"https:\/\/www.striped-giraffe.com\/de\/data-analytics-finanzbranche\/\" \/>\n<meta property=\"og:locale\" content=\"de_DE\" \/>\n<meta property=\"og:type\" content=\"article\" \/>\n<meta property=\"og:title\" content=\"Branchen Insider - Data Analytics in der Finanzbranche\" \/>\n<meta property=\"og:url\" content=\"https:\/\/www.striped-giraffe.com\/de\/data-analytics-finanzbranche\/\" \/>\n<meta property=\"og:site_name\" content=\"Striped Giraffe\" \/>\n<meta property=\"article:modified_time\" content=\"2022-04-20T15:55:32+00:00\" \/>\n<meta name=\"twitter:card\" content=\"summary_large_image\" \/>\n<meta name=\"twitter:label1\" content=\"Gesch\u00e4tzte Lesezeit\" \/>\n\t<meta name=\"twitter:data1\" content=\"2\u00a0Minuten\" \/>\n<script type=\"application\/ld+json\" class=\"yoast-schema-graph\">{\"@context\":\"https:\/\/schema.org\",\"@graph\":[{\"@type\":\"WebPage\",\"@id\":\"https:\/\/www.striped-giraffe.com\/de\/data-analytics-finanzbranche\/\",\"url\":\"https:\/\/www.striped-giraffe.com\/de\/data-analytics-finanzbranche\/\",\"name\":\"Branchen Insider - Data Analytics in der Finanzbranche - Striped Giraffe\",\"isPartOf\":{\"@id\":\"https:\/\/www.striped-giraffe.com\/de\/#website\"},\"datePublished\":\"2022-04-20T09:24:04+00:00\",\"dateModified\":\"2022-04-20T15:55:32+00:00\",\"inLanguage\":\"de\",\"potentialAction\":[{\"@type\":\"ReadAction\",\"target\":[\"https:\/\/www.striped-giraffe.com\/de\/data-analytics-finanzbranche\/\"]}]},{\"@type\":\"WebSite\",\"@id\":\"https:\/\/www.striped-giraffe.com\/de\/#website\",\"url\":\"https:\/\/www.striped-giraffe.com\/de\/\",\"name\":\"Striped Giraffe\",\"description\":\"Ihr zuverl\u00e4ssiger Anbieter f\u00fcr digitale Enterprise-L\u00f6sungen\",\"publisher\":{\"@id\":\"https:\/\/www.striped-giraffe.com\/de\/#organization\"},\"potentialAction\":[{\"@type\":\"SearchAction\",\"target\":{\"@type\":\"EntryPoint\",\"urlTemplate\":\"https:\/\/www.striped-giraffe.com\/de\/?s={search_term_string}\"},\"query-input\":\"required name=search_term_string\"}],\"inLanguage\":\"de\"},{\"@type\":\"Organization\",\"@id\":\"https:\/\/www.striped-giraffe.com\/de\/#organization\",\"name\":\"Striped Giraffe\",\"url\":\"https:\/\/www.striped-giraffe.com\/de\/\",\"logo\":{\"@type\":\"ImageObject\",\"inLanguage\":\"de\",\"@id\":\"https:\/\/www.striped-giraffe.com\/de\/#\/schema\/logo\/image\/\",\"url\":\"https:\/\/www.striped-giraffe.com\/wp-content\/uploads\/2021\/01\/giraffe_white.svg\",\"contentUrl\":\"https:\/\/www.striped-giraffe.com\/wp-content\/uploads\/2021\/01\/giraffe_white.svg\",\"caption\":\"Striped Giraffe\"},\"image\":{\"@id\":\"https:\/\/www.striped-giraffe.com\/de\/#\/schema\/logo\/image\/\"}}]}<\/script>\n<!-- \/ Yoast SEO Premium plugin. -->","yoast_head_json":{"title":"Branchen Insider - Data Analytics in der Finanzbranche - Striped Giraffe","robots":{"index":"index","follow":"follow","max-snippet":"max-snippet:-1","max-image-preview":"max-image-preview:large","max-video-preview":"max-video-preview:-1"},"canonical":"https:\/\/www.striped-giraffe.com\/de\/data-analytics-finanzbranche\/","og_locale":"de_DE","og_type":"article","og_title":"Branchen Insider - Data Analytics in der Finanzbranche","og_url":"https:\/\/www.striped-giraffe.com\/de\/data-analytics-finanzbranche\/","og_site_name":"Striped Giraffe","article_modified_time":"2022-04-20T15:55:32+00:00","twitter_card":"summary_large_image","twitter_misc":{"Gesch\u00e4tzte Lesezeit":"2\u00a0Minuten"},"schema":{"@context":"https:\/\/schema.org","@graph":[{"@type":"WebPage","@id":"https:\/\/www.striped-giraffe.com\/de\/data-analytics-finanzbranche\/","url":"https:\/\/www.striped-giraffe.com\/de\/data-analytics-finanzbranche\/","name":"Branchen Insider - Data Analytics in der Finanzbranche - Striped Giraffe","isPartOf":{"@id":"https:\/\/www.striped-giraffe.com\/de\/#website"},"datePublished":"2022-04-20T09:24:04+00:00","dateModified":"2022-04-20T15:55:32+00:00","inLanguage":"de","potentialAction":[{"@type":"ReadAction","target":["https:\/\/www.striped-giraffe.com\/de\/data-analytics-finanzbranche\/"]}]},{"@type":"WebSite","@id":"https:\/\/www.striped-giraffe.com\/de\/#website","url":"https:\/\/www.striped-giraffe.com\/de\/","name":"Striped Giraffe","description":"Ihr zuverl\u00e4ssiger Anbieter f\u00fcr digitale Enterprise-L\u00f6sungen","publisher":{"@id":"https:\/\/www.striped-giraffe.com\/de\/#organization"},"potentialAction":[{"@type":"SearchAction","target":{"@type":"EntryPoint","urlTemplate":"https:\/\/www.striped-giraffe.com\/de\/?s={search_term_string}"},"query-input":"required name=search_term_string"}],"inLanguage":"de"},{"@type":"Organization","@id":"https:\/\/www.striped-giraffe.com\/de\/#organization","name":"Striped Giraffe","url":"https:\/\/www.striped-giraffe.com\/de\/","logo":{"@type":"ImageObject","inLanguage":"de","@id":"https:\/\/www.striped-giraffe.com\/de\/#\/schema\/logo\/image\/","url":"https:\/\/www.striped-giraffe.com\/wp-content\/uploads\/2021\/01\/giraffe_white.svg","contentUrl":"https:\/\/www.striped-giraffe.com\/wp-content\/uploads\/2021\/01\/giraffe_white.svg","caption":"Striped Giraffe"},"image":{"@id":"https:\/\/www.striped-giraffe.com\/de\/#\/schema\/logo\/image\/"}}]}},"_links":{"self":[{"href":"https:\/\/www.striped-giraffe.com\/de\/wp-json\/wp\/v2\/pages\/30548"}],"collection":[{"href":"https:\/\/www.striped-giraffe.com\/de\/wp-json\/wp\/v2\/pages"}],"about":[{"href":"https:\/\/www.striped-giraffe.com\/de\/wp-json\/wp\/v2\/types\/page"}],"author":[{"embeddable":true,"href":"https:\/\/www.striped-giraffe.com\/de\/wp-json\/wp\/v2\/users\/2"}],"replies":[{"embeddable":true,"href":"https:\/\/www.striped-giraffe.com\/de\/wp-json\/wp\/v2\/comments?post=30548"}],"version-history":[{"count":13,"href":"https:\/\/www.striped-giraffe.com\/de\/wp-json\/wp\/v2\/pages\/30548\/revisions"}],"predecessor-version":[{"id":30665,"href":"https:\/\/www.striped-giraffe.com\/de\/wp-json\/wp\/v2\/pages\/30548\/revisions\/30665"}],"wp:attachment":[{"href":"https:\/\/www.striped-giraffe.com\/de\/wp-json\/wp\/v2\/media?parent=30548"}],"curies":[{"name":"wp","href":"https:\/\/api.w.org\/{rel}","templated":true}]}}