{"id":30668,"date":"2022-04-25T09:20:57","date_gmt":"2022-04-25T07:20:57","guid":{"rendered":"https:\/\/www.striped-giraffe.com\/partner\/sap-copy\/"},"modified":"2024-01-04T09:41:33","modified_gmt":"2024-01-04T08:41:33","slug":"stibo-systems","status":"publish","type":"page","link":"https:\/\/www.striped-giraffe.com\/de\/collaboration\/partner\/stibo-systems\/","title":{"rendered":"Stibo Systems"},"content":{"rendered":"<section class=\"wpb-content-wrapper\"><p>[vc_row full_width=&#8220;stretch_row&#8220; bg_type=&#8220;image&#8220; parallax_style=&#8220;vcpb-default&#8220; bg_image_new=&#8220;id^1652|url^https:\/\/www.striped-giraffe.com\/wp-content\/uploads\/2021\/01\/Partner-1-scaled.jpg|caption^Embossed mesh representing internet connections in cloud computing. 3d image and dot link.|alt^null|title^Embossed mesh representing internet connections in cloud computi|description^null&#8220; css=&#8220;.vc_custom_1610545193071{padding-top: 200px !important;padding-bottom: 200px !important;background-position: center !important;background-repeat: no-repeat !important;background-size: cover !important;}&#8220;][vc_column][\/vc_column][\/vc_row][vc_row gap=&#8220;35&#8243; el_class=&#8220;closetotop&#8220; css=&#8220;.vc_custom_1650872620836{padding-top: 50px !important;padding-bottom: 50px !important;background-color: #ffffff !important;}&#8220;][vc_column width=&#8220;1\/4&#8243;][vc_single_image image=&#8220;30674&#8243; img_size=&#8220;full&#8220;][\/vc_column][vc_column width=&#8220;3\/4&#8243;][vc_column_text]Stibo Systems ist f\u00fcr uns ein strategisch wichtiger Partner, weil er mit seinen ausgereiften MDM- und PIM-Systemen unsere Produktpalette optimal erg\u00e4nzt. Gleichzeitig erf\u00fcllen sie die hohen Qualit\u00e4tsstandards, die unsere Kunden von uns erwarten.[\/vc_column_text][\/vc_column][\/vc_row][vc_row bg_type=&#8220;image&#8220; css=&#8220;.vc_custom_1650872345800{margin-top: 100px !important;margin-bottom: 100px !important;background-color: #ffffff !important;}&#8220;][vc_column width=&#8220;1\/4&#8243;][vc_column_text]<\/p>\n<h2 class=\"headline_superbig\">\u00dcber Stibo Systems<\/h2>\n<p>[\/vc_column_text][\/vc_column][vc_column width=&#8220;3\/4&#8243;][vc_column_text]<span lang=\"DE\">Stibo Systems bietet Unternehmen innovative Softwarel\u00f6sungen zur Stammdatenverwaltung und erm\u00f6glicht dadurch Datentransparenz. Unsere L\u00f6sungen sind weltweit die treibende Kraft hinter zukunftsorientierten Unternehmen, die den strategischen Wert ihrer Stammdaten nutzen. Wir versetzen Firmen in die Lage, das Kundenerlebnis zu verbessern, Innovation und Wachstum voranzutreiben und eine Grundlage f\u00fcr die digitale Transformation zu schaffen. So erhalten Unternehmen die Transparenz, die sie ben\u00f6tigen und w\u00fcnschen: eine einzige, genaue Sicht auf ihre Stammdaten. Damit k\u00f6nnen Firmen fundierte Entscheidungen treffen und ihre umfangreichen, ambitionierten Ziele erreichen. Stibo Systems ist eine in Privatbesitz befindliche Tochtergesellschaft der 1794 gegr\u00fcndeten Stibo A\/S Gruppe mit Hauptsitz in Aarhus, D\u00e4nemark. <\/span><\/p>\n<p>Mehr unter <a href=\"https:\/\/www.stibosystems.com\/de\/\">stibosystems.de<\/a>.[\/vc_column_text][\/vc_column][\/vc_row][vc_row css=&#8220;.vc_custom_1651676055812{margin-top: 0px !important;margin-bottom: 100px !important;}&#8220;][vc_column width=&#8220;1\/4&#8243;][\/vc_column][vc_column width=&#8220;3\/4&#8243;][vc_column_text]<\/p>\n<blockquote>\n<p style=\"text-align: center;\">Wir freuen uns sehr, unser Partnernetzwerk in DACH mit Striped Giraffe zu erweitern. Dies ist ein wichtiger Schritt f\u00fcr uns, um unseren E-Commerce- und Einzelhandelsmarktanteil weiter auszubauen, da Striped Giraffe ein ausgewiesener Experte darin ist, Unternehmen beim Aufbau florierender E-Commerce-Gesch\u00e4fte zu unterst\u00fctzen.<\/p>\n<\/blockquote>\n<div style=\"text-align: center;\"><strong>Jan Richter, Alliance Sales Executive bei Stibo Systems<\/strong><\/div>\n<p>[\/vc_column_text][\/vc_column][\/vc_row][vc_row bg_type=&#8220;image&#8220; css=&#8220;.vc_custom_1650872345800{margin-top: 100px !important;margin-bottom: 100px !important;background-color: #ffffff !important;}&#8220;][vc_column width=&#8220;1\/4&#8243;][vc_column_text]<\/p>\n<h2 class=\"headline_superbig\">PIM\/PCM Expertise<\/h2>\n<p>[\/vc_column_text][\/vc_column][vc_column width=&#8220;3\/4&#8243;][vc_column_text]Stibo Systems ist f\u00fcr uns ein strategisch wichtiger Partner, weil er unsere Produktpalette erg\u00e4nzt und gleichzeitig die hohen Qualit\u00e4tsanspr\u00fcche erf\u00fcllt, die unsere Kunden von uns gewohnt sind. Als Experte f\u00fcr Datenmanagement und E-Commerce k\u00f6nnen wir auf ein ausgereiftes MDM oder PIM\/PCM nicht verzichten. Stibo Systems hat uns in diesem Bereich schon vor langer Zeit \u00fcberzeugt.<\/p>\n<p>Wir bringen unsererseits unsere Erfahrung in der Integration von Stibo Systems mit Enterprise-E-Commerce-Plattformen wie <a href=\"https:\/\/www.striped-giraffe.com\/de\/partner\/sap\/sap-commerce-cloud\/\">SAP Commerce<\/a> ein.<\/p>\n<p>Durch diese Partnerschaft werden die Kunden beider Unternehmen in die Lage versetzt, das Beste aus ihren Daten herauszuholen und ihren Nutzern ein au\u00dfergew\u00f6hnliches Erlebnis zu bieten.[\/vc_column_text][\/vc_column][\/vc_row][vc_row css=&#8220;.vc_custom_1610006958559{margin-bottom: 100px !important;}&#8220;][vc_column width=&#8220;1\/4&#8243;][vc_column_text]<\/p>\n<h2 class=\"headline_superbig\">Interesse<\/h2>\n<p>[\/vc_column_text][\/vc_column][vc_column width=&#8220;3\/4&#8243;][vc_column_text]Wenn Sie mehr \u00fcber unsere Partner erfahren m\u00f6chten oder an einer Partnerschaft interessiert sind, wenden Sie sich bitte an unser Business Development Team.<\/p>\n<p><a href=\"mailto:sales@striped-giraffe.com\">sales@striped-giraffe.com<\/a><\/p>\n<p>+49 (0)89-416 126-667[\/vc_column_text][\/vc_column][\/vc_row][vc_row][vc_column width=&#8220;1\/4&#8243;][\/vc_column][vc_column width=&#8220;3\/4&#8243;][vc_btn title=&#8220;\u00dcBERSICHT ALLER PARTNER&#8220; align=&#8220;left&#8220; link=&#8220;url:https%3A%2F%2Fwww.striped-giraffe.com%2Fde%2Fcollaboration%2Fpartner%2F|title:Partner&#8220;][\/vc_column][\/vc_row][vc_row][vc_column][vc_empty_space height=&#8220;100px&#8220;][\/vc_column][\/vc_row]<\/p>\n<\/section>","protected":false},"excerpt":{"rendered":"<p>[vc_row full_width=&#8220;stretch_row&#8220; bg_type=&#8220;image&#8220; parallax_style=&#8220;vcpb-default&#8220; bg_image_new=&#8220;id^1652|url^https:\/\/www.striped-giraffe.com\/wp-content\/uploads\/2021\/01\/Partner-1-scaled.jpg|caption^Embossed mesh representing internet connections in cloud computing. 3d image and dot link.|alt^null|title^Embossed mesh representing internet [&hellip;]<\/p>\n","protected":false},"author":2,"featured_media":0,"parent":670,"menu_order":0,"comment_status":"closed","ping_status":"closed","template":"","meta":{"footnotes":""},"acf":[],"yoast_head":"<!-- This site is optimized with the Yoast SEO Premium plugin v20.5 (Yoast SEO v20.5) - https:\/\/yoast.com\/wordpress\/plugins\/seo\/ -->\n<title>Stibo Systems - Striped Giraffe<\/title>\n<meta name=\"description\" content=\"Stibo Systems erg\u00e4nzt mit seinen MDM- und PIM-Systemen optimal unsere Produktpalette - entsprechend unserer hohen Qualit\u00e4tsstandards.\" \/>\n<meta name=\"robots\" content=\"index, follow, max-snippet:-1, max-image-preview:large, max-video-preview:-1\" \/>\n<link rel=\"canonical\" href=\"https:\/\/www.striped-giraffe.com\/de\/collaboration\/partner\/stibo-systems\/\" \/>\n<meta property=\"og:locale\" content=\"de_DE\" \/>\n<meta property=\"og:type\" content=\"article\" \/>\n<meta property=\"og:title\" content=\"Stibo Systems\" \/>\n<meta property=\"og:description\" content=\"Stibo Systems erg\u00e4nzt mit seinen MDM- und PIM-Systemen optimal unsere Produktpalette - entsprechend unserer hohen Qualit\u00e4tsstandards.\" \/>\n<meta property=\"og:url\" content=\"https:\/\/www.striped-giraffe.com\/de\/collaboration\/partner\/stibo-systems\/\" \/>\n<meta property=\"og:site_name\" content=\"Striped Giraffe\" \/>\n<meta property=\"article:modified_time\" content=\"2024-01-04T08:41:33+00:00\" \/>\n<meta name=\"twitter:card\" content=\"summary_large_image\" \/>\n<meta name=\"twitter:label1\" content=\"Gesch\u00e4tzte Lesezeit\" \/>\n\t<meta name=\"twitter:data1\" content=\"3\u00a0Minuten\" \/>\n<script type=\"application\/ld+json\" class=\"yoast-schema-graph\">{\"@context\":\"https:\/\/schema.org\",\"@graph\":[{\"@type\":\"WebPage\",\"@id\":\"https:\/\/www.striped-giraffe.com\/de\/collaboration\/partner\/stibo-systems\/\",\"url\":\"https:\/\/www.striped-giraffe.com\/de\/collaboration\/partner\/stibo-systems\/\",\"name\":\"Stibo Systems - Striped Giraffe\",\"isPartOf\":{\"@id\":\"https:\/\/www.striped-giraffe.com\/de\/#website\"},\"datePublished\":\"2022-04-25T07:20:57+00:00\",\"dateModified\":\"2024-01-04T08:41:33+00:00\",\"description\":\"Stibo Systems erg\u00e4nzt mit seinen MDM- und PIM-Systemen optimal unsere Produktpalette - entsprechend unserer hohen Qualit\u00e4tsstandards.\",\"breadcrumb\":{\"@id\":\"https:\/\/www.striped-giraffe.com\/de\/collaboration\/partner\/stibo-systems\/#breadcrumb\"},\"inLanguage\":\"de\",\"potentialAction\":[{\"@type\":\"ReadAction\",\"target\":[\"https:\/\/www.striped-giraffe.com\/de\/collaboration\/partner\/stibo-systems\/\"]}]},{\"@type\":\"BreadcrumbList\",\"@id\":\"https:\/\/www.striped-giraffe.com\/de\/collaboration\/partner\/stibo-systems\/#breadcrumb\",\"itemListElement\":[{\"@type\":\"ListItem\",\"position\":1,\"name\":\"Collaboration\",\"item\":\"https:\/\/www.striped-giraffe.com\/de\/collaboration\/\"},{\"@type\":\"ListItem\",\"position\":2,\"name\":\"Partner\",\"item\":\"https:\/\/www.striped-giraffe.com\/de\/collaboration\/partner\/\"},{\"@type\":\"ListItem\",\"position\":3,\"name\":\"Stibo Systems\"}]},{\"@type\":\"WebSite\",\"@id\":\"https:\/\/www.striped-giraffe.com\/de\/#website\",\"url\":\"https:\/\/www.striped-giraffe.com\/de\/\",\"name\":\"Striped Giraffe\",\"description\":\"Ihr zuverl\u00e4ssiger Anbieter f\u00fcr digitale Enterprise-L\u00f6sungen\",\"publisher\":{\"@id\":\"https:\/\/www.striped-giraffe.com\/de\/#organization\"},\"potentialAction\":[{\"@type\":\"SearchAction\",\"target\":{\"@type\":\"EntryPoint\",\"urlTemplate\":\"https:\/\/www.striped-giraffe.com\/de\/?s={search_term_string}\"},\"query-input\":\"required name=search_term_string\"}],\"inLanguage\":\"de\"},{\"@type\":\"Organization\",\"@id\":\"https:\/\/www.striped-giraffe.com\/de\/#organization\",\"name\":\"Striped Giraffe\",\"url\":\"https:\/\/www.striped-giraffe.com\/de\/\",\"logo\":{\"@type\":\"ImageObject\",\"inLanguage\":\"de\",\"@id\":\"https:\/\/www.striped-giraffe.com\/de\/#\/schema\/logo\/image\/\",\"url\":\"https:\/\/www.striped-giraffe.com\/wp-content\/uploads\/2021\/01\/giraffe_white.svg\",\"contentUrl\":\"https:\/\/www.striped-giraffe.com\/wp-content\/uploads\/2021\/01\/giraffe_white.svg\",\"caption\":\"Striped Giraffe\"},\"image\":{\"@id\":\"https:\/\/www.striped-giraffe.com\/de\/#\/schema\/logo\/image\/\"}}]}<\/script>\n<!-- \/ Yoast SEO Premium plugin. -->","yoast_head_json":{"title":"Stibo Systems - Striped Giraffe","description":"Stibo Systems erg\u00e4nzt mit seinen MDM- und PIM-Systemen optimal unsere Produktpalette - entsprechend unserer hohen Qualit\u00e4tsstandards.","robots":{"index":"index","follow":"follow","max-snippet":"max-snippet:-1","max-image-preview":"max-image-preview:large","max-video-preview":"max-video-preview:-1"},"canonical":"https:\/\/www.striped-giraffe.com\/de\/collaboration\/partner\/stibo-systems\/","og_locale":"de_DE","og_type":"article","og_title":"Stibo Systems","og_description":"Stibo Systems erg\u00e4nzt mit seinen MDM- und PIM-Systemen optimal unsere Produktpalette - entsprechend unserer hohen Qualit\u00e4tsstandards.","og_url":"https:\/\/www.striped-giraffe.com\/de\/collaboration\/partner\/stibo-systems\/","og_site_name":"Striped Giraffe","article_modified_time":"2024-01-04T08:41:33+00:00","twitter_card":"summary_large_image","twitter_misc":{"Gesch\u00e4tzte Lesezeit":"3\u00a0Minuten"},"schema":{"@context":"https:\/\/schema.org","@graph":[{"@type":"WebPage","@id":"https:\/\/www.striped-giraffe.com\/de\/collaboration\/partner\/stibo-systems\/","url":"https:\/\/www.striped-giraffe.com\/de\/collaboration\/partner\/stibo-systems\/","name":"Stibo Systems - Striped Giraffe","isPartOf":{"@id":"https:\/\/www.striped-giraffe.com\/de\/#website"},"datePublished":"2022-04-25T07:20:57+00:00","dateModified":"2024-01-04T08:41:33+00:00","description":"Stibo Systems erg\u00e4nzt mit seinen MDM- und PIM-Systemen optimal unsere Produktpalette - entsprechend unserer hohen Qualit\u00e4tsstandards.","breadcrumb":{"@id":"https:\/\/www.striped-giraffe.com\/de\/collaboration\/partner\/stibo-systems\/#breadcrumb"},"inLanguage":"de","potentialAction":[{"@type":"ReadAction","target":["https:\/\/www.striped-giraffe.com\/de\/collaboration\/partner\/stibo-systems\/"]}]},{"@type":"BreadcrumbList","@id":"https:\/\/www.striped-giraffe.com\/de\/collaboration\/partner\/stibo-systems\/#breadcrumb","itemListElement":[{"@type":"ListItem","position":1,"name":"Collaboration","item":"https:\/\/www.striped-giraffe.com\/de\/collaboration\/"},{"@type":"ListItem","position":2,"name":"Partner","item":"https:\/\/www.striped-giraffe.com\/de\/collaboration\/partner\/"},{"@type":"ListItem","position":3,"name":"Stibo Systems"}]},{"@type":"WebSite","@id":"https:\/\/www.striped-giraffe.com\/de\/#website","url":"https:\/\/www.striped-giraffe.com\/de\/","name":"Striped Giraffe","description":"Ihr zuverl\u00e4ssiger Anbieter f\u00fcr digitale Enterprise-L\u00f6sungen","publisher":{"@id":"https:\/\/www.striped-giraffe.com\/de\/#organization"},"potentialAction":[{"@type":"SearchAction","target":{"@type":"EntryPoint","urlTemplate":"https:\/\/www.striped-giraffe.com\/de\/?s={search_term_string}"},"query-input":"required name=search_term_string"}],"inLanguage":"de"},{"@type":"Organization","@id":"https:\/\/www.striped-giraffe.com\/de\/#organization","name":"Striped Giraffe","url":"https:\/\/www.striped-giraffe.com\/de\/","logo":{"@type":"ImageObject","inLanguage":"de","@id":"https:\/\/www.striped-giraffe.com\/de\/#\/schema\/logo\/image\/","url":"https:\/\/www.striped-giraffe.com\/wp-content\/uploads\/2021\/01\/giraffe_white.svg","contentUrl":"https:\/\/www.striped-giraffe.com\/wp-content\/uploads\/2021\/01\/giraffe_white.svg","caption":"Striped Giraffe"},"image":{"@id":"https:\/\/www.striped-giraffe.com\/de\/#\/schema\/logo\/image\/"}}]}},"_links":{"self":[{"href":"https:\/\/www.striped-giraffe.com\/de\/wp-json\/wp\/v2\/pages\/30668"}],"collection":[{"href":"https:\/\/www.striped-giraffe.com\/de\/wp-json\/wp\/v2\/pages"}],"about":[{"href":"https:\/\/www.striped-giraffe.com\/de\/wp-json\/wp\/v2\/types\/page"}],"author":[{"embeddable":true,"href":"https:\/\/www.striped-giraffe.com\/de\/wp-json\/wp\/v2\/users\/2"}],"replies":[{"embeddable":true,"href":"https:\/\/www.striped-giraffe.com\/de\/wp-json\/wp\/v2\/comments?post=30668"}],"version-history":[{"count":5,"href":"https:\/\/www.striped-giraffe.com\/de\/wp-json\/wp\/v2\/pages\/30668\/revisions"}],"predecessor-version":[{"id":35602,"href":"https:\/\/www.striped-giraffe.com\/de\/wp-json\/wp\/v2\/pages\/30668\/revisions\/35602"}],"up":[{"embeddable":true,"href":"https:\/\/www.striped-giraffe.com\/de\/wp-json\/wp\/v2\/pages\/670"}],"wp:attachment":[{"href":"https:\/\/www.striped-giraffe.com\/de\/wp-json\/wp\/v2\/media?parent=30668"}],"curies":[{"name":"wp","href":"https:\/\/api.w.org\/{rel}","templated":true}]}}