{"id":30701,"date":"2022-04-27T10:26:13","date_gmt":"2022-04-27T08:26:13","guid":{"rendered":"https:\/\/www.striped-giraffe.com\/ecc-club-studie-mobilitaet-copy\/"},"modified":"2024-09-12T16:52:29","modified_gmt":"2024-09-12T14:52:29","slug":"ecc-club-studie-gen-z","status":"publish","type":"page","link":"https:\/\/www.striped-giraffe.com\/de\/ecc-club-studie-gen-z\/","title":{"rendered":"Download ECC Studie 2022 GenZ"},"content":{"rendered":"<section class=\"wpb-content-wrapper\"><p>[vc_row full_width=&#8220;stretch_row_content_no_spaces&#8220; full_height=&#8220;yes&#8220; content_placement=&#8220;middle&#8220; bg_type=&#8220;image&#8220; parallax_style=&#8220;vcpb-default&#8220; bg_image_new=&#8220;id^30800|url^https:\/\/www.striped-giraffe.com\/wp-content\/uploads\/2022\/05\/Cover_ECCCLUBStudie2022_GenZ.jpg|caption^ECC Studie GenZ|alt^null|title^Cover_ECCCLUBStudie2022_GenZ|description^ECC Studie GenZ&#8220; bg_image_repeat=&#8220;no-repeat&#8220; bg_image_size=&#8220;contain&#8220; bg_override=&#8220;full&#8220; css=&#8220;.vc_custom_1651584500835{margin-top: 0px !important;margin-right: 0px !important;margin-bottom: 50px !important;margin-left: 0px !important;padding-top: 0px !important;padding-right: 0px !important;padding-bottom: 0px !important;padding-left: 0px !important;background-position: center !important;background-repeat: no-repeat !important;background-size: cover !important;}&#8220;][vc_column][\/vc_column][\/vc_row][vc_row full_width=&#8220;stretch_row&#8220; css=&#8220;.vc_custom_1622116616765{margin-top: 0px !important;margin-bottom: 100px !important;padding-top: 0px !important;padding-bottom: 0px !important;background-position: center !important;background-repeat: no-repeat !important;background-size: cover !important;}&#8220;][vc_column][vc_column_text]<\/p>\n<h2 style=\"text-align: center;\"><span style=\"color: #ef6c00;\">ECC CLUB Studie 2022<\/span><\/h2>\n<p>[\/vc_column_text][vc_empty_space][vc_column_text]<\/p>\n<h1 style=\"text-align: center;\"><b>Future Needs der Gen<span style=\"color: #ef6c00;\">Z<\/span><\/b><\/h1>\n<h2 style=\"text-align: center;\"><b>ZERRISSEN, TRADITIONELL, IMMER UNTER DRUCK<\/b><\/h2>\n<p>[\/vc_column_text][\/vc_column][\/vc_row][vc_row gap=&#8220;35&#8243; css=&#8220;.vc_custom_1652087862264{margin-bottom: 50px !important;}&#8220;][vc_column width=&#8220;2\/3&#8243;][vc_column_text]Zerrissen, traditionell und unter immensem Druck \u2013 die neue <span style=\"color: #ef6c00;\">ECC CLUB Studie<\/span> beleuchtet die Verhaltensweisen, Einstellungen und Bed\u00fcrfnisse der Generation Z. Also jener Gruppe von Menschen, die zwischen 1996 und 2006 geboren wurden und die heute nicht nur als Kunden, durch <strong>ihre direkte Kaufkraft<\/strong>, sondern auch als <strong>potenzielle Arbeitnehmer<\/strong> beachtliche Relevanz f\u00fcr Unternehmen haben.<\/p>\n<p>Das <a href=\"https:\/\/www.ifhkoeln.de\/\">IFH K\u00f6ln<\/a> wollte wissen, wie diese Generation tickt: Was macht die Gen Z gl\u00fccklich? Welche Tr\u00e4ume verfolgen sie? Und: Welche \u00c4ngste und Sorgen treiben sie um?<\/p>\n<p>Befragt wurden 1.000 Personen <span style=\"color: #ef6c00;\">im Alter von 16-26 Jahren<\/span>.[\/vc_column_text][vc_empty_space][vc_single_image image=&#8220;30878&#8243; img_size=&#8220;large&#8220; style=&#8220;vc_box_shadow_3d&#8220; onclick=&#8220;zoom&#8220;][\/vc_column][vc_column width=&#8220;1\/3&#8243; css=&#8220;.vc_custom_1623674804327{margin-left: 50px !important;}&#8220;][vc_column_text]<\/p>\n<h2 class=\"headline_introduction\">72 % der befragten Studienteilnehmer gaben an, dass ihnen der <span style=\"color: #ef6c00;\">Preis wichtiger ist als die Nachhaltigkeit<\/span>.<\/h2>\n<p>[\/vc_column_text][\/vc_column][\/vc_row][vc_row gap=&#8220;35&#8243; css=&#8220;.vc_custom_1652089439810{margin-bottom: 100px !important;}&#8220;][vc_column width=&#8220;2\/3&#8243;][vc_column_text]<\/p>\n<h2 class=\"headline_superbig\">Preise sind der GenZ sehr wichtig.<\/h2>\n<p>In politisch und wirtschaftlich unruhigen Zeiten, in denen die Preise besonders hoch sind, kommt es daneben auf viele weitere Kriterien an:<\/p>\n<ul>\n<li>Eine starke Marke (55 %)<\/li>\n<li>\u00dcberzeugende Influencer<\/li>\n<li>Einbindung der relevanten Social Media-Kan\u00e4le<\/li>\n<li>Eine hervorragende Customer Experience<\/li>\n<li>Eine \u00f6kologisch verantwortungsbewusste Handlungsweise (54 %)<\/li>\n<\/ul>\n<p>[\/vc_column_text][vc_empty_space][vc_single_image image=&#8220;30884&#8243; img_size=&#8220;large&#8220; style=&#8220;vc_box_shadow_3d&#8220; onclick=&#8220;zoom&#8220;][\/vc_column][vc_column width=&#8220;1\/3&#8243; css=&#8220;.vc_custom_1652089924764{margin-left: 50px !important;}&#8220;][vc_column_text]<\/p>\n<h2 class=\"headline_introduction\">Wichtigste Info-Quellen:<\/h2>\n<h2 class=\"headline_introduction\">TV <span style=\"color: #ef6c00;\">56%<br \/>\n<\/span>Social Media <span style=\"color: #ef6c00;\">48%<br \/>\n<\/span>Newsportale <span style=\"color: #ef6c00;\">44%<\/span><\/h2>\n<p>[\/vc_column_text][\/vc_column][\/vc_row][vc_row css=&#8220;.vc_custom_1610562072928{margin-bottom: 100px !important;}&#8220;][vc_column width=&#8220;2\/3&#8243;][vc_column_text]<\/p>\n<h2 class=\"headline_superbig\">Inspiration auch au\u00dferhalb von Social Media<\/h2>\n<p>Aber eine Marke muss nicht nur online pr\u00e4sent sein. 77 % lassen sich auch gerne im Laden inspirieren.<\/p>\n<p>Diese und weitere Erkenntnisse aus der aktuellen ECC Studie k\u00f6nnen Sie sich jetzt herunterladen.[\/vc_column_text][\/vc_column][vc_column width=&#8220;1\/3&#8243; css=&#8220;.vc_custom_1623674830732{margin-left: 50px !important;}&#8220;][vc_column_text][\/vc_column_text][\/vc_column][\/vc_row][vc_row gap=&#8220;35&#8243; css=&#8220;.vc_custom_1724317649240{margin-bottom: 100px !important;}&#8220; el_id=&#8220;downloadsection&#8220;][vc_column width=&#8220;2\/3&#8243;][vc_column_text]<\/p>\n<h2 class=\"headline_superbig\">Download<\/h2>\n<p>[\/vc_column_text][vc_empty_space][vc_column_text]Laden Sie sich die ECC CLUB-Studie kostenlos herunter.[\/vc_column_text][vc_empty_space][vc_column_text]<div class='_form_42'><\/div><script type='text\/javascript' src='https:\/\/striped-giraffe.activehosted.com\/f\/embed.php?static=0&id=42&69D478FE011A9&nostyles=0&preview=0'><\/script>[\/vc_column_text][\/vc_column][vc_column width=&#8220;1\/3&#8243;][vc_single_image image=&#8220;30872&#8243; img_size=&#8220;full&#8220; alignment=&#8220;center&#8220;][\/vc_column][\/vc_row][vc_row][vc_column][vc_separator][\/vc_column][\/vc_row][vc_row gap=&#8220;35&#8243; css=&#8220;.vc_custom_1652087562859{margin-bottom: 100px !important;}&#8220;][vc_column width=&#8220;2\/3&#8243;][vc_column_text]Der <a href=\"https:\/\/www.ifhkoeln.de\/ecc-club\/\" target=\"_blank\" rel=\"noopener\">ECC CLUB<\/a> besch\u00e4ftigt sich fortw\u00e4hrend mit den aktuellen Gegebenheiten unserer Zeit im deutschen Handel. Er bringt Experten aus allen relevanten Bereichen zusammen. Seit 2020 sind wir Mitglied im ECC CLUB.[\/vc_column_text][\/vc_column][vc_column width=&#8220;1\/3&#8243; css=&#8220;.vc_custom_1652089948269{margin-left: 50px !important;}&#8220;][vc_column_text]<strong>Sind Sie zu diesem Thema an einem Austausch interessiert?<\/strong><br \/>\nDann kontaktieren Sie uns unter <a href=\"mailto:ecommerce@striped-giraffe.com\">ecommerce@striped-giraffe.com<\/a>.[\/vc_column_text][\/vc_column][\/vc_row][vc_row full_width=&#8220;stretch_row&#8220; bg_type=&#8220;bg_color&#8220; bg_color_value=&#8220;#000000&#8243;][vc_column][vc_row_inner][vc_column_inner][vc_column_text css=&#8220;.vc_custom_1651048105246{margin-top: 100px !important;}&#8220;]<\/p>\n<h2 class=\"headline_introduction\"><span style=\"color: #ffffff;\">Weitere Insights<\/span><\/h2>\n<p>[\/vc_column_text][\/vc_column_inner][\/vc_row_inner][\/vc_column][\/vc_row][vc_row full_width=&#8220;stretch_row&#8220; gap=&#8220;35&#8243; bg_type=&#8220;bg_color&#8220; css=&#8220;.vc_custom_1609934688295{margin-top: 0px !important;margin-bottom: 0px !important;padding-top: 100px !important;padding-bottom: 100px !important;}&#8220; bg_color_value=&#8220;#000000&#8243;][vc_column][vc_row_inner][vc_column_inner width=&#8220;1\/3&#8243; css=&#8220;.vc_custom_1610013762619{padding-right: 25px !important;}&#8220;][vc_column_text]<\/p>\n<h2><span style=\"color: #ef6c00;\">Wir schaffen Mehrwerte<\/span> <span style=\"color: #ffffff;\">f\u00fcr unsere Kunden.<\/span><\/h2>\n<p><span style=\"color: #ffffff;\">Das f\u00fchrt zu einer langj\u00e4hrigen Zusammenarbeit mit unseren Kunden, die wir sehr sch\u00e4tzen. Noch mehr E-Books, Case Studies und co. finden Sie in unseren <a href=\"https:\/\/www.striped-giraffe.com\/insights\/\">Insights<\/a>.<\/span>[\/vc_column_text][\/vc_column_inner][vc_column_inner width=&#8220;1\/3&#8243;]<div class=\"templatera_shortcode\"><div class=\"vc_row wpb_row vc_row-fluid\"><div class=\"wpb_column vc_column_container vc_col-sm-12\"><div class=\"vc_column-inner\"><div class=\"wpb_wrapper\"><div id='' class='teaserbox  overlay'><div class='teaserbox_inner'><div class='teaserheadline'><h2 style='color:#ef6c00;font-family:DinWebPro Bold;'>B2B Commerce<\/h2><h3 style='color:#ffffff;'>Mehr als nur ein Onlineshop<\/h3><\/div><div class='teasertext'><div class='wpb_wrapper'>Um die Erwartungen der Gesch\u00e4ftskunden zu erf\u00fcllen, m\u00fcssen B2B-Plattformen eine Vielzahl von Funktionen und M\u00f6glichkeiten bieten, die in B2C-Onlineshops nicht zu finden sind.<\/div><\/div><div class='teaserlink'><a href='https:\/\/www.striped-giraffe.com\/de\/ebook-b2b-commerce\/' style='color:#ffffff;'>Download<\/a><\/div><div class='wpb_single_image desktop_only'><img src='https:\/\/www.striped-giraffe.com\/wp-content\/uploads\/2022\/03\/Teaser_E-Book_B2B-Commerce.jpg' \/><\/div><div class='wpb_single_image mobile_only'><img src='https:\/\/www.striped-giraffe.com\/wp-content\/uploads\/2022\/03\/Teaser_E-Book_B2B-Commerce-600x700.jpg' \/><\/div><\/div><\/div><\/div><\/div><\/div><\/div><\/div>[\/vc_column_inner][vc_column_inner width=&#8220;1\/3&#8243;]<div class=\"templatera_shortcode\"><div class=\"vc_row wpb_row vc_row-fluid\"><div class=\"wpb_column vc_column_container vc_col-sm-12\"><div class=\"vc_column-inner\"><div class=\"wpb_wrapper\"><div id='' class='teaserbox  nooverlay'><div class='teaserbox_inner'><div class='teaserheadline'><h2 style='color:#ef6c00;font-family:DinWebPro Bold;'>Technologie-\u00dcbersicht &amp; Evaluierungs-Prozess<\/h2><h3 style='color:#ffffff;'>Leitfaden zur Auswahl der richtige E-Commerce-L\u00f6sung 01<\/h3><\/div><div class='teaserlink'><a href='https:\/\/www.striped-giraffe.com\/de\/ecommerce-evaluationsleitfaden-01\/' style='color:#ffffff;'>Download<\/a><\/div><div class='wpb_single_image desktop_only'><img src='https:\/\/www.striped-giraffe.com\/wp-content\/uploads\/2022\/03\/Evaluation_Guide_01_Teaser_b-600x960.jpg' \/><\/div><div class='wpb_single_image mobile_only'><img src='https:\/\/www.striped-giraffe.com\/wp-content\/uploads\/2022\/03\/Evaluation_Guide_01_Teaser_b-600x700.jpg' \/><\/div><\/div><\/div><\/div><\/div><\/div><\/div><\/div>[\/vc_column_inner][\/vc_row_inner][\/vc_column][\/vc_row]<\/p>\n<\/section>","protected":false},"excerpt":{"rendered":"ECC CLUB Studie 2022 Future Needs der GenZ ZERRISSEN, TRADITIONELL, IMMER UNTER DRUCK Zerrissen, traditionell und unter immensem Druck \u2013 [...]","protected":false},"author":2,"featured_media":30872,"parent":0,"menu_order":0,"comment_status":"closed","ping_status":"closed","template":"page-sidebar.php","meta":{"footnotes":""},"acf":[],"yoast_head":"<!-- This site is optimized with the Yoast SEO Premium plugin v20.5 (Yoast SEO v20.5) - https:\/\/yoast.com\/wordpress\/plugins\/seo\/ -->\n<title>Download ECC Studie 2022 GenZ - Striped Giraffe<\/title>\n<meta name=\"description\" content=\"Der ECC CLUB hat die Bed\u00fcrfnisse und Ansichten der Generation Z untersucht. Wie sieht es mir ihrer direkten Kaufkraft aus?\" \/>\n<meta name=\"robots\" content=\"index, follow, max-snippet:-1, max-image-preview:large, max-video-preview:-1\" \/>\n<link rel=\"canonical\" href=\"https:\/\/www.striped-giraffe.com\/de\/ecc-club-studie-gen-z\/\" \/>\n<meta property=\"og:locale\" content=\"de_DE\" \/>\n<meta property=\"og:type\" content=\"article\" \/>\n<meta property=\"og:title\" content=\"ECC CLUB Studie &quot;FUTURE NEEDS DER GENERATION Z&quot;\" \/>\n<meta property=\"og:description\" content=\"Der ECC CLUB hat die Bed\u00fcrfnisse und Ansichten der Generation Z untersucht. Wie sieht es mir ihrer direkten Kaufkraft aus?\" \/>\n<meta property=\"og:url\" content=\"https:\/\/www.striped-giraffe.com\/de\/ecc-club-studie-gen-z\/\" \/>\n<meta property=\"og:site_name\" content=\"Striped Giraffe\" \/>\n<meta property=\"article:modified_time\" content=\"2024-09-12T14:52:29+00:00\" \/>\n<meta property=\"og:image\" content=\"https:\/\/www.striped-giraffe.com\/wp-content\/uploads\/2022\/05\/ECC_Club_Study_2022_Generation_Z_banner.png\" \/>\n\t<meta property=\"og:image:width\" content=\"1200\" \/>\n\t<meta property=\"og:image:height\" content=\"628\" \/>\n\t<meta property=\"og:image:type\" content=\"image\/png\" \/>\n<meta name=\"twitter:card\" content=\"summary_large_image\" \/>\n<meta name=\"twitter:title\" content=\"Download ECC Studie 2022 GenZ\" \/>\n<meta name=\"twitter:label1\" content=\"Gesch\u00e4tzte Lesezeit\" \/>\n\t<meta name=\"twitter:data1\" content=\"3\u00a0Minuten\" \/>\n<script type=\"application\/ld+json\" class=\"yoast-schema-graph\">{\"@context\":\"https:\/\/schema.org\",\"@graph\":[{\"@type\":\"WebPage\",\"@id\":\"https:\/\/www.striped-giraffe.com\/de\/ecc-club-studie-gen-z\/\",\"url\":\"https:\/\/www.striped-giraffe.com\/de\/ecc-club-studie-gen-z\/\",\"name\":\"Download ECC Studie 2022 GenZ - Striped Giraffe\",\"isPartOf\":{\"@id\":\"https:\/\/www.striped-giraffe.com\/de\/#website\"},\"datePublished\":\"2022-04-27T08:26:13+00:00\",\"dateModified\":\"2024-09-12T14:52:29+00:00\",\"description\":\"Der ECC CLUB hat die Bed\u00fcrfnisse und Ansichten der Generation Z untersucht. Wie sieht es mir ihrer direkten Kaufkraft aus?\",\"inLanguage\":\"de\",\"potentialAction\":[{\"@type\":\"ReadAction\",\"target\":[\"https:\/\/www.striped-giraffe.com\/de\/ecc-club-studie-gen-z\/\"]}]},{\"@type\":\"WebSite\",\"@id\":\"https:\/\/www.striped-giraffe.com\/de\/#website\",\"url\":\"https:\/\/www.striped-giraffe.com\/de\/\",\"name\":\"Striped Giraffe\",\"description\":\"Ihr zuverl\u00e4ssiger Anbieter f\u00fcr digitale Enterprise-L\u00f6sungen\",\"publisher\":{\"@id\":\"https:\/\/www.striped-giraffe.com\/de\/#organization\"},\"potentialAction\":[{\"@type\":\"SearchAction\",\"target\":{\"@type\":\"EntryPoint\",\"urlTemplate\":\"https:\/\/www.striped-giraffe.com\/de\/?s={search_term_string}\"},\"query-input\":\"required name=search_term_string\"}],\"inLanguage\":\"de\"},{\"@type\":\"Organization\",\"@id\":\"https:\/\/www.striped-giraffe.com\/de\/#organization\",\"name\":\"Striped Giraffe\",\"url\":\"https:\/\/www.striped-giraffe.com\/de\/\",\"logo\":{\"@type\":\"ImageObject\",\"inLanguage\":\"de\",\"@id\":\"https:\/\/www.striped-giraffe.com\/de\/#\/schema\/logo\/image\/\",\"url\":\"https:\/\/www.striped-giraffe.com\/wp-content\/uploads\/2021\/01\/giraffe_white.svg\",\"contentUrl\":\"https:\/\/www.striped-giraffe.com\/wp-content\/uploads\/2021\/01\/giraffe_white.svg\",\"caption\":\"Striped Giraffe\"},\"image\":{\"@id\":\"https:\/\/www.striped-giraffe.com\/de\/#\/schema\/logo\/image\/\"}}]}<\/script>\n<!-- \/ Yoast SEO Premium plugin. -->","yoast_head_json":{"title":"Download ECC Studie 2022 GenZ - Striped Giraffe","description":"Der ECC CLUB hat die Bed\u00fcrfnisse und Ansichten der Generation Z untersucht. Wie sieht es mir ihrer direkten Kaufkraft aus?","robots":{"index":"index","follow":"follow","max-snippet":"max-snippet:-1","max-image-preview":"max-image-preview:large","max-video-preview":"max-video-preview:-1"},"canonical":"https:\/\/www.striped-giraffe.com\/de\/ecc-club-studie-gen-z\/","og_locale":"de_DE","og_type":"article","og_title":"ECC CLUB Studie \"FUTURE NEEDS DER GENERATION Z\"","og_description":"Der ECC CLUB hat die Bed\u00fcrfnisse und Ansichten der Generation Z untersucht. Wie sieht es mir ihrer direkten Kaufkraft aus?","og_url":"https:\/\/www.striped-giraffe.com\/de\/ecc-club-studie-gen-z\/","og_site_name":"Striped Giraffe","article_modified_time":"2024-09-12T14:52:29+00:00","og_image":[{"width":1200,"height":628,"url":"https:\/\/www.striped-giraffe.com\/wp-content\/uploads\/2022\/05\/ECC_Club_Study_2022_Generation_Z_banner.png","type":"image\/png"}],"twitter_card":"summary_large_image","twitter_title":"Download ECC Studie 2022 GenZ","twitter_misc":{"Gesch\u00e4tzte Lesezeit":"3\u00a0Minuten"},"schema":{"@context":"https:\/\/schema.org","@graph":[{"@type":"WebPage","@id":"https:\/\/www.striped-giraffe.com\/de\/ecc-club-studie-gen-z\/","url":"https:\/\/www.striped-giraffe.com\/de\/ecc-club-studie-gen-z\/","name":"Download ECC Studie 2022 GenZ - Striped Giraffe","isPartOf":{"@id":"https:\/\/www.striped-giraffe.com\/de\/#website"},"datePublished":"2022-04-27T08:26:13+00:00","dateModified":"2024-09-12T14:52:29+00:00","description":"Der ECC CLUB hat die Bed\u00fcrfnisse und Ansichten der Generation Z untersucht. Wie sieht es mir ihrer direkten Kaufkraft aus?","inLanguage":"de","potentialAction":[{"@type":"ReadAction","target":["https:\/\/www.striped-giraffe.com\/de\/ecc-club-studie-gen-z\/"]}]},{"@type":"WebSite","@id":"https:\/\/www.striped-giraffe.com\/de\/#website","url":"https:\/\/www.striped-giraffe.com\/de\/","name":"Striped Giraffe","description":"Ihr zuverl\u00e4ssiger Anbieter f\u00fcr digitale Enterprise-L\u00f6sungen","publisher":{"@id":"https:\/\/www.striped-giraffe.com\/de\/#organization"},"potentialAction":[{"@type":"SearchAction","target":{"@type":"EntryPoint","urlTemplate":"https:\/\/www.striped-giraffe.com\/de\/?s={search_term_string}"},"query-input":"required name=search_term_string"}],"inLanguage":"de"},{"@type":"Organization","@id":"https:\/\/www.striped-giraffe.com\/de\/#organization","name":"Striped Giraffe","url":"https:\/\/www.striped-giraffe.com\/de\/","logo":{"@type":"ImageObject","inLanguage":"de","@id":"https:\/\/www.striped-giraffe.com\/de\/#\/schema\/logo\/image\/","url":"https:\/\/www.striped-giraffe.com\/wp-content\/uploads\/2021\/01\/giraffe_white.svg","contentUrl":"https:\/\/www.striped-giraffe.com\/wp-content\/uploads\/2021\/01\/giraffe_white.svg","caption":"Striped Giraffe"},"image":{"@id":"https:\/\/www.striped-giraffe.com\/de\/#\/schema\/logo\/image\/"}}]}},"_links":{"self":[{"href":"https:\/\/www.striped-giraffe.com\/de\/wp-json\/wp\/v2\/pages\/30701"}],"collection":[{"href":"https:\/\/www.striped-giraffe.com\/de\/wp-json\/wp\/v2\/pages"}],"about":[{"href":"https:\/\/www.striped-giraffe.com\/de\/wp-json\/wp\/v2\/types\/page"}],"author":[{"embeddable":true,"href":"https:\/\/www.striped-giraffe.com\/de\/wp-json\/wp\/v2\/users\/2"}],"replies":[{"embeddable":true,"href":"https:\/\/www.striped-giraffe.com\/de\/wp-json\/wp\/v2\/comments?post=30701"}],"version-history":[{"count":15,"href":"https:\/\/www.striped-giraffe.com\/de\/wp-json\/wp\/v2\/pages\/30701\/revisions"}],"predecessor-version":[{"id":37723,"href":"https:\/\/www.striped-giraffe.com\/de\/wp-json\/wp\/v2\/pages\/30701\/revisions\/37723"}],"wp:featuredmedia":[{"embeddable":true,"href":"https:\/\/www.striped-giraffe.com\/de\/wp-json\/wp\/v2\/media\/30872"}],"wp:attachment":[{"href":"https:\/\/www.striped-giraffe.com\/de\/wp-json\/wp\/v2\/media?parent=30701"}],"curies":[{"name":"wp","href":"https:\/\/api.w.org\/{rel}","templated":true}]}}