{"id":310,"date":"2020-12-15T08:05:58","date_gmt":"2020-12-15T07:05:58","guid":{"rendered":"https:\/\/relaunch.striped-giraffe.com\/?page_id=310"},"modified":"2025-04-14T09:20:06","modified_gmt":"2025-04-14T07:20:06","slug":"kontakt","status":"publish","type":"page","link":"https:\/\/www.striped-giraffe.com\/de\/kontakt\/","title":{"rendered":"Kontakt"},"content":{"rendered":"<section class=\"wpb-content-wrapper\"><p>[vc_row][vc_column][vc_column_text]<\/p>\n<h1>Fragen.<br \/>\nW\u00fcnsche.<br \/>\nAnregungen.<\/h1>\n<p>&nbsp;<\/p>\n<p><strong>Wir freuen uns sehr auf Ihre Nachricht. Schildern Sie uns Ihr Anliegen und wir kontaktieren Sie gerne.<\/strong>[\/vc_column_text][\/vc_column][\/vc_row][vc_row css=&#8220;.vc_custom_1608018027484{margin-top: 100px !important;padding-bottom: 60px !important;background-color: #ffffff !important;}&#8220;][vc_column][vc_column_text el_id=&#8220;acform&#8220;]<div class='_form_18'><\/div><script type='text\/javascript' src='https:\/\/striped-giraffe.activehosted.com\/f\/embed.php?static=0&id=18&69F561BFDAD2A&nostyles=0&preview=0'><\/script>[\/vc_column_text][vc_empty_space height=&#8220;60px&#8220;][vc_raw_html]JTNDJTIxLS0lMjBDYWxlbmRseSUyMExpbmslMjAtLSUzRSUwQSUzQ2ElMjBjbGFzcyUzRCUyMmNhbGVuZGx5JTIyJTIwaHJlZiUzRCUyMiUyMyUyMiUyMG9uY2xpY2slM0QlMjJoYW5kbGVDYWxlbmRseUNsaWNrJTI4JTI5JTNCJTIwcmV0dXJuJTIwZmFsc2UlM0IlMjIlM0UlRjAlOUYlOTMlOUUlMjBUZXJtaW4lMjB2ZXJlaW5iYXJlbiUzQyUyRmElM0UlMEElMEElM0NzY3JpcHQlM0UlMEElMkYlMkYlMjBGdW5jdGlvbiUyMHRvJTIwb3BlbiUyMENhbGVuZGx5JTIwcG9wdXAlMEFmdW5jdGlvbiUyMG9wZW5DYWxlbmRseVBvcHVwJTI4JTI5JTIwJTdCJTBBJTIwJTIwJTIwJTIwQ2FsZW5kbHkuaW5pdFBvcHVwV2lkZ2V0JTI4JTdCdXJsJTNBJTIwJTI3aHR0cHMlM0ElMkYlMkZjYWxlbmRseS5jb20lMkZzdHJpcGVkLWdpcmFmZmUlMkYzMG1pbiUyNyU3RCUyOSUzQiUwQSU3RCUwQSUwQWZ1bmN0aW9uJTIwaGFuZGxlQ2FsZW5kbHlDbGljayUyOCUyOSUyMCU3QiUwQSUyMCUyMCUyMCUyMCUyRiUyRiUyMENoZWNrJTIwaWYlMjB0aGUlMjBjYWxlbmRseSUyMGNvb2tpZSUyMGNvbnNlbnQlMjBpcyUyMGFscmVhZHklMjBnaXZlbiUwQSUyMCUyMCUyMCUyMGlmJTIwJTI4d2luZG93LkJvcmxhYnNDb29raWUuY2hlY2tDb29raWVDb25zZW50JTI4JTI3Y2FsZW5kbHklMjclMjklMjklMjAlN0IlMEElMjAlMjAlMjAlMjAlMjAlMjAlMjAlMjAlMkYlMkYlMjBJZiUyMGNvbnNlbnQlMjBpcyUyMGdpdmVuJTJDJTIwb3BlbiUyMENhbGVuZGx5JTIwcG9wdXAlMEElMjAlMjAlMjAlMjAlMjAlMjAlMjAlMjBvcGVuQ2FsZW5kbHlQb3B1cCUyOCUyOSUzQiUwQSUyMCUyMCUyMCUyMCU3RCUyMGVsc2UlMjAlN0IlMEElMjAlMjAlMjAlMjAlMjAlMjAlMjAlMjAlMkYlMkYlMjBJZiUyMGNvbnNlbnQlMjBpcyUyMG5vdCUyMGdpdmVuJTJDJTIwc2V0JTIwdGhlJTIwY29va2llJTIwYW5kJTIwdGhlbiUyMG9wZW4lMjB0aGUlMjBwb3B1cCUwQSUyMCUyMCUyMCUyMCUyMCUyMCUyMCUyMHdpbmRvdy5Cb3JsYWJzQ29va2llLmFkZENvbnNlbnQlMjglMjdjYWxlbmRseSUyNyUyOSUzQiUwQSUyMCUyMCUyMCUyMCUyMCUyMCUyMCUyMG9wZW5DYWxlbmRseVBvcHVwJTI4JTI5JTNCJTBBJTIwJTIwJTIwJTIwJTdEJTBBJTdEJTBBJTNDJTJGc2NyaXB0JTNFJTBB[\/vc_raw_html][vc_column_text css=&#8220;.vc_custom_1706085765478{margin-top: 25px !important;}&#8220;]<\/p>\n<div class=\"statementat\" style=\"font-size: 12px!important; color: #a4a4a4;\">Mit Ihrem Klick akzeptieren Sie die <a href=\"https:\/\/help.calendly.com\/hc\/de\/articles\/360007295834-Datenspeicherung-und-Datenschutz#datenspeicherung-und-datenschutz-0-0\" target=\"_blank\" rel=\"noopener\">Datenschutzbestimmungen<\/a> von Calendly.<\/div>\n<p>[\/vc_column_text][\/vc_column][\/vc_row][vc_row full_width=&#8220;stretch_row&#8220; el_class=&#8220;closetotop&#8220; css=&#8220;.vc_custom_1744615183295{margin-top: 50px !important;margin-bottom: 0px !important;padding-top: 260px !important;padding-bottom: 160px !important;background-image: url(https:\/\/www.striped-giraffe.com\/wp-content\/uploads\/2020\/12\/contact_bckgnd_dark.jpg?id=319) !important;background-position: center !important;background-repeat: no-repeat !important;background-size: cover !important;}&#8220;][vc_column][vc_column_text]<\/p>\n<h1 class=\"headline_superbig\" style=\"text-align: center;\"><span style=\"color: #ffffff;\">KONTAKTIEREN SIE UNS.<\/span><\/h1>\n<h3 style=\"text-align: center;\"><span style=\"color: #ffffff;\">Striped Giraffe Innovation &amp; Strategy<\/span><br \/>\n<span style=\"color: #ffffff;\">Lenbachplatz 3 I 80333 M\u00fcnchen<\/span><\/h3>\n<h3 style=\"text-align: center;\"><strong><span style=\"color: #ef6c00;\"><a style=\"color: #ef6c00;\" href=\"mailto:info@striped-giraffe.com\">info@striped-giraffe.com<\/a><\/span><\/strong><br \/>\n<strong><span style=\"color: #ffffff;\">T. +49 (0)89-416 126-660<\/span><\/strong><\/h3>\n<p>[\/vc_column_text][vc_row_inner gap=&#8220;35&#8243; css=&#8220;.vc_custom_1609932111067{margin-top: 100px !important;}&#8220;][vc_column_inner width=&#8220;1\/3&#8243;][vc_column_text]<\/p>\n<h3 style=\"text-align: center;\"><strong><span style=\"color: #ffffff;\">Unser Business Development-Team<\/span><\/strong><br \/>\n<a href=\"mailto:sales@striped-giraffe.com\"><strong><span style=\"color: #ef6c00;\">sales@striped-giraffe.com<\/span><\/strong><\/a><\/h3>\n<p>[\/vc_column_text][\/vc_column_inner][vc_column_inner width=&#8220;1\/3&#8243;][vc_column_text]<\/p>\n<h3 style=\"text-align: center;\"><strong><span style=\"color: #ffffff;\">Unser Marketing-Team<\/span><\/strong><br \/>\n<a href=\"mailto:marketing@striped-giraffe.com\"><strong><span style=\"color: #ef6c00;\">marketing@striped-giraffe.com<\/span><\/strong><\/a><\/h3>\n<p>[\/vc_column_text][\/vc_column_inner][vc_column_inner width=&#8220;1\/3&#8243;][vc_column_text]<\/p>\n<h3 style=\"text-align: center;\"><strong><span style=\"color: #ffffff;\">Unser HR-Team<\/span><\/strong><br \/>\n<a href=\"mailto:career@striped-giraffe.com\"><strong><span style=\"color: #ef6c00;\">career@striped-giraffe.com<\/span><\/strong><\/a><\/h3>\n<p>[\/vc_column_text][\/vc_column_inner][\/vc_row_inner][\/vc_column][\/vc_row][vc_row full_width=&#8220;stretch_row&#8220; css=&#8220;.vc_custom_1705596305925{padding-top: 100px !important;padding-bottom: 100px !important;background-color: #000000 !important;}&#8220;][vc_column][vc_column_text]<\/p>\n<h1 style=\"text-align: center;\"><span style=\"color: #ffffff;\">Follow us.<\/span><\/h1>\n<p>[\/vc_column_text]<div class=\" uavc-icons-center uavc-icons \">\n<a class=\"aio-tooltip 69f561bfdad9b\" href=\"https:\/\/www.linkedin.com\/company\/striped-giraffe-innovation-&-strategy-gmbh\/?viewAsMember=true\" target=\"_blank\" rel=\"noopener\"  data-toggle=\"tooltip\" data-placement=\"\" title=\"\"><div class=\"aio-icon  \" data-animation=\"\" data-animation-delay=\"03\" style=\"color:#ffffff;font-size:30px;margin-right:5px;\">\n\t<i class=\"Defaults-linkedin\"><\/i>\n<\/div><\/a>\n<a class=\"aio-tooltip 69f561bfdadcb\" href=\"https:\/\/www.youtube.com\/@stripedgiraffe\" target=\"_blank\" rel=\"noopener\"  data-toggle=\"tooltip\" data-placement=\"\" title=\"\"><div class=\"aio-icon  \" data-animation=\"\" data-animation-delay=\"03\" style=\"color:#ffffff;font-size:30px;margin-right:5px;\">\n\t<i class=\"Defaults-youtube-play\"><\/i>\n<\/div><\/a>\n<a class=\"aio-tooltip 69f561bfdadf2\" href=\"https:\/\/www.facebook.com\/striped.giraffe.innovation.and.strategy\/\"  data-toggle=\"tooltip\" data-placement=\"\" title=\"\"><div class=\"aio-icon  \" data-animation=\"\" data-animation-delay=\"03\" style=\"color:#ffffff;font-size:32px;margin-right:5px;\">\n\t<i class=\"Defaults-facebook facebook-f\"><\/i>\n<\/div><\/a>\n<a class=\"aio-tooltip 69f561bfdae18\" href=\"https:\/\/www.instagram.com\/Striped_Giraffe_Insights\/\"  data-toggle=\"tooltip\" data-placement=\"\" title=\"\"><div class=\"aio-icon  \" data-animation=\"\" data-animation-delay=\"03\" style=\"color:#ffffff;font-size:32px;margin-right:5px;\">\n\t<i class=\"Defaults-instagram\"><\/i>\n<\/div><\/a><\/div>[\/vc_column][\/vc_row]<\/p>\n<\/section>","protected":false},"excerpt":{"rendered":"<p>[vc_row][vc_column][vc_column_text] Fragen. W\u00fcnsche. Anregungen. &nbsp; Wir freuen uns sehr auf Ihre Nachricht. Schildern Sie uns Ihr Anliegen und wir kontaktieren [&hellip;]<\/p>\n","protected":false},"author":1,"featured_media":0,"parent":0,"menu_order":0,"comment_status":"closed","ping_status":"closed","template":"","meta":{"footnotes":""},"acf":[],"yoast_head":"<!-- This site is optimized with the Yoast SEO Premium plugin v20.5 (Yoast SEO v20.5) - https:\/\/yoast.com\/wordpress\/plugins\/seo\/ -->\n<title>Kontakt - Striped Giraffe<\/title>\n<meta name=\"robots\" content=\"index, follow, max-snippet:-1, max-image-preview:large, max-video-preview:-1\" \/>\n<link rel=\"canonical\" href=\"https:\/\/www.striped-giraffe.com\/de\/kontakt\/\" \/>\n<meta property=\"og:locale\" content=\"de_DE\" \/>\n<meta property=\"og:type\" content=\"article\" \/>\n<meta property=\"og:title\" content=\"Kontakt\" \/>\n<meta property=\"og:description\" content=\"[vc_row][vc_column][vc_column_text] Fragen. W\u00fcnsche. Anregungen. &nbsp; Wir freuen uns sehr auf Ihre Nachricht. Schildern Sie uns Ihr Anliegen und wir kontaktieren [&hellip;]\" \/>\n<meta property=\"og:url\" content=\"https:\/\/www.striped-giraffe.com\/de\/kontakt\/\" \/>\n<meta property=\"og:site_name\" content=\"Striped Giraffe\" \/>\n<meta property=\"article:modified_time\" content=\"2025-04-14T07:20:06+00:00\" \/>\n<meta name=\"twitter:card\" content=\"summary_large_image\" \/>\n<meta name=\"twitter:label1\" content=\"Gesch\u00e4tzte Lesezeit\" \/>\n\t<meta name=\"twitter:data1\" content=\"1\u00a0Minute\" \/>\n<script type=\"application\/ld+json\" class=\"yoast-schema-graph\">{\"@context\":\"https:\/\/schema.org\",\"@graph\":[{\"@type\":\"WebPage\",\"@id\":\"https:\/\/www.striped-giraffe.com\/de\/kontakt\/\",\"url\":\"https:\/\/www.striped-giraffe.com\/de\/kontakt\/\",\"name\":\"Kontakt - Striped Giraffe\",\"isPartOf\":{\"@id\":\"https:\/\/www.striped-giraffe.com\/de\/#website\"},\"datePublished\":\"2020-12-15T07:05:58+00:00\",\"dateModified\":\"2025-04-14T07:20:06+00:00\",\"inLanguage\":\"de\",\"potentialAction\":[{\"@type\":\"ReadAction\",\"target\":[\"https:\/\/www.striped-giraffe.com\/de\/kontakt\/\"]}]},{\"@type\":\"WebSite\",\"@id\":\"https:\/\/www.striped-giraffe.com\/de\/#website\",\"url\":\"https:\/\/www.striped-giraffe.com\/de\/\",\"name\":\"Striped Giraffe\",\"description\":\"Ihr zuverl\u00e4ssiger Anbieter f\u00fcr digitale Enterprise-L\u00f6sungen\",\"publisher\":{\"@id\":\"https:\/\/www.striped-giraffe.com\/de\/#organization\"},\"potentialAction\":[{\"@type\":\"SearchAction\",\"target\":{\"@type\":\"EntryPoint\",\"urlTemplate\":\"https:\/\/www.striped-giraffe.com\/de\/?s={search_term_string}\"},\"query-input\":\"required name=search_term_string\"}],\"inLanguage\":\"de\"},{\"@type\":\"Organization\",\"@id\":\"https:\/\/www.striped-giraffe.com\/de\/#organization\",\"name\":\"Striped Giraffe\",\"url\":\"https:\/\/www.striped-giraffe.com\/de\/\",\"logo\":{\"@type\":\"ImageObject\",\"inLanguage\":\"de\",\"@id\":\"https:\/\/www.striped-giraffe.com\/de\/#\/schema\/logo\/image\/\",\"url\":\"https:\/\/www.striped-giraffe.com\/wp-content\/uploads\/2021\/01\/giraffe_white.svg\",\"contentUrl\":\"https:\/\/www.striped-giraffe.com\/wp-content\/uploads\/2021\/01\/giraffe_white.svg\",\"caption\":\"Striped Giraffe\"},\"image\":{\"@id\":\"https:\/\/www.striped-giraffe.com\/de\/#\/schema\/logo\/image\/\"}}]}<\/script>\n<!-- \/ Yoast SEO Premium plugin. -->","yoast_head_json":{"title":"Kontakt - Striped Giraffe","robots":{"index":"index","follow":"follow","max-snippet":"max-snippet:-1","max-image-preview":"max-image-preview:large","max-video-preview":"max-video-preview:-1"},"canonical":"https:\/\/www.striped-giraffe.com\/de\/kontakt\/","og_locale":"de_DE","og_type":"article","og_title":"Kontakt","og_description":"[vc_row][vc_column][vc_column_text] Fragen. W\u00fcnsche. Anregungen. &nbsp; Wir freuen uns sehr auf Ihre Nachricht. Schildern Sie uns Ihr Anliegen und wir kontaktieren [&hellip;]","og_url":"https:\/\/www.striped-giraffe.com\/de\/kontakt\/","og_site_name":"Striped Giraffe","article_modified_time":"2025-04-14T07:20:06+00:00","twitter_card":"summary_large_image","twitter_misc":{"Gesch\u00e4tzte Lesezeit":"1\u00a0Minute"},"schema":{"@context":"https:\/\/schema.org","@graph":[{"@type":"WebPage","@id":"https:\/\/www.striped-giraffe.com\/de\/kontakt\/","url":"https:\/\/www.striped-giraffe.com\/de\/kontakt\/","name":"Kontakt - Striped Giraffe","isPartOf":{"@id":"https:\/\/www.striped-giraffe.com\/de\/#website"},"datePublished":"2020-12-15T07:05:58+00:00","dateModified":"2025-04-14T07:20:06+00:00","inLanguage":"de","potentialAction":[{"@type":"ReadAction","target":["https:\/\/www.striped-giraffe.com\/de\/kontakt\/"]}]},{"@type":"WebSite","@id":"https:\/\/www.striped-giraffe.com\/de\/#website","url":"https:\/\/www.striped-giraffe.com\/de\/","name":"Striped Giraffe","description":"Ihr zuverl\u00e4ssiger Anbieter f\u00fcr digitale Enterprise-L\u00f6sungen","publisher":{"@id":"https:\/\/www.striped-giraffe.com\/de\/#organization"},"potentialAction":[{"@type":"SearchAction","target":{"@type":"EntryPoint","urlTemplate":"https:\/\/www.striped-giraffe.com\/de\/?s={search_term_string}"},"query-input":"required name=search_term_string"}],"inLanguage":"de"},{"@type":"Organization","@id":"https:\/\/www.striped-giraffe.com\/de\/#organization","name":"Striped Giraffe","url":"https:\/\/www.striped-giraffe.com\/de\/","logo":{"@type":"ImageObject","inLanguage":"de","@id":"https:\/\/www.striped-giraffe.com\/de\/#\/schema\/logo\/image\/","url":"https:\/\/www.striped-giraffe.com\/wp-content\/uploads\/2021\/01\/giraffe_white.svg","contentUrl":"https:\/\/www.striped-giraffe.com\/wp-content\/uploads\/2021\/01\/giraffe_white.svg","caption":"Striped Giraffe"},"image":{"@id":"https:\/\/www.striped-giraffe.com\/de\/#\/schema\/logo\/image\/"}}]}},"_links":{"self":[{"href":"https:\/\/www.striped-giraffe.com\/de\/wp-json\/wp\/v2\/pages\/310"}],"collection":[{"href":"https:\/\/www.striped-giraffe.com\/de\/wp-json\/wp\/v2\/pages"}],"about":[{"href":"https:\/\/www.striped-giraffe.com\/de\/wp-json\/wp\/v2\/types\/page"}],"author":[{"embeddable":true,"href":"https:\/\/www.striped-giraffe.com\/de\/wp-json\/wp\/v2\/users\/1"}],"replies":[{"embeddable":true,"href":"https:\/\/www.striped-giraffe.com\/de\/wp-json\/wp\/v2\/comments?post=310"}],"version-history":[{"count":65,"href":"https:\/\/www.striped-giraffe.com\/de\/wp-json\/wp\/v2\/pages\/310\/revisions"}],"predecessor-version":[{"id":39694,"href":"https:\/\/www.striped-giraffe.com\/de\/wp-json\/wp\/v2\/pages\/310\/revisions\/39694"}],"wp:attachment":[{"href":"https:\/\/www.striped-giraffe.com\/de\/wp-json\/wp\/v2\/media?parent=310"}],"curies":[{"name":"wp","href":"https:\/\/api.w.org\/{rel}","templated":true}]}}