{"id":31580,"date":"2022-06-15T14:41:11","date_gmt":"2022-06-15T12:41:11","guid":{"rendered":"https:\/\/www.striped-giraffe.com\/culture\/"},"modified":"2024-10-24T17:07:53","modified_gmt":"2024-10-24T15:07:53","slug":"kultur","status":"publish","type":"page","link":"https:\/\/www.striped-giraffe.com\/de\/ueber-uns\/kultur\/","title":{"rendered":"Kultur &#038; Werte"},"content":{"rendered":"<section class=\"wpb-content-wrapper\"><p>[vc_row full_width=&#8220;stretch_row&#8220; full_height=&#8220;yes&#8220; parallax=&#8220;content-moving&#8220; parallax_image=&#8220;31562&#8243;][vc_column][vc_column_text]<\/p>\n<h1><span style=\"color: #ffffff;\">Unsere Kultur<br \/>\n<\/span><span style=\"color: #ffffff;\">&amp; Werte<\/span><\/h1>\n<p>[\/vc_column_text][\/vc_column][\/vc_row][vc_row el_class=&#8220;closetotop&#8220; css=&#8220;.vc_custom_1655297444287{padding-top: 50px !important;padding-bottom: 50px !important;background-color: #ffffff !important;}&#8220;][vc_column][vc_column_text]<\/p>\n<h2 class=\"headline_introduction\" style=\"text-align: center;\">We care more.<\/h2>\n<p>[\/vc_column_text][vc_separator color=&#8220;black&#8220; border_width=&#8220;5&#8243; el_width=&#8220;10&#8243; css=&#8220;.vc_custom_1609932438645{margin-top: 50px !important;}&#8220;][\/vc_column][\/vc_row][vc_row css=&#8220;.vc_custom_1655298219443{margin-bottom: 100px !important;}&#8220;][vc_column][vc_column_text]<\/p>\n<p style=\"text-align: center;\">Gemessen an unseren Anspr\u00fcchen und denen unserer Kunden sind hochqualifizierte Mitarbeiter f\u00fcr den Erfolg unseres Unternehmens unerl\u00e4sslich. Deshalb sind sie uns sehr wichtig. Und das zeigen wir ihnen. Wir leben unsere Werte in der Zusammenarbeit sowohl mit unseren Kollegen als auch mit unseren Kunden und Partnern.<\/p>\n<p>[\/vc_column_text][\/vc_column][\/vc_row][vc_row full_width=&#8220;stretch_row&#8220; bg_type=&#8220;bg_color&#8220; css=&#8220;.vc_custom_1678378541061{padding-top: 50px !important;padding-bottom: 50px !important;}&#8220; bg_color_value=&#8220;#000000&#8243;][vc_column width=&#8220;1\/6&#8243;][\/vc_column][vc_column width=&#8220;4\/6&#8243;][vc_column_text]<\/p>\n<h2 class=\"headline_superbig\" style=\"text-align: center;\"><span style=\"color: #ffffff;\">Was wirklich<\/span><br \/>\n<span style=\"color: #ffffff;\">z\u00e4hlt<\/span><\/h2>\n<p>[\/vc_column_text][\/vc_column][vc_column width=&#8220;1\/6&#8243;][\/vc_column][\/vc_row][vc_row full_width=&#8220;stretch_row&#8220; bg_type=&#8220;bg_color&#8220; css=&#8220;.vc_custom_1678378535254{margin-bottom: 100px !important;padding-bottom: 50px !important;}&#8220; bg_color_value=&#8220;#000000&#8243;][vc_column width=&#8220;1\/6&#8243;][\/vc_column][vc_column width=&#8220;4\/6&#8243;][vc_column_text]<\/p>\n<p style=\"text-align: center;\"><span style=\"color: #ffffff;\">Wir halten es nicht wie andere Unternehmen, die ihre Mitarbeiter mit ausgefallenen Verg\u00fcnstigungen umwerben. Denn wahre Loyalit\u00e4t und echtes Engagement kann man nicht um jeden Preis kaufen. Wir stehen zu unseren unten aufgef\u00fchrten Werten. Darauf k\u00f6nnen sich unsere Mitarbeiterinnen und Mitarbeiter verlassen.<\/span><\/p>\n<p>[\/vc_column_text][\/vc_column][vc_column width=&#8220;1\/6&#8243;][\/vc_column][\/vc_row][vc_row full_width=&#8220;stretch_row&#8220; css=&#8220;.vc_custom_1678378548060{margin-bottom: 100px !important;}&#8220;][vc_column width=&#8220;1\/6&#8243;][\/vc_column][vc_column width=&#8220;4\/6&#8243;][vc_column_text]<\/p>\n<h2 class=\"headline_superbig\" style=\"text-align: center;\"><span style=\"color: #ef6c00;\">Unsere Werte<\/span><\/h2>\n<p>[\/vc_column_text][\/vc_column][vc_column width=&#8220;1\/6&#8243;][\/vc_column][\/vc_row][vc_row gap=&#8220;10&#8243;][vc_column width=&#8220;1\/3&#8243;][vc_single_image image=&#8220;33501&#8243; img_size=&#8220;medium&#8220;][\/vc_column][vc_column width=&#8220;1\/3&#8243;][vc_column_text css=&#8220;.vc_custom_1676912195340{margin-top: 40px !important;margin-left: 40px !important;}&#8220;]<\/p>\n<h2 class=\"headline_introduction\">Goal orientation<\/h2>\n<ul>\n<li>Kundenerfolg an erster Stelle<\/li>\n<li>Hochqualifizierte Mitarbeiter<\/li>\n<li>Projekterfolg ist wichtiger als abrechenbare Stunden<\/li>\n<li>Ganzheitliches Denken<\/li>\n<\/ul>\n<p>[\/vc_column_text][\/vc_column][vc_column width=&#8220;1\/3&#8243;][vc_single_image image=&#8220;33513&#8243; img_size=&#8220;medium&#8220;][\/vc_column][\/vc_row][vc_row gap=&#8220;10&#8243; disable_element=&#8220;yes&#8220;][vc_column][vc_separator border_width=&#8220;5&#8243;][\/vc_column][\/vc_row][vc_row gap=&#8220;10&#8243;][vc_column width=&#8220;1\/3&#8243;][vc_single_image image=&#8220;33551&#8243; img_size=&#8220;medium&#8220;][\/vc_column][vc_column width=&#8220;1\/3&#8243;][vc_single_image image=&#8220;33531&#8243; img_size=&#8220;medium&#8220;][\/vc_column][vc_column width=&#8220;1\/3&#8243;][vc_column_text css=&#8220;.vc_custom_1676912244164{margin-top: 40px !important;margin-left: 40px !important;}&#8220;]<\/p>\n<h2 class=\"headline_introduction\">Inclusivity<\/h2>\n<ul>\n<li>Internationales &amp; multikulturelles Team<\/li>\n<li>Aufgeschlossenheit<\/li>\n<li>Vielf\u00e4ltig<\/li>\n<li>Respekt f\u00fcr unsere Mitmenschen<\/li>\n<\/ul>\n<p>[\/vc_column_text][\/vc_column][\/vc_row][vc_row full_width=&#8220;stretch_row&#8220; gap=&#8220;10&#8243; bg_type=&#8220;bg_color&#8220; bg_color_value=&#8220;#000000&#8243;][vc_column width=&#8220;1\/3&#8243;][vc_single_image image=&#8220;33505&#8243; img_size=&#8220;medium&#8220; css=&#8220;.vc_custom_1676910880051{padding-left: 50px !important;}&#8220;][\/vc_column][vc_column width=&#8220;1\/3&#8243;][vc_column_text css=&#8220;.vc_custom_1676912186401{margin-top: 40px !important;margin-left: 40px !important;}&#8220;]<\/p>\n<h2 class=\"headline_introduction\"><span style=\"color: #ffffff;\">Respect<\/span><\/h2>\n<ul>\n<li><span style=\"color: #ffffff;\">Gespr\u00e4che auf Augenh\u00f6he<\/span><\/li>\n<li><span style=\"color: #ffffff;\">Flache Hierarchien<\/span><\/li>\n<li><span style=\"color: #ffffff;\">Transparenz<\/span><\/li>\n<li><span style=\"color: #ffffff;\">Wertsch\u00e4tzung<\/span><\/li>\n<\/ul>\n<p>[\/vc_column_text][\/vc_column][vc_column width=&#8220;1\/3&#8243;][vc_single_image image=&#8220;33517&#8243; img_size=&#8220;medium&#8220;][\/vc_column][\/vc_row][vc_row gap=&#8220;10&#8243;][vc_column width=&#8220;1\/3&#8243;][vc_single_image image=&#8220;33521&#8243; img_size=&#8220;medium&#8220;][\/vc_column][vc_column width=&#8220;1\/3&#8243;][vc_single_image image=&#8220;33519&#8243; img_size=&#8220;medium&#8220;][\/vc_column][vc_column width=&#8220;1\/3&#8243;][vc_column_text css=&#8220;.vc_custom_1676912232189{margin-top: 40px !important;margin-left: 40px !important;}&#8220;]<\/p>\n<h2 class=\"headline_introduction\">Authenticity<\/h2>\n<ul>\n<li>Pers\u00f6nlicher und individueller Ansatz<\/li>\n<li>Ehrlich<\/li>\n<li>Wir stehen hinter unseren Kalkulationen\/Angeboten<\/li>\n<li>Unpolitisch<\/li>\n<\/ul>\n<p>[\/vc_column_text][\/vc_column][\/vc_row][vc_row gap=&#8220;10&#8243;][vc_column width=&#8220;1\/3&#8243;][vc_single_image image=&#8220;33503&#8243; img_size=&#8220;medium&#8220;][\/vc_column][vc_column width=&#8220;1\/3&#8243;][vc_column_text css=&#8220;.vc_custom_1676912145470{margin-top: 40px !important;margin-left: 40px !important;}&#8220;]<\/p>\n<h2 class=\"headline_introduction\">Flexibility<\/h2>\n<ul>\n<li>In Bezug auf die berufliche und private Situation<\/li>\n<li>Anpassung an neue Situationen\/Bed\u00fcrfnisse<\/li>\n<li>Anpassung an die Kundenstruktur<\/li>\n<li>Hybrider Arbeitsplatz<\/li>\n<\/ul>\n<p>[\/vc_column_text][\/vc_column][vc_column width=&#8220;1\/3&#8243;][vc_single_image image=&#8220;33533&#8243; img_size=&#8220;medium&#8220;][\/vc_column][\/vc_row][vc_row full_width=&#8220;stretch_row&#8220; gap=&#8220;10&#8243; bg_type=&#8220;bg_color&#8220; bg_color_value=&#8220;#000000&#8243; css=&#8220;.vc_custom_1676911011593{border-bottom-width: 50px !important;background-color: #000000 !important;border-bottom-color: #000000 !important;}&#8220;][vc_column width=&#8220;1\/3&#8243;][vc_single_image image=&#8220;33542&#8243; img_size=&#8220;medium&#8220; css=&#8220;.vc_custom_1676910907622{padding-left: 50px !important;}&#8220;][\/vc_column][vc_column width=&#8220;1\/3&#8243;][vc_single_image image=&#8220;33612&#8243; img_size=&#8220;medium&#8220;][\/vc_column][vc_column width=&#8220;1\/3&#8243;][vc_column_text css=&#8220;.vc_custom_1676912174224{margin-top: 40px !important;margin-left: 40px !important;}&#8220;]<\/p>\n<h2 class=\"headline_introduction\"><span style=\"color: #ffffff;\">Fairness<\/span><\/h2>\n<ul>\n<li><span style=\"color: #ffffff;\">Realistische Kalkulation<\/span><\/li>\n<li><span style=\"color: #ffffff;\">Gleiche Entwicklungschancen<\/span><\/li>\n<li><span style=\"color: #ffffff;\">Kundenzufriedenheit ist Key<\/span><\/li>\n<li><span style=\"color: #ffffff;\">Informatives Management<\/span><\/li>\n<\/ul>\n<p>[\/vc_column_text][\/vc_column][\/vc_row][vc_row gap=&#8220;10&#8243;][vc_column width=&#8220;1\/3&#8243;][vc_single_image image=&#8220;33499&#8243; img_size=&#8220;medium&#8220;][\/vc_column][vc_column width=&#8220;1\/3&#8243;][vc_column_text css=&#8220;.vc_custom_1677168693815{margin-top: 40px !important;margin-left: 40px !important;}&#8220;]<\/p>\n<h2 class=\"headline_introduction\">Excellence<\/h2>\n<ul>\n<li>Hohe Kompetenzen<\/li>\n<li>Ausgezeichnete Arbeit<\/li>\n<li>Zukunftsorientierung<\/li>\n<li>Zusammenhalt<\/li>\n<\/ul>\n<p>[\/vc_column_text][\/vc_column][vc_column width=&#8220;1\/3&#8243;][vc_single_image image=&#8220;33562&#8243; img_size=&#8220;medium&#8220;][\/vc_column][\/vc_row][vc_row gap=&#8220;35&#8243; disable_element=&#8220;yes&#8220; ult_hide_row=&#8220;ult_hide_row_value&#8220; ult_hide_row_large_screen=&#8220;large_screen&#8220; ult_hide_row_desktop=&#8220;desktop&#8220; ult_hide_row_tablet=&#8220;tablet&#8220; ult_hide_row_tablet_small=&#8220;xs_tablet&#8220; ult_hide_row_mobile=&#8220;mobile&#8220; ult_hide_row_mobile_large=&#8220;xl_mobile&#8220; css=&#8220;.vc_custom_1676564732511{margin-top: 50px !important;margin-bottom: 100px !important;}&#8220;][vc_column width=&#8220;1\/2&#8243;][vc_column_text]<\/p>\n<h2 class=\"headline_superbig\">Lasst uns gemeinsam<br \/>\nwachsen.<\/h2>\n<p>[\/vc_column_text][\/vc_column][vc_column width=&#8220;1\/2&#8243;][vc_column_text]Mit unseren Benefits wollen wir eine Atmosph\u00e4re schaffen, in der Sie gerne arbeiten. Wir wollen auch daf\u00fcr sorgen, dass Sie sich weiterentwickeln und wachsen k\u00f6nnen. Denn man lernt nie aus.<\/p>\n<ul>\n<li>Durch unsere flachen Hierarchien hat auch das Management ein offenes Ohr f\u00fcr jeden. Aber auch innerhalb des Teams ist die Bereitschaft, sich gegenseitig zu unterst\u00fctzen, sehr hoch.<\/li>\n<li>Es gibt zahlreiche Teambuilding-Aktivit\u00e4ten (Social Events) &#8211; denn Teamgeist wird bei uns gro\u00df geschrieben. Wir vereinen verschiedene Kompetenzen, die sich gegenseitig erg\u00e4nzen und st\u00e4rken.<\/li>\n<li>Unsere Kunden sind weltweit t\u00e4tig und vergeben zahlreiche internationale Projekte. Nat\u00fcrlich tragen unsere Mitarbeiter hier eine gro\u00dfe Verantwortung. Wenn Ihnen das wichtig ist, sind Sie bei uns richtig.<\/li>\n<li>Wir bieten allen Mitarbeitern die M\u00f6glichkeit, sich weiterzuentwickeln &#8211; das gilt f\u00fcr Profis ebenso wie f\u00fcr Neueinsteiger.<\/li>\n<li>Besonders stolz sind wir auf unser vielf\u00e4ltiges Team, das \u00fcber 20 verschiedene Nationalit\u00e4ten, einen \u00fcberdurchschnittlich hohen Frauenanteil und alle Altersgruppen umfasst. Darin sehen wir einen unserer wichtigsten Erfolgsfaktoren.<\/li>\n<\/ul>\n<p>[\/vc_column_text][\/vc_column][\/vc_row][vc_row css=&#8220;.vc_custom_1676566195861{margin-top: 100px !important;margin-bottom: 50px !important;}&#8220;][vc_column width=&#8220;1\/6&#8243;][\/vc_column][vc_column width=&#8220;4\/6&#8243;][vc_column_text]<\/p>\n<h2 class=\"headline_superbig\" style=\"text-align: center;\">Werde Teil von<br \/>\nStriped Giraffe.<\/h2>\n<p>[\/vc_column_text][\/vc_column][vc_column width=&#8220;1\/6&#8243;][\/vc_column][\/vc_row][vc_row][vc_column width=&#8220;1\/6&#8243;][\/vc_column][vc_column width=&#8220;4\/6&#8243;][vc_column_text]<\/p>\n<p style=\"text-align: center;\">Weitere Informationen \u00fcber die Arbeit bei uns sowie offene Stellen finden Sie auf unserer <a href=\"https:\/\/www.striped-giraffe.com\/de\/ueber-uns\/karriere\/\">Karriereseite<\/a>.<\/p>\n<p>[\/vc_column_text][\/vc_column][vc_column width=&#8220;1\/6&#8243;][\/vc_column][\/vc_row][vc_row full_width=&#8220;stretch_row&#8220; el_class=&#8220;closetotop&#8220; css=&#8220;.vc_custom_1610456363340{margin-top: 100px !important;margin-bottom: 0px !important;padding-top: 260px !important;padding-bottom: 160px !important;background-image: url(https:\/\/www.striped-giraffe.com\/wp-content\/uploads\/2020\/12\/contact_bckgnd_dark.jpg?id=319) !important;background-position: center !important;background-repeat: no-repeat !important;background-size: cover !important;}&#8220;][vc_column][vc_column_text]<\/p>\n<h1 class=\"headline_superbig\" style=\"text-align: center;\"><span style=\"color: #ffffff;\">KONTAKTIEREN SIE UNS.<\/span><\/h1>\n<h3 style=\"text-align: center;\"><span style=\"color: #ffffff;\">Striped Giraffe Innovation &amp; Strategy<\/span><br \/>\n<span style=\"color: #ffffff;\">Lenbachplatz 3 I 80333 M\u00fcnchen<\/span><\/h3>\n<h3 style=\"text-align: center;\"><strong><span style=\"color: #ef6c00;\"><a style=\"color: #ef6c00;\" href=\"mailto:info@striped-giraffe.com\">info@striped-giraffe.com<\/a><\/span><\/strong><br \/>\n<strong><span style=\"color: #ffffff;\">+49 (0)89-416 126-660<\/span><\/strong><\/h3>\n<p>[\/vc_column_text][vc_row_inner gap=&#8220;35&#8243; css=&#8220;.vc_custom_1609932111067{margin-top: 100px !important;}&#8220;][vc_column_inner width=&#8220;1\/3&#8243;][vc_column_text]<\/p>\n<h3 style=\"text-align: center;\"><strong><span style=\"color: #ffffff;\">Unser Business Development-Team<\/span><\/strong><br \/>\n<a href=\"mailto:sales@striped-giraffe.com\"><strong><span style=\"color: #ef6c00;\">sales@striped-giraffe.com<\/span><\/strong><\/a><\/h3>\n<p>[\/vc_column_text][\/vc_column_inner][vc_column_inner width=&#8220;1\/3&#8243;][vc_column_text]<\/p>\n<h3 style=\"text-align: center;\"><strong><span style=\"color: #ffffff;\">Unser Marketing-Team<\/span><\/strong><br \/>\n<a href=\"mailto:marketing@striped-giraffe.com\"><strong><span style=\"color: #ef6c00;\">marketing@striped-giraffe.com<\/span><\/strong><\/a><\/h3>\n<p>[\/vc_column_text][\/vc_column_inner][vc_column_inner width=&#8220;1\/3&#8243;][vc_column_text]<\/p>\n<h3 style=\"text-align: center;\"><strong><span style=\"color: #ffffff;\">Unser HR-Team<\/span><\/strong><br \/>\n<a href=\"mailto:career@striped-giraffe.com\"><strong><span style=\"color: #ef6c00;\">career@striped-giraffe.com<\/span><\/strong><\/a><\/h3>\n<p>[\/vc_column_text][\/vc_column_inner][\/vc_row_inner][\/vc_column][\/vc_row][vc_row full_width=&#8220;stretch_row&#8220; css=&#8220;.vc_custom_1609932168584{padding-top: 200px !important;padding-bottom: 100px !important;background-color: #000000 !important;}&#8220;][vc_column][vc_column_text]<\/p>\n<h1 style=\"text-align: center;\"><span style=\"color: #ffffff;\">Follow us.<\/span><\/h1>\n<p>[\/vc_column_text]<div class=\" uavc-icons-center uavc-icons \">\n<a class=\"aio-tooltip 69ddefb6c7071\" href=\"https:\/\/www.linkedin.com\/company\/striped-giraffe-innovation-&-strategy-gmbh\/?viewAsMember=true\" target=\"_blank\" rel=\"noopener\"  data-toggle=\"tooltip\" data-placement=\"\" title=\"\"><div class=\"aio-icon  \" data-animation=\"\" data-animation-delay=\"03\" style=\"color:#ffffff;font-size:30px;margin-right:5px;\">\n\t<i class=\"Defaults-linkedin\"><\/i>\n<\/div><\/a>\n<a class=\"aio-tooltip 69ddefb6c70a7\" href=\"https:\/\/www.youtube.com\/@stripedgiraffe\" target=\"_blank\" rel=\"noopener\"  data-toggle=\"tooltip\" data-placement=\"\" title=\"\"><div class=\"aio-icon  \" data-animation=\"\" data-animation-delay=\"03\" style=\"color:#ffffff;font-size:30px;margin-right:5px;\">\n\t<i class=\"Defaults-youtube-play\"><\/i>\n<\/div><\/a>\n<a class=\"aio-tooltip 69ddefb6c70d1\" href=\"https:\/\/www.facebook.com\/striped.giraffe.innovation.and.strategy\" target=\"_blank\" rel=\"noopener\"  data-toggle=\"tooltip\" data-placement=\"\" title=\"\"><div class=\"aio-icon  \" data-animation=\"\" data-animation-delay=\"03\" style=\"color:#ffffff;font-size:30px;margin-right:3px;\">\n\t<i class=\"Defaults-facebook facebook-f\"><\/i>\n<\/div><\/a>\n<a class=\"aio-tooltip 69ddefb6c70fa\" href=\"https:\/\/www.instagram.com\/Striped_Giraffe_Insights\/\" target=\"_blank\" rel=\"noopener\"  data-toggle=\"tooltip\" data-placement=\"\" title=\"\"><div class=\"aio-icon  \" data-animation=\"\" data-animation-delay=\"03\" style=\"color:#ffffff;font-size:30px;margin-right:5px;\">\n\t<i class=\"Defaults-instagram\"><\/i>\n<\/div><\/a><\/div>[\/vc_column][\/vc_row]<\/p>\n<\/section>","protected":false},"excerpt":{"rendered":"<p>[vc_row full_width=&#8220;stretch_row&#8220; full_height=&#8220;yes&#8220; parallax=&#8220;content-moving&#8220; parallax_image=&#8220;31562&#8243;][vc_column][vc_column_text] Unsere Kultur &amp; Werte [\/vc_column_text][\/vc_column][\/vc_row][vc_row el_class=&#8220;closetotop&#8220; css=&#8220;.vc_custom_1655297444287{padding-top: 50px !important;padding-bottom: 50px !important;background-color: #ffffff !important;}&#8220;][vc_column][vc_column_text] We care [&hellip;]<\/p>\n","protected":false},"author":1,"featured_media":0,"parent":341,"menu_order":0,"comment_status":"closed","ping_status":"closed","template":"","meta":{"footnotes":""},"acf":[],"yoast_head":"<!-- This site is optimized with the Yoast SEO Premium plugin v20.5 (Yoast SEO v20.5) - https:\/\/yoast.com\/wordpress\/plugins\/seo\/ -->\n<title>Unsere Kultur &amp; Werte sind unser Ma\u00dfstab<\/title>\n<meta name=\"description\" content=\"Gemessen an unseren Werten und denen unserer Kunden sind hochqualifizierte Mitarbeiter f\u00fcr den Erfolg unseres Unternehmens unerl\u00e4sslich.\" \/>\n<meta name=\"robots\" content=\"index, follow, max-snippet:-1, max-image-preview:large, max-video-preview:-1\" \/>\n<link rel=\"canonical\" href=\"https:\/\/www.striped-giraffe.com\/de\/ueber-uns\/kultur\/\" \/>\n<meta property=\"og:locale\" content=\"de_DE\" \/>\n<meta property=\"og:type\" content=\"article\" \/>\n<meta property=\"og:title\" content=\"Kultur &amp; Werte\" \/>\n<meta property=\"og:description\" content=\"Gemessen an unseren Werten und denen unserer Kunden sind hochqualifizierte Mitarbeiter f\u00fcr den Erfolg unseres Unternehmens unerl\u00e4sslich.\" \/>\n<meta property=\"og:url\" content=\"https:\/\/www.striped-giraffe.com\/de\/ueber-uns\/kultur\/\" \/>\n<meta property=\"og:site_name\" content=\"Striped Giraffe\" \/>\n<meta property=\"article:modified_time\" content=\"2024-10-24T15:07:53+00:00\" \/>\n<meta name=\"twitter:card\" content=\"summary_large_image\" \/>\n<meta name=\"twitter:label1\" content=\"Gesch\u00e4tzte Lesezeit\" \/>\n\t<meta name=\"twitter:data1\" content=\"4\u00a0Minuten\" \/>\n<script type=\"application\/ld+json\" class=\"yoast-schema-graph\">{\"@context\":\"https:\/\/schema.org\",\"@graph\":[{\"@type\":\"WebPage\",\"@id\":\"https:\/\/www.striped-giraffe.com\/de\/ueber-uns\/kultur\/\",\"url\":\"https:\/\/www.striped-giraffe.com\/de\/ueber-uns\/kultur\/\",\"name\":\"Unsere Kultur & Werte sind unser Ma\u00dfstab\",\"isPartOf\":{\"@id\":\"https:\/\/www.striped-giraffe.com\/de\/#website\"},\"datePublished\":\"2022-06-15T12:41:11+00:00\",\"dateModified\":\"2024-10-24T15:07:53+00:00\",\"description\":\"Gemessen an unseren Werten und denen unserer Kunden sind hochqualifizierte Mitarbeiter f\u00fcr den Erfolg unseres Unternehmens unerl\u00e4sslich.\",\"breadcrumb\":{\"@id\":\"https:\/\/www.striped-giraffe.com\/de\/ueber-uns\/kultur\/#breadcrumb\"},\"inLanguage\":\"de\",\"potentialAction\":[{\"@type\":\"ReadAction\",\"target\":[\"https:\/\/www.striped-giraffe.com\/de\/ueber-uns\/kultur\/\"]}]},{\"@type\":\"BreadcrumbList\",\"@id\":\"https:\/\/www.striped-giraffe.com\/de\/ueber-uns\/kultur\/#breadcrumb\",\"itemListElement\":[{\"@type\":\"ListItem\",\"position\":1,\"name\":\"\u00dcber uns\",\"item\":\"https:\/\/www.striped-giraffe.com\/de\/ueber-uns\/\"},{\"@type\":\"ListItem\",\"position\":2,\"name\":\"Kultur &#038; Werte\"}]},{\"@type\":\"WebSite\",\"@id\":\"https:\/\/www.striped-giraffe.com\/de\/#website\",\"url\":\"https:\/\/www.striped-giraffe.com\/de\/\",\"name\":\"Striped Giraffe\",\"description\":\"Ihr zuverl\u00e4ssiger Anbieter f\u00fcr digitale Enterprise-L\u00f6sungen\",\"publisher\":{\"@id\":\"https:\/\/www.striped-giraffe.com\/de\/#organization\"},\"potentialAction\":[{\"@type\":\"SearchAction\",\"target\":{\"@type\":\"EntryPoint\",\"urlTemplate\":\"https:\/\/www.striped-giraffe.com\/de\/?s={search_term_string}\"},\"query-input\":\"required name=search_term_string\"}],\"inLanguage\":\"de\"},{\"@type\":\"Organization\",\"@id\":\"https:\/\/www.striped-giraffe.com\/de\/#organization\",\"name\":\"Striped Giraffe\",\"url\":\"https:\/\/www.striped-giraffe.com\/de\/\",\"logo\":{\"@type\":\"ImageObject\",\"inLanguage\":\"de\",\"@id\":\"https:\/\/www.striped-giraffe.com\/de\/#\/schema\/logo\/image\/\",\"url\":\"https:\/\/www.striped-giraffe.com\/wp-content\/uploads\/2021\/01\/giraffe_white.svg\",\"contentUrl\":\"https:\/\/www.striped-giraffe.com\/wp-content\/uploads\/2021\/01\/giraffe_white.svg\",\"caption\":\"Striped Giraffe\"},\"image\":{\"@id\":\"https:\/\/www.striped-giraffe.com\/de\/#\/schema\/logo\/image\/\"}}]}<\/script>\n<!-- \/ Yoast SEO Premium plugin. -->","yoast_head_json":{"title":"Unsere Kultur & Werte sind unser Ma\u00dfstab","description":"Gemessen an unseren Werten und denen unserer Kunden sind hochqualifizierte Mitarbeiter f\u00fcr den Erfolg unseres Unternehmens unerl\u00e4sslich.","robots":{"index":"index","follow":"follow","max-snippet":"max-snippet:-1","max-image-preview":"max-image-preview:large","max-video-preview":"max-video-preview:-1"},"canonical":"https:\/\/www.striped-giraffe.com\/de\/ueber-uns\/kultur\/","og_locale":"de_DE","og_type":"article","og_title":"Kultur & Werte","og_description":"Gemessen an unseren Werten und denen unserer Kunden sind hochqualifizierte Mitarbeiter f\u00fcr den Erfolg unseres Unternehmens unerl\u00e4sslich.","og_url":"https:\/\/www.striped-giraffe.com\/de\/ueber-uns\/kultur\/","og_site_name":"Striped Giraffe","article_modified_time":"2024-10-24T15:07:53+00:00","twitter_card":"summary_large_image","twitter_misc":{"Gesch\u00e4tzte Lesezeit":"4\u00a0Minuten"},"schema":{"@context":"https:\/\/schema.org","@graph":[{"@type":"WebPage","@id":"https:\/\/www.striped-giraffe.com\/de\/ueber-uns\/kultur\/","url":"https:\/\/www.striped-giraffe.com\/de\/ueber-uns\/kultur\/","name":"Unsere Kultur & Werte sind unser Ma\u00dfstab","isPartOf":{"@id":"https:\/\/www.striped-giraffe.com\/de\/#website"},"datePublished":"2022-06-15T12:41:11+00:00","dateModified":"2024-10-24T15:07:53+00:00","description":"Gemessen an unseren Werten und denen unserer Kunden sind hochqualifizierte Mitarbeiter f\u00fcr den Erfolg unseres Unternehmens unerl\u00e4sslich.","breadcrumb":{"@id":"https:\/\/www.striped-giraffe.com\/de\/ueber-uns\/kultur\/#breadcrumb"},"inLanguage":"de","potentialAction":[{"@type":"ReadAction","target":["https:\/\/www.striped-giraffe.com\/de\/ueber-uns\/kultur\/"]}]},{"@type":"BreadcrumbList","@id":"https:\/\/www.striped-giraffe.com\/de\/ueber-uns\/kultur\/#breadcrumb","itemListElement":[{"@type":"ListItem","position":1,"name":"\u00dcber uns","item":"https:\/\/www.striped-giraffe.com\/de\/ueber-uns\/"},{"@type":"ListItem","position":2,"name":"Kultur &#038; Werte"}]},{"@type":"WebSite","@id":"https:\/\/www.striped-giraffe.com\/de\/#website","url":"https:\/\/www.striped-giraffe.com\/de\/","name":"Striped Giraffe","description":"Ihr zuverl\u00e4ssiger Anbieter f\u00fcr digitale Enterprise-L\u00f6sungen","publisher":{"@id":"https:\/\/www.striped-giraffe.com\/de\/#organization"},"potentialAction":[{"@type":"SearchAction","target":{"@type":"EntryPoint","urlTemplate":"https:\/\/www.striped-giraffe.com\/de\/?s={search_term_string}"},"query-input":"required name=search_term_string"}],"inLanguage":"de"},{"@type":"Organization","@id":"https:\/\/www.striped-giraffe.com\/de\/#organization","name":"Striped Giraffe","url":"https:\/\/www.striped-giraffe.com\/de\/","logo":{"@type":"ImageObject","inLanguage":"de","@id":"https:\/\/www.striped-giraffe.com\/de\/#\/schema\/logo\/image\/","url":"https:\/\/www.striped-giraffe.com\/wp-content\/uploads\/2021\/01\/giraffe_white.svg","contentUrl":"https:\/\/www.striped-giraffe.com\/wp-content\/uploads\/2021\/01\/giraffe_white.svg","caption":"Striped Giraffe"},"image":{"@id":"https:\/\/www.striped-giraffe.com\/de\/#\/schema\/logo\/image\/"}}]}},"_links":{"self":[{"href":"https:\/\/www.striped-giraffe.com\/de\/wp-json\/wp\/v2\/pages\/31580"}],"collection":[{"href":"https:\/\/www.striped-giraffe.com\/de\/wp-json\/wp\/v2\/pages"}],"about":[{"href":"https:\/\/www.striped-giraffe.com\/de\/wp-json\/wp\/v2\/types\/page"}],"author":[{"embeddable":true,"href":"https:\/\/www.striped-giraffe.com\/de\/wp-json\/wp\/v2\/users\/1"}],"replies":[{"embeddable":true,"href":"https:\/\/www.striped-giraffe.com\/de\/wp-json\/wp\/v2\/comments?post=31580"}],"version-history":[{"count":17,"href":"https:\/\/www.striped-giraffe.com\/de\/wp-json\/wp\/v2\/pages\/31580\/revisions"}],"predecessor-version":[{"id":38291,"href":"https:\/\/www.striped-giraffe.com\/de\/wp-json\/wp\/v2\/pages\/31580\/revisions\/38291"}],"up":[{"embeddable":true,"href":"https:\/\/www.striped-giraffe.com\/de\/wp-json\/wp\/v2\/pages\/341"}],"wp:attachment":[{"href":"https:\/\/www.striped-giraffe.com\/de\/wp-json\/wp\/v2\/media?parent=31580"}],"curies":[{"name":"wp","href":"https:\/\/api.w.org\/{rel}","templated":true}]}}