{"id":33488,"date":"2023-02-13T09:55:30","date_gmt":"2023-02-13T08:55:30","guid":{"rendered":"https:\/\/www.striped-giraffe.com\/ecc-club-studie-metaverse-copy\/"},"modified":"2024-09-19T14:19:23","modified_gmt":"2024-09-19T12:19:23","slug":"download-studie-b2b-commerce-1","status":"publish","type":"page","link":"https:\/\/www.striped-giraffe.com\/de\/download-studie-b2b-commerce-1\/","title":{"rendered":"Download IFH K\u00f6ln Studie 2023 B2B &#8211; Teil 1"},"content":{"rendered":"<section class=\"wpb-content-wrapper\"><p>[vc_row full_height=&#8220;yes&#8220; css=&#8220;.vc_custom_1677596443038{margin-right: 0px !important;margin-left: 50px !important;padding-right: 0px !important;padding-left: 0px !important;background-position: center !important;background-repeat: no-repeat !important;background-size: cover !important;}&#8220;][vc_column width=&#8220;5\/6&#8243;][vc_column_text]<\/p>\n<h2 class=\"headline_introduction\"><span style=\"color: #ef6c00;\">STUDIE<\/span><\/h2>\n<h1>B2B Commerce \u2013<\/h1>\n<h2 class=\"headline_introduction\">Im Spannungsfeld zwischen wirtschaftlicher Belastungsprobe und digitaler Effizienz<\/h2>\n<h2 class=\"headline_introduction\"><span style=\"color: #ef6c00;\">Teil I<\/span><\/h2>\n<p>[\/vc_column_text][\/vc_column][vc_column width=&#8220;1\/6&#8243;][\/vc_column][\/vc_row][vc_row gap=&#8220;35&#8243; css=&#8220;.vc_custom_1677600809681{margin-bottom: 50px !important;}&#8220;][vc_column width=&#8220;2\/3&#8243;][vc_column_text]<\/p>\n<h3>Die Krisen sind da \u2013 das ist allen bewusst.<\/h3>\n<ul>\n<li>Doch wie empfinden sie B2B-Unternehmen?<\/li>\n<li>Welchen Herausforderungen stehen sie gegen\u00fcber?<\/li>\n<li>Und wie werden sie diese meistern?<\/li>\n<\/ul>\n<p>In einer gemeinsamen Studie mit dem ECC K\u00d6LN wurden B2B Hersteller und Gro\u00dfh\u00e4ndler zu diversen Themen rund um wirtschaftliche Herausforderungen, Ma\u00dfnahmen und ihre Digitalisierungsunterfangen befragt.[\/vc_column_text][\/vc_column][vc_column width=&#8220;1\/3&#8243; css=&#8220;.vc_custom_1677600860336{margin-left: 30px !important;}&#8220;][vc_column_text]<\/p>\n<h2 class=\"headline_superbig\" style=\"text-align: center;\"><span style=\"color: #99007f;\">49 %<\/span><\/h2>\n<p>[\/vc_column_text][vc_column_text]<\/p>\n<h3 style=\"text-align: center;\">verzeichneten weniger Neukunden in 2022.<\/h3>\n<p>[\/vc_column_text][\/vc_column][\/vc_row][vc_row gap=&#8220;35&#8243; css=&#8220;.vc_custom_1677761438128{margin-bottom: 50px !important;}&#8220;][vc_column width=&#8220;2\/3&#8243;][vc_column_text]<\/p>\n<h3>Teil 1 der Studie<\/h3>\n<p>In diesem 1. Teil geht es prim\u00e4r um die Auswirkungen der aktuellen Krisen, Preispolitik und die Aussichten des E-Commerce.<\/p>\n<p>Es gibt teils \u00fcberraschende Insights zu entdecken. F\u00fcr R\u00fcckfragen zur Studie oder zur Besprechung konkreter L\u00f6sungen, wenden Sie sich bitte an <a href=\"mailto:experts@striped-giraffe.com\">experts@striped-giraffe.com<\/a>.[\/vc_column_text][\/vc_column][vc_column width=&#8220;1\/3&#8243; css=&#8220;.vc_custom_1677600501542{margin-left: 30px !important;}&#8220;][vc_single_image image=&#8220;33673&#8243; img_size=&#8220;medium&#8220;][\/vc_column][\/vc_row][vc_row disable_element=&#8220;yes&#8220; css=&#8220;.vc_custom_1677760963217{margin-bottom: 50px !important;}&#8220;][vc_column width=&#8220;1\/3&#8243;][vc_single_image image=&#8220;33675&#8243; img_size=&#8220;medium&#8220;][\/vc_column][vc_column width=&#8220;1\/3&#8243;][vc_single_image image=&#8220;33677&#8243; img_size=&#8220;medium&#8220;][\/vc_column][vc_column width=&#8220;1\/3&#8243;][vc_single_image image=&#8220;33673&#8243; img_size=&#8220;medium&#8220;][\/vc_column][\/vc_row][vc_row gap=&#8220;35&#8243; css=&#8220;.vc_custom_1724317649240{margin-bottom: 100px !important;}&#8220; el_id=&#8220;downloadsection&#8220;][vc_column width=&#8220;2\/3&#8243;][vc_column_text]<\/p>\n<h2 class=\"headline_superbig\">Download<\/h2>\n<p>[\/vc_column_text][vc_empty_space][vc_column_text]Laden Sie sich Teil 1 der Studie &#8222;B2B commerce \u2013 Im Spannungsfeld zwischen wirtschaftlicher Belastungsprobe und digitaler Effizienz&#8220; kostenlos herunter.[\/vc_column_text][vc_empty_space][vc_column_text]<div class='_form_16'><\/div><script type='text\/javascript' src='https:\/\/striped-giraffe.activehosted.com\/f\/embed.php?static=0&id=16&69F733BAA3AB8&nostyles=0&preview=0'><\/script>[\/vc_column_text][\/vc_column][vc_column width=&#8220;1\/3&#8243;][vc_single_image image=&#8220;33608&#8243; img_size=&#8220;full&#8220; alignment=&#8220;right&#8220;][\/vc_column][\/vc_row][vc_row full_width=&#8220;stretch_row&#8220; bg_type=&#8220;bg_color&#8220; css=&#8220;.vc_custom_1678105603221{margin-bottom: 50px !important;padding-top: 50px !important;padding-bottom: 50px !important;padding-left: 100px !important;}&#8220; bg_color_value=&#8220;#000000&#8243;][vc_column width=&#8220;2\/3&#8243;][vc_column_text css=&#8220;.vc_custom_1684912071854{margin-left: 25px !important;}&#8220;]<\/p>\n<h2><span style=\"color: #ffffff;\">Teil 2<\/span><\/h2>\n<p><span style=\"color: #ffffff;\">Teil 2 der Studie <\/span><span style=\"color: #ffffff;\">befasst sich mit Herausforderungen, Erfolgsmessungen und jeder Menge Insights zu Digitalisierungsprojekten.<\/span><\/p>\n<p><a href=\"https:\/\/www.striped-giraffe.com\/de\/download-studie-b2b-commerce-2\/\"><span style=\"color: #ffffff;\">Zum Download Teil 2<\/span><\/a>[\/vc_column_text][\/vc_column][vc_column width=&#8220;1\/3&#8243;][vc_single_image image=&#8220;34261&#8243; img_size=&#8220;medium&#8220; css=&#8220;.vc_custom_1684911979311{margin-right: 50px !important;margin-left: 50px !important;}&#8220;][\/vc_column][\/vc_row][vc_row full_width=&#8220;stretch_row&#8220; css=&#8220;.vc_custom_1706183849370{margin-top: 50px !important;margin-bottom: 50px !important;}&#8220;][vc_column][vc_row_inner][vc_column_inner width=&#8220;2\/3&#8243;][vc_column_text]<\/p>\n<h2 class=\"headline_superbig\">Let&#8217;s talk<\/h2>\n<p>[\/vc_column_text][vc_empty_space][vc_column_text]<\/p>\n<h3>Brauchen Sie ein <strong>konkretes Angebot<\/strong> oder suchen Sie einen <strong>Sparringspartner<\/strong>, mit dem sie Ideen diskutieren und entwickeln k\u00f6nnen?<\/h3>\n<h3>Dann melden Sie sich:<\/h3>\n<ul>\n<li><a href=\"mailto:experts@striped-giraffe.com\">experts@striped-giraffe.com<\/a><\/li>\n<li><span style=\"color: #ef6c00;\">+49 (0)89-416 126-667<\/span><\/li>\n<\/ul>\n<p>[\/vc_column_text]<a class=\"calendly\" href=\"\" onclick=\"Calendly.initPopupWidget({url: 'https:\/\/calendly.com\/striped-giraffe\/30min'});return false;\">Termin vereinbaren<\/a>[vc_column_text css=&#8220;.vc_custom_1705936147633{margin-top: 32px !important;}&#8220;]<\/p>\n<h3>Wir unterst\u00fctzen Sie gerne.<\/h3>\n<p>[\/vc_column_text][\/vc_column_inner][vc_column_inner width=&#8220;1\/3&#8243;][\/vc_column_inner][\/vc_row_inner][\/vc_column][\/vc_row][vc_row][vc_column][\/vc_column][\/vc_row][vc_row full_width=&#8220;stretch_row&#8220; bg_type=&#8220;bg_color&#8220; bg_color_value=&#8220;#000000&#8243;][vc_column][vc_row_inner][vc_column_inner][vc_column_text css=&#8220;.vc_custom_1651048105246{margin-top: 100px !important;}&#8220;]<\/p>\n<h2 class=\"headline_introduction\"><span style=\"color: #ffffff;\">Weitere Insights<\/span><\/h2>\n<p>[\/vc_column_text][\/vc_column_inner][\/vc_row_inner][\/vc_column][\/vc_row][vc_row full_width=&#8220;stretch_row&#8220; gap=&#8220;35&#8243; bg_type=&#8220;bg_color&#8220; css=&#8220;.vc_custom_1609934688295{margin-top: 0px !important;margin-bottom: 0px !important;padding-top: 100px !important;padding-bottom: 100px !important;}&#8220; bg_color_value=&#8220;#000000&#8243;][vc_column][vc_row_inner][vc_column_inner width=&#8220;1\/3&#8243; css=&#8220;.vc_custom_1610013762619{padding-right: 25px !important;}&#8220;][vc_column_text]<\/p>\n<h2><span style=\"color: #ef6c00;\">Wir schaffen Mehrwerte<\/span> <span style=\"color: #ffffff;\">f\u00fcr unsere Kunden.<\/span><\/h2>\n<p><span style=\"color: #ffffff;\">Das f\u00fchrt zu einer langj\u00e4hrigen Zusammenarbeit mit unseren Kunden, die wir sehr sch\u00e4tzen. Noch mehr E-Books, Case Studies und co. finden Sie in unseren <a href=\"https:\/\/www.striped-giraffe.com\/insights\/\">Insights<\/a>.<\/span>[\/vc_column_text][\/vc_column_inner][vc_column_inner width=&#8220;1\/3&#8243;]<div class=\"templatera_shortcode\"><div class=\"vc_row wpb_row vc_row-fluid\"><div class=\"wpb_column vc_column_container vc_col-sm-12\"><div class=\"vc_column-inner\"><div class=\"wpb_wrapper\"><div id='' class='teaserbox  overlay'><div class='teaserbox_inner'><div class='teaserheadline'><h2 style='color:#ef6c00;font-family:DinWebPro Bold;'>B2B Commerce<\/h2><h3 style='color:#ffffff;'>Mehr als nur ein Onlineshop<\/h3><\/div><div class='teasertext'><div class='wpb_wrapper'>Um die Erwartungen der Gesch\u00e4ftskunden zu erf\u00fcllen, m\u00fcssen B2B-Plattformen eine Vielzahl von Funktionen und M\u00f6glichkeiten bieten, die in B2C-Onlineshops nicht zu finden sind.<\/div><\/div><div class='teaserlink'><a href='https:\/\/www.striped-giraffe.com\/de\/ebook-b2b-commerce\/' style='color:#ffffff;'>Download<\/a><\/div><div class='wpb_single_image desktop_only'><img src='https:\/\/www.striped-giraffe.com\/wp-content\/uploads\/2022\/03\/Teaser_E-Book_B2B-Commerce.jpg' \/><\/div><div class='wpb_single_image mobile_only'><img src='https:\/\/www.striped-giraffe.com\/wp-content\/uploads\/2022\/03\/Teaser_E-Book_B2B-Commerce-600x700.jpg' \/><\/div><\/div><\/div><\/div><\/div><\/div><\/div><\/div>[\/vc_column_inner][vc_column_inner width=&#8220;1\/3&#8243;]<div class=\"templatera_shortcode\"><div class=\"vc_row wpb_row vc_row-fluid\"><div class=\"wpb_column vc_column_container vc_col-sm-12\"><div class=\"vc_column-inner\"><div class=\"wpb_wrapper\"><div id='' class='teaserbox  overlay'><div class='teaserbox_inner'><div class='teaserheadline'><h3 style='text-transform:uppercase;color:#ffffff;font-family:DinWebPro Bold;'>IT-Report<\/h3><h2 style='text-transform:none;color:#ef6c00;'>DIGITALISIERUNGS- PROJEKTE<\/h2><\/div><div class='teasertext'><div class='wpb_wrapper'>Um die digitale Transformation zu realisieren, mu\u0308ssen Unternehmen verschiedene Digitalisierungsprojekte umsetzen. Doch wie stellt man sicher, dass sie auch erfolgreich werden?<\/div><\/div><div class='teaserlink'><a href='https:\/\/www.striped-giraffe.com\/de\/it-bericht-digitalisierungsprojekte\/' style='color:#ffffff;'>Mehr erfahren<\/a><\/div><div class='wpb_single_image desktop_only'><img src='https:\/\/www.striped-giraffe.com\/wp-content\/uploads\/2023\/11\/IT-Report-2023-600x960.jpg' \/><\/div><div class='wpb_single_image mobile_only'><img src='https:\/\/www.striped-giraffe.com\/wp-content\/uploads\/2023\/11\/IT-Report-2023-600x700.jpg' \/><\/div><\/div><\/div><\/div><\/div><\/div><\/div><\/div>[\/vc_column_inner][\/vc_row_inner][\/vc_column][\/vc_row]<\/p>\n<\/section>","protected":false},"excerpt":{"rendered":"STUDIE B2B Commerce \u2013 Im Spannungsfeld zwischen wirtschaftlicher Belastungsprobe und digitaler Effizienz Teil I Die Krisen sind da \u2013 das [...]","protected":false},"author":2,"featured_media":33608,"parent":0,"menu_order":0,"comment_status":"closed","ping_status":"closed","template":"page-sidebar.php","meta":{"footnotes":""},"acf":[],"yoast_head":"<!-- This site is optimized with the Yoast SEO Premium plugin v20.5 (Yoast SEO v20.5) - https:\/\/yoast.com\/wordpress\/plugins\/seo\/ -->\n<title>Download Studie: B2B Commerce<\/title>\n<meta name=\"description\" content=\"STUDIE: Die Sicht der B2B-Unternehmen auf wirtschaftliche Herausforderungen und Ma\u00dfnahmen, Preiserh\u00f6hungen und E-Commerce-Entwicklungen.\" \/>\n<meta name=\"robots\" content=\"index, follow, max-snippet:-1, max-image-preview:large, max-video-preview:-1\" \/>\n<link rel=\"canonical\" href=\"https:\/\/www.striped-giraffe.com\/de\/download-studie-b2b-commerce-1\/\" \/>\n<meta property=\"og:locale\" content=\"de_DE\" \/>\n<meta property=\"og:type\" content=\"article\" \/>\n<meta property=\"og:title\" content=\"Download IFH K\u00f6ln Studie 2023 B2B - Teil 1\" \/>\n<meta property=\"og:description\" content=\"STUDIE: Die Sicht der B2B-Unternehmen auf wirtschaftliche Herausforderungen und Ma\u00dfnahmen, Preiserh\u00f6hungen und E-Commerce-Entwicklungen.\" \/>\n<meta property=\"og:url\" content=\"https:\/\/www.striped-giraffe.com\/de\/download-studie-b2b-commerce-1\/\" \/>\n<meta property=\"og:site_name\" content=\"Striped Giraffe\" \/>\n<meta property=\"article:modified_time\" content=\"2024-09-19T12:19:23+00:00\" \/>\n<meta property=\"og:image\" content=\"https:\/\/www.striped-giraffe.com\/wp-content\/uploads\/2023\/02\/ECC-KOeLN-report-part-1-e-book-cover-DE.jpg\" \/>\n\t<meta property=\"og:image:width\" content=\"1200\" \/>\n\t<meta property=\"og:image:height\" content=\"931\" \/>\n\t<meta property=\"og:image:type\" content=\"image\/jpeg\" \/>\n<meta name=\"twitter:card\" content=\"summary_large_image\" \/>\n<meta name=\"twitter:label1\" content=\"Gesch\u00e4tzte Lesezeit\" \/>\n\t<meta name=\"twitter:data1\" content=\"2\u00a0Minuten\" \/>\n<script type=\"application\/ld+json\" class=\"yoast-schema-graph\">{\"@context\":\"https:\/\/schema.org\",\"@graph\":[{\"@type\":\"WebPage\",\"@id\":\"https:\/\/www.striped-giraffe.com\/de\/download-studie-b2b-commerce-1\/\",\"url\":\"https:\/\/www.striped-giraffe.com\/de\/download-studie-b2b-commerce-1\/\",\"name\":\"Download Studie: B2B Commerce\",\"isPartOf\":{\"@id\":\"https:\/\/www.striped-giraffe.com\/de\/#website\"},\"datePublished\":\"2023-02-13T08:55:30+00:00\",\"dateModified\":\"2024-09-19T12:19:23+00:00\",\"description\":\"STUDIE: Die Sicht der B2B-Unternehmen auf wirtschaftliche Herausforderungen und Ma\u00dfnahmen, Preiserh\u00f6hungen und E-Commerce-Entwicklungen.\",\"inLanguage\":\"de\",\"potentialAction\":[{\"@type\":\"ReadAction\",\"target\":[\"https:\/\/www.striped-giraffe.com\/de\/download-studie-b2b-commerce-1\/\"]}]},{\"@type\":\"WebSite\",\"@id\":\"https:\/\/www.striped-giraffe.com\/de\/#website\",\"url\":\"https:\/\/www.striped-giraffe.com\/de\/\",\"name\":\"Striped Giraffe\",\"description\":\"Ihr zuverl\u00e4ssiger Anbieter f\u00fcr digitale Enterprise-L\u00f6sungen\",\"publisher\":{\"@id\":\"https:\/\/www.striped-giraffe.com\/de\/#organization\"},\"potentialAction\":[{\"@type\":\"SearchAction\",\"target\":{\"@type\":\"EntryPoint\",\"urlTemplate\":\"https:\/\/www.striped-giraffe.com\/de\/?s={search_term_string}\"},\"query-input\":\"required name=search_term_string\"}],\"inLanguage\":\"de\"},{\"@type\":\"Organization\",\"@id\":\"https:\/\/www.striped-giraffe.com\/de\/#organization\",\"name\":\"Striped Giraffe\",\"url\":\"https:\/\/www.striped-giraffe.com\/de\/\",\"logo\":{\"@type\":\"ImageObject\",\"inLanguage\":\"de\",\"@id\":\"https:\/\/www.striped-giraffe.com\/de\/#\/schema\/logo\/image\/\",\"url\":\"https:\/\/www.striped-giraffe.com\/wp-content\/uploads\/2021\/01\/giraffe_white.svg\",\"contentUrl\":\"https:\/\/www.striped-giraffe.com\/wp-content\/uploads\/2021\/01\/giraffe_white.svg\",\"caption\":\"Striped Giraffe\"},\"image\":{\"@id\":\"https:\/\/www.striped-giraffe.com\/de\/#\/schema\/logo\/image\/\"}}]}<\/script>\n<!-- \/ Yoast SEO Premium plugin. -->","yoast_head_json":{"title":"Download Studie: B2B Commerce","description":"STUDIE: Die Sicht der B2B-Unternehmen auf wirtschaftliche Herausforderungen und Ma\u00dfnahmen, Preiserh\u00f6hungen und E-Commerce-Entwicklungen.","robots":{"index":"index","follow":"follow","max-snippet":"max-snippet:-1","max-image-preview":"max-image-preview:large","max-video-preview":"max-video-preview:-1"},"canonical":"https:\/\/www.striped-giraffe.com\/de\/download-studie-b2b-commerce-1\/","og_locale":"de_DE","og_type":"article","og_title":"Download IFH K\u00f6ln Studie 2023 B2B - Teil 1","og_description":"STUDIE: Die Sicht der B2B-Unternehmen auf wirtschaftliche Herausforderungen und Ma\u00dfnahmen, Preiserh\u00f6hungen und E-Commerce-Entwicklungen.","og_url":"https:\/\/www.striped-giraffe.com\/de\/download-studie-b2b-commerce-1\/","og_site_name":"Striped Giraffe","article_modified_time":"2024-09-19T12:19:23+00:00","og_image":[{"width":1200,"height":931,"url":"https:\/\/www.striped-giraffe.com\/wp-content\/uploads\/2023\/02\/ECC-KOeLN-report-part-1-e-book-cover-DE.jpg","type":"image\/jpeg"}],"twitter_card":"summary_large_image","twitter_misc":{"Gesch\u00e4tzte Lesezeit":"2\u00a0Minuten"},"schema":{"@context":"https:\/\/schema.org","@graph":[{"@type":"WebPage","@id":"https:\/\/www.striped-giraffe.com\/de\/download-studie-b2b-commerce-1\/","url":"https:\/\/www.striped-giraffe.com\/de\/download-studie-b2b-commerce-1\/","name":"Download Studie: B2B Commerce","isPartOf":{"@id":"https:\/\/www.striped-giraffe.com\/de\/#website"},"datePublished":"2023-02-13T08:55:30+00:00","dateModified":"2024-09-19T12:19:23+00:00","description":"STUDIE: Die Sicht der B2B-Unternehmen auf wirtschaftliche Herausforderungen und Ma\u00dfnahmen, Preiserh\u00f6hungen und E-Commerce-Entwicklungen.","inLanguage":"de","potentialAction":[{"@type":"ReadAction","target":["https:\/\/www.striped-giraffe.com\/de\/download-studie-b2b-commerce-1\/"]}]},{"@type":"WebSite","@id":"https:\/\/www.striped-giraffe.com\/de\/#website","url":"https:\/\/www.striped-giraffe.com\/de\/","name":"Striped Giraffe","description":"Ihr zuverl\u00e4ssiger Anbieter f\u00fcr digitale Enterprise-L\u00f6sungen","publisher":{"@id":"https:\/\/www.striped-giraffe.com\/de\/#organization"},"potentialAction":[{"@type":"SearchAction","target":{"@type":"EntryPoint","urlTemplate":"https:\/\/www.striped-giraffe.com\/de\/?s={search_term_string}"},"query-input":"required name=search_term_string"}],"inLanguage":"de"},{"@type":"Organization","@id":"https:\/\/www.striped-giraffe.com\/de\/#organization","name":"Striped Giraffe","url":"https:\/\/www.striped-giraffe.com\/de\/","logo":{"@type":"ImageObject","inLanguage":"de","@id":"https:\/\/www.striped-giraffe.com\/de\/#\/schema\/logo\/image\/","url":"https:\/\/www.striped-giraffe.com\/wp-content\/uploads\/2021\/01\/giraffe_white.svg","contentUrl":"https:\/\/www.striped-giraffe.com\/wp-content\/uploads\/2021\/01\/giraffe_white.svg","caption":"Striped Giraffe"},"image":{"@id":"https:\/\/www.striped-giraffe.com\/de\/#\/schema\/logo\/image\/"}}]}},"_links":{"self":[{"href":"https:\/\/www.striped-giraffe.com\/de\/wp-json\/wp\/v2\/pages\/33488"}],"collection":[{"href":"https:\/\/www.striped-giraffe.com\/de\/wp-json\/wp\/v2\/pages"}],"about":[{"href":"https:\/\/www.striped-giraffe.com\/de\/wp-json\/wp\/v2\/types\/page"}],"author":[{"embeddable":true,"href":"https:\/\/www.striped-giraffe.com\/de\/wp-json\/wp\/v2\/users\/2"}],"replies":[{"embeddable":true,"href":"https:\/\/www.striped-giraffe.com\/de\/wp-json\/wp\/v2\/comments?post=33488"}],"version-history":[{"count":25,"href":"https:\/\/www.striped-giraffe.com\/de\/wp-json\/wp\/v2\/pages\/33488\/revisions"}],"predecessor-version":[{"id":37755,"href":"https:\/\/www.striped-giraffe.com\/de\/wp-json\/wp\/v2\/pages\/33488\/revisions\/37755"}],"wp:featuredmedia":[{"embeddable":true,"href":"https:\/\/www.striped-giraffe.com\/de\/wp-json\/wp\/v2\/media\/33608"}],"wp:attachment":[{"href":"https:\/\/www.striped-giraffe.com\/de\/wp-json\/wp\/v2\/media?parent=33488"}],"curies":[{"name":"wp","href":"https:\/\/api.w.org\/{rel}","templated":true}]}}