{"id":33867,"date":"2023-01-13T15:18:00","date_gmt":"2023-01-13T14:18:00","guid":{"rendered":"https:\/\/www.striped-giraffe.com\/ecc-club-studie-mobilitaet-copy\/"},"modified":"2024-09-12T16:57:48","modified_gmt":"2024-09-12T14:57:48","slug":"ecc-club-studie-fachkraeftemangel","status":"publish","type":"page","link":"https:\/\/www.striped-giraffe.com\/de\/ecc-club-studie-fachkraeftemangel\/","title":{"rendered":"Download ECC Studie 2023 Fachkr\u00e4ftemangel"},"content":{"rendered":"<section class=\"wpb-content-wrapper\"><p>[vc_row full_width=&#8220;stretch_row&#8220; equal_height=&#8220;yes&#8220; bg_type=&#8220;image&#8220; parallax_style=&#8220;vcpb-default&#8220; bg_image_new=&#8220;id^33989|url^https:\/\/www.striped-giraffe.com\/wp-content\/uploads\/2023\/03\/ECCCLUBStudie2023_Fachkraeftemangel_Cover_2.jpg|caption^ECC CLUB STUDIE &#8222;Fachkr\u00e4ftemangel&#8222;|alt^ECC CLUB STUDIE|title^ECCCLUBStudie2023_Fachkraeftemangel_Cover_2|description^ECC CLUB STUDIE &#8222;Fachkr\u00e4ftemangel&#8222;&#8220; css=&#8220;.vc_custom_1726152988907{margin-top: 0px !important;margin-right: 0px !important;margin-bottom: 50px !important;margin-left: 0px !important;padding-top: 0px !important;padding-right: 0px !important;padding-left: 0px !important;background-position: center !important;background-repeat: no-repeat !important;background-size: cover !important;}&#8220;][vc_column][\/vc_column][\/vc_row][vc_row gap=&#8220;35&#8243; css=&#8220;.vc_custom_1726153007684{margin-top: 100px !important;margin-bottom: 100px !important;}&#8220; el_id=&#8220;downloadsection&#8220;][vc_column width=&#8220;2\/3&#8243;][vc_column_text]<\/p>\n<h2 class=\"headline_superbig\">Download<\/h2>\n<p>[\/vc_column_text][vc_empty_space height=&#8220;32&#8243;][vc_column_text]Laden Sie sich die ECC CLUB-Studie kostenlos herunter.[\/vc_column_text][vc_empty_space height=&#8220;32&#8243;][vc_column_text]<div class='_form_46'><\/div><script type='text\/javascript' src='https:\/\/striped-giraffe.activehosted.com\/f\/embed.php?static=0&id=46&69D489C894166&nostyles=0&preview=0'><\/script>[\/vc_column_text][\/vc_column][vc_column width=&#8220;1\/3&#8243;][vc_single_image image=&#8220;33869&#8243; img_size=&#8220;full&#8220; alignment=&#8220;center&#8220;][\/vc_column][\/vc_row][vc_row full_width=&#8220;stretch_row&#8220; css=&#8220;.vc_custom_1679326721838{margin-top: 0px !important;margin-bottom: 100px !important;padding-top: 0px !important;padding-bottom: 0px !important;background-position: center !important;background-repeat: no-repeat !important;background-size: cover !important;}&#8220;][vc_column][vc_column_text]<\/p>\n<h2 style=\"text-align: center;\"><span style=\"color: #ef6c00;\">ECC CLUB Studie 2023<\/span><\/h2>\n<p>[\/vc_column_text][vc_empty_space][vc_column_text]<\/p>\n<h1 style=\"text-align: center;\"><b>Hire me if you can<\/b><\/h1>\n<h2 style=\"text-align: center;\"><b>Mitarbeitende erfolgreich werben, halten und binden!<\/b><\/h2>\n<p>[\/vc_column_text][\/vc_column][\/vc_row][vc_row gap=&#8220;35&#8243; css=&#8220;.vc_custom_1612794184978{margin-bottom: 50px !important;}&#8220;][vc_column width=&#8220;2\/3&#8243;][vc_column_text]Das hei\u00dft diskutierte Thema &#8222;Fachkr\u00e4ftemangel&#8220; wurde dieses Jahr vom ECC K\u00d6LN untersucht. Befragt wurden dabei Hersteller, Einzel- und Gro\u00dfh\u00e4ndler sowie \u00fcber 1.000 digitale Talente. Die Ergebnisse werden in der ECC CLUB Studie 2023 &#8222;HIRE ME IF YOU CAN &#8211; Mitarbeitende erfolgreich werben, halten und binden!&#8220; pr\u00e4sentiert.[\/vc_column_text][vc_empty_space][vc_single_image image=&#8220;33982&#8243; img_size=&#8220;full&#8220;][\/vc_column][vc_column width=&#8220;1\/3&#8243; css=&#8220;.vc_custom_1623674804327{margin-left: 50px !important;}&#8220;][vc_column_text]<\/p>\n<h2 class=\"headline_introduction\"><span style=\"color: #ef6c00;\">42 % DER BEFRAGTEN MITARBEITER SIND DURCH DEN FACHKR\u00c4FTEMANGEL WENIGER ZUFRIEDEN MIT IHREM JOB<\/span><\/h2>\n<p>[\/vc_column_text][\/vc_column][\/vc_row][vc_row css=&#8220;.vc_custom_1679324861127{margin-bottom: 50px !important;}&#8220;][vc_column width=&#8220;2\/3&#8243;][vc_column_text]<\/p>\n<p class=\"p1\">Neue Arbeitsmodelle steigen in der Gunst der Bewerberinnen und Bewerber &#8211; und das nicht nur in der Gen Z. Ganz oben auf der Liste steht bei ihnen das Arbeiten aus dem Ausland (75%). Die Gen Y hingegen stellt die B\u00fcroplatz-Teilung mit Kollegen auf den ersten Platz (72%).<\/p>\n<p>[\/vc_column_text][vc_empty_space][vc_column_text]<\/p>\n<h3>Weitere Themen dieser Studie:<\/h3>\n<ul>\n<li>Was halten Arbeitgeber und Arbeitnehmer von Virtual Reality im Arbeitsalltag?<\/li>\n<li>Wie sieht die Rolle der F\u00fchrungskr\u00e4fte in Zukunft aus?<\/li>\n<li>Welche Konditionen sind Mitarbeitern am wichtigsten in ihrem Job?<\/li>\n<li>uvm.<\/li>\n<\/ul>\n<p>[\/vc_column_text][vc_empty_space][vc_column_text]Sind Sie zu diesem Thema an einem Austausch interessiert?<br \/>\nDann kontaktieren Sie uns unter <a href=\"mailto:career@striped-giraffe.com\">career@striped-giraffe.com<\/a>.[\/vc_column_text][\/vc_column][vc_column width=&#8220;1\/3&#8243; css=&#8220;.vc_custom_1623674830732{margin-left: 50px !important;}&#8220;][vc_column_text]<\/p>\n<h2 class=\"headline_introduction\">KI KOMMT IM BEWERBUNGSPROZESS ZUM EINSATZ BEI:<\/h2>\n<ul>\n<li>AUTOMATISIERTER SUCHE NACH KANDIDATEN<\/li>\n<li>BEWERTUNG VON LEBENSL\u00c4UFEN<\/li>\n<li>PROGNOSE ZUR EIGNUNG AUFGRUND VON DATENANALYSE<\/li>\n<\/ul>\n<p>[\/vc_column_text][\/vc_column][\/vc_row][vc_row css=&#8220;.vc_custom_1623678187697{margin-bottom: 150px !important;}&#8220;][vc_column width=&#8220;2\/3&#8243;][vc_column_text]<\/p>\n<hr \/>\n<p>Der <a href=\"https:\/\/www.ifhkoeln.de\/ecc-club\/\" target=\"_blank\" rel=\"noopener\">ECC CLUB<\/a> besch\u00e4ftigt sich fortw\u00e4hrend mit den aktuellen Gegebenheiten unserer Zeit im deutschen Handel. Er bringt Experten aus allen relevanten Bereichen zusammen. Seit 2020 sind wir Mitglied im ECC CLUB.[\/vc_column_text][\/vc_column][vc_column width=&#8220;1\/3&#8243;][\/vc_column][\/vc_row][vc_row full_width=&#8220;stretch_row&#8220; bg_type=&#8220;bg_color&#8220; bg_color_value=&#8220;#000000&#8243;][vc_column][vc_row_inner][vc_column_inner][vc_column_text css=&#8220;.vc_custom_1610617884017{margin-top: 100px !important;}&#8220;]<\/p>\n<h2 class=\"headline_introduction\"><span style=\"color: #ffffff;\">Weitere E-Books<\/span><\/h2>\n<p>[\/vc_column_text][\/vc_column_inner][\/vc_row_inner][\/vc_column][\/vc_row][vc_row full_width=&#8220;stretch_row&#8220; gap=&#8220;35&#8243; bg_type=&#8220;bg_color&#8220; css=&#8220;.vc_custom_1609934688295{margin-top: 0px !important;margin-bottom: 0px !important;padding-top: 100px !important;padding-bottom: 100px !important;}&#8220; bg_color_value=&#8220;#000000&#8243;][vc_column][vc_row_inner][vc_column_inner width=&#8220;1\/3&#8243; css=&#8220;.vc_custom_1610013762619{padding-right: 25px !important;}&#8220;][vc_column_text]<\/p>\n<h2><span style=\"color: #ef6c00;\">Wir schaffen Mehrwerte<\/span> <span style=\"color: #ffffff;\">f\u00fcr unsere Kunden.<\/span><\/h2>\n<p><span style=\"color: #ffffff;\">Das f\u00fchrt zu einer langj\u00e4hrigen Zusammenarbeit mit unseren Kunden, die wir sehr sch\u00e4tzen. Noch mehr E-Books, Case Studies und co. finden Sie in unseren <a href=\"https:\/\/www.striped-giraffe.com\/insights\/\">Insights<\/a>.<\/span>[\/vc_column_text][\/vc_column_inner][vc_column_inner width=&#8220;1\/3&#8243;]<div class=\"templatera_shortcode\"><div class=\"vc_row wpb_row vc_row-fluid\"><div class=\"wpb_column vc_column_container vc_col-sm-12\"><div class=\"vc_column-inner\"><div class=\"wpb_wrapper\"><div id='' class='teaserbox  overlay'><div class='teaserbox_inner'><div class='teaserheadline'><h3 style='text-transform:uppercase;color:#ffffff;font-family:DinWebPro Bold;'>2 Leitf\u00e4den<\/h3><h2 style='text-transform:none;color:#ffffff;'>zur Auswahl der richtige E-Commerce-L\u00f6sung<\/h2><\/div><div class='teasertext'><div class='wpb_wrapper'>Unsere Leitf\u00e4den unterstu\u0308tzen Sie bei der Suche nach der richtigen E-Commerce-L\u00f6sung, empfehlen die optimale Herangehensweisen und zeigen Ihnen m\u00f6gliche Risiken auf.<\/div><\/div><div class='teaserlink'><a href='https:\/\/www.striped-giraffe.com\/de\/ecommerce-evaluationsleitfaden\/' style='color:#ffffff;'>Download<\/a><\/div><div class='wpb_single_image desktop_only'><img src='https:\/\/www.striped-giraffe.com\/wp-content\/uploads\/2022\/02\/Teaser_Evaluation_Guide-600x960.jpg' \/><\/div><div class='wpb_single_image mobile_only'><img src='https:\/\/www.striped-giraffe.com\/wp-content\/uploads\/2022\/02\/Teaser_Evaluation_Guide-600x700.jpg' \/><\/div><\/div><\/div><\/div><\/div><\/div><\/div><\/div>[\/vc_column_inner][vc_column_inner width=&#8220;1\/3&#8243;]<div class=\"templatera_shortcode\"><div class=\"vc_row wpb_row vc_row-fluid\"><div class=\"wpb_column vc_column_container vc_col-sm-12\"><div class=\"vc_column-inner\"><div class=\"wpb_wrapper\"><div id='' class='teaserbox  overlay'><div class='teaserbox_inner'><div class='teaserheadline'><h3 style='text-transform:uppercase;color:#000000;font-family:DinWebPro Bold;'>Neue Studie<\/h3><h2 style='text-transform:none;color:#ffffff;'>B2B Commerce - Im Spannungsfeld zwischen wirtschaftlicher Belastungsprobe und digitaler Effizienz<\/h2><\/div><div class='teasertext'><div class='wpb_wrapper'>In einer gemeinsamen Studie mit dem ECC K\u00d6LN wurden B2B Hersteller und Gro\u00dfh\u00e4ndler zu diversen Themen rund um wirtschaftliche Herausforderungen, Ma\u00dfnahmen und ihre Digitalisierungsunterfangen befragt.<\/div><\/div><div class='teaserlink'><a href='https:\/\/www.striped-giraffe.com\/de\/download-studie-b2b-commerce-1\/' style='color:#000000;'>Zum Download<\/a><\/div><div class='wpb_single_image desktop_only'><img src='https:\/\/www.striped-giraffe.com\/wp-content\/uploads\/2023\/03\/Teaser_b2b_study-1-600x960.jpg' \/><\/div><div class='wpb_single_image mobile_only'><img src='https:\/\/www.striped-giraffe.com\/wp-content\/uploads\/2023\/03\/Teaser_b2b_study-1-600x700.jpg' \/><\/div><\/div><\/div><\/div><\/div><\/div><\/div><\/div>[\/vc_column_inner][\/vc_row_inner][\/vc_column][\/vc_row]<\/p>\n<\/section>","protected":false},"excerpt":{"rendered":"Download Laden Sie sich die ECC CLUB-Studie kostenlos herunter. ECC CLUB Studie 2023 Hire me if you can Mitarbeitende erfolgreich [...]","protected":false},"author":2,"featured_media":0,"parent":0,"menu_order":0,"comment_status":"closed","ping_status":"closed","template":"page-sidebar.php","meta":{"footnotes":""},"acf":[],"yoast_head":"<!-- This site is optimized with the Yoast SEO Premium plugin v20.5 (Yoast SEO v20.5) - https:\/\/yoast.com\/wordpress\/plugins\/seo\/ -->\n<title>Download ECC Studie 2023 Fachkr\u00e4ftemangel<\/title>\n<meta name=\"description\" content=\"Der ECC CLUB pr\u00e4sentiert die Studie zum Fachkr\u00e4ftemangel: Mitarbeitende erfolgreich werben, halten und binden!\" \/>\n<meta name=\"robots\" content=\"index, follow, max-snippet:-1, max-image-preview:large, max-video-preview:-1\" \/>\n<link rel=\"canonical\" href=\"https:\/\/www.striped-giraffe.com\/de\/ecc-club-studie-fachkraeftemangel\/\" \/>\n<meta property=\"og:locale\" content=\"de_DE\" \/>\n<meta property=\"og:type\" content=\"article\" \/>\n<meta property=\"og:title\" content=\"Download ECC Studie 2023 Fachkr\u00e4ftemangel\" \/>\n<meta property=\"og:description\" content=\"Der ECC CLUB pr\u00e4sentiert die Studie zum Fachkr\u00e4ftemangel: Mitarbeitende erfolgreich werben, halten und binden!\" \/>\n<meta property=\"og:url\" content=\"https:\/\/www.striped-giraffe.com\/de\/ecc-club-studie-fachkraeftemangel\/\" \/>\n<meta property=\"og:site_name\" content=\"Striped Giraffe\" \/>\n<meta property=\"article:modified_time\" content=\"2024-09-12T14:57:48+00:00\" \/>\n<meta name=\"twitter:card\" content=\"summary_large_image\" \/>\n<meta name=\"twitter:label1\" content=\"Gesch\u00e4tzte Lesezeit\" \/>\n\t<meta name=\"twitter:data1\" content=\"3\u00a0Minuten\" \/>\n<script type=\"application\/ld+json\" class=\"yoast-schema-graph\">{\"@context\":\"https:\/\/schema.org\",\"@graph\":[{\"@type\":\"WebPage\",\"@id\":\"https:\/\/www.striped-giraffe.com\/de\/ecc-club-studie-fachkraeftemangel\/\",\"url\":\"https:\/\/www.striped-giraffe.com\/de\/ecc-club-studie-fachkraeftemangel\/\",\"name\":\"Download ECC Studie 2023 Fachkr\u00e4ftemangel\",\"isPartOf\":{\"@id\":\"https:\/\/www.striped-giraffe.com\/de\/#website\"},\"datePublished\":\"2023-01-13T14:18:00+00:00\",\"dateModified\":\"2024-09-12T14:57:48+00:00\",\"description\":\"Der ECC CLUB pr\u00e4sentiert die Studie zum Fachkr\u00e4ftemangel: Mitarbeitende erfolgreich werben, halten und binden!\",\"inLanguage\":\"de\",\"potentialAction\":[{\"@type\":\"ReadAction\",\"target\":[\"https:\/\/www.striped-giraffe.com\/de\/ecc-club-studie-fachkraeftemangel\/\"]}]},{\"@type\":\"WebSite\",\"@id\":\"https:\/\/www.striped-giraffe.com\/de\/#website\",\"url\":\"https:\/\/www.striped-giraffe.com\/de\/\",\"name\":\"Striped Giraffe\",\"description\":\"Ihr zuverl\u00e4ssiger Anbieter f\u00fcr digitale Enterprise-L\u00f6sungen\",\"publisher\":{\"@id\":\"https:\/\/www.striped-giraffe.com\/de\/#organization\"},\"potentialAction\":[{\"@type\":\"SearchAction\",\"target\":{\"@type\":\"EntryPoint\",\"urlTemplate\":\"https:\/\/www.striped-giraffe.com\/de\/?s={search_term_string}\"},\"query-input\":\"required name=search_term_string\"}],\"inLanguage\":\"de\"},{\"@type\":\"Organization\",\"@id\":\"https:\/\/www.striped-giraffe.com\/de\/#organization\",\"name\":\"Striped Giraffe\",\"url\":\"https:\/\/www.striped-giraffe.com\/de\/\",\"logo\":{\"@type\":\"ImageObject\",\"inLanguage\":\"de\",\"@id\":\"https:\/\/www.striped-giraffe.com\/de\/#\/schema\/logo\/image\/\",\"url\":\"https:\/\/www.striped-giraffe.com\/wp-content\/uploads\/2021\/01\/giraffe_white.svg\",\"contentUrl\":\"https:\/\/www.striped-giraffe.com\/wp-content\/uploads\/2021\/01\/giraffe_white.svg\",\"caption\":\"Striped Giraffe\"},\"image\":{\"@id\":\"https:\/\/www.striped-giraffe.com\/de\/#\/schema\/logo\/image\/\"}}]}<\/script>\n<!-- \/ Yoast SEO Premium plugin. -->","yoast_head_json":{"title":"Download ECC Studie 2023 Fachkr\u00e4ftemangel","description":"Der ECC CLUB pr\u00e4sentiert die Studie zum Fachkr\u00e4ftemangel: Mitarbeitende erfolgreich werben, halten und binden!","robots":{"index":"index","follow":"follow","max-snippet":"max-snippet:-1","max-image-preview":"max-image-preview:large","max-video-preview":"max-video-preview:-1"},"canonical":"https:\/\/www.striped-giraffe.com\/de\/ecc-club-studie-fachkraeftemangel\/","og_locale":"de_DE","og_type":"article","og_title":"Download ECC Studie 2023 Fachkr\u00e4ftemangel","og_description":"Der ECC CLUB pr\u00e4sentiert die Studie zum Fachkr\u00e4ftemangel: Mitarbeitende erfolgreich werben, halten und binden!","og_url":"https:\/\/www.striped-giraffe.com\/de\/ecc-club-studie-fachkraeftemangel\/","og_site_name":"Striped Giraffe","article_modified_time":"2024-09-12T14:57:48+00:00","twitter_card":"summary_large_image","twitter_misc":{"Gesch\u00e4tzte Lesezeit":"3\u00a0Minuten"},"schema":{"@context":"https:\/\/schema.org","@graph":[{"@type":"WebPage","@id":"https:\/\/www.striped-giraffe.com\/de\/ecc-club-studie-fachkraeftemangel\/","url":"https:\/\/www.striped-giraffe.com\/de\/ecc-club-studie-fachkraeftemangel\/","name":"Download ECC Studie 2023 Fachkr\u00e4ftemangel","isPartOf":{"@id":"https:\/\/www.striped-giraffe.com\/de\/#website"},"datePublished":"2023-01-13T14:18:00+00:00","dateModified":"2024-09-12T14:57:48+00:00","description":"Der ECC CLUB pr\u00e4sentiert die Studie zum Fachkr\u00e4ftemangel: Mitarbeitende erfolgreich werben, halten und binden!","inLanguage":"de","potentialAction":[{"@type":"ReadAction","target":["https:\/\/www.striped-giraffe.com\/de\/ecc-club-studie-fachkraeftemangel\/"]}]},{"@type":"WebSite","@id":"https:\/\/www.striped-giraffe.com\/de\/#website","url":"https:\/\/www.striped-giraffe.com\/de\/","name":"Striped Giraffe","description":"Ihr zuverl\u00e4ssiger Anbieter f\u00fcr digitale Enterprise-L\u00f6sungen","publisher":{"@id":"https:\/\/www.striped-giraffe.com\/de\/#organization"},"potentialAction":[{"@type":"SearchAction","target":{"@type":"EntryPoint","urlTemplate":"https:\/\/www.striped-giraffe.com\/de\/?s={search_term_string}"},"query-input":"required name=search_term_string"}],"inLanguage":"de"},{"@type":"Organization","@id":"https:\/\/www.striped-giraffe.com\/de\/#organization","name":"Striped Giraffe","url":"https:\/\/www.striped-giraffe.com\/de\/","logo":{"@type":"ImageObject","inLanguage":"de","@id":"https:\/\/www.striped-giraffe.com\/de\/#\/schema\/logo\/image\/","url":"https:\/\/www.striped-giraffe.com\/wp-content\/uploads\/2021\/01\/giraffe_white.svg","contentUrl":"https:\/\/www.striped-giraffe.com\/wp-content\/uploads\/2021\/01\/giraffe_white.svg","caption":"Striped Giraffe"},"image":{"@id":"https:\/\/www.striped-giraffe.com\/de\/#\/schema\/logo\/image\/"}}]}},"_links":{"self":[{"href":"https:\/\/www.striped-giraffe.com\/de\/wp-json\/wp\/v2\/pages\/33867"}],"collection":[{"href":"https:\/\/www.striped-giraffe.com\/de\/wp-json\/wp\/v2\/pages"}],"about":[{"href":"https:\/\/www.striped-giraffe.com\/de\/wp-json\/wp\/v2\/types\/page"}],"author":[{"embeddable":true,"href":"https:\/\/www.striped-giraffe.com\/de\/wp-json\/wp\/v2\/users\/2"}],"replies":[{"embeddable":true,"href":"https:\/\/www.striped-giraffe.com\/de\/wp-json\/wp\/v2\/comments?post=33867"}],"version-history":[{"count":15,"href":"https:\/\/www.striped-giraffe.com\/de\/wp-json\/wp\/v2\/pages\/33867\/revisions"}],"predecessor-version":[{"id":37724,"href":"https:\/\/www.striped-giraffe.com\/de\/wp-json\/wp\/v2\/pages\/33867\/revisions\/37724"}],"wp:attachment":[{"href":"https:\/\/www.striped-giraffe.com\/de\/wp-json\/wp\/v2\/media?parent=33867"}],"curies":[{"name":"wp","href":"https:\/\/api.w.org\/{rel}","templated":true}]}}