{"id":34006,"date":"2023-04-05T13:40:16","date_gmt":"2023-04-05T11:40:16","guid":{"rendered":"https:\/\/www.striped-giraffe.com\/download-studie-b2b-commerce-1-copy\/"},"modified":"2024-09-19T14:41:57","modified_gmt":"2024-09-19T12:41:57","slug":"download-studie-b2b-commerce-2","status":"publish","type":"page","link":"https:\/\/www.striped-giraffe.com\/de\/download-studie-b2b-commerce-2\/","title":{"rendered":"Download IFH K\u00f6ln Studie 2023 B2B &#8211; Teil 2"},"content":{"rendered":"<section class=\"wpb-content-wrapper\"><p>[vc_row full_height=&#8220;yes&#8220; css=&#8220;.vc_custom_1681714109329{margin-right: 0px !important;margin-bottom: 100px !important;margin-left: 50px !important;padding-right: 0px !important;padding-left: 0px !important;background-position: center !important;background-repeat: no-repeat !important;background-size: cover !important;}&#8220;][vc_column width=&#8220;5\/6&#8243;][vc_column_text]<\/p>\n<h2 class=\"headline_introduction\"><span style=\"color: #ef6c00;\">STUDIE<\/span><\/h2>\n<h1>B2B Commerce \u2013<\/h1>\n<h2 class=\"headline_introduction\">Im Spannungsfeld zwischen wirtschaftlicher Belastungsprobe und digitaler Effizienz<\/h2>\n<h2 class=\"headline_introduction\"><span style=\"color: #ef6c00;\">Teil II<\/span><\/h2>\n<p>[\/vc_column_text][vc_empty_space][vc_btn title=&#8220;Download&#8220; color=&#8220;warning&#8220; link=&#8220;url:%23downloadsectionstudie2&#8243;][\/vc_column][vc_column width=&#8220;1\/6&#8243;][\/vc_column][\/vc_row][vc_row gap=&#8220;35&#8243; css=&#8220;.vc_custom_1677600809681{margin-bottom: 50px !important;}&#8220;][vc_column width=&#8220;2\/3&#8243;][vc_column_text]<\/p>\n<h3>Digitalisierung &#8211; Der Schl\u00fcssel zum Erfolg?<\/h3>\n<p>B2B-Unternehmen k\u00e4mpfen immer noch mit vielen Herausforderungen. Energiekrise, Fachkr\u00e4ftemangel, Inflation, neue Wettbewerbssituationen&#8230; Oft wird behauptet, dass die Digitalisierung die L\u00f6sung f\u00fcr viele dieser Probleme ist. Ist das wirklich so?<\/p>\n<p>In der Theorie kann das durchaus stimmen. Doch Digitalisierung ist nicht gleich Digitalisierung. Auch hier bedarf es Expertenwissen, eines passenden Konzepts sowie der richtigen Technologie.<\/p>\n<p>In einer gemeinsamen Studie mit dem ECC K\u00d6LN wurden B2B Hersteller und Gro\u00dfh\u00e4ndler zu diversen Themen rund um wirtschaftliche Herausforderungen, Ma\u00dfnahmen und ihre Digitalisierungsunterfangen befragt.[\/vc_column_text][\/vc_column][vc_column width=&#8220;1\/3&#8243; css=&#8220;.vc_custom_1677600860336{margin-left: 30px !important;}&#8220;][vc_column_text]<b>INHALTE<\/b><\/p>\n<ul>\n<li><span style=\"color: #667fff;\">Angesto\u00dfene und abgebrochene Digitalisierungsprojekte<\/span><\/li>\n<li><span style=\"color: #667fff;\">Entscheidungskriterien<\/span><\/li>\n<li><span style=\"color: #667fff;\">Investitionsbudgets<\/span><\/li>\n<li><span style=\"color: #667fff;\">Erfolgskritische Digitalisierungsprojekte f\u00fcr die n\u00e4chsten 5 Jahre<\/span><\/li>\n<li><span style=\"color: #667fff;\">Monitoring des Impacts von Digitalisierungs- und IT-Projekten<\/span><\/li>\n<\/ul>\n<p>[\/vc_column_text][\/vc_column][\/vc_row][vc_row gap=&#8220;35&#8243; css=&#8220;.vc_custom_1677761438128{margin-bottom: 50px !important;}&#8220;][vc_column width=&#8220;2\/3&#8243;][vc_column_text]<\/p>\n<h3>Teil 2 der Studie:\u00a0Digitalisierung richtig angehen<\/h3>\n<p>Trotz der herausfordernden Zeiten im Zuge der multiplen Krisen investiert die Mehrheit der B2B-Unternehmen weiterhin verst\u00e4rkt in den Bereich Digitalisierung. In diesem 2. Teil der Studie wurden Hersteller und Gro\u00dfh\u00e4ndler konkret zu Ihren Digitalisierungsprojekten befragt \u2013 von hohen Abbruchraten zu nebul\u00f6sen KPIs, Pr\u00e4ferenzen bei der Investition und ihren gr\u00f6\u00dften Herausforderungen.<\/p>\n<p>Es gibt viele \u00fcberraschende Insights zu entdecken. F\u00fcr R\u00fcckfragen zur Studie oder zur Besprechung konkreter L\u00f6sungen, wenden Sie sich an <a href=\"mailto:experts@striped-giraffe.com\">experts@striped-giraffe.com<\/a>.[\/vc_column_text][vc_empty_space height=&#8220;50px&#8220;][vc_single_image image=&#8220;34069&#8243; img_size=&#8220;full&#8220; alignment=&#8220;center&#8220;][\/vc_column][vc_column width=&#8220;1\/3&#8243; css=&#8220;.vc_custom_1677600501542{margin-left: 30px !important;}&#8220;][vc_column_text]<\/p>\n<h1 class=\"headline_superbig\" style=\"text-align: center;\"><span style=\"color: #00bf7f;\">62 %<\/span><\/h1>\n<p>[\/vc_column_text][vc_column_text]<\/p>\n<p style=\"text-align: center;\"><strong>investieren verst\u00e4rkt in Digitalisierungsprojekte<\/strong><\/p>\n<p>[\/vc_column_text][vc_empty_space height=&#8220;16px&#8220;][vc_separator color=&#8220;custom&#8220; border_width=&#8220;2&#8243; el_width=&#8220;50&#8243; accent_color=&#8220;#00bf7f&#8220;][vc_empty_space height=&#8220;16px&#8220;][vc_column_text]<\/p>\n<p style=\"text-align: center;\"><strong>13 % wie gehabt<\/strong><\/p>\n<p>[\/vc_column_text][\/vc_column][\/vc_row][vc_row el_id=&#8220;downloadsectionstudie2&#8243; css=&#8220;.vc_custom_1681714053344{margin-bottom: 50px !important;}&#8220;][vc_column][\/vc_column][\/vc_row][vc_row gap=&#8220;35&#8243; css=&#8220;.vc_custom_1724317649240{margin-bottom: 100px !important;}&#8220; el_id=&#8220;downloadsection&#8220;][vc_column width=&#8220;2\/3&#8243;][vc_column_text]<\/p>\n<h2 class=\"headline_superbig\">Download<\/h2>\n<p>[\/vc_column_text][vc_empty_space][vc_column_text]Laden Sie sich Teil 2 der Studie &#8222;B2B Commerce \u2013 Im Spannungsfeld zwischen wirtschaftlicher Belastungsprobe und digitaler Effizienz&#8220; kostenlos herunter.[\/vc_column_text][vc_empty_space][vc_column_text]<div class='_form_20'><\/div><script type='text\/javascript' src='https:\/\/striped-giraffe.activehosted.com\/f\/embed.php?static=0&id=20&6A05ECF6E48A6&nostyles=0&preview=0'><\/script>[\/vc_column_text][\/vc_column][vc_column width=&#8220;1\/3&#8243;][vc_single_image image=&#8220;34019&#8243; img_size=&#8220;full&#8220; alignment=&#8220;center&#8220;][\/vc_column][\/vc_row][vc_row full_width=&#8220;stretch_row&#8220; css=&#8220;.vc_custom_1706183849370{margin-top: 50px !important;margin-bottom: 50px !important;}&#8220;][vc_column][vc_row_inner][vc_column_inner width=&#8220;2\/3&#8243;][vc_column_text]<\/p>\n<h2 class=\"headline_superbig\">Let&#8217;s talk<\/h2>\n<p>[\/vc_column_text][vc_empty_space][vc_column_text]<\/p>\n<h3>Brauchen Sie ein <strong>konkretes Angebot<\/strong> oder suchen Sie einen <strong>Sparringspartner<\/strong>, mit dem sie Ideen diskutieren und entwickeln k\u00f6nnen?<\/h3>\n<h3>Dann melden Sie sich:<\/h3>\n<ul>\n<li><a href=\"mailto:experts@striped-giraffe.com\">experts@striped-giraffe.com<\/a><\/li>\n<li><span style=\"color: #ef6c00;\">+49 (0)89-416 126-667<\/span><\/li>\n<\/ul>\n<p>[\/vc_column_text]<a class=\"calendly\" href=\"\" onclick=\"Calendly.initPopupWidget({url: 'https:\/\/calendly.com\/striped-giraffe\/30min'});return false;\">Termin vereinbaren<\/a>[vc_column_text css=&#8220;.vc_custom_1705936147633{margin-top: 32px !important;}&#8220;]<\/p>\n<h3>Wir unterst\u00fctzen Sie gerne.<\/h3>\n<p>[\/vc_column_text][\/vc_column_inner][vc_column_inner width=&#8220;1\/3&#8243;][\/vc_column_inner][\/vc_row_inner][\/vc_column][\/vc_row][vc_row full_width=&#8220;stretch_row&#8220; bg_type=&#8220;bg_color&#8220; css=&#8220;.vc_custom_1678105603221{margin-bottom: 50px !important;padding-top: 50px !important;padding-bottom: 50px !important;padding-left: 100px !important;}&#8220; bg_color_value=&#8220;#000000&#8243;][vc_column width=&#8220;2\/3&#8243;][vc_column_text css=&#8220;.vc_custom_1681301070318{margin-left: 25px !important;}&#8220;]<\/p>\n<h2><span style=\"color: #ffffff;\">Teil 1<\/span><\/h2>\n<p><span style=\"color: #ffffff;\">Teil 1 der Studie <\/span><span style=\"color: #ffffff;\">befasst sich mit den Auswirkungen der aktuellen Krisen, der Preispolitik und den Aussichten im E-Commerce: <\/span><\/p>\n<p><span style=\"color: #ffffff;\"><a href=\"https:\/\/www.striped-giraffe.com\/de\/download-studie-b2b-commerce-1\/\">Zum Download Teil 1<\/a><\/span>[\/vc_column_text][\/vc_column][vc_column width=&#8220;1\/3&#8243;][vc_single_image image=&#8220;34044&#8243; img_size=&#8220;medium&#8220; css=&#8220;.vc_custom_1681301418090{margin-right: 50px !important;margin-left: 50px !important;}&#8220;][\/vc_column][\/vc_row][vc_row full_width=&#8220;stretch_row&#8220; bg_type=&#8220;bg_color&#8220; bg_color_value=&#8220;#000000&#8243;][vc_column][vc_row_inner][vc_column_inner][vc_column_text css=&#8220;.vc_custom_1651048105246{margin-top: 100px !important;}&#8220;]<\/p>\n<h2 class=\"headline_introduction\"><span style=\"color: #ffffff;\">Weitere Insights<\/span><\/h2>\n<p>[\/vc_column_text][\/vc_column_inner][\/vc_row_inner][\/vc_column][\/vc_row][vc_row full_width=&#8220;stretch_row&#8220; gap=&#8220;35&#8243; bg_type=&#8220;bg_color&#8220; css=&#8220;.vc_custom_1609934688295{margin-top: 0px !important;margin-bottom: 0px !important;padding-top: 100px !important;padding-bottom: 100px !important;}&#8220; bg_color_value=&#8220;#000000&#8243;][vc_column][vc_row_inner][vc_column_inner width=&#8220;1\/3&#8243; css=&#8220;.vc_custom_1610013762619{padding-right: 25px !important;}&#8220;][vc_column_text]<\/p>\n<h2><span style=\"color: #ef6c00;\">Wir schaffen Mehrwerte<\/span> <span style=\"color: #ffffff;\">f\u00fcr unsere Kunden.<\/span><\/h2>\n<p><span style=\"color: #ffffff;\">Das f\u00fchrt zu einer langj\u00e4hrigen Zusammenarbeit mit unseren Kunden, die wir sehr sch\u00e4tzen. Noch mehr E-Books, Case Studies und co. finden Sie in unseren <a href=\"https:\/\/www.striped-giraffe.com\/insights\/\">Insights<\/a>.<\/span>[\/vc_column_text][\/vc_column_inner][vc_column_inner width=&#8220;1\/3&#8243;]<div class=\"templatera_shortcode\"><div class=\"vc_row wpb_row vc_row-fluid\"><div class=\"wpb_column vc_column_container vc_col-sm-12\"><div class=\"vc_column-inner\"><div class=\"wpb_wrapper\"><div id='' class='teaserbox  overlay'><div class='teaserbox_inner'><div class='teaserheadline'><h3 style='text-transform:uppercase;color:#ffffff;font-family:DinWebPro Bold;'>IT-Report<\/h3><h2 style='text-transform:none;color:#ef6c00;'>DIGITALISIERUNGS- PROJEKTE<\/h2><\/div><div class='teasertext'><div class='wpb_wrapper'>Um die digitale Transformation zu realisieren, mu\u0308ssen Unternehmen verschiedene Digitalisierungsprojekte umsetzen. Doch wie stellt man sicher, dass sie auch erfolgreich werden?<\/div><\/div><div class='teaserlink'><a href='https:\/\/www.striped-giraffe.com\/de\/it-bericht-digitalisierungsprojekte\/' style='color:#ffffff;'>Mehr erfahren<\/a><\/div><div class='wpb_single_image desktop_only'><img src='https:\/\/www.striped-giraffe.com\/wp-content\/uploads\/2023\/11\/IT-Report-2023-600x960.jpg' \/><\/div><div class='wpb_single_image mobile_only'><img src='https:\/\/www.striped-giraffe.com\/wp-content\/uploads\/2023\/11\/IT-Report-2023-600x700.jpg' \/><\/div><\/div><\/div><\/div><\/div><\/div><\/div><\/div>[\/vc_column_inner][vc_column_inner width=&#8220;1\/3&#8243;]<div class=\"templatera_shortcode\"><div class=\"vc_row wpb_row vc_row-fluid\"><div class=\"wpb_column vc_column_container vc_col-sm-12\"><div class=\"vc_column-inner\"><div class=\"wpb_wrapper\"><div id='' class='teaserbox  overlay'><div class='teaserbox_inner'><div class='teaserheadline'><h2 style='color:#ef6c00;font-family:DinWebPro Bold;'>B2B Commerce<\/h2><h3 style='color:#ffffff;'>Mehr als nur ein Onlineshop<\/h3><\/div><div class='teasertext'><div class='wpb_wrapper'>Um die Erwartungen der Gesch\u00e4ftskunden zu erf\u00fcllen, m\u00fcssen B2B-Plattformen eine Vielzahl von Funktionen und M\u00f6glichkeiten bieten, die in B2C-Onlineshops nicht zu finden sind.<\/div><\/div><div class='teaserlink'><a href='https:\/\/www.striped-giraffe.com\/de\/ebook-b2b-commerce\/' style='color:#ffffff;'>Download<\/a><\/div><div class='wpb_single_image desktop_only'><img src='https:\/\/www.striped-giraffe.com\/wp-content\/uploads\/2022\/03\/Teaser_E-Book_B2B-Commerce.jpg' \/><\/div><div class='wpb_single_image mobile_only'><img src='https:\/\/www.striped-giraffe.com\/wp-content\/uploads\/2022\/03\/Teaser_E-Book_B2B-Commerce-600x700.jpg' \/><\/div><\/div><\/div><\/div><\/div><\/div><\/div><\/div>[\/vc_column_inner][\/vc_row_inner][\/vc_column][\/vc_row]<\/p>\n<\/section>","protected":false},"excerpt":{"rendered":"STUDIE B2B Commerce \u2013 Im Spannungsfeld zwischen wirtschaftlicher Belastungsprobe und digitaler Effizienz Teil II Download Digitalisierung - Der Schl\u00fcssel zum [...]","protected":false},"author":2,"featured_media":34019,"parent":0,"menu_order":0,"comment_status":"closed","ping_status":"closed","template":"page-sidebar.php","meta":{"footnotes":""},"acf":[],"yoast_head":"<!-- This site is optimized with the Yoast SEO Premium plugin v20.5 (Yoast SEO v20.5) - https:\/\/yoast.com\/wordpress\/plugins\/seo\/ -->\n<title>Neue Studie: B2B Commerce \u2013 Digitalisierung richtig angehen<\/title>\n<meta name=\"description\" content=\"In diesem 2. Teil der Studie wurden B2B-Unternehmen konkret zu Ihren Digitalisierungsprojekten befragt: Datengrundlage, Fehltritte &amp; Pl\u00e4ne.\" \/>\n<meta name=\"robots\" content=\"index, follow, max-snippet:-1, max-image-preview:large, max-video-preview:-1\" \/>\n<link rel=\"canonical\" href=\"https:\/\/www.striped-giraffe.com\/de\/download-studie-b2b-commerce-2\/\" \/>\n<meta property=\"og:locale\" content=\"de_DE\" \/>\n<meta property=\"og:type\" content=\"article\" \/>\n<meta property=\"og:title\" content=\"Download IFH K\u00f6ln Studie 2023 B2B - Teil 2\" \/>\n<meta property=\"og:description\" content=\"In diesem 2. Teil der Studie wurden B2B-Unternehmen konkret zu Ihren Digitalisierungsprojekten befragt: Datengrundlage, Fehltritte &amp; Pl\u00e4ne.\" \/>\n<meta property=\"og:url\" content=\"https:\/\/www.striped-giraffe.com\/de\/download-studie-b2b-commerce-2\/\" \/>\n<meta property=\"og:site_name\" content=\"Striped Giraffe\" \/>\n<meta property=\"article:modified_time\" content=\"2024-09-19T12:41:57+00:00\" \/>\n<meta property=\"og:image\" content=\"https:\/\/www.striped-giraffe.com\/wp-content\/uploads\/2023\/04\/ECC-KOeLN-report-part-2-cover-e-book-DE.jpg\" \/>\n\t<meta property=\"og:image:width\" content=\"1200\" \/>\n\t<meta property=\"og:image:height\" content=\"900\" \/>\n\t<meta property=\"og:image:type\" content=\"image\/jpeg\" \/>\n<meta name=\"twitter:card\" content=\"summary_large_image\" \/>\n<meta name=\"twitter:label1\" content=\"Gesch\u00e4tzte Lesezeit\" \/>\n\t<meta name=\"twitter:data1\" content=\"3\u00a0Minuten\" \/>\n<script type=\"application\/ld+json\" class=\"yoast-schema-graph\">{\"@context\":\"https:\/\/schema.org\",\"@graph\":[{\"@type\":\"WebPage\",\"@id\":\"https:\/\/www.striped-giraffe.com\/de\/download-studie-b2b-commerce-2\/\",\"url\":\"https:\/\/www.striped-giraffe.com\/de\/download-studie-b2b-commerce-2\/\",\"name\":\"Neue Studie: B2B Commerce \u2013 Digitalisierung richtig angehen\",\"isPartOf\":{\"@id\":\"https:\/\/www.striped-giraffe.com\/de\/#website\"},\"datePublished\":\"2023-04-05T11:40:16+00:00\",\"dateModified\":\"2024-09-19T12:41:57+00:00\",\"description\":\"In diesem 2. Teil der Studie wurden B2B-Unternehmen konkret zu Ihren Digitalisierungsprojekten befragt: Datengrundlage, Fehltritte & Pl\u00e4ne.\",\"inLanguage\":\"de\",\"potentialAction\":[{\"@type\":\"ReadAction\",\"target\":[\"https:\/\/www.striped-giraffe.com\/de\/download-studie-b2b-commerce-2\/\"]}]},{\"@type\":\"WebSite\",\"@id\":\"https:\/\/www.striped-giraffe.com\/de\/#website\",\"url\":\"https:\/\/www.striped-giraffe.com\/de\/\",\"name\":\"Striped Giraffe\",\"description\":\"Ihr zuverl\u00e4ssiger Anbieter f\u00fcr digitale Enterprise-L\u00f6sungen\",\"publisher\":{\"@id\":\"https:\/\/www.striped-giraffe.com\/de\/#organization\"},\"potentialAction\":[{\"@type\":\"SearchAction\",\"target\":{\"@type\":\"EntryPoint\",\"urlTemplate\":\"https:\/\/www.striped-giraffe.com\/de\/?s={search_term_string}\"},\"query-input\":\"required name=search_term_string\"}],\"inLanguage\":\"de\"},{\"@type\":\"Organization\",\"@id\":\"https:\/\/www.striped-giraffe.com\/de\/#organization\",\"name\":\"Striped Giraffe\",\"url\":\"https:\/\/www.striped-giraffe.com\/de\/\",\"logo\":{\"@type\":\"ImageObject\",\"inLanguage\":\"de\",\"@id\":\"https:\/\/www.striped-giraffe.com\/de\/#\/schema\/logo\/image\/\",\"url\":\"https:\/\/www.striped-giraffe.com\/wp-content\/uploads\/2021\/01\/giraffe_white.svg\",\"contentUrl\":\"https:\/\/www.striped-giraffe.com\/wp-content\/uploads\/2021\/01\/giraffe_white.svg\",\"caption\":\"Striped Giraffe\"},\"image\":{\"@id\":\"https:\/\/www.striped-giraffe.com\/de\/#\/schema\/logo\/image\/\"}}]}<\/script>\n<!-- \/ Yoast SEO Premium plugin. -->","yoast_head_json":{"title":"Neue Studie: B2B Commerce \u2013 Digitalisierung richtig angehen","description":"In diesem 2. Teil der Studie wurden B2B-Unternehmen konkret zu Ihren Digitalisierungsprojekten befragt: Datengrundlage, Fehltritte & Pl\u00e4ne.","robots":{"index":"index","follow":"follow","max-snippet":"max-snippet:-1","max-image-preview":"max-image-preview:large","max-video-preview":"max-video-preview:-1"},"canonical":"https:\/\/www.striped-giraffe.com\/de\/download-studie-b2b-commerce-2\/","og_locale":"de_DE","og_type":"article","og_title":"Download IFH K\u00f6ln Studie 2023 B2B - Teil 2","og_description":"In diesem 2. Teil der Studie wurden B2B-Unternehmen konkret zu Ihren Digitalisierungsprojekten befragt: Datengrundlage, Fehltritte & Pl\u00e4ne.","og_url":"https:\/\/www.striped-giraffe.com\/de\/download-studie-b2b-commerce-2\/","og_site_name":"Striped Giraffe","article_modified_time":"2024-09-19T12:41:57+00:00","og_image":[{"width":1200,"height":900,"url":"https:\/\/www.striped-giraffe.com\/wp-content\/uploads\/2023\/04\/ECC-KOeLN-report-part-2-cover-e-book-DE.jpg","type":"image\/jpeg"}],"twitter_card":"summary_large_image","twitter_misc":{"Gesch\u00e4tzte Lesezeit":"3\u00a0Minuten"},"schema":{"@context":"https:\/\/schema.org","@graph":[{"@type":"WebPage","@id":"https:\/\/www.striped-giraffe.com\/de\/download-studie-b2b-commerce-2\/","url":"https:\/\/www.striped-giraffe.com\/de\/download-studie-b2b-commerce-2\/","name":"Neue Studie: B2B Commerce \u2013 Digitalisierung richtig angehen","isPartOf":{"@id":"https:\/\/www.striped-giraffe.com\/de\/#website"},"datePublished":"2023-04-05T11:40:16+00:00","dateModified":"2024-09-19T12:41:57+00:00","description":"In diesem 2. Teil der Studie wurden B2B-Unternehmen konkret zu Ihren Digitalisierungsprojekten befragt: Datengrundlage, Fehltritte & Pl\u00e4ne.","inLanguage":"de","potentialAction":[{"@type":"ReadAction","target":["https:\/\/www.striped-giraffe.com\/de\/download-studie-b2b-commerce-2\/"]}]},{"@type":"WebSite","@id":"https:\/\/www.striped-giraffe.com\/de\/#website","url":"https:\/\/www.striped-giraffe.com\/de\/","name":"Striped Giraffe","description":"Ihr zuverl\u00e4ssiger Anbieter f\u00fcr digitale Enterprise-L\u00f6sungen","publisher":{"@id":"https:\/\/www.striped-giraffe.com\/de\/#organization"},"potentialAction":[{"@type":"SearchAction","target":{"@type":"EntryPoint","urlTemplate":"https:\/\/www.striped-giraffe.com\/de\/?s={search_term_string}"},"query-input":"required name=search_term_string"}],"inLanguage":"de"},{"@type":"Organization","@id":"https:\/\/www.striped-giraffe.com\/de\/#organization","name":"Striped Giraffe","url":"https:\/\/www.striped-giraffe.com\/de\/","logo":{"@type":"ImageObject","inLanguage":"de","@id":"https:\/\/www.striped-giraffe.com\/de\/#\/schema\/logo\/image\/","url":"https:\/\/www.striped-giraffe.com\/wp-content\/uploads\/2021\/01\/giraffe_white.svg","contentUrl":"https:\/\/www.striped-giraffe.com\/wp-content\/uploads\/2021\/01\/giraffe_white.svg","caption":"Striped Giraffe"},"image":{"@id":"https:\/\/www.striped-giraffe.com\/de\/#\/schema\/logo\/image\/"}}]}},"_links":{"self":[{"href":"https:\/\/www.striped-giraffe.com\/de\/wp-json\/wp\/v2\/pages\/34006"}],"collection":[{"href":"https:\/\/www.striped-giraffe.com\/de\/wp-json\/wp\/v2\/pages"}],"about":[{"href":"https:\/\/www.striped-giraffe.com\/de\/wp-json\/wp\/v2\/types\/page"}],"author":[{"embeddable":true,"href":"https:\/\/www.striped-giraffe.com\/de\/wp-json\/wp\/v2\/users\/2"}],"replies":[{"embeddable":true,"href":"https:\/\/www.striped-giraffe.com\/de\/wp-json\/wp\/v2\/comments?post=34006"}],"version-history":[{"count":18,"href":"https:\/\/www.striped-giraffe.com\/de\/wp-json\/wp\/v2\/pages\/34006\/revisions"}],"predecessor-version":[{"id":37758,"href":"https:\/\/www.striped-giraffe.com\/de\/wp-json\/wp\/v2\/pages\/34006\/revisions\/37758"}],"wp:featuredmedia":[{"embeddable":true,"href":"https:\/\/www.striped-giraffe.com\/de\/wp-json\/wp\/v2\/media\/34019"}],"wp:attachment":[{"href":"https:\/\/www.striped-giraffe.com\/de\/wp-json\/wp\/v2\/media?parent=34006"}],"curies":[{"name":"wp","href":"https:\/\/api.w.org\/{rel}","templated":true}]}}