{"id":341,"date":"2020-12-15T08:55:54","date_gmt":"2020-12-15T07:55:54","guid":{"rendered":"https:\/\/relaunch.striped-giraffe.com\/?page_id=341"},"modified":"2024-10-24T16:49:50","modified_gmt":"2024-10-24T14:49:50","slug":"ueber-uns","status":"publish","type":"page","link":"https:\/\/www.striped-giraffe.com\/de\/ueber-uns\/","title":{"rendered":"\u00dcber uns"},"content":{"rendered":"<section class=\"wpb-content-wrapper\"><p>[vc_row css=&#8220;.vc_custom_1610033353639{padding-top: 100px !important;padding-bottom: 100px !important;}&#8220;][vc_column width=&#8220;1\/5&#8243;][\/vc_column][vc_column width=&#8220;3\/5&#8243;][vc_column_text]<\/p>\n<blockquote>\n<p style=\"text-align: center;\">Der Fokus bei unserer Bezeichnung &#8222;digital enterprise solution provider&#8220; liegt ganz klar auf dem Wort <strong>solution<\/strong>. Das gilt sowohl f\u00fcr unsere Kunden als auch unsere Mitarbeiter und Partner.<\/p>\n<\/blockquote>\n<p style=\"text-align: center;\"><strong>Gunnar Rohde<\/strong>, CEO und Gr\u00fcnder Striped Giraffe<\/p>\n<p>[\/vc_column_text][\/vc_column][vc_column width=&#8220;1\/5&#8243;][\/vc_column][\/vc_row][vc_row full_width=&#8220;stretch_row_content_no_spaces&#8220; css=&#8220;.vc_custom_1608019074331{margin-top: 60px !important;}&#8220;][vc_column][vc_column_text]<\/p>\n<div style=\"width: 1200px;\" class=\"wp-video\"><!--[if lt IE 9]><script>document.createElement('video');<\/script><![endif]-->\n<video class=\"wp-video-shortcode\" id=\"video-341-1\" width=\"1200\" height=\"675\" poster=\"https:\/\/www.striped-giraffe.com\/wp-content\/uploads\/2021\/01\/still_video.jpg\" preload=\"metadata\" controls=\"controls\"><source type=\"video\/mp4\" src=\"https:\/\/www.striped-giraffe.com\/wp-content\/uploads\/2021\/01\/Striped_Giraffe_DE.mp4?_=1\" \/><a href=\"https:\/\/www.striped-giraffe.com\/wp-content\/uploads\/2021\/01\/Striped_Giraffe_DE.mp4\">https:\/\/www.striped-giraffe.com\/wp-content\/uploads\/2021\/01\/Striped_Giraffe_DE.mp4<\/a><\/video><\/div>\n<p>[\/vc_column_text][\/vc_column][\/vc_row][vc_row gap=&#8220;35&#8243; css=&#8220;.vc_custom_1608020086099{margin-top: 120px !important;}&#8220;][vc_column width=&#8220;1\/2&#8243;][vc_column_text]<\/p>\n<h2 class=\"headline_superbig\">Leidenschaft<\/h2>\n<p><strong>Unser Herz schl\u00e4gt f\u00fcr digitale Projekte, die einen echten Mehrwert schaffen. Sie sollen unsere Kunden langfristig erfolgreicher machen und sie optimal auf die Herausforderungen von Morgen vorbereiten.<\/strong>[\/vc_column_text][\/vc_column][vc_column width=&#8220;1\/2&#8243;][vc_column_text]Der nachhaltige Erfolg unserer Kunden steht dabei immer im Fokus unseres Denkens und Handelns im Projekt. Wir verstehen uns als L\u00f6sungsanbieter f\u00fcr s\u00e4mtliche digitale Herausforderungen im Bereich E-Commerce und Data Management.<\/p>\n<p>Daf\u00fcr befassen wir uns intensiv mit den Bed\u00fcrfnissen unserer Kunden sowie ihren konkreten Zielen und werfen anschlie\u00dfend einen Blick \u00fcber den Tellerrand, um keine Insell\u00f6sung zu produzieren. Unser Leistungsangebot umfasst strategische <a href=\"https:\/\/www.striped-giraffe.com\/de\/leistungen\/it-beratung\/\">IT-Beratung<\/a>, <a href=\"https:\/\/www.striped-giraffe.com\/de\/leistungen\/projektmanagement\/\">Projektmanagement<\/a>, <a href=\"https:\/\/www.striped-giraffe.com\/de\/leistungen\/entwicklung\/\">Entwicklung<\/a>, <a href=\"https:\/\/www.striped-giraffe.com\/de\/leistungen\/qualitaetssicherung\/\">Qualit\u00e4tssicherung<\/a>, <a href=\"https:\/\/www.striped-giraffe.com\/de\/leistungen\/delivery-management\/\">Delivery Management<\/a> und <a href=\"https:\/\/www.striped-giraffe.com\/de\/leistungen\/ux-ui\/\">UI\/UX<\/a>.<\/p>\n<p><strong>Wir unterst\u00fctzen Sie:<\/strong> <span style=\"color: #ef6c00;\"><a style=\"color: #ef6c00;\" href=\"mailto:info@striped-giraffe.com\">info@striped-giraffe.com<\/a><\/span>[\/vc_column_text][vc_empty_space][vc_btn title=&#8220;LEISTUNGEN&#8220; link=&#8220;url:https%3A%2F%2Fwww.striped-giraffe.com%2Fleistungen%2F|title:Leistungen&#8220;][\/vc_column][\/vc_row][vc_row gap=&#8220;35&#8243; css=&#8220;.vc_custom_1608020086099{margin-top: 120px !important;}&#8220;][vc_column width=&#8220;1\/2&#8243;][vc_column_text]<\/p>\n<h2 class=\"headline_superbig\">Teamwork<\/h2>\n<p><strong>Zu uns geh\u00f6ren \u00fcber 100 ambitionierte und verantwortungsbewusste Experten aus den Bereichen IT, Sales, Marketing, HR und Verwaltung. <\/strong>[\/vc_column_text][\/vc_column][vc_column width=&#8220;1\/2&#8243;][vc_column_text]Jeder von ihnen arbeitet ergebnisorientiert und ist darauf bedacht, das gewisse Etwas in die digitalen Projekte unserer Kunden einzubringen. Dabei fungieren wir als eingespieltes Team, das s\u00e4mtliche Anforderungen abdecken kann. Neben den eingespielten Partnersystemen evaluieren wir permanent neue Technologien.<\/p>\n<p><strong>Werde Teil von Striped Giraffe:<\/strong> <a href=\"mailto:career@striped-giraffe.com\">career@striped-giraffe.com<\/a>[\/vc_column_text][vc_empty_space][vc_btn title=&#8220;KARRIERE&#8220; link=&#8220;url:https%3A%2F%2Fwww.striped-giraffe.com%2Fueber-uns%2Fkarriere%2F|title:Karriere&#8220;][\/vc_column][\/vc_row][vc_row gap=&#8220;35&#8243; css=&#8220;.vc_custom_1608020086099{margin-top: 120px !important;}&#8220;][vc_column width=&#8220;1\/2&#8243;][vc_column_text]<\/p>\n<h2 class=\"headline_superbig\">Neugierde<\/h2>\n<p><strong>Es ist uns wichtig, den Mehrwert eines Projekts f\u00fcr unsere Kunden zu verstehen. <\/strong>[\/vc_column_text][\/vc_column][vc_column width=&#8220;1\/2&#8243;][vc_column_text]Der zugrunde liegende ROI sollte allen Beteiligten im Projekt bewusst sein. Dabei kann dieser ganz unterschiedliche Aspekte abdecken. Nicht immer geht es dabei um die kurzfristige Steigerung des Umsatzes und die Erh\u00f6hung des Marktanteiles. Vielmehr sind wir darauf bedacht, unsere Kunden langfristig erfolgreicher zu machen und sie optimal auf die Herausforderungen von Morgen vorzubereiten. Der nachhaltige Erfolg unserer Kunden steht dabei immer im Fokus unseres Denkens und Handelns.<\/p>\n<p><strong>Wir unterst\u00fctzen Sie:<\/strong> <span style=\"color: #ef6c00;\"><a style=\"color: #ef6c00;\" href=\"mailto:experts@striped-giraffe.com\">experts@striped-giraffe.com<\/a><\/span>[\/vc_column_text][vc_empty_space][vc_btn title=&#8220;LEISTUNGEN&#8220; link=&#8220;url:https%3A%2F%2Fwww.striped-giraffe.com%2Fleistungen%2F|title:Leistungen&#8220;][\/vc_column][\/vc_row][vc_row gap=&#8220;35&#8243; css=&#8220;.vc_custom_1608020086099{margin-top: 120px !important;}&#8220;][vc_column width=&#8220;1\/2&#8243;][vc_column_text]<\/p>\n<h2 class=\"headline_superbig\">Qualit\u00e4t und Miteinander<\/h2>\n<p><strong>Zu unseren Kunden hegen wir langj\u00e4hrige Beziehungen. <\/strong>[\/vc_column_text][\/vc_column][vc_column width=&#8220;1\/2&#8243;][vc_column_text]Die direkte Kooperation mit unseren Kunden halten wir dabei f\u00fcr besonders wichtig. Im Gegensatz zur reinen Auftragsabwicklung entstehen dabei L\u00f6sungen, die perfekt zu den Prozessen des jeweiligen Unternehmens passen. Das sch\u00e4tzen unsere Kunden.<\/p>\n<p><b>Lassen Sie uns gemeinsam Erfolgsgeschichte schreiben: <\/b><a href=\"mailto:sales@striped-giraffe.com\">sales@striped-giraffe.com<\/a>[\/vc_column_text][vc_empty_space][vc_btn title=&#8220;REFERENZEN&#8220; link=&#8220;url:https%3A%2F%2Fwww.striped-giraffe.com%2Fueber-uns%2Freferenzen%2F|title:Referenzen&#8220;][\/vc_column][\/vc_row][vc_row css=&#8220;.vc_custom_1610456347581{margin-top: 60px !important;margin-bottom: 150px !important;}&#8220;][vc_column]<div class=\"templatera_shortcode\"><div class=\"vc_row wpb_row vc_row-fluid partnerlogos kunden\"><div class=\"wpb_column vc_column_container vc_col-sm-12\"><div class=\"vc_column-inner\"><div class=\"wpb_wrapper\">\n\t<div  class=\"wpb_single_image wpb_content_element vc_align_left   wide\">\n\t\t\n\t\t<figure class=\"wpb_wrapper vc_figure\">\n\t\t\t<div class=\"vc_single_image-wrapper   vc_box_border_grey\"><img decoding=\"async\" width=\"300\" height=\"295\" src=\"https:\/\/www.striped-giraffe.com\/wp-content\/uploads\/2023\/06\/Daiichi-Sankyo-300x295.png\" class=\"vc_single_image-img attachment-medium\" alt=\"Daiichi Sankyo-Logo\" title=\"Daiichi Sankyo\" srcset=\"https:\/\/www.striped-giraffe.com\/wp-content\/uploads\/2023\/06\/Daiichi-Sankyo-300x295.png 300w, https:\/\/www.striped-giraffe.com\/wp-content\/uploads\/2023\/06\/Daiichi-Sankyo-24x24.png 24w, https:\/\/www.striped-giraffe.com\/wp-content\/uploads\/2023\/06\/Daiichi-Sankyo-48x48.png 48w, https:\/\/www.striped-giraffe.com\/wp-content\/uploads\/2023\/06\/Daiichi-Sankyo.png 472w\" sizes=\"(max-width: 300px) 100vw, 300px\" \/><\/div>\n\t\t<\/figure>\n\t<\/div>\n\n\t<div  class=\"wpb_single_image wpb_content_element vc_align_left   wide\">\n\t\t\n\t\t<figure class=\"wpb_wrapper vc_figure\">\n\t\t\t<div class=\"vc_single_image-wrapper   vc_box_border_grey\"><img decoding=\"async\" width=\"202\" height=\"80\" src=\"https:\/\/www.striped-giraffe.com\/wp-content\/uploads\/2021\/01\/logo_hilti_kunden.jpg\" class=\"vc_single_image-img attachment-medium\" alt=\"\" title=\"logo_hilti_kunden\" \/><\/div>\n\t\t<\/figure>\n\t<\/div>\n\n\t<div  class=\"wpb_single_image wpb_content_element vc_align_left   wide\">\n\t\t\n\t\t<figure class=\"wpb_wrapper vc_figure\">\n\t\t\t<div class=\"vc_single_image-wrapper   vc_box_border_grey\"><img decoding=\"async\" width=\"196\" height=\"76\" src=\"https:\/\/www.striped-giraffe.com\/wp-content\/uploads\/2021\/01\/logo_keller.jpg\" class=\"vc_single_image-img attachment-medium\" alt=\"\" title=\"logo_keller\" \/><\/div>\n\t\t<\/figure>\n\t<\/div>\n\n\t<div  class=\"wpb_single_image wpb_content_element vc_align_left   wide\">\n\t\t\n\t\t<figure class=\"wpb_wrapper vc_figure\">\n\t\t\t<div class=\"vc_single_image-wrapper   vc_box_border_grey\"><img decoding=\"async\" width=\"300\" height=\"139\" src=\"https:\/\/www.striped-giraffe.com\/wp-content\/uploads\/2021\/01\/Blue-Logo_JPG_CMYK-300x139.png\" class=\"vc_single_image-img attachment-medium\" alt=\"Ferring\" title=\"Blue Logo_JPG_CMYK\" srcset=\"https:\/\/www.striped-giraffe.com\/wp-content\/uploads\/2021\/01\/Blue-Logo_JPG_CMYK-300x139.png 300w, https:\/\/www.striped-giraffe.com\/wp-content\/uploads\/2021\/01\/Blue-Logo_JPG_CMYK-1024x474.png 1024w, https:\/\/www.striped-giraffe.com\/wp-content\/uploads\/2021\/01\/Blue-Logo_JPG_CMYK-768x356.png 768w, https:\/\/www.striped-giraffe.com\/wp-content\/uploads\/2021\/01\/Blue-Logo_JPG_CMYK.png 1339w\" sizes=\"(max-width: 300px) 100vw, 300px\" \/><\/div>\n\t\t<\/figure>\n\t<\/div>\n\n\t<div  class=\"wpb_single_image wpb_content_element vc_align_left   wide\">\n\t\t\n\t\t<figure class=\"wpb_wrapper vc_figure\">\n\t\t\t<div class=\"vc_single_image-wrapper   vc_box_border_grey\"><img decoding=\"async\" width=\"300\" height=\"105\" src=\"https:\/\/www.striped-giraffe.com\/wp-content\/uploads\/2023\/10\/Takkt_logo_neu-300x105.png\" class=\"vc_single_image-img attachment-medium\" alt=\"TAKKT-Logo\" title=\"Takkt_logo_neu\" srcset=\"https:\/\/www.striped-giraffe.com\/wp-content\/uploads\/2023\/10\/Takkt_logo_neu-300x105.png 300w, https:\/\/www.striped-giraffe.com\/wp-content\/uploads\/2023\/10\/Takkt_logo_neu-1024x357.png 1024w, https:\/\/www.striped-giraffe.com\/wp-content\/uploads\/2023\/10\/Takkt_logo_neu-768x268.png 768w, https:\/\/www.striped-giraffe.com\/wp-content\/uploads\/2023\/10\/Takkt_logo_neu-1536x536.png 1536w, https:\/\/www.striped-giraffe.com\/wp-content\/uploads\/2023\/10\/Takkt_logo_neu.png 1920w\" sizes=\"(max-width: 300px) 100vw, 300px\" \/><\/div>\n\t\t<\/figure>\n\t<\/div>\n\n\t<div  class=\"wpb_single_image wpb_content_element vc_align_left   wide\">\n\t\t\n\t\t<figure class=\"wpb_wrapper vc_figure\">\n\t\t\t<div class=\"vc_single_image-wrapper   vc_box_border_grey\"><img decoding=\"async\" width=\"218\" height=\"73\" src=\"https:\/\/www.striped-giraffe.com\/wp-content\/uploads\/2021\/01\/logo_merck.jpg\" class=\"vc_single_image-img attachment-medium\" alt=\"\" title=\"logo_merck\" \/><\/div>\n\t\t<\/figure>\n\t<\/div>\n\n\t<div  class=\"wpb_single_image wpb_content_element vc_align_left   wide\">\n\t\t\n\t\t<figure class=\"wpb_wrapper vc_figure\">\n\t\t\t<div class=\"vc_single_image-wrapper   vc_box_border_grey\"><img decoding=\"async\" width=\"206\" height=\"67\" src=\"https:\/\/www.striped-giraffe.com\/wp-content\/uploads\/2021\/01\/logo_ratioform_kunden.jpg\" class=\"vc_single_image-img attachment-medium\" alt=\"\" title=\"logo_ratioform_kunden\" \/><\/div>\n\t\t<\/figure>\n\t<\/div>\n\n\t<div  class=\"wpb_single_image wpb_content_element vc_align_left   wide\">\n\t\t\n\t\t<figure class=\"wpb_wrapper vc_figure\">\n\t\t\t<div class=\"vc_single_image-wrapper   vc_box_border_grey\"><img decoding=\"async\" width=\"176\" height=\"83\" src=\"https:\/\/www.striped-giraffe.com\/wp-content\/uploads\/2021\/01\/logo_sap_kunden.jpg\" class=\"vc_single_image-img attachment-medium\" alt=\"\" title=\"logo_sap_kunden\" \/><\/div>\n\t\t<\/figure>\n\t<\/div>\n\n\t<div  class=\"wpb_single_image wpb_content_element vc_align_left   wide\">\n\t\t\n\t\t<figure class=\"wpb_wrapper vc_figure\">\n\t\t\t<div class=\"vc_single_image-wrapper   vc_box_border_grey\"><img decoding=\"async\" width=\"300\" height=\"68\" src=\"https:\/\/www.striped-giraffe.com\/wp-content\/uploads\/2023\/10\/kaiserkraft_neu-300x68.png\" class=\"vc_single_image-img attachment-medium\" alt=\"Kaiser+Kraft, TAKKT\" title=\"kaiserkraft_neu\" srcset=\"https:\/\/www.striped-giraffe.com\/wp-content\/uploads\/2023\/10\/kaiserkraft_neu-300x68.png 300w, https:\/\/www.striped-giraffe.com\/wp-content\/uploads\/2023\/10\/kaiserkraft_neu.png 469w\" sizes=\"(max-width: 300px) 100vw, 300px\" \/><\/div>\n\t\t<\/figure>\n\t<\/div>\n\n\t<div  class=\"wpb_single_image wpb_content_element vc_align_left   wide\">\n\t\t\n\t\t<figure class=\"wpb_wrapper vc_figure\">\n\t\t\t<div class=\"vc_single_image-wrapper   vc_box_border_grey\"><img decoding=\"async\" width=\"205\" height=\"68\" src=\"https:\/\/www.striped-giraffe.com\/wp-content\/uploads\/2021\/01\/logo_dhl.jpg\" class=\"vc_single_image-img attachment-medium\" alt=\"\" title=\"logo_dhl\" \/><\/div>\n\t\t<\/figure>\n\t<\/div>\n\n\t<div  class=\"wpb_single_image wpb_content_element vc_align_left   wide\">\n\t\t\n\t\t<figure class=\"wpb_wrapper vc_figure\">\n\t\t\t<div class=\"vc_single_image-wrapper   vc_box_border_grey\"><img decoding=\"async\" width=\"193\" height=\"72\" src=\"https:\/\/www.striped-giraffe.com\/wp-content\/uploads\/2021\/01\/logo_kurz.jpg\" class=\"vc_single_image-img attachment-medium\" alt=\"\" title=\"logo_kurz\" \/><\/div>\n\t\t<\/figure>\n\t<\/div>\n\n\t<div  class=\"wpb_single_image wpb_content_element vc_align_left   wide\">\n\t\t\n\t\t<figure class=\"wpb_wrapper vc_figure\">\n\t\t\t<div class=\"vc_single_image-wrapper   vc_box_border_grey\"><img decoding=\"async\" width=\"186\" height=\"87\" src=\"https:\/\/www.striped-giraffe.com\/wp-content\/uploads\/2021\/01\/logo_ktm.jpg\" class=\"vc_single_image-img attachment-medium\" alt=\"\" title=\"logo_ktm\" \/><\/div>\n\t\t<\/figure>\n\t<\/div>\n\n\t<div  class=\"wpb_single_image wpb_content_element vc_align_left   wide\">\n\t\t\n\t\t<figure class=\"wpb_wrapper vc_figure\">\n\t\t\t<div class=\"vc_single_image-wrapper   vc_box_border_grey\"><img decoding=\"async\" width=\"1\" height=\"1\" src=\"https:\/\/www.striped-giraffe.com\/wp-content\/uploads\/2021\/01\/vorwerk-1.svg\" class=\"vc_single_image-img attachment-medium\" alt=\"Vorwerk\" title=\"vorwerk-logo\" \/><\/div>\n\t\t<\/figure>\n\t<\/div>\n\n\t<div  class=\"wpb_single_image wpb_content_element vc_align_left   wide\">\n\t\t\n\t\t<figure class=\"wpb_wrapper vc_figure\">\n\t\t\t<div class=\"vc_single_image-wrapper   vc_box_border_grey\"><img decoding=\"async\" width=\"236\" height=\"80\" src=\"https:\/\/www.striped-giraffe.com\/wp-content\/uploads\/2021\/01\/Kundenlogos_und_mehr-1.jpg\" class=\"vc_single_image-img attachment-medium\" alt=\"noch mehr Kundenlogos\" title=\"Kundenlogos_und_mehr\" \/><\/div>\n\t\t<\/figure>\n\t<\/div>\n<\/div><\/div><\/div><\/div><\/div>[\/vc_column][\/vc_row][vc_row full_width=&#8220;stretch_row&#8220; el_class=&#8220;closetotop&#8220; css=&#8220;.vc_custom_1610456363340{margin-top: 100px !important;margin-bottom: 0px !important;padding-top: 260px !important;padding-bottom: 160px !important;background-image: url(https:\/\/www.striped-giraffe.com\/wp-content\/uploads\/2020\/12\/contact_bckgnd_dark.jpg?id=319) !important;background-position: center !important;background-repeat: no-repeat !important;background-size: cover !important;}&#8220;][vc_column][vc_column_text]<\/p>\n<h1 class=\"headline_superbig\" style=\"text-align: center;\"><span style=\"color: #ffffff;\">KONTAKTIEREN SIE UNS.<\/span><\/h1>\n<h3 style=\"text-align: center;\"><span style=\"color: #ffffff;\">Striped Giraffe Innovation &amp; Strategy<\/span><br \/>\n<span style=\"color: #ffffff;\">Lenbachplatz 3 I 80333 M\u00fcnchen<\/span><\/h3>\n<h3 style=\"text-align: center;\"><strong><span style=\"color: #ef6c00;\"><a style=\"color: #ef6c00;\" href=\"mailto:info@striped-giraffe.com\">info@striped-giraffe.com<\/a><\/span><\/strong><br \/>\n<strong><span style=\"color: #ffffff;\">+49 (0)89-416 126-660<\/span><\/strong><\/h3>\n<p>[\/vc_column_text][vc_row_inner gap=&#8220;35&#8243; css=&#8220;.vc_custom_1609932111067{margin-top: 100px !important;}&#8220;][vc_column_inner width=&#8220;1\/3&#8243;][vc_column_text]<\/p>\n<p style=\"text-align: center;\"><strong><span style=\"color: #ffffff;\">Unser Business Development-Team<\/span><\/strong><br \/>\n<a href=\"mailto:sales@striped-giraffe.com\"><strong><span style=\"color: #ef6c00;\">sales@striped-giraffe.com<\/span><\/strong><\/a><\/p>\n<p>[\/vc_column_text][\/vc_column_inner][vc_column_inner width=&#8220;1\/3&#8243;][vc_column_text]<\/p>\n<p style=\"text-align: center;\"><strong><span style=\"color: #ffffff;\">Unser Marketing-Team<\/span><\/strong><br \/>\n<a href=\"mailto:marketing@striped-giraffe.com\"><strong><span style=\"color: #ef6c00;\">marketing@striped-giraffe.com<\/span><\/strong><\/a><\/p>\n<p>[\/vc_column_text][\/vc_column_inner][vc_column_inner width=&#8220;1\/3&#8243;][vc_column_text]<\/p>\n<p style=\"text-align: center;\"><strong><span style=\"color: #ffffff;\">Unser HR-Team<\/span><\/strong><br \/>\n<a href=\"mailto:career@striped-giraffe.com\"><strong><span style=\"color: #ef6c00;\">career@striped-giraffe.com<\/span><\/strong><\/a><\/p>\n<p>[\/vc_column_text][\/vc_column_inner][\/vc_row_inner][\/vc_column][\/vc_row][vc_row full_width=&#8220;stretch_row&#8220; css=&#8220;.vc_custom_1609932168584{padding-top: 200px !important;padding-bottom: 100px !important;background-color: #000000 !important;}&#8220;][vc_column][vc_column_text]<\/p>\n<h1 style=\"text-align: center;\"><span style=\"color: #ffffff;\">Folgen Sie uns.<\/span><\/h1>\n<p>[\/vc_column_text]<div class=\" uavc-icons-center uavc-icons \">\n<a class=\"aio-tooltip 6a035b689fdc1\" href=\"https:\/\/www.linkedin.com\/company\/striped-giraffe-innovation-&-strategy-gmbh\/?viewAsMember=true\" target=\"_blank\" rel=\"noopener\"  data-toggle=\"tooltip\" data-placement=\"\" title=\"\"><div class=\"aio-icon  \" data-animation=\"\" data-animation-delay=\"03\" style=\"color:#ffffff;font-size:30px;margin-right:5px;\">\n\t<i class=\"Defaults-linkedin\"><\/i>\n<\/div><\/a>\n<a class=\"aio-tooltip 6a035b689fdf2\" href=\"https:\/\/www.youtube.com\/@stripedgiraffe\" target=\"_blank\" rel=\"noopener\"  data-toggle=\"tooltip\" data-placement=\"\" title=\"\"><div class=\"aio-icon  \" data-animation=\"\" data-animation-delay=\"03\" style=\"color:#ffffff;font-size:30px;margin-right:5px;\">\n\t<i class=\"Defaults-youtube-play\"><\/i>\n<\/div><\/a>\n<a class=\"aio-tooltip 6a035b689fe1a\" href=\"https:\/\/www.facebook.com\/striped.giraffe.innovation.and.strategy\" target=\"_blank\" rel=\"noopener\"  data-toggle=\"tooltip\" data-placement=\"\" title=\"\"><div class=\"aio-icon  \" data-animation=\"\" data-animation-delay=\"03\" style=\"color:#ffffff;font-size:30px;margin-right:3px;\">\n\t<i class=\"Defaults-facebook facebook-f\"><\/i>\n<\/div><\/a>\n<a class=\"aio-tooltip 6a035b689fe40\" href=\"https:\/\/www.instagram.com\/Striped_Giraffe_Insights\/\" target=\"_blank\" rel=\"noopener\"  data-toggle=\"tooltip\" data-placement=\"\" title=\"\"><div class=\"aio-icon  \" data-animation=\"\" data-animation-delay=\"03\" style=\"color:#ffffff;font-size:30px;margin-right:5px;\">\n\t<i class=\"Defaults-instagram\"><\/i>\n<\/div><\/a><\/div>[\/vc_column][\/vc_row]<\/p>\n<\/section>","protected":false},"excerpt":{"rendered":"Der Fokus bei unserer Bezeichnung \"digital enterprise solution provider\" liegt ganz klar auf dem Wort solution. Das gilt sowohl f\u00fcr [...]","protected":false},"author":1,"featured_media":0,"parent":0,"menu_order":0,"comment_status":"closed","ping_status":"closed","template":"","meta":{"footnotes":""},"acf":[],"yoast_head":"<!-- This site is optimized with the Yoast SEO Premium plugin v20.5 (Yoast SEO v20.5) - https:\/\/yoast.com\/wordpress\/plugins\/seo\/ -->\n<title>\u00dcber uns - Striped Giraffe<\/title>\n<meta name=\"robots\" content=\"index, follow, max-snippet:-1, max-image-preview:large, max-video-preview:-1\" \/>\n<link rel=\"canonical\" href=\"https:\/\/www.striped-giraffe.com\/de\/ueber-uns\/\" \/>\n<meta property=\"og:locale\" content=\"de_DE\" \/>\n<meta property=\"og:type\" content=\"article\" \/>\n<meta property=\"og:title\" content=\"\u00dcber uns\" \/>\n<meta property=\"og:url\" content=\"https:\/\/www.striped-giraffe.com\/de\/ueber-uns\/\" \/>\n<meta property=\"og:site_name\" content=\"Striped Giraffe\" \/>\n<meta property=\"article:modified_time\" content=\"2024-10-24T14:49:50+00:00\" \/>\n<meta name=\"twitter:card\" content=\"summary_large_image\" \/>\n<meta name=\"twitter:label1\" content=\"Gesch\u00e4tzte Lesezeit\" \/>\n\t<meta name=\"twitter:data1\" content=\"3\u00a0Minuten\" \/>\n<script type=\"application\/ld+json\" class=\"yoast-schema-graph\">{\"@context\":\"https:\/\/schema.org\",\"@graph\":[{\"@type\":\"WebPage\",\"@id\":\"https:\/\/www.striped-giraffe.com\/de\/ueber-uns\/\",\"url\":\"https:\/\/www.striped-giraffe.com\/de\/ueber-uns\/\",\"name\":\"\u00dcber uns - Striped Giraffe\",\"isPartOf\":{\"@id\":\"https:\/\/www.striped-giraffe.com\/de\/#website\"},\"datePublished\":\"2020-12-15T07:55:54+00:00\",\"dateModified\":\"2024-10-24T14:49:50+00:00\",\"inLanguage\":\"de\",\"potentialAction\":[{\"@type\":\"ReadAction\",\"target\":[\"https:\/\/www.striped-giraffe.com\/de\/ueber-uns\/\"]}]},{\"@type\":\"WebSite\",\"@id\":\"https:\/\/www.striped-giraffe.com\/de\/#website\",\"url\":\"https:\/\/www.striped-giraffe.com\/de\/\",\"name\":\"Striped Giraffe\",\"description\":\"Ihr zuverl\u00e4ssiger Anbieter f\u00fcr digitale Enterprise-L\u00f6sungen\",\"publisher\":{\"@id\":\"https:\/\/www.striped-giraffe.com\/de\/#organization\"},\"potentialAction\":[{\"@type\":\"SearchAction\",\"target\":{\"@type\":\"EntryPoint\",\"urlTemplate\":\"https:\/\/www.striped-giraffe.com\/de\/?s={search_term_string}\"},\"query-input\":\"required name=search_term_string\"}],\"inLanguage\":\"de\"},{\"@type\":\"Organization\",\"@id\":\"https:\/\/www.striped-giraffe.com\/de\/#organization\",\"name\":\"Striped Giraffe\",\"url\":\"https:\/\/www.striped-giraffe.com\/de\/\",\"logo\":{\"@type\":\"ImageObject\",\"inLanguage\":\"de\",\"@id\":\"https:\/\/www.striped-giraffe.com\/de\/#\/schema\/logo\/image\/\",\"url\":\"https:\/\/www.striped-giraffe.com\/wp-content\/uploads\/2021\/01\/giraffe_white.svg\",\"contentUrl\":\"https:\/\/www.striped-giraffe.com\/wp-content\/uploads\/2021\/01\/giraffe_white.svg\",\"caption\":\"Striped Giraffe\"},\"image\":{\"@id\":\"https:\/\/www.striped-giraffe.com\/de\/#\/schema\/logo\/image\/\"}}]}<\/script>\n<!-- \/ Yoast SEO Premium plugin. -->","yoast_head_json":{"title":"\u00dcber uns - Striped Giraffe","robots":{"index":"index","follow":"follow","max-snippet":"max-snippet:-1","max-image-preview":"max-image-preview:large","max-video-preview":"max-video-preview:-1"},"canonical":"https:\/\/www.striped-giraffe.com\/de\/ueber-uns\/","og_locale":"de_DE","og_type":"article","og_title":"\u00dcber uns","og_url":"https:\/\/www.striped-giraffe.com\/de\/ueber-uns\/","og_site_name":"Striped Giraffe","article_modified_time":"2024-10-24T14:49:50+00:00","twitter_card":"summary_large_image","twitter_misc":{"Gesch\u00e4tzte Lesezeit":"3\u00a0Minuten"},"schema":{"@context":"https:\/\/schema.org","@graph":[{"@type":"WebPage","@id":"https:\/\/www.striped-giraffe.com\/de\/ueber-uns\/","url":"https:\/\/www.striped-giraffe.com\/de\/ueber-uns\/","name":"\u00dcber uns - Striped Giraffe","isPartOf":{"@id":"https:\/\/www.striped-giraffe.com\/de\/#website"},"datePublished":"2020-12-15T07:55:54+00:00","dateModified":"2024-10-24T14:49:50+00:00","inLanguage":"de","potentialAction":[{"@type":"ReadAction","target":["https:\/\/www.striped-giraffe.com\/de\/ueber-uns\/"]}]},{"@type":"WebSite","@id":"https:\/\/www.striped-giraffe.com\/de\/#website","url":"https:\/\/www.striped-giraffe.com\/de\/","name":"Striped Giraffe","description":"Ihr zuverl\u00e4ssiger Anbieter f\u00fcr digitale Enterprise-L\u00f6sungen","publisher":{"@id":"https:\/\/www.striped-giraffe.com\/de\/#organization"},"potentialAction":[{"@type":"SearchAction","target":{"@type":"EntryPoint","urlTemplate":"https:\/\/www.striped-giraffe.com\/de\/?s={search_term_string}"},"query-input":"required name=search_term_string"}],"inLanguage":"de"},{"@type":"Organization","@id":"https:\/\/www.striped-giraffe.com\/de\/#organization","name":"Striped Giraffe","url":"https:\/\/www.striped-giraffe.com\/de\/","logo":{"@type":"ImageObject","inLanguage":"de","@id":"https:\/\/www.striped-giraffe.com\/de\/#\/schema\/logo\/image\/","url":"https:\/\/www.striped-giraffe.com\/wp-content\/uploads\/2021\/01\/giraffe_white.svg","contentUrl":"https:\/\/www.striped-giraffe.com\/wp-content\/uploads\/2021\/01\/giraffe_white.svg","caption":"Striped Giraffe"},"image":{"@id":"https:\/\/www.striped-giraffe.com\/de\/#\/schema\/logo\/image\/"}}]}},"_links":{"self":[{"href":"https:\/\/www.striped-giraffe.com\/de\/wp-json\/wp\/v2\/pages\/341"}],"collection":[{"href":"https:\/\/www.striped-giraffe.com\/de\/wp-json\/wp\/v2\/pages"}],"about":[{"href":"https:\/\/www.striped-giraffe.com\/de\/wp-json\/wp\/v2\/types\/page"}],"author":[{"embeddable":true,"href":"https:\/\/www.striped-giraffe.com\/de\/wp-json\/wp\/v2\/users\/1"}],"replies":[{"embeddable":true,"href":"https:\/\/www.striped-giraffe.com\/de\/wp-json\/wp\/v2\/comments?post=341"}],"version-history":[{"count":46,"href":"https:\/\/www.striped-giraffe.com\/de\/wp-json\/wp\/v2\/pages\/341\/revisions"}],"predecessor-version":[{"id":38284,"href":"https:\/\/www.striped-giraffe.com\/de\/wp-json\/wp\/v2\/pages\/341\/revisions\/38284"}],"wp:attachment":[{"href":"https:\/\/www.striped-giraffe.com\/de\/wp-json\/wp\/v2\/media?parent=341"}],"curies":[{"name":"wp","href":"https:\/\/api.w.org\/{rel}","templated":true}]}}