{"id":34279,"date":"2023-05-25T15:11:17","date_gmt":"2023-05-25T13:11:17","guid":{"rendered":"https:\/\/www.striped-giraffe.com\/expertise\/collaboration-copy\/"},"modified":"2026-04-27T18:21:49","modified_gmt":"2026-04-27T16:21:49","slug":"agil","status":"publish","type":"page","link":"https:\/\/www.striped-giraffe.com\/de\/collaboration\/agil\/","title":{"rendered":"Agil"},"content":{"rendered":"<section class=\"wpb-content-wrapper\"><p>[vc_row full_width=&#8220;stretch_row&#8220; full_height=&#8220;yes&#8220; css_animation=&#8220;none&#8220; bg_type=&#8220;image&#8220; parallax_style=&#8220;vcpb-default&#8220; bg_image_new=&#8220;id^34282|url^https:\/\/www.striped-giraffe.com\/wp-content\/uploads\/2023\/05\/Header_Agile.jpg|caption^Agile|alt^Agile|title^Agile|description^Agile&#8220; css=&#8220;.vc_custom_1685025555855{margin-bottom: 100px !important;background-position: center !important;background-repeat: no-repeat !important;background-size: cover !important;}&#8220;][vc_column css_animation=&#8220;slideInUp&#8220;][vc_column_text]<\/p>\n<h1 style=\"text-align: left;\"><span style=\"color: #ffffff;\">Agile<\/span><\/h1>\n<p>[\/vc_column_text][\/vc_column][\/vc_row][vc_row el_class=&#8220;closetotop&#8220; css=&#8220;.vc_custom_1685026595805{margin-top: -220px !important;margin-bottom: 100px !important;padding-top: 50px !important;padding-bottom: 50px !important;background-color: #ffffff !important;}&#8220;][vc_column][vc_column_text css=&#8220;.vc_custom_1685021176204{padding-bottom: 50px !important;}&#8220;]<\/p>\n<h2 class=\"headline_introduction\" style=\"text-align: center;\">&#8222;Agile&#8220; begann mit gro\u00dfen Versprechungen zur Verbesserung der Softwareentwicklung.<\/h2>\n<p>[\/vc_column_text][vc_separator color=&#8220;black&#8220; border_width=&#8220;5&#8243; el_width=&#8220;10&#8243;][\/vc_column][\/vc_row][vc_row gap=&#8220;35&#8243; css=&#8220;.vc_custom_1685026036384{margin-top: 100px !important;margin-bottom: 50px !important;margin-left: 0px !important;}&#8220; el_class=&#8220;closetotop&#8220;][vc_column width=&#8220;1\/3&#8243;][vc_column_text]<\/p>\n<h2 class=\"headline_superbig\">Gro\u00dfe<br \/>\nVer-<br \/>\nsprechungen<\/h2>\n<p>[\/vc_column_text][\/vc_column][vc_column width=&#8220;2\/3&#8243; css=&#8220;.vc_custom_1611249278937{padding-left: 0px !important;}&#8220;][vc_column_text]&#8220;Agile&#8220; begann mit gro\u00dfen Versprechungen zur Verbesserung der Softwareentwicklung. Das Versprechen war so gro\u00df, dass sehr bald damit begonnen wurde, den Rest der Unternehmensorganisation au\u00dferhalb der IT mit agilen Ans\u00e4tzen zu revolutionieren. Ob dies die kl\u00fcgste Idee war, dar\u00fcber l\u00e4sst sich streiten. In jedem Fall ist es wichtig, dass man sich dar\u00fcber im Klaren ist, wie man &#8222;Agile&#8220; richtig einsetzt, um die versprochenen Verbesserungen zu erzielen.[\/vc_column_text][\/vc_column][\/vc_row][vc_row gap=&#8220;35&#8243; css=&#8220;.vc_custom_1685022695711{margin-top: 50px !important;margin-bottom: 50px !important;}&#8220; el_class=&#8220;closetotop&#8220;][vc_column width=&#8220;1\/3&#8243;][\/vc_column][vc_column width=&#8220;2\/3&#8243; css=&#8220;.vc_custom_1611249278937{padding-left: 0px !important;}&#8220;][vc_column_text]<\/p>\n<h2 class=\"headline_introduction\">Transparenz<\/h2>\n<p>Eines der gr\u00f6\u00dften Probleme bei Wasserfallprojekten war der Mangel an Transparenz. Agile wollte diese auf zwei Arten schaffen: kurze Iterationszyklen und offene Kommunikation.<\/p>\n<p><span style=\"color: #ef6c00;\">Kurze Iterationszyklen<\/span> in der Entwicklung und die Bereitstellung von iterativ entwickelten Inkrementen erm\u00f6glichen den Fachabteilungen ein kontinuierliches Feedback \u00fcber den aktuellen Stand. Dies erh\u00f6ht die Akzeptanz des entstehenden Softwareprodukts im jeweiligen Unternehmen erheblich. Dar\u00fcber hinaus motiviert die Einbindung der Fachbereiche das Entwicklungsteam. \u00c4nderungen, auch wenn sie von der urspr\u00fcnglichen Intention abweichen, k\u00f6nnen schnell umgesetzt werden. Au\u00dferdem kann das Unternehmen eventuelle Kostensteigerungen in der Regel unkompliziert nachvollziehen.<\/p>\n<p>Eine <span style=\"color: #ef6c00;\">offene Kommunikation<\/span> w\u00e4hrend der Softwareentwicklung ist sehr wichtig. Zum einen k\u00f6nnen die einbezogenen Nutzer ihr Feedback geben, was zur Optimierung des Produkts beitr\u00e4gt. Andererseits hilft eine offene Kommunikation unter und mit den Entwicklern, zu verstehen, wof\u00fcr sie arbeiten.<\/p>\n<p>Dies kann durch &#8222;Daily Scrum&#8220;, &#8222;Sprint Planning&#8220; und \/ oder &#8222;Grooming Sessions&#8220;, Retrospektiven und einige mehr erreicht werden. Bei all diesen Ma\u00dfnahmen sprechen die Entwickler miteinander und manchmal auch mit den Beteiligten. Einige dieser Treffen sind sehr effizient und halten das Team motiviert. Andere haben das Potenzial, zu viel Zeit zu verbrauchen, was die Effizienz verringert, und sie k\u00f6nnen ziemlich demotivierend sein. Jedes Unternehmen muss die Kommunikationsmethode finden, die am besten zu ihm passt. Eines ist jedoch sicher: Die Zahl der Sitzungen sollte auf ein Minimum beschr\u00e4nkt werden.[\/vc_column_text][\/vc_column][\/vc_row][vc_row gap=&#8220;35&#8243; css=&#8220;.vc_custom_1685022675262{margin-top: 50px !important;margin-bottom: 50px !important;}&#8220; el_class=&#8220;closetotop&#8220;][vc_column width=&#8220;1\/3&#8243;][\/vc_column][vc_column width=&#8220;2\/3&#8243; css=&#8220;.vc_custom_1611249278937{padding-left: 0px !important;}&#8220;][vc_column_text]<\/p>\n<h2 class=\"headline_introduction\">Kostenreduzierung<\/h2>\n<p>Eines der gro\u00dfen Versprechen ist die Kostenreduzierung, die mit einem agilen Ansatz wie &#8222;Scrum&#8220; einhergeht.<\/p>\n<p>Die Idee ist, dass k\u00fcrzere Release-Zyklen zu fr\u00fchem Feedback und damit zu fr\u00fcheren \u00c4nderungen f\u00fchren, die verhindern, dass sich ein Software-Team zu lange in die falsche Richtung bewegt und \u00c4nderungen erst sehr sp\u00e4t und oft mit gro\u00dfem Aufwand umsetzt. Das k\u00f6nnen wir aus Erfahrung unterschreiben, und es ist auch nachvollziehbar.[\/vc_column_text][\/vc_column][\/vc_row][vc_row gap=&#8220;35&#8243; css=&#8220;.vc_custom_1685024414243{margin-top: 50px !important;margin-bottom: 50px !important;}&#8220; el_class=&#8220;closetotop&#8220;][vc_column width=&#8220;1\/3&#8243;][\/vc_column][vc_column width=&#8220;2\/3&#8243; css=&#8220;.vc_custom_1611249278937{padding-left: 0px !important;}&#8220;][vc_column_text]<\/p>\n<h2 class=\"headline_introduction\">Schnellere Time to Market<\/h2>\n<p>Agile Ans\u00e4tze beschleunigen die Markteinf\u00fchrung von Softwareprodukten erheblich. Die wichtigsten Faktoren sind die kurzen Iterationszyklen, die es den Entwicklungsteams erm\u00f6glichen, auf \u00c4nderungsw\u00fcnsche fast in Echtzeit zu reagieren.<\/p>\n<p>Die Idee, durch kontinuierliche Kommunikation innerhalb der Teams, zwischen den Teams und zwischen IT und Unternehmen Transparenz zu schaffen, ist ebenfalls ein leistungsf\u00e4higes Instrument, um passgenaue Software schneller zu entwickeln. Allerdings sollte darauf geachtet werden, dass die Anzahl der Sitzungen f\u00fcr alle Beteiligten begrenzt wird, um Produktivit\u00e4tsverluste zu vermeiden. Manche agilen Projekte verlieren sich einfach in endlosen Diskussionen und Meetings, die die Effizienz und Produktivit\u00e4t um der endlosen Diskussionen willen opfern. Am Ende kann man in eine Situation geraten, in der agile Projekte sogar noch langsamer sind, als es Wasserf\u00e4lle jemals waren.[\/vc_column_text][\/vc_column][\/vc_row][vc_row gap=&#8220;35&#8243; css=&#8220;.vc_custom_1685022732669{margin-bottom: 50px !important;}&#8220;][vc_column width=&#8220;1\/3&#8243;][vc_column_text]<\/p>\n<h2 class=\"headline_superbig\">Unser Ansatz<\/h2>\n<p>[\/vc_column_text][\/vc_column][vc_column width=&#8220;2\/3&#8243; css=&#8220;.vc_custom_1611249278937{padding-left: 0px !important;}&#8220;][vc_column_text]Wir lieben agile Ans\u00e4tze in Softwareprojekten. Dennoch haben wir beobachtet, dass ein statischer Ansatz mit strikter Einhaltung von Ritualen und agilen Regeln die Motivation und Geschwindigkeit der Teams schw\u00e4chen kann. F\u00fcr uns sind t\u00e4gliche Scrums und Reviews die wichtigsten Werkzeuge in einer agilen Umgebung.<\/p>\n<p>Bei der Planung und den Retrospektiven bevorzugen wir definitiv ein anderes, manchmal sehr flexibles Modell als die reine Doktrin. Agil beginnt f\u00fcr uns im Kopf, flexibel zu sein, die Scrum-Prozesse variabel zu interpretieren und auf keinen Fall stur nach Buch vorzugehen.<\/p>\n<p>Wir alle haben einen gro\u00dfen Werkzeugkoffer voller agiler Optionen, um die Durchf\u00fchrung in Projekten und Strukturen so zu gestalten, wie es f\u00fcr das Projekt und die daran arbeitenden Menschen am besten passt. Da jeder Kunde und seine F\u00e4higkeiten ein wenig anders sind, ist auch jedes Setup f\u00fcr ein agiles Projekt anders.<\/p>\n<p>Unser Vorschlag: Einigen Sie sich zu Beginn gemeinsam mit allen Beteiligten auf ein Vorgehen und setzen Sie Verbesserungen gemeinsam Sprint f\u00fcr Sprint um. Nach ein paar Sprints ergibt sich automatisch eine zunehmend optimierte Vorgehensweise f\u00fcr den Rest des Projekts.<\/p>\n<p>Nichtsdestotrotz gibt es einige Indikatoren, die immer die Produktivit\u00e4t und Zufriedenheit erh\u00f6hen und als Leitfaden dienen sollten. Zun\u00e4chst einmal die Eind\u00e4mmung der Flut von Meetings. Um es als neue Regel etwas provokativ auszudr\u00fccken: Begrenzen Sie die Besprechungen f\u00fcr Entwickler auf 1-1,5 Stunden pro Tag, vorzugsweise am Morgen. Aber das ist nur eine Idee, und wie bereits erw\u00e4hnt, muss jedes Projekt seine beste &#8222;agile&#8220; Vorgehensweise finden.[\/vc_column_text][\/vc_column][\/vc_row][vc_row css=&#8220;.vc_custom_1756375975983{margin-bottom: 100px !important;}&#8220;][vc_column width=&#8220;1\/3&#8243;][\/vc_column][vc_column width=&#8220;2\/3&#8243;][vc_column_text]<\/p>\n<h3>Scrum gone wild!<\/h3>\n<p>Scrum oder Slapstick? Wenn Agile auf den Realit\u00e4tstest trifft\u2026 dieses Video zeigt, dass nicht alles nach Lehrbuch l\u00e4uft. \ud83d\ude05<\/p>\n<p>Viel Spa\u00df beim Ansehen![\/vc_column_text][vc_empty_space][vc_video link=&#8220;https:\/\/youtu.be\/Bez7wmAsxjE?si=GPHGGltpwvDXkkAY&#8220;][\/vc_column][\/vc_row][vc_row full_width=&#8220;stretch_row&#8220; css=&#8220;.vc_custom_1705587310854{margin-bottom: 50px !important;}&#8220;][vc_column][vc_row_inner][vc_column_inner width=&#8220;1\/3&#8243;][vc_column_text]<\/p>\n<h2 class=\"headline_superbig\">Let&#8217;s talk<\/h2>\n<p>[\/vc_column_text][\/vc_column_inner][vc_column_inner width=&#8220;2\/3&#8243;][vc_column_text]<\/p>\n<h3>Brauchen Sie ein <strong>konkretes Angebot<\/strong> oder suchen Sie einen <strong>Sparringspartner<\/strong>, mit dem sie Ideen diskutieren und entwickeln k\u00f6nnen?<\/h3>\n<h3>Dann melden Sie sich:<\/h3>\n<ul>\n<li><a href=\"mailto:experts@striped-giraffe.com\">experts@striped-giraffe.com<\/a><\/li>\n<li><span style=\"color: #ef6c00;\">+49 (0)89-416 126-667<\/span><\/li>\n<\/ul>\n<p>[\/vc_column_text]<a class=\"calendly\" href=\"\" onclick=\"Calendly.initPopupWidget({url: 'https:\/\/calendly.com\/striped-giraffe\/30min'});return false;\">Termin vereinbaren<\/a>[vc_column_text css=&#8220;.vc_custom_1705936147633{margin-top: 32px !important;}&#8220;]<\/p>\n<h3>Wir unterst\u00fctzen Sie gerne.<\/h3>\n<p>[\/vc_column_text][\/vc_column_inner][\/vc_row_inner][\/vc_column][\/vc_row][vc_row full_width=&#8220;stretch_row&#8220; bg_type=&#8220;bg_color&#8220; bg_color_value=&#8220;#000000&#8243; css=&#8220;.vc_custom_1611218581661{margin-top: 100px !important;padding-top: 100px !important;}&#8220;][vc_column][vc_row_inner][vc_column_inner width=&#8220;1\/3&#8243; css=&#8220;.vc_custom_1611218644223{padding-right: 35px !important;}&#8220;][vc_column_text]<\/p>\n<h2 class=\"headline_superbig\"><span style=\"color: #ffffff;\">FULL-SERVICE FOR YOUR DIGITAL CHALLENGE<\/span><\/h2>\n<p><span style=\"color: #ffffff;\">Ganz egal, welche digitale Herausforderung Sie meistern m\u00fcssen, wir unterst\u00fctzen Sie dabei. Mit den unterschiedlichen Spezialisten in unserem Team und unserem Experten-Netzwerk finden wir f\u00fcr jedes Problem die passende L\u00f6sung.<\/span>[\/vc_column_text][vc_empty_space][\/vc_column_inner][vc_column_inner width=&#8220;1\/3&#8243;]<div class=\"templatera_shortcode\"><div class=\"vc_row wpb_row vc_row-fluid\"><div class=\"wpb_column vc_column_container vc_col-sm-12\"><div class=\"vc_column-inner\"><div class=\"wpb_wrapper\"><div id='' class='teaserbox  overlay'><div class='teaserbox_inner'><div class='teaserheadline'><h2 style='color:#ffffff;font-family:DinWebPro Bold;'>IT-Beratung<\/h2><h3 style='color:#ffffff;'>Frische Ideen und fundiertes Knowhow fu\u0308r Ihr Business<\/h3><\/div><div class='teasertext'><div class='wpb_wrapper'>Herausfordernde Zeit verlangen ad\u00e4quate und m\u00f6glichst flexible L\u00f6sungen. Die Bandbreite ist riesig. F\u00fcr jedes Unternehmen und jedes Problem l\u00e4sst sich die passende L\u00f6sung finden oder entwickeln.<\/div><\/div><div class='teaserlink'><a href='https:\/\/www.striped-giraffe.com\/de\/leistungen\/it-beratung\/' style='color:#ffffff;'>IT-Beratung<\/a><\/div><div class='wpb_single_image desktop_only'><img src='https:\/\/www.striped-giraffe.com\/wp-content\/uploads\/2021\/01\/Teaser_IT_Consulting.jpg' \/><\/div><div class='wpb_single_image mobile_only'><img src='https:\/\/www.striped-giraffe.com\/wp-content\/uploads\/2021\/01\/Teaser_IT_Consulting-600x700.jpg' \/><\/div><\/div><\/div><\/div><\/div><\/div><\/div><\/div>[\/vc_column_inner][vc_column_inner width=&#8220;1\/3&#8243;]<div class=\"templatera_shortcode\"><div class=\"vc_row wpb_row vc_row-fluid\"><div class=\"wpb_column vc_column_container vc_col-sm-12\"><div class=\"vc_column-inner\"><div class=\"wpb_wrapper\"><div id='' class='teaserbox  overlay'><div class='teaserbox_inner'><div class='teaserheadline'><h2 style='color:#ffffff;font-family:DinWebPro Bold;'>PROJEKT MANAGEMENT<\/h2><h3 style='color:#ffffff;'>Digitale L\u00f6sungen, die alle Anforderungen erf\u00fcllen<\/h3><\/div><div class='teasertext'><div class='wpb_wrapper'>Unsere Projektmanager stehen f\u00fcr die optimale Erf\u00fcllung der Anforderungen aus den Bereichen Business, Anwender und Technologie.<\/div><\/div><div class='teaserlink'><a href='https:\/\/www.striped-giraffe.com\/leistungen\/projektmanagement\/' style='color:#ffffff;'>Projektmanagement<\/a><\/div><div class='wpb_single_image desktop_only'><img src='https:\/\/www.striped-giraffe.com\/wp-content\/uploads\/2021\/01\/Projectmanagement_Teaser-600x960.jpg' \/><\/div><div class='wpb_single_image mobile_only'><img src='https:\/\/www.striped-giraffe.com\/wp-content\/uploads\/2021\/01\/Projectmanagement_Teaser-600x700.jpg' \/><\/div><\/div><\/div><\/div><\/div><\/div><\/div><\/div>[\/vc_column_inner][\/vc_row_inner][vc_row_inner][vc_column_inner width=&#8220;1\/3&#8243;][\/vc_column_inner][vc_column_inner width=&#8220;1\/3&#8243;]<div class=\"templatera_shortcode\"><div class=\"vc_row wpb_row vc_row-fluid\"><div class=\"wpb_column vc_column_container vc_col-sm-12\"><div class=\"vc_column-inner\"><div class=\"wpb_wrapper\"><div id='' class='teaserbox  overlay'><div class='teaserbox_inner'><div class='teaserheadline'><h2 style='color:#000000;font-family:DinWebPro Bold;'>Entwicklung<\/h2><h3 style='color:#000000;'>Wir entwickeln zukunftsorientierte L\u00f6sungen<\/h3><\/div><div class='teasertext'><div class='wpb_wrapper'>Wir stellen komplette Entwicklungsteams in Eigenverantwortung oder erg\u00e4nzen bestehende Teams mit unserer Expertise.<\/div><\/div><div class='teaserlink'><a href='https:\/\/www.striped-giraffe.com\/de\/leistungen\/entwicklung\/' style='color:#ffffff;'>Entwicklung<\/a><\/div><div class='wpb_single_image desktop_only'><img src='https:\/\/www.striped-giraffe.com\/wp-content\/uploads\/2021\/01\/Teaser_Development.jpg' \/><\/div><div class='wpb_single_image mobile_only'><img src='https:\/\/www.striped-giraffe.com\/wp-content\/uploads\/2021\/01\/Teaser_Development-600x700.jpg' \/><\/div><\/div><\/div><\/div><\/div><\/div><\/div><\/div>[\/vc_column_inner][vc_column_inner width=&#8220;1\/3&#8243;]<div class=\"templatera_shortcode\"><div class=\"vc_row wpb_row vc_row-fluid\"><div class=\"wpb_column vc_column_container vc_col-sm-12\"><div class=\"vc_column-inner\"><div class=\"wpb_wrapper\"><div id='' class='teaserbox  overlay'><div class='teaserbox_inner'><div class='teaserheadline'><h2 style='color:#ffffff;font-family:DinWebPro Bold;'>UX\/UI<\/h2><h3 style='color:#ffffff;'>Wir kreieren Erlebniswelten, die Kunden begeistern<\/h3><\/div><div class='teasertext'><div class='wpb_wrapper'>Wir stellen den Nutzer in den Fokus, um ein atemberaubendes Kundenerlebnis zu gestalten.<\/div><\/div><div class='teaserlink'><a href='https:\/\/www.striped-giraffe.com\/leistungen\/ux-ui\/' style='color:#ffffff;'>UX\/UI<\/a><\/div><div class='wpb_single_image desktop_only'><img src='https:\/\/www.striped-giraffe.com\/wp-content\/uploads\/2021\/01\/UX_UI_Teaser-2-600x960.jpg' \/><\/div><div class='wpb_single_image mobile_only'><img src='https:\/\/www.striped-giraffe.com\/wp-content\/uploads\/2021\/01\/UX_UI_Teaser-2-600x700.jpg' \/><\/div><\/div><\/div><\/div><\/div><\/div><\/div><\/div>[\/vc_column_inner][\/vc_row_inner][\/vc_column][\/vc_row][vc_row full_width=&#8220;stretch_row&#8220; disable_element=&#8220;yes&#8220; bg_type=&#8220;bg_color&#8220; css=&#8220;.vc_custom_1673858609976{margin-bottom: 0px !important;padding-top: 100px !important;}&#8220; bg_color_value=&#8220;#000000&#8243;][vc_column][vc_row_inner][vc_column_inner width=&#8220;1\/3&#8243;][vc_column_text]<\/p>\n<h2 class=\"headline_introduction\"><span style=\"color: #ffffff;\">Nennen Sie uns Ihre Anforderungen.<\/span><\/h2>\n<p>[\/vc_column_text][\/vc_column_inner][vc_column_inner width=&#8220;2\/3&#8243;][vc_column_text]<span style=\"color: #ffffff;\">Kontaktieren Sie uns.<\/span><\/p>\n<p><span style=\"color: #ef6c00;\"><a style=\"color: #ef6c00;\" href=\"mailto:experts@striped-giraffe.com\">experts@striped-giraffe.com<\/a><\/span><\/p>\n<p><span style=\"color: #ffffff;\">+49 (0)89-416 126-667<\/span>[\/vc_column_text][\/vc_column_inner][\/vc_row_inner][\/vc_column][\/vc_row]<\/p>\n<\/section>","protected":false},"excerpt":{"rendered":"Agile \"Agile\" begann mit gro\u00dfen Versprechungen zur Verbesserung der Softwareentwicklung. Gro\u00dfe Ver- sprechungen \"Agile\" begann mit gro\u00dfen Versprechungen zur Verbesserung [...]","protected":false},"author":2,"featured_media":0,"parent":34237,"menu_order":0,"comment_status":"closed","ping_status":"closed","template":"","meta":{"footnotes":""},"acf":[],"yoast_head":"<!-- This site is optimized with the Yoast SEO Premium plugin v20.5 (Yoast SEO v20.5) - https:\/\/yoast.com\/wordpress\/plugins\/seo\/ -->\n<title>&quot;Agile&quot; begann mit gro\u00dfen Versprechungen<\/title>\n<meta name=\"description\" content=\"Seien Sie sich dar\u00fcber im Klaren, wie man &quot;agile&quot; richtig einsetzt, um die erhofften Verbesserungen in der Softwareentwicklung zu erreichen.\" \/>\n<meta name=\"robots\" content=\"index, follow, max-snippet:-1, max-image-preview:large, max-video-preview:-1\" \/>\n<link rel=\"canonical\" href=\"https:\/\/www.striped-giraffe.com\/de\/collaboration\/agil\/\" \/>\n<meta property=\"og:locale\" content=\"de_DE\" \/>\n<meta property=\"og:type\" content=\"article\" \/>\n<meta property=\"og:title\" content=\"Agil\" \/>\n<meta property=\"og:description\" content=\"Seien Sie sich dar\u00fcber im Klaren, wie man &quot;agile&quot; richtig einsetzt, um die erhofften Verbesserungen in der Softwareentwicklung zu erreichen.\" \/>\n<meta property=\"og:url\" content=\"https:\/\/www.striped-giraffe.com\/de\/collaboration\/agil\/\" \/>\n<meta property=\"og:site_name\" content=\"Striped Giraffe\" \/>\n<meta property=\"article:modified_time\" content=\"2026-04-27T16:21:49+00:00\" \/>\n<meta name=\"twitter:card\" content=\"summary_large_image\" \/>\n<meta name=\"twitter:label1\" content=\"Gesch\u00e4tzte Lesezeit\" \/>\n\t<meta name=\"twitter:data1\" content=\"6\u00a0Minuten\" \/>\n<script type=\"application\/ld+json\" class=\"yoast-schema-graph\">{\"@context\":\"https:\/\/schema.org\",\"@graph\":[{\"@type\":\"WebPage\",\"@id\":\"https:\/\/www.striped-giraffe.com\/de\/collaboration\/agil\/\",\"url\":\"https:\/\/www.striped-giraffe.com\/de\/collaboration\/agil\/\",\"name\":\"\\\"Agile\\\" begann mit gro\u00dfen Versprechungen\",\"isPartOf\":{\"@id\":\"https:\/\/www.striped-giraffe.com\/de\/#website\"},\"datePublished\":\"2023-05-25T13:11:17+00:00\",\"dateModified\":\"2026-04-27T16:21:49+00:00\",\"description\":\"Seien Sie sich dar\u00fcber im Klaren, wie man \\\"agile\\\" richtig einsetzt, um die erhofften Verbesserungen in der Softwareentwicklung zu erreichen.\",\"breadcrumb\":{\"@id\":\"https:\/\/www.striped-giraffe.com\/de\/collaboration\/agil\/#breadcrumb\"},\"inLanguage\":\"de\",\"potentialAction\":[{\"@type\":\"ReadAction\",\"target\":[\"https:\/\/www.striped-giraffe.com\/de\/collaboration\/agil\/\"]}]},{\"@type\":\"BreadcrumbList\",\"@id\":\"https:\/\/www.striped-giraffe.com\/de\/collaboration\/agil\/#breadcrumb\",\"itemListElement\":[{\"@type\":\"ListItem\",\"position\":1,\"name\":\"Collaboration\",\"item\":\"https:\/\/www.striped-giraffe.com\/de\/collaboration\/\"},{\"@type\":\"ListItem\",\"position\":2,\"name\":\"Agil\"}]},{\"@type\":\"WebSite\",\"@id\":\"https:\/\/www.striped-giraffe.com\/de\/#website\",\"url\":\"https:\/\/www.striped-giraffe.com\/de\/\",\"name\":\"Striped Giraffe\",\"description\":\"Ihr zuverl\u00e4ssiger Anbieter f\u00fcr digitale Enterprise-L\u00f6sungen\",\"publisher\":{\"@id\":\"https:\/\/www.striped-giraffe.com\/de\/#organization\"},\"potentialAction\":[{\"@type\":\"SearchAction\",\"target\":{\"@type\":\"EntryPoint\",\"urlTemplate\":\"https:\/\/www.striped-giraffe.com\/de\/?s={search_term_string}\"},\"query-input\":\"required name=search_term_string\"}],\"inLanguage\":\"de\"},{\"@type\":\"Organization\",\"@id\":\"https:\/\/www.striped-giraffe.com\/de\/#organization\",\"name\":\"Striped Giraffe\",\"url\":\"https:\/\/www.striped-giraffe.com\/de\/\",\"logo\":{\"@type\":\"ImageObject\",\"inLanguage\":\"de\",\"@id\":\"https:\/\/www.striped-giraffe.com\/de\/#\/schema\/logo\/image\/\",\"url\":\"https:\/\/www.striped-giraffe.com\/wp-content\/uploads\/2021\/01\/giraffe_white.svg\",\"contentUrl\":\"https:\/\/www.striped-giraffe.com\/wp-content\/uploads\/2021\/01\/giraffe_white.svg\",\"caption\":\"Striped Giraffe\"},\"image\":{\"@id\":\"https:\/\/www.striped-giraffe.com\/de\/#\/schema\/logo\/image\/\"}}]}<\/script>\n<!-- \/ Yoast SEO Premium plugin. -->","yoast_head_json":{"title":"\"Agile\" begann mit gro\u00dfen Versprechungen","description":"Seien Sie sich dar\u00fcber im Klaren, wie man \"agile\" richtig einsetzt, um die erhofften Verbesserungen in der Softwareentwicklung zu erreichen.","robots":{"index":"index","follow":"follow","max-snippet":"max-snippet:-1","max-image-preview":"max-image-preview:large","max-video-preview":"max-video-preview:-1"},"canonical":"https:\/\/www.striped-giraffe.com\/de\/collaboration\/agil\/","og_locale":"de_DE","og_type":"article","og_title":"Agil","og_description":"Seien Sie sich dar\u00fcber im Klaren, wie man \"agile\" richtig einsetzt, um die erhofften Verbesserungen in der Softwareentwicklung zu erreichen.","og_url":"https:\/\/www.striped-giraffe.com\/de\/collaboration\/agil\/","og_site_name":"Striped Giraffe","article_modified_time":"2026-04-27T16:21:49+00:00","twitter_card":"summary_large_image","twitter_misc":{"Gesch\u00e4tzte Lesezeit":"6\u00a0Minuten"},"schema":{"@context":"https:\/\/schema.org","@graph":[{"@type":"WebPage","@id":"https:\/\/www.striped-giraffe.com\/de\/collaboration\/agil\/","url":"https:\/\/www.striped-giraffe.com\/de\/collaboration\/agil\/","name":"\"Agile\" begann mit gro\u00dfen Versprechungen","isPartOf":{"@id":"https:\/\/www.striped-giraffe.com\/de\/#website"},"datePublished":"2023-05-25T13:11:17+00:00","dateModified":"2026-04-27T16:21:49+00:00","description":"Seien Sie sich dar\u00fcber im Klaren, wie man \"agile\" richtig einsetzt, um die erhofften Verbesserungen in der Softwareentwicklung zu erreichen.","breadcrumb":{"@id":"https:\/\/www.striped-giraffe.com\/de\/collaboration\/agil\/#breadcrumb"},"inLanguage":"de","potentialAction":[{"@type":"ReadAction","target":["https:\/\/www.striped-giraffe.com\/de\/collaboration\/agil\/"]}]},{"@type":"BreadcrumbList","@id":"https:\/\/www.striped-giraffe.com\/de\/collaboration\/agil\/#breadcrumb","itemListElement":[{"@type":"ListItem","position":1,"name":"Collaboration","item":"https:\/\/www.striped-giraffe.com\/de\/collaboration\/"},{"@type":"ListItem","position":2,"name":"Agil"}]},{"@type":"WebSite","@id":"https:\/\/www.striped-giraffe.com\/de\/#website","url":"https:\/\/www.striped-giraffe.com\/de\/","name":"Striped Giraffe","description":"Ihr zuverl\u00e4ssiger Anbieter f\u00fcr digitale Enterprise-L\u00f6sungen","publisher":{"@id":"https:\/\/www.striped-giraffe.com\/de\/#organization"},"potentialAction":[{"@type":"SearchAction","target":{"@type":"EntryPoint","urlTemplate":"https:\/\/www.striped-giraffe.com\/de\/?s={search_term_string}"},"query-input":"required name=search_term_string"}],"inLanguage":"de"},{"@type":"Organization","@id":"https:\/\/www.striped-giraffe.com\/de\/#organization","name":"Striped Giraffe","url":"https:\/\/www.striped-giraffe.com\/de\/","logo":{"@type":"ImageObject","inLanguage":"de","@id":"https:\/\/www.striped-giraffe.com\/de\/#\/schema\/logo\/image\/","url":"https:\/\/www.striped-giraffe.com\/wp-content\/uploads\/2021\/01\/giraffe_white.svg","contentUrl":"https:\/\/www.striped-giraffe.com\/wp-content\/uploads\/2021\/01\/giraffe_white.svg","caption":"Striped Giraffe"},"image":{"@id":"https:\/\/www.striped-giraffe.com\/de\/#\/schema\/logo\/image\/"}}]}},"_links":{"self":[{"href":"https:\/\/www.striped-giraffe.com\/de\/wp-json\/wp\/v2\/pages\/34279"}],"collection":[{"href":"https:\/\/www.striped-giraffe.com\/de\/wp-json\/wp\/v2\/pages"}],"about":[{"href":"https:\/\/www.striped-giraffe.com\/de\/wp-json\/wp\/v2\/types\/page"}],"author":[{"embeddable":true,"href":"https:\/\/www.striped-giraffe.com\/de\/wp-json\/wp\/v2\/users\/2"}],"replies":[{"embeddable":true,"href":"https:\/\/www.striped-giraffe.com\/de\/wp-json\/wp\/v2\/comments?post=34279"}],"version-history":[{"count":20,"href":"https:\/\/www.striped-giraffe.com\/de\/wp-json\/wp\/v2\/pages\/34279\/revisions"}],"predecessor-version":[{"id":43303,"href":"https:\/\/www.striped-giraffe.com\/de\/wp-json\/wp\/v2\/pages\/34279\/revisions\/43303"}],"up":[{"embeddable":true,"href":"https:\/\/www.striped-giraffe.com\/de\/wp-json\/wp\/v2\/pages\/34237"}],"wp:attachment":[{"href":"https:\/\/www.striped-giraffe.com\/de\/wp-json\/wp\/v2\/media?parent=34279"}],"curies":[{"name":"wp","href":"https:\/\/api.w.org\/{rel}","templated":true}]}}