{"id":34327,"date":"2023-05-30T12:30:58","date_gmt":"2023-05-30T10:30:58","guid":{"rendered":"https:\/\/www.striped-giraffe.com\/expertise\/transparenz_reporting-copy\/"},"modified":"2024-09-11T11:50:53","modified_gmt":"2024-09-11T09:50:53","slug":"digital-self-services","status":"publish","type":"page","link":"https:\/\/www.striped-giraffe.com\/de\/expertise\/digital-self-services\/","title":{"rendered":"Digital Self-Services"},"content":{"rendered":"<section class=\"wpb-content-wrapper\"><p>[vc_row full_width=&#8220;stretch_row&#8220; full_height=&#8220;yes&#8220; css_animation=&#8220;none&#8220; bg_type=&#8220;image&#8220; parallax_style=&#8220;vcpb-default&#8220; bg_image_new=&#8220;id^34330|url^https:\/\/www.striped-giraffe.com\/wp-content\/uploads\/2023\/05\/Header_Digital_self-services.jpg|caption^digital self-services|alt^digital self-services|title^digital self-services|description^digital self-services&#8220; css=&#8220;.vc_custom_1685443538283{margin-bottom: 100px !important;background-position: center !important;background-repeat: no-repeat !important;background-size: cover !important;}&#8220;][vc_column css_animation=&#8220;slideInUp&#8220;][vc_column_text]<\/p>\n<h1 style=\"text-align: center;\"><span style=\"color: #ffffff;\">Digital Self-Services<\/span><\/h1>\n<p>[\/vc_column_text][\/vc_column][\/vc_row][vc_row el_class=&#8220;closetotop&#8220; css=&#8220;.vc_custom_1685026595805{margin-top: -220px !important;margin-bottom: 100px !important;padding-top: 50px !important;padding-bottom: 50px !important;background-color: #ffffff !important;}&#8220;][vc_column][vc_column_text css=&#8220;.vc_custom_1685442747388{padding-bottom: 50px !important;}&#8220;]<\/p>\n<h2 class=\"headline_introduction\" style=\"text-align: center;\">Ohne digitale Self-Services wird es zuk\u00fcnftig nicht mehr gehen. Das sollte es auch nicht, denn sie bringen allen Beteiligten viele Vorteile.<\/h2>\n<p>[\/vc_column_text][vc_separator color=&#8220;black&#8220; border_width=&#8220;5&#8243; el_width=&#8220;10&#8243;][\/vc_column][\/vc_row][vc_row gap=&#8220;35&#8243; css=&#8220;.vc_custom_1685026036384{margin-top: 100px !important;margin-bottom: 50px !important;margin-left: 0px !important;}&#8220; el_class=&#8220;closetotop&#8220;][vc_column width=&#8220;1\/3&#8243;][vc_column_text]<\/p>\n<h2 class=\"headline_superbig\">Benefits<\/h2>\n<p>[\/vc_column_text][\/vc_column][vc_column width=&#8220;2\/3&#8243; css=&#8220;.vc_custom_1611249278937{padding-left: 0px !important;}&#8220;][vc_column_text]Egal, ob B2B oder B2C \u2013 <span style=\"color: #ef6c00;\">Kunden erwarten heute von einer Online-Plattform digitale Self-Services<\/span>. Sie bilden ein zentrales Element der User Experience. Damit k\u00f6nnen sie in Ihrem Kundenportal Produkte und Leistungen bestellen oder bearbeiten, wo und wann immer sie wollen. Und sie erhalten alle ben\u00f6tigten Informationen auf Knopfdruck, ohne einen Mitarbeiter des Unternehmens zwischenschalten zu m\u00fcssen. Das f\u00fchrt zwangsl\u00e4ufig zu einer hohen Kundenzufriedenheit und damit zu einer gefestigten Kundenbindung.<\/p>\n<p><span style=\"color: #ef6c00;\">Auch Lieferanten wollen von den Vorz\u00fcgen digitaler Self-Services profitieren.<\/span> Denn die Zeit- und Ortsunabh\u00e4ngigkeit wird immer relevanter. Flexibilit\u00e4t geh\u00f6rt heutzutage zu den entscheidenden Wettbewerbsvorteilen.<\/p>\n<p>Selbst <span style=\"color: #ef6c00;\">Mitarbeiter nutzen Digital Self-Services<\/span> beispielsweise in Form von Online-Zugriffen auf Gehaltsdokumente oder f\u00fcr Urlaubsantr\u00e4ge, und uvm.<\/p>\n<p>Mitarbeiter werden durch den Einsatz von Self-Services entlastet und k\u00f6nnen sich auf andere produktive Aufgaben konzentrieren. Das wiederum erh\u00f6ht die Effizienz in Unternehmen und spart immense Kosten. Zudem lassen sich Self-Services genau monitoren und erzeugen automatisierte Reports. Das wiederum kann f\u00fcr die Optimierung von Prozessen, Produkten etc. genutzt werden.<\/p>\n<p>Die Liste der Benefits f\u00fcr alle Beteiligten ist lang und wird sich auch in Zukunft stetig weiterentwickeln.<\/p>\n<p>Wir haben beobachtet, dass bei all den M\u00f6glichkeiten der Self-Services zuallererst der Mehrwert des Nutzers im Vordergrund stehen sollte. Kostenreduktion und Prozessoptimierung sollten nicht die alleinigen Treiber sein; sie ergeben sich automatisch.<\/p>\n<p>Leider sind viele digitalen Self-Services immer noch gut versteckt und nicht intuitiv f\u00fcr den Nutzer zu erreichen. Es braucht in diesem Zusammenhang also auch immer eine gute User-Experience.[\/vc_column_text][\/vc_column][\/vc_row][vc_row gap=&#8220;35&#8243; css=&#8220;.vc_custom_1685022732669{margin-bottom: 50px !important;}&#8220;][vc_column width=&#8220;1\/3&#8243;][vc_column_text]<\/p>\n<h2 class=\"headline_superbig\">Unser Ansatz<\/h2>\n<p>[\/vc_column_text][\/vc_column][vc_column width=&#8220;2\/3&#8243; css=&#8220;.vc_custom_1611249278937{padding-left: 0px !important;}&#8220;][vc_column_text]Wir unterst\u00fctzen bei der Identifikation und Beratung von digitalen Self-Services in allen Bereichen. Wir haben einen gro\u00dfen Erfahrungsschatz in vielen Vertikalen und k\u00f6nnen diese Expertise einbringen und unseren Kunden ein idealer Sparring-Partner sein. Dasselbe gilt f\u00fcr sehr spezifische Anforderungen, bei denen wir immer Feedback zu den technischen Implikationen liefern k\u00f6nnen.<\/p>\n<p>Am Ende stehen wir als Partner f\u00fcr die Umsetzung an der Seite unserer Kunden. Services k\u00f6nnen dabei in bestehende Software L\u00f6sungen integriert werden, oder als Stand-alone Applikationen implementiert werden. \u00a0Damit k\u00f6nnen die einzelnen Services unabh\u00e4ngig von der Technologie in kurzer Zeit agil entwickelt werden. Und das gilt f\u00fcr jede Unternehmensgr\u00f6\u00dfe.[\/vc_column_text][\/vc_column][\/vc_row][vc_row gap=&#8220;35&#8243; css=&#8220;.vc_custom_1724317649240{margin-bottom: 100px !important;}&#8220; el_id=&#8220;downloadsection&#8220;][vc_column width=&#8220;1\/3&#8243;][vc_column_text]<\/p>\n<h2 class=\"headline_superbig\">Download<\/h2>\n<p>[\/vc_column_text][vc_empty_space height=&#8220;50px&#8220;][vc_single_image image=&#8220;34648&#8243; img_size=&#8220;medium&#8220; style=&#8220;vc_box_shadow&#8220;][\/vc_column][vc_column width=&#8220;2\/3&#8243;][vc_column_text]<span style=\"color: #ef6c00;\">Digital Self-Services kurz und knapp auf den Punkt gebracht: Nutzen, Herausforderungen, Trends, Anwendungsf\u00e4lle etc. in einem Booklet.<\/span>[\/vc_column_text][vc_empty_space height=&#8220;32&#8243;][vc_column_text]<div class='_form_56'><\/div><script type='text\/javascript' src='https:\/\/striped-giraffe.activehosted.com\/f\/embed.php?static=0&id=56&69F5D1603B6FA&nostyles=0&preview=0'><\/script>[\/vc_column_text][\/vc_column][\/vc_row][vc_row full_width=&#8220;stretch_row&#8220; css=&#8220;.vc_custom_1706183849370{margin-top: 50px !important;margin-bottom: 50px !important;}&#8220;][vc_column][vc_row_inner][vc_column_inner width=&#8220;1\/3&#8243;][vc_column_text]<\/p>\n<h2 class=\"headline_superbig\">Let&#8217;s talk<\/h2>\n<p>[\/vc_column_text][\/vc_column_inner][vc_column_inner width=&#8220;2\/3&#8243;][vc_column_text]<\/p>\n<h3>Brauchen Sie ein <strong>konkretes Angebot<\/strong> oder suchen Sie einen <strong>Sparringspartner<\/strong>, mit dem sie Ideen diskutieren und entwickeln k\u00f6nnen?<\/h3>\n<h3>Dann melden Sie sich:<\/h3>\n<ul>\n<li><a href=\"mailto:experts@striped-giraffe.com\">experts@striped-giraffe.com<\/a><\/li>\n<li><span style=\"color: #ef6c00;\">+49 (0)89-416 126-667<\/span><\/li>\n<\/ul>\n<p>[\/vc_column_text]<a class=\"calendly\" href=\"\" onclick=\"Calendly.initPopupWidget({url: 'https:\/\/calendly.com\/striped-giraffe\/30min'});return false;\">Termin vereinbaren<\/a>[vc_column_text css=&#8220;.vc_custom_1705936147633{margin-top: 32px !important;}&#8220;]<\/p>\n<h3>Wir unterst\u00fctzen Sie gerne.<\/h3>\n<p>[\/vc_column_text][\/vc_column_inner][\/vc_row_inner][\/vc_column][\/vc_row][vc_row full_width=&#8220;stretch_row&#8220; bg_type=&#8220;bg_color&#8220; css=&#8220;.vc_custom_1717601126339{margin-top: 50px !important;padding-top: 50px !important;}&#8220; bg_color_value=&#8220;#000000&#8243;][vc_column width=&#8220;1\/3&#8243;][vc_column_text]<\/p>\n<h2 class=\"headline_superbig\"><span style=\"color: #ffffff;\">FULL-SERVICE FOR YOUR DIGITAL CHALLENGE<\/span><\/h2>\n<p><span style=\"color: #ffffff;\">Ganz egal, welche digitale Herausforderung Sie meistern m\u00fcssen, wir unterst\u00fctzen Sie dabei. Mit den unterschiedlichen Spezialisten in unserem Team und unserem Experten-Netzwerk finden wir f\u00fcr jedes Problem die passende L\u00f6sung.<\/span>[\/vc_column_text][\/vc_column][vc_column width=&#8220;1\/3&#8243;]<div class=\"templatera_shortcode\"><div class=\"vc_row wpb_row vc_row-fluid\"><div class=\"wpb_column vc_column_container vc_col-sm-12\"><div class=\"vc_column-inner\"><div class=\"wpb_wrapper\"><div id='' class='teaserbox  overlay'><div class='teaserbox_inner'><div class='teaserheadline'><h2 style='color:#ffffff;font-family:DinWebPro Bold;'>IT-Beratung<\/h2><h3 style='color:#ffffff;'>Frische Ideen und fundiertes Knowhow fu\u0308r Ihr Business<\/h3><\/div><div class='teasertext'><div class='wpb_wrapper'>Herausfordernde Zeit verlangen ad\u00e4quate und m\u00f6glichst flexible L\u00f6sungen. Die Bandbreite ist riesig. F\u00fcr jedes Unternehmen und jedes Problem l\u00e4sst sich die passende L\u00f6sung finden oder entwickeln.<\/div><\/div><div class='teaserlink'><a href='https:\/\/www.striped-giraffe.com\/de\/leistungen\/it-beratung\/' style='color:#ffffff;'>IT-Beratung<\/a><\/div><div class='wpb_single_image desktop_only'><img src='https:\/\/www.striped-giraffe.com\/wp-content\/uploads\/2021\/01\/Teaser_IT_Consulting.jpg' \/><\/div><div class='wpb_single_image mobile_only'><img src='https:\/\/www.striped-giraffe.com\/wp-content\/uploads\/2021\/01\/Teaser_IT_Consulting-600x700.jpg' \/><\/div><\/div><\/div><\/div><\/div><\/div><\/div><\/div>[\/vc_column][vc_column width=&#8220;1\/3&#8243;]<div class=\"templatera_shortcode\"><div class=\"vc_row wpb_row vc_row-fluid\"><div class=\"wpb_column vc_column_container vc_col-sm-12\"><div class=\"vc_column-inner\"><div class=\"wpb_wrapper\"><div id='' class='teaserbox  overlay'><div class='teaserbox_inner'><div class='teaserheadline'><h2 style='color:#ffffff;font-family:DinWebPro Bold;'>PROJEKT MANAGEMENT<\/h2><h3 style='color:#ffffff;'>Digitale L\u00f6sungen, die alle Anforderungen erf\u00fcllen<\/h3><\/div><div class='teasertext'><div class='wpb_wrapper'>Unsere Projektmanager stehen f\u00fcr die optimale Erf\u00fcllung der Anforderungen aus den Bereichen Business, Anwender und Technologie.<\/div><\/div><div class='teaserlink'><a href='https:\/\/www.striped-giraffe.com\/leistungen\/projektmanagement\/' style='color:#ffffff;'>Projektmanagement<\/a><\/div><div class='wpb_single_image desktop_only'><img src='https:\/\/www.striped-giraffe.com\/wp-content\/uploads\/2021\/01\/Projectmanagement_Teaser-600x960.jpg' \/><\/div><div class='wpb_single_image mobile_only'><img src='https:\/\/www.striped-giraffe.com\/wp-content\/uploads\/2021\/01\/Projectmanagement_Teaser-600x700.jpg' \/><\/div><\/div><\/div><\/div><\/div><\/div><\/div><\/div>[\/vc_column][\/vc_row][vc_row full_width=&#8220;stretch_row&#8220; bg_type=&#8220;bg_color&#8220; css=&#8220;.vc_custom_1717601109454{padding-bottom: 50px !important;}&#8220; bg_color_value=&#8220;#000000&#8243;][vc_column width=&#8220;1\/3&#8243;]<div class=\"templatera_shortcode\"><div class=\"vc_row wpb_row vc_row-fluid\"><div class=\"wpb_column vc_column_container vc_col-sm-12\"><div class=\"vc_column-inner\"><div class=\"wpb_wrapper\"><div id='' class='teaserbox  overlay'><div class='teaserbox_inner'><div class='teaserheadline'><h2 style='color:#ffffff;font-family:DinWebPro Bold;'>UX\/UI<\/h2><h3 style='color:#ffffff;'>Wir kreieren Erlebniswelten, die Kunden begeistern<\/h3><\/div><div class='teasertext'><div class='wpb_wrapper'>Wir stellen den Nutzer in den Fokus, um ein atemberaubendes Kundenerlebnis zu gestalten.<\/div><\/div><div class='teaserlink'><a href='https:\/\/www.striped-giraffe.com\/leistungen\/ux-ui\/' style='color:#ffffff;'>UX\/UI<\/a><\/div><div class='wpb_single_image desktop_only'><img src='https:\/\/www.striped-giraffe.com\/wp-content\/uploads\/2021\/01\/UX_UI_Teaser-2-600x960.jpg' \/><\/div><div class='wpb_single_image mobile_only'><img src='https:\/\/www.striped-giraffe.com\/wp-content\/uploads\/2021\/01\/UX_UI_Teaser-2-600x700.jpg' \/><\/div><\/div><\/div><\/div><\/div><\/div><\/div><\/div>[\/vc_column][vc_column width=&#8220;1\/3&#8243;]<div class=\"templatera_shortcode\"><div class=\"vc_row wpb_row vc_row-fluid\"><div class=\"wpb_column vc_column_container vc_col-sm-12\"><div class=\"vc_column-inner\"><div class=\"wpb_wrapper\"><div id='' class='teaserbox  overlay'><div class='teaserbox_inner'><div class='teaserheadline'><h2 style='color:#000000;font-family:DinWebPro Bold;'>Entwicklung<\/h2><h3 style='color:#000000;'>Wir entwickeln zukunftsorientierte L\u00f6sungen<\/h3><\/div><div class='teasertext'><div class='wpb_wrapper'>Wir stellen komplette Entwicklungsteams in Eigenverantwortung oder erg\u00e4nzen bestehende Teams mit unserer Expertise.<\/div><\/div><div class='teaserlink'><a href='https:\/\/www.striped-giraffe.com\/de\/leistungen\/entwicklung\/' style='color:#ffffff;'>Entwicklung<\/a><\/div><div class='wpb_single_image desktop_only'><img src='https:\/\/www.striped-giraffe.com\/wp-content\/uploads\/2021\/01\/Teaser_Development.jpg' \/><\/div><div class='wpb_single_image mobile_only'><img src='https:\/\/www.striped-giraffe.com\/wp-content\/uploads\/2021\/01\/Teaser_Development-600x700.jpg' \/><\/div><\/div><\/div><\/div><\/div><\/div><\/div><\/div>[\/vc_column][vc_column width=&#8220;1\/3&#8243;]<div class=\"templatera_shortcode\"><div class=\"vc_row wpb_row vc_row-fluid\"><div class=\"wpb_column vc_column_container vc_col-sm-12\"><div class=\"vc_column-inner\"><div class=\"wpb_wrapper\"><div id='' class='teaserbox  overlay'><div class='teaserbox_inner'><div class='teaserheadline'><h2 style='color:#ffffff;font-family:DinWebPro Bold;'>Qualit\u00e4tssicherung<\/h2><h3 style='color:#ffffff;'>Gew\u00e4hrleistung Ihrer Softwarequalit\u00e4t<\/h3><\/div><div class='teasertext'><div class='wpb_wrapper'>Unser Testing-Angebot gew\u00e4hrleistet eine erstklassige Qualit\u00e4tssicherung, die den Erfolg Ihrer Produkte f\u00f6rdert und ihren Wert steigert.<\/div><\/div><div class='teaserlink'><a href='https:\/\/www.striped-giraffe.com\/de\/leistungen\/qualitaetssicherung\/' style='color:#ffffff;'>Entwicklung<\/a><\/div><div class='wpb_single_image desktop_only'><img src='https:\/\/www.striped-giraffe.com\/wp-content\/uploads\/2024\/05\/Teaser_QA.jpg' \/><\/div><div class='wpb_single_image mobile_only'><img src='https:\/\/www.striped-giraffe.com\/wp-content\/uploads\/2024\/05\/Teaser_QA-600x700.jpg' \/><\/div><\/div><\/div><\/div><\/div><\/div><\/div><\/div>[\/vc_column][\/vc_row]<\/p>\n<\/section>","protected":false},"excerpt":{"rendered":"Digital Self-Services Ohne digitale Self-Services wird es zuk\u00fcnftig nicht mehr gehen. Das sollte es auch nicht, denn sie bringen allen [...]","protected":false},"author":2,"featured_media":0,"parent":19241,"menu_order":0,"comment_status":"closed","ping_status":"closed","template":"","meta":{"footnotes":""},"acf":[],"yoast_head":"<!-- This site is optimized with the Yoast SEO Premium plugin v20.5 (Yoast SEO v20.5) - https:\/\/yoast.com\/wordpress\/plugins\/seo\/ -->\n<title>Digital Self-Services in B2B und B2C<\/title>\n<meta name=\"description\" content=\"Ohne digitale Self-Services wird es zuk\u00fcnftig nicht mehr gehen. Das sollte es auch nicht, denn sie bringen allen Beteiligten viele Vorteile.\" \/>\n<meta name=\"robots\" content=\"index, follow, max-snippet:-1, max-image-preview:large, max-video-preview:-1\" \/>\n<link rel=\"canonical\" href=\"https:\/\/www.striped-giraffe.com\/de\/expertise\/digital-self-services\/\" \/>\n<meta property=\"og:locale\" content=\"de_DE\" \/>\n<meta property=\"og:type\" content=\"article\" \/>\n<meta property=\"og:title\" content=\"Digital Self-Services\" \/>\n<meta property=\"og:description\" content=\"Ohne digitale Self-Services wird es zuk\u00fcnftig nicht mehr gehen. Das sollte es auch nicht, denn sie bringen allen Beteiligten viele Vorteile.\" \/>\n<meta property=\"og:url\" content=\"https:\/\/www.striped-giraffe.com\/de\/expertise\/digital-self-services\/\" \/>\n<meta property=\"og:site_name\" content=\"Striped Giraffe\" \/>\n<meta property=\"article:modified_time\" content=\"2024-09-11T09:50:53+00:00\" \/>\n<meta name=\"twitter:card\" content=\"summary_large_image\" \/>\n<meta name=\"twitter:label1\" content=\"Gesch\u00e4tzte Lesezeit\" \/>\n\t<meta name=\"twitter:data1\" content=\"4\u00a0Minuten\" \/>\n<script type=\"application\/ld+json\" class=\"yoast-schema-graph\">{\"@context\":\"https:\/\/schema.org\",\"@graph\":[{\"@type\":\"WebPage\",\"@id\":\"https:\/\/www.striped-giraffe.com\/de\/expertise\/digital-self-services\/\",\"url\":\"https:\/\/www.striped-giraffe.com\/de\/expertise\/digital-self-services\/\",\"name\":\"Digital Self-Services in B2B und B2C\",\"isPartOf\":{\"@id\":\"https:\/\/www.striped-giraffe.com\/de\/#website\"},\"datePublished\":\"2023-05-30T10:30:58+00:00\",\"dateModified\":\"2024-09-11T09:50:53+00:00\",\"description\":\"Ohne digitale Self-Services wird es zuk\u00fcnftig nicht mehr gehen. Das sollte es auch nicht, denn sie bringen allen Beteiligten viele Vorteile.\",\"breadcrumb\":{\"@id\":\"https:\/\/www.striped-giraffe.com\/de\/expertise\/digital-self-services\/#breadcrumb\"},\"inLanguage\":\"de\",\"potentialAction\":[{\"@type\":\"ReadAction\",\"target\":[\"https:\/\/www.striped-giraffe.com\/de\/expertise\/digital-self-services\/\"]}]},{\"@type\":\"BreadcrumbList\",\"@id\":\"https:\/\/www.striped-giraffe.com\/de\/expertise\/digital-self-services\/#breadcrumb\",\"itemListElement\":[{\"@type\":\"ListItem\",\"position\":1,\"name\":\"Expertise\",\"item\":\"https:\/\/www.striped-giraffe.com\/de\/expertise\/\"},{\"@type\":\"ListItem\",\"position\":2,\"name\":\"Digital Self-Services\"}]},{\"@type\":\"WebSite\",\"@id\":\"https:\/\/www.striped-giraffe.com\/de\/#website\",\"url\":\"https:\/\/www.striped-giraffe.com\/de\/\",\"name\":\"Striped Giraffe\",\"description\":\"Ihr zuverl\u00e4ssiger Anbieter f\u00fcr digitale Enterprise-L\u00f6sungen\",\"publisher\":{\"@id\":\"https:\/\/www.striped-giraffe.com\/de\/#organization\"},\"potentialAction\":[{\"@type\":\"SearchAction\",\"target\":{\"@type\":\"EntryPoint\",\"urlTemplate\":\"https:\/\/www.striped-giraffe.com\/de\/?s={search_term_string}\"},\"query-input\":\"required name=search_term_string\"}],\"inLanguage\":\"de\"},{\"@type\":\"Organization\",\"@id\":\"https:\/\/www.striped-giraffe.com\/de\/#organization\",\"name\":\"Striped Giraffe\",\"url\":\"https:\/\/www.striped-giraffe.com\/de\/\",\"logo\":{\"@type\":\"ImageObject\",\"inLanguage\":\"de\",\"@id\":\"https:\/\/www.striped-giraffe.com\/de\/#\/schema\/logo\/image\/\",\"url\":\"https:\/\/www.striped-giraffe.com\/wp-content\/uploads\/2021\/01\/giraffe_white.svg\",\"contentUrl\":\"https:\/\/www.striped-giraffe.com\/wp-content\/uploads\/2021\/01\/giraffe_white.svg\",\"caption\":\"Striped Giraffe\"},\"image\":{\"@id\":\"https:\/\/www.striped-giraffe.com\/de\/#\/schema\/logo\/image\/\"}}]}<\/script>\n<!-- \/ Yoast SEO Premium plugin. -->","yoast_head_json":{"title":"Digital Self-Services in B2B und B2C","description":"Ohne digitale Self-Services wird es zuk\u00fcnftig nicht mehr gehen. Das sollte es auch nicht, denn sie bringen allen Beteiligten viele Vorteile.","robots":{"index":"index","follow":"follow","max-snippet":"max-snippet:-1","max-image-preview":"max-image-preview:large","max-video-preview":"max-video-preview:-1"},"canonical":"https:\/\/www.striped-giraffe.com\/de\/expertise\/digital-self-services\/","og_locale":"de_DE","og_type":"article","og_title":"Digital Self-Services","og_description":"Ohne digitale Self-Services wird es zuk\u00fcnftig nicht mehr gehen. Das sollte es auch nicht, denn sie bringen allen Beteiligten viele Vorteile.","og_url":"https:\/\/www.striped-giraffe.com\/de\/expertise\/digital-self-services\/","og_site_name":"Striped Giraffe","article_modified_time":"2024-09-11T09:50:53+00:00","twitter_card":"summary_large_image","twitter_misc":{"Gesch\u00e4tzte Lesezeit":"4\u00a0Minuten"},"schema":{"@context":"https:\/\/schema.org","@graph":[{"@type":"WebPage","@id":"https:\/\/www.striped-giraffe.com\/de\/expertise\/digital-self-services\/","url":"https:\/\/www.striped-giraffe.com\/de\/expertise\/digital-self-services\/","name":"Digital Self-Services in B2B und B2C","isPartOf":{"@id":"https:\/\/www.striped-giraffe.com\/de\/#website"},"datePublished":"2023-05-30T10:30:58+00:00","dateModified":"2024-09-11T09:50:53+00:00","description":"Ohne digitale Self-Services wird es zuk\u00fcnftig nicht mehr gehen. Das sollte es auch nicht, denn sie bringen allen Beteiligten viele Vorteile.","breadcrumb":{"@id":"https:\/\/www.striped-giraffe.com\/de\/expertise\/digital-self-services\/#breadcrumb"},"inLanguage":"de","potentialAction":[{"@type":"ReadAction","target":["https:\/\/www.striped-giraffe.com\/de\/expertise\/digital-self-services\/"]}]},{"@type":"BreadcrumbList","@id":"https:\/\/www.striped-giraffe.com\/de\/expertise\/digital-self-services\/#breadcrumb","itemListElement":[{"@type":"ListItem","position":1,"name":"Expertise","item":"https:\/\/www.striped-giraffe.com\/de\/expertise\/"},{"@type":"ListItem","position":2,"name":"Digital Self-Services"}]},{"@type":"WebSite","@id":"https:\/\/www.striped-giraffe.com\/de\/#website","url":"https:\/\/www.striped-giraffe.com\/de\/","name":"Striped Giraffe","description":"Ihr zuverl\u00e4ssiger Anbieter f\u00fcr digitale Enterprise-L\u00f6sungen","publisher":{"@id":"https:\/\/www.striped-giraffe.com\/de\/#organization"},"potentialAction":[{"@type":"SearchAction","target":{"@type":"EntryPoint","urlTemplate":"https:\/\/www.striped-giraffe.com\/de\/?s={search_term_string}"},"query-input":"required name=search_term_string"}],"inLanguage":"de"},{"@type":"Organization","@id":"https:\/\/www.striped-giraffe.com\/de\/#organization","name":"Striped Giraffe","url":"https:\/\/www.striped-giraffe.com\/de\/","logo":{"@type":"ImageObject","inLanguage":"de","@id":"https:\/\/www.striped-giraffe.com\/de\/#\/schema\/logo\/image\/","url":"https:\/\/www.striped-giraffe.com\/wp-content\/uploads\/2021\/01\/giraffe_white.svg","contentUrl":"https:\/\/www.striped-giraffe.com\/wp-content\/uploads\/2021\/01\/giraffe_white.svg","caption":"Striped Giraffe"},"image":{"@id":"https:\/\/www.striped-giraffe.com\/de\/#\/schema\/logo\/image\/"}}]}},"_links":{"self":[{"href":"https:\/\/www.striped-giraffe.com\/de\/wp-json\/wp\/v2\/pages\/34327"}],"collection":[{"href":"https:\/\/www.striped-giraffe.com\/de\/wp-json\/wp\/v2\/pages"}],"about":[{"href":"https:\/\/www.striped-giraffe.com\/de\/wp-json\/wp\/v2\/types\/page"}],"author":[{"embeddable":true,"href":"https:\/\/www.striped-giraffe.com\/de\/wp-json\/wp\/v2\/users\/2"}],"replies":[{"embeddable":true,"href":"https:\/\/www.striped-giraffe.com\/de\/wp-json\/wp\/v2\/comments?post=34327"}],"version-history":[{"count":10,"href":"https:\/\/www.striped-giraffe.com\/de\/wp-json\/wp\/v2\/pages\/34327\/revisions"}],"predecessor-version":[{"id":37679,"href":"https:\/\/www.striped-giraffe.com\/de\/wp-json\/wp\/v2\/pages\/34327\/revisions\/37679"}],"up":[{"embeddable":true,"href":"https:\/\/www.striped-giraffe.com\/de\/wp-json\/wp\/v2\/pages\/19241"}],"wp:attachment":[{"href":"https:\/\/www.striped-giraffe.com\/de\/wp-json\/wp\/v2\/media?parent=34327"}],"curies":[{"name":"wp","href":"https:\/\/api.w.org\/{rel}","templated":true}]}}