{"id":34550,"date":"2023-06-06T12:30:07","date_gmt":"2023-06-06T10:30:07","guid":{"rendered":"https:\/\/www.striped-giraffe.com\/expertise\/e-commerce\/b2b-ecommerce-copy\/"},"modified":"2024-01-25T12:51:14","modified_gmt":"2024-01-25T11:51:14","slug":"d2c","status":"publish","type":"page","link":"https:\/\/www.striped-giraffe.com\/de\/expertise\/e-commerce\/d2c\/","title":{"rendered":"D2C"},"content":{"rendered":"<section class=\"wpb-content-wrapper\"><p>[vc_row full_width=&#8220;stretch_row&#8220; full_height=&#8220;yes&#8220; css_animation=&#8220;none&#8220; bg_type=&#8220;image&#8220; parallax_style=&#8220;vcpb-default&#8220; bg_image_new=&#8220;id^34551|url^https:\/\/www.striped-giraffe.com\/wp-content\/uploads\/2023\/06\/Header_D2C.jpg|caption^E-Commerce D2C|alt^D2C,ecommerce,data|title^direct-to-consumer|description^E-Commerce D2C&#8220; css=&#8220;.vc_custom_1686047487789{margin-bottom: 100px !important;background-position: center !important;background-repeat: no-repeat !important;background-size: cover !important;}&#8220;][vc_column css_animation=&#8220;slideInUp&#8220;][vc_column_text]<\/p>\n<h1 style=\"text-align: left;\"><span style=\"color: #ffffff;\"><span style=\"color: #ef6c00;\">D2C<\/span><br \/>\nDirect-to-Consumer<\/span><\/h1>\n<p>[\/vc_column_text][\/vc_column][\/vc_row][vc_row el_class=&#8220;closetotop&#8220; css=&#8220;.vc_custom_1686036554817{margin-top: -220px !important;margin-bottom: 50px !important;padding-top: 50px !important;padding-bottom: 50px !important;background-color: #ffffff !important;}&#8220;][vc_column][vc_column_text css=&#8220;.vc_custom_1686048823775{padding-bottom: 50px !important;}&#8220;]<\/p>\n<h2 class=\"headline_introduction\" style=\"text-align: center;\">H\u00f6here Gewinnspannen sind nicht der einzige Vorteil von D2C. Der gr\u00f6\u00dfte Benefit sind die Kundendaten, zu denen Sie vorher keinen Zugang hatten.<\/h2>\n<p>[\/vc_column_text][vc_separator color=&#8220;black&#8220; border_width=&#8220;5&#8243; el_width=&#8220;10&#8243;][\/vc_column][\/vc_row][vc_row gap=&#8220;35&#8243; css=&#8220;.vc_custom_1686036463414{margin-top: 50px !important;margin-bottom: 50px !important;margin-left: 0px !important;}&#8220; el_class=&#8220;closetotop&#8220;][vc_column width=&#8220;1\/3&#8243;][vc_column_text]<\/p>\n<h2 class=\"headline_superbig\">Warum D2C?<\/h2>\n<p>[\/vc_column_text][\/vc_column][vc_column width=&#8220;2\/3&#8243; css=&#8220;.vc_custom_1611249278937{padding-left: 0px !important;}&#8220;][vc_column_text]Der Direktvertrieb an Verbraucher (D2C oder DTC) ist auf dem Vormarsch. Durch den direkten Verkauf von Produkten an Endkunden k\u00f6nnen Hersteller auf Zwischenh\u00e4ndler g\u00e4nzlich verzichten oder einen zus\u00e4tzlichen, erg\u00e4nzenden Vertriebskanal schaffen.<\/p>\n<p>Der Hauptgrund, warum B2B-Unternehmen auf D2C setzen, ist die Erh\u00f6hung ihrer Margen und damit die Erzielung <strong>h\u00f6herer Gewinne<\/strong>. Noch wichtiger ist jedoch, dass D2C ihnen Zugang zu einer F\u00fclle von <strong>Kundendaten<\/strong> verschafft, zu denen sie vorher keinen Zugang hatten.<\/p>\n<p>Lesen Sie mehr \u00fcber die Vorteile von D2C in unserem Blog-Artikel <a href=\"https:\/\/www.striped-giraffe.com\/de\/blog\/kundendaten-sind-ein-game-changer-fuer-neue-d2c-akteure\/\">&#8222;Kundendaten sind ein Game Changer f\u00fcr neue D2C-Akteure\u201c.<\/a>[\/vc_column_text][\/vc_column][\/vc_row][vc_row gap=&#8220;35&#8243; css=&#8220;.vc_custom_1685022732669{margin-bottom: 50px !important;}&#8220;][vc_column width=&#8220;1\/3&#8243;][vc_column_text]<\/p>\n<h2 class=\"headline_superbig\">Kundendaten<\/h2>\n<p>[\/vc_column_text][\/vc_column][vc_column width=&#8220;2\/3&#8243; css=&#8220;.vc_custom_1611249278937{padding-left: 0px !important;}&#8220;][vc_column_text]D2C erm\u00f6glicht es Ihnen, Daten direkt von den Verbrauchern zu erhalten und einen besseren Einblick in deren Kaufverhalten, Vorlieben und Einstellungen zu gewinnen. Damit k\u00f6nnen Sie zum Beispiel Ihren Kundenservice verbessern, Marketingkampagnen optimieren oder Ihr Angebot verfeinern.<\/p>\n<p>Um Kundendaten zu erfassen, m\u00fcssen Sie Ihr Portal mit den richtigen Funktionen und Inhalten ausstatten, um so viele Benutzerinteraktionen wie m\u00f6glich zu f\u00f6rdern. Am Ende gewinnt jedoch derjenige, der die gesammelten Daten zu nutzen wei\u00df. Und das erfordert nat\u00fcrlich entsprechende Technologien und L\u00f6sungen, um Themen wie <a href=\"https:\/\/www.striped-giraffe.com\/de\/expertise\/datenmanagement\/data-integration\/\" target=\"_blank\" rel=\"noopener\">Datenintegration<\/a>, <a href=\"https:\/\/www.striped-giraffe.com\/de\/expertise\/datenmanagement\/data-quality\/\" target=\"_blank\" rel=\"noopener\">Datenqualit\u00e4t<\/a>, <a href=\"https:\/\/www.striped-giraffe.com\/de\/expertise\/datenmanagement\/data-governance\/\" target=\"_blank\" rel=\"noopener\">Data Governance<\/a> oder <a href=\"https:\/\/www.striped-giraffe.com\/de\/expertise\/datenmanagement\/business_intelligence\/\" target=\"_blank\" rel=\"noopener\">BI und Advanced Analytics<\/a> zu meistern.[\/vc_column_text][\/vc_column][\/vc_row][vc_row gap=&#8220;35&#8243; css=&#8220;.vc_custom_1685022732669{margin-bottom: 50px !important;}&#8220;][vc_column width=&#8220;1\/3&#8243;][vc_column_text]<\/p>\n<h2 class=\"headline_superbig\">Unser Ansatz<\/h2>\n<p>[\/vc_column_text][\/vc_column][vc_column width=&#8220;2\/3&#8243; css=&#8220;.vc_custom_1611249278937{padding-left: 0px !important;}&#8220;][vc_column_text]Vielleicht f\u00fchlen Sie sich von der Vielfalt der technologischen Optionen f\u00fcr den D2C-Handel geradezu \u00fcberw\u00e4ltigt. Die Auswahl reicht von relativ einfachen SaaS-L\u00f6sungen von der Stange, die leicht einzurichten, aber funktional schwer anzupassen sind, \u00fcber Plattformen auf Unternehmensebene, die von erfahrenen Entwicklern nahezu uneingeschr\u00e4nkt angepasst werden k\u00f6nnen, bis hin zu ma\u00dfgeschneiderten E-Commerce-Systemen, die von Grund auf neu entwickelt werden, um alle Ihre individuellen Anforderungen zu erf\u00fcllen.<\/p>\n<p>Au\u00dferdem gibt es verschiedene Systemarchitekturen, darunter Silos, Microservices und Hybrid-L\u00f6sungen. Wir ermitteln gemeinsam mit Ihnen, welche L\u00f6sung f\u00fcr Ihr Unternehmen am besten geeignet ist &#8211; f\u00fcr Ihre Pl\u00e4ne, Ihre Systemlandschaft, Ihre Strategie und Ihre Ressourcen.[\/vc_column_text][\/vc_column][\/vc_row][vc_row css=&#8220;.vc_custom_1706183460615{margin-bottom: 100px !important;}&#8220;][vc_column width=&#8220;1\/3&#8243; css=&#8220;.vc_custom_1611066531522{padding-right: 35px !important;}&#8220;][vc_column_text]<\/p>\n<h2 class=\"headline_superbig\">Das k\u00f6nnte Sie auch interessieren<\/h2>\n<p>[\/vc_column_text][\/vc_column][vc_column width=&#8220;1\/3&#8243;]<div id='' class='teaserbox  overlay'><div class='teaserbox_inner'><div class='teaserheadline'><h2 style='color:#ef6c00;font-family:DinWebPro Bold;'>BLOG-ARTIKEL<\/h2><h3 style='color:#000000;'>10 Aspekte, die bei der Auswahl einer E-Commerce-L\u00f6sung zu beachten sind<\/h3><\/div><div class='teasertext'><div class='wpb_wrapper'>Die Entscheidung f\u00fcr die richtige Technologie ist der erste wichtige Schritt bei der Planung einer neuen E-Commerce-Seite.<\/div><\/div><div class='teaserlink'><a href='https:\/\/www.striped-giraffe.com\/de\/blog\/10-aspekte-die-bei-der-auswahl-einer-e-commerce-loesung-zu-beachten-sind\/' style='color:#ef6c00;'>Mehr Details<\/a><\/div><div class='wpb_single_image desktop_only'><img src='https:\/\/www.striped-giraffe.com\/wp-content\/uploads\/2022\/04\/blog_10_aspects-2-600x960.jpg' \/><\/div><div class='wpb_single_image mobile_only'><img src='https:\/\/www.striped-giraffe.com\/wp-content\/uploads\/2022\/04\/blog_10_aspects-2-600x700.jpg' \/><\/div><\/div><\/div>[\/vc_column][vc_column width=&#8220;1\/3&#8243;]<div class=\"templatera_shortcode\"><div class=\"vc_row wpb_row vc_row-fluid\"><div class=\"wpb_column vc_column_container vc_col-sm-12\"><div class=\"vc_column-inner\"><div class=\"wpb_wrapper\"><div id='' class='teaserbox  overlay'><div class='teaserbox_inner'><div class='teaserheadline'><h3 style='text-transform:uppercase;color:#ffffff;font-family:DinWebPro Bold;'>2 Leitf\u00e4den<\/h3><h2 style='text-transform:none;color:#ffffff;'>zur Auswahl der richtige E-Commerce-L\u00f6sung<\/h2><\/div><div class='teasertext'><div class='wpb_wrapper'>Unsere Leitf\u00e4den unterstu\u0308tzen Sie bei der Suche nach der richtigen E-Commerce-L\u00f6sung, empfehlen die optimale Herangehensweisen und zeigen Ihnen m\u00f6gliche Risiken auf.<\/div><\/div><div class='teaserlink'><a href='https:\/\/www.striped-giraffe.com\/de\/ecommerce-evaluationsleitfaden\/' style='color:#ffffff;'>Download<\/a><\/div><div class='wpb_single_image desktop_only'><img src='https:\/\/www.striped-giraffe.com\/wp-content\/uploads\/2022\/02\/Teaser_Evaluation_Guide-600x960.jpg' \/><\/div><div class='wpb_single_image mobile_only'><img src='https:\/\/www.striped-giraffe.com\/wp-content\/uploads\/2022\/02\/Teaser_Evaluation_Guide-600x700.jpg' \/><\/div><\/div><\/div><\/div><\/div><\/div><\/div><\/div>[\/vc_column][\/vc_row][vc_row full_width=&#8220;stretch_row&#8220; css=&#8220;.vc_custom_1705587310854{margin-bottom: 50px !important;}&#8220;][vc_column][vc_row_inner][vc_column_inner width=&#8220;1\/3&#8243;][vc_column_text]<\/p>\n<h2 class=\"headline_superbig\">Let&#8217;s talk<\/h2>\n<p>[\/vc_column_text][\/vc_column_inner][vc_column_inner width=&#8220;2\/3&#8243;][vc_column_text]<\/p>\n<h3>Brauchen Sie ein <strong>konkretes Angebot<\/strong> oder suchen Sie einen <strong>Sparringspartner<\/strong>, mit dem sie Ideen diskutieren und entwickeln k\u00f6nnen?<\/h3>\n<h3>Dann melden Sie sich:<\/h3>\n<ul>\n<li><a href=\"mailto:experts@striped-giraffe.com\">experts@striped-giraffe.com<\/a><\/li>\n<li><span style=\"color: #ef6c00;\">+49 (0)89-416 126-667<\/span><\/li>\n<\/ul>\n<p>[\/vc_column_text]<a class=\"calendly\" href=\"\" onclick=\"Calendly.initPopupWidget({url: 'https:\/\/calendly.com\/striped-giraffe\/30min'});return false;\">Termin vereinbaren<\/a>[vc_column_text css=&#8220;.vc_custom_1705936147633{margin-top: 32px !important;}&#8220;]<\/p>\n<h3>Wir unterst\u00fctzen Sie gerne.<\/h3>\n<p>[\/vc_column_text][\/vc_column_inner][\/vc_row_inner][\/vc_column][\/vc_row][vc_row full_width=&#8220;stretch_row&#8220; bg_type=&#8220;bg_color&#8220; bg_color_value=&#8220;#000000&#8243; css=&#8220;.vc_custom_1611218581661{margin-top: 100px !important;padding-top: 100px !important;}&#8220;][vc_column][vc_row_inner][vc_column_inner width=&#8220;1\/3&#8243; css=&#8220;.vc_custom_1611218644223{padding-right: 35px !important;}&#8220;][vc_column_text]<\/p>\n<h2 class=\"headline_superbig\"><span style=\"color: #ffffff;\">FULL-SERVICE FOR YOUR DIGITAL CHALLENGE<\/span><\/h2>\n<p><span style=\"color: #ffffff;\">Ganz egal, welche digitale Herausforderung Sie meistern m\u00fcssen, wir unterst\u00fctzen Sie dabei. Mit den unterschiedlichen Spezialisten in unserem Team und unserem Experten-Netzwerk finden wir f\u00fcr jedes Problem die passende L\u00f6sung.<\/span>[\/vc_column_text][vc_empty_space][\/vc_column_inner][vc_column_inner width=&#8220;1\/3&#8243;]<div class=\"templatera_shortcode\"><div class=\"vc_row wpb_row vc_row-fluid\"><div class=\"wpb_column vc_column_container vc_col-sm-12\"><div class=\"vc_column-inner\"><div class=\"wpb_wrapper\"><div id='' class='teaserbox  overlay'><div class='teaserbox_inner'><div class='teaserheadline'><h2 style='color:#ffffff;font-family:DinWebPro Bold;'>IT-Beratung<\/h2><h3 style='color:#ffffff;'>Frische Ideen und fundiertes Knowhow fu\u0308r Ihr Business<\/h3><\/div><div class='teasertext'><div class='wpb_wrapper'>Herausfordernde Zeit verlangen ad\u00e4quate und m\u00f6glichst flexible L\u00f6sungen. Die Bandbreite ist riesig. F\u00fcr jedes Unternehmen und jedes Problem l\u00e4sst sich die passende L\u00f6sung finden oder entwickeln.<\/div><\/div><div class='teaserlink'><a href='https:\/\/www.striped-giraffe.com\/de\/leistungen\/it-beratung\/' style='color:#ffffff;'>IT-Beratung<\/a><\/div><div class='wpb_single_image desktop_only'><img src='https:\/\/www.striped-giraffe.com\/wp-content\/uploads\/2021\/01\/Teaser_IT_Consulting.jpg' \/><\/div><div class='wpb_single_image mobile_only'><img src='https:\/\/www.striped-giraffe.com\/wp-content\/uploads\/2021\/01\/Teaser_IT_Consulting-600x700.jpg' \/><\/div><\/div><\/div><\/div><\/div><\/div><\/div><\/div>[\/vc_column_inner][vc_column_inner width=&#8220;1\/3&#8243;]<div class=\"templatera_shortcode\"><div class=\"vc_row wpb_row vc_row-fluid\"><div class=\"wpb_column vc_column_container vc_col-sm-12\"><div class=\"vc_column-inner\"><div class=\"wpb_wrapper\"><div id='' class='teaserbox  overlay'><div class='teaserbox_inner'><div class='teaserheadline'><h2 style='color:#ffffff;font-family:DinWebPro Bold;'>PROJEKT MANAGEMENT<\/h2><h3 style='color:#ffffff;'>Digitale L\u00f6sungen, die alle Anforderungen erf\u00fcllen<\/h3><\/div><div class='teasertext'><div class='wpb_wrapper'>Unsere Projektmanager stehen f\u00fcr die optimale Erf\u00fcllung der Anforderungen aus den Bereichen Business, Anwender und Technologie.<\/div><\/div><div class='teaserlink'><a href='https:\/\/www.striped-giraffe.com\/leistungen\/projektmanagement\/' style='color:#ffffff;'>Projektmanagement<\/a><\/div><div class='wpb_single_image desktop_only'><img src='https:\/\/www.striped-giraffe.com\/wp-content\/uploads\/2021\/01\/Projectmanagement_Teaser-600x960.jpg' \/><\/div><div class='wpb_single_image mobile_only'><img src='https:\/\/www.striped-giraffe.com\/wp-content\/uploads\/2021\/01\/Projectmanagement_Teaser-600x700.jpg' \/><\/div><\/div><\/div><\/div><\/div><\/div><\/div><\/div>[\/vc_column_inner][\/vc_row_inner][vc_row_inner][vc_column_inner width=&#8220;1\/3&#8243;][\/vc_column_inner][vc_column_inner width=&#8220;1\/3&#8243;]<div class=\"templatera_shortcode\"><div class=\"vc_row wpb_row vc_row-fluid\"><div class=\"wpb_column vc_column_container vc_col-sm-12\"><div class=\"vc_column-inner\"><div class=\"wpb_wrapper\"><div id='' class='teaserbox  overlay'><div class='teaserbox_inner'><div class='teaserheadline'><h2 style='color:#000000;font-family:DinWebPro Bold;'>Entwicklung<\/h2><h3 style='color:#000000;'>Wir entwickeln zukunftsorientierte L\u00f6sungen<\/h3><\/div><div class='teasertext'><div class='wpb_wrapper'>Wir stellen komplette Entwicklungsteams in Eigenverantwortung oder erg\u00e4nzen bestehende Teams mit unserer Expertise.<\/div><\/div><div class='teaserlink'><a href='https:\/\/www.striped-giraffe.com\/de\/leistungen\/entwicklung\/' style='color:#ffffff;'>Entwicklung<\/a><\/div><div class='wpb_single_image desktop_only'><img src='https:\/\/www.striped-giraffe.com\/wp-content\/uploads\/2021\/01\/Teaser_Development.jpg' \/><\/div><div class='wpb_single_image mobile_only'><img src='https:\/\/www.striped-giraffe.com\/wp-content\/uploads\/2021\/01\/Teaser_Development-600x700.jpg' \/><\/div><\/div><\/div><\/div><\/div><\/div><\/div><\/div>[\/vc_column_inner][vc_column_inner width=&#8220;1\/3&#8243;]<div class=\"templatera_shortcode\"><div class=\"vc_row wpb_row vc_row-fluid\"><div class=\"wpb_column vc_column_container vc_col-sm-12\"><div class=\"vc_column-inner\"><div class=\"wpb_wrapper\"><div id='' class='teaserbox  overlay'><div class='teaserbox_inner'><div class='teaserheadline'><h2 style='color:#ffffff;font-family:DinWebPro Bold;'>UX\/UI<\/h2><h3 style='color:#ffffff;'>Wir kreieren Erlebniswelten, die Kunden begeistern<\/h3><\/div><div class='teasertext'><div class='wpb_wrapper'>Wir stellen den Nutzer in den Fokus, um ein atemberaubendes Kundenerlebnis zu gestalten.<\/div><\/div><div class='teaserlink'><a href='https:\/\/www.striped-giraffe.com\/leistungen\/ux-ui\/' style='color:#ffffff;'>UX\/UI<\/a><\/div><div class='wpb_single_image desktop_only'><img src='https:\/\/www.striped-giraffe.com\/wp-content\/uploads\/2021\/01\/UX_UI_Teaser-2-600x960.jpg' \/><\/div><div class='wpb_single_image mobile_only'><img src='https:\/\/www.striped-giraffe.com\/wp-content\/uploads\/2021\/01\/UX_UI_Teaser-2-600x700.jpg' \/><\/div><\/div><\/div><\/div><\/div><\/div><\/div><\/div>[\/vc_column_inner][\/vc_row_inner][\/vc_column][\/vc_row]<\/p>\n<\/section>","protected":false},"excerpt":{"rendered":"D2C Direct-to-Consumer H\u00f6here Gewinnspannen sind nicht der einzige Vorteil von D2C. Der gr\u00f6\u00dfte Benefit sind die Kundendaten, zu denen Sie [...]","protected":false},"author":2,"featured_media":0,"parent":305,"menu_order":0,"comment_status":"closed","ping_status":"closed","template":"","meta":{"footnotes":""},"acf":[],"yoast_head":"<!-- This site is optimized with the Yoast SEO Premium plugin v20.5 (Yoast SEO v20.5) - https:\/\/yoast.com\/wordpress\/plugins\/seo\/ -->\n<title>D2C - Unz\u00e4hlige Vorteilen f\u00fcr alle Beteiligten<\/title>\n<meta name=\"description\" content=\"D2C-E-Commerce beseitigt die Barriere zwischen den Verbrauchern und Ihrem Unternehmen. So erhalten Sie direkten Zugang zu den Kundendaten.\" \/>\n<meta name=\"robots\" content=\"index, follow, max-snippet:-1, max-image-preview:large, max-video-preview:-1\" \/>\n<link rel=\"canonical\" href=\"https:\/\/www.striped-giraffe.com\/de\/expertise\/e-commerce\/d2c\/\" \/>\n<meta property=\"og:locale\" content=\"de_DE\" \/>\n<meta property=\"og:type\" content=\"article\" \/>\n<meta property=\"og:title\" content=\"D2C\" \/>\n<meta property=\"og:description\" content=\"D2C-E-Commerce beseitigt die Barriere zwischen den Verbrauchern und Ihrem Unternehmen. So erhalten Sie direkten Zugang zu den Kundendaten.\" \/>\n<meta property=\"og:url\" content=\"https:\/\/www.striped-giraffe.com\/de\/expertise\/e-commerce\/d2c\/\" \/>\n<meta property=\"og:site_name\" content=\"Striped Giraffe\" \/>\n<meta property=\"article:modified_time\" content=\"2024-01-25T11:51:14+00:00\" \/>\n<meta name=\"twitter:card\" content=\"summary_large_image\" \/>\n<meta name=\"twitter:label1\" content=\"Gesch\u00e4tzte Lesezeit\" \/>\n\t<meta name=\"twitter:data1\" content=\"4\u00a0Minuten\" \/>\n<script type=\"application\/ld+json\" class=\"yoast-schema-graph\">{\"@context\":\"https:\/\/schema.org\",\"@graph\":[{\"@type\":\"WebPage\",\"@id\":\"https:\/\/www.striped-giraffe.com\/de\/expertise\/e-commerce\/d2c\/\",\"url\":\"https:\/\/www.striped-giraffe.com\/de\/expertise\/e-commerce\/d2c\/\",\"name\":\"D2C - Unz\u00e4hlige Vorteilen f\u00fcr alle Beteiligten\",\"isPartOf\":{\"@id\":\"https:\/\/www.striped-giraffe.com\/de\/#website\"},\"datePublished\":\"2023-06-06T10:30:07+00:00\",\"dateModified\":\"2024-01-25T11:51:14+00:00\",\"description\":\"D2C-E-Commerce beseitigt die Barriere zwischen den Verbrauchern und Ihrem Unternehmen. So erhalten Sie direkten Zugang zu den Kundendaten.\",\"breadcrumb\":{\"@id\":\"https:\/\/www.striped-giraffe.com\/de\/expertise\/e-commerce\/d2c\/#breadcrumb\"},\"inLanguage\":\"de\",\"potentialAction\":[{\"@type\":\"ReadAction\",\"target\":[\"https:\/\/www.striped-giraffe.com\/de\/expertise\/e-commerce\/d2c\/\"]}]},{\"@type\":\"BreadcrumbList\",\"@id\":\"https:\/\/www.striped-giraffe.com\/de\/expertise\/e-commerce\/d2c\/#breadcrumb\",\"itemListElement\":[{\"@type\":\"ListItem\",\"position\":1,\"name\":\"Expertise\",\"item\":\"https:\/\/www.striped-giraffe.com\/de\/expertise\/\"},{\"@type\":\"ListItem\",\"position\":2,\"name\":\"E-Commerce\",\"item\":\"https:\/\/www.striped-giraffe.com\/de\/expertise\/e-commerce\/\"},{\"@type\":\"ListItem\",\"position\":3,\"name\":\"D2C\"}]},{\"@type\":\"WebSite\",\"@id\":\"https:\/\/www.striped-giraffe.com\/de\/#website\",\"url\":\"https:\/\/www.striped-giraffe.com\/de\/\",\"name\":\"Striped Giraffe\",\"description\":\"Ihr zuverl\u00e4ssiger Anbieter f\u00fcr digitale Enterprise-L\u00f6sungen\",\"publisher\":{\"@id\":\"https:\/\/www.striped-giraffe.com\/de\/#organization\"},\"potentialAction\":[{\"@type\":\"SearchAction\",\"target\":{\"@type\":\"EntryPoint\",\"urlTemplate\":\"https:\/\/www.striped-giraffe.com\/de\/?s={search_term_string}\"},\"query-input\":\"required name=search_term_string\"}],\"inLanguage\":\"de\"},{\"@type\":\"Organization\",\"@id\":\"https:\/\/www.striped-giraffe.com\/de\/#organization\",\"name\":\"Striped Giraffe\",\"url\":\"https:\/\/www.striped-giraffe.com\/de\/\",\"logo\":{\"@type\":\"ImageObject\",\"inLanguage\":\"de\",\"@id\":\"https:\/\/www.striped-giraffe.com\/de\/#\/schema\/logo\/image\/\",\"url\":\"https:\/\/www.striped-giraffe.com\/wp-content\/uploads\/2021\/01\/giraffe_white.svg\",\"contentUrl\":\"https:\/\/www.striped-giraffe.com\/wp-content\/uploads\/2021\/01\/giraffe_white.svg\",\"caption\":\"Striped Giraffe\"},\"image\":{\"@id\":\"https:\/\/www.striped-giraffe.com\/de\/#\/schema\/logo\/image\/\"}}]}<\/script>\n<!-- \/ Yoast SEO Premium plugin. -->","yoast_head_json":{"title":"D2C - Unz\u00e4hlige Vorteilen f\u00fcr alle Beteiligten","description":"D2C-E-Commerce beseitigt die Barriere zwischen den Verbrauchern und Ihrem Unternehmen. So erhalten Sie direkten Zugang zu den Kundendaten.","robots":{"index":"index","follow":"follow","max-snippet":"max-snippet:-1","max-image-preview":"max-image-preview:large","max-video-preview":"max-video-preview:-1"},"canonical":"https:\/\/www.striped-giraffe.com\/de\/expertise\/e-commerce\/d2c\/","og_locale":"de_DE","og_type":"article","og_title":"D2C","og_description":"D2C-E-Commerce beseitigt die Barriere zwischen den Verbrauchern und Ihrem Unternehmen. So erhalten Sie direkten Zugang zu den Kundendaten.","og_url":"https:\/\/www.striped-giraffe.com\/de\/expertise\/e-commerce\/d2c\/","og_site_name":"Striped Giraffe","article_modified_time":"2024-01-25T11:51:14+00:00","twitter_card":"summary_large_image","twitter_misc":{"Gesch\u00e4tzte Lesezeit":"4\u00a0Minuten"},"schema":{"@context":"https:\/\/schema.org","@graph":[{"@type":"WebPage","@id":"https:\/\/www.striped-giraffe.com\/de\/expertise\/e-commerce\/d2c\/","url":"https:\/\/www.striped-giraffe.com\/de\/expertise\/e-commerce\/d2c\/","name":"D2C - Unz\u00e4hlige Vorteilen f\u00fcr alle Beteiligten","isPartOf":{"@id":"https:\/\/www.striped-giraffe.com\/de\/#website"},"datePublished":"2023-06-06T10:30:07+00:00","dateModified":"2024-01-25T11:51:14+00:00","description":"D2C-E-Commerce beseitigt die Barriere zwischen den Verbrauchern und Ihrem Unternehmen. So erhalten Sie direkten Zugang zu den Kundendaten.","breadcrumb":{"@id":"https:\/\/www.striped-giraffe.com\/de\/expertise\/e-commerce\/d2c\/#breadcrumb"},"inLanguage":"de","potentialAction":[{"@type":"ReadAction","target":["https:\/\/www.striped-giraffe.com\/de\/expertise\/e-commerce\/d2c\/"]}]},{"@type":"BreadcrumbList","@id":"https:\/\/www.striped-giraffe.com\/de\/expertise\/e-commerce\/d2c\/#breadcrumb","itemListElement":[{"@type":"ListItem","position":1,"name":"Expertise","item":"https:\/\/www.striped-giraffe.com\/de\/expertise\/"},{"@type":"ListItem","position":2,"name":"E-Commerce","item":"https:\/\/www.striped-giraffe.com\/de\/expertise\/e-commerce\/"},{"@type":"ListItem","position":3,"name":"D2C"}]},{"@type":"WebSite","@id":"https:\/\/www.striped-giraffe.com\/de\/#website","url":"https:\/\/www.striped-giraffe.com\/de\/","name":"Striped Giraffe","description":"Ihr zuverl\u00e4ssiger Anbieter f\u00fcr digitale Enterprise-L\u00f6sungen","publisher":{"@id":"https:\/\/www.striped-giraffe.com\/de\/#organization"},"potentialAction":[{"@type":"SearchAction","target":{"@type":"EntryPoint","urlTemplate":"https:\/\/www.striped-giraffe.com\/de\/?s={search_term_string}"},"query-input":"required name=search_term_string"}],"inLanguage":"de"},{"@type":"Organization","@id":"https:\/\/www.striped-giraffe.com\/de\/#organization","name":"Striped Giraffe","url":"https:\/\/www.striped-giraffe.com\/de\/","logo":{"@type":"ImageObject","inLanguage":"de","@id":"https:\/\/www.striped-giraffe.com\/de\/#\/schema\/logo\/image\/","url":"https:\/\/www.striped-giraffe.com\/wp-content\/uploads\/2021\/01\/giraffe_white.svg","contentUrl":"https:\/\/www.striped-giraffe.com\/wp-content\/uploads\/2021\/01\/giraffe_white.svg","caption":"Striped Giraffe"},"image":{"@id":"https:\/\/www.striped-giraffe.com\/de\/#\/schema\/logo\/image\/"}}]}},"_links":{"self":[{"href":"https:\/\/www.striped-giraffe.com\/de\/wp-json\/wp\/v2\/pages\/34550"}],"collection":[{"href":"https:\/\/www.striped-giraffe.com\/de\/wp-json\/wp\/v2\/pages"}],"about":[{"href":"https:\/\/www.striped-giraffe.com\/de\/wp-json\/wp\/v2\/types\/page"}],"author":[{"embeddable":true,"href":"https:\/\/www.striped-giraffe.com\/de\/wp-json\/wp\/v2\/users\/2"}],"replies":[{"embeddable":true,"href":"https:\/\/www.striped-giraffe.com\/de\/wp-json\/wp\/v2\/comments?post=34550"}],"version-history":[{"count":6,"href":"https:\/\/www.striped-giraffe.com\/de\/wp-json\/wp\/v2\/pages\/34550\/revisions"}],"predecessor-version":[{"id":35789,"href":"https:\/\/www.striped-giraffe.com\/de\/wp-json\/wp\/v2\/pages\/34550\/revisions\/35789"}],"up":[{"embeddable":true,"href":"https:\/\/www.striped-giraffe.com\/de\/wp-json\/wp\/v2\/pages\/305"}],"wp:attachment":[{"href":"https:\/\/www.striped-giraffe.com\/de\/wp-json\/wp\/v2\/media?parent=34550"}],"curies":[{"name":"wp","href":"https:\/\/api.w.org\/{rel}","templated":true}]}}