{"id":34773,"date":"2023-08-03T11:40:55","date_gmt":"2023-08-03T09:40:55","guid":{"rendered":"https:\/\/www.striped-giraffe.com\/case-study-ratioform-copy\/"},"modified":"2023-12-04T18:40:11","modified_gmt":"2023-12-04T17:40:11","slug":"agile-survey-thank-you","status":"publish","type":"page","link":"https:\/\/www.striped-giraffe.com\/de\/agile-survey-thank-you\/","title":{"rendered":"Agile Survey Thank You"},"content":{"rendered":"<section class=\"wpb-content-wrapper\"><p>[vc_row full_width=&#8220;stretch_row&#8220; full_height=&#8220;yes&#8220; equal_height=&#8220;yes&#8220; bg_type=&#8220;image&#8220; parallax_style=&#8220;vcpb-default&#8220; bg_image_new=&#8220;id^34797|url^https:\/\/www.striped-giraffe.com\/wp-content\/uploads\/2023\/08\/Thank-You-Image.jpg|caption^agile survey|alt^agile|title^Thank-You-Image|description^Thanks for completing the agile survey&#8220; css=&#8220;.vc_custom_1691073334334{padding-top: 100px !important;background-position: center !important;background-repeat: no-repeat !important;background-size: cover !important;}&#8220;][vc_column][vc_row_inner css=&#8220;.vc_custom_1691074207398{margin-top: 150px !important;margin-right: 100px !important;margin-bottom: 0px !important;margin-left: 100px !important;padding-top: 100px !important;padding-bottom: 220px !important;background-color: rgba(0,0,0,0.76) !important;*background-color: rgb(0,0,0) !important;}&#8220;][vc_column_inner][vc_column_text]<\/p>\n<h1 style=\"text-align: center;\"><span style=\"color: #ffffff;\">Die Umfrage wurde beendet.<\/span><\/h1>\n<h3 style=\"text-align: center;\"><span style=\"color: #ffffff;\">Sie k\u00f6nnen uns aber gerne unter <span style=\"color: #ef6c00;\">experts@striped-giraffe.com<\/span> kontaktieren, wenn Sie Fragen zum Thema &#8222;agile&#8220; haben.<\/span><\/h3>\n<p>[\/vc_column_text][\/vc_column_inner][\/vc_row_inner][\/vc_column][\/vc_row][vc_row full_width=&#8220;stretch_row&#8220; content_placement=&#8220;bottom&#8220; bg_type=&#8220;bg_color&#8220; ult_hide_row=&#8220;ult_hide_row_value&#8220; ult_hide_row_large_screen=&#8220;large_screen&#8220; ult_hide_row_desktop=&#8220;desktop&#8220; ult_hide_row_tablet=&#8220;tablet&#8220; ult_hide_row_tablet_small=&#8220;xs_tablet&#8220; ult_hide_row_mobile=&#8220;mobile&#8220; ult_hide_row_mobile_large=&#8220;xl_mobile&#8220; css=&#8220;.vc_custom_1701711464534{margin-bottom: 0px !important;padding-top: 100px !important;padding-bottom: 100px !important;background-color: #ffffff !important;}&#8220; bg_color_value=&#8220;#000000&#8243; el_class=&#8220;closetotop&#8220;][vc_column width=&#8220;1\/5&#8243;][\/vc_column][vc_column width=&#8220;3\/5&#8243;][vc_column_text]<\/p>\n<h3 style=\"text-align: center;\"><span style=\"color: #ffffff;\">We will evaluate all responses and create a superior report from them. As a participant in this survey, you will be the first to receive the final results.<\/span><\/h3>\n<p style=\"text-align: center;\"><a href=\"https:\/\/youtu.be\/Bez7wmAsxjE\"><img decoding=\"async\" class=\"aligncenter\" src=\"https:\/\/www.freepnglogos.com\/uploads\/youtube-logo-hd-8.png\" alt=\"\" width=\"109\" height=\"82\" \/><\/a><\/p>\n<h3 style=\"text-align: center;\"><span style=\"color: #ff0000;\">Check out the whole story<\/span><\/h3>\n<h3 style=\"text-align: center;\"><span style=\"color: #ffffff;\">and join the agile discussion.<\/span><\/h3>\n<p>[\/vc_column_text][\/vc_column][vc_column width=&#8220;1\/5&#8243;][\/vc_column][\/vc_row][vc_row full_width=&#8220;stretch_row&#8220; css=&#8220;.vc_custom_1691059229771{margin-top: 50px !important;margin-bottom: 100px !important;padding-top: 100px !important;}&#8220;][vc_column width=&#8220;1\/5&#8243;][\/vc_column][vc_column width=&#8220;3\/5&#8243;][vc_column_text el_class=&#8220;small&#8220;]<\/p>\n<blockquote>\n<h2 style=\"text-align: center;\">AGILE IS NOT AN EXCUSE FOR CHAOS.<\/h2>\n<\/blockquote>\n<p style=\"text-align: center;\"><b>Gunnar Rohde<\/b>, CEO of Striped Giraffe<\/p>\n<p>[\/vc_column_text][\/vc_column][vc_column width=&#8220;1\/5&#8243;][\/vc_column][\/vc_row][vc_row full_width=&#8220;stretch_row&#8220; gap=&#8220;35&#8243; bg_type=&#8220;bg_color&#8220; css=&#8220;.vc_custom_1691073997301{padding-top: 50px !important;padding-bottom: 60px !important;padding-left: 100px !important;background-color: #ffffff !important;}&#8220; bg_color_value=&#8220;#000000&#8243;][vc_column width=&#8220;1\/6&#8243;][\/vc_column][vc_column width=&#8220;3\/6&#8243;][vc_column_text]<\/p>\n<h3><span style=\"color: #ffffff;\">M\u00f6chten Sie mit uns pers\u00f6nlich \u00fcber Agile diskutieren? Buchen Sie einfach einen Termin.<\/span><\/h3>\n<p>[\/vc_column_text][\/vc_column][vc_column width=&#8220;2\/6&#8243;]<a class=\"calendly\" href=\"\" onclick=\"Calendly.initPopupWidget({url: 'https:\/\/calendly.com\/striped-giraffe\/30min'});return false;\">\ud83d\udcde Termin buchen<\/a>[\/vc_column][\/vc_row][vc_row full_width=&#8220;stretch_row&#8220; bg_type=&#8220;bg_color&#8220; bg_color_value=&#8220;#000000&#8243;][vc_column][\/vc_column][\/vc_row][vc_row full_width=&#8220;stretch_row&#8220; gap=&#8220;35&#8243; disable_element=&#8220;yes&#8220; bg_type=&#8220;bg_color&#8220; ult_hide_row=&#8220;ult_hide_row_value&#8220; ult_hide_row_large_screen=&#8220;large_screen&#8220; ult_hide_row_desktop=&#8220;desktop&#8220; ult_hide_row_tablet=&#8220;tablet&#8220; ult_hide_row_tablet_small=&#8220;xs_tablet&#8220; ult_hide_row_mobile=&#8220;mobile&#8220; ult_hide_row_mobile_large=&#8220;xl_mobile&#8220; css=&#8220;.vc_custom_1691073973688{margin-top: 0px !important;margin-bottom: 0px !important;padding-top: 100px !important;padding-bottom: 100px !important;}&#8220; bg_color_value=&#8220;#000000&#8243;][vc_column][vc_row_inner][vc_column_inner width=&#8220;1\/3&#8243; css=&#8220;.vc_custom_1610013762619{padding-right: 25px !important;}&#8220;][vc_column_text]<\/p>\n<h2><span style=\"color: #ef6c00;\">Wir schaffen Mehrwerte<\/span> <span style=\"color: #ffffff;\">f\u00fcr unsere Kunden.<\/span><\/h2>\n<p><span style=\"color: #ffffff;\">Das f\u00fchrt zu einer langj\u00e4hrigen Zusammenarbeit mit unseren Kunden, die wir sehr sch\u00e4tzen. Noch mehr E-Books, Case Studies und co. finden Sie in unseren <a href=\"https:\/\/www.striped-giraffe.com\/insights\/\">Insights<\/a>.<\/span>[\/vc_column_text][\/vc_column_inner][vc_column_inner width=&#8220;1\/3&#8243;]<div class=\"templatera_shortcode\"><div class=\"vc_row wpb_row vc_row-fluid teaserbox\"><div class=\"wpb_column vc_column_container vc_col-sm-12\"><div class=\"vc_column-inner\"><div class=\"wpb_wrapper\">\n\t<div class=\"wpb_text_column wpb_content_element  teaserheadline\" >\n\t\t<div class=\"wpb_wrapper\">\n\t\t\t<p><strong><span style=\"color: #ffffff;\">Case Study Hilti<\/span><\/strong><\/p>\n<p><span style=\"color: #ffffff;\">Self-Service f\u00fcr die neue globale Plattform zur Vermietung von Werkzeugen<\/span><\/p>\n\n\t\t<\/div>\n\t<\/div>\n\n\t<div  class=\"wpb_single_image wpb_content_element vc_align_left   teaser_logo\">\n\t\t\n\t\t<figure class=\"wpb_wrapper vc_figure\">\n\t\t\t<div class=\"vc_single_image-wrapper   vc_box_border_grey\"><img decoding=\"async\" width=\"500\" height=\"103\" src=\"https:\/\/www.striped-giraffe.com\/wp-content\/uploads\/2021\/01\/Hilti_logo.svg.png\" class=\"vc_single_image-img attachment-full\" alt=\"\" title=\"Hilti_logo.svg\" srcset=\"https:\/\/www.striped-giraffe.com\/wp-content\/uploads\/2021\/01\/Hilti_logo.svg.png 500w, https:\/\/www.striped-giraffe.com\/wp-content\/uploads\/2021\/01\/Hilti_logo.svg-300x62.png 300w\" sizes=\"(max-width: 500px) 100vw, 500px\" \/><\/div>\n\t\t<\/figure>\n\t<\/div>\n\n\t<div class=\"wpb_text_column wpb_content_element  teaserlink\" >\n\t\t<div class=\"wpb_wrapper\">\n\t\t\t<p><span style=\"color: #ffffff;\"><a style=\"color: #ffffff;\" href=\"https:\/\/www.striped-giraffe.com\/hilti-case-study\/\">Zur Case Study<\/a><\/span><\/p>\n\n\t\t<\/div>\n\t<\/div>\n\n\t<div  class=\"wpb_single_image wpb_content_element vc_align_left\">\n\t\t\n\t\t<figure class=\"wpb_wrapper vc_figure\">\n\t\t\t<div class=\"vc_single_image-wrapper   vc_box_border_grey\"><img decoding=\"async\" class=\"vc_single_image-img \" src=\"https:\/\/www.striped-giraffe.com\/wp-content\/uploads\/2021\/01\/AdobeStock_194421060-scaled_v3-600x960.jpg\" width=\"600\" height=\"960\" alt=\"AdobeStock_194421060-scaled_v3\" title=\"AdobeStock_194421060-scaled_v3\" \/><\/div>\n\t\t<\/figure>\n\t<\/div>\n<\/div><\/div><\/div><\/div><\/div>[\/vc_column_inner][vc_column_inner width=&#8220;1\/3&#8243;]<div class=\"templatera_shortcode\"><div class=\"vc_row wpb_row vc_row-fluid\"><div class=\"wpb_column vc_column_container vc_col-sm-12\"><div class=\"vc_column-inner\"><div class=\"wpb_wrapper\"><div id='' class='teaserbox  overlay'><div class='teaserbox_inner'><div class='teaserheadline'><h3 style='text-transform:uppercase;color:#ef6c00;font-family:DinWebPro Bold;'>Case Study Keller &amp; Kalmbach<\/h3><h2 style='text-transform:none;color:#000000;'>Upgrade der SAP Commerce-Plattform und Migration auf Microsoft Azure in 2,5 Monaten<\/h2><\/div><div class='teasertext'><div class='wpb_wrapper'>Der richtige Dienstleister macht den Unterschied. Das kann auch Keller &amp; Kalmbach best\u00e4tigen. Alle Details zum Rekordzeit-Projekt finden Sie in dieser Case Study.<\/div><\/div><div class='teaserlink'><a href='https:\/\/www.striped-giraffe.com\/de\/case-study-keller-kalmbach\/' style='color:#000000;'>Zur Case Study<\/a><\/div><div class='wpb_single_image desktop_only'><img src='https:\/\/www.striped-giraffe.com\/wp-content\/uploads\/2021\/10\/News_teaser_Keller-and-Kalmbach-case-study-DE-cover-600x960.png' \/><\/div><div class='wpb_single_image mobile_only'><img src='https:\/\/www.striped-giraffe.com\/wp-content\/uploads\/2021\/10\/News_teaser_Keller-and-Kalmbach-case-study-DE-cover-600x700.png' \/><\/div><\/div><\/div><\/div><\/div><\/div><\/div><\/div>[\/vc_column_inner][\/vc_row_inner][\/vc_column][\/vc_row]<\/p>\n<\/section>","protected":false},"excerpt":{"rendered":"Die Umfrage wurde beendet. Sie k\u00f6nnen uns aber gerne unter experts@striped-giraffe.com kontaktieren, wenn Sie Fragen zum Thema \"agile\" haben. We [...]","protected":false},"author":2,"featured_media":34803,"parent":0,"menu_order":0,"comment_status":"closed","ping_status":"closed","template":"","meta":{"footnotes":""},"acf":[],"yoast_head":"<!-- This site is optimized with the Yoast SEO Premium plugin v20.5 (Yoast SEO v20.5) - https:\/\/yoast.com\/wordpress\/plugins\/seo\/ -->\n<title>Thank you for completing the survey<\/title>\n<meta name=\"description\" content=\"You completed the big agile survey. Thank you very much. You will be amongst the first to receive the outstanding agile report.\" \/>\n<meta name=\"robots\" content=\"index, follow, max-snippet:-1, max-image-preview:large, max-video-preview:-1\" \/>\n<link rel=\"canonical\" href=\"https:\/\/www.striped-giraffe.com\/de\/agile-survey-thank-you\/\" \/>\n<meta property=\"og:locale\" content=\"de_DE\" \/>\n<meta property=\"og:type\" content=\"article\" \/>\n<meta property=\"og:title\" content=\"Agile Survey Thank You\" \/>\n<meta property=\"og:description\" content=\"You completed the big agile survey. Thank you very much. You will be amongst the first to receive the outstanding agile report.\" \/>\n<meta property=\"og:url\" content=\"https:\/\/www.striped-giraffe.com\/de\/agile-survey-thank-you\/\" \/>\n<meta property=\"og:site_name\" content=\"Striped Giraffe\" \/>\n<meta property=\"article:modified_time\" content=\"2023-12-04T17:40:11+00:00\" \/>\n<meta property=\"og:image\" content=\"https:\/\/www.striped-giraffe.com\/wp-content\/uploads\/2023\/08\/Thank-You-referral.jpg\" \/>\n\t<meta property=\"og:image:width\" content=\"700\" \/>\n\t<meta property=\"og:image:height\" content=\"343\" \/>\n\t<meta property=\"og:image:type\" content=\"image\/jpeg\" \/>\n<meta name=\"twitter:card\" content=\"summary_large_image\" \/>\n<meta name=\"twitter:label1\" content=\"Gesch\u00e4tzte Lesezeit\" \/>\n\t<meta name=\"twitter:data1\" content=\"2\u00a0Minuten\" \/>\n<script type=\"application\/ld+json\" class=\"yoast-schema-graph\">{\"@context\":\"https:\/\/schema.org\",\"@graph\":[{\"@type\":\"WebPage\",\"@id\":\"https:\/\/www.striped-giraffe.com\/de\/agile-survey-thank-you\/\",\"url\":\"https:\/\/www.striped-giraffe.com\/de\/agile-survey-thank-you\/\",\"name\":\"Thank you for completing the survey\",\"isPartOf\":{\"@id\":\"https:\/\/www.striped-giraffe.com\/de\/#website\"},\"datePublished\":\"2023-08-03T09:40:55+00:00\",\"dateModified\":\"2023-12-04T17:40:11+00:00\",\"description\":\"You completed the big agile survey. Thank you very much. You will be amongst the first to receive the outstanding agile report.\",\"inLanguage\":\"de\",\"potentialAction\":[{\"@type\":\"ReadAction\",\"target\":[\"https:\/\/www.striped-giraffe.com\/de\/agile-survey-thank-you\/\"]}]},{\"@type\":\"WebSite\",\"@id\":\"https:\/\/www.striped-giraffe.com\/de\/#website\",\"url\":\"https:\/\/www.striped-giraffe.com\/de\/\",\"name\":\"Striped Giraffe\",\"description\":\"Ihr zuverl\u00e4ssiger Anbieter f\u00fcr digitale Enterprise-L\u00f6sungen\",\"publisher\":{\"@id\":\"https:\/\/www.striped-giraffe.com\/de\/#organization\"},\"potentialAction\":[{\"@type\":\"SearchAction\",\"target\":{\"@type\":\"EntryPoint\",\"urlTemplate\":\"https:\/\/www.striped-giraffe.com\/de\/?s={search_term_string}\"},\"query-input\":\"required name=search_term_string\"}],\"inLanguage\":\"de\"},{\"@type\":\"Organization\",\"@id\":\"https:\/\/www.striped-giraffe.com\/de\/#organization\",\"name\":\"Striped Giraffe\",\"url\":\"https:\/\/www.striped-giraffe.com\/de\/\",\"logo\":{\"@type\":\"ImageObject\",\"inLanguage\":\"de\",\"@id\":\"https:\/\/www.striped-giraffe.com\/de\/#\/schema\/logo\/image\/\",\"url\":\"https:\/\/www.striped-giraffe.com\/wp-content\/uploads\/2021\/01\/giraffe_white.svg\",\"contentUrl\":\"https:\/\/www.striped-giraffe.com\/wp-content\/uploads\/2021\/01\/giraffe_white.svg\",\"caption\":\"Striped Giraffe\"},\"image\":{\"@id\":\"https:\/\/www.striped-giraffe.com\/de\/#\/schema\/logo\/image\/\"}}]}<\/script>\n<!-- \/ Yoast SEO Premium plugin. -->","yoast_head_json":{"title":"Thank you for completing the survey","description":"You completed the big agile survey. Thank you very much. You will be amongst the first to receive the outstanding agile report.","robots":{"index":"index","follow":"follow","max-snippet":"max-snippet:-1","max-image-preview":"max-image-preview:large","max-video-preview":"max-video-preview:-1"},"canonical":"https:\/\/www.striped-giraffe.com\/de\/agile-survey-thank-you\/","og_locale":"de_DE","og_type":"article","og_title":"Agile Survey Thank You","og_description":"You completed the big agile survey. Thank you very much. You will be amongst the first to receive the outstanding agile report.","og_url":"https:\/\/www.striped-giraffe.com\/de\/agile-survey-thank-you\/","og_site_name":"Striped Giraffe","article_modified_time":"2023-12-04T17:40:11+00:00","og_image":[{"width":700,"height":343,"url":"https:\/\/www.striped-giraffe.com\/wp-content\/uploads\/2023\/08\/Thank-You-referral.jpg","type":"image\/jpeg"}],"twitter_card":"summary_large_image","twitter_misc":{"Gesch\u00e4tzte Lesezeit":"2\u00a0Minuten"},"schema":{"@context":"https:\/\/schema.org","@graph":[{"@type":"WebPage","@id":"https:\/\/www.striped-giraffe.com\/de\/agile-survey-thank-you\/","url":"https:\/\/www.striped-giraffe.com\/de\/agile-survey-thank-you\/","name":"Thank you for completing the survey","isPartOf":{"@id":"https:\/\/www.striped-giraffe.com\/de\/#website"},"datePublished":"2023-08-03T09:40:55+00:00","dateModified":"2023-12-04T17:40:11+00:00","description":"You completed the big agile survey. Thank you very much. You will be amongst the first to receive the outstanding agile report.","inLanguage":"de","potentialAction":[{"@type":"ReadAction","target":["https:\/\/www.striped-giraffe.com\/de\/agile-survey-thank-you\/"]}]},{"@type":"WebSite","@id":"https:\/\/www.striped-giraffe.com\/de\/#website","url":"https:\/\/www.striped-giraffe.com\/de\/","name":"Striped Giraffe","description":"Ihr zuverl\u00e4ssiger Anbieter f\u00fcr digitale Enterprise-L\u00f6sungen","publisher":{"@id":"https:\/\/www.striped-giraffe.com\/de\/#organization"},"potentialAction":[{"@type":"SearchAction","target":{"@type":"EntryPoint","urlTemplate":"https:\/\/www.striped-giraffe.com\/de\/?s={search_term_string}"},"query-input":"required name=search_term_string"}],"inLanguage":"de"},{"@type":"Organization","@id":"https:\/\/www.striped-giraffe.com\/de\/#organization","name":"Striped Giraffe","url":"https:\/\/www.striped-giraffe.com\/de\/","logo":{"@type":"ImageObject","inLanguage":"de","@id":"https:\/\/www.striped-giraffe.com\/de\/#\/schema\/logo\/image\/","url":"https:\/\/www.striped-giraffe.com\/wp-content\/uploads\/2021\/01\/giraffe_white.svg","contentUrl":"https:\/\/www.striped-giraffe.com\/wp-content\/uploads\/2021\/01\/giraffe_white.svg","caption":"Striped Giraffe"},"image":{"@id":"https:\/\/www.striped-giraffe.com\/de\/#\/schema\/logo\/image\/"}}]}},"_links":{"self":[{"href":"https:\/\/www.striped-giraffe.com\/de\/wp-json\/wp\/v2\/pages\/34773"}],"collection":[{"href":"https:\/\/www.striped-giraffe.com\/de\/wp-json\/wp\/v2\/pages"}],"about":[{"href":"https:\/\/www.striped-giraffe.com\/de\/wp-json\/wp\/v2\/types\/page"}],"author":[{"embeddable":true,"href":"https:\/\/www.striped-giraffe.com\/de\/wp-json\/wp\/v2\/users\/2"}],"replies":[{"embeddable":true,"href":"https:\/\/www.striped-giraffe.com\/de\/wp-json\/wp\/v2\/comments?post=34773"}],"version-history":[{"count":13,"href":"https:\/\/www.striped-giraffe.com\/de\/wp-json\/wp\/v2\/pages\/34773\/revisions"}],"predecessor-version":[{"id":35571,"href":"https:\/\/www.striped-giraffe.com\/de\/wp-json\/wp\/v2\/pages\/34773\/revisions\/35571"}],"wp:featuredmedia":[{"embeddable":true,"href":"https:\/\/www.striped-giraffe.com\/de\/wp-json\/wp\/v2\/media\/34803"}],"wp:attachment":[{"href":"https:\/\/www.striped-giraffe.com\/de\/wp-json\/wp\/v2\/media?parent=34773"}],"curies":[{"name":"wp","href":"https:\/\/api.w.org\/{rel}","templated":true}]}}