{"id":34997,"date":"2023-09-27T09:31:14","date_gmt":"2023-09-27T07:31:14","guid":{"rendered":"https:\/\/www.striped-giraffe.com\/?page_id=34997"},"modified":"2024-09-11T11:36:59","modified_gmt":"2024-09-11T09:36:59","slug":"ki-finanzwesen-versicherung","status":"publish","type":"page","link":"https:\/\/www.striped-giraffe.com\/de\/ki-finanzwesen-versicherung\/","title":{"rendered":"KI in der Finanz- und Versicherungsbranche"},"content":{"rendered":"<section class=\"wpb-content-wrapper\"><p>[vc_row full_width=&#8220;stretch_row&#8220; full_height=&#8220;yes&#8220; bg_type=&#8220;image&#8220; parallax_style=&#8220;vcpb-default&#8220; bg_image_new=&#8220;id^34999|url^https:\/\/www.striped-giraffe.com\/wp-content\/uploads\/2023\/09\/Header_KI_Finance.jpg|caption^null|alt^null|title^Header_KI_Finance|description^null&#8220; css=&#8220;.vc_custom_1694425602735{margin-bottom: 50px !important;}&#8220;][vc_column][vc_column_text]<\/p>\n<h1><span style=\"color: #ffffff;\">K\u00fcnstliche Intelligenz<\/span><\/h1>\n<h2 class=\"headline_superbig\"><span style=\"color: #ef6c00;\">in der Finanz- und Versicherungsbranche<\/span><\/h2>\n<p>[\/vc_column_text][\/vc_column][\/vc_row][vc_row bg_type=&#8220;bg_color&#8220; el_class=&#8220;closetotop&#8220; bg_color_value=&#8220;#ffffff&#8220; css=&#8220;.vc_custom_1694425571245{padding-top: 50px !important;padding-bottom: 50px !important;}&#8220;][vc_column][vc_column_text]<\/p>\n<h2 class=\"headline_introduction\" style=\"text-align: center;\">Mit KI Risiken minimieren, Kundenservice erh\u00f6hen und rechtliche Rahmenbedingungen einhalten.<\/h2>\n<p>[\/vc_column_text][\/vc_column][\/vc_row][vc_row gap=&#8220;35&#8243; css=&#8220;.vc_custom_1694428222887{margin-bottom: 50px !important;}&#8220;][vc_column width=&#8220;1\/3&#8243;][vc_column_text]<\/p>\n<h2 class=\"headline_superbig\">Anwendungs-F\u00e4lle<\/h2>\n<p>[\/vc_column_text][\/vc_column][vc_column width=&#8220;2\/3&#8243;][vc_column_text]Barclaycard Deutschland kooperiert mit dem E-Commerce-Riesen Amazon, um K\u00e4ufern an der Kasse einen Kreditrahmen f\u00fcr Eink\u00e4ufe auf amazon.de anzubieten. Die KI-basierte L\u00f6sung analysiert das Online-Verhalten der Konsumenten, um Kredite in Echtzeit zu genehmigen.<\/p>\n<p>Viele weitere Anwendungsf\u00e4lle von K\u00fcnstlicher Intelligenz in der Finanz- und Versicherungsbranche finden Sie in unserem <a href=\"#downloadsectionbookletfinance\">Booklet<\/a>.[\/vc_column_text][vc_empty_space height=&#8220;100px&#8220;][vc_column_text]<\/p>\n<h2>Die TOP KI-Anwendungsf\u00e4lle im Finanzwesen<\/h2>\n<p>[\/vc_column_text][vc_single_image image=&#8220;35020&#8243; img_size=&#8220;full&#8220;][\/vc_column][\/vc_row][vc_row gap=&#8220;35&#8243; css=&#8220;.vc_custom_1694427451986{margin-bottom: 100px !important;}&#8220;][vc_column width=&#8220;1\/3&#8243;][vc_column_text]<\/p>\n<h2 class=\"headline_superbig\">Die Wirkungskraft von KI<\/h2>\n<p>[\/vc_column_text][\/vc_column][vc_column width=&#8220;2\/3&#8243;][vc_column_text]K\u00fcnstliche Intelligenz kann in der Finanz- und Versicherungsbranche viel bewirken. Gerade bei kritischen Themen wie Risikomanagement oder Rechtsfragen aber auch im kommerziellen Bereich wie Sales und Marketing k\u00f6nnen KI-Anwendungen den entscheidenden Wettbewerbsvorteil liefern.[\/vc_column_text][vc_empty_space height=&#8220;50px&#8220;][vc_column_text]<\/p>\n<h2>KI-Anwendungen schaffen erheblichen Mehrwert bei Finanzdienstleistungen<\/h2>\n<p>[\/vc_column_text][vc_empty_space][vc_single_image image=&#8220;35026&#8243; img_size=&#8220;full&#8220;][\/vc_column][\/vc_row][vc_row gap=&#8220;35&#8243; css=&#8220;.vc_custom_1695798300699{margin-bottom: 100px !important;}&#8220;][vc_column width=&#8220;1\/3&#8243;][vc_column_text]<\/p>\n<h2 class=\"headline_superbig\">Mehr Infos<\/h2>\n<p>[\/vc_column_text][\/vc_column][vc_column width=&#8220;2\/3&#8243;][vc_column_text]Da wir uns sehr intensiv mit den Themen Digitalisierung und K\u00fcnstliche Intelligenz in der Finanz- und Versicherungsbranche besch\u00e4ftigen, k\u00f6nnen wir Ihnen zahlreiche Informationen zur Verf\u00fcgung stellen. F\u00fcr einen ersten \u00dcberblick mit aktuellen Statistiken und konkreten Anwendungsf\u00e4llen empfehlen wir Ihnen unser Booklet zum kostenlosen Download.[\/vc_column_text][\/vc_column][\/vc_row][vc_row el_id=&#8220;downloadsectionbookletfinance&#8220;][vc_column][\/vc_column][\/vc_row][vc_row gap=&#8220;35&#8243; css=&#8220;.vc_custom_1724317649240{margin-bottom: 100px !important;}&#8220; el_id=&#8220;downloadsection&#8220;][vc_column width=&#8220;1\/3&#8243;][vc_column_text]<\/p>\n<h2 class=\"headline_superbig\">Download<\/h2>\n<p>[\/vc_column_text][vc_empty_space height=&#8220;50&#8243;][vc_single_image image=&#8220;35123&#8243; img_size=&#8220;full&#8220; alignment=&#8220;center&#8220;][\/vc_column][vc_column width=&#8220;2\/3&#8243;][vc_column_text]Laden Sie sich das Booklet &#8222;Artificial Intelligence in the Finance and Insurance sector&#8220; kostenlos herunter.[\/vc_column_text][vc_empty_space][vc_column_text]<div class='_form_60'><\/div><script type='text\/javascript' src='https:\/\/striped-giraffe.activehosted.com\/f\/embed.php?static=0&id=60&69F5E34E56CF4&nostyles=0&preview=0'><\/script>[\/vc_column_text][\/vc_column][\/vc_row][vc_row full_width=&#8220;stretch_row&#8220; css=&#8220;.vc_custom_1706183849370{margin-top: 50px !important;margin-bottom: 50px !important;}&#8220;][vc_column][vc_row_inner][vc_column_inner width=&#8220;1\/3&#8243;][vc_column_text]<\/p>\n<h2 class=\"headline_superbig\">Let&#8217;s talk<\/h2>\n<p>[\/vc_column_text][\/vc_column_inner][vc_column_inner width=&#8220;2\/3&#8243;][vc_column_text]<\/p>\n<h3>Brauchen Sie ein <strong>konkretes Angebot<\/strong> oder suchen Sie einen <strong>Sparringspartner<\/strong>, mit dem sie Ideen diskutieren und entwickeln k\u00f6nnen?<\/h3>\n<h3>Dann melden Sie sich:<\/h3>\n<ul>\n<li><a href=\"mailto:experts@striped-giraffe.com\">experts@striped-giraffe.com<\/a><\/li>\n<li><span style=\"color: #ef6c00;\">+49 (0)89-416 126-667<\/span><\/li>\n<\/ul>\n<p>[\/vc_column_text]<a class=\"calendly\" href=\"\" onclick=\"Calendly.initPopupWidget({url: 'https:\/\/calendly.com\/striped-giraffe\/30min'});return false;\">Termin vereinbaren<\/a>[vc_column_text css=&#8220;.vc_custom_1705936147633{margin-top: 32px !important;}&#8220;]<\/p>\n<h3>Wir unterst\u00fctzen Sie gerne.<\/h3>\n<p>[\/vc_column_text][\/vc_column_inner][\/vc_row_inner][\/vc_column][\/vc_row][vc_row full_width=&#8220;stretch_row&#8220; gap=&#8220;35&#8243; bg_type=&#8220;bg_color&#8220; css=&#8220;.vc_custom_1609934688295{margin-top: 0px !important;margin-bottom: 0px !important;padding-top: 100px !important;padding-bottom: 100px !important;}&#8220; bg_color_value=&#8220;#000000&#8243;][vc_column][vc_row_inner][vc_column_inner width=&#8220;1\/3&#8243; css=&#8220;.vc_custom_1610013762619{padding-right: 25px !important;}&#8220;][vc_column_text]<\/p>\n<h2><span style=\"color: #ef6c00;\">Das k\u00f6nnte Sie auch<\/span> <span style=\"color: #ffffff;\">interessieren.<\/span><\/h2>\n<p><span style=\"color: #ffffff;\">Wir haben ein E-Book sowie einige Blogartikel zu diesem Thema erstellt. Noch mehr E-Books, Case Studies und co. finden Sie in unseren <a href=\"https:\/\/www.striped-giraffe.com\/insights\/\">Insights<\/a>.<\/span>[\/vc_column_text][\/vc_column_inner][vc_column_inner width=&#8220;1\/3&#8243;]<div class=\"templatera_shortcode\"><div class=\"vc_row wpb_row vc_row-fluid\"><div class=\"wpb_column vc_column_container vc_col-sm-12\"><div class=\"vc_column-inner\"><div class=\"wpb_wrapper\"><div id='' class='teaserbox  overlay'><div class='teaserbox_inner'><div class='teaserheadline'><h3 style='text-transform:uppercase;color:#ef6c00;font-family:DinWebPro Bold;'>E-BOOK<\/h3><h2 style='text-transform:none;color:#ffffff;'>Herausforderung und Chancen der Digitalisierung im Finanzsektor<\/h2><\/div><div class='teasertext'><div class='wpb_wrapper'>Finanzunternehmen und Versicherungen halten unz\u00e4hlige Daten ihrer Kunden sowie statistische Auswertungen vor. Werden diese optimal analysiert und aufbereitet, k\u00f6nnen sie den Unternehmen den Gesch\u00e4ftserfolg dauerhaft sichern.<\/div><\/div><div class='teaserlink'><a href='https:\/\/www.striped-giraffe.com\/de\/download-e-book-digitization-finance-insurance\/' style='color:#000000;'>Zum Download<\/a><\/div><div class='wpb_single_image desktop_only'><img src='https:\/\/www.striped-giraffe.com\/wp-content\/uploads\/2023\/04\/Teaser_E-book_finance-600x960.jpg' \/><\/div><div class='wpb_single_image mobile_only'><img src='https:\/\/www.striped-giraffe.com\/wp-content\/uploads\/2023\/04\/Teaser_E-book_finance-600x700.jpg' \/><\/div><\/div><\/div><\/div><\/div><\/div><\/div><\/div>[\/vc_column_inner][vc_column_inner width=&#8220;1\/3&#8243;]<div id='' class='teaserbox  overlay'><div class='teaserbox_inner'><div class='teaserheadline'><h2 style='color:#ffffff;font-family:DinWebPro Bold;'>Neues aus unserem Blog<\/h2><h3 style='color:#ef6c00;'>Die 7 gr\u00f6\u00dften Herausforderungen der Digitalisierung im Finanzsektor<\/h3><\/div><div class='teasertext'><div class='wpb_wrapper'>Die digitale Transformation ist f\u00fcr Banken nicht mehr nur eine Option, sondern eine Notwendigkeit, um wettbewerbsf\u00e4hig zu bleiben und mit den sich \u00e4ndernden Kundenanforderungen Schritt zu halten.<\/div><\/div><div class='teaserlink'><a href='https:\/\/www.striped-giraffe.com\/de\/blog\/die-7-groessten-herausforderungen-der-digitalisierung-im-finanzsektor\/' style='color:#ffffff;'>Zum Blog-Artikel<\/a><\/div><div class='wpb_single_image desktop_only'><img src='https:\/\/www.striped-giraffe.com\/wp-content\/uploads\/2023\/09\/Blog_finance-1.jpg' \/><\/div><div class='wpb_single_image mobile_only'><img src='https:\/\/www.striped-giraffe.com\/wp-content\/uploads\/2023\/09\/Blog_finance-1.jpg' \/><\/div><\/div><\/div>[\/vc_column_inner][\/vc_row_inner][\/vc_column][\/vc_row]<\/p>\n<\/section>","protected":false},"excerpt":{"rendered":"K\u00fcnstliche Intelligenz in der Finanz- und Versicherungsbranche Mit KI Risiken minimieren, Kundenservice erh\u00f6hen und rechtliche Rahmenbedingungen einhalten. Anwendungs-F\u00e4lle Barclaycard Deutschland [...]","protected":false},"author":2,"featured_media":35123,"parent":0,"menu_order":0,"comment_status":"closed","ping_status":"closed","template":"","meta":{"footnotes":""},"acf":[],"yoast_head":"<!-- This site is optimized with the Yoast SEO Premium plugin v20.5 (Yoast SEO v20.5) - https:\/\/yoast.com\/wordpress\/plugins\/seo\/ -->\n<title>KI in der Finanz- und Versicherungsbranche - Striped Giraffe<\/title>\n<meta name=\"robots\" content=\"index, follow, max-snippet:-1, max-image-preview:large, max-video-preview:-1\" \/>\n<link rel=\"canonical\" href=\"https:\/\/www.striped-giraffe.com\/de\/ki-finanzwesen-versicherung\/\" \/>\n<meta property=\"og:locale\" content=\"de_DE\" \/>\n<meta property=\"og:type\" content=\"article\" \/>\n<meta property=\"og:title\" content=\"KI in der Finanz- und Versicherungsbranche\" \/>\n<meta property=\"og:url\" content=\"https:\/\/www.striped-giraffe.com\/de\/ki-finanzwesen-versicherung\/\" \/>\n<meta property=\"og:site_name\" content=\"Striped Giraffe\" \/>\n<meta property=\"article:modified_time\" content=\"2024-09-11T09:36:59+00:00\" \/>\n<meta property=\"og:image\" content=\"https:\/\/www.striped-giraffe.com\/wp-content\/uploads\/2023\/09\/artificial-intelligence-in-finance-and-insurance-industries-booklet-cover.jpg\" \/>\n\t<meta property=\"og:image:width\" content=\"1101\" \/>\n\t<meta property=\"og:image:height\" content=\"901\" \/>\n\t<meta property=\"og:image:type\" content=\"image\/jpeg\" \/>\n<meta name=\"twitter:card\" content=\"summary_large_image\" \/>\n<meta name=\"twitter:label1\" content=\"Gesch\u00e4tzte Lesezeit\" \/>\n\t<meta name=\"twitter:data1\" content=\"3\u00a0Minuten\" \/>\n<script type=\"application\/ld+json\" class=\"yoast-schema-graph\">{\"@context\":\"https:\/\/schema.org\",\"@graph\":[{\"@type\":\"WebPage\",\"@id\":\"https:\/\/www.striped-giraffe.com\/de\/ki-finanzwesen-versicherung\/\",\"url\":\"https:\/\/www.striped-giraffe.com\/de\/ki-finanzwesen-versicherung\/\",\"name\":\"KI in der Finanz- und Versicherungsbranche - Striped Giraffe\",\"isPartOf\":{\"@id\":\"https:\/\/www.striped-giraffe.com\/de\/#website\"},\"datePublished\":\"2023-09-27T07:31:14+00:00\",\"dateModified\":\"2024-09-11T09:36:59+00:00\",\"inLanguage\":\"de\",\"potentialAction\":[{\"@type\":\"ReadAction\",\"target\":[\"https:\/\/www.striped-giraffe.com\/de\/ki-finanzwesen-versicherung\/\"]}]},{\"@type\":\"WebSite\",\"@id\":\"https:\/\/www.striped-giraffe.com\/de\/#website\",\"url\":\"https:\/\/www.striped-giraffe.com\/de\/\",\"name\":\"Striped Giraffe\",\"description\":\"Ihr zuverl\u00e4ssiger Anbieter f\u00fcr digitale Enterprise-L\u00f6sungen\",\"publisher\":{\"@id\":\"https:\/\/www.striped-giraffe.com\/de\/#organization\"},\"potentialAction\":[{\"@type\":\"SearchAction\",\"target\":{\"@type\":\"EntryPoint\",\"urlTemplate\":\"https:\/\/www.striped-giraffe.com\/de\/?s={search_term_string}\"},\"query-input\":\"required name=search_term_string\"}],\"inLanguage\":\"de\"},{\"@type\":\"Organization\",\"@id\":\"https:\/\/www.striped-giraffe.com\/de\/#organization\",\"name\":\"Striped Giraffe\",\"url\":\"https:\/\/www.striped-giraffe.com\/de\/\",\"logo\":{\"@type\":\"ImageObject\",\"inLanguage\":\"de\",\"@id\":\"https:\/\/www.striped-giraffe.com\/de\/#\/schema\/logo\/image\/\",\"url\":\"https:\/\/www.striped-giraffe.com\/wp-content\/uploads\/2021\/01\/giraffe_white.svg\",\"contentUrl\":\"https:\/\/www.striped-giraffe.com\/wp-content\/uploads\/2021\/01\/giraffe_white.svg\",\"caption\":\"Striped Giraffe\"},\"image\":{\"@id\":\"https:\/\/www.striped-giraffe.com\/de\/#\/schema\/logo\/image\/\"}}]}<\/script>\n<!-- \/ Yoast SEO Premium plugin. -->","yoast_head_json":{"title":"KI in der Finanz- und Versicherungsbranche - Striped Giraffe","robots":{"index":"index","follow":"follow","max-snippet":"max-snippet:-1","max-image-preview":"max-image-preview:large","max-video-preview":"max-video-preview:-1"},"canonical":"https:\/\/www.striped-giraffe.com\/de\/ki-finanzwesen-versicherung\/","og_locale":"de_DE","og_type":"article","og_title":"KI in der Finanz- und Versicherungsbranche","og_url":"https:\/\/www.striped-giraffe.com\/de\/ki-finanzwesen-versicherung\/","og_site_name":"Striped Giraffe","article_modified_time":"2024-09-11T09:36:59+00:00","og_image":[{"width":1101,"height":901,"url":"https:\/\/www.striped-giraffe.com\/wp-content\/uploads\/2023\/09\/artificial-intelligence-in-finance-and-insurance-industries-booklet-cover.jpg","type":"image\/jpeg"}],"twitter_card":"summary_large_image","twitter_misc":{"Gesch\u00e4tzte Lesezeit":"3\u00a0Minuten"},"schema":{"@context":"https:\/\/schema.org","@graph":[{"@type":"WebPage","@id":"https:\/\/www.striped-giraffe.com\/de\/ki-finanzwesen-versicherung\/","url":"https:\/\/www.striped-giraffe.com\/de\/ki-finanzwesen-versicherung\/","name":"KI in der Finanz- und Versicherungsbranche - Striped Giraffe","isPartOf":{"@id":"https:\/\/www.striped-giraffe.com\/de\/#website"},"datePublished":"2023-09-27T07:31:14+00:00","dateModified":"2024-09-11T09:36:59+00:00","inLanguage":"de","potentialAction":[{"@type":"ReadAction","target":["https:\/\/www.striped-giraffe.com\/de\/ki-finanzwesen-versicherung\/"]}]},{"@type":"WebSite","@id":"https:\/\/www.striped-giraffe.com\/de\/#website","url":"https:\/\/www.striped-giraffe.com\/de\/","name":"Striped Giraffe","description":"Ihr zuverl\u00e4ssiger Anbieter f\u00fcr digitale Enterprise-L\u00f6sungen","publisher":{"@id":"https:\/\/www.striped-giraffe.com\/de\/#organization"},"potentialAction":[{"@type":"SearchAction","target":{"@type":"EntryPoint","urlTemplate":"https:\/\/www.striped-giraffe.com\/de\/?s={search_term_string}"},"query-input":"required name=search_term_string"}],"inLanguage":"de"},{"@type":"Organization","@id":"https:\/\/www.striped-giraffe.com\/de\/#organization","name":"Striped Giraffe","url":"https:\/\/www.striped-giraffe.com\/de\/","logo":{"@type":"ImageObject","inLanguage":"de","@id":"https:\/\/www.striped-giraffe.com\/de\/#\/schema\/logo\/image\/","url":"https:\/\/www.striped-giraffe.com\/wp-content\/uploads\/2021\/01\/giraffe_white.svg","contentUrl":"https:\/\/www.striped-giraffe.com\/wp-content\/uploads\/2021\/01\/giraffe_white.svg","caption":"Striped Giraffe"},"image":{"@id":"https:\/\/www.striped-giraffe.com\/de\/#\/schema\/logo\/image\/"}}]}},"_links":{"self":[{"href":"https:\/\/www.striped-giraffe.com\/de\/wp-json\/wp\/v2\/pages\/34997"}],"collection":[{"href":"https:\/\/www.striped-giraffe.com\/de\/wp-json\/wp\/v2\/pages"}],"about":[{"href":"https:\/\/www.striped-giraffe.com\/de\/wp-json\/wp\/v2\/types\/page"}],"author":[{"embeddable":true,"href":"https:\/\/www.striped-giraffe.com\/de\/wp-json\/wp\/v2\/users\/2"}],"replies":[{"embeddable":true,"href":"https:\/\/www.striped-giraffe.com\/de\/wp-json\/wp\/v2\/comments?post=34997"}],"version-history":[{"count":35,"href":"https:\/\/www.striped-giraffe.com\/de\/wp-json\/wp\/v2\/pages\/34997\/revisions"}],"predecessor-version":[{"id":37672,"href":"https:\/\/www.striped-giraffe.com\/de\/wp-json\/wp\/v2\/pages\/34997\/revisions\/37672"}],"wp:featuredmedia":[{"embeddable":true,"href":"https:\/\/www.striped-giraffe.com\/de\/wp-json\/wp\/v2\/media\/35123"}],"wp:attachment":[{"href":"https:\/\/www.striped-giraffe.com\/de\/wp-json\/wp\/v2\/media?parent=34997"}],"curies":[{"name":"wp","href":"https:\/\/api.w.org\/{rel}","templated":true}]}}