{"id":35033,"date":"2023-09-11T17:12:28","date_gmt":"2023-09-11T15:12:28","guid":{"rendered":"https:\/\/www.striped-giraffe.com\/?page_id=35033"},"modified":"2024-09-11T11:13:46","modified_gmt":"2024-09-11T09:13:46","slug":"ki-automobilbranche","status":"publish","type":"page","link":"https:\/\/www.striped-giraffe.com\/de\/ki-automobilbranche\/","title":{"rendered":"K\u00fcnstliche Intelligenz in der Automobilbranche"},"content":{"rendered":"<section class=\"wpb-content-wrapper\"><p>[vc_row full_width=&#8220;stretch_row&#8220; full_height=&#8220;yes&#8220; bg_type=&#8220;image&#8220; parallax_style=&#8220;vcpb-default&#8220; bg_image_new=&#8220;id^35034|url^https:\/\/www.striped-giraffe.com\/wp-content\/uploads\/2023\/09\/Header_KI_Automotive.jpg|caption^AI in automotive|alt^AI in automotive|title^AI in automotive|description^AI in automotive&#8220; css=&#8220;.vc_custom_1694445654243{margin-bottom: 50px !important;}&#8220;][vc_column][vc_column_text]<\/p>\n<h1><span style=\"color: #ef6c00;\">K\u00fcnstliche Intelligenz<\/span><\/h1>\n<h2 class=\"headline_superbig\"><span style=\"color: #ffffff;\">in der Automotivebranche<\/span><\/h2>\n<p>[\/vc_column_text][\/vc_column][\/vc_row][vc_row bg_type=&#8220;bg_color&#8220; el_class=&#8220;closetotop&#8220; bg_color_value=&#8220;#ffffff&#8220; css=&#8220;.vc_custom_1694425571245{padding-top: 50px !important;padding-bottom: 50px !important;}&#8220;][vc_column][vc_column_text]<\/p>\n<h2 class=\"headline_introduction\" style=\"text-align: center;\">F\u00fcr effizientere Supply Chains, schnellere Fehlerbehebung und Optimierung von Forschung und Produktentwicklung<\/h2>\n<p>[\/vc_column_text][\/vc_column][\/vc_row][vc_row gap=&#8220;35&#8243; css=&#8220;.vc_custom_1694428222887{margin-bottom: 50px !important;}&#8220;][vc_column width=&#8220;1\/3&#8243;][vc_column_text]<\/p>\n<h2 class=\"headline_superbig\">Anwendungs-F\u00e4lle<\/h2>\n<p>[\/vc_column_text][\/vc_column][vc_column width=&#8220;2\/3&#8243;][vc_column_text]Die Anwendungsf\u00e4lle von K\u00fcnstlicher Intelligenz in der Automobilbranche sind vielf\u00e4ltig.<\/p>\n<p>Beispielsweise haben KI-gesteuerte Verkehrsmanagementsysteme in einigen St\u00e4dten zu einer Verringerung von Verkehrsstaus und Unf\u00e4llen gef\u00fchrt, da sie den Verkehrsfluss optimieren und auf Verkehrsdaten in Echtzeit reagieren k\u00f6nnen. In Elektrofahrzeugen haben KI-Systeme zur Energiemanagementoptimierung dazu beigetragen, die Reichweite zu erh\u00f6hen und die Ladezeiten zu verk\u00fcrzen. Au\u00dferdem zeigen Studien, dass personalisierte Fahrzeugsysteme, die auf KI basieren, die Kundenzufriedenheit steigern, da sie eine bequeme und an die Bed\u00fcrfnisse des Fahrers angepasste Umgebung bieten.[\/vc_column_text][vc_empty_space][vc_column_text]<a href=\"#downloadsectionbookletautomotive\"><strong>Viele spannende Anwendungsf\u00e4lle finden Sie in unserem Booklet.<\/strong><\/a>[\/vc_column_text][\/vc_column][\/vc_row][vc_row gap=&#8220;35&#8243; css=&#8220;.vc_custom_1694427451986{margin-bottom: 100px !important;}&#8220;][vc_column width=&#8220;1\/3&#8243;][vc_column_text]<\/p>\n<h2 class=\"headline_superbig\">Der Wirkungsgrad von KI<\/h2>\n<p>[\/vc_column_text][\/vc_column][vc_column width=&#8220;2\/3&#8243;][vc_column_text]Generative KI kann einen betr\u00e4chtlichen Beitrag zur Produktivit\u00e4tssteigerungen leisten. In Zahlen ausgedr\u00fcckt, kann sie einen Wert von 1,4 bis 2,4 % des Jahresumsatzes der Branche bzw. zus\u00e4tzliche 170 bis 290 Milliarden US-Dollar generieren. Den gr\u00f6\u00dften Einfluss hat die K\u00fcnstliche Intelligenz in der Automobilbranche in den Bereich F&amp;E, Marketing und Vertrieb, Software-Entwicklung sowie beim Lieferketten-Management und Operations.[\/vc_column_text][vc_empty_space height=&#8220;50px&#8220;][vc_column_text]<\/p>\n<h2>KI-Anwendungen haben in der Automobilindustrie erheblichen Einfluss auf bestimmte Bereiche<\/h2>\n<p>[\/vc_column_text][vc_empty_space][vc_single_image image=&#8220;35044&#8243; img_size=&#8220;full&#8220;][\/vc_column][\/vc_row][vc_row css=&#8220;.vc_custom_1694426589696{margin-bottom: 100px !important;}&#8220;][vc_column width=&#8220;1\/3&#8243;][vc_column_text]<\/p>\n<h2 class=\"headline_superbig\">Mehr Infos<\/h2>\n<p>[\/vc_column_text][\/vc_column][vc_column width=&#8220;2\/3&#8243;][vc_column_text]Die Automobilindustrie ist eine wichtige Branche f\u00fcr uns. Das Potenzial der Digitalisierung sowie der K\u00fcnstlichen Intelligenz in diesem Bereich sind immens. F\u00fcr einen ersten \u00dcberblick mit aktuellen Statistiken und konkreten Anwendungsf\u00e4llen empfehlen wir Ihnen unser Booklet zum kostenlosen Download.[\/vc_column_text][\/vc_column][\/vc_row][vc_row el_id=&#8220;downloadsectionbookletautomotive&#8220;][vc_column][\/vc_column][\/vc_row][vc_row gap=&#8220;35&#8243; css=&#8220;.vc_custom_1724317649240{margin-bottom: 100px !important;}&#8220; el_id=&#8220;downloadsection&#8220;][vc_column width=&#8220;1\/3&#8243;][vc_column_text]<\/p>\n<h2 class=\"headline_superbig\">Download<\/h2>\n<p>[\/vc_column_text][vc_empty_space][vc_single_image image=&#8220;35127&#8243; img_size=&#8220;full&#8220; alignment=&#8220;center&#8220;][\/vc_column][vc_column width=&#8220;2\/3&#8243;][vc_column_text]Laden Sie sich das Booklet &#8222;Artificial Intelligence in Automotive&#8220; kostenlos herunter.[\/vc_column_text][vc_empty_space height=&#8220;32&#8243;][vc_column_text]<div class='_form_64'><\/div><script type='text\/javascript' src='https:\/\/striped-giraffe.activehosted.com\/f\/embed.php?static=0&id=64&69D7693D43068&nostyles=0&preview=0'><\/script>[\/vc_column_text][\/vc_column][\/vc_row][vc_row full_width=&#8220;stretch_row&#8220; css=&#8220;.vc_custom_1706183849370{margin-top: 50px !important;margin-bottom: 50px !important;}&#8220;][vc_column][vc_row_inner][vc_column_inner width=&#8220;1\/3&#8243;][vc_column_text]<\/p>\n<h2 class=\"headline_superbig\">Let&#8217;s talk<\/h2>\n<p>[\/vc_column_text][\/vc_column_inner][vc_column_inner width=&#8220;2\/3&#8243;][vc_column_text]<\/p>\n<h3>Brauchen Sie ein <strong>konkretes Angebot<\/strong> oder suchen Sie einen <strong>Sparringspartner<\/strong>, mit dem sie Ideen diskutieren und entwickeln k\u00f6nnen?<\/h3>\n<h3>Dann melden Sie sich:<\/h3>\n<ul>\n<li><a href=\"mailto:experts@striped-giraffe.com\">experts@striped-giraffe.com<\/a><\/li>\n<li><span style=\"color: #ef6c00;\">+49 (0)89-416 126-667<\/span><\/li>\n<\/ul>\n<p>[\/vc_column_text]<a class=\"calendly\" href=\"\" onclick=\"Calendly.initPopupWidget({url: 'https:\/\/calendly.com\/striped-giraffe\/30min'});return false;\">Termin vereinbaren<\/a>[vc_column_text css=&#8220;.vc_custom_1705936147633{margin-top: 32px !important;}&#8220;]<\/p>\n<h3>Wir unterst\u00fctzen Sie gerne.<\/h3>\n<p>[\/vc_column_text][\/vc_column_inner][\/vc_row_inner][\/vc_column][\/vc_row][vc_row full_width=&#8220;stretch_row&#8220; gap=&#8220;35&#8243; bg_type=&#8220;bg_color&#8220; css=&#8220;.vc_custom_1609934688295{margin-top: 0px !important;margin-bottom: 0px !important;padding-top: 100px !important;padding-bottom: 100px !important;}&#8220; bg_color_value=&#8220;#000000&#8243;][vc_column][vc_row_inner][vc_column_inner width=&#8220;1\/3&#8243; css=&#8220;.vc_custom_1610013762619{padding-right: 25px !important;}&#8220;][vc_column_text]<\/p>\n<h2><span style=\"color: #ef6c00;\">Das k\u00f6nnte Sie auch<\/span> <span style=\"color: #ffffff;\">interessieren.<\/span><\/h2>\n<p><span style=\"color: #ffffff;\">Wir haben ein E-Book sowie einige Blogartikel zu diesem Thema erstellt. Noch mehr E-Books, Case Studies und co. finden Sie in unseren <a href=\"https:\/\/www.striped-giraffe.com\/insights\/\">Insights<\/a>.<\/span>[\/vc_column_text][\/vc_column_inner][vc_column_inner width=&#8220;1\/3&#8243;]<div class=\"templatera_shortcode\"><div class=\"vc_row wpb_row vc_row-fluid\"><div class=\"wpb_column vc_column_container vc_col-sm-12\"><div class=\"vc_column-inner\"><div class=\"wpb_wrapper\"><div id='' class='teaserbox  overlay'><div class='teaserbox_inner'><div class='teaserheadline'><h3 style='text-transform:uppercase;color:#000000;font-family:DinWebPro Bold;'>Teil 2 der Studie<\/h3><h2 style='text-transform:none;color:#ffffff;'>B2B Commerce - Im Spannungsfeld zwischen wirtschaftlicher Belastungsprobe und digitaler Effizienz<\/h2><\/div><div class='teasertext'><div class='wpb_wrapper'>In einer gemeinsamen Studie mit dem ECC K\u00d6LN wurden B2B Hersteller und Gro\u00dfh\u00e4ndler zu diversen Themen zu ihren Digitalisierungsunterfangen befragt - Pl\u00e4ne, Herausforderungen, Erfahrungen.<\/div><\/div><div class='teaserlink'><a href='https:\/\/www.striped-giraffe.com\/de\/download-studie-b2b-commerce-2\/' style='color:#000000;'>Zum Download<\/a><\/div><div class='wpb_single_image desktop_only'><img src='https:\/\/www.striped-giraffe.com\/wp-content\/uploads\/2023\/04\/Teaser_b2b_study_2_DE-600x960.jpg' \/><\/div><div class='wpb_single_image mobile_only'><img src='https:\/\/www.striped-giraffe.com\/wp-content\/uploads\/2023\/04\/Teaser_b2b_study_2_DE-600x700.jpg' \/><\/div><\/div><\/div><\/div><\/div><\/div><\/div><\/div>[\/vc_column_inner][vc_column_inner width=&#8220;1\/3&#8243;]<div id='' class='teaserbox  overlay'><div class='teaserbox_inner'><div class='teaserheadline'><h2 style='color:#ffffff;font-family:DinWebPro Bold;'>Neues aus unserem Blog<\/h2><h3 style='color:#ef6c00;'>Die 7 gr\u00f6\u00dften Herausforderungen der Digitalisierung im Finanzsektor<\/h3><\/div><div class='teasertext'><div class='wpb_wrapper'>Die digitale Transformation ist f\u00fcr Banken nicht mehr nur eine Option, sondern eine Notwendigkeit, um wettbewerbsf\u00e4hig zu bleiben und mit den sich \u00e4ndernden Kundenanforderungen Schritt zu halten.<\/div><\/div><div class='teaserlink'><a href='https:\/\/www.striped-giraffe.com\/de\/blog\/die-7-groessten-herausforderungen-der-digitalisierung-im-finanzsektor\/' style='color:#ffffff;'>Zum Blog-Artikel<\/a><\/div><div class='wpb_single_image desktop_only'><img src='https:\/\/www.striped-giraffe.com\/wp-content\/uploads\/2023\/09\/Blog_finance-1.jpg' \/><\/div><div class='wpb_single_image mobile_only'><img src='https:\/\/www.striped-giraffe.com\/wp-content\/uploads\/2023\/09\/Blog_finance-1.jpg' \/><\/div><\/div><\/div>[\/vc_column_inner][\/vc_row_inner][\/vc_column][\/vc_row]<\/p>\n<\/section>","protected":false},"excerpt":{"rendered":"K\u00fcnstliche Intelligenz in der Automotivebranche F\u00fcr effizientere Supply Chains, schnellere Fehlerbehebung und Optimierung von Forschung und Produktentwicklung Anwendungs-F\u00e4lle Die Anwendungsf\u00e4lle [...]","protected":false},"author":2,"featured_media":35127,"parent":0,"menu_order":0,"comment_status":"closed","ping_status":"closed","template":"","meta":{"footnotes":""},"acf":[],"yoast_head":"<!-- This site is optimized with the Yoast SEO Premium plugin v20.5 (Yoast SEO v20.5) - https:\/\/yoast.com\/wordpress\/plugins\/seo\/ -->\n<title>K\u00fcnstliche Intelligenz in der Automobilbranche - Striped Giraffe<\/title>\n<meta name=\"description\" content=\"Den gr\u00f6\u00dften Einfluss hat die KI in den Bereich F&amp;E, Marketing und Vertrieb, Software-Entwicklung sowie Supply Chain und Operations.\" \/>\n<meta name=\"robots\" content=\"index, follow, max-snippet:-1, max-image-preview:large, max-video-preview:-1\" \/>\n<link rel=\"canonical\" href=\"https:\/\/www.striped-giraffe.com\/de\/ki-automobilbranche\/\" \/>\n<meta property=\"og:locale\" content=\"de_DE\" \/>\n<meta property=\"og:type\" content=\"article\" \/>\n<meta property=\"og:title\" content=\"K\u00fcnstliche Intelligenz in der Automobilbranche\" \/>\n<meta property=\"og:description\" content=\"Den gr\u00f6\u00dften Einfluss hat die KI in den Bereich F&amp;E, Marketing und Vertrieb, Software-Entwicklung sowie Supply Chain und Operations.\" \/>\n<meta property=\"og:url\" content=\"https:\/\/www.striped-giraffe.com\/de\/ki-automobilbranche\/\" \/>\n<meta property=\"og:site_name\" content=\"Striped Giraffe\" \/>\n<meta property=\"article:modified_time\" content=\"2024-09-11T09:13:46+00:00\" \/>\n<meta property=\"og:image\" content=\"https:\/\/www.striped-giraffe.com\/wp-content\/uploads\/2023\/09\/artificial-intelligence-in-automotive-industry-booklet-cover.jpg\" \/>\n\t<meta property=\"og:image:width\" content=\"1101\" \/>\n\t<meta property=\"og:image:height\" content=\"901\" \/>\n\t<meta property=\"og:image:type\" content=\"image\/jpeg\" \/>\n<meta name=\"twitter:card\" content=\"summary_large_image\" \/>\n<meta name=\"twitter:label1\" content=\"Gesch\u00e4tzte Lesezeit\" \/>\n\t<meta name=\"twitter:data1\" content=\"3\u00a0Minuten\" \/>\n<script type=\"application\/ld+json\" class=\"yoast-schema-graph\">{\"@context\":\"https:\/\/schema.org\",\"@graph\":[{\"@type\":\"WebPage\",\"@id\":\"https:\/\/www.striped-giraffe.com\/de\/ki-automobilbranche\/\",\"url\":\"https:\/\/www.striped-giraffe.com\/de\/ki-automobilbranche\/\",\"name\":\"K\u00fcnstliche Intelligenz in der Automobilbranche - Striped Giraffe\",\"isPartOf\":{\"@id\":\"https:\/\/www.striped-giraffe.com\/de\/#website\"},\"datePublished\":\"2023-09-11T15:12:28+00:00\",\"dateModified\":\"2024-09-11T09:13:46+00:00\",\"description\":\"Den gr\u00f6\u00dften Einfluss hat die KI in den Bereich F&E, Marketing und Vertrieb, Software-Entwicklung sowie Supply Chain und Operations.\",\"inLanguage\":\"de\",\"potentialAction\":[{\"@type\":\"ReadAction\",\"target\":[\"https:\/\/www.striped-giraffe.com\/de\/ki-automobilbranche\/\"]}]},{\"@type\":\"WebSite\",\"@id\":\"https:\/\/www.striped-giraffe.com\/de\/#website\",\"url\":\"https:\/\/www.striped-giraffe.com\/de\/\",\"name\":\"Striped Giraffe\",\"description\":\"Ihr zuverl\u00e4ssiger Anbieter f\u00fcr digitale Enterprise-L\u00f6sungen\",\"publisher\":{\"@id\":\"https:\/\/www.striped-giraffe.com\/de\/#organization\"},\"potentialAction\":[{\"@type\":\"SearchAction\",\"target\":{\"@type\":\"EntryPoint\",\"urlTemplate\":\"https:\/\/www.striped-giraffe.com\/de\/?s={search_term_string}\"},\"query-input\":\"required name=search_term_string\"}],\"inLanguage\":\"de\"},{\"@type\":\"Organization\",\"@id\":\"https:\/\/www.striped-giraffe.com\/de\/#organization\",\"name\":\"Striped Giraffe\",\"url\":\"https:\/\/www.striped-giraffe.com\/de\/\",\"logo\":{\"@type\":\"ImageObject\",\"inLanguage\":\"de\",\"@id\":\"https:\/\/www.striped-giraffe.com\/de\/#\/schema\/logo\/image\/\",\"url\":\"https:\/\/www.striped-giraffe.com\/wp-content\/uploads\/2021\/01\/giraffe_white.svg\",\"contentUrl\":\"https:\/\/www.striped-giraffe.com\/wp-content\/uploads\/2021\/01\/giraffe_white.svg\",\"caption\":\"Striped Giraffe\"},\"image\":{\"@id\":\"https:\/\/www.striped-giraffe.com\/de\/#\/schema\/logo\/image\/\"}}]}<\/script>\n<!-- \/ Yoast SEO Premium plugin. -->","yoast_head_json":{"title":"K\u00fcnstliche Intelligenz in der Automobilbranche - Striped Giraffe","description":"Den gr\u00f6\u00dften Einfluss hat die KI in den Bereich F&E, Marketing und Vertrieb, Software-Entwicklung sowie Supply Chain und Operations.","robots":{"index":"index","follow":"follow","max-snippet":"max-snippet:-1","max-image-preview":"max-image-preview:large","max-video-preview":"max-video-preview:-1"},"canonical":"https:\/\/www.striped-giraffe.com\/de\/ki-automobilbranche\/","og_locale":"de_DE","og_type":"article","og_title":"K\u00fcnstliche Intelligenz in der Automobilbranche","og_description":"Den gr\u00f6\u00dften Einfluss hat die KI in den Bereich F&E, Marketing und Vertrieb, Software-Entwicklung sowie Supply Chain und Operations.","og_url":"https:\/\/www.striped-giraffe.com\/de\/ki-automobilbranche\/","og_site_name":"Striped Giraffe","article_modified_time":"2024-09-11T09:13:46+00:00","og_image":[{"width":1101,"height":901,"url":"https:\/\/www.striped-giraffe.com\/wp-content\/uploads\/2023\/09\/artificial-intelligence-in-automotive-industry-booklet-cover.jpg","type":"image\/jpeg"}],"twitter_card":"summary_large_image","twitter_misc":{"Gesch\u00e4tzte Lesezeit":"3\u00a0Minuten"},"schema":{"@context":"https:\/\/schema.org","@graph":[{"@type":"WebPage","@id":"https:\/\/www.striped-giraffe.com\/de\/ki-automobilbranche\/","url":"https:\/\/www.striped-giraffe.com\/de\/ki-automobilbranche\/","name":"K\u00fcnstliche Intelligenz in der Automobilbranche - Striped Giraffe","isPartOf":{"@id":"https:\/\/www.striped-giraffe.com\/de\/#website"},"datePublished":"2023-09-11T15:12:28+00:00","dateModified":"2024-09-11T09:13:46+00:00","description":"Den gr\u00f6\u00dften Einfluss hat die KI in den Bereich F&E, Marketing und Vertrieb, Software-Entwicklung sowie Supply Chain und Operations.","inLanguage":"de","potentialAction":[{"@type":"ReadAction","target":["https:\/\/www.striped-giraffe.com\/de\/ki-automobilbranche\/"]}]},{"@type":"WebSite","@id":"https:\/\/www.striped-giraffe.com\/de\/#website","url":"https:\/\/www.striped-giraffe.com\/de\/","name":"Striped Giraffe","description":"Ihr zuverl\u00e4ssiger Anbieter f\u00fcr digitale Enterprise-L\u00f6sungen","publisher":{"@id":"https:\/\/www.striped-giraffe.com\/de\/#organization"},"potentialAction":[{"@type":"SearchAction","target":{"@type":"EntryPoint","urlTemplate":"https:\/\/www.striped-giraffe.com\/de\/?s={search_term_string}"},"query-input":"required name=search_term_string"}],"inLanguage":"de"},{"@type":"Organization","@id":"https:\/\/www.striped-giraffe.com\/de\/#organization","name":"Striped Giraffe","url":"https:\/\/www.striped-giraffe.com\/de\/","logo":{"@type":"ImageObject","inLanguage":"de","@id":"https:\/\/www.striped-giraffe.com\/de\/#\/schema\/logo\/image\/","url":"https:\/\/www.striped-giraffe.com\/wp-content\/uploads\/2021\/01\/giraffe_white.svg","contentUrl":"https:\/\/www.striped-giraffe.com\/wp-content\/uploads\/2021\/01\/giraffe_white.svg","caption":"Striped Giraffe"},"image":{"@id":"https:\/\/www.striped-giraffe.com\/de\/#\/schema\/logo\/image\/"}}]}},"_links":{"self":[{"href":"https:\/\/www.striped-giraffe.com\/de\/wp-json\/wp\/v2\/pages\/35033"}],"collection":[{"href":"https:\/\/www.striped-giraffe.com\/de\/wp-json\/wp\/v2\/pages"}],"about":[{"href":"https:\/\/www.striped-giraffe.com\/de\/wp-json\/wp\/v2\/types\/page"}],"author":[{"embeddable":true,"href":"https:\/\/www.striped-giraffe.com\/de\/wp-json\/wp\/v2\/users\/2"}],"replies":[{"embeddable":true,"href":"https:\/\/www.striped-giraffe.com\/de\/wp-json\/wp\/v2\/comments?post=35033"}],"version-history":[{"count":18,"href":"https:\/\/www.striped-giraffe.com\/de\/wp-json\/wp\/v2\/pages\/35033\/revisions"}],"predecessor-version":[{"id":37664,"href":"https:\/\/www.striped-giraffe.com\/de\/wp-json\/wp\/v2\/pages\/35033\/revisions\/37664"}],"wp:featuredmedia":[{"embeddable":true,"href":"https:\/\/www.striped-giraffe.com\/de\/wp-json\/wp\/v2\/media\/35127"}],"wp:attachment":[{"href":"https:\/\/www.striped-giraffe.com\/de\/wp-json\/wp\/v2\/media?parent=35033"}],"curies":[{"name":"wp","href":"https:\/\/api.w.org\/{rel}","templated":true}]}}