{"id":35474,"date":"2023-11-23T09:45:17","date_gmt":"2023-11-23T08:45:17","guid":{"rendered":"https:\/\/www.striped-giraffe.com\/?page_id=35474"},"modified":"2024-09-11T11:01:02","modified_gmt":"2024-09-11T09:01:02","slug":"software-delivery-optimierung","status":"publish","type":"page","link":"https:\/\/www.striped-giraffe.com\/de\/software-delivery-optimierung\/","title":{"rendered":"ANGEBOT: Software Delivery Optimierung"},"content":{"rendered":"<section class=\"wpb-content-wrapper\"><p>[vc_row full_width=&#8220;stretch_row&#8220; full_height=&#8220;yes&#8220; bg_type=&#8220;image&#8220; parallax_style=&#8220;vcpb-default&#8220; bg_image_new=&#8220;id^35475|url^https:\/\/www.striped-giraffe.com\/wp-content\/uploads\/2023\/11\/Header_Software_Delivery.jpg|caption^Special offer: Software Delivery Optimization|alt^Software Delivery Optimization,SDLC|title^Software Delivery Optimization|description^Special offer: Software Delivery Optimization&#8220; css=&#8220;.vc_custom_1701094590158{margin-bottom: 50px !important;}&#8220;][vc_column][vc_column_text]<\/p>\n<h2><span style=\"color: #ef6c00;\">Exklusives Angebot<\/span><\/h2>\n<h1><span style=\"color: #ffffff;\">Optimierung Ihrer<br \/>\nSoftware Delivery <\/span><\/h1>\n<p>[\/vc_column_text][\/vc_column][\/vc_row][vc_row bg_type=&#8220;bg_color&#8220; el_class=&#8220;closetotop&#8220; bg_color_value=&#8220;#ffffff&#8220; css=&#8220;.vc_custom_1698932693077{padding-top: 50px !important;padding-bottom: 50px !important;}&#8220;][vc_column][vc_column_text]<\/p>\n<h2 class=\"headline_introduction\" style=\"text-align: center;\">In der heutigen schnelllebigen digitalen Welt ist die effiziente Bereitstellung von Softwareprodukten von entscheidender Bedeutung.<\/h2>\n<p>[\/vc_column_text][\/vc_column][\/vc_row][vc_row gap=&#8220;35&#8243; css=&#8220;.vc_custom_1694428222887{margin-bottom: 50px !important;}&#8220;][vc_column width=&#8220;1\/3&#8243;][vc_column_text]<\/p>\n<h2 class=\"headline_superbig\"><span style=\"color: #ef6c00;\">Herausforderungen<\/span> der Software Delivery<\/h2>\n<p>[\/vc_column_text][\/vc_column][vc_column width=&#8220;2\/3&#8243;][vc_column_text]<\/p>\n<ul>\n<li><strong>H\u00e4ufige Fehler bei der Produktionsbereitstellung<br \/>\n<\/strong>Ein st\u00e4ndiger Kampf mit Hotfixes kann den Fortschritt behindern.<\/li>\n<li><strong>Instabile Umgebungen<br \/>\n<\/strong>Inkonsistente Umgebungen k\u00f6nnen Ihren Arbeitsablauf st\u00f6ren.<\/li>\n<li><strong>Langwieriges Onboarding von IT-Mitarbeitern<br \/>\n<\/strong>Langwierige Onboarding-Prozesse f\u00fcr neue IT-Mitarbeiter k\u00f6nnen die Produktivit\u00e4t beeintr\u00e4chtigen.<\/li>\n<li><strong>Verl\u00e4ngerte Time-to-Market<br \/>\n<\/strong>Verz\u00f6gerungen k\u00f6nnen Sie Marktchancen und Kundenzufriedenheit kosten.<\/li>\n<li><strong>\u00dcberh\u00f6hte Kosten f\u00fcr neue Funktionen<br \/>\n<\/strong>Hohe Entwicklungskosten k\u00f6nnen die Rentabilit\u00e4t beeintr\u00e4chtigen.<\/li>\n<li><strong>Fehlende End-to-End-Tests<br \/>\n<\/strong>Wenn vor der Produktion keine gr\u00fcndlichen Tests durchgef\u00fchrt werden, kann das zu unerwarteten Fehlern und kostspieligen Ausf\u00e4llen f\u00fchren.<\/li>\n<\/ul>\n<p>[\/vc_column_text][vc_empty_space][vc_btn title=&#8220;Zum Download&#8220; align=&#8220;center&#8220; link=&#8220;url:%23downloadsectionoffer&#8220;][\/vc_column][\/vc_row][vc_row gap=&#8220;35&#8243; css=&#8220;.vc_custom_1695798300699{margin-bottom: 100px !important;}&#8220;][vc_column width=&#8220;1\/3&#8243;][vc_column_text]<\/p>\n<h2 class=\"headline_superbig\">Unser Angebot<\/h2>\n<p>[\/vc_column_text][\/vc_column][vc_column width=&#8220;2\/3&#8243;][vc_column_text]Gemeinsam mit Ihnen identifizieren wir die Bereiche im SDLC, die optimiert werden m\u00fcssen. Hierf\u00fcr haben wir ein konkretes Angebot f\u00fcr Sie zusammengestellt.[\/vc_column_text][vc_empty_space][vc_column_text]<\/p>\n<ul>\n<li><strong>Schritt 1 &#8211; Workshop zur <\/strong><strong>Identifizierung der Symptome<\/strong><\/li>\n<li><strong>Schritt 2 &#8211; Intensive Experteninterviews<\/strong><\/li>\n<li><strong>Schritt 3 &#8211; L\u00f6sungskonzept<\/strong><\/li>\n<li><strong>Schritt 4 &#8211; Workshop zur Machbarkeit des L\u00f6sungsansatzes<\/strong><\/li>\n<li><strong>Schritt 5 &#8211; Abschlie\u00dfende Sitzung<\/strong><\/li>\n<\/ul>\n<p>[\/vc_column_text][vc_empty_space][vc_column_text]Details zu unserem 5-Punkte-Programm, Ihr Preis sowie weitere M\u00f6glichkeiten f\u00fcr die Optimierung Ihrer Software Delivery erhalten Sie in unserem exklusiven Angebot. Laden Sie es sich gleich kostenfrei herunter. F\u00fcr R\u00fcckfragen oder eine Anpassung des Angebots stehen wir Ihnen gerne zur Verf\u00fcgung. Wenden Sie sich einfach an <a href=\"mailto:experts@striped-giraffe.com\">experts@striped-giraffe.com<\/a>.[\/vc_column_text][\/vc_column][\/vc_row][vc_row el_id=&#8220;downloadsectionoffer&#8220;][vc_column][\/vc_column][\/vc_row][vc_row gap=&#8220;35&#8243; css=&#8220;.vc_custom_1724317649240{margin-bottom: 100px !important;}&#8220; el_id=&#8220;downloadsection&#8220;][vc_column width=&#8220;1\/3&#8243;][vc_column_text]<\/p>\n<h2 class=\"headline_superbig\">Download<\/h2>\n<p>[\/vc_column_text][vc_empty_space][vc_single_image image=&#8220;35538&#8243; img_size=&#8220;full&#8220; alignment=&#8220;center&#8220;][\/vc_column][vc_column width=&#8220;2\/3&#8243;][vc_column_text]<\/p>\n<h2 class=\"headline_superbig\"><span style=\"color: #ef6c00;\">Angebot<\/span> zur Optimierung Ihrer Software Delivery<\/h2>\n<p>[\/vc_column_text][vc_empty_space][vc_column_text]Laden Sie sich unser exklusives Angebot zur Optimierung Ihrer Software Delivery kostenlos herunter.[\/vc_column_text][vc_empty_space][vc_column_text]<div class='_form_22'><\/div><script type='text\/javascript' src='https:\/\/striped-giraffe.activehosted.com\/f\/embed.php?static=0&id=22&6A0111D6D81A4&nostyles=0&preview=0'><\/script>[\/vc_column_text][\/vc_column][\/vc_row][vc_row full_width=&#8220;stretch_row&#8220; css=&#8220;.vc_custom_1706183849370{margin-top: 50px !important;margin-bottom: 50px !important;}&#8220;][vc_column][vc_row_inner][vc_column_inner width=&#8220;1\/3&#8243;][vc_column_text]<\/p>\n<h2 class=\"headline_superbig\">Let&#8217;s talk<\/h2>\n<p>[\/vc_column_text][\/vc_column_inner][vc_column_inner width=&#8220;2\/3&#8243;][vc_column_text]<\/p>\n<h3>Brauchen Sie ein <strong>konkretes Angebot<\/strong> oder suchen Sie einen <strong>Sparringspartner<\/strong>, mit dem sie Ideen diskutieren und entwickeln k\u00f6nnen?<\/h3>\n<h3>Dann melden Sie sich:<\/h3>\n<ul>\n<li><a href=\"mailto:experts@striped-giraffe.com\">experts@striped-giraffe.com<\/a><\/li>\n<li><span style=\"color: #ef6c00;\">+49 (0)89-416 126-667<\/span><\/li>\n<\/ul>\n<p>[\/vc_column_text]<a class=\"calendly\" href=\"\" onclick=\"Calendly.initPopupWidget({url: 'https:\/\/calendly.com\/striped-giraffe\/30min'});return false;\">Termin vereinbaren<\/a>[vc_column_text css=&#8220;.vc_custom_1705936147633{margin-top: 32px !important;}&#8220;]<\/p>\n<h3>Wir unterst\u00fctzen Sie gerne.<\/h3>\n<p>[\/vc_column_text][\/vc_column_inner][\/vc_row_inner][\/vc_column][\/vc_row][vc_row full_width=&#8220;stretch_row&#8220; gap=&#8220;35&#8243; bg_type=&#8220;bg_color&#8220; css=&#8220;.vc_custom_1609934688295{margin-top: 0px !important;margin-bottom: 0px !important;padding-top: 100px !important;padding-bottom: 100px !important;}&#8220; bg_color_value=&#8220;#000000&#8243;][vc_column][vc_row_inner][vc_column_inner width=&#8220;1\/3&#8243; css=&#8220;.vc_custom_1610013762619{padding-right: 25px !important;}&#8220;][vc_column_text]<\/p>\n<h2><span style=\"color: #ef6c00;\">Das k\u00f6nnte Sie auch<\/span> <span style=\"color: #ffffff;\">interessieren.<\/span><\/h2>\n<p><span style=\"color: #ffffff;\">Wir haben ein E-Book sowie einige Blogartikel zu diesem Thema erstellt. Noch mehr E-Books, Case Studies und co. finden Sie in unseren <a href=\"https:\/\/www.striped-giraffe.com\/insights\/\">Insights<\/a>.<\/span>[\/vc_column_text][\/vc_column_inner][vc_column_inner width=&#8220;1\/3&#8243;]<div class=\"templatera_shortcode\"><div class=\"vc_row wpb_row vc_row-fluid\"><div class=\"wpb_column vc_column_container vc_col-sm-12\"><div class=\"vc_column-inner\"><div class=\"wpb_wrapper\"><div id='' class='teaserbox  overlay'><div class='teaserbox_inner'><div class='teaserheadline'><h3 style='text-transform:uppercase;color:#ffffff;font-family:DinWebPro Bold;'>IT-Report<\/h3><h2 style='text-transform:none;color:#ef6c00;'>DIGITALISIERUNGS- PROJEKTE<\/h2><\/div><div class='teasertext'><div class='wpb_wrapper'>Um die digitale Transformation zu realisieren, mu\u0308ssen Unternehmen verschiedene Digitalisierungsprojekte umsetzen. Doch wie stellt man sicher, dass sie auch erfolgreich werden?<\/div><\/div><div class='teaserlink'><a href='https:\/\/www.striped-giraffe.com\/de\/it-bericht-digitalisierungsprojekte\/' style='color:#ffffff;'>Mehr erfahren<\/a><\/div><div class='wpb_single_image desktop_only'><img src='https:\/\/www.striped-giraffe.com\/wp-content\/uploads\/2023\/11\/IT-Report-2023-600x960.jpg' \/><\/div><div class='wpb_single_image mobile_only'><img src='https:\/\/www.striped-giraffe.com\/wp-content\/uploads\/2023\/11\/IT-Report-2023-600x700.jpg' \/><\/div><\/div><\/div><\/div><\/div><\/div><\/div><\/div>[\/vc_column_inner][vc_column_inner width=&#8220;1\/3&#8243;]<div class=\"templatera_shortcode\"><div class=\"vc_row wpb_row vc_row-fluid\"><div class=\"wpb_column vc_column_container vc_col-sm-12\"><div class=\"vc_column-inner\"><div class=\"wpb_wrapper\"><div id='' class='teaserbox  overlay'><div class='teaserbox_inner'><div class='teaserheadline'><h3 style='text-transform:uppercase;color:#ffffff;font-family:DinWebPro Bold;'>Das Agile Video<\/h3><h2 style='text-transform:none;color:#000000;'><\/h2><\/div><div class='teasertext'><div class='wpb_wrapper'>Wir haben ein Video produziert, das den AGILE-Mythos auf pointierte Art und Weise pr\u00e4sentiert. Was meinen Sie dazu? Lassen Sie uns zusammen diskutieren.<\/div><\/div><div class='teaserlink'><a href='https:\/\/youtu.be\/Bez7wmAsxjE' style='color:#ffffff;'>Zum Video (YouTube)<\/a><\/div><div class='wpb_single_image desktop_only'><img src='https:\/\/www.striped-giraffe.com\/wp-content\/uploads\/2023\/08\/Agile_Paradoxon_video-1-600x960.jpg' \/><\/div><div class='wpb_single_image mobile_only'><img src='https:\/\/www.striped-giraffe.com\/wp-content\/uploads\/2023\/08\/Agile_Paradoxon_video-1-600x700.jpg' \/><\/div><\/div><\/div><\/div><\/div><\/div><\/div><\/div>[\/vc_column_inner][\/vc_row_inner][\/vc_column][\/vc_row]<\/p>\n<\/section>","protected":false},"excerpt":{"rendered":"Exklusives Angebot Optimierung Ihrer Software Delivery In der heutigen schnelllebigen digitalen Welt ist die effiziente Bereitstellung von Softwareprodukten von entscheidender [...]","protected":false},"author":2,"featured_media":35538,"parent":0,"menu_order":0,"comment_status":"closed","ping_status":"closed","template":"","meta":{"footnotes":""},"acf":[],"yoast_head":"<!-- This site is optimized with the Yoast SEO Premium plugin v20.5 (Yoast SEO v20.5) - https:\/\/yoast.com\/wordpress\/plugins\/seo\/ -->\n<title>ANGEBOT: Software Delivery Optimierung - Striped Giraffe<\/title>\n<meta name=\"description\" content=\"Wir identifizieren die Bereiche im SDLC, die optimiert werden m\u00fcssen. Hierf\u00fcr haben wir ein konkretes Angebot f\u00fcr Sie zusammengestellt.\" \/>\n<meta name=\"robots\" content=\"index, follow, max-snippet:-1, max-image-preview:large, max-video-preview:-1\" \/>\n<link rel=\"canonical\" href=\"https:\/\/www.striped-giraffe.com\/de\/software-delivery-optimierung\/\" \/>\n<meta property=\"og:locale\" content=\"de_DE\" \/>\n<meta property=\"og:type\" content=\"article\" \/>\n<meta property=\"og:title\" content=\"ANGEBOT: Software Delivery Optimierung\" \/>\n<meta property=\"og:description\" content=\"Wir identifizieren die Bereiche im SDLC, die optimiert werden m\u00fcssen. Hierf\u00fcr haben wir ein konkretes Angebot f\u00fcr Sie zusammengestellt.\" \/>\n<meta property=\"og:url\" content=\"https:\/\/www.striped-giraffe.com\/de\/software-delivery-optimierung\/\" \/>\n<meta property=\"og:site_name\" content=\"Striped Giraffe\" \/>\n<meta property=\"article:modified_time\" content=\"2024-09-11T09:01:02+00:00\" \/>\n<meta property=\"og:image\" content=\"https:\/\/www.striped-giraffe.com\/wp-content\/uploads\/2023\/11\/Angebot_Software-Delivery-Optimierung.jpg\" \/>\n\t<meta property=\"og:image:width\" content=\"1200\" \/>\n\t<meta property=\"og:image:height\" content=\"931\" \/>\n\t<meta property=\"og:image:type\" content=\"image\/jpeg\" \/>\n<meta name=\"twitter:card\" content=\"summary_large_image\" \/>\n<meta name=\"twitter:label1\" content=\"Gesch\u00e4tzte Lesezeit\" \/>\n\t<meta name=\"twitter:data1\" content=\"3\u00a0Minuten\" \/>\n<script type=\"application\/ld+json\" class=\"yoast-schema-graph\">{\"@context\":\"https:\/\/schema.org\",\"@graph\":[{\"@type\":\"WebPage\",\"@id\":\"https:\/\/www.striped-giraffe.com\/de\/software-delivery-optimierung\/\",\"url\":\"https:\/\/www.striped-giraffe.com\/de\/software-delivery-optimierung\/\",\"name\":\"ANGEBOT: Software Delivery Optimierung - Striped Giraffe\",\"isPartOf\":{\"@id\":\"https:\/\/www.striped-giraffe.com\/de\/#website\"},\"datePublished\":\"2023-11-23T08:45:17+00:00\",\"dateModified\":\"2024-09-11T09:01:02+00:00\",\"description\":\"Wir identifizieren die Bereiche im SDLC, die optimiert werden m\u00fcssen. Hierf\u00fcr haben wir ein konkretes Angebot f\u00fcr Sie zusammengestellt.\",\"inLanguage\":\"de\",\"potentialAction\":[{\"@type\":\"ReadAction\",\"target\":[\"https:\/\/www.striped-giraffe.com\/de\/software-delivery-optimierung\/\"]}]},{\"@type\":\"WebSite\",\"@id\":\"https:\/\/www.striped-giraffe.com\/de\/#website\",\"url\":\"https:\/\/www.striped-giraffe.com\/de\/\",\"name\":\"Striped Giraffe\",\"description\":\"Ihr zuverl\u00e4ssiger Anbieter f\u00fcr digitale Enterprise-L\u00f6sungen\",\"publisher\":{\"@id\":\"https:\/\/www.striped-giraffe.com\/de\/#organization\"},\"potentialAction\":[{\"@type\":\"SearchAction\",\"target\":{\"@type\":\"EntryPoint\",\"urlTemplate\":\"https:\/\/www.striped-giraffe.com\/de\/?s={search_term_string}\"},\"query-input\":\"required name=search_term_string\"}],\"inLanguage\":\"de\"},{\"@type\":\"Organization\",\"@id\":\"https:\/\/www.striped-giraffe.com\/de\/#organization\",\"name\":\"Striped Giraffe\",\"url\":\"https:\/\/www.striped-giraffe.com\/de\/\",\"logo\":{\"@type\":\"ImageObject\",\"inLanguage\":\"de\",\"@id\":\"https:\/\/www.striped-giraffe.com\/de\/#\/schema\/logo\/image\/\",\"url\":\"https:\/\/www.striped-giraffe.com\/wp-content\/uploads\/2021\/01\/giraffe_white.svg\",\"contentUrl\":\"https:\/\/www.striped-giraffe.com\/wp-content\/uploads\/2021\/01\/giraffe_white.svg\",\"caption\":\"Striped Giraffe\"},\"image\":{\"@id\":\"https:\/\/www.striped-giraffe.com\/de\/#\/schema\/logo\/image\/\"}}]}<\/script>\n<!-- \/ Yoast SEO Premium plugin. -->","yoast_head_json":{"title":"ANGEBOT: Software Delivery Optimierung - Striped Giraffe","description":"Wir identifizieren die Bereiche im SDLC, die optimiert werden m\u00fcssen. Hierf\u00fcr haben wir ein konkretes Angebot f\u00fcr Sie zusammengestellt.","robots":{"index":"index","follow":"follow","max-snippet":"max-snippet:-1","max-image-preview":"max-image-preview:large","max-video-preview":"max-video-preview:-1"},"canonical":"https:\/\/www.striped-giraffe.com\/de\/software-delivery-optimierung\/","og_locale":"de_DE","og_type":"article","og_title":"ANGEBOT: Software Delivery Optimierung","og_description":"Wir identifizieren die Bereiche im SDLC, die optimiert werden m\u00fcssen. Hierf\u00fcr haben wir ein konkretes Angebot f\u00fcr Sie zusammengestellt.","og_url":"https:\/\/www.striped-giraffe.com\/de\/software-delivery-optimierung\/","og_site_name":"Striped Giraffe","article_modified_time":"2024-09-11T09:01:02+00:00","og_image":[{"width":1200,"height":931,"url":"https:\/\/www.striped-giraffe.com\/wp-content\/uploads\/2023\/11\/Angebot_Software-Delivery-Optimierung.jpg","type":"image\/jpeg"}],"twitter_card":"summary_large_image","twitter_misc":{"Gesch\u00e4tzte Lesezeit":"3\u00a0Minuten"},"schema":{"@context":"https:\/\/schema.org","@graph":[{"@type":"WebPage","@id":"https:\/\/www.striped-giraffe.com\/de\/software-delivery-optimierung\/","url":"https:\/\/www.striped-giraffe.com\/de\/software-delivery-optimierung\/","name":"ANGEBOT: Software Delivery Optimierung - Striped Giraffe","isPartOf":{"@id":"https:\/\/www.striped-giraffe.com\/de\/#website"},"datePublished":"2023-11-23T08:45:17+00:00","dateModified":"2024-09-11T09:01:02+00:00","description":"Wir identifizieren die Bereiche im SDLC, die optimiert werden m\u00fcssen. Hierf\u00fcr haben wir ein konkretes Angebot f\u00fcr Sie zusammengestellt.","inLanguage":"de","potentialAction":[{"@type":"ReadAction","target":["https:\/\/www.striped-giraffe.com\/de\/software-delivery-optimierung\/"]}]},{"@type":"WebSite","@id":"https:\/\/www.striped-giraffe.com\/de\/#website","url":"https:\/\/www.striped-giraffe.com\/de\/","name":"Striped Giraffe","description":"Ihr zuverl\u00e4ssiger Anbieter f\u00fcr digitale Enterprise-L\u00f6sungen","publisher":{"@id":"https:\/\/www.striped-giraffe.com\/de\/#organization"},"potentialAction":[{"@type":"SearchAction","target":{"@type":"EntryPoint","urlTemplate":"https:\/\/www.striped-giraffe.com\/de\/?s={search_term_string}"},"query-input":"required name=search_term_string"}],"inLanguage":"de"},{"@type":"Organization","@id":"https:\/\/www.striped-giraffe.com\/de\/#organization","name":"Striped Giraffe","url":"https:\/\/www.striped-giraffe.com\/de\/","logo":{"@type":"ImageObject","inLanguage":"de","@id":"https:\/\/www.striped-giraffe.com\/de\/#\/schema\/logo\/image\/","url":"https:\/\/www.striped-giraffe.com\/wp-content\/uploads\/2021\/01\/giraffe_white.svg","contentUrl":"https:\/\/www.striped-giraffe.com\/wp-content\/uploads\/2021\/01\/giraffe_white.svg","caption":"Striped Giraffe"},"image":{"@id":"https:\/\/www.striped-giraffe.com\/de\/#\/schema\/logo\/image\/"}}]}},"_links":{"self":[{"href":"https:\/\/www.striped-giraffe.com\/de\/wp-json\/wp\/v2\/pages\/35474"}],"collection":[{"href":"https:\/\/www.striped-giraffe.com\/de\/wp-json\/wp\/v2\/pages"}],"about":[{"href":"https:\/\/www.striped-giraffe.com\/de\/wp-json\/wp\/v2\/types\/page"}],"author":[{"embeddable":true,"href":"https:\/\/www.striped-giraffe.com\/de\/wp-json\/wp\/v2\/users\/2"}],"replies":[{"embeddable":true,"href":"https:\/\/www.striped-giraffe.com\/de\/wp-json\/wp\/v2\/comments?post=35474"}],"version-history":[{"count":18,"href":"https:\/\/www.striped-giraffe.com\/de\/wp-json\/wp\/v2\/pages\/35474\/revisions"}],"predecessor-version":[{"id":37660,"href":"https:\/\/www.striped-giraffe.com\/de\/wp-json\/wp\/v2\/pages\/35474\/revisions\/37660"}],"wp:featuredmedia":[{"embeddable":true,"href":"https:\/\/www.striped-giraffe.com\/de\/wp-json\/wp\/v2\/media\/35538"}],"wp:attachment":[{"href":"https:\/\/www.striped-giraffe.com\/de\/wp-json\/wp\/v2\/media?parent=35474"}],"curies":[{"name":"wp","href":"https:\/\/api.w.org\/{rel}","templated":true}]}}