{"id":36325,"date":"2024-04-17T15:13:05","date_gmt":"2024-04-17T13:13:05","guid":{"rendered":"https:\/\/www.striped-giraffe.com\/download-studie-b2b-commerce-2-copy\/"},"modified":"2024-09-12T16:50:15","modified_gmt":"2024-09-12T14:50:15","slug":"download-ecc-club-studie-channel-magie","status":"publish","type":"page","link":"https:\/\/www.striped-giraffe.com\/de\/download-ecc-club-studie-channel-magie\/","title":{"rendered":"Download ECC Club Studie \u201eChannel-Magie&#8220;"},"content":{"rendered":"<section class=\"wpb-content-wrapper\"><p>[vc_row full_width=&#8220;stretch_row&#8220; full_height=&#8220;yes&#8220; columns_placement=&#8220;bottom&#8220; bg_type=&#8220;image&#8220; parallax_style=&#8220;vcpb-default&#8220; bg_image_new=&#8220;id^36538|url^https:\/\/www.striped-giraffe.com\/wp-content\/uploads\/2024\/04\/ECC_Studie_Channel_Magie.jpg|caption^Download: ECC CLUB-Studie \u201eIt\u2019s magic \u2013 mit Channel-Magie aus der Krise! So kann und muss der Einzelhandel seine Kundschaft verzaubern\u201c|alt^ECC K\u00d6LN Club Studie|title^ECC CLUB-Studie \u201eIt\u2019s magic \u2013 mit Channel-Magie aus der Krise! So kann und muss der Einzelhandel seine Kundschaft verzaubern\u201c|description^Download: ECC CLUB-Studie \u201eIt\u2019s magic \u2013 mit Channel-Magie aus der Krise! So kann und muss der Einzelhandel seine Kundschaft verzaubern\u201c&#8220; css=&#8220;.vc_custom_1713775990573{margin-left: 50px !important;padding-bottom: 50px !important;background-position: center !important;background-repeat: no-repeat !important;background-size: cover !important;}&#8220;][vc_column][vc_column_text]<\/p>\n<h2 class=\"headline_introduction\"><span style=\"color: #ef6c00;\">ECC CLUB STUDIE<\/span><\/h2>\n<h1><span style=\"color: #ffffff;\">It&#8217;s magic \u2013<\/span><\/h1>\n<h2 class=\"headline_introduction\"><span style=\"color: #ffffff;\"><b>mit Channel-Magie aus der Krise! <\/b><\/span><\/h2>\n<h2 class=\"headline_introduction\"><span style=\"color: #ffffff;\"><b>So kann und muss der Einzelhandel seine Kundschaft verzaubern<\/b><\/span><\/h2>\n<p>[\/vc_column_text][vc_empty_space][vc_btn title=&#8220;Download&#8220; color=&#8220;white&#8220; link=&#8220;url:%23downloadsectionstudie2&#8243;][\/vc_column][\/vc_row][vc_row full_width=&#8220;stretch_row&#8220; gap=&#8220;35&#8243; bg_type=&#8220;bg_color&#8220; css=&#8220;.vc_custom_1713364679602{margin-bottom: 50px !important;margin-left: 50px !important;padding-top: 50px !important;padding-bottom: 50px !important;}&#8220; bg_color_value=&#8220;#000000&#8243;][vc_column width=&#8220;2\/3&#8243;][vc_column_text]<\/p>\n<h2><span style=\"color: #ffffff;\">Was tun gegen den R\u00fcckgang im Handel?<\/span><\/h2>\n<p><span style=\"color: #ffffff;\">Nicht nur der station\u00e4re Handel schw\u00e4chelt seit ein paar Jahren. Jetzt trifft es auch den Onlinehandel.<\/span><\/p>\n<p><span style=\"color: #ffffff;\">Wie kann dem entgegengewirkt werden? Wie lassen sich Konsumenten nachhaltig verzaubern?<\/span><\/p>\n<p><span style=\"color: #ffffff;\">Damit besch\u00e4ftigt sich das ECC K\u00d6LN in seiner aktuellen Studie und wirft dabei auch einen Blick auf Potenziale in einzelnen Branchen.<\/span>[\/vc_column_text][\/vc_column][vc_column width=&#8220;1\/3&#8243; css=&#8220;.vc_custom_1677600860336{margin-left: 30px !important;}&#8220;][\/vc_column][\/vc_row][vc_row gap=&#8220;35&#8243; css=&#8220;.vc_custom_1677600809681{margin-bottom: 50px !important;}&#8220;][vc_column width=&#8220;2\/3&#8243;][vc_column_text]<\/p>\n<h2>Erfolgsrezepte im E-Commerce<\/h2>\n<p>Tats\u00e4chlich gibt es Dinge, die nie aus der Mode kommen. In der Studie erfahren Sie, wie Konsumenten Gewinnspiele, Coupons, Rabattaktionen und mehr bewerten.<\/p>\n<p>Gilt das eigentlich nur f\u00fcr den Onlinehandel? &#8222;Nein&#8220; lautet die Antwort der Studie. Lesen Sie, was davon sich Kunden im Laden w\u00fcnschen.[\/vc_column_text][\/vc_column][vc_column width=&#8220;1\/3&#8243; css=&#8220;.vc_custom_1677600860336{margin-left: 30px !important;}&#8220;][vc_column_text]<\/p>\n<h2 class=\"headline_superbig\" style=\"text-align: center;\"><span style=\"color: #33bf7f;\">\ud83d\udca1 <\/span><\/h2>\n<h3 style=\"text-align: center;\"><span style=\"color: #33bf7f;\">\u00dcberraschende Insights zur Gen Z<\/span><\/h3>\n<p>[\/vc_column_text][\/vc_column][\/vc_row][vc_row gap=&#8220;35&#8243; css=&#8220;.vc_custom_1713771793587{margin-bottom: 50px !important;}&#8220;][vc_column width=&#8220;2\/3&#8243;][vc_column_text]<\/p>\n<h2>Services sind das A und O<\/h2>\n<p>Die Studie verr\u00e4t, auf welche Services es den Konsumenten im Onlineshop ankommt und nicht nur da. Hier finden Sie auch die Antwort auf die Frage, was passiert, wenn diese Services fehlen.<\/p>\n<p>\u25b6\ufe0e Informationen zu speziellen digitalen Services f\u00fcr <strong>B2B-Kunde<\/strong>n finden Sie in unserem <a href=\"https:\/\/www.striped-giraffe.com\/de\/ebook-b2b-commerce\/\" target=\"_blank\" rel=\"noopener\">E-Book &#8222;B2B Commerce &#8211; Mehr als nur ein Onlineshop&#8220;<\/a>.[\/vc_column_text][\/vc_column][vc_column width=&#8220;1\/3&#8243; css=&#8220;.vc_custom_1677600860336{margin-left: 30px !important;}&#8220;][vc_column_text]<\/p>\n<h2 class=\"headline_superbig\" style=\"text-align: center;\"><span style=\"color: #33bf7f;\">\ud83d\udca1 <\/span><\/h2>\n<h3 style=\"text-align: center;\"><span style=\"color: #33bf7f;\">Hier gibt es deutliche Unterschiede in den einzelnen Branchen.<\/span><\/h3>\n<p>[\/vc_column_text][\/vc_column][\/vc_row][vc_row el_id=&#8220;downloadsectionstudie2&#8243; css=&#8220;.vc_custom_1681714053344{margin-bottom: 50px !important;}&#8220;][vc_column][\/vc_column][\/vc_row][vc_row gap=&#8220;35&#8243; css=&#8220;.vc_custom_1724317649240{margin-bottom: 100px !important;}&#8220; el_id=&#8220;downloadsection&#8220;][vc_column width=&#8220;1\/3&#8243;][vc_column_text]<\/p>\n<h2 class=\"headline_superbig\">Download<\/h2>\n<p>[\/vc_column_text][vc_empty_space height=&#8220;50&#8243;][vc_single_image image=&#8220;36441&#8243; img_size=&#8220;full&#8220; alignment=&#8220;center&#8220;][\/vc_column][vc_column width=&#8220;2\/3&#8243;][vc_column_text]Laden Sie sich die ECC CLUB Studie &#8222;It&#8217;s magic \u2013 mit Channel-Magie aus der Krise! So kann und muss der Einzelhandel seine Kundschaft verzaubern&#8220; kostenlos herunter.[\/vc_column_text][vc_empty_space][vc_column_text]<div class='_form_36'><\/div><script type='text\/javascript' src='https:\/\/striped-giraffe.activehosted.com\/f\/embed.php?static=0&id=36&69D479792E2C2&nostyles=0&preview=0'><\/script>[\/vc_column_text][\/vc_column][\/vc_row][vc_row full_width=&#8220;stretch_row&#8220; css=&#8220;.vc_custom_1706183849370{margin-top: 50px !important;margin-bottom: 50px !important;}&#8220;][vc_column][vc_row_inner][vc_column_inner width=&#8220;1\/3&#8243;][vc_column_text]<\/p>\n<h2 class=\"headline_superbig\">Let&#8217;s talk<\/h2>\n<p>[\/vc_column_text][\/vc_column_inner][vc_column_inner width=&#8220;2\/3&#8243;][vc_column_text]<\/p>\n<h3>Brauchen Sie ein <strong>konkretes Angebot<\/strong> oder suchen Sie einen <strong>Sparringspartner<\/strong>, mit dem sie Ideen diskutieren und entwickeln k\u00f6nnen?<\/h3>\n<h3>Dann melden Sie sich:<\/h3>\n<ul>\n<li><a href=\"mailto:experts@striped-giraffe.com\">experts@striped-giraffe.com<\/a><\/li>\n<li><span style=\"color: #ef6c00;\">+49 (0)89-416 126-667<\/span><\/li>\n<\/ul>\n<p>[\/vc_column_text]<a class=\"calendly\" href=\"\" onclick=\"Calendly.initPopupWidget({url: 'https:\/\/calendly.com\/striped-giraffe\/30min'});return false;\">Termin vereinbaren<\/a>[vc_column_text css=&#8220;.vc_custom_1705936147633{margin-top: 32px !important;}&#8220;]<\/p>\n<h3>Wir unterst\u00fctzen Sie gerne.<\/h3>\n<p>[\/vc_column_text][\/vc_column_inner][\/vc_row_inner][\/vc_column][\/vc_row][vc_row full_width=&#8220;stretch_row&#8220; bg_type=&#8220;bg_color&#8220; bg_color_value=&#8220;#000000&#8243;][vc_column][vc_row_inner][vc_column_inner][vc_column_text css=&#8220;.vc_custom_1651048105246{margin-top: 100px !important;}&#8220;]<\/p>\n<h2 class=\"headline_introduction\"><span style=\"color: #ffffff;\">Weitere Insights<\/span><\/h2>\n<p>[\/vc_column_text][\/vc_column_inner][\/vc_row_inner][\/vc_column][\/vc_row][vc_row full_width=&#8220;stretch_row&#8220; gap=&#8220;35&#8243; bg_type=&#8220;bg_color&#8220; css=&#8220;.vc_custom_1609934688295{margin-top: 0px !important;margin-bottom: 0px !important;padding-top: 100px !important;padding-bottom: 100px !important;}&#8220; bg_color_value=&#8220;#000000&#8243;][vc_column][vc_row_inner][vc_column_inner width=&#8220;1\/3&#8243; css=&#8220;.vc_custom_1610013762619{padding-right: 25px !important;}&#8220;][vc_column_text]<\/p>\n<h2><span style=\"color: #ef6c00;\">Wir schaffen Mehrwerte<\/span> <span style=\"color: #ffffff;\">f\u00fcr unsere Kunden.<\/span><\/h2>\n<p><span style=\"color: #ffffff;\">Das f\u00fchrt zu einer langj\u00e4hrigen Zusammenarbeit mit unseren Kunden, die wir sehr sch\u00e4tzen. Noch mehr E-Books, Case Studies und co. finden Sie in unseren <a href=\"https:\/\/www.striped-giraffe.com\/insights\/\">Insights<\/a>.<\/span>[\/vc_column_text][\/vc_column_inner][vc_column_inner width=&#8220;1\/3&#8243;]<div class=\"templatera_shortcode\"><div class=\"vc_row wpb_row vc_row-fluid\"><div class=\"wpb_column vc_column_container vc_col-sm-12\"><div class=\"vc_column-inner\"><div class=\"wpb_wrapper\"><div id='' class='teaserbox  overlay'><div class='teaserbox_inner'><div class='teaserheadline'><h3 style='text-transform:uppercase;color:#ef6c00;font-family:DinWebPro Bold;'>Neues E-Book<\/h3><h2 style='text-transform:none;color:#ffffff;'>ESG - Es ist unsere Verantwortung<\/h2><\/div><div class='teasertext'><div class='wpb_wrapper'>Alles, was Sie jetzt \u00fcber ESG (Environmental, Social and Corporate Governance) wissen m\u00fcssen und wie Sie Ihrer Verantwortung entsprechen k\u00f6nnen.<\/div><\/div><div class='teaserlink'><a href='https:\/\/www.striped-giraffe.com\/de\/esg-ebook\/' style='color:#ffffff;'>Download<\/a><\/div><div class='wpb_single_image desktop_only'><img src='https:\/\/www.striped-giraffe.com\/wp-content\/uploads\/2024\/04\/E-book_ESG.jpg' \/><\/div><div class='wpb_single_image mobile_only'><img src='https:\/\/www.striped-giraffe.com\/wp-content\/uploads\/2024\/04\/E-book_ESG-600x700.jpg' \/><\/div><\/div><\/div><\/div><\/div><\/div><\/div><\/div>[\/vc_column_inner][vc_column_inner width=&#8220;1\/3&#8243;]<div class=\"templatera_shortcode\"><div class=\"vc_row wpb_row vc_row-fluid\"><div class=\"wpb_column vc_column_container vc_col-sm-12\"><div class=\"vc_column-inner\"><div class=\"wpb_wrapper\"><div id='' class='teaserbox  overlay'><div class='teaserbox_inner'><div class='teaserheadline'><h2 style='color:#ef6c00;font-family:DinWebPro Bold;'>B2B Commerce<\/h2><h3 style='color:#ffffff;'>Mehr als nur ein Onlineshop<\/h3><\/div><div class='teasertext'><div class='wpb_wrapper'>Um die Erwartungen der Gesch\u00e4ftskunden zu erf\u00fcllen, m\u00fcssen B2B-Plattformen eine Vielzahl von Funktionen und M\u00f6glichkeiten bieten, die in B2C-Onlineshops nicht zu finden sind.<\/div><\/div><div class='teaserlink'><a href='https:\/\/www.striped-giraffe.com\/de\/ebook-b2b-commerce\/' style='color:#ffffff;'>Download<\/a><\/div><div class='wpb_single_image desktop_only'><img src='https:\/\/www.striped-giraffe.com\/wp-content\/uploads\/2022\/03\/Teaser_E-Book_B2B-Commerce.jpg' \/><\/div><div class='wpb_single_image mobile_only'><img src='https:\/\/www.striped-giraffe.com\/wp-content\/uploads\/2022\/03\/Teaser_E-Book_B2B-Commerce-600x700.jpg' \/><\/div><\/div><\/div><\/div><\/div><\/div><\/div><\/div>[\/vc_column_inner][\/vc_row_inner][\/vc_column][\/vc_row]<\/p>\n<\/section>","protected":false},"excerpt":{"rendered":"ECC CLUB STUDIE It's magic \u2013 mit Channel-Magie aus der Krise! So kann und muss der Einzelhandel seine Kundschaft verzaubern [...]","protected":false},"author":2,"featured_media":36441,"parent":0,"menu_order":0,"comment_status":"closed","ping_status":"closed","template":"page-sidebar.php","meta":{"footnotes":""},"acf":[],"yoast_head":"<!-- This site is optimized with the Yoast SEO Premium plugin v20.5 (Yoast SEO v20.5) - https:\/\/yoast.com\/wordpress\/plugins\/seo\/ -->\n<title>ECC CLUB-Studie \u00fcber die Verzauberung der Konsumenten<\/title>\n<meta name=\"description\" content=\"Neue ECC CLUB-Studie &quot;It&#039;s magic \u2013\u00a0mit Channel-Magie aus der Krise! So kann und muss der Einzelhandel seine Kundschaft verzaubern&quot;\" \/>\n<meta name=\"robots\" content=\"index, follow, max-snippet:-1, max-image-preview:large, max-video-preview:-1\" \/>\n<link rel=\"canonical\" href=\"https:\/\/www.striped-giraffe.com\/de\/download-ecc-club-studie-channel-magie\/\" \/>\n<meta property=\"og:locale\" content=\"de_DE\" \/>\n<meta property=\"og:type\" content=\"article\" \/>\n<meta property=\"og:title\" content=\"Download ECC Club Studie \u201eChannel-Magie&quot;\" \/>\n<meta property=\"og:description\" content=\"Neue ECC CLUB-Studie &quot;It&#039;s magic \u2013\u00a0mit Channel-Magie aus der Krise! So kann und muss der Einzelhandel seine Kundschaft verzaubern&quot;\" \/>\n<meta property=\"og:url\" content=\"https:\/\/www.striped-giraffe.com\/de\/download-ecc-club-studie-channel-magie\/\" \/>\n<meta property=\"og:site_name\" content=\"Striped Giraffe\" \/>\n<meta property=\"article:modified_time\" content=\"2024-09-12T14:50:15+00:00\" \/>\n<meta property=\"og:image\" content=\"https:\/\/www.striped-giraffe.com\/wp-content\/uploads\/2024\/04\/ECC-Club-Studie-Channel-Magie.jpg\" \/>\n\t<meta property=\"og:image:width\" content=\"1200\" \/>\n\t<meta property=\"og:image:height\" content=\"930\" \/>\n\t<meta property=\"og:image:type\" content=\"image\/jpeg\" \/>\n<meta name=\"twitter:card\" content=\"summary_large_image\" \/>\n<meta name=\"twitter:label1\" content=\"Gesch\u00e4tzte Lesezeit\" \/>\n\t<meta name=\"twitter:data1\" content=\"3\u00a0Minuten\" \/>\n<script type=\"application\/ld+json\" class=\"yoast-schema-graph\">{\"@context\":\"https:\/\/schema.org\",\"@graph\":[{\"@type\":\"WebPage\",\"@id\":\"https:\/\/www.striped-giraffe.com\/de\/download-ecc-club-studie-channel-magie\/\",\"url\":\"https:\/\/www.striped-giraffe.com\/de\/download-ecc-club-studie-channel-magie\/\",\"name\":\"ECC CLUB-Studie \u00fcber die Verzauberung der Konsumenten\",\"isPartOf\":{\"@id\":\"https:\/\/www.striped-giraffe.com\/de\/#website\"},\"datePublished\":\"2024-04-17T13:13:05+00:00\",\"dateModified\":\"2024-09-12T14:50:15+00:00\",\"description\":\"Neue ECC CLUB-Studie \\\"It's magic \u2013\u00a0mit Channel-Magie aus der Krise! So kann und muss der Einzelhandel seine Kundschaft verzaubern\\\"\",\"inLanguage\":\"de\",\"potentialAction\":[{\"@type\":\"ReadAction\",\"target\":[\"https:\/\/www.striped-giraffe.com\/de\/download-ecc-club-studie-channel-magie\/\"]}]},{\"@type\":\"WebSite\",\"@id\":\"https:\/\/www.striped-giraffe.com\/de\/#website\",\"url\":\"https:\/\/www.striped-giraffe.com\/de\/\",\"name\":\"Striped Giraffe\",\"description\":\"Ihr zuverl\u00e4ssiger Anbieter f\u00fcr digitale Enterprise-L\u00f6sungen\",\"publisher\":{\"@id\":\"https:\/\/www.striped-giraffe.com\/de\/#organization\"},\"potentialAction\":[{\"@type\":\"SearchAction\",\"target\":{\"@type\":\"EntryPoint\",\"urlTemplate\":\"https:\/\/www.striped-giraffe.com\/de\/?s={search_term_string}\"},\"query-input\":\"required name=search_term_string\"}],\"inLanguage\":\"de\"},{\"@type\":\"Organization\",\"@id\":\"https:\/\/www.striped-giraffe.com\/de\/#organization\",\"name\":\"Striped Giraffe\",\"url\":\"https:\/\/www.striped-giraffe.com\/de\/\",\"logo\":{\"@type\":\"ImageObject\",\"inLanguage\":\"de\",\"@id\":\"https:\/\/www.striped-giraffe.com\/de\/#\/schema\/logo\/image\/\",\"url\":\"https:\/\/www.striped-giraffe.com\/wp-content\/uploads\/2021\/01\/giraffe_white.svg\",\"contentUrl\":\"https:\/\/www.striped-giraffe.com\/wp-content\/uploads\/2021\/01\/giraffe_white.svg\",\"caption\":\"Striped Giraffe\"},\"image\":{\"@id\":\"https:\/\/www.striped-giraffe.com\/de\/#\/schema\/logo\/image\/\"}}]}<\/script>\n<!-- \/ Yoast SEO Premium plugin. -->","yoast_head_json":{"title":"ECC CLUB-Studie \u00fcber die Verzauberung der Konsumenten","description":"Neue ECC CLUB-Studie \"It's magic \u2013\u00a0mit Channel-Magie aus der Krise! So kann und muss der Einzelhandel seine Kundschaft verzaubern\"","robots":{"index":"index","follow":"follow","max-snippet":"max-snippet:-1","max-image-preview":"max-image-preview:large","max-video-preview":"max-video-preview:-1"},"canonical":"https:\/\/www.striped-giraffe.com\/de\/download-ecc-club-studie-channel-magie\/","og_locale":"de_DE","og_type":"article","og_title":"Download ECC Club Studie \u201eChannel-Magie\"","og_description":"Neue ECC CLUB-Studie \"It's magic \u2013\u00a0mit Channel-Magie aus der Krise! So kann und muss der Einzelhandel seine Kundschaft verzaubern\"","og_url":"https:\/\/www.striped-giraffe.com\/de\/download-ecc-club-studie-channel-magie\/","og_site_name":"Striped Giraffe","article_modified_time":"2024-09-12T14:50:15+00:00","og_image":[{"width":1200,"height":930,"url":"https:\/\/www.striped-giraffe.com\/wp-content\/uploads\/2024\/04\/ECC-Club-Studie-Channel-Magie.jpg","type":"image\/jpeg"}],"twitter_card":"summary_large_image","twitter_misc":{"Gesch\u00e4tzte Lesezeit":"3\u00a0Minuten"},"schema":{"@context":"https:\/\/schema.org","@graph":[{"@type":"WebPage","@id":"https:\/\/www.striped-giraffe.com\/de\/download-ecc-club-studie-channel-magie\/","url":"https:\/\/www.striped-giraffe.com\/de\/download-ecc-club-studie-channel-magie\/","name":"ECC CLUB-Studie \u00fcber die Verzauberung der Konsumenten","isPartOf":{"@id":"https:\/\/www.striped-giraffe.com\/de\/#website"},"datePublished":"2024-04-17T13:13:05+00:00","dateModified":"2024-09-12T14:50:15+00:00","description":"Neue ECC CLUB-Studie \"It's magic \u2013\u00a0mit Channel-Magie aus der Krise! So kann und muss der Einzelhandel seine Kundschaft verzaubern\"","inLanguage":"de","potentialAction":[{"@type":"ReadAction","target":["https:\/\/www.striped-giraffe.com\/de\/download-ecc-club-studie-channel-magie\/"]}]},{"@type":"WebSite","@id":"https:\/\/www.striped-giraffe.com\/de\/#website","url":"https:\/\/www.striped-giraffe.com\/de\/","name":"Striped Giraffe","description":"Ihr zuverl\u00e4ssiger Anbieter f\u00fcr digitale Enterprise-L\u00f6sungen","publisher":{"@id":"https:\/\/www.striped-giraffe.com\/de\/#organization"},"potentialAction":[{"@type":"SearchAction","target":{"@type":"EntryPoint","urlTemplate":"https:\/\/www.striped-giraffe.com\/de\/?s={search_term_string}"},"query-input":"required name=search_term_string"}],"inLanguage":"de"},{"@type":"Organization","@id":"https:\/\/www.striped-giraffe.com\/de\/#organization","name":"Striped Giraffe","url":"https:\/\/www.striped-giraffe.com\/de\/","logo":{"@type":"ImageObject","inLanguage":"de","@id":"https:\/\/www.striped-giraffe.com\/de\/#\/schema\/logo\/image\/","url":"https:\/\/www.striped-giraffe.com\/wp-content\/uploads\/2021\/01\/giraffe_white.svg","contentUrl":"https:\/\/www.striped-giraffe.com\/wp-content\/uploads\/2021\/01\/giraffe_white.svg","caption":"Striped Giraffe"},"image":{"@id":"https:\/\/www.striped-giraffe.com\/de\/#\/schema\/logo\/image\/"}}]}},"_links":{"self":[{"href":"https:\/\/www.striped-giraffe.com\/de\/wp-json\/wp\/v2\/pages\/36325"}],"collection":[{"href":"https:\/\/www.striped-giraffe.com\/de\/wp-json\/wp\/v2\/pages"}],"about":[{"href":"https:\/\/www.striped-giraffe.com\/de\/wp-json\/wp\/v2\/types\/page"}],"author":[{"embeddable":true,"href":"https:\/\/www.striped-giraffe.com\/de\/wp-json\/wp\/v2\/users\/2"}],"replies":[{"embeddable":true,"href":"https:\/\/www.striped-giraffe.com\/de\/wp-json\/wp\/v2\/comments?post=36325"}],"version-history":[{"count":45,"href":"https:\/\/www.striped-giraffe.com\/de\/wp-json\/wp\/v2\/pages\/36325\/revisions"}],"predecessor-version":[{"id":37722,"href":"https:\/\/www.striped-giraffe.com\/de\/wp-json\/wp\/v2\/pages\/36325\/revisions\/37722"}],"wp:featuredmedia":[{"embeddable":true,"href":"https:\/\/www.striped-giraffe.com\/de\/wp-json\/wp\/v2\/media\/36441"}],"wp:attachment":[{"href":"https:\/\/www.striped-giraffe.com\/de\/wp-json\/wp\/v2\/media?parent=36325"}],"curies":[{"name":"wp","href":"https:\/\/api.w.org\/{rel}","templated":true}]}}