{"id":36787,"date":"2024-05-13T12:17:21","date_gmt":"2024-05-13T10:17:21","guid":{"rendered":"https:\/\/www.striped-giraffe.com\/software-delivery-optimierung-copy\/"},"modified":"2025-09-01T14:23:35","modified_gmt":"2025-09-01T12:23:35","slug":"ecommerce-architektur","status":"publish","type":"page","link":"https:\/\/www.striped-giraffe.com\/de\/expertise\/it-architektur\/ecommerce-architektur\/","title":{"rendered":"E-Commerce-Architektur"},"content":{"rendered":"<section class=\"wpb-content-wrapper\"><p>[vc_row full_width=&#8220;stretch_row&#8220; full_height=&#8220;yes&#8220; bg_type=&#8220;image&#8220; parallax_style=&#8220;vcpb-default&#8220; bg_image_new=&#8220;id^36862|url^https:\/\/www.striped-giraffe.com\/wp-content\/uploads\/2024\/05\/E-Commerce-Architecture.jpg|caption^E-Commerce Architecture|alt^E-Commerce Architecture|title^E-Commerce Architecture|description^E-Commerce Architecture<br \/>\nFlexibility first&#8220; css=&#8220;.vc_custom_1716448277823{margin-bottom: 50px !important;}&#8220;][vc_column][vc_column_text]<\/p>\n<h1><span style=\"color: #ffffff;\">E-Commerce-<\/span><\/h1>\n<h1><span style=\"color: #ffffff;\">Architektur<\/span><\/h1>\n<p>[\/vc_column_text][\/vc_column][\/vc_row][vc_row bg_type=&#8220;bg_color&#8220; el_class=&#8220;closetotop&#8220; bg_color_value=&#8220;#ffffff&#8220; css=&#8220;.vc_custom_1698932693077{padding-top: 50px !important;padding-bottom: 50px !important;}&#8220;][vc_column][vc_column_text]<\/p>\n<h3>E-Commerce-Architekturen sind das R\u00fcckgrat jeder erfolgreichen Online-Handelsplattform. Sie gew\u00e4hrleisten, dass s\u00e4mtliche Komponenten \u2013 von der Benutzeroberfl\u00e4che bis hin zu den Backend-Systemen \u2013 nahtlos zusammenarbeiten.<\/h3>\n<p>[\/vc_column_text][\/vc_column][\/vc_row][vc_row gap=&#8220;35&#8243; css=&#8220;.vc_custom_1694428222887{margin-bottom: 50px !important;}&#8220;][vc_column width=&#8220;1\/3&#8243;][vc_column_text]<\/p>\n<h2 class=\"headline_superbig\">DARAUF KOMMT ES AN<\/h2>\n<p>[\/vc_column_text][\/vc_column][vc_column width=&#8220;2\/3&#8243;][vc_column_text]Eine gut durchdachte E-Commerce-Architektur bietet Skalierbarkeit, Flexibilit\u00e4t und Sicherheit, um den wachsenden Anforderungen des Marktes gerecht zu werden.<\/p>\n<p>Dabei sind mehrere Faktoren zu ber\u00fccksichtigen:<\/p>\n<ul>\n<li>die Auswahl der richtigen Technologie-Stacks<\/li>\n<li>die Integration mit bestehenden Systemen<\/li>\n<li>die Benutzerfreundlichkeit und die Sicherstellung eines reibungslosen Kundenerlebnisses.<\/li>\n<\/ul>\n<p>Au\u00dferdem sollten Unternehmen auf eine <strong>modulare Architektur<\/strong> setzen, die es ihnen erm\u00f6glicht, schnell auf Marktver\u00e4nderungen zu reagieren und neue Funktionen ohne gr\u00f6\u00dfere Unterbrechungen zu implementieren.<\/p>\n<p>Ein weiterer wichtiger Aspekt ist die <strong>Datensicherheit<\/strong>, um den Schutz sensibler Kundeninformationen zu gew\u00e4hrleisten und gesetzliche Vorschriften einzuhalten.[\/vc_column_text][\/vc_column][\/vc_row][vc_row gap=&#8220;35&#8243; css=&#8220;.vc_custom_1716450492658{margin-bottom: 50px !important;}&#8220;][vc_column width=&#8220;1\/3&#8243;][vc_column_text]<\/p>\n<h2 class=\"headline_superbig\">Flexibilit\u00e4t<\/h2>\n<p>[\/vc_column_text][\/vc_column][vc_column width=&#8220;2\/3&#8243;][vc_column_text]Flexibilit\u00e4t bei einer E-Commerce-Architektur ist entscheidend, um schnell auf Marktver\u00e4nderungen und Kundenanforderungen reagieren zu k\u00f6nnen. Sie erm\u00f6glicht es Unternehmen, neue Funktionen und Integrationen ohne gr\u00f6\u00dfere Unterbrechungen hinzuzuf\u00fcgen, was die Wettbewerbsf\u00e4higkeit st\u00e4rkt. Zudem reduziert eine flexible Architektur langfristige Betriebskosten, da sie Anpassungen und Skalierungen effizienter gestaltet.[\/vc_column_text][\/vc_column][\/vc_row][vc_row gap=&#8220;35&#8243; css=&#8220;.vc_custom_1716450505499{margin-bottom: 50px !important;}&#8220;][vc_column width=&#8220;1\/3&#8243;][vc_column_text]<\/p>\n<h2 class=\"headline_superbig\">Zukunfts-<br \/>\nf\u00e4higkeit<\/h2>\n<p>[\/vc_column_text][\/vc_column][vc_column width=&#8220;2\/3&#8243;][vc_column_text]MACH-Architekturen und \u201eComposable\u201c-Ans\u00e4tze sind gerade sehr popul\u00e4r. Das bedeutet jedoch nicht, dass sie f\u00fcr jedes Unternehmen die richtige L\u00f6sung sind. Alternativ lassen sich auch Plattformen nutzen, mit denen man mittels APIs ein Headless-Frontend anbinden kann.<\/p>\n<p>Damit w\u00e4re Cloud-native nicht unbedingt gegeben (aber vielleicht L\u00f6sungen in der Cloud oder On-Prem). Ohnehin stellt sich die Frage, ob es immer Cloud-native sein muss, schon alleine wegen der Abh\u00e4ngigkeit von Anbietern. Eines ist aber sicher: Headless- und API-basierte Architekturen schaffen in jedem Fall moderne Ans\u00e4tze und erm\u00f6glichen flexible Optionen f\u00fcr die Zukunft.<\/p>\n<p>Bei der Umsetzung ist es h\u00e4ufig sinnvoller, schrittweise \u00dcberg\u00e4nge (Transitionen) unter Verwendung vorhandener L\u00f6sungen durchzuf\u00fchren, anstatt alles auf einmal in einem &#8222;Big-Bang&#8220;-Ansatz zu \u00e4ndern. Einen weiteren Weg stellt das \u201eStrangler\u201c-Pattern dar, mit dem man im laufenden Betrieb sukzessive die alte L\u00f6sung unterwandert und abl\u00f6st.<\/p>\n<p>Am Ende bleibt festzuhalten, dass Kunden heute vor allem flexible L\u00f6sungen brauchen, um auch morgen Anpassungen vornehmen zu k\u00f6nnen. Die Zeiten einer vollst\u00e4ndigen Neu-Implementierung, wie wir dies die letzten 25 Jahre gesehen haben, neigen sich definitiv dem Ende zu.[\/vc_column_text][\/vc_column][\/vc_row][vc_row gap=&#8220;35&#8243; css=&#8220;.vc_custom_1716450514780{margin-bottom: 50px !important;}&#8220;][vc_column width=&#8220;1\/3&#8243;][vc_column_text]<\/p>\n<h2 class=\"headline_superbig\">Unser Ansatz<\/h2>\n<p>[\/vc_column_text][\/vc_column][vc_column width=&#8220;2\/3&#8243;][vc_column_text]Aus unserer Sicht gibt es keine pauschale \u201ebeste L\u00f6sung\u201c. Die h\u00e4ngt f\u00fcr jedes einzelne Unternehmen von einer Vielzahl von Faktoren ab. Flexibel sollte sie aus unserer Sicht sein. Aber das ist nicht allein eine Frage der Technik. Denn Flexibilit\u00e4t bezieht sich auf das gesamte Unternehmen, seine Strategien, Herangehensweise, Rahmenbedingungen und vieles mehr.<\/p>\n<p>Wenn wir unsere Kunden zum Thema E-Commerce-Architektur beraten, achten wir unter anderem auf folgende Aspekte:<\/p>\n<ul>\n<li>Time-to-Market (Delivery\/Releases)<\/li>\n<li>Benutzerfreundlichkeit<\/li>\n<li>Skalierbarkeit und Agilit\u00e4t<\/li>\n<li>Integrationsf\u00e4higkeit<\/li>\n<li>Sicherheit und Compliance<\/li>\n<li>Wiederverwendbarkeit<\/li>\n<li>Flexibilit\u00e4t und Zukunftssicherheit<\/li>\n<li>Implementierungs- und Unterhaltskosten<\/li>\n<li>Support und Wartung<\/li>\n<\/ul>\n<p>Wir haben Ihnen dar\u00fcber hinaus hilfreiche Informationen zu unterschiedlichen <a href=\"https:\/\/www.striped-giraffe.com\/de\/expertise\/e-commerce\/technologie\/\">E-Commerce-Technologien<\/a> zusammengestellt.<\/p>\n<p>Wir beraten und implementieren alle Hauptbestandteile einer E-Commerce-Architektur:<\/p>\n<ul>\n<li>Frontend<\/li>\n<li>Backend<\/li>\n<li>Datenbank<\/li>\n<li>Integration Layer<\/li>\n<li>Security Layer<\/li>\n<li>Content Management Systeme<\/li>\n<li>Suche und Navigation<\/li>\n<li>Analytics und Reporting<\/li>\n<li>DevOps und Monitoring<\/li>\n<\/ul>\n<p>[\/vc_column_text][\/vc_column][\/vc_row][vc_row el_id=&#8220;downloadsectionoffer&#8220;][vc_column][\/vc_column][\/vc_row][vc_row gap=&#8220;35&#8243; css=&#8220;.vc_custom_1724317649240{margin-bottom: 100px !important;}&#8220; el_id=&#8220;downloadsection&#8220;][vc_column width=&#8220;1\/3&#8243;][vc_column_text]<\/p>\n<h2 class=\"headline_superbig\">Unser Angebot<\/h2>\n<p>[\/vc_column_text][vc_empty_space][vc_single_image image=&#8220;36868&#8243; img_size=&#8220;full&#8220; alignment=&#8220;center&#8220;][\/vc_column][vc_column width=&#8220;2\/3&#8243;][vc_column_text]<\/p>\n<h2 class=\"headline_superbig\"><span style=\"color: #ef6c00;\">Angebot<\/span> zur Optimierung Ihrer<br \/>\nE-Commerce-Architektur<\/h2>\n<p>[\/vc_column_text][vc_empty_space][vc_column_text]Wenn Sie Ihre E-Commerce-Architektur optimieren wollen oder auf eine Headless-Architektur umsteigen m\u00f6chten, dann werfen Sie einen Blick in unser Starter Package. Hier finden Sie alle Details, wie wir Ihre E-Commerce-Architektur <strong>in 5 Schritten<\/strong> optimieren k\u00f6nnen.[\/vc_column_text][vc_empty_space][vc_column_text]<div class='_form_74'><\/div><script type='text\/javascript' src='https:\/\/striped-giraffe.activehosted.com\/f\/embed.php?static=0&id=74&69E4D2B0117E4&nostyles=0&preview=0'><\/script>[\/vc_column_text][\/vc_column][\/vc_row][vc_row full_width=&#8220;stretch_row&#8220; css=&#8220;.vc_custom_1706183849370{margin-top: 50px !important;margin-bottom: 50px !important;}&#8220;][vc_column][vc_row_inner][vc_column_inner width=&#8220;1\/3&#8243;][vc_column_text]<\/p>\n<h2 class=\"headline_superbig\">Let&#8217;s talk<\/h2>\n<p>[\/vc_column_text][\/vc_column_inner][vc_column_inner width=&#8220;2\/3&#8243;][vc_column_text]<\/p>\n<h3>Brauchen Sie ein <strong>konkretes Angebot<\/strong> oder suchen Sie einen <strong>Sparringspartner<\/strong>, mit dem sie Ideen diskutieren und entwickeln k\u00f6nnen?<\/h3>\n<h3>Dann melden Sie sich:<\/h3>\n<ul>\n<li><a href=\"mailto:experts@striped-giraffe.com\">experts@striped-giraffe.com<\/a><\/li>\n<li><span style=\"color: #ef6c00;\">+49 (0)89-416 126-667<\/span><\/li>\n<\/ul>\n<p>[\/vc_column_text]<a class=\"calendly\" href=\"\" onclick=\"Calendly.initPopupWidget({url: 'https:\/\/calendly.com\/striped-giraffe\/30min'});return false;\">Termin vereinbaren<\/a>[vc_column_text css=&#8220;.vc_custom_1705936147633{margin-top: 32px !important;}&#8220;]<\/p>\n<h3>Wir unterst\u00fctzen Sie gerne.<\/h3>\n<p>[\/vc_column_text][\/vc_column_inner][\/vc_row_inner][\/vc_column][\/vc_row][vc_row full_width=&#8220;stretch_row&#8220; gap=&#8220;35&#8243; bg_type=&#8220;bg_color&#8220; css=&#8220;.vc_custom_1609934688295{margin-top: 0px !important;margin-bottom: 0px !important;padding-top: 100px !important;padding-bottom: 100px !important;}&#8220; bg_color_value=&#8220;#000000&#8243;][vc_column][vc_row_inner][vc_column_inner width=&#8220;1\/3&#8243; css=&#8220;.vc_custom_1610013762619{padding-right: 25px !important;}&#8220;][vc_column_text]<\/p>\n<h2><span style=\"color: #ef6c00;\">Das k\u00f6nnte Sie auch<\/span> <span style=\"color: #ffffff;\">interessieren.<\/span><\/h2>\n<p><span style=\"color: #ffffff;\">Wir haben ein E-Book sowie einige Blogartikel zu diesem Thema erstellt. Noch mehr E-Books, Case Studies und co. finden Sie in unseren <a href=\"https:\/\/www.striped-giraffe.com\/insights\/\">Insights<\/a>.<\/span>[\/vc_column_text][\/vc_column_inner][vc_column_inner width=&#8220;1\/3&#8243;]<div class=\"templatera_shortcode\"><div class=\"vc_row wpb_row vc_row-fluid\"><div class=\"wpb_column vc_column_container vc_col-sm-12\"><div class=\"vc_column-inner\"><div class=\"wpb_wrapper\"><div id='' class='teaserbox  overlay'><div class='teaserbox_inner'><div class='teaserheadline'><h3 style='text-transform:uppercase;color:#ffffff;font-family:DinWebPro Bold;'>IT-Report<\/h3><h2 style='text-transform:none;color:#ef6c00;'>DIGITALISIERUNGS- PROJEKTE<\/h2><\/div><div class='teasertext'><div class='wpb_wrapper'>Um die digitale Transformation zu realisieren, mu\u0308ssen Unternehmen verschiedene Digitalisierungsprojekte umsetzen. Doch wie stellt man sicher, dass sie auch erfolgreich werden?<\/div><\/div><div class='teaserlink'><a href='https:\/\/www.striped-giraffe.com\/de\/it-bericht-digitalisierungsprojekte\/' style='color:#ffffff;'>Mehr erfahren<\/a><\/div><div class='wpb_single_image desktop_only'><img src='https:\/\/www.striped-giraffe.com\/wp-content\/uploads\/2023\/11\/IT-Report-2023-600x960.jpg' \/><\/div><div class='wpb_single_image mobile_only'><img src='https:\/\/www.striped-giraffe.com\/wp-content\/uploads\/2023\/11\/IT-Report-2023-600x700.jpg' \/><\/div><\/div><\/div><\/div><\/div><\/div><\/div><\/div>[\/vc_column_inner][vc_column_inner width=&#8220;1\/3&#8243;]<div class=\"templatera_shortcode\"><div class=\"vc_row wpb_row vc_row-fluid\"><div class=\"wpb_column vc_column_container vc_col-sm-12\"><div class=\"vc_column-inner\"><div class=\"wpb_wrapper\"><div id='' class='teaserbox  overlay'><div class='teaserbox_inner'><div class='teaserheadline'><h3 style='text-transform:uppercase;color:#000000;font-family:DinWebPro Bold;'>Weltweite Studie<\/h3><h2 style='text-transform:none;color:#ef6c00;'>THE AGILE REPORT<\/h2><\/div><div class='teasertext'><div class='wpb_wrapper'>Agile-Experten berichten von ihren Erfahrungen, Ansichten und den Auswirkungen agiler Software-Entwicklung auf die Organisation.<\/div><\/div><div class='teaserlink'><a href='https:\/\/www.striped-giraffe.com\/de\/the-agile-report\/' style='color:#000000;'>Zum Download<\/a><\/div><div class='wpb_single_image desktop_only'><img src='https:\/\/www.striped-giraffe.com\/wp-content\/uploads\/2024\/02\/Teaser_THE_AGILE_REPORT_2024.jpg' \/><\/div><div class='wpb_single_image mobile_only'><img src='https:\/\/www.striped-giraffe.com\/wp-content\/uploads\/2024\/02\/Teaser_THE_AGILE_REPORT_2024-600x700.jpg' \/><\/div><\/div><\/div><\/div><\/div><\/div><\/div><\/div>[\/vc_column_inner][\/vc_row_inner][\/vc_column][\/vc_row]<\/p>\n<\/section>","protected":false},"excerpt":{"rendered":"E-Commerce- Architektur E-Commerce-Architekturen sind das R\u00fcckgrat jeder erfolgreichen Online-Handelsplattform. Sie gew\u00e4hrleisten, dass s\u00e4mtliche Komponenten \u2013 von der Benutzeroberfl\u00e4che bis hin [...]","protected":false},"author":2,"featured_media":36868,"parent":40456,"menu_order":0,"comment_status":"closed","ping_status":"closed","template":"","meta":{"footnotes":""},"acf":[],"yoast_head":"<!-- This site is optimized with the Yoast SEO Premium plugin v20.5 (Yoast SEO v20.5) - https:\/\/yoast.com\/wordpress\/plugins\/seo\/ -->\n<title>E-Commerce-Architektur - Striped Giraffe<\/title>\n<meta name=\"description\" content=\"E-Commerce-Architekturen sind das R\u00fcckgrat erfolgreicher E-Commerce-Plattformen. Sie sorgen f\u00fcr das nahtlose Zusammenspiel aller Komponenten.\" \/>\n<meta name=\"robots\" content=\"index, follow, max-snippet:-1, max-image-preview:large, max-video-preview:-1\" \/>\n<link rel=\"canonical\" href=\"https:\/\/www.striped-giraffe.com\/de\/expertise\/it-architektur\/ecommerce-architektur\/\" \/>\n<meta property=\"og:locale\" content=\"de_DE\" \/>\n<meta property=\"og:type\" content=\"article\" \/>\n<meta property=\"og:title\" content=\"E-Commerce-Architektur\" \/>\n<meta property=\"og:description\" content=\"E-Commerce-Architekturen sind das R\u00fcckgrat erfolgreicher E-Commerce-Plattformen. Sie sorgen f\u00fcr das nahtlose Zusammenspiel aller Komponenten.\" \/>\n<meta property=\"og:url\" content=\"https:\/\/www.striped-giraffe.com\/de\/expertise\/it-architektur\/ecommerce-architektur\/\" \/>\n<meta property=\"og:site_name\" content=\"Striped Giraffe\" \/>\n<meta property=\"article:modified_time\" content=\"2025-09-01T12:23:35+00:00\" \/>\n<meta property=\"og:image\" content=\"https:\/\/www.striped-giraffe.com\/wp-content\/uploads\/2024\/05\/Optimierung_E-Commerce-Architektur_package_ebook_cover.jpg\" \/>\n\t<meta property=\"og:image:width\" content=\"1200\" \/>\n\t<meta property=\"og:image:height\" content=\"930\" \/>\n\t<meta property=\"og:image:type\" content=\"image\/jpeg\" \/>\n<meta name=\"twitter:card\" content=\"summary_large_image\" \/>\n<meta name=\"twitter:label1\" content=\"Gesch\u00e4tzte Lesezeit\" \/>\n\t<meta name=\"twitter:data1\" content=\"4\u00a0Minuten\" \/>\n<script type=\"application\/ld+json\" class=\"yoast-schema-graph\">{\"@context\":\"https:\/\/schema.org\",\"@graph\":[{\"@type\":\"WebPage\",\"@id\":\"https:\/\/www.striped-giraffe.com\/de\/expertise\/it-architektur\/ecommerce-architektur\/\",\"url\":\"https:\/\/www.striped-giraffe.com\/de\/expertise\/it-architektur\/ecommerce-architektur\/\",\"name\":\"E-Commerce-Architektur - Striped Giraffe\",\"isPartOf\":{\"@id\":\"https:\/\/www.striped-giraffe.com\/de\/#website\"},\"datePublished\":\"2024-05-13T10:17:21+00:00\",\"dateModified\":\"2025-09-01T12:23:35+00:00\",\"description\":\"E-Commerce-Architekturen sind das R\u00fcckgrat erfolgreicher E-Commerce-Plattformen. Sie sorgen f\u00fcr das nahtlose Zusammenspiel aller Komponenten.\",\"breadcrumb\":{\"@id\":\"https:\/\/www.striped-giraffe.com\/de\/expertise\/it-architektur\/ecommerce-architektur\/#breadcrumb\"},\"inLanguage\":\"de\",\"potentialAction\":[{\"@type\":\"ReadAction\",\"target\":[\"https:\/\/www.striped-giraffe.com\/de\/expertise\/it-architektur\/ecommerce-architektur\/\"]}]},{\"@type\":\"BreadcrumbList\",\"@id\":\"https:\/\/www.striped-giraffe.com\/de\/expertise\/it-architektur\/ecommerce-architektur\/#breadcrumb\",\"itemListElement\":[{\"@type\":\"ListItem\",\"position\":1,\"name\":\"Expertise\",\"item\":\"https:\/\/www.striped-giraffe.com\/de\/expertise\/\"},{\"@type\":\"ListItem\",\"position\":2,\"name\":\"IT-Architektur\",\"item\":\"https:\/\/www.striped-giraffe.com\/de\/expertise\/it-architektur\/\"},{\"@type\":\"ListItem\",\"position\":3,\"name\":\"E-Commerce-Architektur\"}]},{\"@type\":\"WebSite\",\"@id\":\"https:\/\/www.striped-giraffe.com\/de\/#website\",\"url\":\"https:\/\/www.striped-giraffe.com\/de\/\",\"name\":\"Striped Giraffe\",\"description\":\"Ihr zuverl\u00e4ssiger Anbieter f\u00fcr digitale Enterprise-L\u00f6sungen\",\"publisher\":{\"@id\":\"https:\/\/www.striped-giraffe.com\/de\/#organization\"},\"potentialAction\":[{\"@type\":\"SearchAction\",\"target\":{\"@type\":\"EntryPoint\",\"urlTemplate\":\"https:\/\/www.striped-giraffe.com\/de\/?s={search_term_string}\"},\"query-input\":\"required name=search_term_string\"}],\"inLanguage\":\"de\"},{\"@type\":\"Organization\",\"@id\":\"https:\/\/www.striped-giraffe.com\/de\/#organization\",\"name\":\"Striped Giraffe\",\"url\":\"https:\/\/www.striped-giraffe.com\/de\/\",\"logo\":{\"@type\":\"ImageObject\",\"inLanguage\":\"de\",\"@id\":\"https:\/\/www.striped-giraffe.com\/de\/#\/schema\/logo\/image\/\",\"url\":\"https:\/\/www.striped-giraffe.com\/wp-content\/uploads\/2021\/01\/giraffe_white.svg\",\"contentUrl\":\"https:\/\/www.striped-giraffe.com\/wp-content\/uploads\/2021\/01\/giraffe_white.svg\",\"caption\":\"Striped Giraffe\"},\"image\":{\"@id\":\"https:\/\/www.striped-giraffe.com\/de\/#\/schema\/logo\/image\/\"}}]}<\/script>\n<!-- \/ Yoast SEO Premium plugin. -->","yoast_head_json":{"title":"E-Commerce-Architektur - Striped Giraffe","description":"E-Commerce-Architekturen sind das R\u00fcckgrat erfolgreicher E-Commerce-Plattformen. Sie sorgen f\u00fcr das nahtlose Zusammenspiel aller Komponenten.","robots":{"index":"index","follow":"follow","max-snippet":"max-snippet:-1","max-image-preview":"max-image-preview:large","max-video-preview":"max-video-preview:-1"},"canonical":"https:\/\/www.striped-giraffe.com\/de\/expertise\/it-architektur\/ecommerce-architektur\/","og_locale":"de_DE","og_type":"article","og_title":"E-Commerce-Architektur","og_description":"E-Commerce-Architekturen sind das R\u00fcckgrat erfolgreicher E-Commerce-Plattformen. Sie sorgen f\u00fcr das nahtlose Zusammenspiel aller Komponenten.","og_url":"https:\/\/www.striped-giraffe.com\/de\/expertise\/it-architektur\/ecommerce-architektur\/","og_site_name":"Striped Giraffe","article_modified_time":"2025-09-01T12:23:35+00:00","og_image":[{"width":1200,"height":930,"url":"https:\/\/www.striped-giraffe.com\/wp-content\/uploads\/2024\/05\/Optimierung_E-Commerce-Architektur_package_ebook_cover.jpg","type":"image\/jpeg"}],"twitter_card":"summary_large_image","twitter_misc":{"Gesch\u00e4tzte Lesezeit":"4\u00a0Minuten"},"schema":{"@context":"https:\/\/schema.org","@graph":[{"@type":"WebPage","@id":"https:\/\/www.striped-giraffe.com\/de\/expertise\/it-architektur\/ecommerce-architektur\/","url":"https:\/\/www.striped-giraffe.com\/de\/expertise\/it-architektur\/ecommerce-architektur\/","name":"E-Commerce-Architektur - Striped Giraffe","isPartOf":{"@id":"https:\/\/www.striped-giraffe.com\/de\/#website"},"datePublished":"2024-05-13T10:17:21+00:00","dateModified":"2025-09-01T12:23:35+00:00","description":"E-Commerce-Architekturen sind das R\u00fcckgrat erfolgreicher E-Commerce-Plattformen. Sie sorgen f\u00fcr das nahtlose Zusammenspiel aller Komponenten.","breadcrumb":{"@id":"https:\/\/www.striped-giraffe.com\/de\/expertise\/it-architektur\/ecommerce-architektur\/#breadcrumb"},"inLanguage":"de","potentialAction":[{"@type":"ReadAction","target":["https:\/\/www.striped-giraffe.com\/de\/expertise\/it-architektur\/ecommerce-architektur\/"]}]},{"@type":"BreadcrumbList","@id":"https:\/\/www.striped-giraffe.com\/de\/expertise\/it-architektur\/ecommerce-architektur\/#breadcrumb","itemListElement":[{"@type":"ListItem","position":1,"name":"Expertise","item":"https:\/\/www.striped-giraffe.com\/de\/expertise\/"},{"@type":"ListItem","position":2,"name":"IT-Architektur","item":"https:\/\/www.striped-giraffe.com\/de\/expertise\/it-architektur\/"},{"@type":"ListItem","position":3,"name":"E-Commerce-Architektur"}]},{"@type":"WebSite","@id":"https:\/\/www.striped-giraffe.com\/de\/#website","url":"https:\/\/www.striped-giraffe.com\/de\/","name":"Striped Giraffe","description":"Ihr zuverl\u00e4ssiger Anbieter f\u00fcr digitale Enterprise-L\u00f6sungen","publisher":{"@id":"https:\/\/www.striped-giraffe.com\/de\/#organization"},"potentialAction":[{"@type":"SearchAction","target":{"@type":"EntryPoint","urlTemplate":"https:\/\/www.striped-giraffe.com\/de\/?s={search_term_string}"},"query-input":"required name=search_term_string"}],"inLanguage":"de"},{"@type":"Organization","@id":"https:\/\/www.striped-giraffe.com\/de\/#organization","name":"Striped Giraffe","url":"https:\/\/www.striped-giraffe.com\/de\/","logo":{"@type":"ImageObject","inLanguage":"de","@id":"https:\/\/www.striped-giraffe.com\/de\/#\/schema\/logo\/image\/","url":"https:\/\/www.striped-giraffe.com\/wp-content\/uploads\/2021\/01\/giraffe_white.svg","contentUrl":"https:\/\/www.striped-giraffe.com\/wp-content\/uploads\/2021\/01\/giraffe_white.svg","caption":"Striped Giraffe"},"image":{"@id":"https:\/\/www.striped-giraffe.com\/de\/#\/schema\/logo\/image\/"}}]}},"_links":{"self":[{"href":"https:\/\/www.striped-giraffe.com\/de\/wp-json\/wp\/v2\/pages\/36787"}],"collection":[{"href":"https:\/\/www.striped-giraffe.com\/de\/wp-json\/wp\/v2\/pages"}],"about":[{"href":"https:\/\/www.striped-giraffe.com\/de\/wp-json\/wp\/v2\/types\/page"}],"author":[{"embeddable":true,"href":"https:\/\/www.striped-giraffe.com\/de\/wp-json\/wp\/v2\/users\/2"}],"replies":[{"embeddable":true,"href":"https:\/\/www.striped-giraffe.com\/de\/wp-json\/wp\/v2\/comments?post=36787"}],"version-history":[{"count":13,"href":"https:\/\/www.striped-giraffe.com\/de\/wp-json\/wp\/v2\/pages\/36787\/revisions"}],"predecessor-version":[{"id":37656,"href":"https:\/\/www.striped-giraffe.com\/de\/wp-json\/wp\/v2\/pages\/36787\/revisions\/37656"}],"up":[{"embeddable":true,"href":"https:\/\/www.striped-giraffe.com\/de\/wp-json\/wp\/v2\/pages\/40456"}],"wp:featuredmedia":[{"embeddable":true,"href":"https:\/\/www.striped-giraffe.com\/de\/wp-json\/wp\/v2\/media\/36868"}],"wp:attachment":[{"href":"https:\/\/www.striped-giraffe.com\/de\/wp-json\/wp\/v2\/media?parent=36787"}],"curies":[{"name":"wp","href":"https:\/\/api.w.org\/{rel}","templated":true}]}}