{"id":36808,"date":"2024-05-15T11:29:13","date_gmt":"2024-05-15T09:29:13","guid":{"rendered":"https:\/\/www.striped-giraffe.com\/leistungen\/entwicklung-copy\/"},"modified":"2024-10-31T14:59:14","modified_gmt":"2024-10-31T13:59:14","slug":"qualitaetssicherung","status":"publish","type":"page","link":"https:\/\/www.striped-giraffe.com\/de\/leistungen\/qualitaetssicherung\/","title":{"rendered":"Qualit\u00e4tssicherung"},"content":{"rendered":"<section class=\"wpb-content-wrapper\"><p>[vc_row full_width=&#8220;stretch_row&#8220; full_height=&#8220;yes&#8220; bg_type=&#8220;image&#8220; parallax_style=&#8220;vcpb-default&#8220; bg_image_new=&#8220;id^36810|url^https:\/\/www.striped-giraffe.com\/wp-content\/uploads\/2024\/05\/Header_Testing_Quality_Engineering.jpg|caption^testing software quality engineering|alt^testing software quality engineering|title^software quality engineering|description^testing software quality engineering&#8220; css=&#8220;.vc_custom_1715765546700{background-position: center !important;background-repeat: no-repeat !important;background-size: cover !important;}&#8220;][vc_column css_animation=&#8220;slideInUp&#8220;][vc_column_text]<\/p>\n<h1 style=\"text-align: left;\"><span style=\"color: #ffffff;\">Qualit\u00e4tssicherung<\/span><\/h1>\n<h2 class=\"headline_superbig\" style=\"text-align: left;\"><span style=\"color: #ffffff;\">in der Softwareentwicklung<\/span><\/h2>\n<p>[\/vc_column_text][\/vc_column][\/vc_row][vc_row el_class=&#8220;closetotop&#8220; css=&#8220;.vc_custom_1609844996078{padding-top: 50px !important;background-color: #ffffff !important;}&#8220;][vc_column][vc_column_text]<\/p>\n<h3>Qualit\u00e4tssicherung bereits zu Beginn der Softwareentwicklung verspricht schnellere und qualitativ hochwertige Ergebnisse.<\/h3>\n<p>[\/vc_column_text][vc_separator color=&#8220;black&#8220; border_width=&#8220;5&#8243; el_width=&#8220;10&#8243; css=&#8220;.vc_custom_1609845029454{margin-top: 50px !important;}&#8220;][\/vc_column][\/vc_row][vc_row gap=&#8220;20&#8243; css=&#8220;.vc_custom_1706114597556{margin-top: 100px !important;margin-bottom: 50px !important;}&#8220;][vc_column width=&#8220;1\/3&#8243;][vc_column_text]<\/p>\n<h2 class=\"headline_superbig\">Sofort<br \/>\nsichtbarer<br \/>\nNutzen<\/h2>\n<p>[\/vc_column_text][\/vc_column][vc_column width=&#8220;2\/3&#8243;][vc_column_text]Qualit\u00e4tssicherung sorgt daf\u00fcr, eine bessere Software-Qualit\u00e4t zu erzielen. Dazu geh\u00f6ren eine Vielzahl an Testverfahren, die am Ende folgende Vorteile bieten:<\/p>\n<ul>\n<li>Die zu entwickelnde Anwendung funktioniert von Anfang an optimal<\/li>\n<li>Die Software wird schneller entwickelt<\/li>\n<li>Die Softwarequalit\u00e4t wird verbessert und die Effizienz der Softwareentwicklung gesteigert<\/li>\n<\/ul>\n<p>[\/vc_column_text][\/vc_column][\/vc_row][vc_row gap=&#8220;20&#8243; css=&#8220;.vc_custom_1706114611441{margin-top: 0px !important;margin-bottom: 100px !important;}&#8220;][vc_column width=&#8220;1\/3&#8243;][vc_column_text]<\/p>\n<h2 class=\"headline_superbig\">Unser Ansatz<\/h2>\n<p>[\/vc_column_text][\/vc_column][vc_column width=&#8220;2\/3&#8243;][vc_column_text]Wir glauben an einen ganzheitlichen Ansatz f\u00fcr das Quality Engineering, der das umfangreiche Fachwissen unseres Teams und die jahrelange Erfahrung unserer Mitarbeiter einbezieht. Unsere Methodik entspricht den Best Practices der Branche (ISO, ISTQB usw.) und passt sich der dynamischen Technologielandschaft an, wobei wir ein breites Spektrum an fortschrittlichen Tools einsetzen. Wir gehen nicht nur auf unmittelbare Testanforderungen ein, sondern sehen auch k\u00fcnftige Herausforderungen voraus und sorgen f\u00fcr belastbare und skalierbare L\u00f6sungen. Unser umfassendes Fachwissen gew\u00e4hrleistet eine erstklassige Qualit\u00e4tssicherung, die den Erfolg Ihrer Produkte f\u00f6rdert und ihren Wert steigert.[\/vc_column_text][\/vc_column][\/vc_row][vc_row gap=&#8220;20&#8243; css=&#8220;.vc_custom_1706114618723{margin-bottom: 50px !important;}&#8220;][vc_column width=&#8220;1\/3&#8243;][vc_column_text]<\/p>\n<h2 class=\"headline_superbig\">Diese Tests<br \/>\nbieten wir<\/h2>\n<p>[\/vc_column_text][\/vc_column][vc_column width=&#8220;2\/3&#8243;][vc_column_text]<\/p>\n<h2>Performance-Tests<\/h2>\n<p>Mit unseren umfassenden Performance-Tests stellen Sie sicher, dass Ihre Anwendungen unter allen Bedingungen reibungslos funktionieren. Wir bewerten die Skalierbarkeit, Zuverl\u00e4ssigkeit und Reaktionsf\u00e4higkeit Ihres Systems, um in kritischen Zeiten Spitzenleistungen zu garantieren.<\/p>\n<p>Unser Expertenteam setzt modernste Tools ein, um verschiedene Belastungsszenarien zu simulieren und potenzielle Engp\u00e4sse zu erkennen, bevor sie sich auf Ihre Benutzer auswirken. Durch die Optimierung Ihrer Systeme helfen wir Ihnen, ein nahtloses und effizientes Benutzererlebnis zu bieten. Wir garantieren Ihnen die Leistungsstandards, die Ihre Kunden erwarten.<\/p>\n<p>&nbsp;<\/p>\n<h2>Automatisierung von Tests<\/h2>\n<p>Beschleunigen Sie Ihren Softwareentwicklungszyklus mit unseren automatisierten Tests. Durch die Automatisierung sich wiederholender und zeitaufw\u00e4ndiger Testvorg\u00e4ngen erm\u00f6glichen wir schnellere Releases und zuverl\u00e4ssigere Softwarebereitstellungen. Unsere hochmodernen Automatisierungs-Frameworks sind auf Ihre individuellen Anforderungen zugeschnitten und gew\u00e4hrleisten eine sorgf\u00e4ltige Durchf\u00fchrung und Konsistenz aller Tests.<\/p>\n<p>Dieser Ansatz reduziert nicht nur menschliche Fehler, sondern steigert auch die Effizienz des Testprozesses. Damit erreichen Sie h\u00f6here Qualit\u00e4tsstandards und eine schnellere Markteinf\u00fchrung.<\/p>\n<p>&nbsp;<\/p>\n<h2>Testautomatisierung in SAP (tosca)<\/h2>\n<p>Wenn Ihre SAP-Testmethoden nicht mit neuen Releases mithalten k\u00f6nnen, wenn Sie unsicher sind, was Sie testen sollen, wie Sie testen sollen, ob die neuen Features funktionieren oder skalierbar sind, haben wir eine L\u00f6sung f\u00fcr Sie. Durch den Einsatz von Tricentis-Tools schaffen wir einen kontinuierlichen Testprozess, der neue SAP-Releases beschleunigt, Kosten reduziert und f\u00fcr mehr Sicherheit sorgt.<\/p>\n<p>Als erfahrene Berater unterst\u00fctzen wir Sie bei der Implementierung des Tools in Ihrem Unternehmen, bei der Ausarbeitung einer Strategie f\u00fcr dessen Einsatz und bei der Automatisierung Ihrer Tests.<\/p>\n<p>&nbsp;<\/p>\n<h2>Sicherheitstests<\/h2>\n<p>Sichern Sie Ihre digitalen Ressourcen mit unseren Sicherheitstests, die sich auf OWASP-Schwachstellenbewertungen auf der Grundlage des Application Security Verification Standard (ASVS) und Tests der Netzwerkinfrastruktur konzentrieren. Unsere Experten setzen fortschrittliche Methoden ein, um Schwachstellen in Webanwendungen und Netzwerken zu erkennen und zu beseitigen. Wir f\u00fchren gr\u00fcndliche Scans auf der Grundlage der OWASP Top Ten durch, um sicherzustellen, dass Ihre Anwendungen den h\u00f6chsten Sicherheitsstandards entsprechen.<\/p>\n<p>Unsere Netzwerktests st\u00e4rken Ihre Abwehr gegen Angriffe und Sicherheitsverletzungen und machen Sie fit f\u00fcr die Herausforderungen der modernen Cybersecurity. Wir sch\u00fctzen Ihr Unternehmen und Ihre Kundendaten vor ernsthaften Bedrohungen.<\/p>\n<p>&nbsp;<\/p>\n<h2>Anonymisierung von Testdaten<\/h2>\n<p>Wir bieten ein spezielles Tool f\u00fcr die Anonymisierung von Massendaten in Entwicklungsumgebungen an, das die Produktionsdaten m\u00f6glichst originalgetreu nachbildet. Unsere L\u00f6sung stellt die Sicherheit sensibler Daten in Testumgebungen in den Vordergrund und gew\u00e4hrleistet, dass Ihre vertraulichen Informationen w\u00e4hrend der Testprozesse gesch\u00fctzt bleiben. Die statische Relevanz der Daten wird beibehalten, so dass Ihre Tests aussagekr\u00e4ftig und genau bleiben und reale Szenarien widerspiegeln, ohne den Datenschutz zu beeintr\u00e4chtigen.<\/p>\n<p>Mit unserem Tool werden die Datenkonsistenz und der immanente Gesch\u00e4ftswert aufrechterhalten, so dass Sie zuverl\u00e4ssige Ergebnisse und Erkenntnisse erhalten und gleichzeitig die Datenschutzbestimmungen vollst\u00e4ndig einhalten.[\/vc_column_text][\/vc_column][\/vc_row][vc_row full_width=&#8220;stretch_row&#8220; gap=&#8220;20&#8243; css=&#8220;.vc_custom_1706114637560{margin-bottom: 50px !important;}&#8220;][vc_column][vc_row_inner][vc_column_inner width=&#8220;1\/3&#8243;][vc_column_text]<\/p>\n<h2 class=\"headline_superbig\">Let&#8217;s talk<\/h2>\n<p>[\/vc_column_text][\/vc_column_inner][vc_column_inner width=&#8220;2\/3&#8243;][vc_column_text]<\/p>\n<h3>Brauchen Sie ein <strong>konkretes Angebot<\/strong> oder suchen Sie einen <strong>Sparringspartner<\/strong>, mit dem sie Ideen diskutieren und entwickeln k\u00f6nnen?<\/h3>\n<h3>Dann melden Sie sich:<\/h3>\n<ul>\n<li><a href=\"mailto:experts@striped-giraffe.com\">experts@striped-giraffe.com<\/a><\/li>\n<li><span style=\"color: #ef6c00;\">+49 (0)89-416 126-667<\/span><\/li>\n<\/ul>\n<p>[\/vc_column_text]<a class=\"calendly\" href=\"\" onclick=\"Calendly.initPopupWidget({url: 'https:\/\/calendly.com\/striped-giraffe\/30min'});return false;\">Termin vereinbaren<\/a>[vc_column_text css=&#8220;.vc_custom_1705936147633{margin-top: 32px !important;}&#8220;]<\/p>\n<h3>Wir unterst\u00fctzen Sie gerne.<\/h3>\n<p>[\/vc_column_text][\/vc_column_inner][\/vc_row_inner][\/vc_column][\/vc_row][vc_row][vc_column][vc_empty_space height=&#8220;100px&#8220;][\/vc_column][\/vc_row][vc_row full_width=&#8220;stretch_row&#8220; gap=&#8220;35&#8243; bg_type=&#8220;bg_color&#8220; css=&#8220;.vc_custom_1609934688295{margin-top: 0px !important;margin-bottom: 0px !important;padding-top: 100px !important;padding-bottom: 100px !important;}&#8220; bg_color_value=&#8220;#000000&#8243;][vc_column][vc_row_inner][vc_column_inner width=&#8220;1\/3&#8243; css=&#8220;.vc_custom_1610013762619{padding-right: 25px !important;}&#8220;][vc_column_text]<\/p>\n<h2><span style=\"color: #ef6c00;\">Wir schaffen Mehrwerte<\/span> <span style=\"color: #ffffff;\">f\u00fcr unsere Kunden.<\/span><\/h2>\n<p><span style=\"color: #ffffff;\">Das f\u00fchrt zu einer langj\u00e4hrigen Zusammenarbeit mit unseren Kunden, die wir sehr sch\u00e4tzen. Noch mehr E-Books, Case Studies und co. finden Sie in unseren <a href=\"https:\/\/www.striped-giraffe.com\/insights\/\">Insights<\/a>.<\/span>[\/vc_column_text][\/vc_column_inner][vc_column_inner width=&#8220;1\/3&#8243;]<div class=\"templatera_shortcode\"><div class=\"vc_row wpb_row vc_row-fluid\"><div class=\"wpb_column vc_column_container vc_col-sm-12\"><div class=\"vc_column-inner\"><div class=\"wpb_wrapper\"><div id='' class='teaserbox  overlay'><div class='teaserbox_inner'><div class='teaserheadline'><h3 style='text-transform:uppercase;color:#ffffff;font-family:DinWebPro Bold;'>IT-Report<\/h3><h2 style='text-transform:none;color:#ef6c00;'>DIGITALISIERUNGS- PROJEKTE<\/h2><\/div><div class='teasertext'><div class='wpb_wrapper'>Um die digitale Transformation zu realisieren, mu\u0308ssen Unternehmen verschiedene Digitalisierungsprojekte umsetzen. Doch wie stellt man sicher, dass sie auch erfolgreich werden?<\/div><\/div><div class='teaserlink'><a href='https:\/\/www.striped-giraffe.com\/de\/it-bericht-digitalisierungsprojekte\/' style='color:#ffffff;'>Mehr erfahren<\/a><\/div><div class='wpb_single_image desktop_only'><img src='https:\/\/www.striped-giraffe.com\/wp-content\/uploads\/2023\/11\/IT-Report-2023-600x960.jpg' \/><\/div><div class='wpb_single_image mobile_only'><img src='https:\/\/www.striped-giraffe.com\/wp-content\/uploads\/2023\/11\/IT-Report-2023-600x700.jpg' \/><\/div><\/div><\/div><\/div><\/div><\/div><\/div><\/div>[\/vc_column_inner][vc_column_inner width=&#8220;1\/3&#8243;]<div class=\"templatera_shortcode\"><div class=\"vc_row wpb_row vc_row-fluid\"><div class=\"wpb_column vc_column_container vc_col-sm-12\"><div class=\"vc_column-inner\"><div class=\"wpb_wrapper\"><div id='' class='teaserbox  overlay'><div class='teaserbox_inner'><div class='teaserheadline'><h3 style='text-transform:uppercase;color:#000000;font-family:DinWebPro Bold;'>Weltweite Studie<\/h3><h2 style='text-transform:none;color:#ef6c00;'>THE AGILE REPORT<\/h2><\/div><div class='teasertext'><div class='wpb_wrapper'>Agile-Experten berichten von ihren Erfahrungen, Ansichten und den Auswirkungen agiler Software-Entwicklung auf die Organisation.<\/div><\/div><div class='teaserlink'><a href='https:\/\/www.striped-giraffe.com\/de\/the-agile-report\/' style='color:#000000;'>Zum Download<\/a><\/div><div class='wpb_single_image desktop_only'><img src='https:\/\/www.striped-giraffe.com\/wp-content\/uploads\/2024\/02\/Teaser_THE_AGILE_REPORT_2024.jpg' \/><\/div><div class='wpb_single_image mobile_only'><img src='https:\/\/www.striped-giraffe.com\/wp-content\/uploads\/2024\/02\/Teaser_THE_AGILE_REPORT_2024-600x700.jpg' \/><\/div><\/div><\/div><\/div><\/div><\/div><\/div><\/div>[\/vc_column_inner][\/vc_row_inner][\/vc_column][\/vc_row]<\/p>\n<\/section>","protected":false},"excerpt":{"rendered":"Qualit\u00e4tssicherung in der Softwareentwicklung Qualit\u00e4tssicherung bereits zu Beginn der Softwareentwicklung verspricht schnellere und qualitativ hochwertige Ergebnisse. Sofort sichtbarer Nutzen Qualit\u00e4tssicherung [...]","protected":false},"author":2,"featured_media":36810,"parent":833,"menu_order":0,"comment_status":"closed","ping_status":"closed","template":"","meta":{"footnotes":""},"acf":[],"yoast_head":"<!-- This site is optimized with the Yoast SEO Premium plugin v20.5 (Yoast SEO v20.5) - https:\/\/yoast.com\/wordpress\/plugins\/seo\/ -->\n<title>Qualit\u00e4tssicherung in der Softwareentwicklung<\/title>\n<meta name=\"description\" content=\"Qualit\u00e4tssicherung bereits zu Beginn der Softwareentwicklung verspricht schnellere und qualitativ hochwertige Ergebnisse.\" \/>\n<meta name=\"robots\" content=\"index, follow, max-snippet:-1, max-image-preview:large, max-video-preview:-1\" \/>\n<link rel=\"canonical\" href=\"https:\/\/www.striped-giraffe.com\/de\/leistungen\/qualitaetssicherung\/\" \/>\n<meta property=\"og:locale\" content=\"de_DE\" \/>\n<meta property=\"og:type\" content=\"article\" \/>\n<meta property=\"og:title\" content=\"Qualit\u00e4tssicherung\" \/>\n<meta property=\"og:description\" content=\"Qualit\u00e4tssicherung bereits zu Beginn der Softwareentwicklung verspricht schnellere und qualitativ hochwertige Ergebnisse.\" \/>\n<meta property=\"og:url\" content=\"https:\/\/www.striped-giraffe.com\/de\/leistungen\/qualitaetssicherung\/\" \/>\n<meta property=\"og:site_name\" content=\"Striped Giraffe\" \/>\n<meta property=\"article:modified_time\" content=\"2024-10-31T13:59:14+00:00\" \/>\n<meta property=\"og:image\" content=\"https:\/\/www.striped-giraffe.com\/wp-content\/uploads\/2024\/05\/Header_Testing_Quality_Engineering.jpg\" \/>\n\t<meta property=\"og:image:width\" content=\"1400\" \/>\n\t<meta property=\"og:image:height\" content=\"900\" \/>\n\t<meta property=\"og:image:type\" content=\"image\/jpeg\" \/>\n<meta name=\"twitter:card\" content=\"summary_large_image\" \/>\n<meta name=\"twitter:label1\" content=\"Gesch\u00e4tzte Lesezeit\" \/>\n\t<meta name=\"twitter:data1\" content=\"5\u00a0Minuten\" \/>\n<script type=\"application\/ld+json\" class=\"yoast-schema-graph\">{\"@context\":\"https:\/\/schema.org\",\"@graph\":[{\"@type\":\"WebPage\",\"@id\":\"https:\/\/www.striped-giraffe.com\/de\/leistungen\/qualitaetssicherung\/\",\"url\":\"https:\/\/www.striped-giraffe.com\/de\/leistungen\/qualitaetssicherung\/\",\"name\":\"Qualit\u00e4tssicherung in der Softwareentwicklung\",\"isPartOf\":{\"@id\":\"https:\/\/www.striped-giraffe.com\/de\/#website\"},\"datePublished\":\"2024-05-15T09:29:13+00:00\",\"dateModified\":\"2024-10-31T13:59:14+00:00\",\"description\":\"Qualit\u00e4tssicherung bereits zu Beginn der Softwareentwicklung verspricht schnellere und qualitativ hochwertige Ergebnisse.\",\"breadcrumb\":{\"@id\":\"https:\/\/www.striped-giraffe.com\/de\/leistungen\/qualitaetssicherung\/#breadcrumb\"},\"inLanguage\":\"de\",\"potentialAction\":[{\"@type\":\"ReadAction\",\"target\":[\"https:\/\/www.striped-giraffe.com\/de\/leistungen\/qualitaetssicherung\/\"]}]},{\"@type\":\"BreadcrumbList\",\"@id\":\"https:\/\/www.striped-giraffe.com\/de\/leistungen\/qualitaetssicherung\/#breadcrumb\",\"itemListElement\":[{\"@type\":\"ListItem\",\"position\":1,\"name\":\"Leistungen\",\"item\":\"https:\/\/www.striped-giraffe.com\/de\/leistungen\/\"},{\"@type\":\"ListItem\",\"position\":2,\"name\":\"Qualit\u00e4tssicherung\"}]},{\"@type\":\"WebSite\",\"@id\":\"https:\/\/www.striped-giraffe.com\/de\/#website\",\"url\":\"https:\/\/www.striped-giraffe.com\/de\/\",\"name\":\"Striped Giraffe\",\"description\":\"Ihr zuverl\u00e4ssiger Anbieter f\u00fcr digitale Enterprise-L\u00f6sungen\",\"publisher\":{\"@id\":\"https:\/\/www.striped-giraffe.com\/de\/#organization\"},\"potentialAction\":[{\"@type\":\"SearchAction\",\"target\":{\"@type\":\"EntryPoint\",\"urlTemplate\":\"https:\/\/www.striped-giraffe.com\/de\/?s={search_term_string}\"},\"query-input\":\"required name=search_term_string\"}],\"inLanguage\":\"de\"},{\"@type\":\"Organization\",\"@id\":\"https:\/\/www.striped-giraffe.com\/de\/#organization\",\"name\":\"Striped Giraffe\",\"url\":\"https:\/\/www.striped-giraffe.com\/de\/\",\"logo\":{\"@type\":\"ImageObject\",\"inLanguage\":\"de\",\"@id\":\"https:\/\/www.striped-giraffe.com\/de\/#\/schema\/logo\/image\/\",\"url\":\"https:\/\/www.striped-giraffe.com\/wp-content\/uploads\/2021\/01\/giraffe_white.svg\",\"contentUrl\":\"https:\/\/www.striped-giraffe.com\/wp-content\/uploads\/2021\/01\/giraffe_white.svg\",\"caption\":\"Striped Giraffe\"},\"image\":{\"@id\":\"https:\/\/www.striped-giraffe.com\/de\/#\/schema\/logo\/image\/\"}}]}<\/script>\n<!-- \/ Yoast SEO Premium plugin. -->","yoast_head_json":{"title":"Qualit\u00e4tssicherung in der Softwareentwicklung","description":"Qualit\u00e4tssicherung bereits zu Beginn der Softwareentwicklung verspricht schnellere und qualitativ hochwertige Ergebnisse.","robots":{"index":"index","follow":"follow","max-snippet":"max-snippet:-1","max-image-preview":"max-image-preview:large","max-video-preview":"max-video-preview:-1"},"canonical":"https:\/\/www.striped-giraffe.com\/de\/leistungen\/qualitaetssicherung\/","og_locale":"de_DE","og_type":"article","og_title":"Qualit\u00e4tssicherung","og_description":"Qualit\u00e4tssicherung bereits zu Beginn der Softwareentwicklung verspricht schnellere und qualitativ hochwertige Ergebnisse.","og_url":"https:\/\/www.striped-giraffe.com\/de\/leistungen\/qualitaetssicherung\/","og_site_name":"Striped Giraffe","article_modified_time":"2024-10-31T13:59:14+00:00","og_image":[{"width":1400,"height":900,"url":"https:\/\/www.striped-giraffe.com\/wp-content\/uploads\/2024\/05\/Header_Testing_Quality_Engineering.jpg","type":"image\/jpeg"}],"twitter_card":"summary_large_image","twitter_misc":{"Gesch\u00e4tzte Lesezeit":"5\u00a0Minuten"},"schema":{"@context":"https:\/\/schema.org","@graph":[{"@type":"WebPage","@id":"https:\/\/www.striped-giraffe.com\/de\/leistungen\/qualitaetssicherung\/","url":"https:\/\/www.striped-giraffe.com\/de\/leistungen\/qualitaetssicherung\/","name":"Qualit\u00e4tssicherung in der Softwareentwicklung","isPartOf":{"@id":"https:\/\/www.striped-giraffe.com\/de\/#website"},"datePublished":"2024-05-15T09:29:13+00:00","dateModified":"2024-10-31T13:59:14+00:00","description":"Qualit\u00e4tssicherung bereits zu Beginn der Softwareentwicklung verspricht schnellere und qualitativ hochwertige Ergebnisse.","breadcrumb":{"@id":"https:\/\/www.striped-giraffe.com\/de\/leistungen\/qualitaetssicherung\/#breadcrumb"},"inLanguage":"de","potentialAction":[{"@type":"ReadAction","target":["https:\/\/www.striped-giraffe.com\/de\/leistungen\/qualitaetssicherung\/"]}]},{"@type":"BreadcrumbList","@id":"https:\/\/www.striped-giraffe.com\/de\/leistungen\/qualitaetssicherung\/#breadcrumb","itemListElement":[{"@type":"ListItem","position":1,"name":"Leistungen","item":"https:\/\/www.striped-giraffe.com\/de\/leistungen\/"},{"@type":"ListItem","position":2,"name":"Qualit\u00e4tssicherung"}]},{"@type":"WebSite","@id":"https:\/\/www.striped-giraffe.com\/de\/#website","url":"https:\/\/www.striped-giraffe.com\/de\/","name":"Striped Giraffe","description":"Ihr zuverl\u00e4ssiger Anbieter f\u00fcr digitale Enterprise-L\u00f6sungen","publisher":{"@id":"https:\/\/www.striped-giraffe.com\/de\/#organization"},"potentialAction":[{"@type":"SearchAction","target":{"@type":"EntryPoint","urlTemplate":"https:\/\/www.striped-giraffe.com\/de\/?s={search_term_string}"},"query-input":"required name=search_term_string"}],"inLanguage":"de"},{"@type":"Organization","@id":"https:\/\/www.striped-giraffe.com\/de\/#organization","name":"Striped Giraffe","url":"https:\/\/www.striped-giraffe.com\/de\/","logo":{"@type":"ImageObject","inLanguage":"de","@id":"https:\/\/www.striped-giraffe.com\/de\/#\/schema\/logo\/image\/","url":"https:\/\/www.striped-giraffe.com\/wp-content\/uploads\/2021\/01\/giraffe_white.svg","contentUrl":"https:\/\/www.striped-giraffe.com\/wp-content\/uploads\/2021\/01\/giraffe_white.svg","caption":"Striped Giraffe"},"image":{"@id":"https:\/\/www.striped-giraffe.com\/de\/#\/schema\/logo\/image\/"}}]}},"_links":{"self":[{"href":"https:\/\/www.striped-giraffe.com\/de\/wp-json\/wp\/v2\/pages\/36808"}],"collection":[{"href":"https:\/\/www.striped-giraffe.com\/de\/wp-json\/wp\/v2\/pages"}],"about":[{"href":"https:\/\/www.striped-giraffe.com\/de\/wp-json\/wp\/v2\/types\/page"}],"author":[{"embeddable":true,"href":"https:\/\/www.striped-giraffe.com\/de\/wp-json\/wp\/v2\/users\/2"}],"replies":[{"embeddable":true,"href":"https:\/\/www.striped-giraffe.com\/de\/wp-json\/wp\/v2\/comments?post=36808"}],"version-history":[{"count":18,"href":"https:\/\/www.striped-giraffe.com\/de\/wp-json\/wp\/v2\/pages\/36808\/revisions"}],"predecessor-version":[{"id":38450,"href":"https:\/\/www.striped-giraffe.com\/de\/wp-json\/wp\/v2\/pages\/36808\/revisions\/38450"}],"up":[{"embeddable":true,"href":"https:\/\/www.striped-giraffe.com\/de\/wp-json\/wp\/v2\/pages\/833"}],"wp:featuredmedia":[{"embeddable":true,"href":"https:\/\/www.striped-giraffe.com\/de\/wp-json\/wp\/v2\/media\/36810"}],"wp:attachment":[{"href":"https:\/\/www.striped-giraffe.com\/de\/wp-json\/wp\/v2\/media?parent=36808"}],"curies":[{"name":"wp","href":"https:\/\/api.w.org\/{rel}","templated":true}]}}