{"id":37060,"date":"2024-06-06T17:22:32","date_gmt":"2024-06-06T15:22:32","guid":{"rendered":"https:\/\/www.striped-giraffe.com\/ebook-personalisierung-02-copy\/"},"modified":"2024-09-12T16:40:28","modified_gmt":"2024-09-12T14:40:28","slug":"ebook-personalisierung-02-danke","status":"publish","type":"page","link":"https:\/\/www.striped-giraffe.com\/de\/ebook-personalisierung-02-danke\/","title":{"rendered":"Download E-Book Personalisierung 02 DANKE"},"content":{"rendered":"<section class=\"wpb-content-wrapper\"><p>[vc_row full_width=&#8220;stretch_row&#8220; full_height=&#8220;yes&#8220; equal_height=&#8220;yes&#8220; bg_type=&#8220;image&#8220; parallax_style=&#8220;vcpb-default&#8220; bg_image_new=&#8220;id^19363|url^https:\/\/www.striped-giraffe.com\/wp-content\/uploads\/2021\/01\/E-Book_Personalization02_Header.jpg|caption^null|alt^null|title^Cyber crow|description^null&#8220; css=&#8220;.vc_custom_1717687443627{margin-top: 0px !important;margin-bottom: 150px !important;padding-top: 200px !important;padding-bottom: -200px !important;background-position: center !important;background-repeat: no-repeat !important;background-size: cover !important;}&#8220;][vc_column][vc_column_text]<\/p>\n<h3><span style=\"color: #ef6c00;\"><strong>E-Book Personalisierung 02<\/strong><\/span><\/h3>\n<p>[\/vc_column_text][vc_column_text]<\/p>\n<h1 class=\"headline_superbig\" style=\"text-align: left;\"><span style=\"color: #ffffff;\">E-Commerce Use Cases<\/span><\/h1>\n<p>[\/vc_column_text][\/vc_column][\/vc_row][vc_row css=&#8220;.vc_custom_1714989945201{margin-bottom: 100px !important;padding-top: 0px !important;background-color: #ffffff !important;}&#8220;][vc_column width=&#8220;2\/3&#8243;][vc_row_inner el_id=&#8220;active_optin&#8220;][vc_column_inner el_id=&#8220;before_optin&#8220;][vc_column_text]<\/p>\n<h2>Vielen Dank f\u00fcr Ihr Interesse!<\/h2>\n<p>Wir haben Ihnen aus datenschutzrechtlichen Gr\u00fcnden eine E-Mail gesendet.<\/p>\n<p>Bitte \u00f6ffnen Sie diese E-Mail in Ihrem Postfach.<\/p>\n<p>Klicken Sie auf den Link in unserer E-Mail, um Ihre E-Mail-Adresse zu best\u00e4tigen. Anschlie\u00dfend stellen wir Ihnen den Link auf unserer Seite zur Verf\u00fcgung.[\/vc_column_text][\/vc_column_inner][\/vc_row_inner][vc_row_inner el_id=&#8220;active_after_optin&#8220;][vc_column_inner][vc_column_text]<\/p>\n<h2>Vielen Dank f\u00fcr die Best\u00e4tigung.<\/h2>\n<p class=\"p1\">Ihr Download startet in wenigen Sekunden.<br \/>\nFalls der Download nicht automatisch startet,\u00a0 klicken Sie bitte auf folgenden Link:<\/p>\n<p class=\"p1\"><\/p>\n<p>[\/vc_column_text][\/vc_column_inner][\/vc_row_inner][\/vc_column][vc_column width=&#8220;1\/3&#8243;][\/vc_column][\/vc_row][vc_row full_width=&#8220;stretch_row&#8220; css=&#8220;.vc_custom_1706114273644{margin-top: 100px !important;margin-bottom: 50px !important;}&#8220;][vc_column][vc_row_inner][vc_column_inner width=&#8220;1\/3&#8243;][vc_column_text]<\/p>\n<h2>Let&#8217;s talk<\/h2>\n<p>[\/vc_column_text][\/vc_column_inner][\/vc_row_inner][\/vc_column][\/vc_row][vc_row css=&#8220;.vc_custom_1715164959042{margin-bottom: 100px !important;}&#8220;][vc_column width=&#8220;2\/3&#8243;][vc_column_text]<\/p>\n<h3>Brauchen Sie dar\u00fcber hinaus ein <strong>konkretes Angebot<\/strong> oder suchen Sie einen <strong>Sparringspartner<\/strong>, mit dem sie Ideen diskutieren und entwickeln k\u00f6nnen?<\/h3>\n<h3>Dann melden Sie sich:<\/h3>\n<ul>\n<li><a href=\"mailto:experts@striped-giraffe.com\">experts@striped-giraffe.com<\/a><\/li>\n<li><span style=\"color: #ef6c00;\">+49 (0)89-416 126-667<\/span><\/li>\n<\/ul>\n<p>[\/vc_column_text]<a class=\"calendly\" href=\"\" onclick=\"Calendly.initPopupWidget({url: 'https:\/\/calendly.com\/striped-giraffe\/30min'});return false;\">Termin vereinbaren<\/a>[vc_column_text css=&#8220;.vc_custom_1705936147633{margin-top: 32px !important;}&#8220;]<\/p>\n<h3>Wir unterst\u00fctzen Sie gerne.<\/h3>\n<p>[\/vc_column_text][\/vc_column][vc_column width=&#8220;1\/3&#8243;][\/vc_column][\/vc_row][vc_row full_width=&#8220;stretch_row&#8220; gap=&#8220;35&#8243; bg_type=&#8220;bg_color&#8220; css=&#8220;.vc_custom_1609934688295{margin-top: 0px !important;margin-bottom: 0px !important;padding-top: 100px !important;padding-bottom: 100px !important;}&#8220; bg_color_value=&#8220;#000000&#8243;][vc_column][vc_row_inner][vc_column_inner width=&#8220;1\/3&#8243; css=&#8220;.vc_custom_1610013762619{padding-right: 25px !important;}&#8220;][vc_column_text]<\/p>\n<h2><span style=\"color: #ef6c00;\">Wir schaffen Mehrwerte<\/span> <span style=\"color: #ffffff;\">f\u00fcr unsere Kunden.<\/span><\/h2>\n<p><span style=\"color: #ffffff;\">Das f\u00fchrt zu einer langj\u00e4hrigen Zusammenarbeit mit unseren Kunden, die wir sehr sch\u00e4tzen. Noch mehr E-Books, Case Studies und co. finden Sie in unseren <a href=\"https:\/\/www.striped-giraffe.com\/insights\/\">Insights<\/a>.<\/span>[\/vc_column_text][\/vc_column_inner][vc_column_inner width=&#8220;1\/3&#8243;]<div class=\"templatera_shortcode\"><div class=\"vc_row wpb_row vc_row-fluid\"><div class=\"wpb_column vc_column_container vc_col-sm-12\"><div class=\"vc_column-inner\"><div class=\"wpb_wrapper\"><div id='' class='teaserbox  overlay'><div class='teaserbox_inner'><div class='teaserheadline'><h2 style='color:#ef6c00;font-family:DinWebPro Bold;'>E-Book Personalisierung 01<\/h2><h3 style='color:#ef6c00;'>Customer Experience<\/h3><\/div><div class='teasertext'><div class='wpb_wrapper'>Dieses E-Book beleuchtet unterschiedliche Personalisierungsarten, rechtliche Aspekten, Consent Management sowie der Umsetzung und Messung von Personalisierungsma\u00dfnahmen.<\/div><\/div><div class='teaserlink'><a href='https:\/\/www.striped-giraffe.com\/ebook-personalisierung-01\/' style='color:#ef6c00;'>Zum E-Book<\/a><\/div><div class='wpb_single_image desktop_only'><img src='https:\/\/www.striped-giraffe.com\/wp-content\/uploads\/2021\/01\/Personalisierung01_Teaser-1-600x960.jpg' \/><\/div><div class='wpb_single_image mobile_only'><img src='https:\/\/www.striped-giraffe.com\/wp-content\/uploads\/2021\/01\/Personalisierung01_Teaser-1-600x700.jpg' \/><\/div><\/div><\/div><\/div><\/div><\/div><\/div><\/div>[\/vc_column_inner][vc_column_inner width=&#8220;1\/3&#8243;]<div class=\"templatera_shortcode\"><div class=\"vc_row wpb_row vc_row-fluid\"><div class=\"wpb_column vc_column_container vc_col-sm-12\"><div class=\"vc_column-inner\"><div class=\"wpb_wrapper\"><div id='' class='teaserbox  nooverlay'><div class='teaserbox_inner'><div class='teaserheadline'><h2 style='color:#ef6c00;font-family:DinWebPro Bold;'>Technologie-\u00dcbersicht &amp; Evaluierungs-Prozess<\/h2><h3 style='color:#ffffff;'>Leitfaden zur Auswahl der richtige E-Commerce-L\u00f6sung 01<\/h3><\/div><div class='teaserlink'><a href='https:\/\/www.striped-giraffe.com\/de\/ecommerce-evaluationsleitfaden-01\/' style='color:#ffffff;'>Download<\/a><\/div><div class='wpb_single_image desktop_only'><img src='https:\/\/www.striped-giraffe.com\/wp-content\/uploads\/2022\/03\/Evaluation_Guide_01_Teaser_b-600x960.jpg' \/><\/div><div class='wpb_single_image mobile_only'><img src='https:\/\/www.striped-giraffe.com\/wp-content\/uploads\/2022\/03\/Evaluation_Guide_01_Teaser_b-600x700.jpg' \/><\/div><\/div><\/div><\/div><\/div><\/div><\/div><\/div>[\/vc_column_inner][\/vc_row_inner][\/vc_column][\/vc_row]<\/p>\n<\/section>","protected":false},"excerpt":{"rendered":"E-Book Personalisierung 02 E-Commerce Use Cases Vielen Dank f\u00fcr Ihr Interesse! Wir haben Ihnen aus datenschutzrechtlichen Gr\u00fcnden eine E-Mail gesendet. [...]","protected":false},"author":2,"featured_media":22276,"parent":0,"menu_order":0,"comment_status":"closed","ping_status":"closed","template":"page-sidebar.php","meta":{"footnotes":""},"acf":[],"yoast_head":"<!-- This site is optimized with the Yoast SEO Premium plugin v20.5 (Yoast SEO v20.5) - https:\/\/yoast.com\/wordpress\/plugins\/seo\/ -->\n<title>Download E-Book Personalisierung 02 DANKE - Striped Giraffe<\/title>\n<meta name=\"robots\" content=\"noindex, nofollow\" \/>\n<meta property=\"og:locale\" content=\"de_DE\" \/>\n<meta property=\"og:type\" content=\"article\" \/>\n<meta property=\"og:title\" content=\"Download E-Book Personalisierung 02 DANKE\" \/>\n<meta property=\"og:url\" content=\"https:\/\/www.striped-giraffe.com\/de\/ebook-personalisierung-02-danke\/\" \/>\n<meta property=\"og:site_name\" content=\"Striped Giraffe\" \/>\n<meta property=\"article:modified_time\" content=\"2024-09-12T14:40:28+00:00\" \/>\n<meta property=\"og:image\" content=\"https:\/\/www.striped-giraffe.com\/wp-content\/uploads\/2021\/02\/e-commerce-personalization-e-book-part-2-DE-banner-linkedin.png\" \/>\n\t<meta property=\"og:image:width\" content=\"1200\" \/>\n\t<meta property=\"og:image:height\" content=\"628\" \/>\n\t<meta property=\"og:image:type\" content=\"image\/png\" \/>\n<meta name=\"twitter:card\" content=\"summary_large_image\" \/>\n<meta name=\"twitter:label1\" content=\"Gesch\u00e4tzte Lesezeit\" \/>\n\t<meta name=\"twitter:data1\" content=\"2\u00a0Minuten\" \/>\n<script type=\"application\/ld+json\" class=\"yoast-schema-graph\">{\"@context\":\"https:\/\/schema.org\",\"@graph\":[{\"@type\":\"WebPage\",\"@id\":\"https:\/\/www.striped-giraffe.com\/de\/ebook-personalisierung-02-danke\/\",\"url\":\"https:\/\/www.striped-giraffe.com\/de\/ebook-personalisierung-02-danke\/\",\"name\":\"Download E-Book Personalisierung 02 DANKE - Striped Giraffe\",\"isPartOf\":{\"@id\":\"https:\/\/www.striped-giraffe.com\/de\/#website\"},\"datePublished\":\"2024-06-06T15:22:32+00:00\",\"dateModified\":\"2024-09-12T14:40:28+00:00\",\"inLanguage\":\"de\",\"potentialAction\":[{\"@type\":\"ReadAction\",\"target\":[\"https:\/\/www.striped-giraffe.com\/de\/ebook-personalisierung-02-danke\/\"]}]},{\"@type\":\"WebSite\",\"@id\":\"https:\/\/www.striped-giraffe.com\/de\/#website\",\"url\":\"https:\/\/www.striped-giraffe.com\/de\/\",\"name\":\"Striped Giraffe\",\"description\":\"Ihr zuverl\u00e4ssiger Anbieter f\u00fcr digitale Enterprise-L\u00f6sungen\",\"publisher\":{\"@id\":\"https:\/\/www.striped-giraffe.com\/de\/#organization\"},\"potentialAction\":[{\"@type\":\"SearchAction\",\"target\":{\"@type\":\"EntryPoint\",\"urlTemplate\":\"https:\/\/www.striped-giraffe.com\/de\/?s={search_term_string}\"},\"query-input\":\"required name=search_term_string\"}],\"inLanguage\":\"de\"},{\"@type\":\"Organization\",\"@id\":\"https:\/\/www.striped-giraffe.com\/de\/#organization\",\"name\":\"Striped Giraffe\",\"url\":\"https:\/\/www.striped-giraffe.com\/de\/\",\"logo\":{\"@type\":\"ImageObject\",\"inLanguage\":\"de\",\"@id\":\"https:\/\/www.striped-giraffe.com\/de\/#\/schema\/logo\/image\/\",\"url\":\"https:\/\/www.striped-giraffe.com\/wp-content\/uploads\/2021\/01\/giraffe_white.svg\",\"contentUrl\":\"https:\/\/www.striped-giraffe.com\/wp-content\/uploads\/2021\/01\/giraffe_white.svg\",\"caption\":\"Striped Giraffe\"},\"image\":{\"@id\":\"https:\/\/www.striped-giraffe.com\/de\/#\/schema\/logo\/image\/\"}}]}<\/script>\n<!-- \/ Yoast SEO Premium plugin. -->","yoast_head_json":{"title":"Download E-Book Personalisierung 02 DANKE - Striped Giraffe","robots":{"index":"noindex","follow":"nofollow"},"og_locale":"de_DE","og_type":"article","og_title":"Download E-Book Personalisierung 02 DANKE","og_url":"https:\/\/www.striped-giraffe.com\/de\/ebook-personalisierung-02-danke\/","og_site_name":"Striped Giraffe","article_modified_time":"2024-09-12T14:40:28+00:00","og_image":[{"width":1200,"height":628,"url":"https:\/\/www.striped-giraffe.com\/wp-content\/uploads\/2021\/02\/e-commerce-personalization-e-book-part-2-DE-banner-linkedin.png","type":"image\/png"}],"twitter_card":"summary_large_image","twitter_misc":{"Gesch\u00e4tzte Lesezeit":"2\u00a0Minuten"},"schema":{"@context":"https:\/\/schema.org","@graph":[{"@type":"WebPage","@id":"https:\/\/www.striped-giraffe.com\/de\/ebook-personalisierung-02-danke\/","url":"https:\/\/www.striped-giraffe.com\/de\/ebook-personalisierung-02-danke\/","name":"Download E-Book Personalisierung 02 DANKE - Striped Giraffe","isPartOf":{"@id":"https:\/\/www.striped-giraffe.com\/de\/#website"},"datePublished":"2024-06-06T15:22:32+00:00","dateModified":"2024-09-12T14:40:28+00:00","inLanguage":"de","potentialAction":[{"@type":"ReadAction","target":["https:\/\/www.striped-giraffe.com\/de\/ebook-personalisierung-02-danke\/"]}]},{"@type":"WebSite","@id":"https:\/\/www.striped-giraffe.com\/de\/#website","url":"https:\/\/www.striped-giraffe.com\/de\/","name":"Striped Giraffe","description":"Ihr zuverl\u00e4ssiger Anbieter f\u00fcr digitale Enterprise-L\u00f6sungen","publisher":{"@id":"https:\/\/www.striped-giraffe.com\/de\/#organization"},"potentialAction":[{"@type":"SearchAction","target":{"@type":"EntryPoint","urlTemplate":"https:\/\/www.striped-giraffe.com\/de\/?s={search_term_string}"},"query-input":"required name=search_term_string"}],"inLanguage":"de"},{"@type":"Organization","@id":"https:\/\/www.striped-giraffe.com\/de\/#organization","name":"Striped Giraffe","url":"https:\/\/www.striped-giraffe.com\/de\/","logo":{"@type":"ImageObject","inLanguage":"de","@id":"https:\/\/www.striped-giraffe.com\/de\/#\/schema\/logo\/image\/","url":"https:\/\/www.striped-giraffe.com\/wp-content\/uploads\/2021\/01\/giraffe_white.svg","contentUrl":"https:\/\/www.striped-giraffe.com\/wp-content\/uploads\/2021\/01\/giraffe_white.svg","caption":"Striped Giraffe"},"image":{"@id":"https:\/\/www.striped-giraffe.com\/de\/#\/schema\/logo\/image\/"}}]}},"_links":{"self":[{"href":"https:\/\/www.striped-giraffe.com\/de\/wp-json\/wp\/v2\/pages\/37060"}],"collection":[{"href":"https:\/\/www.striped-giraffe.com\/de\/wp-json\/wp\/v2\/pages"}],"about":[{"href":"https:\/\/www.striped-giraffe.com\/de\/wp-json\/wp\/v2\/types\/page"}],"author":[{"embeddable":true,"href":"https:\/\/www.striped-giraffe.com\/de\/wp-json\/wp\/v2\/users\/2"}],"replies":[{"embeddable":true,"href":"https:\/\/www.striped-giraffe.com\/de\/wp-json\/wp\/v2\/comments?post=37060"}],"version-history":[{"count":3,"href":"https:\/\/www.striped-giraffe.com\/de\/wp-json\/wp\/v2\/pages\/37060\/revisions"}],"predecessor-version":[{"id":37721,"href":"https:\/\/www.striped-giraffe.com\/de\/wp-json\/wp\/v2\/pages\/37060\/revisions\/37721"}],"wp:featuredmedia":[{"embeddable":true,"href":"https:\/\/www.striped-giraffe.com\/de\/wp-json\/wp\/v2\/media\/22276"}],"wp:attachment":[{"href":"https:\/\/www.striped-giraffe.com\/de\/wp-json\/wp\/v2\/media?parent=37060"}],"curies":[{"name":"wp","href":"https:\/\/api.w.org\/{rel}","templated":true}]}}