{"id":37121,"date":"2024-06-10T11:57:37","date_gmt":"2024-06-10T09:57:37","guid":{"rendered":"https:\/\/www.striped-giraffe.com\/data-governance-packages-cdgc-implementation-copy\/"},"modified":"2024-06-10T12:23:01","modified_gmt":"2024-06-10T10:23:01","slug":"data-governance-packages-cdgc-implementation-danke","status":"publish","type":"page","link":"https:\/\/www.striped-giraffe.com\/de\/data-governance-packages-cdgc-implementation-danke\/","title":{"rendered":"Download Data Governance Package &#8222;CDGC Implementation&#8220; DANKE"},"content":{"rendered":"<section class=\"wpb-content-wrapper\"><p>[vc_row][vc_column][vc_column_text]<\/p>\n<h2 class=\"headline_introduction\">Unser Angebot f\u00fcr Sie<\/h2>\n<p>[\/vc_column_text][vc_column_text]<\/p>\n<h1 class=\"headline_superbig\" style=\"text-align: left;\"><span style=\"color: #ef6c00;\">Data Governance CDGC Implementation<\/span><\/h1>\n<p>[\/vc_column_text][\/vc_column][\/vc_row][vc_row gap=&#8220;35&#8243; css=&#8220;.vc_custom_1718014884888{margin-bottom: 100px !important;}&#8220;][vc_column][vc_column_text]<\/p>\n<h3>Workshops <span style=\"color: #ef6c00;\">\u2022<\/span> Installation of secure agent <span style=\"color: #ef6c00;\">\u2022<\/span> Configuration <span style=\"color: #ef6c00;\">\u2022<\/span> and more<\/h3>\n<p>[\/vc_column_text][\/vc_column][\/vc_row][vc_row css=&#8220;.vc_custom_1714989945201{margin-bottom: 100px !important;padding-top: 0px !important;background-color: #ffffff !important;}&#8220;][vc_column width=&#8220;2\/3&#8243;][vc_row_inner el_id=&#8220;active_optin&#8220;][vc_column_inner el_id=&#8220;before_optin&#8220;][vc_column_text]<\/p>\n<h2>Vielen Dank f\u00fcr Ihr Interesse!<\/h2>\n<p>Wir haben Ihnen aus datenschutzrechtlichen Gr\u00fcnden eine E-Mail gesendet.<\/p>\n<p>Bitte \u00f6ffnen Sie diese E-Mail in Ihrem Postfach.<\/p>\n<p>Klicken Sie auf den Link in unserer E-Mail, um Ihre E-Mail-Adresse zu best\u00e4tigen. Anschlie\u00dfend stellen wir Ihnen den Link auf unserer Seite zur Verf\u00fcgung.[\/vc_column_text][\/vc_column_inner][\/vc_row_inner][vc_row_inner el_id=&#8220;active_after_optin&#8220;][vc_column_inner][vc_column_text]<\/p>\n<h2>Vielen Dank f\u00fcr die Best\u00e4tigung.<\/h2>\n<p class=\"p1\">Ihr Download startet in wenigen Sekunden.<br \/>\nFalls der Download nicht automatisch startet,\u00a0 klicken Sie bitte auf folgenden Link:<\/p>\n<p class=\"p1\"><\/p>\n<p>[\/vc_column_text][\/vc_column_inner][\/vc_row_inner][\/vc_column][vc_column width=&#8220;1\/3&#8243;][\/vc_column][\/vc_row][vc_row gap=&#8220;35&#8243; css=&#8220;.vc_custom_1718014871370{margin-bottom: 50px !important;}&#8220;][vc_column][vc_column_text]<\/p>\n<h2 class=\"headline_superbig\">Weitere Angebote zum Thema Data Governance<\/h2>\n<p>[\/vc_column_text][\/vc_column][\/vc_row][vc_row gap=&#8220;35&#8243; css=&#8220;.vc_custom_1669042308118{margin-bottom: 100px !important;}&#8220;][vc_column width=&#8220;1\/3&#8243;]<div class=\"templatera_shortcode\"><div class=\"vc_row wpb_row vc_row-fluid\"><div class=\"wpb_column vc_column_container vc_col-sm-12\"><div class=\"vc_column-inner\"><div class=\"wpb_wrapper\"><div id='' class='teaserbox  overlay'><div class='teaserbox_inner'><div class='teaserheadline'><h2 style='color:#ef6c00;font-family:DinWebPro Bold;'>Data Governance Introduction<\/h2><h3 style='color:#ffffff;'><\/h3><\/div><div class='teasertext'><div class='wpb_wrapper'>Initiative introduction \u2022 Governance board framework intro \u2022 Data Governance implementation intro<\/div><\/div><div class='teaserlink'><a href='https:\/\/www.striped-giraffe.com\/de\/data-governance-packages-introduction\/' style='color:#ffffff;'>Ausw\u00e4hlen<\/a><\/div><div class='wpb_single_image desktop_only'><img src='https:\/\/www.striped-giraffe.com\/wp-content\/uploads\/2022\/11\/Newsteaser_Data_Governance-600x700.jpg' \/><\/div><div class='wpb_single_image mobile_only'><img src='https:\/\/www.striped-giraffe.com\/wp-content\/uploads\/2022\/11\/Newsteaser_Data_Governance-600x700.jpg' \/><\/div><\/div><\/div><\/div><\/div><\/div><\/div><\/div>[\/vc_column][vc_column width=&#8220;1\/3&#8243;]<div class=\"templatera_shortcode\"><div class=\"vc_row wpb_row vc_row-fluid\"><div class=\"wpb_column vc_column_container vc_col-sm-12\"><div class=\"vc_column-inner\"><div class=\"wpb_wrapper\"><div id='' class='teaserbox  overlay'><div class='teaserbox_inner'><div class='teaserheadline'><h2 style='color:#ef6c00;font-family:DinWebPro Bold;'>Data Governance Advanced Introduction<\/h2><h3 style='color:#ffffff;'><\/h3><\/div><div class='teasertext'><div class='wpb_wrapper'>Workshop Data Governance basics \u2022 Design of Data Governance board charter \u2022 Design of Data Governance framework \u2022 Design of architecture of target solution \u2022 Summary<\/div><\/div><div class='teaserlink'><a href='https:\/\/www.striped-giraffe.com\/de\/data-governance-packages-advanced-introduction\/' style='color:#ffffff;'>Ausw\u00e4hlen<\/a><\/div><div class='wpb_single_image desktop_only'><img src='https:\/\/www.striped-giraffe.com\/wp-content\/uploads\/2022\/11\/Newsteaser_Data_Governance-600x700.jpg' \/><\/div><div class='wpb_single_image mobile_only'><img src='https:\/\/www.striped-giraffe.com\/wp-content\/uploads\/2022\/11\/Newsteaser_Data_Governance-600x700.jpg' \/><\/div><\/div><\/div><\/div><\/div><\/div><\/div><\/div>[\/vc_column][vc_column width=&#8220;1\/3&#8243;]<div class=\"templatera_shortcode\"><div class=\"vc_row wpb_row vc_row-fluid\"><div class=\"wpb_column vc_column_container vc_col-sm-12\"><div class=\"vc_column-inner\"><div class=\"wpb_wrapper\"><div id='' class='teaserbox  overlay'><div class='teaserbox_inner'><div class='teaserheadline'><h2 style='color:#ef6c00;font-family:DinWebPro Bold;'>Data Governance EDC Implementation<\/h2><h3 style='color:#ffffff;'><\/h3><\/div><div class='teasertext'><div class='wpb_wrapper'>Workshops \u2022 Installation \u2022 Configuration \u2022 and more<\/div><\/div><div class='teaserlink'><a href='https:\/\/www.striped-giraffe.com\/de\/data-governance-packages-edc-implementation\/' style='color:#ffffff;'>Ausw\u00e4hlen<\/a><\/div><div class='wpb_single_image desktop_only'><img src='https:\/\/www.striped-giraffe.com\/wp-content\/uploads\/2022\/11\/Newsteaser_Data_Governance-600x700.jpg' \/><\/div><div class='wpb_single_image mobile_only'><img src='https:\/\/www.striped-giraffe.com\/wp-content\/uploads\/2022\/11\/Newsteaser_Data_Governance-600x700.jpg' \/><\/div><\/div><\/div><\/div><\/div><\/div><\/div><\/div>[\/vc_column][\/vc_row][vc_row full_width=&#8220;stretch_row&#8220; css=&#8220;.vc_custom_1706114273644{margin-top: 100px !important;margin-bottom: 50px !important;}&#8220;][vc_column][vc_row_inner][vc_column_inner width=&#8220;1\/3&#8243;][vc_column_text]<\/p>\n<h2>Let&#8217;s talk<\/h2>\n<p>[\/vc_column_text][\/vc_column_inner][\/vc_row_inner][\/vc_column][\/vc_row][vc_row css=&#8220;.vc_custom_1715164959042{margin-bottom: 100px !important;}&#8220;][vc_column width=&#8220;2\/3&#8243;][vc_column_text]<\/p>\n<h3>Brauchen Sie dar\u00fcber hinaus ein <strong>konkretes Angebot<\/strong> oder suchen Sie einen <strong>Sparringspartner<\/strong>, mit dem sie Ideen diskutieren und entwickeln k\u00f6nnen?<\/h3>\n<h3>Dann melden Sie sich:<\/h3>\n<ul>\n<li><a href=\"mailto:experts@striped-giraffe.com\">experts@striped-giraffe.com<\/a><\/li>\n<li><span style=\"color: #ef6c00;\">+49 (0)89-416 126-667<\/span><\/li>\n<\/ul>\n<p>[\/vc_column_text]<a class=\"calendly\" href=\"\" onclick=\"Calendly.initPopupWidget({url: 'https:\/\/calendly.com\/striped-giraffe\/30min'});return false;\">Termin vereinbaren<\/a>[vc_column_text css=&#8220;.vc_custom_1705936147633{margin-top: 32px !important;}&#8220;]<\/p>\n<h3>Wir unterst\u00fctzen Sie gerne.<\/h3>\n<p>[\/vc_column_text][\/vc_column][vc_column width=&#8220;1\/3&#8243;][\/vc_column][\/vc_row][vc_row full_width=&#8220;stretch_row&#8220; gap=&#8220;35&#8243; bg_type=&#8220;bg_color&#8220; css=&#8220;.vc_custom_1655131890382{margin-top: 0px !important;margin-bottom: 0px !important;padding-top: 100px !important;padding-bottom: 100px !important;background-color: #000000 !important;}&#8220; bg_color_value=&#8220;#000000&#8243;][vc_column][vc_row_inner][vc_column_inner width=&#8220;1\/3&#8243; css=&#8220;.vc_custom_1610013762619{padding-right: 25px !important;}&#8220;][vc_column_text]<\/p>\n<h2><span style=\"color: #ef6c00;\">Wir schaffen Mehrwerte<\/span> <span style=\"color: #ffffff;\">f\u00fcr unsere Kunden.<\/span><\/h2>\n<p><span style=\"color: #ffffff;\">Das f\u00fchrt zu einer langj\u00e4hrigen Zusammenarbeit mit unseren Kunden, die wir sehr sch\u00e4tzen. Noch mehr E-Books, Case Studies und co. finden Sie in unseren <a href=\"https:\/\/www.striped-giraffe.com\/insights\/\">Insights<\/a>.<\/span>[\/vc_column_text][\/vc_column_inner][vc_column_inner width=&#8220;1\/3&#8243;]<div class=\"templatera_shortcode\"><div class=\"vc_row wpb_row vc_row-fluid\"><div class=\"wpb_column vc_column_container vc_col-sm-12\"><div class=\"vc_column-inner\"><div class=\"wpb_wrapper\"><div id='' class='teaserbox  overlay'><div class='teaserbox_inner'><div class='teaserheadline'><h3 style='text-transform:uppercase;color:#ef6c00;font-family:DinWebPro Bold;'>Neues aus unserem Blog<\/h3><h2 style='text-transform:none;color:#ffffff;'>Data Sharing \u2013 Herausforderungen und Chancen<\/h2><\/div><div class='teasertext'><div class='wpb_wrapper'>Es wird prophezeit, dass die F\u00e4higkeit, Daten innerhalb von Wertsch\u00f6pfungsnetzwerken auszutauschen einer der zentralen Faktoren f\u00fcr Wachstum und Erfolg von Unternehmen sein wird.<\/div><\/div><div class='teaserlink'><a href='https:\/\/www.striped-giraffe.com\/de\/blog\/data-sharing-herausforderungen-und-chancen\/' style='color:#ffffff;'>Zum Blogartikel<\/a><\/div><div class='wpb_single_image desktop_only'><img src='https:\/\/www.striped-giraffe.com\/wp-content\/uploads\/2024\/03\/Teaser_blog_Data_Sharing.jpg' \/><\/div><div class='wpb_single_image mobile_only'><img src='https:\/\/www.striped-giraffe.com\/wp-content\/uploads\/2024\/03\/Teaser_blog_Data_Sharing-600x700.jpg' \/><\/div><\/div><\/div><\/div><\/div><\/div><\/div><\/div>[\/vc_column_inner][vc_column_inner width=&#8220;1\/3&#8243;]<div class=\"templatera_shortcode\"><div class=\"vc_row wpb_row vc_row-fluid\"><div class=\"wpb_column vc_column_container vc_col-sm-12\"><div class=\"vc_column-inner\"><div class=\"wpb_wrapper\"><div id='' class='teaserbox  overlay'><div class='teaserbox_inner'><div class='teaserheadline'><h2 style='color:#ef6c00;font-family:DinWebPro Bold;'>E-Book<\/h2><h3 style='color:#ffffff;'>Cloud DWH: Datenmanagement der Zukunft<\/h3><\/div><div class='teasertext'><div class='wpb_wrapper'>F\u00fcr ein zukunftsorientiertes Datenmanagement modernisieren immer mehr Unternehmen ihr Data Warehouse, das jahrelang die prim\u00e4re Datenspeicherplattform war.<\/div><\/div><div class='teaserlink'><a href='https:\/\/www.striped-giraffe.com\/de\/ebook-cloud-dwh\/' style='color:#ffffff;'>Download<\/a><\/div><div class='wpb_single_image desktop_only'><img src='https:\/\/www.striped-giraffe.com\/wp-content\/uploads\/2022\/04\/Cover-600x960.jpg' \/><\/div><div class='wpb_single_image mobile_only'><img src='https:\/\/www.striped-giraffe.com\/wp-content\/uploads\/2022\/04\/Cover-600x700.jpg' \/><\/div><\/div><\/div><\/div><\/div><\/div><\/div><\/div>[\/vc_column_inner][\/vc_row_inner][\/vc_column][\/vc_row]<\/p>\n<\/section>","protected":false},"excerpt":{"rendered":"Unser Angebot f\u00fcr Sie Data Governance CDGC Implementation Workshops \u2022 Installation of secure agent \u2022 Configuration \u2022 and more Vielen [...]","protected":false},"author":2,"featured_media":32757,"parent":0,"menu_order":0,"comment_status":"closed","ping_status":"closed","template":"page-sidebar.php","meta":{"footnotes":""},"acf":[],"yoast_head":"<!-- This site is optimized with the Yoast SEO Premium plugin v20.5 (Yoast SEO v20.5) - https:\/\/yoast.com\/wordpress\/plugins\/seo\/ -->\n<title>Download Data Governance Package &quot;CDGC Implementation&quot; DANKE: Unser Angebot f\u00fcr Sie<\/title>\n<meta name=\"description\" content=\"Wir haben 4 unterschiedliche Pakete f\u00fcr Sie zusammengestellt, die Sie dort abholen, wo Sie sich gerade im Data Governance-Prozess befinden.\" \/>\n<meta name=\"robots\" content=\"noindex, nofollow\" \/>\n<meta property=\"og:locale\" content=\"de_DE\" \/>\n<meta property=\"og:type\" content=\"article\" \/>\n<meta property=\"og:title\" content=\"Download Data Governance Package &quot;CDGC Implementation&quot; DANKE\" \/>\n<meta property=\"og:description\" content=\"Wir haben 4 unterschiedliche Pakete f\u00fcr Sie zusammengestellt, die Sie dort abholen, wo Sie sich gerade im Data Governance-Prozess befinden.\" \/>\n<meta property=\"og:url\" content=\"https:\/\/www.striped-giraffe.com\/de\/data-governance-packages-cdgc-implementation-danke\/\" \/>\n<meta property=\"og:site_name\" content=\"Striped Giraffe\" \/>\n<meta property=\"article:modified_time\" content=\"2024-06-10T10:23:01+00:00\" \/>\n<meta property=\"og:image\" content=\"https:\/\/www.striped-giraffe.com\/wp-content\/uploads\/2022\/12\/Data-Governance-Packages_CDGC_Implementation_Package-cover.jpg\" \/>\n\t<meta property=\"og:image:width\" content=\"1200\" \/>\n\t<meta property=\"og:image:height\" content=\"931\" \/>\n\t<meta property=\"og:image:type\" content=\"image\/jpeg\" \/>\n<meta name=\"twitter:card\" content=\"summary_large_image\" \/>\n<meta name=\"twitter:label1\" content=\"Gesch\u00e4tzte Lesezeit\" \/>\n\t<meta name=\"twitter:data1\" content=\"2\u00a0Minuten\" \/>\n<script type=\"application\/ld+json\" class=\"yoast-schema-graph\">{\"@context\":\"https:\/\/schema.org\",\"@graph\":[{\"@type\":\"WebPage\",\"@id\":\"https:\/\/www.striped-giraffe.com\/de\/data-governance-packages-cdgc-implementation-danke\/\",\"url\":\"https:\/\/www.striped-giraffe.com\/de\/data-governance-packages-cdgc-implementation-danke\/\",\"name\":\"Download Data Governance Package \\\"CDGC Implementation\\\" DANKE: Unser Angebot f\u00fcr Sie\",\"isPartOf\":{\"@id\":\"https:\/\/www.striped-giraffe.com\/de\/#website\"},\"datePublished\":\"2024-06-10T09:57:37+00:00\",\"dateModified\":\"2024-06-10T10:23:01+00:00\",\"description\":\"Wir haben 4 unterschiedliche Pakete f\u00fcr Sie zusammengestellt, die Sie dort abholen, wo Sie sich gerade im Data Governance-Prozess befinden.\",\"inLanguage\":\"de\",\"potentialAction\":[{\"@type\":\"ReadAction\",\"target\":[\"https:\/\/www.striped-giraffe.com\/de\/data-governance-packages-cdgc-implementation-danke\/\"]}]},{\"@type\":\"WebSite\",\"@id\":\"https:\/\/www.striped-giraffe.com\/de\/#website\",\"url\":\"https:\/\/www.striped-giraffe.com\/de\/\",\"name\":\"Striped Giraffe\",\"description\":\"Ihr zuverl\u00e4ssiger Anbieter f\u00fcr digitale Enterprise-L\u00f6sungen\",\"publisher\":{\"@id\":\"https:\/\/www.striped-giraffe.com\/de\/#organization\"},\"potentialAction\":[{\"@type\":\"SearchAction\",\"target\":{\"@type\":\"EntryPoint\",\"urlTemplate\":\"https:\/\/www.striped-giraffe.com\/de\/?s={search_term_string}\"},\"query-input\":\"required name=search_term_string\"}],\"inLanguage\":\"de\"},{\"@type\":\"Organization\",\"@id\":\"https:\/\/www.striped-giraffe.com\/de\/#organization\",\"name\":\"Striped Giraffe\",\"url\":\"https:\/\/www.striped-giraffe.com\/de\/\",\"logo\":{\"@type\":\"ImageObject\",\"inLanguage\":\"de\",\"@id\":\"https:\/\/www.striped-giraffe.com\/de\/#\/schema\/logo\/image\/\",\"url\":\"https:\/\/www.striped-giraffe.com\/wp-content\/uploads\/2021\/01\/giraffe_white.svg\",\"contentUrl\":\"https:\/\/www.striped-giraffe.com\/wp-content\/uploads\/2021\/01\/giraffe_white.svg\",\"caption\":\"Striped Giraffe\"},\"image\":{\"@id\":\"https:\/\/www.striped-giraffe.com\/de\/#\/schema\/logo\/image\/\"}}]}<\/script>\n<!-- \/ Yoast SEO Premium plugin. -->","yoast_head_json":{"title":"Download Data Governance Package \"CDGC Implementation\" DANKE: Unser Angebot f\u00fcr Sie","description":"Wir haben 4 unterschiedliche Pakete f\u00fcr Sie zusammengestellt, die Sie dort abholen, wo Sie sich gerade im Data Governance-Prozess befinden.","robots":{"index":"noindex","follow":"nofollow"},"og_locale":"de_DE","og_type":"article","og_title":"Download Data Governance Package \"CDGC Implementation\" DANKE","og_description":"Wir haben 4 unterschiedliche Pakete f\u00fcr Sie zusammengestellt, die Sie dort abholen, wo Sie sich gerade im Data Governance-Prozess befinden.","og_url":"https:\/\/www.striped-giraffe.com\/de\/data-governance-packages-cdgc-implementation-danke\/","og_site_name":"Striped Giraffe","article_modified_time":"2024-06-10T10:23:01+00:00","og_image":[{"width":1200,"height":931,"url":"https:\/\/www.striped-giraffe.com\/wp-content\/uploads\/2022\/12\/Data-Governance-Packages_CDGC_Implementation_Package-cover.jpg","type":"image\/jpeg"}],"twitter_card":"summary_large_image","twitter_misc":{"Gesch\u00e4tzte Lesezeit":"2\u00a0Minuten"},"schema":{"@context":"https:\/\/schema.org","@graph":[{"@type":"WebPage","@id":"https:\/\/www.striped-giraffe.com\/de\/data-governance-packages-cdgc-implementation-danke\/","url":"https:\/\/www.striped-giraffe.com\/de\/data-governance-packages-cdgc-implementation-danke\/","name":"Download Data Governance Package \"CDGC Implementation\" DANKE: Unser Angebot f\u00fcr Sie","isPartOf":{"@id":"https:\/\/www.striped-giraffe.com\/de\/#website"},"datePublished":"2024-06-10T09:57:37+00:00","dateModified":"2024-06-10T10:23:01+00:00","description":"Wir haben 4 unterschiedliche Pakete f\u00fcr Sie zusammengestellt, die Sie dort abholen, wo Sie sich gerade im Data Governance-Prozess befinden.","inLanguage":"de","potentialAction":[{"@type":"ReadAction","target":["https:\/\/www.striped-giraffe.com\/de\/data-governance-packages-cdgc-implementation-danke\/"]}]},{"@type":"WebSite","@id":"https:\/\/www.striped-giraffe.com\/de\/#website","url":"https:\/\/www.striped-giraffe.com\/de\/","name":"Striped Giraffe","description":"Ihr zuverl\u00e4ssiger Anbieter f\u00fcr digitale Enterprise-L\u00f6sungen","publisher":{"@id":"https:\/\/www.striped-giraffe.com\/de\/#organization"},"potentialAction":[{"@type":"SearchAction","target":{"@type":"EntryPoint","urlTemplate":"https:\/\/www.striped-giraffe.com\/de\/?s={search_term_string}"},"query-input":"required name=search_term_string"}],"inLanguage":"de"},{"@type":"Organization","@id":"https:\/\/www.striped-giraffe.com\/de\/#organization","name":"Striped Giraffe","url":"https:\/\/www.striped-giraffe.com\/de\/","logo":{"@type":"ImageObject","inLanguage":"de","@id":"https:\/\/www.striped-giraffe.com\/de\/#\/schema\/logo\/image\/","url":"https:\/\/www.striped-giraffe.com\/wp-content\/uploads\/2021\/01\/giraffe_white.svg","contentUrl":"https:\/\/www.striped-giraffe.com\/wp-content\/uploads\/2021\/01\/giraffe_white.svg","caption":"Striped Giraffe"},"image":{"@id":"https:\/\/www.striped-giraffe.com\/de\/#\/schema\/logo\/image\/"}}]}},"_links":{"self":[{"href":"https:\/\/www.striped-giraffe.com\/de\/wp-json\/wp\/v2\/pages\/37121"}],"collection":[{"href":"https:\/\/www.striped-giraffe.com\/de\/wp-json\/wp\/v2\/pages"}],"about":[{"href":"https:\/\/www.striped-giraffe.com\/de\/wp-json\/wp\/v2\/types\/page"}],"author":[{"embeddable":true,"href":"https:\/\/www.striped-giraffe.com\/de\/wp-json\/wp\/v2\/users\/2"}],"replies":[{"embeddable":true,"href":"https:\/\/www.striped-giraffe.com\/de\/wp-json\/wp\/v2\/comments?post=37121"}],"version-history":[{"count":2,"href":"https:\/\/www.striped-giraffe.com\/de\/wp-json\/wp\/v2\/pages\/37121\/revisions"}],"predecessor-version":[{"id":37129,"href":"https:\/\/www.striped-giraffe.com\/de\/wp-json\/wp\/v2\/pages\/37121\/revisions\/37129"}],"wp:featuredmedia":[{"embeddable":true,"href":"https:\/\/www.striped-giraffe.com\/de\/wp-json\/wp\/v2\/media\/32757"}],"wp:attachment":[{"href":"https:\/\/www.striped-giraffe.com\/de\/wp-json\/wp\/v2\/media?parent=37121"}],"curies":[{"name":"wp","href":"https:\/\/api.w.org\/{rel}","templated":true}]}}