{"id":37805,"date":"2024-09-26T15:27:30","date_gmt":"2024-09-26T13:27:30","guid":{"rendered":"https:\/\/www.striped-giraffe.com\/collaboration\/partner\/broadleaf-copy\/"},"modified":"2024-11-28T11:09:26","modified_gmt":"2024-11-28T10:09:26","slug":"sap-commerce-cloud","status":"publish","type":"page","link":"https:\/\/www.striped-giraffe.com\/de\/technologien\/ecommerce-systeme\/sap-commerce-cloud\/","title":{"rendered":"SAP Commerce Cloud &#8211; Details"},"content":{"rendered":"<section class=\"wpb-content-wrapper\"><p>[vc_row full_width=&#8220;stretch_row&#8220; bg_type=&#8220;image&#8220; parallax_style=&#8220;vcpb-default&#8220; bg_image_new=&#8220;id^38480|url^https:\/\/www.striped-giraffe.com\/wp-content\/uploads\/2024\/11\/Header_Technologies_E-Commerce-1.jpg|caption^e-commerce technologies, PIM\/PCM, marketplaces, payment, omnichannel|alt^e-commerce technologies|title^Image of data processing with credit card and smartphone over li|description^e-commerce technologies, PIM\/PCM, marketplaces, payment, omnichannel&#8220; css=&#8220;.vc_custom_1731333594874{padding-top: 200px !important;padding-bottom: 200px !important;background-position: center !important;background-repeat: no-repeat !important;background-size: cover !important;}&#8220;][vc_column][vc_column_text]<\/p>\n<h3><span style=\"color: #ef6c00;\">E-Commerce-Systeme<\/span><\/h3>\n<h1><span style=\"color: #ffffff;\">SAP Commerce Cloud<\/span><\/h1>\n<p>[\/vc_column_text][\/vc_column][\/vc_row][vc_row gap=&#8220;35&#8243; el_class=&#8220;closetotop&#8220; css=&#8220;.vc_custom_1731491586458{padding-bottom: 50px !important;background-color: #ffffff !important;}&#8220;][vc_column width=&#8220;1\/3&#8243;][vc_single_image image=&#8220;861&#8243; img_size=&#8220;medium&#8220;][\/vc_column][vc_column width=&#8220;2\/3&#8243; css=&#8220;.vc_custom_1731491592852{padding-top: 50px !important;}&#8220;][vc_column_text]<\/p>\n<h3 style=\"text-align: center;\">SAP Commerce Cloud richtet sich vor allem an gro\u00dfe und komplexe Unternehmen, die eine starke Integration von Gesch\u00e4ftsprozessen ben\u00f6tigen<\/h3>\n<p>[\/vc_column_text][\/vc_column][\/vc_row][vc_row gap=&#8220;35&#8243; css=&#8220;.vc_custom_1731334060703{margin-bottom: 50px !important;background-color: #ffffff !important;}&#8220;][vc_column width=&#8220;1\/3&#8243;][vc_column_text]<\/p>\n<h2 class=\"headline_superbig\">Produkt-<br \/>\nmerkmale<\/h2>\n<p>[\/vc_column_text][\/vc_column][vc_column width=&#8220;1\/3&#8243;][vc_column_text]<strong><span style=\"color: #ef6c00;\">Technik<br \/>\n<\/span>Cloud<\/strong>-basierte Plattform<\/p>\n<p><strong><span style=\"color: #ef6c00;\">Kosten-Modell<br \/>\n<\/span><\/strong>Subscription<\/p>\n<p><strong><span style=\"color: #ef6c00;\">Gesch\u00e4ftsmodell<br \/>\n<\/span><\/strong>B2B, B2C und D2C<\/p>\n<p><strong><span style=\"color: #ef6c00;\">Flexibilit\u00e4t<br \/>\n<\/span>Hoch<\/strong> durch modulare Architektur und die Verwendung von Microservices<\/p>\n<p><strong><span style=\"color: #ef6c00;\">Zukunftssicherheit<br \/>\n<\/span>Relativ hoch<\/strong> durch die hohe Flexibilit\u00e4t, Integrationstiefe und Innovationskraft<\/p>\n<p><strong><span style=\"color: #ef6c00;\">Features\/Funktionen<br \/>\n<\/span><\/strong><\/p>\n<ul>\n<li>Omnichannel-F\u00e4higkeiten<\/li>\n<li>Echtzeit-Personalisierung und Kontextsteuerung<\/li>\n<li>Flexibles Datenmodell f\u00fcr komplexe Produktkataloge und ma\u00dfgeschneiderte Preisstrategien<\/li>\n<\/ul>\n<p><strong><span style=\"color: #ef6c00;\">sonstige Merkmale<br \/>\n<\/span><\/strong>Leistungsstarken Skalierbarkeit, Self-Service-Portale, Microservices und APIs f\u00fcr schnelle Anpassungen und Erweiterungen[\/vc_column_text][\/vc_column][vc_column width=&#8220;1\/3&#8243;][vc_column_text]<\/p>\n<p style=\"text-align: left;\"><strong><span style=\"color: #ef6c00;\">Besonderheiten beim Betrieb<br \/>\n<\/span><\/strong>Benutzerfreundliche Bedienung mit intuitiven Dashboards und flexiblen Tools aus, die sowohl Business-Anwendern als auch Entwicklern eine einfache Anpassung, Konfiguration und Skalierung erm\u00f6glichen, ohne tiefgehende technische Kenntnisse vorauszusetzen<\/p>\n<p style=\"text-align: left;\"><strong><span style=\"color: #ef6c00;\">gesch\u00e4tzter Aufwand f\u00fcr die Implementierung<br \/>\n<\/span><\/strong>Kleinere Implementierungen mit Standardfunktionen und minimalen Anpassungen k\u00f6nnen in 3 bis 6 Monaten abgeschlossen werden. F\u00fcr gr\u00f6\u00dfere, komplexere Projekte mit stark individualisierten Funktionen, umfangreichen Integrationen in bestehende IT-Systeme und umfangreichen Anpassungen kann der Zeitaufwand jedoch bis zu 12 oder mehr Monate betragen.<\/p>\n<p style=\"text-align: left;\"><strong><span style=\"color: #ef6c00;\">gesch\u00e4tzter Aufwand f\u00fcr den Betrieb<br \/>\n<\/span><\/strong><\/p>\n<ul>\n<li><b>Mittel bis hoch<\/b> f\u00fcr gr\u00f6\u00dfere Unternehmen mit Anpassungen, da sie dedizierte Ressourcen f\u00fcr Inhalte, Integrationen und Support ben\u00f6tigen.<\/li>\n<li>Bei kleineren, weniger komplexen Implementierungen k\u00f6nnen die Managed Services von SAP Commerce Cloud den betrieblichen Aufwand auf einem <b>moderaten<\/b> Niveau halten, mit geringeren Infrastrukturkosten.<\/li>\n<\/ul>\n<p>[\/vc_column_text][\/vc_column][\/vc_row][vc_row full_width=&#8220;stretch_row&#8220; bg_type=&#8220;bg_color&#8220; css=&#8220;.vc_custom_1731333428000{margin-bottom: 50px !important;margin-left: 70px !important;padding-top: 50px !important;padding-bottom: 50px !important;background-color: #ffffff !important;}&#8220; bg_color_value=&#8220;#000000&#8243;][vc_column width=&#8220;1\/3&#8243;][vc_column_text]<\/p>\n<h2 class=\"headline_superbig\"><span style=\"color: #ffffff;\">Best Fit<\/span><\/h2>\n<p>[\/vc_column_text][\/vc_column][vc_column width=&#8220;2\/3&#8243;][vc_column_text]<\/p>\n<h3><span style=\"color: #ffffff;\">SAP Commerce Cloud ist besonders geeignet:<\/span><\/h3>\n<p>&nbsp;<\/p>\n<ul>\n<li><span style=\"color: #ffffff;\">f\u00fcr Unternehmen mit einem<\/span> <span style=\"color: #ef6c00;\">hohen Volumen<\/span> <span style=\"color: #ffffff;\"><span style=\"color: #ef6c00;\">an Kundeninteraktionen<\/span> und Multi-Channel-Vertriebsmodellen (B2C)<\/span><\/li>\n<li><span style=\"color: #ffffff;\">f\u00fcr Branchen wie Industrie und Fertigung, die sich auf<\/span> <span style=\"color: #ef6c00;\">komplexe Bestellprozesse<\/span> <span style=\"color: #ffffff;\">und spezifische Kundenanforderungen (B2B)<\/span><\/li>\n<li><span style=\"color: #ffffff;\">f\u00fcr Firmen mit signifikanten<\/span> <span style=\"color: #ef6c00;\">Abweichungen vom Standard<\/span><\/li>\n<li><span style=\"color: #ffffff;\">f\u00fcr Unternehmen, die <span style=\"color: #ef6c00;\">andere SAP-Produkte<\/span> nutzen und die diese mit ihrem E-Commerce-System integrieren wollen<\/span><\/li>\n<li><span style=\"color: #ffffff;\">f\u00fcr Unternehmen, die<\/span> <span style=\"color: #ef6c00;\">komplexe Produktstrukturen<\/span> <span style=\"color: #ffffff;\">und<\/span> <span style=\"color: #ef6c00;\">umfangreiche Ersatzteilkataloge<\/span> <span style=\"color: #ffffff;\">verwalten m\u00fcssen wie beispielsweise Automobilhersteller<\/span><\/li>\n<li><span style=\"color: #ffffff;\">f\u00fcr<\/span> <span style=\"color: #ef6c00;\">stark regulierte Branchen<\/span> <span style=\"color: #ffffff;\">wie Pharma oder Gesundheitswesen, da spezielle Kunden- und Lieferkettenprozesse unterst\u00fctzt werden<\/span><\/li>\n<li><span style=\"color: #ffffff;\">und dank der flexiblen Omnichannel-Strategie f\u00fcr Unternehmen, die<\/span> <span style=\"color: #ef6c00;\">direkt an Endkunden<\/span> <span style=\"color: #ffffff;\">verkaufen (D2C)<\/span><\/li>\n<\/ul>\n<p>[\/vc_column_text][\/vc_column][\/vc_row][vc_row css=&#8220;.vc_custom_1731599989451{margin-bottom: 100px !important;}&#8220;][vc_column width=&#8220;1\/3&#8243;][\/vc_column][vc_column width=&#8220;2\/3&#8243;][vc_btn title=&#8220;ALLE E-COMMERCE SYSTEME&#8220; align=&#8220;left&#8220; i_icon_fontawesome=&#8220;fas fa-caret-right&#8220; add_icon=&#8220;true&#8220; link=&#8220;url:https%3A%2F%2Fwww.striped-giraffe.com%2Fde%2Ftechnologien%2Fecommerce-systeme%2F|title:E-Commerce-Systeme&#8220;][\/vc_column][\/vc_row][vc_row css=&#8220;.vc_custom_1731599989451{margin-bottom: 100px !important;}&#8220;][vc_column][vc_separator border_width=&#8220;3&#8243;][\/vc_column][\/vc_row][vc_row full_width=&#8220;stretch_row&#8220; css=&#8220;.vc_custom_1706183849370{margin-top: 50px !important;margin-bottom: 50px !important;}&#8220;][vc_column][vc_row_inner][vc_column_inner width=&#8220;1\/3&#8243;][vc_column_text]<\/p>\n<h2 class=\"headline_superbig\">Let&#8217;s talk<\/h2>\n<p>[\/vc_column_text][\/vc_column_inner][vc_column_inner width=&#8220;2\/3&#8243;][vc_column_text]<\/p>\n<h3>Brauchen Sie ein <strong>konkretes Angebot<\/strong> oder suchen Sie einen <strong>Sparringspartner<\/strong>, mit dem sie Ideen diskutieren und entwickeln k\u00f6nnen?<\/h3>\n<h3>Dann melden Sie sich:<\/h3>\n<ul>\n<li><a href=\"mailto:experts@striped-giraffe.com\">experts@striped-giraffe.com<\/a><\/li>\n<li><span style=\"color: #ef6c00;\">+49 (0)89-416 126-667<\/span><\/li>\n<\/ul>\n<p>[\/vc_column_text]<a class=\"calendly\" href=\"\" onclick=\"Calendly.initPopupWidget({url: 'https:\/\/calendly.com\/striped-giraffe\/30min'});return false;\">Termin vereinbaren<\/a>[vc_column_text css=&#8220;.vc_custom_1705936147633{margin-top: 32px !important;}&#8220;]<\/p>\n<h3>Wir unterst\u00fctzen Sie gerne.<\/h3>\n<p>[\/vc_column_text][\/vc_column_inner][\/vc_row_inner][\/vc_column][\/vc_row][vc_row][vc_column][vc_empty_space height=&#8220;100px&#8220;][\/vc_column][\/vc_row]<\/p>\n<\/section>","protected":false},"excerpt":{"rendered":"<p>[vc_row full_width=&#8220;stretch_row&#8220; bg_type=&#8220;image&#8220; parallax_style=&#8220;vcpb-default&#8220; bg_image_new=&#8220;id^38480|url^https:\/\/www.striped-giraffe.com\/wp-content\/uploads\/2024\/11\/Header_Technologies_E-Commerce-1.jpg|caption^e-commerce technologies, PIM\/PCM, marketplaces, payment, omnichannel|alt^e-commerce technologies|title^Image of data processing with credit card and smartphone over [&hellip;]<\/p>\n","protected":false},"author":2,"featured_media":38480,"parent":37882,"menu_order":0,"comment_status":"closed","ping_status":"closed","template":"","meta":{"footnotes":""},"acf":[],"yoast_head":"<!-- This site is optimized with the Yoast SEO Premium plugin v20.5 (Yoast SEO v20.5) - https:\/\/yoast.com\/wordpress\/plugins\/seo\/ -->\n<title>SAP Commerce Cloud - Details - Striped Giraffe<\/title>\n<meta name=\"description\" content=\"Eine der E-Commerce-L\u00f6sungen am Markt, die uns beeindruckt hat, ist Broadleaf. Sie bietet maximale Freiheit.\" \/>\n<meta name=\"robots\" content=\"index, follow, max-snippet:-1, max-image-preview:large, max-video-preview:-1\" \/>\n<link rel=\"canonical\" href=\"https:\/\/www.striped-giraffe.com\/de\/technologien\/ecommerce-systeme\/sap-commerce-cloud\/\" \/>\n<meta property=\"og:locale\" content=\"de_DE\" \/>\n<meta property=\"og:type\" content=\"article\" \/>\n<meta property=\"og:title\" content=\"SAP Commerce Cloud - Details\" \/>\n<meta property=\"og:description\" content=\"Eine der E-Commerce-L\u00f6sungen am Markt, die uns beeindruckt hat, ist Broadleaf. Sie bietet maximale Freiheit.\" \/>\n<meta property=\"og:url\" content=\"https:\/\/www.striped-giraffe.com\/de\/technologien\/ecommerce-systeme\/sap-commerce-cloud\/\" \/>\n<meta property=\"og:site_name\" content=\"Striped Giraffe\" \/>\n<meta property=\"article:modified_time\" content=\"2024-11-28T10:09:26+00:00\" \/>\n<meta property=\"og:image\" content=\"https:\/\/www.striped-giraffe.com\/wp-content\/uploads\/2024\/11\/Header_Technologies_E-Commerce-1.jpg\" \/>\n\t<meta property=\"og:image:width\" content=\"1400\" \/>\n\t<meta property=\"og:image:height\" content=\"900\" \/>\n\t<meta property=\"og:image:type\" content=\"image\/jpeg\" \/>\n<meta name=\"twitter:card\" content=\"summary_large_image\" \/>\n<meta name=\"twitter:label1\" content=\"Gesch\u00e4tzte Lesezeit\" \/>\n\t<meta name=\"twitter:data1\" content=\"3\u00a0Minuten\" \/>\n<script type=\"application\/ld+json\" class=\"yoast-schema-graph\">{\"@context\":\"https:\/\/schema.org\",\"@graph\":[{\"@type\":\"WebPage\",\"@id\":\"https:\/\/www.striped-giraffe.com\/de\/technologien\/ecommerce-systeme\/sap-commerce-cloud\/\",\"url\":\"https:\/\/www.striped-giraffe.com\/de\/technologien\/ecommerce-systeme\/sap-commerce-cloud\/\",\"name\":\"SAP Commerce Cloud - Details - Striped Giraffe\",\"isPartOf\":{\"@id\":\"https:\/\/www.striped-giraffe.com\/de\/#website\"},\"datePublished\":\"2024-09-26T13:27:30+00:00\",\"dateModified\":\"2024-11-28T10:09:26+00:00\",\"description\":\"Eine der E-Commerce-L\u00f6sungen am Markt, die uns beeindruckt hat, ist Broadleaf. Sie bietet maximale Freiheit.\",\"breadcrumb\":{\"@id\":\"https:\/\/www.striped-giraffe.com\/de\/technologien\/ecommerce-systeme\/sap-commerce-cloud\/#breadcrumb\"},\"inLanguage\":\"de\",\"potentialAction\":[{\"@type\":\"ReadAction\",\"target\":[\"https:\/\/www.striped-giraffe.com\/de\/technologien\/ecommerce-systeme\/sap-commerce-cloud\/\"]}]},{\"@type\":\"BreadcrumbList\",\"@id\":\"https:\/\/www.striped-giraffe.com\/de\/technologien\/ecommerce-systeme\/sap-commerce-cloud\/#breadcrumb\",\"itemListElement\":[{\"@type\":\"ListItem\",\"position\":1,\"name\":\"Technologien\",\"item\":\"https:\/\/www.striped-giraffe.com\/de\/technologien\/\"},{\"@type\":\"ListItem\",\"position\":2,\"name\":\"E-Commerce-Systeme\",\"item\":\"https:\/\/www.striped-giraffe.com\/de\/technologien\/ecommerce-systeme\/\"},{\"@type\":\"ListItem\",\"position\":3,\"name\":\"SAP Commerce Cloud &#8211; Details\"}]},{\"@type\":\"WebSite\",\"@id\":\"https:\/\/www.striped-giraffe.com\/de\/#website\",\"url\":\"https:\/\/www.striped-giraffe.com\/de\/\",\"name\":\"Striped Giraffe\",\"description\":\"Ihr zuverl\u00e4ssiger Anbieter f\u00fcr digitale Enterprise-L\u00f6sungen\",\"publisher\":{\"@id\":\"https:\/\/www.striped-giraffe.com\/de\/#organization\"},\"potentialAction\":[{\"@type\":\"SearchAction\",\"target\":{\"@type\":\"EntryPoint\",\"urlTemplate\":\"https:\/\/www.striped-giraffe.com\/de\/?s={search_term_string}\"},\"query-input\":\"required name=search_term_string\"}],\"inLanguage\":\"de\"},{\"@type\":\"Organization\",\"@id\":\"https:\/\/www.striped-giraffe.com\/de\/#organization\",\"name\":\"Striped Giraffe\",\"url\":\"https:\/\/www.striped-giraffe.com\/de\/\",\"logo\":{\"@type\":\"ImageObject\",\"inLanguage\":\"de\",\"@id\":\"https:\/\/www.striped-giraffe.com\/de\/#\/schema\/logo\/image\/\",\"url\":\"https:\/\/www.striped-giraffe.com\/wp-content\/uploads\/2021\/01\/giraffe_white.svg\",\"contentUrl\":\"https:\/\/www.striped-giraffe.com\/wp-content\/uploads\/2021\/01\/giraffe_white.svg\",\"caption\":\"Striped Giraffe\"},\"image\":{\"@id\":\"https:\/\/www.striped-giraffe.com\/de\/#\/schema\/logo\/image\/\"}}]}<\/script>\n<!-- \/ Yoast SEO Premium plugin. -->","yoast_head_json":{"title":"SAP Commerce Cloud - Details - Striped Giraffe","description":"Eine der E-Commerce-L\u00f6sungen am Markt, die uns beeindruckt hat, ist Broadleaf. Sie bietet maximale Freiheit.","robots":{"index":"index","follow":"follow","max-snippet":"max-snippet:-1","max-image-preview":"max-image-preview:large","max-video-preview":"max-video-preview:-1"},"canonical":"https:\/\/www.striped-giraffe.com\/de\/technologien\/ecommerce-systeme\/sap-commerce-cloud\/","og_locale":"de_DE","og_type":"article","og_title":"SAP Commerce Cloud - Details","og_description":"Eine der E-Commerce-L\u00f6sungen am Markt, die uns beeindruckt hat, ist Broadleaf. Sie bietet maximale Freiheit.","og_url":"https:\/\/www.striped-giraffe.com\/de\/technologien\/ecommerce-systeme\/sap-commerce-cloud\/","og_site_name":"Striped Giraffe","article_modified_time":"2024-11-28T10:09:26+00:00","og_image":[{"width":1400,"height":900,"url":"https:\/\/www.striped-giraffe.com\/wp-content\/uploads\/2024\/11\/Header_Technologies_E-Commerce-1.jpg","type":"image\/jpeg"}],"twitter_card":"summary_large_image","twitter_misc":{"Gesch\u00e4tzte Lesezeit":"3\u00a0Minuten"},"schema":{"@context":"https:\/\/schema.org","@graph":[{"@type":"WebPage","@id":"https:\/\/www.striped-giraffe.com\/de\/technologien\/ecommerce-systeme\/sap-commerce-cloud\/","url":"https:\/\/www.striped-giraffe.com\/de\/technologien\/ecommerce-systeme\/sap-commerce-cloud\/","name":"SAP Commerce Cloud - Details - Striped Giraffe","isPartOf":{"@id":"https:\/\/www.striped-giraffe.com\/de\/#website"},"datePublished":"2024-09-26T13:27:30+00:00","dateModified":"2024-11-28T10:09:26+00:00","description":"Eine der E-Commerce-L\u00f6sungen am Markt, die uns beeindruckt hat, ist Broadleaf. Sie bietet maximale Freiheit.","breadcrumb":{"@id":"https:\/\/www.striped-giraffe.com\/de\/technologien\/ecommerce-systeme\/sap-commerce-cloud\/#breadcrumb"},"inLanguage":"de","potentialAction":[{"@type":"ReadAction","target":["https:\/\/www.striped-giraffe.com\/de\/technologien\/ecommerce-systeme\/sap-commerce-cloud\/"]}]},{"@type":"BreadcrumbList","@id":"https:\/\/www.striped-giraffe.com\/de\/technologien\/ecommerce-systeme\/sap-commerce-cloud\/#breadcrumb","itemListElement":[{"@type":"ListItem","position":1,"name":"Technologien","item":"https:\/\/www.striped-giraffe.com\/de\/technologien\/"},{"@type":"ListItem","position":2,"name":"E-Commerce-Systeme","item":"https:\/\/www.striped-giraffe.com\/de\/technologien\/ecommerce-systeme\/"},{"@type":"ListItem","position":3,"name":"SAP Commerce Cloud &#8211; Details"}]},{"@type":"WebSite","@id":"https:\/\/www.striped-giraffe.com\/de\/#website","url":"https:\/\/www.striped-giraffe.com\/de\/","name":"Striped Giraffe","description":"Ihr zuverl\u00e4ssiger Anbieter f\u00fcr digitale Enterprise-L\u00f6sungen","publisher":{"@id":"https:\/\/www.striped-giraffe.com\/de\/#organization"},"potentialAction":[{"@type":"SearchAction","target":{"@type":"EntryPoint","urlTemplate":"https:\/\/www.striped-giraffe.com\/de\/?s={search_term_string}"},"query-input":"required name=search_term_string"}],"inLanguage":"de"},{"@type":"Organization","@id":"https:\/\/www.striped-giraffe.com\/de\/#organization","name":"Striped Giraffe","url":"https:\/\/www.striped-giraffe.com\/de\/","logo":{"@type":"ImageObject","inLanguage":"de","@id":"https:\/\/www.striped-giraffe.com\/de\/#\/schema\/logo\/image\/","url":"https:\/\/www.striped-giraffe.com\/wp-content\/uploads\/2021\/01\/giraffe_white.svg","contentUrl":"https:\/\/www.striped-giraffe.com\/wp-content\/uploads\/2021\/01\/giraffe_white.svg","caption":"Striped Giraffe"},"image":{"@id":"https:\/\/www.striped-giraffe.com\/de\/#\/schema\/logo\/image\/"}}]}},"_links":{"self":[{"href":"https:\/\/www.striped-giraffe.com\/de\/wp-json\/wp\/v2\/pages\/37805"}],"collection":[{"href":"https:\/\/www.striped-giraffe.com\/de\/wp-json\/wp\/v2\/pages"}],"about":[{"href":"https:\/\/www.striped-giraffe.com\/de\/wp-json\/wp\/v2\/types\/page"}],"author":[{"embeddable":true,"href":"https:\/\/www.striped-giraffe.com\/de\/wp-json\/wp\/v2\/users\/2"}],"replies":[{"embeddable":true,"href":"https:\/\/www.striped-giraffe.com\/de\/wp-json\/wp\/v2\/comments?post=37805"}],"version-history":[{"count":20,"href":"https:\/\/www.striped-giraffe.com\/de\/wp-json\/wp\/v2\/pages\/37805\/revisions"}],"predecessor-version":[{"id":38940,"href":"https:\/\/www.striped-giraffe.com\/de\/wp-json\/wp\/v2\/pages\/37805\/revisions\/38940"}],"up":[{"embeddable":true,"href":"https:\/\/www.striped-giraffe.com\/de\/wp-json\/wp\/v2\/pages\/37882"}],"wp:featuredmedia":[{"embeddable":true,"href":"https:\/\/www.striped-giraffe.com\/de\/wp-json\/wp\/v2\/media\/38480"}],"wp:attachment":[{"href":"https:\/\/www.striped-giraffe.com\/de\/wp-json\/wp\/v2\/media?parent=37805"}],"curies":[{"name":"wp","href":"https:\/\/api.w.org\/{rel}","templated":true}]}}