{"id":37882,"date":"2024-09-30T16:59:33","date_gmt":"2024-09-30T14:59:33","guid":{"rendered":"https:\/\/www.striped-giraffe.com\/collaboration\/partner\/sap-beispiel-technologie-copy\/"},"modified":"2026-01-26T14:59:30","modified_gmt":"2026-01-26T13:59:30","slug":"ecommerce-systeme","status":"publish","type":"page","link":"https:\/\/www.striped-giraffe.com\/de\/technologien\/ecommerce-systeme\/","title":{"rendered":"E-Commerce-Systeme"},"content":{"rendered":"<section class=\"wpb-content-wrapper\"><p>[vc_row full_width=&#8220;stretch_row&#8220; bg_type=&#8220;image&#8220; parallax_style=&#8220;vcpb-default&#8220; bg_image_new=&#8220;id^38480|url^https:\/\/www.striped-giraffe.com\/wp-content\/uploads\/2024\/11\/Header_Technologies_E-Commerce-1.jpg|caption^e-commerce technologies, PIM\/PCM, marketplaces, payment, omnichannel|alt^e-commerce technologies|title^Image of data processing with credit card and smartphone over li|description^e-commerce technologies, PIM\/PCM, marketplaces, payment, omnichannel&#8220; css=&#8220;.vc_custom_1730734758589{margin-bottom: 50px !important;padding-top: 200px !important;padding-bottom: 200px !important;background-position: center !important;background-repeat: no-repeat !important;background-size: cover !important;}&#8220;][vc_column][vc_column_text]<\/p>\n<h1><span style=\"color: #ffffff;\">E-Commerce-<br \/>\nSysteme<\/span><\/h1>\n<p>[\/vc_column_text][\/vc_column][\/vc_row][vc_row gap=&#8220;35&#8243; el_class=&#8220;closetotop&#8220; css=&#8220;.vc_custom_1727357514292{padding-top: 50px !important;padding-bottom: 50px !important;background-color: #ffffff !important;}&#8220;][vc_column][vc_column_text]<\/p>\n<h2 class=\"headline_introduction\" style=\"text-align: center;\">E-Commerce-Systeme erm\u00f6glichen Onlinehandel, verwalten Integrationen, personalisieren Kundenerfahrungen, skalieren Abl\u00e4ufe und unterst\u00fctzen Omnichannel-Commerce-L\u00f6sungen.<\/h2>\n<p>[\/vc_column_text][\/vc_column][\/vc_row][vc_row gap=&#8220;35&#8243; css=&#8220;.vc_custom_1727365832572{margin-bottom: 50px !important;background-color: #ffffff !important;}&#8220;][vc_column width=&#8220;1\/3&#8243;][vc_column_text]<\/p>\n<h2 class=\"headline_superbig\">Was wir<br \/>\nbieten<\/h2>\n<p>[\/vc_column_text][\/vc_column][vc_column width=&#8220;2\/3&#8243;][vc_column_text]Im Wesentlichen dienen E-Commerce-Systeme dazu, Kundeninteraktionen \u00fcber verschiedene digitale Kan\u00e4le zu erm\u00f6glichen und zu optimieren. Dabei gibt es nicht <strong>DIE<\/strong> eine richtige L\u00f6sung. Denn die Ziele und Anforderungen sind in jedem Unternehmen unterschiedlich.<\/p>\n<p>Wir konzentrieren und daher auf die Frage: <strong>Welche Technologie ist die BESTE f\u00fcr IHR Unternehmen?<\/strong><\/p>\n<p>Dabei ber\u00fccksichtigen wir die Business-Anforderungen sowie Ihre IT-Landschaft. Insgesamt sollte eine E-Commerce-Technologie folgende Kernaufgaben erf\u00fcllen:<\/p>\n<ul>\n<li>Aufbau und Betrieb von Onlineshops und Marktpl\u00e4tzen<\/li>\n<li>Pr\u00e4sentation der Produkte und ihrer Verwaltung (PIM\/PCM)<\/li>\n<li>Bestellabwicklung<\/li>\n<li>Zahlungsprozesse (Paymentl\u00f6sung)<\/li>\n<li>Kundenservice<\/li>\n<li>Integration mit Social Media und anderen Kan\u00e4len<\/li>\n<\/ul>\n<p>[\/vc_column_text][\/vc_column][\/vc_row][vc_row gap=&#8220;35&#8243; css=&#8220;.vc_custom_1730715120127{background-color: #ffffff !important;}&#8220;][vc_column width=&#8220;1\/3&#8243;][vc_column_text]<\/p>\n<h2 class=\"headline_superbig\">Unsere<br \/>\nTechnologien<\/h2>\n<p>[\/vc_column_text][\/vc_column][vc_column width=&#8220;2\/3&#8243;][vc_column_text]<\/p>\n<h2>E-Commerce<\/h2>\n<p>Zur Unterst\u00fctzung der E-Commerce-, Marketing- und IT-Verantwortlichen vieler namhafter Unternehmen arbeiten wir mit Experten zusammen, die folgende Systeme beherrschen:[\/vc_column_text][\/vc_column][\/vc_row][vc_row gap=&#8220;35&#8243; css=&#8220;.vc_custom_1730715088860{background-color: #ffffff !important;}&#8220;][vc_column width=&#8220;2\/6&#8243;][\/vc_column][vc_column width=&#8220;1\/6&#8243;][vc_single_image image=&#8220;38461&#8243; img_size=&#8220;medium&#8220; alignment=&#8220;center&#8220; onclick=&#8220;custom_link&#8220; link=&#8220;https:\/\/www.striped-giraffe.com\/de\/technologien\/ecommerce-systeme\/sap-commerce-cloud\/&#8220;][\/vc_column][vc_column width=&#8220;1\/6&#8243;][vc_single_image image=&#8220;38463&#8243; img_size=&#8220;medium&#8220; alignment=&#8220;center&#8220; onclick=&#8220;custom_link&#8220; link=&#8220;https:\/\/www.striped-giraffe.com\/de\/technologien\/ecommerce-systeme\/commercetools\/&#8220;][\/vc_column][vc_column width=&#8220;1\/6&#8243;][vc_single_image image=&#8220;38465&#8243; img_size=&#8220;medium&#8220; alignment=&#8220;center&#8220; onclick=&#8220;custom_link&#8220; link=&#8220;https:\/\/www.striped-giraffe.com\/de\/technologien\/ecommerce-systeme\/broadleaf-commerce\/&#8220;][\/vc_column][vc_column width=&#8220;1\/6&#8243;][vc_single_image image=&#8220;38467&#8243; img_size=&#8220;medium&#8220; alignment=&#8220;center&#8220; onclick=&#8220;custom_link&#8220; link=&#8220;https:\/\/www.striped-giraffe.com\/de\/technologien\/ecommerce-systeme\/vtex\/&#8220;][\/vc_column][\/vc_row][vc_row gap=&#8220;35&#8243; css=&#8220;.vc_custom_1730715081286{margin-bottom: 100px !important;background-color: #ffffff !important;}&#8220;][vc_column width=&#8220;2\/6&#8243;][\/vc_column][vc_column width=&#8220;1\/6&#8243;][vc_single_image image=&#8220;38469&#8243; img_size=&#8220;medium&#8220; alignment=&#8220;center&#8220;][\/vc_column][vc_column width=&#8220;1\/6&#8243;][vc_single_image image=&#8220;38471&#8243; img_size=&#8220;medium&#8220; alignment=&#8220;center&#8220;][\/vc_column][vc_column width=&#8220;1\/6&#8243;][\/vc_column][vc_column width=&#8220;1\/6&#8243;][\/vc_column][\/vc_row][vc_row gap=&#8220;35&#8243; css=&#8220;.vc_custom_1745854768450{background-color: #ffffff !important;}&#8220;][vc_column width=&#8220;1\/3&#8243;][\/vc_column][vc_column width=&#8220;2\/3&#8243;][vc_column_text]<\/p>\n<h2>Middle\/Integration Layer<\/h2>\n<p class=\"p1\">Als zentrales Element API-first-basierter Architekturen erm\u00f6glicht der Middle oder Integration Layer eine klar definierte Schnittstellenlogik zwischen Frontend und Backend. Er abstrahiert komplexe Systemlandschaften und stellt standardisierte, konsistente APIs bereit, die Entwicklungsgeschwindigkeit, Skalierbarkeit und Systemunabh\u00e4ngigkeit signifikant erh\u00f6hen. Viele E-Commerce-Plattformen bieten bereits einen integrierte Middle Layer an. Alternativ bieten spezialisierte Anbieter dedizierte L\u00f6sungen \u2013 oder man l\u00e4sst sich den Middle Layer individuell entwickeln.<\/p>\n<p>[\/vc_column_text][\/vc_column][\/vc_row][vc_row gap=&#8220;35&#8243; css=&#8220;.vc_custom_1730715081286{margin-bottom: 100px !important;background-color: #ffffff !important;}&#8220;][vc_column width=&#8220;2\/6&#8243;][\/vc_column][vc_column width=&#8220;1\/6&#8243;][vc_single_image image=&#8220;39853&#8243; img_size=&#8220;medium&#8220; alignment=&#8220;center&#8220; onclick=&#8220;custom_link&#8220; link=&#8220;https:\/\/www.striped-giraffe.com\/de\/technologien\/ecommerce-systeme\/alokai\/&#8220;][\/vc_column][vc_column width=&#8220;1\/6&#8243;][\/vc_column][vc_column width=&#8220;1\/6&#8243;][\/vc_column][vc_column width=&#8220;1\/6&#8243;][\/vc_column][\/vc_row][vc_row gap=&#8220;35&#8243; css=&#8220;.vc_custom_1730715120127{background-color: #ffffff !important;}&#8220;][vc_column width=&#8220;1\/3&#8243;][\/vc_column][vc_column width=&#8220;2\/3&#8243;][vc_column_text]<\/p>\n<h2>PIM\/PCM<\/h2>\n<p><a href=\"https:\/\/www.striped-giraffe.com\/de\/expertise\/e-commerce\/pim\/\">PIM (Product Information Management)<\/a> bzw. PCM unterst\u00fctzt Omnichannel-Commerce, indem es alle relevanten Produktdaten zentral b\u00fcndelt und gleichzeitig konsistent \u00fcber verschiedene Kan\u00e4le wie E-Commerce-Websites, mobile Apps, Marktpl\u00e4tze und Social Media-Plattformen bereitstellt.<\/p>\n<p>Durch die Echtzeit-Synchronisation von \u00c4nderungen k\u00f6nnen Unternehmen sicherstellen, dass ihre Kunden \u00fcberall auf aktuelle und korrekte Produktinformationen zugreifen k\u00f6nnen. Manuelle Dateneingabe und Fehleranf\u00e4lligkeit werden minimiert.[\/vc_column_text][\/vc_column][\/vc_row][vc_row gap=&#8220;35&#8243; css=&#8220;.vc_custom_1730715081286{margin-bottom: 100px !important;background-color: #ffffff !important;}&#8220;][vc_column width=&#8220;2\/6&#8243;][\/vc_column][vc_column width=&#8220;1\/6&#8243;][vc_single_image image=&#8220;38473&#8243; img_size=&#8220;medium&#8220; alignment=&#8220;center&#8220;][\/vc_column][vc_column width=&#8220;1\/6&#8243;][vc_single_image image=&#8220;38319&#8243; img_size=&#8220;medium&#8220; alignment=&#8220;center&#8220;][\/vc_column][vc_column width=&#8220;1\/6&#8243;][\/vc_column][vc_column width=&#8220;1\/6&#8243;][\/vc_column][\/vc_row][vc_row full_width=&#8220;stretch_row&#8220; gap=&#8220;35&#8243; bg_type=&#8220;bg_color&#8220; css=&#8220;.vc_custom_1729503505109{margin-bottom: 50px !important;padding-top: 50px !important;padding-bottom: 50px !important;background-color: #ffffff !important;}&#8220; bg_color_value=&#8220;#000000&#8243;][vc_column width=&#8220;1\/3&#8243;][\/vc_column][vc_column width=&#8220;2\/3&#8243;][vc_column_text]<span style=\"color: #ffffff;\">Auf unserer Website finden Sie auch allgemeine Informationen zu <a style=\"color: #ffffff;\" href=\"https:\/\/www.striped-giraffe.com\/de\/expertise\/e-commerce\/technologie\/\">E-Commerce-Technologien<\/a> und <a style=\"color: #ffffff;\" href=\"https:\/\/www.striped-giraffe.com\/de\/expertise\/e-commerce\/ecommerce-architektur\/\">E-Commerce-Architektur<\/a>.<\/span><\/p>\n<p><span style=\"color: #ffffff;\">Neben den erw\u00e4hnten Systemen k\u00f6nnen wir Sie auch in den Bereichen <a style=\"color: #ffffff;\" href=\"https:\/\/www.striped-giraffe.com\/de\/expertise\/datenmanagement\/business_intelligence\/\">Datenanalyse<\/a> und Consent-Management technisch unterst\u00fctzen.<\/span><\/p>\n<p><span style=\"color: #ffffff;\">Ist Ihre L\u00f6sung nicht dabei? Sprechen Sie uns an und wir kl\u00e4ren gemeinsam, wer Ihnen aus unserem Haus oder unserem Experten-Netzwerk weiterhelfen kann.<\/span>[\/vc_column_text][\/vc_column][\/vc_row][vc_row full_width=&#8220;stretch_row&#8220; css=&#8220;.vc_custom_1706183849370{margin-top: 50px !important;margin-bottom: 50px !important;}&#8220;][vc_column][vc_row_inner][vc_column_inner width=&#8220;1\/3&#8243;][vc_column_text]<\/p>\n<h2 class=\"headline_superbig\">Let&#8217;s talk<\/h2>\n<p>[\/vc_column_text][\/vc_column_inner][vc_column_inner width=&#8220;2\/3&#8243;][vc_column_text]<\/p>\n<h3>Brauchen Sie ein <strong>konkretes Angebot<\/strong> oder suchen Sie einen <strong>Sparringspartner<\/strong>, mit dem sie Ideen diskutieren und entwickeln k\u00f6nnen?<\/h3>\n<h3>Dann melden Sie sich:<\/h3>\n<ul>\n<li><a href=\"mailto:experts@striped-giraffe.com\">experts@striped-giraffe.com<\/a><\/li>\n<li><span style=\"color: #ef6c00;\">+49 (0)89-416 126-667<\/span><\/li>\n<\/ul>\n<p>[\/vc_column_text]<a class=\"calendly\" href=\"\" onclick=\"Calendly.initPopupWidget({url: 'https:\/\/calendly.com\/striped-giraffe\/30min'});return false;\">Termin vereinbaren<\/a>[vc_column_text css=&#8220;.vc_custom_1705936147633{margin-top: 32px !important;}&#8220;]<\/p>\n<h3>Wir unterst\u00fctzen Sie gerne.<\/h3>\n<p>[\/vc_column_text][\/vc_column_inner][\/vc_row_inner][\/vc_column][\/vc_row][vc_row][vc_column][vc_empty_space height=&#8220;100px&#8220;][\/vc_column][\/vc_row]<\/p>\n<\/section>","protected":false},"excerpt":{"rendered":"<p>[vc_row full_width=&#8220;stretch_row&#8220; bg_type=&#8220;image&#8220; parallax_style=&#8220;vcpb-default&#8220; bg_image_new=&#8220;id^38480|url^https:\/\/www.striped-giraffe.com\/wp-content\/uploads\/2024\/11\/Header_Technologies_E-Commerce-1.jpg|caption^e-commerce technologies, PIM\/PCM, marketplaces, payment, omnichannel|alt^e-commerce technologies|title^Image of data processing with credit card and smartphone over [&hellip;]<\/p>\n","protected":false},"author":2,"featured_media":38480,"parent":38421,"menu_order":0,"comment_status":"closed","ping_status":"closed","template":"","meta":{"footnotes":""},"acf":[],"yoast_head":"<!-- This site is optimized with the Yoast SEO Premium plugin v20.5 (Yoast SEO v20.5) - https:\/\/yoast.com\/wordpress\/plugins\/seo\/ -->\n<title>E-Commerce-Systeme - Striped Giraffe<\/title>\n<meta name=\"description\" content=\"Im Wesentlichen dienen E-Commerce-Systeme dazu, Kundeninteraktionen \u00fcber verschiedene digitale Kan\u00e4le zu erm\u00f6glichen und zu optimieren.\" \/>\n<meta name=\"robots\" content=\"index, follow, max-snippet:-1, max-image-preview:large, max-video-preview:-1\" \/>\n<link rel=\"canonical\" href=\"https:\/\/www.striped-giraffe.com\/de\/technologien\/ecommerce-systeme\/\" \/>\n<meta property=\"og:locale\" content=\"de_DE\" \/>\n<meta property=\"og:type\" content=\"article\" \/>\n<meta property=\"og:title\" content=\"E-Commerce-Systeme\" \/>\n<meta property=\"og:description\" content=\"Im Wesentlichen dienen E-Commerce-Systeme dazu, Kundeninteraktionen \u00fcber verschiedene digitale Kan\u00e4le zu erm\u00f6glichen und zu optimieren.\" \/>\n<meta property=\"og:url\" content=\"https:\/\/www.striped-giraffe.com\/de\/technologien\/ecommerce-systeme\/\" \/>\n<meta property=\"og:site_name\" content=\"Striped Giraffe\" \/>\n<meta property=\"article:modified_time\" content=\"2026-01-26T13:59:30+00:00\" \/>\n<meta property=\"og:image\" content=\"https:\/\/www.striped-giraffe.com\/wp-content\/uploads\/2024\/11\/Header_Technologies_E-Commerce-1.jpg\" \/>\n\t<meta property=\"og:image:width\" content=\"1400\" \/>\n\t<meta property=\"og:image:height\" content=\"900\" \/>\n\t<meta property=\"og:image:type\" content=\"image\/jpeg\" \/>\n<meta name=\"twitter:card\" content=\"summary_large_image\" \/>\n<meta name=\"twitter:label1\" content=\"Gesch\u00e4tzte Lesezeit\" \/>\n\t<meta name=\"twitter:data1\" content=\"3\u00a0Minuten\" \/>\n<script type=\"application\/ld+json\" class=\"yoast-schema-graph\">{\"@context\":\"https:\/\/schema.org\",\"@graph\":[{\"@type\":\"WebPage\",\"@id\":\"https:\/\/www.striped-giraffe.com\/de\/technologien\/ecommerce-systeme\/\",\"url\":\"https:\/\/www.striped-giraffe.com\/de\/technologien\/ecommerce-systeme\/\",\"name\":\"E-Commerce-Systeme - Striped Giraffe\",\"isPartOf\":{\"@id\":\"https:\/\/www.striped-giraffe.com\/de\/#website\"},\"datePublished\":\"2024-09-30T14:59:33+00:00\",\"dateModified\":\"2026-01-26T13:59:30+00:00\",\"description\":\"Im Wesentlichen dienen E-Commerce-Systeme dazu, Kundeninteraktionen \u00fcber verschiedene digitale Kan\u00e4le zu erm\u00f6glichen und zu optimieren.\",\"breadcrumb\":{\"@id\":\"https:\/\/www.striped-giraffe.com\/de\/technologien\/ecommerce-systeme\/#breadcrumb\"},\"inLanguage\":\"de\",\"potentialAction\":[{\"@type\":\"ReadAction\",\"target\":[\"https:\/\/www.striped-giraffe.com\/de\/technologien\/ecommerce-systeme\/\"]}]},{\"@type\":\"BreadcrumbList\",\"@id\":\"https:\/\/www.striped-giraffe.com\/de\/technologien\/ecommerce-systeme\/#breadcrumb\",\"itemListElement\":[{\"@type\":\"ListItem\",\"position\":1,\"name\":\"Technologien\",\"item\":\"https:\/\/www.striped-giraffe.com\/de\/technologien\/\"},{\"@type\":\"ListItem\",\"position\":2,\"name\":\"E-Commerce-Systeme\"}]},{\"@type\":\"WebSite\",\"@id\":\"https:\/\/www.striped-giraffe.com\/de\/#website\",\"url\":\"https:\/\/www.striped-giraffe.com\/de\/\",\"name\":\"Striped Giraffe\",\"description\":\"Ihr zuverl\u00e4ssiger Anbieter f\u00fcr digitale Enterprise-L\u00f6sungen\",\"publisher\":{\"@id\":\"https:\/\/www.striped-giraffe.com\/de\/#organization\"},\"potentialAction\":[{\"@type\":\"SearchAction\",\"target\":{\"@type\":\"EntryPoint\",\"urlTemplate\":\"https:\/\/www.striped-giraffe.com\/de\/?s={search_term_string}\"},\"query-input\":\"required name=search_term_string\"}],\"inLanguage\":\"de\"},{\"@type\":\"Organization\",\"@id\":\"https:\/\/www.striped-giraffe.com\/de\/#organization\",\"name\":\"Striped Giraffe\",\"url\":\"https:\/\/www.striped-giraffe.com\/de\/\",\"logo\":{\"@type\":\"ImageObject\",\"inLanguage\":\"de\",\"@id\":\"https:\/\/www.striped-giraffe.com\/de\/#\/schema\/logo\/image\/\",\"url\":\"https:\/\/www.striped-giraffe.com\/wp-content\/uploads\/2021\/01\/giraffe_white.svg\",\"contentUrl\":\"https:\/\/www.striped-giraffe.com\/wp-content\/uploads\/2021\/01\/giraffe_white.svg\",\"caption\":\"Striped Giraffe\"},\"image\":{\"@id\":\"https:\/\/www.striped-giraffe.com\/de\/#\/schema\/logo\/image\/\"}}]}<\/script>\n<!-- \/ Yoast SEO Premium plugin. -->","yoast_head_json":{"title":"E-Commerce-Systeme - Striped Giraffe","description":"Im Wesentlichen dienen E-Commerce-Systeme dazu, Kundeninteraktionen \u00fcber verschiedene digitale Kan\u00e4le zu erm\u00f6glichen und zu optimieren.","robots":{"index":"index","follow":"follow","max-snippet":"max-snippet:-1","max-image-preview":"max-image-preview:large","max-video-preview":"max-video-preview:-1"},"canonical":"https:\/\/www.striped-giraffe.com\/de\/technologien\/ecommerce-systeme\/","og_locale":"de_DE","og_type":"article","og_title":"E-Commerce-Systeme","og_description":"Im Wesentlichen dienen E-Commerce-Systeme dazu, Kundeninteraktionen \u00fcber verschiedene digitale Kan\u00e4le zu erm\u00f6glichen und zu optimieren.","og_url":"https:\/\/www.striped-giraffe.com\/de\/technologien\/ecommerce-systeme\/","og_site_name":"Striped Giraffe","article_modified_time":"2026-01-26T13:59:30+00:00","og_image":[{"width":1400,"height":900,"url":"https:\/\/www.striped-giraffe.com\/wp-content\/uploads\/2024\/11\/Header_Technologies_E-Commerce-1.jpg","type":"image\/jpeg"}],"twitter_card":"summary_large_image","twitter_misc":{"Gesch\u00e4tzte Lesezeit":"3\u00a0Minuten"},"schema":{"@context":"https:\/\/schema.org","@graph":[{"@type":"WebPage","@id":"https:\/\/www.striped-giraffe.com\/de\/technologien\/ecommerce-systeme\/","url":"https:\/\/www.striped-giraffe.com\/de\/technologien\/ecommerce-systeme\/","name":"E-Commerce-Systeme - Striped Giraffe","isPartOf":{"@id":"https:\/\/www.striped-giraffe.com\/de\/#website"},"datePublished":"2024-09-30T14:59:33+00:00","dateModified":"2026-01-26T13:59:30+00:00","description":"Im Wesentlichen dienen E-Commerce-Systeme dazu, Kundeninteraktionen \u00fcber verschiedene digitale Kan\u00e4le zu erm\u00f6glichen und zu optimieren.","breadcrumb":{"@id":"https:\/\/www.striped-giraffe.com\/de\/technologien\/ecommerce-systeme\/#breadcrumb"},"inLanguage":"de","potentialAction":[{"@type":"ReadAction","target":["https:\/\/www.striped-giraffe.com\/de\/technologien\/ecommerce-systeme\/"]}]},{"@type":"BreadcrumbList","@id":"https:\/\/www.striped-giraffe.com\/de\/technologien\/ecommerce-systeme\/#breadcrumb","itemListElement":[{"@type":"ListItem","position":1,"name":"Technologien","item":"https:\/\/www.striped-giraffe.com\/de\/technologien\/"},{"@type":"ListItem","position":2,"name":"E-Commerce-Systeme"}]},{"@type":"WebSite","@id":"https:\/\/www.striped-giraffe.com\/de\/#website","url":"https:\/\/www.striped-giraffe.com\/de\/","name":"Striped Giraffe","description":"Ihr zuverl\u00e4ssiger Anbieter f\u00fcr digitale Enterprise-L\u00f6sungen","publisher":{"@id":"https:\/\/www.striped-giraffe.com\/de\/#organization"},"potentialAction":[{"@type":"SearchAction","target":{"@type":"EntryPoint","urlTemplate":"https:\/\/www.striped-giraffe.com\/de\/?s={search_term_string}"},"query-input":"required name=search_term_string"}],"inLanguage":"de"},{"@type":"Organization","@id":"https:\/\/www.striped-giraffe.com\/de\/#organization","name":"Striped Giraffe","url":"https:\/\/www.striped-giraffe.com\/de\/","logo":{"@type":"ImageObject","inLanguage":"de","@id":"https:\/\/www.striped-giraffe.com\/de\/#\/schema\/logo\/image\/","url":"https:\/\/www.striped-giraffe.com\/wp-content\/uploads\/2021\/01\/giraffe_white.svg","contentUrl":"https:\/\/www.striped-giraffe.com\/wp-content\/uploads\/2021\/01\/giraffe_white.svg","caption":"Striped Giraffe"},"image":{"@id":"https:\/\/www.striped-giraffe.com\/de\/#\/schema\/logo\/image\/"}}]}},"_links":{"self":[{"href":"https:\/\/www.striped-giraffe.com\/de\/wp-json\/wp\/v2\/pages\/37882"}],"collection":[{"href":"https:\/\/www.striped-giraffe.com\/de\/wp-json\/wp\/v2\/pages"}],"about":[{"href":"https:\/\/www.striped-giraffe.com\/de\/wp-json\/wp\/v2\/types\/page"}],"author":[{"embeddable":true,"href":"https:\/\/www.striped-giraffe.com\/de\/wp-json\/wp\/v2\/users\/2"}],"replies":[{"embeddable":true,"href":"https:\/\/www.striped-giraffe.com\/de\/wp-json\/wp\/v2\/comments?post=37882"}],"version-history":[{"count":19,"href":"https:\/\/www.striped-giraffe.com\/de\/wp-json\/wp\/v2\/pages\/37882\/revisions"}],"predecessor-version":[{"id":42444,"href":"https:\/\/www.striped-giraffe.com\/de\/wp-json\/wp\/v2\/pages\/37882\/revisions\/42444"}],"up":[{"embeddable":true,"href":"https:\/\/www.striped-giraffe.com\/de\/wp-json\/wp\/v2\/pages\/38421"}],"wp:featuredmedia":[{"embeddable":true,"href":"https:\/\/www.striped-giraffe.com\/de\/wp-json\/wp\/v2\/media\/38480"}],"wp:attachment":[{"href":"https:\/\/www.striped-giraffe.com\/de\/wp-json\/wp\/v2\/media?parent=37882"}],"curies":[{"name":"wp","href":"https:\/\/api.w.org\/{rel}","templated":true}]}}