{"id":37971,"date":"2024-10-07T11:30:16","date_gmt":"2024-10-07T09:30:16","guid":{"rendered":"https:\/\/www.striped-giraffe.com\/expertise\/e-commerce\/nachhaltiger-ecommerce-copy\/"},"modified":"2024-11-07T11:21:39","modified_gmt":"2024-11-07T10:21:39","slug":"low-code","status":"publish","type":"page","link":"https:\/\/www.striped-giraffe.com\/de\/expertise\/low-code\/","title":{"rendered":"Low-Code"},"content":{"rendered":"<section class=\"wpb-content-wrapper\"><p>[vc_row full_width=&#8220;stretch_row&#8220; full_height=&#8220;yes&#8220; bg_type=&#8220;image&#8220; parallax_style=&#8220;vcpb-default&#8220; bg_image_new=&#8220;id^38529|url^https:\/\/www.striped-giraffe.com\/wp-content\/uploads\/2024\/11\/Header_Expertise_Low-Code.jpg|caption^low code, no code|alt^low code|title^low-code|description^low code, no code&#8220; css=&#8220;.vc_custom_1730974612074{margin-bottom: 50px !important;}&#8220;][vc_column][vc_column_text]<\/p>\n<h1><span style=\"color: #ffffff;\">Low-Code<\/span><\/h1>\n<p>[\/vc_column_text][\/vc_column][\/vc_row][vc_row bg_type=&#8220;bg_color&#8220; el_class=&#8220;closetotop&#8220; bg_color_value=&#8220;#ffffff&#8220; css=&#8220;.vc_custom_1698932693077{padding-top: 50px !important;padding-bottom: 50px !important;}&#8220;][vc_column][vc_column_text]<\/p>\n<h2 class=\"headline_introduction\" style=\"text-align: center;\">Mit Low-Code lassen sich Anwendungen mithilfe visueller Tools entwickeln \u2013 ohne dass tiefgreifende Programmierkenntnisse ben\u00f6tigt werden.<\/h2>\n<p>[\/vc_column_text][\/vc_column][\/vc_row][vc_row gap=&#8220;35&#8243; css=&#8220;.vc_custom_1694428222887{margin-bottom: 50px !important;}&#8220;][vc_column width=&#8220;1\/3&#8243;][vc_column_text]<\/p>\n<h2 class=\"headline_superbig\">Benefits<\/h2>\n<p>[\/vc_column_text][\/vc_column][vc_column width=&#8220;2\/3&#8243;][vc_column_text]Low-Code-Plattformen bieten eine Vielzahl von Vorteilen, insbesondere f\u00fcr Unternehmen, die ihre Entwicklungsprozesse optimieren m\u00f6chten, ohne \u00fcber umfangreiche Programmierkenntnisse verf\u00fcgen zu m\u00fcssen. Hier sind die wichtigsten Vorteile:<\/p>\n<h3>Schnellere Entwicklung und Markteinf\u00fchrung<\/h3>\n<p>Low-Code-Plattformen erm\u00f6glichen es Entwicklern, Anwendungen schnell zu erstellen, indem sie vorgefertigte Komponenten und Drag-and-Drop-Funktionen verwenden. Dadurch wird die Zeit f\u00fcr die Erstellung und Einf\u00fchrung von Anwendungen verk\u00fcrzt, was ideal f\u00fcr Unternehmen ist, die eine schnelle Bereitstellung und agile Entwicklung anstreben.<\/p>\n<h3>Geringere Kosten<\/h3>\n<p>Durch die Minimierung des Bedarfs an spezialisierten Programmierkenntnissen senkt die Low-Code-Entwicklung die Arbeitskosten. Unternehmen k\u00f6nnen sich auf kleinere Teams verlassen oder sogar Nicht-Entwickler mit der Erstellung von Anwendungen beauftragen, wodurch sowohl Personal als auch Entwicklungszeit eingespart werden.<\/p>\n<h3>Verbesserte Zusammenarbeit<\/h3>\n<p>Low-Code-Tools f\u00f6rdern eine bessere Zusammenarbeit zwischen IT- und Gesch\u00e4ftsteams, indem sie es nicht-technischen Benutzern erm\u00f6glichen, aktiv am Entwicklungsprozess teilzunehmen. Dadurch wird die Kluft zwischen Entwicklern und Endanwendern \u00fcberbr\u00fcckt und sichergestellt, dass das finale Produkt besser auf die Gesch\u00e4ftsanforderungen abgestimmt ist.<\/p>\n<h3>Integrierte Governance und Sicherheit<\/h3>\n<p>Viele Low-Code-Plattformen sind mit vorkonfigurierten Sicherheitsfunktionen, Compliance-Standards und Governance-Tools ausgestattet. Dadurch wird der Aufwand f\u00fcr Unternehmen verringert, diese Funktionen von Grund auf neu zu implementieren, was die Einhaltung von Branchenstandards und die Gew\u00e4hrleistung der Datensicherheit erleichtert.<\/p>\n<h3>Benutzerfreundliche Anpassung<\/h3>\n<p>Mit visuellen Entwicklungswerkzeugen erm\u00f6glichen Low-Code-Plattformen den Benutzern eine einfache \u00c4nderung und Anpassung von Anwendungen. Diese Anpassungsf\u00e4higkeit ist f\u00fcr sich entwickelnde Gesch\u00e4ftsanforderungen von Vorteil, da \u00c4nderungen schnell und ohne komplexe Neucodierung umgesetzt werden k\u00f6nnen.[\/vc_column_text][\/vc_column][\/vc_row][vc_row full_width=&#8220;stretch_row&#8220; gap=&#8220;35&#8243; bg_type=&#8220;bg_color&#8220; css=&#8220;.vc_custom_1730896426710{margin-bottom: 50px !important;padding-top: 50px !important;padding-bottom: 50px !important;}&#8220; bg_color_value=&#8220;#000000&#8243;][vc_column width=&#8220;1\/3&#8243;][vc_column_text]<\/p>\n<h2 class=\"headline_superbig\"><span style=\"color: #ffffff;\">Grenzen von<\/span><br \/>\n<span style=\"color: #ffffff;\">Low-Code<\/span><\/h2>\n<p>[\/vc_column_text][\/vc_column][vc_column width=&#8220;2\/3&#8243;][vc_column_text]<span style=\"color: #ffffff;\">Low-Code-Plattformen sto\u00dfen bei hochkomplexen oder spezialisierten Anwendungen, die eine tiefgreifende <strong>Anpassung<\/strong> erfordern, schnell an ihre Grenzen. Sie k\u00f6nnen auch Probleme bei der <strong>Leistungsoptimierung<\/strong> und der <strong>Integration in bestehende Systeme<\/strong> haben, bei denen oft eine traditionelle Programmierung erforderlich ist. Dar\u00fcber hinaus k\u00f6nnen Low-Code-L\u00f6sungen zu einer <strong>Anbieterabh\u00e4ngigkeit<\/strong> f\u00fchren, die Unternehmen auf die von einer bestimmten Plattform bereitgestellten Funktionen und Aktualisierungen beschr\u00e4nkt und die Flexibilit\u00e4t langfristig einschr\u00e4nkt. Schlie\u00dflich kann die Skalierbarkeit in gro\u00dfen, unternehmensweiten Umgebungen manchmal eine Herausforderung darstellen.<\/span>[\/vc_column_text][\/vc_column][\/vc_row][vc_row gap=&#8220;35&#8243;][vc_column width=&#8220;1\/3&#8243;][vc_column_text]<\/p>\n<h2 class=\"headline_superbig\">Low-Code<br \/>\nversus<br \/>\nNo-Code<\/h2>\n<p>[\/vc_column_text][\/vc_column][vc_column width=&#8220;2\/3&#8243;][vc_column_text]Low-Code- und No-Code-Plattformen sind beide darauf ausgelegt, die Softwareentwicklung zu vereinfachen, aber sie sind auf unterschiedliche technische Kenntnisse und Anwendungskomplexit\u00e4t ausgerichtet:[\/vc_column_text][\/vc_column][\/vc_row][vc_row gap=&#8220;35&#8243; css=&#8220;.vc_custom_1728295521525{margin-bottom: 50px !important;}&#8220;][vc_column width=&#8220;1\/3&#8243;][\/vc_column][vc_column width=&#8220;1\/3&#8243;][vc_column_text]<strong>Low-Code-<\/strong>Plattformen erfordern einige grundlegende Programmierkenntnisse und richten sich an Entwickler oder technische Anwender. Sie bieten visuelle Entwicklungswerkzeuge und vorgefertigte Komponenten, erm\u00f6glichen aber eine tiefere Anpassung und komplexere Arbeitsabl\u00e4ufe durch manuelle Programmierung. Low-Code eignet sich f\u00fcr die Erstellung fortgeschrittener Anwendungen, die m\u00f6glicherweise eine Integration in bestehende Systeme oder ma\u00dfgeschneiderte Funktionen erfordern.[\/vc_column_text][\/vc_column][vc_column width=&#8220;1\/3&#8243;][vc_column_text]<strong>No-Code-<\/strong>Plattformen hingegen sind f\u00fcr Nicht-Entwickler oder sogenannte \u201eB\u00fcrgerentwickler\u201c konzipiert. Diese Plattformen erm\u00f6glichen es Benutzern, Anwendungen ohne jegliche Programmierung \u00fcber intuitive Drag-and-Drop-Schnittstellen zu erstellen. Sie eignen sich zwar hervorragend f\u00fcr einfachere, standardisierte Anwendungen, weisen jedoch im Vergleich zu Low-Code-Plattformen Einschr\u00e4nkungen in Bezug auf Anpassbarkeit und Skalierbarkeit auf.[\/vc_column_text][\/vc_column][\/vc_row][vc_row gap=&#8220;35&#8243; css=&#8220;.vc_custom_1727860679019{margin-bottom: 50px !important;}&#8220; el_id=&#8220;downloadsection&#8220;][vc_column width=&#8220;1\/3&#8243;][vc_column_text]<\/p>\n<h2 class=\"headline_superbig\">Unser Ansatz<\/h2>\n<p>[\/vc_column_text][\/vc_column][vc_column width=&#8220;2\/3&#8243;][vc_column_text]Gerne kl\u00e4ren wir mit Ihnen in einem gemeinsamen Gespr\u00e4ch, ob eine Low-Code-Anwendung f\u00fcr Ihre Anforderungen passt. Dar\u00fcber hinaus k\u00f6nnen wir Ihr Low-Code-Projekt gem\u00e4\u00df Ihren W\u00fcnschen anpassen.<\/p>\n<p>Wir haben uns bestehende Low-Code-Plattformen am Markt angeschaut und bewerten vor allem A12 Enterprise von mgm als besonders innovativ. Damit haben wir unsere HR- und Recruiting-Plattform erstellt. N\u00e4here Informationen dazu finden Sie in unserem <a href=\"https:\/\/www.striped-giraffe.com\/de\/blog\/low-code-die-grenzen-des-hypes\/\">Blogartikel \u201eLow-Code \u2013 Die Grenzen des Hypes\u201c<\/a>.[\/vc_column_text][\/vc_column][\/vc_row][vc_row full_width=&#8220;stretch_row&#8220; css=&#8220;.vc_custom_1706183849370{margin-top: 50px !important;margin-bottom: 50px !important;}&#8220;][vc_column][vc_row_inner][vc_column_inner width=&#8220;1\/3&#8243;][vc_column_text]<\/p>\n<h2 class=\"headline_superbig\">Let&#8217;s talk<\/h2>\n<p>[\/vc_column_text][\/vc_column_inner][vc_column_inner width=&#8220;2\/3&#8243;][vc_column_text]<\/p>\n<h3>Brauchen Sie ein <strong>konkretes Angebot<\/strong> oder suchen Sie einen <strong>Sparringspartner<\/strong>, mit dem sie Ideen diskutieren und entwickeln k\u00f6nnen?<\/h3>\n<h3>Dann melden Sie sich:<\/h3>\n<ul>\n<li><a href=\"mailto:experts@striped-giraffe.com\">experts@striped-giraffe.com<\/a><\/li>\n<li><span style=\"color: #ef6c00;\">+49 (0)89-416 126-667<\/span><\/li>\n<\/ul>\n<p>[\/vc_column_text]<a class=\"calendly\" href=\"\" onclick=\"Calendly.initPopupWidget({url: 'https:\/\/calendly.com\/striped-giraffe\/30min'});return false;\">Termin vereinbaren<\/a>[vc_column_text css=&#8220;.vc_custom_1705936147633{margin-top: 32px !important;}&#8220;]<\/p>\n<h3>Wir unterst\u00fctzen Sie gerne.<\/h3>\n<p>[\/vc_column_text][\/vc_column_inner][\/vc_row_inner][\/vc_column][\/vc_row][vc_row full_width=&#8220;stretch_row&#8220; gap=&#8220;35&#8243; bg_type=&#8220;bg_color&#8220; css=&#8220;.vc_custom_1609934688295{margin-top: 0px !important;margin-bottom: 0px !important;padding-top: 100px !important;padding-bottom: 100px !important;}&#8220; bg_color_value=&#8220;#000000&#8243;][vc_column][vc_row_inner][vc_column_inner width=&#8220;1\/3&#8243; css=&#8220;.vc_custom_1610013762619{padding-right: 25px !important;}&#8220;][vc_column_text]<\/p>\n<h2><span style=\"color: #ef6c00;\">Das k\u00f6nnte Sie auch<\/span> <span style=\"color: #ffffff;\">interessieren.<\/span><\/h2>\n<p><span style=\"color: #ffffff;\">Wir haben ein E-Book sowie einige Blogartikel zu diesem Thema erstellt. Noch mehr E-Books, Case Studies und co. finden Sie in unseren <a href=\"https:\/\/www.striped-giraffe.com\/insights\/\">Insights<\/a>.<\/span>[\/vc_column_text][\/vc_column_inner][vc_column_inner width=&#8220;1\/3&#8243;]<div class=\"templatera_shortcode\"><div class=\"vc_row wpb_row vc_row-fluid\"><div class=\"wpb_column vc_column_container vc_col-sm-12\"><div class=\"vc_column-inner\"><div class=\"wpb_wrapper\"><div id='' class='teaserbox  overlay'><div class='teaserbox_inner'><div class='teaserheadline'><h3 style='text-transform:uppercase;color:#ffffff;font-family:DinWebPro Bold;'>IT-Report<\/h3><h2 style='text-transform:none;color:#ef6c00;'>DIGITALISIERUNGS- PROJEKTE<\/h2><\/div><div class='teasertext'><div class='wpb_wrapper'>Um die digitale Transformation zu realisieren, mu\u0308ssen Unternehmen verschiedene Digitalisierungsprojekte umsetzen. Doch wie stellt man sicher, dass sie auch erfolgreich werden?<\/div><\/div><div class='teaserlink'><a href='https:\/\/www.striped-giraffe.com\/de\/it-bericht-digitalisierungsprojekte\/' style='color:#ffffff;'>Mehr erfahren<\/a><\/div><div class='wpb_single_image desktop_only'><img src='https:\/\/www.striped-giraffe.com\/wp-content\/uploads\/2023\/11\/IT-Report-2023-600x960.jpg' \/><\/div><div class='wpb_single_image mobile_only'><img src='https:\/\/www.striped-giraffe.com\/wp-content\/uploads\/2023\/11\/IT-Report-2023-600x700.jpg' \/><\/div><\/div><\/div><\/div><\/div><\/div><\/div><\/div>[\/vc_column_inner][vc_column_inner width=&#8220;1\/3&#8243;]<div class=\"templatera_shortcode\"><div class=\"vc_row wpb_row vc_row-fluid\"><div class=\"wpb_column vc_column_container vc_col-sm-12\"><div class=\"vc_column-inner\"><div class=\"wpb_wrapper\"><div id='' class='teaserbox  overlay'><div class='teaserbox_inner'><div class='teaserheadline'><h3 style='text-transform:uppercase;color:#000000;font-family:DinWebPro Bold;'>Weltweite Studie<\/h3><h2 style='text-transform:none;color:#ef6c00;'>THE AGILE REPORT<\/h2><\/div><div class='teasertext'><div class='wpb_wrapper'>Agile-Experten berichten von ihren Erfahrungen, Ansichten und den Auswirkungen agiler Software-Entwicklung auf die Organisation.<\/div><\/div><div class='teaserlink'><a href='https:\/\/www.striped-giraffe.com\/de\/the-agile-report\/' style='color:#000000;'>Zum Download<\/a><\/div><div class='wpb_single_image desktop_only'><img src='https:\/\/www.striped-giraffe.com\/wp-content\/uploads\/2024\/02\/Teaser_THE_AGILE_REPORT_2024.jpg' \/><\/div><div class='wpb_single_image mobile_only'><img src='https:\/\/www.striped-giraffe.com\/wp-content\/uploads\/2024\/02\/Teaser_THE_AGILE_REPORT_2024-600x700.jpg' \/><\/div><\/div><\/div><\/div><\/div><\/div><\/div><\/div>[\/vc_column_inner][\/vc_row_inner][\/vc_column][\/vc_row]<\/p>\n<\/section>","protected":false},"excerpt":{"rendered":"Low-Code Mit Low-Code lassen sich Anwendungen mithilfe visueller Tools entwickeln \u2013 ohne dass tiefgreifende Programmierkenntnisse ben\u00f6tigt werden. Benefits Low-Code-Plattformen bieten [...]","protected":false},"author":2,"featured_media":38529,"parent":19241,"menu_order":0,"comment_status":"closed","ping_status":"closed","template":"","meta":{"footnotes":""},"acf":[],"yoast_head":"<!-- This site is optimized with the Yoast SEO Premium plugin v20.5 (Yoast SEO v20.5) - https:\/\/yoast.com\/wordpress\/plugins\/seo\/ -->\n<title>Low-Code - Striped Giraffe<\/title>\n<meta name=\"description\" content=\"Mit Low-Code lassen sich Anwendungen mithilfe visueller Tools entwickeln \u2013 ohne dass tiefgreifende Programmierkenntnisse ben\u00f6tigt werden.\" \/>\n<meta name=\"robots\" content=\"index, follow, max-snippet:-1, max-image-preview:large, max-video-preview:-1\" \/>\n<link rel=\"canonical\" href=\"https:\/\/www.striped-giraffe.com\/de\/expertise\/low-code\/\" \/>\n<meta property=\"og:locale\" content=\"de_DE\" \/>\n<meta property=\"og:type\" content=\"article\" \/>\n<meta property=\"og:title\" content=\"Low-Code\" \/>\n<meta property=\"og:description\" content=\"Mit Low-Code lassen sich Anwendungen mithilfe visueller Tools entwickeln \u2013 ohne dass tiefgreifende Programmierkenntnisse ben\u00f6tigt werden.\" \/>\n<meta property=\"og:url\" content=\"https:\/\/www.striped-giraffe.com\/de\/expertise\/low-code\/\" \/>\n<meta property=\"og:site_name\" content=\"Striped Giraffe\" \/>\n<meta property=\"article:modified_time\" content=\"2024-11-07T10:21:39+00:00\" \/>\n<meta property=\"og:image\" content=\"https:\/\/www.striped-giraffe.com\/wp-content\/uploads\/2024\/11\/Header_Expertise_Low-Code.jpg\" \/>\n\t<meta property=\"og:image:width\" content=\"1920\" \/>\n\t<meta property=\"og:image:height\" content=\"1085\" \/>\n\t<meta property=\"og:image:type\" content=\"image\/jpeg\" \/>\n<meta name=\"twitter:card\" content=\"summary_large_image\" \/>\n<meta name=\"twitter:label1\" content=\"Gesch\u00e4tzte Lesezeit\" \/>\n\t<meta name=\"twitter:data1\" content=\"4\u00a0Minuten\" \/>\n<script type=\"application\/ld+json\" class=\"yoast-schema-graph\">{\"@context\":\"https:\/\/schema.org\",\"@graph\":[{\"@type\":\"WebPage\",\"@id\":\"https:\/\/www.striped-giraffe.com\/de\/expertise\/low-code\/\",\"url\":\"https:\/\/www.striped-giraffe.com\/de\/expertise\/low-code\/\",\"name\":\"Low-Code - Striped Giraffe\",\"isPartOf\":{\"@id\":\"https:\/\/www.striped-giraffe.com\/de\/#website\"},\"datePublished\":\"2024-10-07T09:30:16+00:00\",\"dateModified\":\"2024-11-07T10:21:39+00:00\",\"description\":\"Mit Low-Code lassen sich Anwendungen mithilfe visueller Tools entwickeln \u2013 ohne dass tiefgreifende Programmierkenntnisse ben\u00f6tigt werden.\",\"breadcrumb\":{\"@id\":\"https:\/\/www.striped-giraffe.com\/de\/expertise\/low-code\/#breadcrumb\"},\"inLanguage\":\"de\",\"potentialAction\":[{\"@type\":\"ReadAction\",\"target\":[\"https:\/\/www.striped-giraffe.com\/de\/expertise\/low-code\/\"]}]},{\"@type\":\"BreadcrumbList\",\"@id\":\"https:\/\/www.striped-giraffe.com\/de\/expertise\/low-code\/#breadcrumb\",\"itemListElement\":[{\"@type\":\"ListItem\",\"position\":1,\"name\":\"Expertise\",\"item\":\"https:\/\/www.striped-giraffe.com\/de\/expertise\/\"},{\"@type\":\"ListItem\",\"position\":2,\"name\":\"Low-Code\"}]},{\"@type\":\"WebSite\",\"@id\":\"https:\/\/www.striped-giraffe.com\/de\/#website\",\"url\":\"https:\/\/www.striped-giraffe.com\/de\/\",\"name\":\"Striped Giraffe\",\"description\":\"Ihr zuverl\u00e4ssiger Anbieter f\u00fcr digitale Enterprise-L\u00f6sungen\",\"publisher\":{\"@id\":\"https:\/\/www.striped-giraffe.com\/de\/#organization\"},\"potentialAction\":[{\"@type\":\"SearchAction\",\"target\":{\"@type\":\"EntryPoint\",\"urlTemplate\":\"https:\/\/www.striped-giraffe.com\/de\/?s={search_term_string}\"},\"query-input\":\"required name=search_term_string\"}],\"inLanguage\":\"de\"},{\"@type\":\"Organization\",\"@id\":\"https:\/\/www.striped-giraffe.com\/de\/#organization\",\"name\":\"Striped Giraffe\",\"url\":\"https:\/\/www.striped-giraffe.com\/de\/\",\"logo\":{\"@type\":\"ImageObject\",\"inLanguage\":\"de\",\"@id\":\"https:\/\/www.striped-giraffe.com\/de\/#\/schema\/logo\/image\/\",\"url\":\"https:\/\/www.striped-giraffe.com\/wp-content\/uploads\/2021\/01\/giraffe_white.svg\",\"contentUrl\":\"https:\/\/www.striped-giraffe.com\/wp-content\/uploads\/2021\/01\/giraffe_white.svg\",\"caption\":\"Striped Giraffe\"},\"image\":{\"@id\":\"https:\/\/www.striped-giraffe.com\/de\/#\/schema\/logo\/image\/\"}}]}<\/script>\n<!-- \/ Yoast SEO Premium plugin. -->","yoast_head_json":{"title":"Low-Code - Striped Giraffe","description":"Mit Low-Code lassen sich Anwendungen mithilfe visueller Tools entwickeln \u2013 ohne dass tiefgreifende Programmierkenntnisse ben\u00f6tigt werden.","robots":{"index":"index","follow":"follow","max-snippet":"max-snippet:-1","max-image-preview":"max-image-preview:large","max-video-preview":"max-video-preview:-1"},"canonical":"https:\/\/www.striped-giraffe.com\/de\/expertise\/low-code\/","og_locale":"de_DE","og_type":"article","og_title":"Low-Code","og_description":"Mit Low-Code lassen sich Anwendungen mithilfe visueller Tools entwickeln \u2013 ohne dass tiefgreifende Programmierkenntnisse ben\u00f6tigt werden.","og_url":"https:\/\/www.striped-giraffe.com\/de\/expertise\/low-code\/","og_site_name":"Striped Giraffe","article_modified_time":"2024-11-07T10:21:39+00:00","og_image":[{"width":1920,"height":1085,"url":"https:\/\/www.striped-giraffe.com\/wp-content\/uploads\/2024\/11\/Header_Expertise_Low-Code.jpg","type":"image\/jpeg"}],"twitter_card":"summary_large_image","twitter_misc":{"Gesch\u00e4tzte Lesezeit":"4\u00a0Minuten"},"schema":{"@context":"https:\/\/schema.org","@graph":[{"@type":"WebPage","@id":"https:\/\/www.striped-giraffe.com\/de\/expertise\/low-code\/","url":"https:\/\/www.striped-giraffe.com\/de\/expertise\/low-code\/","name":"Low-Code - Striped Giraffe","isPartOf":{"@id":"https:\/\/www.striped-giraffe.com\/de\/#website"},"datePublished":"2024-10-07T09:30:16+00:00","dateModified":"2024-11-07T10:21:39+00:00","description":"Mit Low-Code lassen sich Anwendungen mithilfe visueller Tools entwickeln \u2013 ohne dass tiefgreifende Programmierkenntnisse ben\u00f6tigt werden.","breadcrumb":{"@id":"https:\/\/www.striped-giraffe.com\/de\/expertise\/low-code\/#breadcrumb"},"inLanguage":"de","potentialAction":[{"@type":"ReadAction","target":["https:\/\/www.striped-giraffe.com\/de\/expertise\/low-code\/"]}]},{"@type":"BreadcrumbList","@id":"https:\/\/www.striped-giraffe.com\/de\/expertise\/low-code\/#breadcrumb","itemListElement":[{"@type":"ListItem","position":1,"name":"Expertise","item":"https:\/\/www.striped-giraffe.com\/de\/expertise\/"},{"@type":"ListItem","position":2,"name":"Low-Code"}]},{"@type":"WebSite","@id":"https:\/\/www.striped-giraffe.com\/de\/#website","url":"https:\/\/www.striped-giraffe.com\/de\/","name":"Striped Giraffe","description":"Ihr zuverl\u00e4ssiger Anbieter f\u00fcr digitale Enterprise-L\u00f6sungen","publisher":{"@id":"https:\/\/www.striped-giraffe.com\/de\/#organization"},"potentialAction":[{"@type":"SearchAction","target":{"@type":"EntryPoint","urlTemplate":"https:\/\/www.striped-giraffe.com\/de\/?s={search_term_string}"},"query-input":"required name=search_term_string"}],"inLanguage":"de"},{"@type":"Organization","@id":"https:\/\/www.striped-giraffe.com\/de\/#organization","name":"Striped Giraffe","url":"https:\/\/www.striped-giraffe.com\/de\/","logo":{"@type":"ImageObject","inLanguage":"de","@id":"https:\/\/www.striped-giraffe.com\/de\/#\/schema\/logo\/image\/","url":"https:\/\/www.striped-giraffe.com\/wp-content\/uploads\/2021\/01\/giraffe_white.svg","contentUrl":"https:\/\/www.striped-giraffe.com\/wp-content\/uploads\/2021\/01\/giraffe_white.svg","caption":"Striped Giraffe"},"image":{"@id":"https:\/\/www.striped-giraffe.com\/de\/#\/schema\/logo\/image\/"}}]}},"_links":{"self":[{"href":"https:\/\/www.striped-giraffe.com\/de\/wp-json\/wp\/v2\/pages\/37971"}],"collection":[{"href":"https:\/\/www.striped-giraffe.com\/de\/wp-json\/wp\/v2\/pages"}],"about":[{"href":"https:\/\/www.striped-giraffe.com\/de\/wp-json\/wp\/v2\/types\/page"}],"author":[{"embeddable":true,"href":"https:\/\/www.striped-giraffe.com\/de\/wp-json\/wp\/v2\/users\/2"}],"replies":[{"embeddable":true,"href":"https:\/\/www.striped-giraffe.com\/de\/wp-json\/wp\/v2\/comments?post=37971"}],"version-history":[{"count":9,"href":"https:\/\/www.striped-giraffe.com\/de\/wp-json\/wp\/v2\/pages\/37971\/revisions"}],"predecessor-version":[{"id":38531,"href":"https:\/\/www.striped-giraffe.com\/de\/wp-json\/wp\/v2\/pages\/37971\/revisions\/38531"}],"up":[{"embeddable":true,"href":"https:\/\/www.striped-giraffe.com\/de\/wp-json\/wp\/v2\/pages\/19241"}],"wp:featuredmedia":[{"embeddable":true,"href":"https:\/\/www.striped-giraffe.com\/de\/wp-json\/wp\/v2\/media\/38529"}],"wp:attachment":[{"href":"https:\/\/www.striped-giraffe.com\/de\/wp-json\/wp\/v2\/media?parent=37971"}],"curies":[{"name":"wp","href":"https:\/\/api.w.org\/{rel}","templated":true}]}}