{"id":38008,"date":"2024-10-10T16:41:29","date_gmt":"2024-10-10T14:41:29","guid":{"rendered":"https:\/\/www.striped-giraffe.com\/collaboration\/partner\/ecommerce-technologien-beispiel-copy\/"},"modified":"2024-12-04T09:19:23","modified_gmt":"2024-12-04T08:19:23","slug":"data-processing","status":"publish","type":"page","link":"https:\/\/www.striped-giraffe.com\/de\/technologien\/data-processing\/","title":{"rendered":"Data Processing"},"content":{"rendered":"<section class=\"wpb-content-wrapper\"><p>[vc_row full_width=&#8220;stretch_row&#8220; bg_type=&#8220;image&#8220; parallax_style=&#8220;vcpb-default&#8220; bg_image_new=&#8220;id^38046|url^https:\/\/www.striped-giraffe.com\/wp-content\/uploads\/2024\/10\/Header_Data_Processing.jpg|caption^Data Processing|alt^Data Processing|title^Data Integration in CRM: Interconnected Gears Concept|description^Data Processing<br \/>\nconnected workflows&#8220; css=&#8220;.vc_custom_1728893187593{padding-top: 200px !important;padding-bottom: 200px !important;background-position: center !important;background-repeat: no-repeat !important;background-size: cover !important;}&#8220;][vc_column][vc_column_text]<\/p>\n<h1><span style=\"color: #ef6c00;\">Data Processing<\/span><\/h1>\n<h1><\/h1>\n<p>[\/vc_column_text][\/vc_column][\/vc_row][vc_row gap=&#8220;35&#8243; el_class=&#8220;closetotop&#8220; css=&#8220;.vc_custom_1727357514292{padding-top: 50px !important;padding-bottom: 50px !important;background-color: #ffffff !important;}&#8220;][vc_column][vc_column_text]<\/p>\n<h2 class=\"headline_introduction\" style=\"text-align: center;\">Daten sind das Herzst\u00fcck moderner Unternehmen \u2013 doch erst durch intelligentes Data Processing wird aus rohen Informationen wertvolles Wissen.<\/h2>\n<p>[\/vc_column_text][\/vc_column][\/vc_row][vc_row gap=&#8220;35&#8243; css=&#8220;.vc_custom_1727365832572{margin-bottom: 50px !important;background-color: #ffffff !important;}&#8220;][vc_column width=&#8220;1\/3&#8243;][vc_column_text]<\/p>\n<h2 class=\"headline_superbig\">Was wir bieten<\/h2>\n<p>[\/vc_column_text][\/vc_column][vc_column width=&#8220;2\/3&#8243;][vc_column_text]Wir bieten umfassende L\u00f6sungen, um Ihre Datenstr\u00f6me effizient zu verarbeiten, zu analysieren und f\u00fcr fundierte Entscheidungen nutzbar zu machen. Unser Ansatz im Data Processing umfasst die gesamte Datenverarbeitungskette, von Data Modeling \u00fcber ETL-Prozesse bis hin zur Orchestrierung und der Integration von API- und IoT-Systemen.[\/vc_column_text][\/vc_column][\/vc_row][vc_row gap=&#8220;35&#8243; css=&#8220;.vc_custom_1728903751240{background-color: #ffffff !important;}&#8220;][vc_column width=&#8220;1\/3&#8243;][vc_column_text]<\/p>\n<h2 class=\"headline_superbig\">Unsere<br \/>\nTechnologien<\/h2>\n<p>[\/vc_column_text][\/vc_column][vc_column width=&#8220;2\/3&#8243;][vc_column_text]<\/p>\n<h2>Data Modeling<\/h2>\n<p>Strukturieren und modellieren Sie Ihre Daten f\u00fcr maximale Effizienz und Skalierbarkeit. Wir helfen Ihnen, Ihre Datenlandschaft zu optimieren und f\u00fcr Analysen bereitzustellen.[\/vc_column_text][\/vc_column][\/vc_row][vc_row gap=&#8220;35&#8243; css=&#8220;.vc_custom_1728903728437{background-color: #ffffff !important;}&#8220;][vc_column width=&#8220;2\/6&#8243;][\/vc_column][vc_column width=&#8220;1\/6&#8243;][vc_single_image image=&#8220;38065&#8243; img_size=&#8220;medium&#8220; alignment=&#8220;center&#8220;][\/vc_column][vc_column width=&#8220;1\/6&#8243;][vc_single_image image=&#8220;38082&#8243; img_size=&#8220;medium&#8220; alignment=&#8220;center&#8220;][\/vc_column][vc_column width=&#8220;1\/6&#8243;][vc_single_image image=&#8220;38075&#8243; img_size=&#8220;medium&#8220; alignment=&#8220;center&#8220;][\/vc_column][vc_column width=&#8220;1\/6&#8243;][vc_single_image image=&#8220;38079&#8243; img_size=&#8220;medium&#8220; alignment=&#8220;center&#8220;][\/vc_column][\/vc_row][vc_row gap=&#8220;35&#8243; css=&#8220;.vc_custom_1728903736326{margin-bottom: 100px !important;background-color: #ffffff !important;}&#8220;][vc_column width=&#8220;2\/6&#8243;][\/vc_column][vc_column width=&#8220;1\/6&#8243;][vc_single_image image=&#8220;38088&#8243; img_size=&#8220;medium&#8220; alignment=&#8220;center&#8220;][\/vc_column][vc_column width=&#8220;1\/6&#8243;][vc_single_image image=&#8220;38091&#8243; img_size=&#8220;medium&#8220; alignment=&#8220;center&#8220;][\/vc_column][vc_column width=&#8220;1\/6&#8243;][vc_single_image image=&#8220;38085&#8243; img_size=&#8220;medium&#8220; alignment=&#8220;center&#8220;][\/vc_column][vc_column width=&#8220;1\/6&#8243;][\/vc_column][\/vc_row][vc_row][vc_column width=&#8220;1\/3&#8243;][\/vc_column][vc_column width=&#8220;2\/3&#8243;][vc_column_text]<\/p>\n<h2>ETL (Extract, Transform, Load)<\/h2>\n<p>Mit ma\u00dfgeschneiderten ETL-Prozessen sorgen wir daf\u00fcr, dass Ihre Daten sicher und konsistent aus verschiedenen Quellen extrahiert, transformiert und in Ihre Zielsysteme geladen werden. Dabei garantieren wir eine hohe Datenqualit\u00e4t und Performance.[\/vc_column_text][\/vc_column][\/vc_row][vc_row gap=&#8220;35&#8243; css=&#8220;.vc_custom_1728903728437{background-color: #ffffff !important;}&#8220;][vc_column width=&#8220;2\/6&#8243;][\/vc_column][vc_column width=&#8220;1\/6&#8243;][vc_single_image image=&#8220;38097&#8243; img_size=&#8220;medium&#8220; alignment=&#8220;center&#8220;][\/vc_column][vc_column width=&#8220;1\/6&#8243;][vc_single_image image=&#8220;38099&#8243; img_size=&#8220;medium&#8220; alignment=&#8220;center&#8220;][\/vc_column][vc_column width=&#8220;1\/6&#8243;][vc_single_image image=&#8220;38103&#8243; img_size=&#8220;medium&#8220; alignment=&#8220;center&#8220;][\/vc_column][vc_column width=&#8220;1\/6&#8243;][vc_single_image image=&#8220;38106&#8243; img_size=&#8220;medium&#8220; alignment=&#8220;center&#8220;][\/vc_column][\/vc_row][vc_row gap=&#8220;35&#8243; css=&#8220;.vc_custom_1728903728437{background-color: #ffffff !important;}&#8220;][vc_column width=&#8220;2\/6&#8243;][\/vc_column][vc_column width=&#8220;1\/6&#8243;][vc_single_image image=&#8220;38117&#8243; img_size=&#8220;medium&#8220; alignment=&#8220;center&#8220;][\/vc_column][vc_column width=&#8220;1\/6&#8243;][vc_single_image image=&#8220;38114&#8243; img_size=&#8220;medium&#8220; alignment=&#8220;center&#8220;][\/vc_column][vc_column width=&#8220;1\/6&#8243;][vc_single_image image=&#8220;38109&#8243; img_size=&#8220;medium&#8220; alignment=&#8220;center&#8220;][\/vc_column][vc_column width=&#8220;1\/6&#8243;][vc_single_image image=&#8220;38122&#8243; img_size=&#8220;medium&#8220; alignment=&#8220;center&#8220;][\/vc_column][\/vc_row][vc_row gap=&#8220;35&#8243; css=&#8220;.vc_custom_1728921733345{margin-bottom: 100px !important;background-color: #ffffff !important;}&#8220;][vc_column width=&#8220;2\/6&#8243;][\/vc_column][vc_column width=&#8220;1\/6&#8243;][vc_single_image image=&#8220;38212&#8243; img_size=&#8220;medium&#8220; alignment=&#8220;center&#8220;][\/vc_column][vc_column width=&#8220;1\/6&#8243;][vc_single_image image=&#8220;38125&#8243; img_size=&#8220;medium&#8220; alignment=&#8220;center&#8220;][\/vc_column][vc_column width=&#8220;1\/6&#8243;][vc_single_image image=&#8220;38224&#8243; img_size=&#8220;medium&#8220; alignment=&#8220;center&#8220;][\/vc_column][vc_column width=&#8220;1\/6&#8243;][vc_single_image image=&#8220;38904&#8243; img_size=&#8220;medium&#8220; alignment=&#8220;center&#8220;][\/vc_column][\/vc_row][vc_row][vc_column width=&#8220;1\/3&#8243;][\/vc_column][vc_column width=&#8220;2\/3&#8243;][vc_column_text]<\/p>\n<h2>Orchestration<\/h2>\n<p>Durch die Integration von leistungsf\u00e4higen Orchestrierungs-Tools gew\u00e4hrleisten wir eine reibungslose und automatisierte Datenverarbeitung, die verschiedene Workflows und Systeme miteinander verbindet.[\/vc_column_text][\/vc_column][\/vc_row][vc_row gap=&#8220;35&#8243; css=&#8220;.vc_custom_1729502067788{margin-bottom: 100px !important;background-color: #ffffff !important;}&#8220;][vc_column width=&#8220;2\/6&#8243;][\/vc_column][vc_column width=&#8220;1\/6&#8243;][vc_single_image image=&#8220;38227&#8243; img_size=&#8220;medium&#8220;][\/vc_column][vc_column width=&#8220;1\/6&#8243;][vc_single_image image=&#8220;38229&#8243; img_size=&#8220;medium&#8220;][\/vc_column][vc_column width=&#8220;1\/6&#8243;][\/vc_column][vc_column width=&#8220;1\/6&#8243;][\/vc_column][\/vc_row][vc_row][vc_column width=&#8220;1\/3&#8243;][\/vc_column][vc_column width=&#8220;2\/3&#8243;][vc_column_text]<\/p>\n<h2>API-Integration<\/h2>\n<p>Unsere API-L\u00f6sungen erm\u00f6glichen es, Daten zwischen verschiedenen Anwendungen und Systemen nahtlos auszutauschen und so Ihre digitale Infrastruktur effizient zu vernetzen.[\/vc_column_text][\/vc_column][\/vc_row][vc_row gap=&#8220;35&#8243; css=&#8220;.vc_custom_1729502491456{margin-bottom: 100px !important;background-color: #ffffff !important;}&#8220;][vc_column width=&#8220;2\/6&#8243;][\/vc_column][vc_column width=&#8220;1\/6&#8243;][vc_single_image image=&#8220;38233&#8243; img_size=&#8220;medium&#8220;][\/vc_column][vc_column width=&#8220;1\/6&#8243;][vc_single_image image=&#8220;38235&#8243; img_size=&#8220;medium&#8220;][\/vc_column][vc_column width=&#8220;1\/6&#8243;][\/vc_column][vc_column width=&#8220;1\/6&#8243;][\/vc_column][\/vc_row][vc_row][vc_column width=&#8220;1\/3&#8243;][\/vc_column][vc_column width=&#8220;2\/3&#8243;][vc_column_text]<\/p>\n<h2>IoT-Datenverarbeitung<\/h2>\n<p>In einer zunehmend vernetzten Welt gewinnen Daten aus IoT-Systemen (Internet of Things) an Bedeutung. Wir bieten ma\u00dfgeschneiderte L\u00f6sungen, um Daten von IoT-Ger\u00e4ten zu erfassen, zu verarbeiten und in Echtzeit f\u00fcr Ihre Anwendungen zug\u00e4nglich zu machen.[\/vc_column_text][\/vc_column][\/vc_row][vc_row gap=&#8220;35&#8243; css=&#8220;.vc_custom_1729503493525{margin-bottom: 50px !important;background-color: #ffffff !important;}&#8220;][vc_column width=&#8220;2\/6&#8243;][\/vc_column][vc_column width=&#8220;1\/6&#8243;][vc_single_image image=&#8220;38238&#8243; img_size=&#8220;medium&#8220;][\/vc_column][vc_column width=&#8220;1\/6&#8243;][vc_single_image image=&#8220;38240&#8243; img_size=&#8220;medium&#8220;][\/vc_column][vc_column width=&#8220;1\/6&#8243;][\/vc_column][vc_column width=&#8220;1\/6&#8243;][\/vc_column][\/vc_row][vc_row full_width=&#8220;stretch_row&#8220; gap=&#8220;35&#8243; bg_type=&#8220;bg_color&#8220; css=&#8220;.vc_custom_1729503505109{margin-bottom: 50px !important;padding-top: 50px !important;padding-bottom: 50px !important;background-color: #ffffff !important;}&#8220; bg_color_value=&#8220;#000000&#8243;][vc_column width=&#8220;1\/3&#8243;][\/vc_column][vc_column width=&#8220;2\/3&#8243;][vc_column_text]<span style=\"color: #ffffff;\">Unsere Data Processing-L\u00f6sungen stellen sicher, dass Ihre Daten nicht nur verf\u00fcgbar, sondern auch optimal nutzbar sind \u2013 f\u00fcr einen echten Wettbewerbsvorteil in der digitalen Wirtschaft.<\/span><\/p>\n<p><span style=\"color: #ffffff;\">Ist Ihre L\u00f6sung nicht dabei? Sprechen Sie uns an und wir kl\u00e4ren gemeinsam, wer Ihnen aus unserem Haus oder unserem Experten-Netzwerk weiterhelfen kann.<\/span>[\/vc_column_text][\/vc_column][\/vc_row][vc_row full_width=&#8220;stretch_row&#8220; css=&#8220;.vc_custom_1706183849370{margin-top: 50px !important;margin-bottom: 50px !important;}&#8220;][vc_column][vc_row_inner][vc_column_inner width=&#8220;1\/3&#8243;][vc_column_text]<\/p>\n<h2 class=\"headline_superbig\">Let&#8217;s talk<\/h2>\n<p>[\/vc_column_text][\/vc_column_inner][vc_column_inner width=&#8220;2\/3&#8243;][vc_column_text]<\/p>\n<h3>Brauchen Sie ein <strong>konkretes Angebot<\/strong> oder suchen Sie einen <strong>Sparringspartner<\/strong>, mit dem sie Ideen diskutieren und entwickeln k\u00f6nnen?<\/h3>\n<h3>Dann melden Sie sich:<\/h3>\n<ul>\n<li><a href=\"mailto:experts@striped-giraffe.com\">experts@striped-giraffe.com<\/a><\/li>\n<li><span style=\"color: #ef6c00;\">+49 (0)89-416 126-667<\/span><\/li>\n<\/ul>\n<p>[\/vc_column_text]<a class=\"calendly\" href=\"\" onclick=\"Calendly.initPopupWidget({url: 'https:\/\/calendly.com\/striped-giraffe\/30min'});return false;\">Termin vereinbaren<\/a>[vc_column_text css=&#8220;.vc_custom_1705936147633{margin-top: 32px !important;}&#8220;]<\/p>\n<h3>Wir unterst\u00fctzen Sie gerne.<\/h3>\n<p>[\/vc_column_text][\/vc_column_inner][\/vc_row_inner][\/vc_column][\/vc_row][vc_row][vc_column][vc_empty_space height=&#8220;100px&#8220;][\/vc_column][\/vc_row]<\/p>\n<\/section>","protected":false},"excerpt":{"rendered":"<p>[vc_row full_width=&#8220;stretch_row&#8220; bg_type=&#8220;image&#8220; parallax_style=&#8220;vcpb-default&#8220; bg_image_new=&#8220;id^38046|url^https:\/\/www.striped-giraffe.com\/wp-content\/uploads\/2024\/10\/Header_Data_Processing.jpg|caption^Data Processing|alt^Data Processing|title^Data Integration in CRM: Interconnected Gears Concept|description^Data Processing connected workflows&#8220; css=&#8220;.vc_custom_1728893187593{padding-top: 200px !important;padding-bottom: 200px [&hellip;]<\/p>\n","protected":false},"author":2,"featured_media":38046,"parent":38421,"menu_order":0,"comment_status":"closed","ping_status":"closed","template":"","meta":{"footnotes":""},"acf":[],"yoast_head":"<!-- This site is optimized with the Yoast SEO Premium plugin v20.5 (Yoast SEO v20.5) - https:\/\/yoast.com\/wordpress\/plugins\/seo\/ -->\n<title>Data Processing - Striped Giraffe<\/title>\n<meta name=\"description\" content=\"Unser Ansatz im Data Processing umfasst die gesamte Datenverarbeitungskette, von Data Modeling bis hin zur Integration von API und IoT.\" \/>\n<meta name=\"robots\" content=\"index, follow, max-snippet:-1, max-image-preview:large, max-video-preview:-1\" \/>\n<link rel=\"canonical\" href=\"https:\/\/www.striped-giraffe.com\/de\/technologien\/data-processing\/\" \/>\n<meta property=\"og:locale\" content=\"de_DE\" \/>\n<meta property=\"og:type\" content=\"article\" \/>\n<meta property=\"og:title\" content=\"Data Processing\" \/>\n<meta property=\"og:description\" content=\"Unser Ansatz im Data Processing umfasst die gesamte Datenverarbeitungskette, von Data Modeling bis hin zur Integration von API und IoT.\" \/>\n<meta property=\"og:url\" content=\"https:\/\/www.striped-giraffe.com\/de\/technologien\/data-processing\/\" \/>\n<meta property=\"og:site_name\" content=\"Striped Giraffe\" \/>\n<meta property=\"article:modified_time\" content=\"2024-12-04T08:19:23+00:00\" \/>\n<meta property=\"og:image\" content=\"https:\/\/www.striped-giraffe.com\/wp-content\/uploads\/2024\/10\/Header_Data_Processing.jpg\" \/>\n\t<meta property=\"og:image:width\" content=\"1400\" \/>\n\t<meta property=\"og:image:height\" content=\"900\" \/>\n\t<meta property=\"og:image:type\" content=\"image\/jpeg\" \/>\n<meta name=\"twitter:card\" content=\"summary_large_image\" \/>\n<meta name=\"twitter:label1\" content=\"Gesch\u00e4tzte Lesezeit\" \/>\n\t<meta name=\"twitter:data1\" content=\"3\u00a0Minuten\" \/>\n<script type=\"application\/ld+json\" class=\"yoast-schema-graph\">{\"@context\":\"https:\/\/schema.org\",\"@graph\":[{\"@type\":\"WebPage\",\"@id\":\"https:\/\/www.striped-giraffe.com\/de\/technologien\/data-processing\/\",\"url\":\"https:\/\/www.striped-giraffe.com\/de\/technologien\/data-processing\/\",\"name\":\"Data Processing - Striped Giraffe\",\"isPartOf\":{\"@id\":\"https:\/\/www.striped-giraffe.com\/de\/#website\"},\"datePublished\":\"2024-10-10T14:41:29+00:00\",\"dateModified\":\"2024-12-04T08:19:23+00:00\",\"description\":\"Unser Ansatz im Data Processing umfasst die gesamte Datenverarbeitungskette, von Data Modeling bis hin zur Integration von API und IoT.\",\"breadcrumb\":{\"@id\":\"https:\/\/www.striped-giraffe.com\/de\/technologien\/data-processing\/#breadcrumb\"},\"inLanguage\":\"de\",\"potentialAction\":[{\"@type\":\"ReadAction\",\"target\":[\"https:\/\/www.striped-giraffe.com\/de\/technologien\/data-processing\/\"]}]},{\"@type\":\"BreadcrumbList\",\"@id\":\"https:\/\/www.striped-giraffe.com\/de\/technologien\/data-processing\/#breadcrumb\",\"itemListElement\":[{\"@type\":\"ListItem\",\"position\":1,\"name\":\"Technologien\",\"item\":\"https:\/\/www.striped-giraffe.com\/de\/technologien\/\"},{\"@type\":\"ListItem\",\"position\":2,\"name\":\"Data Processing\"}]},{\"@type\":\"WebSite\",\"@id\":\"https:\/\/www.striped-giraffe.com\/de\/#website\",\"url\":\"https:\/\/www.striped-giraffe.com\/de\/\",\"name\":\"Striped Giraffe\",\"description\":\"Ihr zuverl\u00e4ssiger Anbieter f\u00fcr digitale Enterprise-L\u00f6sungen\",\"publisher\":{\"@id\":\"https:\/\/www.striped-giraffe.com\/de\/#organization\"},\"potentialAction\":[{\"@type\":\"SearchAction\",\"target\":{\"@type\":\"EntryPoint\",\"urlTemplate\":\"https:\/\/www.striped-giraffe.com\/de\/?s={search_term_string}\"},\"query-input\":\"required name=search_term_string\"}],\"inLanguage\":\"de\"},{\"@type\":\"Organization\",\"@id\":\"https:\/\/www.striped-giraffe.com\/de\/#organization\",\"name\":\"Striped Giraffe\",\"url\":\"https:\/\/www.striped-giraffe.com\/de\/\",\"logo\":{\"@type\":\"ImageObject\",\"inLanguage\":\"de\",\"@id\":\"https:\/\/www.striped-giraffe.com\/de\/#\/schema\/logo\/image\/\",\"url\":\"https:\/\/www.striped-giraffe.com\/wp-content\/uploads\/2021\/01\/giraffe_white.svg\",\"contentUrl\":\"https:\/\/www.striped-giraffe.com\/wp-content\/uploads\/2021\/01\/giraffe_white.svg\",\"caption\":\"Striped Giraffe\"},\"image\":{\"@id\":\"https:\/\/www.striped-giraffe.com\/de\/#\/schema\/logo\/image\/\"}}]}<\/script>\n<!-- \/ Yoast SEO Premium plugin. -->","yoast_head_json":{"title":"Data Processing - Striped Giraffe","description":"Unser Ansatz im Data Processing umfasst die gesamte Datenverarbeitungskette, von Data Modeling bis hin zur Integration von API und IoT.","robots":{"index":"index","follow":"follow","max-snippet":"max-snippet:-1","max-image-preview":"max-image-preview:large","max-video-preview":"max-video-preview:-1"},"canonical":"https:\/\/www.striped-giraffe.com\/de\/technologien\/data-processing\/","og_locale":"de_DE","og_type":"article","og_title":"Data Processing","og_description":"Unser Ansatz im Data Processing umfasst die gesamte Datenverarbeitungskette, von Data Modeling bis hin zur Integration von API und IoT.","og_url":"https:\/\/www.striped-giraffe.com\/de\/technologien\/data-processing\/","og_site_name":"Striped Giraffe","article_modified_time":"2024-12-04T08:19:23+00:00","og_image":[{"width":1400,"height":900,"url":"https:\/\/www.striped-giraffe.com\/wp-content\/uploads\/2024\/10\/Header_Data_Processing.jpg","type":"image\/jpeg"}],"twitter_card":"summary_large_image","twitter_misc":{"Gesch\u00e4tzte Lesezeit":"3\u00a0Minuten"},"schema":{"@context":"https:\/\/schema.org","@graph":[{"@type":"WebPage","@id":"https:\/\/www.striped-giraffe.com\/de\/technologien\/data-processing\/","url":"https:\/\/www.striped-giraffe.com\/de\/technologien\/data-processing\/","name":"Data Processing - Striped Giraffe","isPartOf":{"@id":"https:\/\/www.striped-giraffe.com\/de\/#website"},"datePublished":"2024-10-10T14:41:29+00:00","dateModified":"2024-12-04T08:19:23+00:00","description":"Unser Ansatz im Data Processing umfasst die gesamte Datenverarbeitungskette, von Data Modeling bis hin zur Integration von API und IoT.","breadcrumb":{"@id":"https:\/\/www.striped-giraffe.com\/de\/technologien\/data-processing\/#breadcrumb"},"inLanguage":"de","potentialAction":[{"@type":"ReadAction","target":["https:\/\/www.striped-giraffe.com\/de\/technologien\/data-processing\/"]}]},{"@type":"BreadcrumbList","@id":"https:\/\/www.striped-giraffe.com\/de\/technologien\/data-processing\/#breadcrumb","itemListElement":[{"@type":"ListItem","position":1,"name":"Technologien","item":"https:\/\/www.striped-giraffe.com\/de\/technologien\/"},{"@type":"ListItem","position":2,"name":"Data Processing"}]},{"@type":"WebSite","@id":"https:\/\/www.striped-giraffe.com\/de\/#website","url":"https:\/\/www.striped-giraffe.com\/de\/","name":"Striped Giraffe","description":"Ihr zuverl\u00e4ssiger Anbieter f\u00fcr digitale Enterprise-L\u00f6sungen","publisher":{"@id":"https:\/\/www.striped-giraffe.com\/de\/#organization"},"potentialAction":[{"@type":"SearchAction","target":{"@type":"EntryPoint","urlTemplate":"https:\/\/www.striped-giraffe.com\/de\/?s={search_term_string}"},"query-input":"required name=search_term_string"}],"inLanguage":"de"},{"@type":"Organization","@id":"https:\/\/www.striped-giraffe.com\/de\/#organization","name":"Striped Giraffe","url":"https:\/\/www.striped-giraffe.com\/de\/","logo":{"@type":"ImageObject","inLanguage":"de","@id":"https:\/\/www.striped-giraffe.com\/de\/#\/schema\/logo\/image\/","url":"https:\/\/www.striped-giraffe.com\/wp-content\/uploads\/2021\/01\/giraffe_white.svg","contentUrl":"https:\/\/www.striped-giraffe.com\/wp-content\/uploads\/2021\/01\/giraffe_white.svg","caption":"Striped Giraffe"},"image":{"@id":"https:\/\/www.striped-giraffe.com\/de\/#\/schema\/logo\/image\/"}}]}},"_links":{"self":[{"href":"https:\/\/www.striped-giraffe.com\/de\/wp-json\/wp\/v2\/pages\/38008"}],"collection":[{"href":"https:\/\/www.striped-giraffe.com\/de\/wp-json\/wp\/v2\/pages"}],"about":[{"href":"https:\/\/www.striped-giraffe.com\/de\/wp-json\/wp\/v2\/types\/page"}],"author":[{"embeddable":true,"href":"https:\/\/www.striped-giraffe.com\/de\/wp-json\/wp\/v2\/users\/2"}],"replies":[{"embeddable":true,"href":"https:\/\/www.striped-giraffe.com\/de\/wp-json\/wp\/v2\/comments?post=38008"}],"version-history":[{"count":48,"href":"https:\/\/www.striped-giraffe.com\/de\/wp-json\/wp\/v2\/pages\/38008\/revisions"}],"predecessor-version":[{"id":38906,"href":"https:\/\/www.striped-giraffe.com\/de\/wp-json\/wp\/v2\/pages\/38008\/revisions\/38906"}],"up":[{"embeddable":true,"href":"https:\/\/www.striped-giraffe.com\/de\/wp-json\/wp\/v2\/pages\/38421"}],"wp:featuredmedia":[{"embeddable":true,"href":"https:\/\/www.striped-giraffe.com\/de\/wp-json\/wp\/v2\/media\/38046"}],"wp:attachment":[{"href":"https:\/\/www.striped-giraffe.com\/de\/wp-json\/wp\/v2\/media?parent=38008"}],"curies":[{"name":"wp","href":"https:\/\/api.w.org\/{rel}","templated":true}]}}