{"id":38132,"date":"2024-10-16T08:54:56","date_gmt":"2024-10-16T06:54:56","guid":{"rendered":"https:\/\/www.striped-giraffe.com\/download-ecc-club-studie-channel-magie-copy\/"},"modified":"2024-10-22T11:29:33","modified_gmt":"2024-10-22T09:29:33","slug":"download-ecc-club-studie-plattformgiganten","status":"publish","type":"page","link":"https:\/\/www.striped-giraffe.com\/de\/download-ecc-club-studie-plattformgiganten\/","title":{"rendered":"Download ECC Club Studie \u201eKampf der Plattformgiganten&#8220;"},"content":{"rendered":"<section class=\"wpb-content-wrapper\"><p>[vc_row full_width=&#8220;stretch_row&#8220; full_height=&#8220;yes&#8220; columns_placement=&#8220;bottom&#8220; bg_type=&#8220;image&#8220; parallax_style=&#8220;vcpb-default&#8220; bg_image_new=&#8220;id^38134|url^https:\/\/www.striped-giraffe.com\/wp-content\/uploads\/2024\/10\/ECCCLUBStudie2024_Plattformen_Cover.jpg|caption^ECC CLUB-Studie: Kampf der Plattformgiganten|alt^ECC CLUB Studie E-Commerce|title^ECCCLUBStudie2024_Plattformen_Cover|description^ECC CLUB-Studie: Kampf der Plattformgiganten&#8220; css=&#8220;.vc_custom_1729061949842{margin-left: 50px !important;padding-bottom: 50px !important;background-position: center !important;background-repeat: no-repeat !important;background-size: cover !important;}&#8220;][vc_column][vc_column_text][\/vc_column_text][vc_empty_space][\/vc_column][\/vc_row][vc_row full_width=&#8220;stretch_row&#8220; gap=&#8220;4&#8243; bg_type=&#8220;bg_color&#8220; css=&#8220;.vc_custom_1729080056269{margin-left: 50px !important;padding-top: 50px !important;padding-bottom: 50px !important;}&#8220; bg_color_value=&#8220;#000000&#8243;][vc_column width=&#8220;2\/3&#8243;][vc_column_text]<span style=\"color: #ffffff;\">Marktpl\u00e4tze sind bei Konsumenten sehr beliebt &#8211; sowohl wegen der riesigen Produktauswahl als auch der attraktiven Preise. In den letzten Jahren ist eine ernstzunehmende Konkurrenz an asiatischen Plattformen herangewachsen, die den traditionellen Playern wie Amazon, Otto und ABOUTYOU Konkurrenz machen.<\/span><\/p>\n<p><span style=\"color: #ffffff;\">Shein hat mittlerweile 4,45 % Marktanteil in der Bekleidungsbranche, Temu 3,61 %. Beide sind so erfolgreich durch ihre effiziente Kontrolle der Lieferkette, die es ihnen erm\u00f6glicht, extrem niedrige Preise anzubieten. Sie setzen auf fortschrittliche Technologie und datengetriebene <a style=\"color: #ffffff;\" href=\"https:\/\/www.striped-giraffe.com\/de\/ebook-personalisierung-02\/\">Personalisierung<\/a>, um das Einkaufserlebnis zu optimieren. Zudem nutzen sie Social Commerce und Gamification, um die Kundenbindung zu st\u00e4rken, und profitieren von einer globalen Reichweite, kombiniert mit lokaler Anpassung.<\/span><\/p>\n<p><span style=\"color: #ffffff;\">Durch aggressive Marketingstrategien und Rabattaktionen steigern sie zus\u00e4tzlich die Nachfrage und erzielen hohe Kundenbindung. Dabei richten sie sich vornehmlich an Personen, denen Qualit\u00e4t und Werte wie Nachhaltigkeit eher eine untergeordnete Rolle spielen.<\/span>[\/vc_column_text][\/vc_column][vc_column width=&#8220;1\/3&#8243; css=&#8220;.vc_custom_1677600860336{margin-left: 30px !important;}&#8220;][\/vc_column][\/vc_row][vc_row full_width=&#8220;stretch_row&#8220; gap=&#8220;4&#8243; css=&#8220;.vc_custom_1729079844634{margin-bottom: 50px !important;margin-left: 50px !important;padding-top: 50px !important;padding-bottom: 50px !important;}&#8220;][vc_column width=&#8220;2\/3&#8243;][vc_single_image image=&#8220;38252&#8243; img_size=&#8220;large&#8220; add_caption=&#8220;yes&#8220;][\/vc_column][vc_column width=&#8220;1\/3&#8243; css=&#8220;.vc_custom_1677600860336{margin-left: 30px !important;}&#8220;][\/vc_column][\/vc_row][vc_row el_id=&#8220;downloadsectionstudie2&#8243; css=&#8220;.vc_custom_1681714053344{margin-bottom: 50px !important;}&#8220;][vc_column][\/vc_column][\/vc_row][vc_row gap=&#8220;35&#8243; css=&#8220;.vc_custom_1724317649240{margin-bottom: 100px !important;}&#8220; el_id=&#8220;downloadsection&#8220;][vc_column width=&#8220;1\/3&#8243;][vc_column_text]<\/p>\n<h2 class=\"headline_superbig\">Download<\/h2>\n<p>[\/vc_column_text][vc_empty_space height=&#8220;50&#8243;][vc_single_image image=&#8220;38184&#8243; img_size=&#8220;full&#8220; alignment=&#8220;center&#8220;][\/vc_column][vc_column width=&#8220;2\/3&#8243;][vc_column_text]Laden Sie sich die ECC CLUB Studie &#8222;Kampf der Plattformgiganten&#8220; kostenlos herunter.[\/vc_column_text][vc_empty_space][vc_column_text]<div class='_form_152'><\/div><script type='text\/javascript' src='https:\/\/striped-giraffe.activehosted.com\/f\/embed.php?static=0&id=152&69F7350F4428F&nostyles=0&preview=0'><\/script>[\/vc_column_text][\/vc_column][\/vc_row][vc_row full_width=&#8220;stretch_row&#8220; css=&#8220;.vc_custom_1706183849370{margin-top: 50px !important;margin-bottom: 50px !important;}&#8220;][vc_column][vc_row_inner][vc_column_inner width=&#8220;1\/3&#8243;][vc_column_text]<\/p>\n<h2 class=\"headline_superbig\">Let&#8217;s talk<\/h2>\n<p>[\/vc_column_text][\/vc_column_inner][vc_column_inner width=&#8220;2\/3&#8243;][vc_column_text]<\/p>\n<h3>Brauchen Sie ein <strong>konkretes Angebot<\/strong> oder suchen Sie einen <strong>Sparringspartner<\/strong>, mit dem sie Ideen diskutieren und entwickeln k\u00f6nnen?<\/h3>\n<h3>Dann melden Sie sich:<\/h3>\n<ul>\n<li><a href=\"mailto:experts@striped-giraffe.com\">experts@striped-giraffe.com<\/a><\/li>\n<li><span style=\"color: #ef6c00;\">+49 (0)89-416 126-667<\/span><\/li>\n<\/ul>\n<p>[\/vc_column_text]<a class=\"calendly\" href=\"\" onclick=\"Calendly.initPopupWidget({url: 'https:\/\/calendly.com\/striped-giraffe\/30min'});return false;\">Termin vereinbaren<\/a>[vc_column_text css=&#8220;.vc_custom_1705936147633{margin-top: 32px !important;}&#8220;]<\/p>\n<h3>Wir unterst\u00fctzen Sie gerne.<\/h3>\n<p>[\/vc_column_text][\/vc_column_inner][\/vc_row_inner][\/vc_column][\/vc_row][vc_row full_width=&#8220;stretch_row&#8220; bg_type=&#8220;bg_color&#8220; bg_color_value=&#8220;#000000&#8243;][vc_column][vc_row_inner][vc_column_inner][vc_column_text css=&#8220;.vc_custom_1651048105246{margin-top: 100px !important;}&#8220;]<\/p>\n<h2 class=\"headline_introduction\"><span style=\"color: #ffffff;\">Weitere Insights<\/span><\/h2>\n<p>[\/vc_column_text][\/vc_column_inner][\/vc_row_inner][\/vc_column][\/vc_row][vc_row full_width=&#8220;stretch_row&#8220; gap=&#8220;35&#8243; bg_type=&#8220;bg_color&#8220; css=&#8220;.vc_custom_1609934688295{margin-top: 0px !important;margin-bottom: 0px !important;padding-top: 100px !important;padding-bottom: 100px !important;}&#8220; bg_color_value=&#8220;#000000&#8243;][vc_column][vc_row_inner][vc_column_inner width=&#8220;1\/3&#8243; css=&#8220;.vc_custom_1610013762619{padding-right: 25px !important;}&#8220;][vc_column_text]<\/p>\n<h2><span style=\"color: #ef6c00;\">Wir schaffen Mehrwerte<\/span> <span style=\"color: #ffffff;\">f\u00fcr unsere Kunden.<\/span><\/h2>\n<p><span style=\"color: #ffffff;\">Das f\u00fchrt zu einer langj\u00e4hrigen Zusammenarbeit mit unseren Kunden, die wir sehr sch\u00e4tzen. Noch mehr E-Books, Case Studies und co. finden Sie in unseren <a href=\"https:\/\/www.striped-giraffe.com\/insights\/\">Insights<\/a>.<\/span>[\/vc_column_text][\/vc_column_inner][vc_column_inner width=&#8220;1\/3&#8243;]<div class=\"templatera_shortcode\"><div class=\"vc_row wpb_row vc_row-fluid\"><div class=\"wpb_column vc_column_container vc_col-sm-12\"><div class=\"vc_column-inner\"><div class=\"wpb_wrapper\"><div id='' class='teaserbox  overlay'><div class='teaserbox_inner'><div class='teaserheadline'><h3 style='text-transform:uppercase;color:#ef6c00;font-family:DinWebPro Bold;'>Neues E-Book<\/h3><h2 style='text-transform:none;color:#ffffff;'>ESG - Es ist unsere Verantwortung<\/h2><\/div><div class='teasertext'><div class='wpb_wrapper'>Alles, was Sie jetzt \u00fcber ESG (Environmental, Social and Corporate Governance) wissen m\u00fcssen und wie Sie Ihrer Verantwortung entsprechen k\u00f6nnen.<\/div><\/div><div class='teaserlink'><a href='https:\/\/www.striped-giraffe.com\/de\/esg-ebook\/' style='color:#ffffff;'>Download<\/a><\/div><div class='wpb_single_image desktop_only'><img src='https:\/\/www.striped-giraffe.com\/wp-content\/uploads\/2024\/04\/E-book_ESG.jpg' \/><\/div><div class='wpb_single_image mobile_only'><img src='https:\/\/www.striped-giraffe.com\/wp-content\/uploads\/2024\/04\/E-book_ESG-600x700.jpg' \/><\/div><\/div><\/div><\/div><\/div><\/div><\/div><\/div>[\/vc_column_inner][vc_column_inner width=&#8220;1\/3&#8243;]<div class=\"templatera_shortcode\"><div class=\"vc_row wpb_row vc_row-fluid\"><div class=\"wpb_column vc_column_container vc_col-sm-12\"><div class=\"vc_column-inner\"><div class=\"wpb_wrapper\"><div id='' class='teaserbox  overlay'><div class='teaserbox_inner'><div class='teaserheadline'><h2 style='color:#ef6c00;font-family:DinWebPro Bold;'>B2B Commerce<\/h2><h3 style='color:#ffffff;'>Mehr als nur ein Onlineshop<\/h3><\/div><div class='teasertext'><div class='wpb_wrapper'>Um die Erwartungen der Gesch\u00e4ftskunden zu erf\u00fcllen, m\u00fcssen B2B-Plattformen eine Vielzahl von Funktionen und M\u00f6glichkeiten bieten, die in B2C-Onlineshops nicht zu finden sind.<\/div><\/div><div class='teaserlink'><a href='https:\/\/www.striped-giraffe.com\/de\/ebook-b2b-commerce\/' style='color:#ffffff;'>Download<\/a><\/div><div class='wpb_single_image desktop_only'><img src='https:\/\/www.striped-giraffe.com\/wp-content\/uploads\/2022\/03\/Teaser_E-Book_B2B-Commerce.jpg' \/><\/div><div class='wpb_single_image mobile_only'><img src='https:\/\/www.striped-giraffe.com\/wp-content\/uploads\/2022\/03\/Teaser_E-Book_B2B-Commerce-600x700.jpg' \/><\/div><\/div><\/div><\/div><\/div><\/div><\/div><\/div>[\/vc_column_inner][\/vc_row_inner][\/vc_column][\/vc_row]<\/p>\n<\/section>","protected":false},"excerpt":{"rendered":"Marktpl\u00e4tze sind bei Konsumenten sehr beliebt - sowohl wegen der riesigen Produktauswahl als auch der attraktiven Preise. In den letzten [...]","protected":false},"author":2,"featured_media":38134,"parent":0,"menu_order":0,"comment_status":"closed","ping_status":"closed","template":"page-sidebar.php","meta":{"footnotes":""},"acf":[],"yoast_head":"<!-- This site is optimized with the Yoast SEO Premium plugin v20.5 (Yoast SEO v20.5) - https:\/\/yoast.com\/wordpress\/plugins\/seo\/ -->\n<title>ECC CLUB-Studie \u00fcber den Kampf der Plattformgiganten<\/title>\n<meta name=\"description\" content=\"Temu, Sheine, TikTok Shop - so hei\u00dfen die gro\u00dfen Herausforderer etablierter Marktpl\u00e4tze wie Amazon, Otto &amp; co. Was wird sich f\u00fcr sie \u00e4ndern?\" \/>\n<meta name=\"robots\" content=\"noindex, nofollow\" \/>\n<meta property=\"og:locale\" content=\"de_DE\" \/>\n<meta property=\"og:type\" content=\"article\" \/>\n<meta property=\"og:title\" content=\"Download ECC Club Studie \u201eKampf der Plattformgiganten&quot;\" \/>\n<meta property=\"og:description\" content=\"Temu, Sheine, TikTok Shop - so hei\u00dfen die gro\u00dfen Herausforderer etablierter Marktpl\u00e4tze wie Amazon, Otto &amp; co. Was wird sich f\u00fcr sie \u00e4ndern?\" \/>\n<meta property=\"og:url\" content=\"https:\/\/www.striped-giraffe.com\/de\/download-ecc-club-studie-plattformgiganten\/\" \/>\n<meta property=\"og:site_name\" content=\"Striped Giraffe\" \/>\n<meta property=\"article:modified_time\" content=\"2024-10-22T09:29:33+00:00\" \/>\n<meta property=\"og:image\" content=\"https:\/\/www.striped-giraffe.com\/wp-content\/uploads\/2024\/10\/ECCCLUBStudie2024_Plattformen_Cover.jpg\" \/>\n\t<meta property=\"og:image:width\" content=\"1401\" \/>\n\t<meta property=\"og:image:height\" content=\"900\" \/>\n\t<meta property=\"og:image:type\" content=\"image\/jpeg\" \/>\n<meta name=\"twitter:card\" content=\"summary_large_image\" \/>\n<meta name=\"twitter:label1\" content=\"Gesch\u00e4tzte Lesezeit\" \/>\n\t<meta name=\"twitter:data1\" content=\"2\u00a0Minuten\" \/>\n<script type=\"application\/ld+json\" class=\"yoast-schema-graph\">{\"@context\":\"https:\/\/schema.org\",\"@graph\":[{\"@type\":\"WebPage\",\"@id\":\"https:\/\/www.striped-giraffe.com\/de\/download-ecc-club-studie-plattformgiganten\/\",\"url\":\"https:\/\/www.striped-giraffe.com\/de\/download-ecc-club-studie-plattformgiganten\/\",\"name\":\"ECC CLUB-Studie \u00fcber den Kampf der Plattformgiganten\",\"isPartOf\":{\"@id\":\"https:\/\/www.striped-giraffe.com\/de\/#website\"},\"datePublished\":\"2024-10-16T06:54:56+00:00\",\"dateModified\":\"2024-10-22T09:29:33+00:00\",\"description\":\"Temu, Sheine, TikTok Shop - so hei\u00dfen die gro\u00dfen Herausforderer etablierter Marktpl\u00e4tze wie Amazon, Otto & co. Was wird sich f\u00fcr sie \u00e4ndern?\",\"inLanguage\":\"de\",\"potentialAction\":[{\"@type\":\"ReadAction\",\"target\":[\"https:\/\/www.striped-giraffe.com\/de\/download-ecc-club-studie-plattformgiganten\/\"]}]},{\"@type\":\"WebSite\",\"@id\":\"https:\/\/www.striped-giraffe.com\/de\/#website\",\"url\":\"https:\/\/www.striped-giraffe.com\/de\/\",\"name\":\"Striped Giraffe\",\"description\":\"Ihr zuverl\u00e4ssiger Anbieter f\u00fcr digitale Enterprise-L\u00f6sungen\",\"publisher\":{\"@id\":\"https:\/\/www.striped-giraffe.com\/de\/#organization\"},\"potentialAction\":[{\"@type\":\"SearchAction\",\"target\":{\"@type\":\"EntryPoint\",\"urlTemplate\":\"https:\/\/www.striped-giraffe.com\/de\/?s={search_term_string}\"},\"query-input\":\"required name=search_term_string\"}],\"inLanguage\":\"de\"},{\"@type\":\"Organization\",\"@id\":\"https:\/\/www.striped-giraffe.com\/de\/#organization\",\"name\":\"Striped Giraffe\",\"url\":\"https:\/\/www.striped-giraffe.com\/de\/\",\"logo\":{\"@type\":\"ImageObject\",\"inLanguage\":\"de\",\"@id\":\"https:\/\/www.striped-giraffe.com\/de\/#\/schema\/logo\/image\/\",\"url\":\"https:\/\/www.striped-giraffe.com\/wp-content\/uploads\/2021\/01\/giraffe_white.svg\",\"contentUrl\":\"https:\/\/www.striped-giraffe.com\/wp-content\/uploads\/2021\/01\/giraffe_white.svg\",\"caption\":\"Striped Giraffe\"},\"image\":{\"@id\":\"https:\/\/www.striped-giraffe.com\/de\/#\/schema\/logo\/image\/\"}}]}<\/script>\n<!-- \/ Yoast SEO Premium plugin. -->","yoast_head_json":{"title":"ECC CLUB-Studie \u00fcber den Kampf der Plattformgiganten","description":"Temu, Sheine, TikTok Shop - so hei\u00dfen die gro\u00dfen Herausforderer etablierter Marktpl\u00e4tze wie Amazon, Otto & co. Was wird sich f\u00fcr sie \u00e4ndern?","robots":{"index":"noindex","follow":"nofollow"},"og_locale":"de_DE","og_type":"article","og_title":"Download ECC Club Studie \u201eKampf der Plattformgiganten\"","og_description":"Temu, Sheine, TikTok Shop - so hei\u00dfen die gro\u00dfen Herausforderer etablierter Marktpl\u00e4tze wie Amazon, Otto & co. Was wird sich f\u00fcr sie \u00e4ndern?","og_url":"https:\/\/www.striped-giraffe.com\/de\/download-ecc-club-studie-plattformgiganten\/","og_site_name":"Striped Giraffe","article_modified_time":"2024-10-22T09:29:33+00:00","og_image":[{"width":1401,"height":900,"url":"https:\/\/www.striped-giraffe.com\/wp-content\/uploads\/2024\/10\/ECCCLUBStudie2024_Plattformen_Cover.jpg","type":"image\/jpeg"}],"twitter_card":"summary_large_image","twitter_misc":{"Gesch\u00e4tzte Lesezeit":"2\u00a0Minuten"},"schema":{"@context":"https:\/\/schema.org","@graph":[{"@type":"WebPage","@id":"https:\/\/www.striped-giraffe.com\/de\/download-ecc-club-studie-plattformgiganten\/","url":"https:\/\/www.striped-giraffe.com\/de\/download-ecc-club-studie-plattformgiganten\/","name":"ECC CLUB-Studie \u00fcber den Kampf der Plattformgiganten","isPartOf":{"@id":"https:\/\/www.striped-giraffe.com\/de\/#website"},"datePublished":"2024-10-16T06:54:56+00:00","dateModified":"2024-10-22T09:29:33+00:00","description":"Temu, Sheine, TikTok Shop - so hei\u00dfen die gro\u00dfen Herausforderer etablierter Marktpl\u00e4tze wie Amazon, Otto & co. Was wird sich f\u00fcr sie \u00e4ndern?","inLanguage":"de","potentialAction":[{"@type":"ReadAction","target":["https:\/\/www.striped-giraffe.com\/de\/download-ecc-club-studie-plattformgiganten\/"]}]},{"@type":"WebSite","@id":"https:\/\/www.striped-giraffe.com\/de\/#website","url":"https:\/\/www.striped-giraffe.com\/de\/","name":"Striped Giraffe","description":"Ihr zuverl\u00e4ssiger Anbieter f\u00fcr digitale Enterprise-L\u00f6sungen","publisher":{"@id":"https:\/\/www.striped-giraffe.com\/de\/#organization"},"potentialAction":[{"@type":"SearchAction","target":{"@type":"EntryPoint","urlTemplate":"https:\/\/www.striped-giraffe.com\/de\/?s={search_term_string}"},"query-input":"required name=search_term_string"}],"inLanguage":"de"},{"@type":"Organization","@id":"https:\/\/www.striped-giraffe.com\/de\/#organization","name":"Striped Giraffe","url":"https:\/\/www.striped-giraffe.com\/de\/","logo":{"@type":"ImageObject","inLanguage":"de","@id":"https:\/\/www.striped-giraffe.com\/de\/#\/schema\/logo\/image\/","url":"https:\/\/www.striped-giraffe.com\/wp-content\/uploads\/2021\/01\/giraffe_white.svg","contentUrl":"https:\/\/www.striped-giraffe.com\/wp-content\/uploads\/2021\/01\/giraffe_white.svg","caption":"Striped Giraffe"},"image":{"@id":"https:\/\/www.striped-giraffe.com\/de\/#\/schema\/logo\/image\/"}}]}},"_links":{"self":[{"href":"https:\/\/www.striped-giraffe.com\/de\/wp-json\/wp\/v2\/pages\/38132"}],"collection":[{"href":"https:\/\/www.striped-giraffe.com\/de\/wp-json\/wp\/v2\/pages"}],"about":[{"href":"https:\/\/www.striped-giraffe.com\/de\/wp-json\/wp\/v2\/types\/page"}],"author":[{"embeddable":true,"href":"https:\/\/www.striped-giraffe.com\/de\/wp-json\/wp\/v2\/users\/2"}],"replies":[{"embeddable":true,"href":"https:\/\/www.striped-giraffe.com\/de\/wp-json\/wp\/v2\/comments?post=38132"}],"version-history":[{"count":18,"href":"https:\/\/www.striped-giraffe.com\/de\/wp-json\/wp\/v2\/pages\/38132\/revisions"}],"predecessor-version":[{"id":38260,"href":"https:\/\/www.striped-giraffe.com\/de\/wp-json\/wp\/v2\/pages\/38132\/revisions\/38260"}],"wp:featuredmedia":[{"embeddable":true,"href":"https:\/\/www.striped-giraffe.com\/de\/wp-json\/wp\/v2\/media\/38134"}],"wp:attachment":[{"href":"https:\/\/www.striped-giraffe.com\/de\/wp-json\/wp\/v2\/media?parent=38132"}],"curies":[{"name":"wp","href":"https:\/\/api.w.org\/{rel}","templated":true}]}}