{"id":38317,"date":"2024-10-28T16:33:40","date_gmt":"2024-10-28T15:33:40","guid":{"rendered":"https:\/\/www.striped-giraffe.com\/?page_id=38317"},"modified":"2024-12-04T09:20:32","modified_gmt":"2024-12-04T08:20:32","slug":"data-analytics","status":"publish","type":"page","link":"https:\/\/www.striped-giraffe.com\/de\/technologien\/data-analytics\/","title":{"rendered":"Data Analytics"},"content":{"rendered":"<section class=\"wpb-content-wrapper\"><p>[vc_row full_width=&#8220;stretch_row&#8220; bg_type=&#8220;image&#8220; parallax_style=&#8220;vcpb-default&#8220; bg_image_new=&#8220;id^38384|url^https:\/\/www.striped-giraffe.com\/wp-content\/uploads\/2024\/10\/Header_Technology_Data_Analytics.jpg|caption^Data Analytics by Striped Giraffe|alt^Data Analytics|title^Conceito de intelig\u00eancia artificial com placa de circuito ilumi|description^Data Analytics by Striped Giraffe&#8220; css=&#8220;.vc_custom_1730297596930{padding-top: 200px !important;padding-bottom: 350px !important;}&#8220;][vc_column][vc_column_text]<\/p>\n<h1><span style=\"color: #ffffff;\">Data Analytics<\/span><\/h1>\n<h1><\/h1>\n<p>[\/vc_column_text][\/vc_column][\/vc_row][vc_row gap=&#8220;35&#8243; el_class=&#8220;closetotop&#8220; css=&#8220;.vc_custom_1730297549594{padding-top: 50px !important;padding-bottom: 50px !important;background-color: #ffffff !important;}&#8220;][vc_column][vc_column_text]<\/p>\n<h2 class=\"headline_introduction\" style=\"text-align: center;\">Mit datenbasierten Insights lassen sich fundierte Gesch\u00e4fts-Entscheidungen treffen.<\/h2>\n<p>[\/vc_column_text][\/vc_column][\/vc_row][vc_row gap=&#8220;35&#8243; css=&#8220;.vc_custom_1727365832572{margin-bottom: 50px !important;background-color: #ffffff !important;}&#8220;][vc_column width=&#8220;1\/3&#8243;][vc_column_text]<\/p>\n<h2 class=\"headline_superbig\">Was wir bieten<\/h2>\n<p>[\/vc_column_text][\/vc_column][vc_column width=&#8220;2\/3&#8243;][vc_column_text]Unsere L\u00f6sungen f\u00fcr die Datenanalyse sind darauf ausgelegt, Unternehmen bei fundierten Entscheidungen zu unterst\u00fctzen, indem sie komplexe Daten in klare, umsetzbare Erkenntnisse umwandeln. Mit einer soliden Grundlage in den Bereichen <a href=\"https:\/\/www.striped-giraffe.com\/de\/expertise\/datenmanagement\/agile-data-warehouse\/\">Data Warehousing (DWH)<\/a>, Datenbankverwaltung, sichere Datenspeicherung, <a href=\"https:\/\/www.striped-giraffe.com\/de\/expertise\/datenmanagement\/business_intelligence\/\">Business Intelligence (BI)<\/a> und Big Data erm\u00f6glichen wir es Unternehmen, Rohdaten in verwertbare Erkenntnisse umzuwandeln, die fundierte Entscheidungen und messbare Ergebnisse erm\u00f6glichen.[\/vc_column_text][\/vc_column][\/vc_row][vc_row gap=&#8220;35&#8243; css=&#8220;.vc_custom_1728903751240{background-color: #ffffff !important;}&#8220;][vc_column width=&#8220;1\/3&#8243;][vc_column_text]<\/p>\n<h2 class=\"headline_superbig\">Unsere<br \/>\nTechnologien<\/h2>\n<p>[\/vc_column_text][\/vc_column][vc_column width=&#8220;2\/3&#8243;][vc_column_text]<\/p>\n<h2>Data Warehousing (DWH)<\/h2>\n<p>Zentralisieren und optimieren Sie Ihre Daten mit skalierbaren und sicheren Data Warehousing-L\u00f6sungen, die eine effiziente Datenkonsolidierung und optimierte Speicherung f\u00fcr einen nahtlosen Zugriff und eine nahtlose Analyse erm\u00f6glichen.[\/vc_column_text][\/vc_column][\/vc_row][vc_row gap=&#8220;35&#8243; css=&#8220;.vc_custom_1730276360047{background-color: #ffffff !important;}&#8220;][vc_column width=&#8220;2\/6&#8243;][\/vc_column][vc_column width=&#8220;1\/6&#8243;][vc_single_image image=&#8220;38324&#8243; img_size=&#8220;medium&#8220; alignment=&#8220;center&#8220;][\/vc_column][vc_column width=&#8220;1\/6&#8243;][vc_single_image image=&#8220;38326&#8243; img_size=&#8220;medium&#8220; alignment=&#8220;center&#8220;][\/vc_column][vc_column width=&#8220;1\/6&#8243;][vc_single_image image=&#8220;38212&#8243; img_size=&#8220;medium&#8220; alignment=&#8220;center&#8220;][\/vc_column][vc_column width=&#8220;1\/6&#8243;][vc_single_image image=&#8220;38328&#8243; img_size=&#8220;medium&#8220; alignment=&#8220;center&#8220;][\/vc_column][\/vc_row][vc_row gap=&#8220;35&#8243; css=&#8220;.vc_custom_1729777934950{margin-bottom: 100px !important;background-color: #ffffff !important;}&#8220;][vc_column width=&#8220;2\/6&#8243;][\/vc_column][vc_column width=&#8220;1\/6&#8243;][vc_single_image image=&#8220;38331&#8243; img_size=&#8220;medium&#8220; alignment=&#8220;center&#8220;][\/vc_column][vc_column width=&#8220;1\/6&#8243;][vc_single_image image=&#8220;38334&#8243; img_size=&#8220;medium&#8220; alignment=&#8220;center&#8220;][\/vc_column][vc_column width=&#8220;1\/6&#8243;][vc_single_image image=&#8220;38336&#8243; img_size=&#8220;medium&#8220; alignment=&#8220;center&#8220;][\/vc_column][vc_column width=&#8220;1\/6&#8243;][\/vc_column][\/vc_row][vc_row][vc_column width=&#8220;1\/3&#8243;][\/vc_column][vc_column width=&#8220;2\/3&#8243;][vc_column_text]<\/p>\n<h2>Datenbanken und Datenspeicherung<\/h2>\n<p>Wir entwerfen und implementieren robuste Datenbanken, die Daten im gesamten Unternehmen verwalten. Bei unseren Speicherl\u00f6sungen stehen Skalierbarkeit und Ausfallsicherheit im Vordergrund, um sicherzustellen, dass Ihre Datenbest\u00e4nde sicher sind und bei Bedarf abgerufen werden k\u00f6nnen.[\/vc_column_text][\/vc_column][\/vc_row][vc_row gap=&#8220;35&#8243; css=&#8220;.vc_custom_1728903728437{background-color: #ffffff !important;}&#8220;][vc_column width=&#8220;2\/6&#8243;][\/vc_column][vc_column width=&#8220;1\/6&#8243;][vc_single_image image=&#8220;38339&#8243; img_size=&#8220;medium&#8220; alignment=&#8220;center&#8220;][\/vc_column][vc_column width=&#8220;1\/6&#8243;][vc_single_image image=&#8220;38344&#8243; img_size=&#8220;medium&#8220; alignment=&#8220;center&#8220;][\/vc_column][vc_column width=&#8220;1\/6&#8243;][vc_single_image image=&#8220;38088&#8243; img_size=&#8220;medium&#8220; alignment=&#8220;center&#8220;][\/vc_column][vc_column width=&#8220;1\/6&#8243;][vc_single_image image=&#8220;38341&#8243; img_size=&#8220;medium&#8220; alignment=&#8220;center&#8220;][\/vc_column][\/vc_row][vc_row gap=&#8220;35&#8243; css=&#8220;.vc_custom_1728903728437{background-color: #ffffff !important;}&#8220;][vc_column width=&#8220;2\/6&#8243;][\/vc_column][vc_column width=&#8220;1\/6&#8243;][vc_single_image image=&#8220;38353&#8243; img_size=&#8220;medium&#8220; alignment=&#8220;center&#8220;][\/vc_column][vc_column width=&#8220;1\/6&#8243;][vc_single_image image=&#8220;38212&#8243; img_size=&#8220;medium&#8220; alignment=&#8220;center&#8220;][\/vc_column][vc_column width=&#8220;1\/6&#8243;][vc_single_image image=&#8220;38355&#8243; img_size=&#8220;medium&#8220; alignment=&#8220;center&#8220;][\/vc_column][vc_column width=&#8220;1\/6&#8243;][vc_single_image image=&#8220;38371&#8243; img_size=&#8220;medium&#8220; alignment=&#8220;center&#8220;][\/vc_column][\/vc_row][vc_row gap=&#8220;35&#8243; css=&#8220;.vc_custom_1728903728437{background-color: #ffffff !important;}&#8220;][vc_column width=&#8220;2\/6&#8243;][\/vc_column][vc_column width=&#8220;1\/6&#8243;][vc_single_image image=&#8220;38375&#8243; img_size=&#8220;medium&#8220; alignment=&#8220;center&#8220;][\/vc_column][vc_column width=&#8220;1\/6&#8243;][vc_single_image image=&#8220;38377&#8243; img_size=&#8220;medium&#8220; alignment=&#8220;center&#8220;][\/vc_column][vc_column width=&#8220;1\/6&#8243;][vc_single_image image=&#8220;38359&#8243; img_size=&#8220;medium&#8220; alignment=&#8220;center&#8220;][\/vc_column][vc_column width=&#8220;1\/6&#8243;][vc_single_image image=&#8220;38349&#8243; img_size=&#8220;medium&#8220; alignment=&#8220;center&#8220;][\/vc_column][\/vc_row][vc_row gap=&#8220;35&#8243; css=&#8220;.vc_custom_1728921733345{margin-bottom: 100px !important;background-color: #ffffff !important;}&#8220;][vc_column width=&#8220;2\/6&#8243;][\/vc_column][vc_column width=&#8220;1\/6&#8243;][vc_single_image image=&#8220;38324&#8243; img_size=&#8220;medium&#8220; alignment=&#8220;center&#8220;][\/vc_column][vc_column width=&#8220;1\/6&#8243;][vc_single_image image=&#8220;38347&#8243; img_size=&#8220;medium&#8220; alignment=&#8220;center&#8220;][\/vc_column][vc_column width=&#8220;1\/6&#8243;][\/vc_column][vc_column width=&#8220;1\/6&#8243;][\/vc_column][\/vc_row][vc_row][vc_column width=&#8220;1\/3&#8243;][\/vc_column][vc_column width=&#8220;2\/3&#8243;][vc_column_text]<\/p>\n<h2>Business Intelligence (BI)<\/h2>\n<p>Mithilfe fortschrittlicher BI-Tools k\u00f6nnen Entscheidungstr\u00e4ger in Echtzeit auf wichtige Insights zugreifen. Unsere BI-L\u00f6sungen sind darauf ausgelegt, den richtigen Personen relevante Informationen bereitzustellen, um die Produktivit\u00e4t zu maximieren und das strategische Wachstum zu f\u00f6rdern.[\/vc_column_text][\/vc_column][\/vc_row][vc_row gap=&#8220;35&#8243; css=&#8220;.vc_custom_1730302369004{background-color: #ffffff !important;}&#8220;][vc_column width=&#8220;2\/6&#8243;][\/vc_column][vc_column width=&#8220;1\/6&#8243;][vc_single_image image=&#8220;38391&#8243; img_size=&#8220;medium&#8220;][\/vc_column][vc_column width=&#8220;1\/6&#8243;][vc_single_image image=&#8220;38394&#8243; img_size=&#8220;medium&#8220;][\/vc_column][vc_column width=&#8220;1\/6&#8243;][vc_single_image image=&#8220;38396&#8243; img_size=&#8220;medium&#8220;][\/vc_column][vc_column width=&#8220;1\/6&#8243;][vc_single_image image=&#8220;38398&#8243; img_size=&#8220;medium&#8220;][\/vc_column][\/vc_row][vc_row gap=&#8220;35&#8243; css=&#8220;.vc_custom_1730302374380{margin-bottom: 100px !important;background-color: #ffffff !important;}&#8220;][vc_column width=&#8220;2\/6&#8243;][\/vc_column][vc_column width=&#8220;1\/6&#8243;][vc_single_image image=&#8220;38339&#8243; img_size=&#8220;medium&#8220;][\/vc_column][vc_column width=&#8220;1\/6&#8243;][vc_single_image image=&#8220;38212&#8243; img_size=&#8220;medium&#8220;][\/vc_column][vc_column width=&#8220;1\/6&#8243;][\/vc_column][vc_column width=&#8220;1\/6&#8243;][\/vc_column][\/vc_row][vc_row][vc_column width=&#8220;1\/3&#8243;][\/vc_column][vc_column width=&#8220;2\/3&#8243;][vc_column_text]<\/p>\n<h2>Big Data<\/h2>\n<p>Mit unserer Big-Data-Expertise helfen wir Unternehmen, riesige Datenmengen zu bew\u00e4ltigen und diese Informationen zu nutzen, um Trends aufzudecken, Ergebnisse vorherzusagen und die allgemeine Gesch\u00e4ftsstrategie zu verbessern.[\/vc_column_text][\/vc_column][\/vc_row][vc_row gap=&#8220;35&#8243; css=&#8220;.vc_custom_1730302798591{margin-bottom: 100px !important;background-color: #ffffff !important;}&#8220;][vc_column width=&#8220;2\/6&#8243;][\/vc_column][vc_column width=&#8220;1\/6&#8243;][vc_single_image image=&#8220;38404&#8243; img_size=&#8220;medium&#8220;][\/vc_column][vc_column width=&#8220;1\/6&#8243;][vc_single_image image=&#8220;38125&#8243; img_size=&#8220;medium&#8220;][\/vc_column][vc_column width=&#8220;1\/6&#8243;][vc_single_image image=&#8220;38122&#8243; img_size=&#8220;medium&#8220;][\/vc_column][vc_column width=&#8220;1\/6&#8243;][\/vc_column][\/vc_row][vc_row full_width=&#8220;stretch_row&#8220; gap=&#8220;35&#8243; bg_type=&#8220;bg_color&#8220; css=&#8220;.vc_custom_1729503505109{margin-bottom: 50px !important;padding-top: 50px !important;padding-bottom: 50px !important;background-color: #ffffff !important;}&#8220; bg_color_value=&#8220;#000000&#8243;][vc_column width=&#8220;1\/3&#8243;][\/vc_column][vc_column width=&#8220;2\/3&#8243;][vc_column_text]<span style=\"color: #ffffff;\">Unser Fachwissen in diesen Bereichen erm\u00f6glicht es Ihrem Unternehmen, wettbewerbsf\u00e4hig und agil zu bleiben. Wir helfen Ihnen dabei, fortschrittliche Datenanalysen zu nutzen, um Daten zu Ihrem wertvollsten Kapital zu machen.<\/span><\/p>\n<p><span style=\"color: #ffffff;\">Ist Ihre L\u00f6sung nicht dabei? Sprechen Sie uns an und wir kl\u00e4ren gemeinsam, wer Ihnen aus unserem Haus oder unserem Experten-Netzwerk weiterhelfen kann.<\/span>[\/vc_column_text][\/vc_column][\/vc_row][vc_row full_width=&#8220;stretch_row&#8220; css=&#8220;.vc_custom_1706183849370{margin-top: 50px !important;margin-bottom: 50px !important;}&#8220;][vc_column][vc_row_inner][vc_column_inner width=&#8220;1\/3&#8243;][vc_column_text]<\/p>\n<h2 class=\"headline_superbig\">Let&#8217;s talk<\/h2>\n<p>[\/vc_column_text][\/vc_column_inner][vc_column_inner width=&#8220;2\/3&#8243;][vc_column_text]<\/p>\n<h3>Brauchen Sie ein <strong>konkretes Angebot<\/strong> oder suchen Sie einen <strong>Sparringspartner<\/strong>, mit dem sie Ideen diskutieren und entwickeln k\u00f6nnen?<\/h3>\n<h3>Dann melden Sie sich:<\/h3>\n<ul>\n<li><a href=\"mailto:experts@striped-giraffe.com\">experts@striped-giraffe.com<\/a><\/li>\n<li><span style=\"color: #ef6c00;\">+49 (0)89-416 126-667<\/span><\/li>\n<\/ul>\n<p>[\/vc_column_text]<a class=\"calendly\" href=\"\" onclick=\"Calendly.initPopupWidget({url: 'https:\/\/calendly.com\/striped-giraffe\/30min'});return false;\">Termin vereinbaren<\/a>[vc_column_text css=&#8220;.vc_custom_1705936147633{margin-top: 32px !important;}&#8220;]<\/p>\n<h3>Wir unterst\u00fctzen Sie gerne.<\/h3>\n<p>[\/vc_column_text][\/vc_column_inner][\/vc_row_inner][\/vc_column][\/vc_row][vc_row][vc_column][vc_empty_space height=&#8220;100px&#8220;][\/vc_column][\/vc_row]<\/p>\n<\/section>","protected":false},"excerpt":{"rendered":"<p>[vc_row full_width=&#8220;stretch_row&#8220; bg_type=&#8220;image&#8220; parallax_style=&#8220;vcpb-default&#8220; bg_image_new=&#8220;id^38384|url^https:\/\/www.striped-giraffe.com\/wp-content\/uploads\/2024\/10\/Header_Technology_Data_Analytics.jpg|caption^Data Analytics by Striped Giraffe|alt^Data Analytics|title^Conceito de intelig\u00eancia artificial com placa de circuito ilumi|description^Data Analytics by [&hellip;]<\/p>\n","protected":false},"author":2,"featured_media":0,"parent":38421,"menu_order":0,"comment_status":"closed","ping_status":"closed","template":"","meta":{"footnotes":""},"acf":[],"yoast_head":"<!-- This site is optimized with the Yoast SEO Premium plugin v20.5 (Yoast SEO v20.5) - https:\/\/yoast.com\/wordpress\/plugins\/seo\/ -->\n<title>Data Analytics - Striped Giraffe<\/title>\n<meta name=\"description\" content=\"Mit Data Analytics bieten wir L\u00f6sungen, um Ihre Daten effizient zu verarbeiten, zu analysieren und f\u00fcr fundierte Entscheidungen zu nutzen.\" \/>\n<meta name=\"robots\" content=\"index, follow, max-snippet:-1, max-image-preview:large, max-video-preview:-1\" \/>\n<link rel=\"canonical\" href=\"https:\/\/www.striped-giraffe.com\/de\/technologien\/data-analytics\/\" \/>\n<meta property=\"og:locale\" content=\"de_DE\" \/>\n<meta property=\"og:type\" content=\"article\" \/>\n<meta property=\"og:title\" content=\"Data Analytics\" \/>\n<meta property=\"og:description\" content=\"Mit Data Analytics bieten wir L\u00f6sungen, um Ihre Daten effizient zu verarbeiten, zu analysieren und f\u00fcr fundierte Entscheidungen zu nutzen.\" \/>\n<meta property=\"og:url\" content=\"https:\/\/www.striped-giraffe.com\/de\/technologien\/data-analytics\/\" \/>\n<meta property=\"og:site_name\" content=\"Striped Giraffe\" \/>\n<meta property=\"article:modified_time\" content=\"2024-12-04T08:20:32+00:00\" \/>\n<meta name=\"twitter:card\" content=\"summary_large_image\" \/>\n<meta name=\"twitter:label1\" content=\"Gesch\u00e4tzte Lesezeit\" \/>\n\t<meta name=\"twitter:data1\" content=\"4\u00a0Minuten\" \/>\n<script type=\"application\/ld+json\" class=\"yoast-schema-graph\">{\"@context\":\"https:\/\/schema.org\",\"@graph\":[{\"@type\":\"WebPage\",\"@id\":\"https:\/\/www.striped-giraffe.com\/de\/technologien\/data-analytics\/\",\"url\":\"https:\/\/www.striped-giraffe.com\/de\/technologien\/data-analytics\/\",\"name\":\"Data Analytics - Striped Giraffe\",\"isPartOf\":{\"@id\":\"https:\/\/www.striped-giraffe.com\/de\/#website\"},\"datePublished\":\"2024-10-28T15:33:40+00:00\",\"dateModified\":\"2024-12-04T08:20:32+00:00\",\"description\":\"Mit Data Analytics bieten wir L\u00f6sungen, um Ihre Daten effizient zu verarbeiten, zu analysieren und f\u00fcr fundierte Entscheidungen zu nutzen.\",\"breadcrumb\":{\"@id\":\"https:\/\/www.striped-giraffe.com\/de\/technologien\/data-analytics\/#breadcrumb\"},\"inLanguage\":\"de\",\"potentialAction\":[{\"@type\":\"ReadAction\",\"target\":[\"https:\/\/www.striped-giraffe.com\/de\/technologien\/data-analytics\/\"]}]},{\"@type\":\"BreadcrumbList\",\"@id\":\"https:\/\/www.striped-giraffe.com\/de\/technologien\/data-analytics\/#breadcrumb\",\"itemListElement\":[{\"@type\":\"ListItem\",\"position\":1,\"name\":\"Technologien\",\"item\":\"https:\/\/www.striped-giraffe.com\/de\/technologien\/\"},{\"@type\":\"ListItem\",\"position\":2,\"name\":\"Data Analytics\"}]},{\"@type\":\"WebSite\",\"@id\":\"https:\/\/www.striped-giraffe.com\/de\/#website\",\"url\":\"https:\/\/www.striped-giraffe.com\/de\/\",\"name\":\"Striped Giraffe\",\"description\":\"Ihr zuverl\u00e4ssiger Anbieter f\u00fcr digitale Enterprise-L\u00f6sungen\",\"publisher\":{\"@id\":\"https:\/\/www.striped-giraffe.com\/de\/#organization\"},\"potentialAction\":[{\"@type\":\"SearchAction\",\"target\":{\"@type\":\"EntryPoint\",\"urlTemplate\":\"https:\/\/www.striped-giraffe.com\/de\/?s={search_term_string}\"},\"query-input\":\"required name=search_term_string\"}],\"inLanguage\":\"de\"},{\"@type\":\"Organization\",\"@id\":\"https:\/\/www.striped-giraffe.com\/de\/#organization\",\"name\":\"Striped Giraffe\",\"url\":\"https:\/\/www.striped-giraffe.com\/de\/\",\"logo\":{\"@type\":\"ImageObject\",\"inLanguage\":\"de\",\"@id\":\"https:\/\/www.striped-giraffe.com\/de\/#\/schema\/logo\/image\/\",\"url\":\"https:\/\/www.striped-giraffe.com\/wp-content\/uploads\/2021\/01\/giraffe_white.svg\",\"contentUrl\":\"https:\/\/www.striped-giraffe.com\/wp-content\/uploads\/2021\/01\/giraffe_white.svg\",\"caption\":\"Striped Giraffe\"},\"image\":{\"@id\":\"https:\/\/www.striped-giraffe.com\/de\/#\/schema\/logo\/image\/\"}}]}<\/script>\n<!-- \/ Yoast SEO Premium plugin. -->","yoast_head_json":{"title":"Data Analytics - Striped Giraffe","description":"Mit Data Analytics bieten wir L\u00f6sungen, um Ihre Daten effizient zu verarbeiten, zu analysieren und f\u00fcr fundierte Entscheidungen zu nutzen.","robots":{"index":"index","follow":"follow","max-snippet":"max-snippet:-1","max-image-preview":"max-image-preview:large","max-video-preview":"max-video-preview:-1"},"canonical":"https:\/\/www.striped-giraffe.com\/de\/technologien\/data-analytics\/","og_locale":"de_DE","og_type":"article","og_title":"Data Analytics","og_description":"Mit Data Analytics bieten wir L\u00f6sungen, um Ihre Daten effizient zu verarbeiten, zu analysieren und f\u00fcr fundierte Entscheidungen zu nutzen.","og_url":"https:\/\/www.striped-giraffe.com\/de\/technologien\/data-analytics\/","og_site_name":"Striped Giraffe","article_modified_time":"2024-12-04T08:20:32+00:00","twitter_card":"summary_large_image","twitter_misc":{"Gesch\u00e4tzte Lesezeit":"4\u00a0Minuten"},"schema":{"@context":"https:\/\/schema.org","@graph":[{"@type":"WebPage","@id":"https:\/\/www.striped-giraffe.com\/de\/technologien\/data-analytics\/","url":"https:\/\/www.striped-giraffe.com\/de\/technologien\/data-analytics\/","name":"Data Analytics - Striped Giraffe","isPartOf":{"@id":"https:\/\/www.striped-giraffe.com\/de\/#website"},"datePublished":"2024-10-28T15:33:40+00:00","dateModified":"2024-12-04T08:20:32+00:00","description":"Mit Data Analytics bieten wir L\u00f6sungen, um Ihre Daten effizient zu verarbeiten, zu analysieren und f\u00fcr fundierte Entscheidungen zu nutzen.","breadcrumb":{"@id":"https:\/\/www.striped-giraffe.com\/de\/technologien\/data-analytics\/#breadcrumb"},"inLanguage":"de","potentialAction":[{"@type":"ReadAction","target":["https:\/\/www.striped-giraffe.com\/de\/technologien\/data-analytics\/"]}]},{"@type":"BreadcrumbList","@id":"https:\/\/www.striped-giraffe.com\/de\/technologien\/data-analytics\/#breadcrumb","itemListElement":[{"@type":"ListItem","position":1,"name":"Technologien","item":"https:\/\/www.striped-giraffe.com\/de\/technologien\/"},{"@type":"ListItem","position":2,"name":"Data Analytics"}]},{"@type":"WebSite","@id":"https:\/\/www.striped-giraffe.com\/de\/#website","url":"https:\/\/www.striped-giraffe.com\/de\/","name":"Striped Giraffe","description":"Ihr zuverl\u00e4ssiger Anbieter f\u00fcr digitale Enterprise-L\u00f6sungen","publisher":{"@id":"https:\/\/www.striped-giraffe.com\/de\/#organization"},"potentialAction":[{"@type":"SearchAction","target":{"@type":"EntryPoint","urlTemplate":"https:\/\/www.striped-giraffe.com\/de\/?s={search_term_string}"},"query-input":"required name=search_term_string"}],"inLanguage":"de"},{"@type":"Organization","@id":"https:\/\/www.striped-giraffe.com\/de\/#organization","name":"Striped Giraffe","url":"https:\/\/www.striped-giraffe.com\/de\/","logo":{"@type":"ImageObject","inLanguage":"de","@id":"https:\/\/www.striped-giraffe.com\/de\/#\/schema\/logo\/image\/","url":"https:\/\/www.striped-giraffe.com\/wp-content\/uploads\/2021\/01\/giraffe_white.svg","contentUrl":"https:\/\/www.striped-giraffe.com\/wp-content\/uploads\/2021\/01\/giraffe_white.svg","caption":"Striped Giraffe"},"image":{"@id":"https:\/\/www.striped-giraffe.com\/de\/#\/schema\/logo\/image\/"}}]}},"_links":{"self":[{"href":"https:\/\/www.striped-giraffe.com\/de\/wp-json\/wp\/v2\/pages\/38317"}],"collection":[{"href":"https:\/\/www.striped-giraffe.com\/de\/wp-json\/wp\/v2\/pages"}],"about":[{"href":"https:\/\/www.striped-giraffe.com\/de\/wp-json\/wp\/v2\/types\/page"}],"author":[{"embeddable":true,"href":"https:\/\/www.striped-giraffe.com\/de\/wp-json\/wp\/v2\/users\/2"}],"replies":[{"embeddable":true,"href":"https:\/\/www.striped-giraffe.com\/de\/wp-json\/wp\/v2\/comments?post=38317"}],"version-history":[{"count":26,"href":"https:\/\/www.striped-giraffe.com\/de\/wp-json\/wp\/v2\/pages\/38317\/revisions"}],"predecessor-version":[{"id":38407,"href":"https:\/\/www.striped-giraffe.com\/de\/wp-json\/wp\/v2\/pages\/38317\/revisions\/38407"}],"up":[{"embeddable":true,"href":"https:\/\/www.striped-giraffe.com\/de\/wp-json\/wp\/v2\/pages\/38421"}],"wp:attachment":[{"href":"https:\/\/www.striped-giraffe.com\/de\/wp-json\/wp\/v2\/media?parent=38317"}],"curies":[{"name":"wp","href":"https:\/\/api.w.org\/{rel}","templated":true}]}}