{"id":38421,"date":"2024-10-31T10:39:17","date_gmt":"2024-10-31T09:39:17","guid":{"rendered":"https:\/\/www.striped-giraffe.com\/expertise-copy\/"},"modified":"2024-12-04T12:32:34","modified_gmt":"2024-12-04T11:32:34","slug":"technologien","status":"publish","type":"page","link":"https:\/\/www.striped-giraffe.com\/de\/technologien\/","title":{"rendered":"Technologien"},"content":{"rendered":"<section class=\"wpb-content-wrapper\"><p>[vc_row css=&#8220;.vc_custom_1733311879326{margin-top: 200px !important;}&#8220;][vc_column width=&#8220;1\/3&#8243;][vc_column_text css=&#8220;.vc_custom_1730369116750{padding-right: 35px !important;}&#8220;]<\/p>\n<h2 class=\"headline_superbig\">Unsere<br \/>\nExpertise<br \/>\nf\u00fcr Ihren Erfolg<\/h2>\n<p>Unsere IT-Experten beherrschen eine Vielzahl an Technologien in unseren Kernbereichen. Falls die von Ihnen gesuchte Technologie nicht dabei ist, geben Sie uns Bescheid. Mit Sicherheit k\u00f6nnen wir Ihnen einen Profi aus unserem Netzwerk vermitteln.[\/vc_column_text][\/vc_column][vc_column width=&#8220;1\/3&#8243;]<div id='' class='teaserbox  nooverlay'><div class='teaserbox_inner'><div class='teaserheadline'><h2 style='color:#ffffff;font-family:DinWebPro Bold;'>E-Commerce<\/h2><h3 style='color:#ffffff;'>inkl. PIM\/PCM<\/h3><\/div><div class='teaserlink'><a href='https:\/\/www.striped-giraffe.com\/de\/technologien\/ecommerce-systeme\/' style='color:#ffffff;'>Mehr Details<\/a><\/div><div class='wpb_single_image desktop_only'><img src='https:\/\/www.striped-giraffe.com\/wp-content\/uploads\/2024\/11\/Teaser_Technologies_E-Commerce.jpg' \/><\/div><div class='wpb_single_image mobile_only'><img src='https:\/\/www.striped-giraffe.com\/wp-content\/uploads\/2024\/11\/Teaser_Technologies_E-Commerce-600x700.jpg' \/><\/div><\/div><\/div>[\/vc_column][vc_column width=&#8220;1\/3&#8243;]<div id='' class='teaserbox  nooverlay'><div class='teaserbox_inner'><div class='teaserheadline'><h2 style='color:#ffffff;font-family:DinWebPro Bold;'>CMS<\/h2><h3 style='color:#ffffff;'><\/h3><\/div><div class='teaserlink'><a href='https:\/\/www.striped-giraffe.com\/de\/technologien\/cms\/' style='color:#ffffff;'>Mehr Details<\/a><\/div><div class='wpb_single_image desktop_only'><img src='https:\/\/www.striped-giraffe.com\/wp-content\/uploads\/2024\/10\/Teaser_Technologies_CMS.jpg' \/><\/div><div class='wpb_single_image mobile_only'><img src='https:\/\/www.striped-giraffe.com\/wp-content\/uploads\/2024\/10\/Teaser_Technologies_CMS-600x700.jpg' \/><\/div><\/div><\/div>[\/vc_column][\/vc_row][vc_row css=&#8220;.vc_custom_1733311896565{margin-bottom: 100px !important;}&#8220;][vc_column width=&#8220;1\/3&#8243;]<div id='' class='teaserbox  nooverlay'><div class='teaserbox_inner'><div class='teaserheadline'><h2 style='color:#ffffff;font-family:DinWebPro Bold;'>Data Governance<\/h2><h3 style='color:#ffffff;'>Datenqualit\u00e4t | Data Catalog | MDM<\/h3><\/div><div class='teaserlink'><a href='https:\/\/www.striped-giraffe.com\/de\/technologien\/data-governance\/' style='color:#ffffff;'>Mehr Details<\/a><\/div><div class='wpb_single_image desktop_only'><img src='https:\/\/www.striped-giraffe.com\/wp-content\/uploads\/2024\/11\/Teaser_Technologies_Data-Governance_new.jpg' \/><\/div><div class='wpb_single_image mobile_only'><img src='https:\/\/www.striped-giraffe.com\/wp-content\/uploads\/2024\/11\/Teaser_Technologies_Data-Governance_new-600x700.jpg' \/><\/div><\/div><\/div>[\/vc_column][vc_column width=&#8220;1\/3&#8243;]<div id='' class='teaserbox  nooverlay'><div class='teaserbox_inner'><div class='teaserheadline'><h2 style='color:#ffffff;font-family:DinWebPro Bold;'>Data Processing<\/h2><h3 style='color:#ffffff;'>Data Modeling | ETL | Orchestration | API | IoT<\/h3><\/div><div class='teaserlink'><a href='https:\/\/www.striped-giraffe.com\/de\/technologien\/data-processing\/' style='color:#ffffff;'>Mehr Details<\/a><\/div><div class='wpb_single_image desktop_only'><img src='https:\/\/www.striped-giraffe.com\/wp-content\/uploads\/2024\/11\/Teaser_Technologies_Data_Processing.jpg' \/><\/div><div class='wpb_single_image mobile_only'><img src='https:\/\/www.striped-giraffe.com\/wp-content\/uploads\/2024\/11\/Teaser_Technologies_Data_Processing-600x700.jpg' \/><\/div><\/div><\/div>[\/vc_column][vc_column width=&#8220;1\/3&#8243;]<div id='' class='teaserbox  nooverlay'><div class='teaserbox_inner'><div class='teaserheadline'><h2 style='color:#ffffff;font-family:DinWebPro Bold;'>Data Analytics<\/h2><h3 style='color:#ffffff;'>DWH | Databases | Data storage | BI | BigData<\/h3><\/div><div class='teaserlink'><a href='https:\/\/www.striped-giraffe.com\/de\/technologien\/data-analytics\/' style='color:#ffffff;'>Mehr Details<\/a><\/div><div class='wpb_single_image desktop_only'><img src='https:\/\/www.striped-giraffe.com\/wp-content\/uploads\/2024\/11\/Teaser_Technologies_Data_Analytics.jpg' \/><\/div><div class='wpb_single_image mobile_only'><img src='https:\/\/www.striped-giraffe.com\/wp-content\/uploads\/2024\/11\/Teaser_Technologies_Data_Analytics-600x700.jpg' \/><\/div><\/div><\/div>[\/vc_column][\/vc_row][vc_row gap=&#8220;35&#8243; css=&#8220;.vc_custom_1610610529030{margin-bottom: 100px !important;border-top-width: 100px !important;}&#8220;][vc_column width=&#8220;1\/3&#8243;][\/vc_column][vc_column width=&#8220;2\/3&#8243;][vc_column_text]<\/p>\n<h2 class=\"headline_introduction\">Wir vereinen unterschiedliche Experten auf ihrem Gebiet<\/h2>\n<p>Seit \u00fcber <span style=\"color: #000000;\">10 <\/span><span style=\"color: #ef6c00;\"><span style=\"color: #000000;\">Jahren<\/span> <\/span>entwickeln wir branchen\u00fcbergreifend Best-in-Class-L\u00f6sungen f\u00fcr <a href=\"https:\/\/www.striped-giraffe.com\/de\/expertise\/e-commerce\/\">E-Commerce,<\/a>\u00a0 <a href=\"https:\/\/www.striped-giraffe.com\/de\/expertise\/datenmanagement\/\">Datenmanagement<\/a> und andere spannende Themen in der digitalen Welt.<\/p>\n<p>Dabei machen wir uns Ihr Ziel zu eigen und finden den effizientesten Weg, alle Ihre digitalen Herausforderungen als Full-Service-Partner oder f\u00fcr einzelne Projekte zu l\u00f6sen.<\/p>\n<p>Selbstverst\u00e4ndlich erweitern wir unsere Expertise permanent um neue Ans\u00e4tze, Technologien und Verfahren. St\u00f6bern Sie gerne dazu auf unserer Website oder kontaktieren Sie uns direkt unter\u00a0<a href=\"mailto:experts@striped-giraffe.com\">experts@striped-giraffe.com<\/a>.[\/vc_column_text][\/vc_column][\/vc_row][vc_row full_width=&#8220;stretch_row&#8220; css=&#8220;.vc_custom_1705587310854{margin-bottom: 50px !important;}&#8220;][vc_column][vc_row_inner][vc_column_inner width=&#8220;1\/3&#8243;][vc_column_text]<\/p>\n<h2 class=\"headline_superbig\">Let&#8217;s talk<\/h2>\n<p>[\/vc_column_text][\/vc_column_inner][vc_column_inner width=&#8220;2\/3&#8243;][vc_column_text]<\/p>\n<h3>Brauchen Sie ein <strong>konkretes Angebot<\/strong> oder suchen Sie einen <strong>Sparringspartner<\/strong>, mit dem sie Ideen diskutieren und entwickeln k\u00f6nnen?<\/h3>\n<h3>Dann melden Sie sich:<\/h3>\n<ul>\n<li><a href=\"mailto:experts@striped-giraffe.com\">experts@striped-giraffe.com<\/a><\/li>\n<li><span style=\"color: #ef6c00;\">+49 (0)89-416 126-667<\/span><\/li>\n<\/ul>\n<p>[\/vc_column_text]<a class=\"calendly\" href=\"\" onclick=\"Calendly.initPopupWidget({url: 'https:\/\/calendly.com\/striped-giraffe\/30min'});return false;\">Termin vereinbaren<\/a>[vc_column_text css=&#8220;.vc_custom_1705936147633{margin-top: 32px !important;}&#8220;]<\/p>\n<h3>Wir unterst\u00fctzen Sie gerne.<\/h3>\n<p>[\/vc_column_text][\/vc_column_inner][\/vc_row_inner][\/vc_column][\/vc_row][vc_row full_width=&#8220;stretch_row&#8220; css=&#8220;.vc_custom_1725457970173{margin-bottom: 0px !important;padding-top: 100px !important;padding-bottom: 100px !important;background-color: #000000 !important;}&#8220; el_id=&#8220;downloadsection&#8220;][vc_column el_class=&#8220;footerform&#8220;][vc_column_text]<\/p>\n<h3 style=\"text-align: center;\"><span style=\"color: #ef6c00;\">Newsletter-Anmeldung<\/span><\/h3>\n<h2 class=\"headline_superbig\" style=\"color: #fff; text-align: center;\">Nichts mehr verpassen!<\/h2>\n<p>[\/vc_column_text][vc_empty_space][vc_row_inner el_id=&#8220;wpcf7_form&#8220;][vc_column_inner][vc_column_text el_id=&#8220;acnews&#8220;]<div class='_form_142'><\/div><script type='text\/javascript' src='https:\/\/striped-giraffe.activehosted.com\/f\/embed.php?static=0&id=142&69D465CE254EA&nostyles=0&preview=0'><\/script>[\/vc_column_text][\/vc_column_inner][\/vc_row_inner][\/vc_column][\/vc_row]<\/p>\n<\/section>","protected":false},"excerpt":{"rendered":"<p>[vc_row css=&#8220;.vc_custom_1733311879326{margin-top: 200px !important;}&#8220;][vc_column width=&#8220;1\/3&#8243;][vc_column_text css=&#8220;.vc_custom_1730369116750{padding-right: 35px !important;}&#8220;] Unsere Expertise f\u00fcr Ihren Erfolg Unsere IT-Experten beherrschen eine Vielzahl an Technologien [&hellip;]<\/p>\n","protected":false},"author":2,"featured_media":0,"parent":0,"menu_order":0,"comment_status":"closed","ping_status":"closed","template":"","meta":{"footnotes":""},"acf":[],"yoast_head":"<!-- This site is optimized with the Yoast SEO Premium plugin v20.5 (Yoast SEO v20.5) - https:\/\/yoast.com\/wordpress\/plugins\/seo\/ -->\n<title>Technologien - Striped Giraffe<\/title>\n<meta name=\"description\" content=\"Unsere IT-Experten beherrschen eine Vielzahl an Technologien in unseren Kernbereichen. Dabei finden den effizientesten Weg f\u00fcr Ihr Projekt.\" \/>\n<meta name=\"robots\" content=\"index, follow, max-snippet:-1, max-image-preview:large, max-video-preview:-1\" \/>\n<link rel=\"canonical\" href=\"https:\/\/www.striped-giraffe.com\/de\/technologien\/\" \/>\n<meta property=\"og:locale\" content=\"de_DE\" \/>\n<meta property=\"og:type\" content=\"article\" \/>\n<meta property=\"og:title\" content=\"Technologien\" \/>\n<meta property=\"og:description\" content=\"Unsere IT-Experten beherrschen eine Vielzahl an Technologien in unseren Kernbereichen. Dabei finden den effizientesten Weg f\u00fcr Ihr Projekt.\" \/>\n<meta property=\"og:url\" content=\"https:\/\/www.striped-giraffe.com\/de\/technologien\/\" \/>\n<meta property=\"og:site_name\" content=\"Striped Giraffe\" \/>\n<meta property=\"article:modified_time\" content=\"2024-12-04T11:32:34+00:00\" \/>\n<meta name=\"twitter:card\" content=\"summary_large_image\" \/>\n<meta name=\"twitter:label1\" content=\"Gesch\u00e4tzte Lesezeit\" \/>\n\t<meta name=\"twitter:data1\" content=\"2\u00a0Minuten\" \/>\n<script type=\"application\/ld+json\" class=\"yoast-schema-graph\">{\"@context\":\"https:\/\/schema.org\",\"@graph\":[{\"@type\":\"WebPage\",\"@id\":\"https:\/\/www.striped-giraffe.com\/de\/technologien\/\",\"url\":\"https:\/\/www.striped-giraffe.com\/de\/technologien\/\",\"name\":\"Technologien - Striped Giraffe\",\"isPartOf\":{\"@id\":\"https:\/\/www.striped-giraffe.com\/de\/#website\"},\"datePublished\":\"2024-10-31T09:39:17+00:00\",\"dateModified\":\"2024-12-04T11:32:34+00:00\",\"description\":\"Unsere IT-Experten beherrschen eine Vielzahl an Technologien in unseren Kernbereichen. Dabei finden den effizientesten Weg f\u00fcr Ihr Projekt.\",\"inLanguage\":\"de\",\"potentialAction\":[{\"@type\":\"ReadAction\",\"target\":[\"https:\/\/www.striped-giraffe.com\/de\/technologien\/\"]}]},{\"@type\":\"WebSite\",\"@id\":\"https:\/\/www.striped-giraffe.com\/de\/#website\",\"url\":\"https:\/\/www.striped-giraffe.com\/de\/\",\"name\":\"Striped Giraffe\",\"description\":\"Ihr zuverl\u00e4ssiger Anbieter f\u00fcr digitale Enterprise-L\u00f6sungen\",\"publisher\":{\"@id\":\"https:\/\/www.striped-giraffe.com\/de\/#organization\"},\"potentialAction\":[{\"@type\":\"SearchAction\",\"target\":{\"@type\":\"EntryPoint\",\"urlTemplate\":\"https:\/\/www.striped-giraffe.com\/de\/?s={search_term_string}\"},\"query-input\":\"required name=search_term_string\"}],\"inLanguage\":\"de\"},{\"@type\":\"Organization\",\"@id\":\"https:\/\/www.striped-giraffe.com\/de\/#organization\",\"name\":\"Striped Giraffe\",\"url\":\"https:\/\/www.striped-giraffe.com\/de\/\",\"logo\":{\"@type\":\"ImageObject\",\"inLanguage\":\"de\",\"@id\":\"https:\/\/www.striped-giraffe.com\/de\/#\/schema\/logo\/image\/\",\"url\":\"https:\/\/www.striped-giraffe.com\/wp-content\/uploads\/2021\/01\/giraffe_white.svg\",\"contentUrl\":\"https:\/\/www.striped-giraffe.com\/wp-content\/uploads\/2021\/01\/giraffe_white.svg\",\"caption\":\"Striped Giraffe\"},\"image\":{\"@id\":\"https:\/\/www.striped-giraffe.com\/de\/#\/schema\/logo\/image\/\"}}]}<\/script>\n<!-- \/ Yoast SEO Premium plugin. -->","yoast_head_json":{"title":"Technologien - Striped Giraffe","description":"Unsere IT-Experten beherrschen eine Vielzahl an Technologien in unseren Kernbereichen. Dabei finden den effizientesten Weg f\u00fcr Ihr Projekt.","robots":{"index":"index","follow":"follow","max-snippet":"max-snippet:-1","max-image-preview":"max-image-preview:large","max-video-preview":"max-video-preview:-1"},"canonical":"https:\/\/www.striped-giraffe.com\/de\/technologien\/","og_locale":"de_DE","og_type":"article","og_title":"Technologien","og_description":"Unsere IT-Experten beherrschen eine Vielzahl an Technologien in unseren Kernbereichen. Dabei finden den effizientesten Weg f\u00fcr Ihr Projekt.","og_url":"https:\/\/www.striped-giraffe.com\/de\/technologien\/","og_site_name":"Striped Giraffe","article_modified_time":"2024-12-04T11:32:34+00:00","twitter_card":"summary_large_image","twitter_misc":{"Gesch\u00e4tzte Lesezeit":"2\u00a0Minuten"},"schema":{"@context":"https:\/\/schema.org","@graph":[{"@type":"WebPage","@id":"https:\/\/www.striped-giraffe.com\/de\/technologien\/","url":"https:\/\/www.striped-giraffe.com\/de\/technologien\/","name":"Technologien - Striped Giraffe","isPartOf":{"@id":"https:\/\/www.striped-giraffe.com\/de\/#website"},"datePublished":"2024-10-31T09:39:17+00:00","dateModified":"2024-12-04T11:32:34+00:00","description":"Unsere IT-Experten beherrschen eine Vielzahl an Technologien in unseren Kernbereichen. Dabei finden den effizientesten Weg f\u00fcr Ihr Projekt.","inLanguage":"de","potentialAction":[{"@type":"ReadAction","target":["https:\/\/www.striped-giraffe.com\/de\/technologien\/"]}]},{"@type":"WebSite","@id":"https:\/\/www.striped-giraffe.com\/de\/#website","url":"https:\/\/www.striped-giraffe.com\/de\/","name":"Striped Giraffe","description":"Ihr zuverl\u00e4ssiger Anbieter f\u00fcr digitale Enterprise-L\u00f6sungen","publisher":{"@id":"https:\/\/www.striped-giraffe.com\/de\/#organization"},"potentialAction":[{"@type":"SearchAction","target":{"@type":"EntryPoint","urlTemplate":"https:\/\/www.striped-giraffe.com\/de\/?s={search_term_string}"},"query-input":"required name=search_term_string"}],"inLanguage":"de"},{"@type":"Organization","@id":"https:\/\/www.striped-giraffe.com\/de\/#organization","name":"Striped Giraffe","url":"https:\/\/www.striped-giraffe.com\/de\/","logo":{"@type":"ImageObject","inLanguage":"de","@id":"https:\/\/www.striped-giraffe.com\/de\/#\/schema\/logo\/image\/","url":"https:\/\/www.striped-giraffe.com\/wp-content\/uploads\/2021\/01\/giraffe_white.svg","contentUrl":"https:\/\/www.striped-giraffe.com\/wp-content\/uploads\/2021\/01\/giraffe_white.svg","caption":"Striped Giraffe"},"image":{"@id":"https:\/\/www.striped-giraffe.com\/de\/#\/schema\/logo\/image\/"}}]}},"_links":{"self":[{"href":"https:\/\/www.striped-giraffe.com\/de\/wp-json\/wp\/v2\/pages\/38421"}],"collection":[{"href":"https:\/\/www.striped-giraffe.com\/de\/wp-json\/wp\/v2\/pages"}],"about":[{"href":"https:\/\/www.striped-giraffe.com\/de\/wp-json\/wp\/v2\/types\/page"}],"author":[{"embeddable":true,"href":"https:\/\/www.striped-giraffe.com\/de\/wp-json\/wp\/v2\/users\/2"}],"replies":[{"embeddable":true,"href":"https:\/\/www.striped-giraffe.com\/de\/wp-json\/wp\/v2\/comments?post=38421"}],"version-history":[{"count":36,"href":"https:\/\/www.striped-giraffe.com\/de\/wp-json\/wp\/v2\/pages\/38421\/revisions"}],"predecessor-version":[{"id":38990,"href":"https:\/\/www.striped-giraffe.com\/de\/wp-json\/wp\/v2\/pages\/38421\/revisions\/38990"}],"wp:attachment":[{"href":"https:\/\/www.striped-giraffe.com\/de\/wp-json\/wp\/v2\/media?parent=38421"}],"curies":[{"name":"wp","href":"https:\/\/api.w.org\/{rel}","templated":true}]}}