{"id":38500,"date":"2024-11-06T13:41:09","date_gmt":"2024-11-06T12:41:09","guid":{"rendered":"https:\/\/www.striped-giraffe.com\/collaboration\/partner\/ecommerce-technologien-beispiel-copy\/"},"modified":"2024-11-25T13:35:30","modified_gmt":"2024-11-25T12:35:30","slug":"cms","status":"publish","type":"page","link":"https:\/\/www.striped-giraffe.com\/de\/technologien\/cms\/","title":{"rendered":"Content Management Systeme"},"content":{"rendered":"<section class=\"wpb-content-wrapper\"><p>[vc_row full_width=&#8220;stretch_row&#8220; bg_type=&#8220;image&#8220; parallax_style=&#8220;vcpb-default&#8220; bg_image_new=&#8220;id^38510|url^https:\/\/www.striped-giraffe.com\/wp-content\/uploads\/2024\/11\/Header_Technologies_CMS-1.jpg|caption^enterprise content management systems|alt^CMS, ECMS|title^content management systems|description^enterprise content management systems&#8220; css=&#8220;.vc_custom_1730900835184{margin-bottom: 50px !important;padding-top: 200px !important;padding-bottom: 200px !important;background-position: center !important;background-repeat: no-repeat !important;background-size: cover !important;}&#8220;][vc_column][vc_column_text]<\/p>\n<h1><span style=\"color: #ef6c00;\">(Enterprise)<br \/>\nContent Management Systeme<\/span><\/h1>\n<h1><\/h1>\n<p>[\/vc_column_text][\/vc_column][\/vc_row][vc_row gap=&#8220;35&#8243; el_class=&#8220;closetotop&#8220; css=&#8220;.vc_custom_1727357514292{padding-top: 50px !important;padding-bottom: 50px !important;background-color: #ffffff !important;}&#8220;][vc_column][vc_column_text]<\/p>\n<h2 class=\"headline_introduction\" style=\"text-align: center;\">Technische Unterst\u00fctzung Ihrer Content-Strategie f\u00fcr ein nachhaltiges optimales Kundenerlebnis<\/h2>\n<p>[\/vc_column_text][\/vc_column][\/vc_row][vc_row gap=&#8220;35&#8243; css=&#8220;.vc_custom_1727365832572{margin-bottom: 50px !important;background-color: #ffffff !important;}&#8220;][vc_column width=&#8220;1\/3&#8243;][vc_column_text]<\/p>\n<h2 class=\"headline_superbig\">Was wir<br \/>\nbieten<\/h2>\n<p>[\/vc_column_text][\/vc_column][vc_column width=&#8220;2\/3&#8243;][vc_column_text]Wir implementieren leistungsstarke Content Management Systeme (CMS). Damit unterst\u00fctzen wir Ihre digitalen Gesch\u00e4ftsziele und helfen Ihnen, hochwertige Inhalte effizient zu verwalten, konsistent bereitzustellen und nachhaltig zu optimieren.<\/p>\n<p>Unsere Expertise umfasst die gesamte CMS-Implementierung: von der Strategie und Planung \u00fcber die nahtlose Integration bis hin zu umfassenden Test, Mitarbeiter-Schulung sowie kontinuierlichen Anpassungen.[\/vc_column_text][\/vc_column][\/vc_row][vc_row gap=&#8220;35&#8243; css=&#8220;.vc_custom_1730715120127{background-color: #ffffff !important;}&#8220;][vc_column width=&#8220;1\/3&#8243;][vc_column_text]<\/p>\n<h2 class=\"headline_superbig\">Unsere<br \/>\nTechnologien<\/h2>\n<p>[\/vc_column_text][\/vc_column][vc_column width=&#8220;2\/3&#8243;][vc_column_text]Unsere L\u00f6sungen im Bereich CMS sind besonders auf Unternehmen zugeschnitten, die ein hohes Ma\u00df an Flexibilit\u00e4t, Skalierbarkeit und Benutzerfreundlichkeit erwarten. Egal, ob es um die Bereitstellung dynamischer Webinhalte, die Verwaltung komplexer Inhalte f\u00fcr ein Omnichannel-Erlebnis oder die nahtlose Integration von CRM- und E-Commerce-Systemen geht \u2013 wir haben die passende L\u00f6sung f\u00fcr Ihre individuellen Anforderungen.[\/vc_column_text][\/vc_column][\/vc_row][vc_row gap=&#8220;35&#8243; css=&#8220;.vc_custom_1730715081286{margin-bottom: 100px !important;background-color: #ffffff !important;}&#8220;][vc_column width=&#8220;2\/6&#8243;][\/vc_column][vc_column width=&#8220;1\/6&#8243;][vc_single_image image=&#8220;38665&#8243; img_size=&#8220;medium&#8220; alignment=&#8220;center&#8220; onclick=&#8220;custom_link&#8220; link=&#8220;https:\/\/www.striped-giraffe.com\/de\/technologien\/cms\/adobe-experience-manager\/&#8220;][\/vc_column][vc_column width=&#8220;1\/6&#8243;][vc_single_image image=&#8220;38506&#8243; img_size=&#8220;medium&#8220; alignment=&#8220;center&#8220; onclick=&#8220;custom_link&#8220; link=&#8220;https:\/\/www.striped-giraffe.com\/de\/technologien\/cms\/coremedia\/&#8220;][\/vc_column][vc_column width=&#8220;1\/6&#8243;][vc_single_image image=&#8220;38504&#8243; img_size=&#8220;medium&#8220; alignment=&#8220;center&#8220;][\/vc_column][vc_column width=&#8220;1\/6&#8243;][\/vc_column][\/vc_row][vc_row full_width=&#8220;stretch_row&#8220; gap=&#8220;35&#8243; bg_type=&#8220;bg_color&#8220; css=&#8220;.vc_custom_1729503505109{margin-bottom: 50px !important;padding-top: 50px !important;padding-bottom: 50px !important;background-color: #ffffff !important;}&#8220; bg_color_value=&#8220;#000000&#8243;][vc_column width=&#8220;1\/3&#8243;][\/vc_column][vc_column width=&#8220;2\/3&#8243;][vc_column_text]<span style=\"color: #ffffff;\">Ist Ihre L\u00f6sung nicht dabei? Sprechen Sie uns an und wir kl\u00e4ren gemeinsam, wer Ihnen aus unserem Haus oder unserem Experten-Netzwerk weiterhelfen kann.<\/span>[\/vc_column_text][\/vc_column][\/vc_row][vc_row full_width=&#8220;stretch_row&#8220; css=&#8220;.vc_custom_1706183849370{margin-top: 50px !important;margin-bottom: 50px !important;}&#8220;][vc_column][vc_row_inner][vc_column_inner width=&#8220;1\/3&#8243;][vc_column_text]<\/p>\n<h2 class=\"headline_superbig\">Let&#8217;s talk<\/h2>\n<p>[\/vc_column_text][\/vc_column_inner][vc_column_inner width=&#8220;2\/3&#8243;][vc_column_text]<\/p>\n<h3>Brauchen Sie ein <strong>konkretes Angebot<\/strong> oder suchen Sie einen <strong>Sparringspartner<\/strong>, mit dem sie Ideen diskutieren und entwickeln k\u00f6nnen?<\/h3>\n<h3>Dann melden Sie sich:<\/h3>\n<ul>\n<li><a href=\"mailto:experts@striped-giraffe.com\">experts@striped-giraffe.com<\/a><\/li>\n<li><span style=\"color: #ef6c00;\">+49 (0)89-416 126-667<\/span><\/li>\n<\/ul>\n<p>[\/vc_column_text]<a class=\"calendly\" href=\"\" onclick=\"Calendly.initPopupWidget({url: 'https:\/\/calendly.com\/striped-giraffe\/30min'});return false;\">Termin vereinbaren<\/a>[vc_column_text css=&#8220;.vc_custom_1705936147633{margin-top: 32px !important;}&#8220;]<\/p>\n<h3>Wir unterst\u00fctzen Sie gerne.<\/h3>\n<p>[\/vc_column_text][\/vc_column_inner][\/vc_row_inner][\/vc_column][\/vc_row][vc_row][vc_column][vc_empty_space height=&#8220;100px&#8220;][\/vc_column][\/vc_row]<\/p>\n<\/section>","protected":false},"excerpt":{"rendered":"<p>[vc_row full_width=&#8220;stretch_row&#8220; bg_type=&#8220;image&#8220; parallax_style=&#8220;vcpb-default&#8220; bg_image_new=&#8220;id^38510|url^https:\/\/www.striped-giraffe.com\/wp-content\/uploads\/2024\/11\/Header_Technologies_CMS-1.jpg|caption^enterprise content management systems|alt^CMS, ECMS|title^content management systems|description^enterprise content management systems&#8220; css=&#8220;.vc_custom_1730900835184{margin-bottom: 50px !important;padding-top: 200px !important;padding-bottom: 200px [&hellip;]<\/p>\n","protected":false},"author":2,"featured_media":38480,"parent":38421,"menu_order":0,"comment_status":"closed","ping_status":"closed","template":"","meta":{"footnotes":""},"acf":[],"yoast_head":"<!-- This site is optimized with the Yoast SEO Premium plugin v20.5 (Yoast SEO v20.5) - https:\/\/yoast.com\/wordpress\/plugins\/seo\/ -->\n<title>Content Management Systeme - Striped Giraffe<\/title>\n<meta name=\"description\" content=\"Wir bieten technische Unterst\u00fctzung f\u00fcr Ihre Content-Strategie f\u00fcr ein nachhaltiges optimales Kundenerlebnis.\" \/>\n<meta name=\"robots\" content=\"index, follow, max-snippet:-1, max-image-preview:large, max-video-preview:-1\" \/>\n<link rel=\"canonical\" href=\"https:\/\/www.striped-giraffe.com\/de\/technologien\/cms\/\" \/>\n<meta property=\"og:locale\" content=\"de_DE\" \/>\n<meta property=\"og:type\" content=\"article\" \/>\n<meta property=\"og:title\" content=\"Content Management Systeme\" \/>\n<meta property=\"og:description\" content=\"Wir bieten technische Unterst\u00fctzung f\u00fcr Ihre Content-Strategie f\u00fcr ein nachhaltiges optimales Kundenerlebnis.\" \/>\n<meta property=\"og:url\" content=\"https:\/\/www.striped-giraffe.com\/de\/technologien\/cms\/\" \/>\n<meta property=\"og:site_name\" content=\"Striped Giraffe\" \/>\n<meta property=\"article:modified_time\" content=\"2024-11-25T12:35:30+00:00\" \/>\n<meta property=\"og:image\" content=\"https:\/\/www.striped-giraffe.com\/wp-content\/uploads\/2024\/11\/Header_Technologies_E-Commerce-1.jpg\" \/>\n\t<meta property=\"og:image:width\" content=\"1400\" \/>\n\t<meta property=\"og:image:height\" content=\"900\" \/>\n\t<meta property=\"og:image:type\" content=\"image\/jpeg\" \/>\n<meta name=\"twitter:card\" content=\"summary_large_image\" \/>\n<meta name=\"twitter:label1\" content=\"Gesch\u00e4tzte Lesezeit\" \/>\n\t<meta name=\"twitter:data1\" content=\"2\u00a0Minuten\" \/>\n<script type=\"application\/ld+json\" class=\"yoast-schema-graph\">{\"@context\":\"https:\/\/schema.org\",\"@graph\":[{\"@type\":\"WebPage\",\"@id\":\"https:\/\/www.striped-giraffe.com\/de\/technologien\/cms\/\",\"url\":\"https:\/\/www.striped-giraffe.com\/de\/technologien\/cms\/\",\"name\":\"Content Management Systeme - Striped Giraffe\",\"isPartOf\":{\"@id\":\"https:\/\/www.striped-giraffe.com\/de\/#website\"},\"datePublished\":\"2024-11-06T12:41:09+00:00\",\"dateModified\":\"2024-11-25T12:35:30+00:00\",\"description\":\"Wir bieten technische Unterst\u00fctzung f\u00fcr Ihre Content-Strategie f\u00fcr ein nachhaltiges optimales Kundenerlebnis.\",\"breadcrumb\":{\"@id\":\"https:\/\/www.striped-giraffe.com\/de\/technologien\/cms\/#breadcrumb\"},\"inLanguage\":\"de\",\"potentialAction\":[{\"@type\":\"ReadAction\",\"target\":[\"https:\/\/www.striped-giraffe.com\/de\/technologien\/cms\/\"]}]},{\"@type\":\"BreadcrumbList\",\"@id\":\"https:\/\/www.striped-giraffe.com\/de\/technologien\/cms\/#breadcrumb\",\"itemListElement\":[{\"@type\":\"ListItem\",\"position\":1,\"name\":\"Technologien\",\"item\":\"https:\/\/www.striped-giraffe.com\/de\/technologien\/\"},{\"@type\":\"ListItem\",\"position\":2,\"name\":\"Content Management Systeme\"}]},{\"@type\":\"WebSite\",\"@id\":\"https:\/\/www.striped-giraffe.com\/de\/#website\",\"url\":\"https:\/\/www.striped-giraffe.com\/de\/\",\"name\":\"Striped Giraffe\",\"description\":\"Ihr zuverl\u00e4ssiger Anbieter f\u00fcr digitale Enterprise-L\u00f6sungen\",\"publisher\":{\"@id\":\"https:\/\/www.striped-giraffe.com\/de\/#organization\"},\"potentialAction\":[{\"@type\":\"SearchAction\",\"target\":{\"@type\":\"EntryPoint\",\"urlTemplate\":\"https:\/\/www.striped-giraffe.com\/de\/?s={search_term_string}\"},\"query-input\":\"required name=search_term_string\"}],\"inLanguage\":\"de\"},{\"@type\":\"Organization\",\"@id\":\"https:\/\/www.striped-giraffe.com\/de\/#organization\",\"name\":\"Striped Giraffe\",\"url\":\"https:\/\/www.striped-giraffe.com\/de\/\",\"logo\":{\"@type\":\"ImageObject\",\"inLanguage\":\"de\",\"@id\":\"https:\/\/www.striped-giraffe.com\/de\/#\/schema\/logo\/image\/\",\"url\":\"https:\/\/www.striped-giraffe.com\/wp-content\/uploads\/2021\/01\/giraffe_white.svg\",\"contentUrl\":\"https:\/\/www.striped-giraffe.com\/wp-content\/uploads\/2021\/01\/giraffe_white.svg\",\"caption\":\"Striped Giraffe\"},\"image\":{\"@id\":\"https:\/\/www.striped-giraffe.com\/de\/#\/schema\/logo\/image\/\"}}]}<\/script>\n<!-- \/ Yoast SEO Premium plugin. -->","yoast_head_json":{"title":"Content Management Systeme - Striped Giraffe","description":"Wir bieten technische Unterst\u00fctzung f\u00fcr Ihre Content-Strategie f\u00fcr ein nachhaltiges optimales Kundenerlebnis.","robots":{"index":"index","follow":"follow","max-snippet":"max-snippet:-1","max-image-preview":"max-image-preview:large","max-video-preview":"max-video-preview:-1"},"canonical":"https:\/\/www.striped-giraffe.com\/de\/technologien\/cms\/","og_locale":"de_DE","og_type":"article","og_title":"Content Management Systeme","og_description":"Wir bieten technische Unterst\u00fctzung f\u00fcr Ihre Content-Strategie f\u00fcr ein nachhaltiges optimales Kundenerlebnis.","og_url":"https:\/\/www.striped-giraffe.com\/de\/technologien\/cms\/","og_site_name":"Striped Giraffe","article_modified_time":"2024-11-25T12:35:30+00:00","og_image":[{"width":1400,"height":900,"url":"https:\/\/www.striped-giraffe.com\/wp-content\/uploads\/2024\/11\/Header_Technologies_E-Commerce-1.jpg","type":"image\/jpeg"}],"twitter_card":"summary_large_image","twitter_misc":{"Gesch\u00e4tzte Lesezeit":"2\u00a0Minuten"},"schema":{"@context":"https:\/\/schema.org","@graph":[{"@type":"WebPage","@id":"https:\/\/www.striped-giraffe.com\/de\/technologien\/cms\/","url":"https:\/\/www.striped-giraffe.com\/de\/technologien\/cms\/","name":"Content Management Systeme - Striped Giraffe","isPartOf":{"@id":"https:\/\/www.striped-giraffe.com\/de\/#website"},"datePublished":"2024-11-06T12:41:09+00:00","dateModified":"2024-11-25T12:35:30+00:00","description":"Wir bieten technische Unterst\u00fctzung f\u00fcr Ihre Content-Strategie f\u00fcr ein nachhaltiges optimales Kundenerlebnis.","breadcrumb":{"@id":"https:\/\/www.striped-giraffe.com\/de\/technologien\/cms\/#breadcrumb"},"inLanguage":"de","potentialAction":[{"@type":"ReadAction","target":["https:\/\/www.striped-giraffe.com\/de\/technologien\/cms\/"]}]},{"@type":"BreadcrumbList","@id":"https:\/\/www.striped-giraffe.com\/de\/technologien\/cms\/#breadcrumb","itemListElement":[{"@type":"ListItem","position":1,"name":"Technologien","item":"https:\/\/www.striped-giraffe.com\/de\/technologien\/"},{"@type":"ListItem","position":2,"name":"Content Management Systeme"}]},{"@type":"WebSite","@id":"https:\/\/www.striped-giraffe.com\/de\/#website","url":"https:\/\/www.striped-giraffe.com\/de\/","name":"Striped Giraffe","description":"Ihr zuverl\u00e4ssiger Anbieter f\u00fcr digitale Enterprise-L\u00f6sungen","publisher":{"@id":"https:\/\/www.striped-giraffe.com\/de\/#organization"},"potentialAction":[{"@type":"SearchAction","target":{"@type":"EntryPoint","urlTemplate":"https:\/\/www.striped-giraffe.com\/de\/?s={search_term_string}"},"query-input":"required name=search_term_string"}],"inLanguage":"de"},{"@type":"Organization","@id":"https:\/\/www.striped-giraffe.com\/de\/#organization","name":"Striped Giraffe","url":"https:\/\/www.striped-giraffe.com\/de\/","logo":{"@type":"ImageObject","inLanguage":"de","@id":"https:\/\/www.striped-giraffe.com\/de\/#\/schema\/logo\/image\/","url":"https:\/\/www.striped-giraffe.com\/wp-content\/uploads\/2021\/01\/giraffe_white.svg","contentUrl":"https:\/\/www.striped-giraffe.com\/wp-content\/uploads\/2021\/01\/giraffe_white.svg","caption":"Striped Giraffe"},"image":{"@id":"https:\/\/www.striped-giraffe.com\/de\/#\/schema\/logo\/image\/"}}]}},"_links":{"self":[{"href":"https:\/\/www.striped-giraffe.com\/de\/wp-json\/wp\/v2\/pages\/38500"}],"collection":[{"href":"https:\/\/www.striped-giraffe.com\/de\/wp-json\/wp\/v2\/pages"}],"about":[{"href":"https:\/\/www.striped-giraffe.com\/de\/wp-json\/wp\/v2\/types\/page"}],"author":[{"embeddable":true,"href":"https:\/\/www.striped-giraffe.com\/de\/wp-json\/wp\/v2\/users\/2"}],"replies":[{"embeddable":true,"href":"https:\/\/www.striped-giraffe.com\/de\/wp-json\/wp\/v2\/comments?post=38500"}],"version-history":[{"count":4,"href":"https:\/\/www.striped-giraffe.com\/de\/wp-json\/wp\/v2\/pages\/38500\/revisions"}],"predecessor-version":[{"id":38761,"href":"https:\/\/www.striped-giraffe.com\/de\/wp-json\/wp\/v2\/pages\/38500\/revisions\/38761"}],"up":[{"embeddable":true,"href":"https:\/\/www.striped-giraffe.com\/de\/wp-json\/wp\/v2\/pages\/38421"}],"wp:featuredmedia":[{"embeddable":true,"href":"https:\/\/www.striped-giraffe.com\/de\/wp-json\/wp\/v2\/media\/38480"}],"wp:attachment":[{"href":"https:\/\/www.striped-giraffe.com\/de\/wp-json\/wp\/v2\/media?parent=38500"}],"curies":[{"name":"wp","href":"https:\/\/api.w.org\/{rel}","templated":true}]}}