{"id":38519,"date":"2024-11-07T09:04:17","date_gmt":"2024-11-07T08:04:17","guid":{"rendered":"https:\/\/www.striped-giraffe.com\/?page_id=38519"},"modified":"2024-12-02T14:04:36","modified_gmt":"2024-12-02T13:04:36","slug":"integration","status":"publish","type":"page","link":"https:\/\/www.striped-giraffe.com\/de\/expertise\/datenmanagement\/integration\/","title":{"rendered":"Integration"},"content":{"rendered":"<section class=\"wpb-content-wrapper\"><p>[vc_row full_width=&#8220;stretch_row&#8220; full_height=&#8220;yes&#8220; bg_type=&#8220;image&#8220; parallax_style=&#8220;vcpb-default&#8220; bg_image_new=&#8220;id^38520|url^https:\/\/www.striped-giraffe.com\/wp-content\/uploads\/2024\/11\/Header_Expertise_Integration.jpg|caption^data integration|alt^data integration|title^data integration|description^data integration&#8220; css=&#8220;.vc_custom_1730967996341{margin-bottom: 50px !important;}&#8220;][vc_column][vc_column_text]<\/p>\n<h1><span style=\"color: #ffffff;\">Integration<\/span><\/h1>\n<p>[\/vc_column_text][\/vc_column][\/vc_row][vc_row bg_type=&#8220;bg_color&#8220; el_class=&#8220;closetotop&#8220; bg_color_value=&#8220;#ffffff&#8220; css=&#8220;.vc_custom_1698932693077{padding-top: 50px !important;padding-bottom: 50px !important;}&#8220;][vc_column][vc_column_text]<\/p>\n<h2 class=\"headline_introduction\" style=\"text-align: center;\">In der vernetzten Gesch\u00e4ftswelt sind eine nahtlose Integration Ihrer Systeme und die effiziente Gestaltung von Datenfl\u00fcssen unerl\u00e4sslich.<\/h2>\n<p>[\/vc_column_text][\/vc_column][\/vc_row][vc_row gap=&#8220;35&#8243; css=&#8220;.vc_custom_1694428222887{margin-bottom: 50px !important;}&#8220;][vc_column width=&#8220;1\/3&#8243;][vc_column_text]<\/p>\n<h2 class=\"headline_superbig\">Daten-<br \/>\nIntegration<\/h2>\n<p>[\/vc_column_text][\/vc_column][vc_column width=&#8220;2\/3&#8243;][vc_column_text]Eine Data Journey beginnt bei unseren Kunden meistens mit einer zuverl\u00e4ssigen und gleichzeitig sehr agile Datenintegration. Die gr\u00f6\u00dfte Herausforderung besteht dabei darin, dass viele Unternehmen ihre Daten immer noch in Silos halten. Diese sind meist historisch gewachsen. Der gro\u00dfe Nachteil solcher Datensilos ist, dass sie eine ganzheitliche Sicht auf die Daten verhindern. Viele Unternehmen wissen daher gar nicht, welche Datenbest\u00e4nde sie eigentlich haben, oder erkennen wichtige Zusammenh\u00e4nge nur schwer oder gar nicht.<\/p>\n<p>Eine solide Datenintegration l\u00f6st dieses Problem.[\/vc_column_text][\/vc_column][\/vc_row][vc_row full_width=&#8220;stretch_row&#8220; gap=&#8220;35&#8243; css=&#8220;.vc_custom_1730968214488{margin-bottom: 50px !important;padding-top: 50px !important;padding-bottom: 50px !important;}&#8220;][vc_column width=&#8220;1\/3&#8243;][\/vc_column][vc_column width=&#8220;2\/3&#8243;][vc_column_text]<\/p>\n<blockquote>\n<p style=\"text-align: center;\">Datenintegration ist heute schneller und kosteng\u00fcnstiger denn je \u2013 sie bricht Datensilos auf und erm\u00f6glicht fundierte Entscheidungen in Echtzeit.<\/p>\n<\/blockquote>\n<p style=\"text-align: center;\"><strong>\u00a0<\/strong><strong>Martina Deffner<\/strong>, Gesch\u00e4ftsf\u00fchrerin bei Striped Giraffe<\/p>\n<p>[\/vc_column_text][\/vc_column][\/vc_row][vc_row gap=&#8220;35&#8243; css=&#8220;.vc_custom_1731494830190{margin-bottom: 50px !important;}&#8220;][vc_column width=&#8220;1\/3&#8243;][vc_column_text]<\/p>\n<h2 class=\"headline_superbig\">API<\/h2>\n<p>[\/vc_column_text][\/vc_column][vc_column width=&#8220;2\/3&#8243;][vc_column_text]Wir entwickeln und integrieren ma\u00dfgeschneiderte APIs, die Ihren Systemen erm\u00f6glichen, nahtlos miteinander zu kommunizieren und sicher auf Daten zuzugreifen. Mit unseren API-Gateways gew\u00e4hrleisten wir die Steuerung und \u00dcberwachung aller API-Aufrufe, um die Performance und Sicherheit zu maximieren.[\/vc_column_text][\/vc_column][\/vc_row][vc_row gap=&#8220;35&#8243; css=&#8220;.vc_custom_1728295521525{margin-bottom: 50px !important;}&#8220;][vc_column width=&#8220;1\/3&#8243;][vc_column_text]<\/p>\n<h2 class=\"headline_superbig\">Integrations-<br \/>\nplattformen<\/h2>\n<p>[\/vc_column_text][\/vc_column][vc_column width=&#8220;2\/3&#8243;][vc_column_text]Unternehmen besch\u00e4ftigen sich immer h\u00e4ufiger parallel mit verschiedenen Initiativen zur digitalen Transformation. Dabei sind herk\u00f6mmliche Methoden zur Verwendung von Legacy-Datenintegrationsl\u00f6sungen m\u00f6glicherweise nicht anpassungsf\u00e4hig genug, um die Anforderungen der Verbindung mehrerer Endpunkte zu erf\u00fcllen, die vor Ort oder in der Cloud gehostet werden.<\/p>\n<p>Wir implementieren f\u00fchrende Integrationsplattformen (iPaaS), um Ihnen eine zentrale L\u00f6sung f\u00fcr das Management all Ihrer Datenstr\u00f6me zu bieten. Unsere Experten optimieren den Datenfluss zwischen Ihren Cloud- und On-Premise-Anwendungen, um eine flexible und skalierbare Architektur zu gew\u00e4hrleisten.<\/p>\n<p>Wir pflegen verschiedene Partnerschaften mit Best-in-Class-Softwareanbietern und k\u00f6nnen daher auf umfangreiches Know-how in weltweit f\u00fchrenden Unternehmensl\u00f6sungen zur\u00fcckgreifen, um Ihnen heute und in Zukunft einen ganzheitlichen Blick auf Ihre Datenlandschaft zu erm\u00f6glichen.<\/p>\n<p>Auch hier agieren wir unabh\u00e4ngig von Softwareherstellern und gehen auch gerne unkonventionelle Wege, indem wir beispielsweise Tools verschiedener Hersteller kombinieren, um einen maximalen Kundennutzen und eine nahtlose User Experience zu gew\u00e4hrleisten.[\/vc_column_text][\/vc_column][\/vc_row][vc_row gap=&#8220;35&#8243; css=&#8220;.vc_custom_1728295521525{margin-bottom: 50px !important;}&#8220;][vc_column width=&#8220;1\/3&#8243;][vc_column_text]<\/p>\n<h2 class=\"headline_superbig\">ETL-<br \/>\nProzesse<\/h2>\n<p>[\/vc_column_text][\/vc_column][vc_column width=&#8220;2\/3&#8243;][vc_column_text]Auf der Basis einer guten Datenintegration sind viele weitere Schritte m\u00f6glich, die Ihnen eine Vielzahl von Wettbewerbsvorteilen bieten.<\/p>\n<p>Der Datenintegrationsprozess ist nicht nur der Prozess des Extrahierens, Transformierens und Ladens (ETL) von Daten aus den verschiedenen Quellen in das Legacy Data Warehouse. Die Datenintegration ist ein Komplex verschiedener Technologien, in dem der ETL-Prozess die Schl\u00fcsselrolle spielt. Heutzutage umfasst er eine Vielzahl von Funktionen wie Profiling, Bereinigung, Standardisierung, Validierung, Anreicherung, Deduplizierung und Konsolidierung von Daten, Big-Data-Verarbeitung und hilft auch bei der Verwaltung der Daten.<\/p>\n<p>Au\u00dferdem ist es entscheidend, dass die Daten vordefinierte Standards f\u00fcr die Datenqualit\u00e4t erf\u00fcllen. Der gesamte Prozess der Integration von Daten, angereichert mit fortschrittlichen Funktionalit\u00e4ten f\u00fcr die Datenqualit\u00e4t, spielt die Schl\u00fcsselrolle, um eine zuverl\u00e4ssige, Single Source of Truth zu schaffen.<\/p>\n<p>Sauber integrierte Daten, die entsprechende Qualit\u00e4tsstandards erf\u00fcllen, erm\u00f6glichen komplexe Analysen mittels\u00a0<a href=\"https:\/\/www.striped-giraffe.com\/de\/expertise\/datenmanagement\/business_intelligence\/\">BI-L\u00f6sungen<\/a>. Dar\u00fcber hinaus er\u00f6ffnen sich v\u00f6llig neue M\u00f6glichkeiten im Bereich der 360\u00b0-Sicht auf unterschiedliche Datenobjekte, wie Produkte oder Kunden.[\/vc_column_text][\/vc_column][\/vc_row][vc_row full_width=&#8220;stretch_row&#8220; gap=&#8220;35&#8243; bg_type=&#8220;bg_color&#8220; css=&#8220;.vc_custom_1730968514599{margin-bottom: 50px !important;padding-top: 50px !important;padding-bottom: 50px !important;}&#8220; bg_color_value=&#8220;#000000&#8243;][vc_column width=&#8220;1\/3&#8243;][\/vc_column][vc_column width=&#8220;2\/3&#8243;][vc_column_text]<\/p>\n<h3><span style=\"color: #ffffff;\">Gemeinsam mit unseren Kollegen aus dem\u00a0<a style=\"color: #ffffff;\" href=\"https:\/\/www.striped-giraffe.com\/de\/expertise\/e-commerce\/\">E-Commerce<\/a>-Bereich k\u00f6nnen wir Sie \u00fcber den gesamten Lebenszyklus Ihrer Daten begleiten.<\/span><\/h3>\n<p>[\/vc_column_text][\/vc_column][\/vc_row][vc_row full_width=&#8220;stretch_row&#8220; css=&#8220;.vc_custom_1706183849370{margin-top: 50px !important;margin-bottom: 50px !important;}&#8220;][vc_column][vc_row_inner][vc_column_inner width=&#8220;1\/3&#8243;][vc_column_text]<\/p>\n<h2 class=\"headline_superbig\">Let&#8217;s talk<\/h2>\n<p>[\/vc_column_text][\/vc_column_inner][vc_column_inner width=&#8220;2\/3&#8243;][vc_column_text]<\/p>\n<h3>Brauchen Sie ein <strong>konkretes Angebot<\/strong> oder suchen Sie einen <strong>Sparringspartner<\/strong>, mit dem sie Ideen diskutieren und entwickeln k\u00f6nnen?<\/h3>\n<h3>Dann melden Sie sich:<\/h3>\n<ul>\n<li><a href=\"mailto:experts@striped-giraffe.com\">experts@striped-giraffe.com<\/a><\/li>\n<li><span style=\"color: #ef6c00;\">+49 (0)89-416 126-667<\/span><\/li>\n<\/ul>\n<p>[\/vc_column_text]<a class=\"calendly\" href=\"\" onclick=\"Calendly.initPopupWidget({url: 'https:\/\/calendly.com\/striped-giraffe\/30min'});return false;\">Termin vereinbaren<\/a>[vc_column_text css=&#8220;.vc_custom_1705936147633{margin-top: 32px !important;}&#8220;]<\/p>\n<h3>Wir unterst\u00fctzen Sie gerne.<\/h3>\n<p>[\/vc_column_text][\/vc_column_inner][\/vc_row_inner][\/vc_column][\/vc_row][vc_row full_width=&#8220;stretch_row&#8220; gap=&#8220;35&#8243; bg_type=&#8220;bg_color&#8220; css=&#8220;.vc_custom_1609934688295{margin-top: 0px !important;margin-bottom: 0px !important;padding-top: 100px !important;padding-bottom: 100px !important;}&#8220; bg_color_value=&#8220;#000000&#8243;][vc_column][vc_row_inner][vc_column_inner width=&#8220;1\/3&#8243; css=&#8220;.vc_custom_1610013762619{padding-right: 25px !important;}&#8220;][vc_column_text]<\/p>\n<h2><span style=\"color: #ef6c00;\">Das k\u00f6nnte Sie auch<\/span> <span style=\"color: #ffffff;\">interessieren.<\/span><\/h2>\n<p><span style=\"color: #ffffff;\">Wir haben ein E-Book sowie einige Blogartikel zu diesem Thema erstellt. Noch mehr E-Books, Case Studies und co. finden Sie in unseren <a href=\"https:\/\/www.striped-giraffe.com\/insights\/\">Insights<\/a>.<\/span>[\/vc_column_text][\/vc_column_inner][vc_column_inner width=&#8220;1\/3&#8243;]<div class=\"templatera_shortcode\"><div class=\"vc_row wpb_row vc_row-fluid\"><div class=\"wpb_column vc_column_container vc_col-sm-12\"><div class=\"vc_column-inner\"><div class=\"wpb_wrapper\"><div id='' class='teaserbox  overlay'><div class='teaserbox_inner'><div class='teaserheadline'><h3 style='text-transform:uppercase;color:#ffffff;font-family:DinWebPro Bold;'>IT-Report<\/h3><h2 style='text-transform:none;color:#ef6c00;'>DIGITALISIERUNGS- PROJEKTE<\/h2><\/div><div class='teasertext'><div class='wpb_wrapper'>Um die digitale Transformation zu realisieren, mu\u0308ssen Unternehmen verschiedene Digitalisierungsprojekte umsetzen. Doch wie stellt man sicher, dass sie auch erfolgreich werden?<\/div><\/div><div class='teaserlink'><a href='https:\/\/www.striped-giraffe.com\/de\/it-bericht-digitalisierungsprojekte\/' style='color:#ffffff;'>Mehr erfahren<\/a><\/div><div class='wpb_single_image desktop_only'><img src='https:\/\/www.striped-giraffe.com\/wp-content\/uploads\/2023\/11\/IT-Report-2023-600x960.jpg' \/><\/div><div class='wpb_single_image mobile_only'><img src='https:\/\/www.striped-giraffe.com\/wp-content\/uploads\/2023\/11\/IT-Report-2023-600x700.jpg' \/><\/div><\/div><\/div><\/div><\/div><\/div><\/div><\/div>[\/vc_column_inner][vc_column_inner width=&#8220;1\/3&#8243;]<div class=\"templatera_shortcode\"><div class=\"vc_row wpb_row vc_row-fluid\"><div class=\"wpb_column vc_column_container vc_col-sm-12\"><div class=\"vc_column-inner\"><div class=\"wpb_wrapper\"><div id='' class='teaserbox  overlay'><div class='teaserbox_inner'><div class='teaserheadline'><h3 style='text-transform:uppercase;color:#000000;font-family:DinWebPro Bold;'>Weltweite Studie<\/h3><h2 style='text-transform:none;color:#ef6c00;'>THE AGILE REPORT<\/h2><\/div><div class='teasertext'><div class='wpb_wrapper'>Agile-Experten berichten von ihren Erfahrungen, Ansichten und den Auswirkungen agiler Software-Entwicklung auf die Organisation.<\/div><\/div><div class='teaserlink'><a href='https:\/\/www.striped-giraffe.com\/de\/the-agile-report\/' style='color:#000000;'>Zum Download<\/a><\/div><div class='wpb_single_image desktop_only'><img src='https:\/\/www.striped-giraffe.com\/wp-content\/uploads\/2024\/02\/Teaser_THE_AGILE_REPORT_2024.jpg' \/><\/div><div class='wpb_single_image mobile_only'><img src='https:\/\/www.striped-giraffe.com\/wp-content\/uploads\/2024\/02\/Teaser_THE_AGILE_REPORT_2024-600x700.jpg' \/><\/div><\/div><\/div><\/div><\/div><\/div><\/div><\/div>[\/vc_column_inner][\/vc_row_inner][\/vc_column][\/vc_row]<\/p>\n<\/section>","protected":false},"excerpt":{"rendered":"Integration In der vernetzten Gesch\u00e4ftswelt sind eine nahtlose Integration Ihrer Systeme und die effiziente Gestaltung von Datenfl\u00fcssen unerl\u00e4sslich. Daten- Integration [...]","protected":false},"author":2,"featured_media":0,"parent":1585,"menu_order":0,"comment_status":"closed","ping_status":"closed","template":"","meta":{"footnotes":""},"acf":[],"yoast_head":"<!-- This site is optimized with the Yoast SEO Premium plugin v20.5 (Yoast SEO v20.5) - https:\/\/yoast.com\/wordpress\/plugins\/seo\/ -->\n<title>Integration - Striped Giraffe<\/title>\n<meta name=\"description\" content=\"Wir implementieren f\u00fchrende Integrationsplattformen (iPaaS), um Ihnen eine zentrale L\u00f6sung f\u00fcr das Management all Ihrer Datenstr\u00f6me zu bieten.\" \/>\n<meta name=\"robots\" content=\"index, follow, max-snippet:-1, max-image-preview:large, max-video-preview:-1\" \/>\n<link rel=\"canonical\" href=\"https:\/\/www.striped-giraffe.com\/de\/expertise\/datenmanagement\/integration\/\" \/>\n<meta property=\"og:locale\" content=\"de_DE\" \/>\n<meta property=\"og:type\" content=\"article\" \/>\n<meta property=\"og:title\" content=\"Integration\" \/>\n<meta property=\"og:description\" content=\"Wir implementieren f\u00fchrende Integrationsplattformen (iPaaS), um Ihnen eine zentrale L\u00f6sung f\u00fcr das Management all Ihrer Datenstr\u00f6me zu bieten.\" \/>\n<meta property=\"og:url\" content=\"https:\/\/www.striped-giraffe.com\/de\/expertise\/datenmanagement\/integration\/\" \/>\n<meta property=\"og:site_name\" content=\"Striped Giraffe\" \/>\n<meta property=\"article:modified_time\" content=\"2024-12-02T13:04:36+00:00\" \/>\n<meta name=\"twitter:card\" content=\"summary_large_image\" \/>\n<meta name=\"twitter:label1\" content=\"Gesch\u00e4tzte Lesezeit\" \/>\n\t<meta name=\"twitter:data1\" content=\"4\u00a0Minuten\" \/>\n<script type=\"application\/ld+json\" class=\"yoast-schema-graph\">{\"@context\":\"https:\/\/schema.org\",\"@graph\":[{\"@type\":\"WebPage\",\"@id\":\"https:\/\/www.striped-giraffe.com\/de\/expertise\/datenmanagement\/integration\/\",\"url\":\"https:\/\/www.striped-giraffe.com\/de\/expertise\/datenmanagement\/integration\/\",\"name\":\"Integration - Striped Giraffe\",\"isPartOf\":{\"@id\":\"https:\/\/www.striped-giraffe.com\/de\/#website\"},\"datePublished\":\"2024-11-07T08:04:17+00:00\",\"dateModified\":\"2024-12-02T13:04:36+00:00\",\"description\":\"Wir implementieren f\u00fchrende Integrationsplattformen (iPaaS), um Ihnen eine zentrale L\u00f6sung f\u00fcr das Management all Ihrer Datenstr\u00f6me zu bieten.\",\"breadcrumb\":{\"@id\":\"https:\/\/www.striped-giraffe.com\/de\/expertise\/datenmanagement\/integration\/#breadcrumb\"},\"inLanguage\":\"de\",\"potentialAction\":[{\"@type\":\"ReadAction\",\"target\":[\"https:\/\/www.striped-giraffe.com\/de\/expertise\/datenmanagement\/integration\/\"]}]},{\"@type\":\"BreadcrumbList\",\"@id\":\"https:\/\/www.striped-giraffe.com\/de\/expertise\/datenmanagement\/integration\/#breadcrumb\",\"itemListElement\":[{\"@type\":\"ListItem\",\"position\":1,\"name\":\"Expertise\",\"item\":\"https:\/\/www.striped-giraffe.com\/de\/expertise\/\"},{\"@type\":\"ListItem\",\"position\":2,\"name\":\"Datenmanagement\",\"item\":\"https:\/\/www.striped-giraffe.com\/de\/expertise\/datenmanagement\/\"},{\"@type\":\"ListItem\",\"position\":3,\"name\":\"Integration\"}]},{\"@type\":\"WebSite\",\"@id\":\"https:\/\/www.striped-giraffe.com\/de\/#website\",\"url\":\"https:\/\/www.striped-giraffe.com\/de\/\",\"name\":\"Striped Giraffe\",\"description\":\"Ihr zuverl\u00e4ssiger Anbieter f\u00fcr digitale Enterprise-L\u00f6sungen\",\"publisher\":{\"@id\":\"https:\/\/www.striped-giraffe.com\/de\/#organization\"},\"potentialAction\":[{\"@type\":\"SearchAction\",\"target\":{\"@type\":\"EntryPoint\",\"urlTemplate\":\"https:\/\/www.striped-giraffe.com\/de\/?s={search_term_string}\"},\"query-input\":\"required name=search_term_string\"}],\"inLanguage\":\"de\"},{\"@type\":\"Organization\",\"@id\":\"https:\/\/www.striped-giraffe.com\/de\/#organization\",\"name\":\"Striped Giraffe\",\"url\":\"https:\/\/www.striped-giraffe.com\/de\/\",\"logo\":{\"@type\":\"ImageObject\",\"inLanguage\":\"de\",\"@id\":\"https:\/\/www.striped-giraffe.com\/de\/#\/schema\/logo\/image\/\",\"url\":\"https:\/\/www.striped-giraffe.com\/wp-content\/uploads\/2021\/01\/giraffe_white.svg\",\"contentUrl\":\"https:\/\/www.striped-giraffe.com\/wp-content\/uploads\/2021\/01\/giraffe_white.svg\",\"caption\":\"Striped Giraffe\"},\"image\":{\"@id\":\"https:\/\/www.striped-giraffe.com\/de\/#\/schema\/logo\/image\/\"}}]}<\/script>\n<!-- \/ Yoast SEO Premium plugin. -->","yoast_head_json":{"title":"Integration - Striped Giraffe","description":"Wir implementieren f\u00fchrende Integrationsplattformen (iPaaS), um Ihnen eine zentrale L\u00f6sung f\u00fcr das Management all Ihrer Datenstr\u00f6me zu bieten.","robots":{"index":"index","follow":"follow","max-snippet":"max-snippet:-1","max-image-preview":"max-image-preview:large","max-video-preview":"max-video-preview:-1"},"canonical":"https:\/\/www.striped-giraffe.com\/de\/expertise\/datenmanagement\/integration\/","og_locale":"de_DE","og_type":"article","og_title":"Integration","og_description":"Wir implementieren f\u00fchrende Integrationsplattformen (iPaaS), um Ihnen eine zentrale L\u00f6sung f\u00fcr das Management all Ihrer Datenstr\u00f6me zu bieten.","og_url":"https:\/\/www.striped-giraffe.com\/de\/expertise\/datenmanagement\/integration\/","og_site_name":"Striped Giraffe","article_modified_time":"2024-12-02T13:04:36+00:00","twitter_card":"summary_large_image","twitter_misc":{"Gesch\u00e4tzte Lesezeit":"4\u00a0Minuten"},"schema":{"@context":"https:\/\/schema.org","@graph":[{"@type":"WebPage","@id":"https:\/\/www.striped-giraffe.com\/de\/expertise\/datenmanagement\/integration\/","url":"https:\/\/www.striped-giraffe.com\/de\/expertise\/datenmanagement\/integration\/","name":"Integration - Striped Giraffe","isPartOf":{"@id":"https:\/\/www.striped-giraffe.com\/de\/#website"},"datePublished":"2024-11-07T08:04:17+00:00","dateModified":"2024-12-02T13:04:36+00:00","description":"Wir implementieren f\u00fchrende Integrationsplattformen (iPaaS), um Ihnen eine zentrale L\u00f6sung f\u00fcr das Management all Ihrer Datenstr\u00f6me zu bieten.","breadcrumb":{"@id":"https:\/\/www.striped-giraffe.com\/de\/expertise\/datenmanagement\/integration\/#breadcrumb"},"inLanguage":"de","potentialAction":[{"@type":"ReadAction","target":["https:\/\/www.striped-giraffe.com\/de\/expertise\/datenmanagement\/integration\/"]}]},{"@type":"BreadcrumbList","@id":"https:\/\/www.striped-giraffe.com\/de\/expertise\/datenmanagement\/integration\/#breadcrumb","itemListElement":[{"@type":"ListItem","position":1,"name":"Expertise","item":"https:\/\/www.striped-giraffe.com\/de\/expertise\/"},{"@type":"ListItem","position":2,"name":"Datenmanagement","item":"https:\/\/www.striped-giraffe.com\/de\/expertise\/datenmanagement\/"},{"@type":"ListItem","position":3,"name":"Integration"}]},{"@type":"WebSite","@id":"https:\/\/www.striped-giraffe.com\/de\/#website","url":"https:\/\/www.striped-giraffe.com\/de\/","name":"Striped Giraffe","description":"Ihr zuverl\u00e4ssiger Anbieter f\u00fcr digitale Enterprise-L\u00f6sungen","publisher":{"@id":"https:\/\/www.striped-giraffe.com\/de\/#organization"},"potentialAction":[{"@type":"SearchAction","target":{"@type":"EntryPoint","urlTemplate":"https:\/\/www.striped-giraffe.com\/de\/?s={search_term_string}"},"query-input":"required name=search_term_string"}],"inLanguage":"de"},{"@type":"Organization","@id":"https:\/\/www.striped-giraffe.com\/de\/#organization","name":"Striped Giraffe","url":"https:\/\/www.striped-giraffe.com\/de\/","logo":{"@type":"ImageObject","inLanguage":"de","@id":"https:\/\/www.striped-giraffe.com\/de\/#\/schema\/logo\/image\/","url":"https:\/\/www.striped-giraffe.com\/wp-content\/uploads\/2021\/01\/giraffe_white.svg","contentUrl":"https:\/\/www.striped-giraffe.com\/wp-content\/uploads\/2021\/01\/giraffe_white.svg","caption":"Striped Giraffe"},"image":{"@id":"https:\/\/www.striped-giraffe.com\/de\/#\/schema\/logo\/image\/"}}]}},"_links":{"self":[{"href":"https:\/\/www.striped-giraffe.com\/de\/wp-json\/wp\/v2\/pages\/38519"}],"collection":[{"href":"https:\/\/www.striped-giraffe.com\/de\/wp-json\/wp\/v2\/pages"}],"about":[{"href":"https:\/\/www.striped-giraffe.com\/de\/wp-json\/wp\/v2\/types\/page"}],"author":[{"embeddable":true,"href":"https:\/\/www.striped-giraffe.com\/de\/wp-json\/wp\/v2\/users\/2"}],"replies":[{"embeddable":true,"href":"https:\/\/www.striped-giraffe.com\/de\/wp-json\/wp\/v2\/comments?post=38519"}],"version-history":[{"count":6,"href":"https:\/\/www.striped-giraffe.com\/de\/wp-json\/wp\/v2\/pages\/38519\/revisions"}],"predecessor-version":[{"id":38632,"href":"https:\/\/www.striped-giraffe.com\/de\/wp-json\/wp\/v2\/pages\/38519\/revisions\/38632"}],"up":[{"embeddable":true,"href":"https:\/\/www.striped-giraffe.com\/de\/wp-json\/wp\/v2\/pages\/1585"}],"wp:attachment":[{"href":"https:\/\/www.striped-giraffe.com\/de\/wp-json\/wp\/v2\/media?parent=38519"}],"curies":[{"name":"wp","href":"https:\/\/api.w.org\/{rel}","templated":true}]}}