{"id":38683,"date":"2024-11-14T10:58:31","date_gmt":"2024-11-14T09:58:31","guid":{"rendered":"https:\/\/www.striped-giraffe.com\/technologien\/cms\/adobe-experience-manager-copy\/"},"modified":"2024-11-25T13:31:56","modified_gmt":"2024-11-25T12:31:56","slug":"coremedia","status":"publish","type":"page","link":"https:\/\/www.striped-giraffe.com\/de\/technologien\/cms\/coremedia\/","title":{"rendered":"CoreMedia &#8211; Details"},"content":{"rendered":"<section class=\"wpb-content-wrapper\"><p>[vc_row full_width=&#8220;stretch_row&#8220; bg_type=&#8220;image&#8220; parallax_style=&#8220;vcpb-default&#8220; bg_image_new=&#8220;id^38510|url^https:\/\/www.striped-giraffe.com\/wp-content\/uploads\/2024\/11\/Header_Technologies_CMS-1.jpg|caption^enterprise content management systems|alt^CMS|title^content management systems|description^enterprise content management systems&#8220; css=&#8220;.vc_custom_1731572221624{padding-top: 200px !important;padding-bottom: 200px !important;background-position: center !important;background-repeat: no-repeat !important;background-size: cover !important;}&#8220;][vc_column][vc_column_text]<\/p>\n<h3><span style=\"color: #ef6c00;\">Content Management-Technologien<\/span><\/h3>\n<h1><span style=\"color: #ffffff;\">Coremedia<\/span><\/h1>\n<p>[\/vc_column_text][\/vc_column][\/vc_row][vc_row gap=&#8220;35&#8243; el_class=&#8220;closetotop&#8220; css=&#8220;.vc_custom_1731573101639{padding-bottom: 50px !important;background-color: #ffffff !important;}&#8220;][vc_column width=&#8220;1\/3&#8243;][vc_single_image image=&#8220;38506&#8243; img_size=&#8220;medium&#8220; alignment=&#8220;center&#8220;][\/vc_column][vc_column width=&#8220;2\/3&#8243; css=&#8220;.vc_custom_1731573109443{padding-top: 50px !important;}&#8220;][vc_column_text]<\/p>\n<div class=\"flex max-w-full flex-col flex-grow\">\n<div class=\"min-h-8 text-message flex w-full flex-col items-end gap-2 whitespace-normal break-words [.text-message+&amp;]:mt-5\" dir=\"auto\" data-message-author-role=\"assistant\" data-message-id=\"499a3e0e-86a5-4791-9849-10dfcbfc571f\" data-message-model-slug=\"gpt-4o-mini\">\n<div class=\"flex w-full flex-col gap-1 empty:hidden first:pt-[3px]\">\n<div class=\"markdown prose w-full break-words dark:prose-invert light\">\n<h3 style=\"text-align: center;\">CoreMedia ist besonders relevant f\u00fcr Unternehmen, die Content-Management und Personalisierung in komplexen Umgebungen ben\u00f6tigen<\/h3>\n<\/div>\n<\/div>\n<\/div>\n<\/div>\n<div class=\"mb-2 flex gap-3 empty:hidden -ml-2\">\n<div class=\"items-center justify-start rounded-xl p-1 flex\">\n<div class=\"flex items-center\">\n<div class=\"flex items-center pb-0\"><\/div>\n<\/div>\n<\/div>\n<\/div>\n<p>[\/vc_column_text][\/vc_column][\/vc_row][vc_row gap=&#8220;35&#8243; css=&#8220;.vc_custom_1731334060703{margin-bottom: 50px !important;background-color: #ffffff !important;}&#8220;][vc_column width=&#8220;1\/3&#8243;][vc_column_text]<\/p>\n<h2 class=\"headline_superbig\">Produkt-<br \/>\nMerkmale<\/h2>\n<p>[\/vc_column_text][\/vc_column][vc_column width=&#8220;1\/3&#8243;][vc_column_text]<strong><span style=\"color: #ef6c00;\">Technik<br \/>\n<\/span><\/strong>Java-basiert, <strong>Cloud<\/strong>&#8211; oder <strong>On-Premise<\/strong>-Optionen<\/p>\n<p><strong><span style=\"color: #ef6c00;\">Kosten-Modell<br \/>\n<\/span><\/strong>Lizenzkosten basierend auf Unternehmensgr\u00f6\u00dfe und Nutzungsumfang<\/p>\n<p><strong><span style=\"color: #ef6c00;\">Gesch\u00e4ftsmodell<br \/>\n<\/span><\/strong>sowohl B2B als auch B2C<\/p>\n<p><strong><span style=\"color: #ef6c00;\">Flexibilit\u00e4t<br \/>\n<\/span>Sehr anpassungsf\u00e4hig<\/strong> durch Headless-Architektur und API-first-Ansatz; erm\u00f6glicht individuelle Frontends und tiefgreifende Integrationen<\/p>\n<p><strong><span style=\"color: #ef6c00;\">Zukunftssicherheit<br \/>\n<\/span>Hoch<\/strong> durch regelm\u00e4\u00dfige Updates, moderne Architektur f\u00fcr Composable Commerce und kontinuierliche Weiterentwicklung; starke Partnerintegrationen<\/p>\n<p><strong><span style=\"color: #ef6c00;\">Features\/Funktionen<br \/>\n<\/span><\/strong>Personalisierte Erlebnisse, Digital Asset Management, Content-Personalisierung, Workflow-Management, Multisite- und Mehrsprachigkeit-Unterst\u00fctzung<\/p>\n<p><strong><span style=\"color: #ef6c00;\">sonstige Merkmale<br \/>\n<\/span><\/strong>Hohe Performance und Stabilit\u00e4t, schnelle Time-to-Market; besonders beliebt im Handel und Medienbereich[\/vc_column_text][\/vc_column][vc_column width=&#8220;1\/3&#8243;][vc_column_text]<\/p>\n<p style=\"text-align: left;\"><strong><span style=\"color: #ef6c00;\">Besonderheiten beim Betrieb<br \/>\n<\/span><\/strong><\/p>\n<ul>\n<li>Benutzerfreundliches Interface f\u00fcr Content-Editoren mit Drag-and-Drop-Funktion und WYSIWYG-Editor; intuitive Tools, um Inhalte effizient zu erstellen und zu pflegen<\/li>\n<li>Echtzeitvorschau und sofortige Bearbeitungsm\u00f6glichkeiten, um kanal\u00fcbergreifende Inhalte zu verwalten und anzupassen<\/li>\n<li>Integrierte Workflows f\u00fcr die Content-Planung und Zusammenarbeit zwischen Teams, was den Prozess zur Freigabe und Ver\u00f6ffentlichung vereinfacht<\/li>\n<\/ul>\n<p style=\"text-align: left;\"><strong><span style=\"color: #ef6c00;\">gesch\u00e4tzter Aufwand f\u00fcr die Implementierung<\/span><\/strong><\/p>\n<ul>\n<li><strong>Mittel bis hoch<\/strong> \u2013 Die Implementierung von CoreMedia erfordert eine sorgf\u00e4ltige Planung, insbesondere bei der Integration in bestehende Systeme und das Anpassen an spezifische Anforderungen. Abh\u00e4ngig vom Projektumfang und der Integrationstiefe kann die Umsetzung mehrere Monate dauern.<\/li>\n<li>Erfordert eine anf\u00e4ngliche Schulung f\u00fcr Redakteure und Entwickler, um das System optimal nutzen und die Funktionen voll aussch\u00f6pfen zu k\u00f6nnen<\/li>\n<\/ul>\n<p style=\"text-align: left;\"><strong><span style=\"color: #ef6c00;\">gesch\u00e4tzter Aufwand f\u00fcr den Betrieb<br \/>\n<\/span><\/strong><\/p>\n<ul>\n<li><strong>Mittel<\/strong> \u2013 Der Betrieb von CoreMedia ist durch die flexible Architektur und die Nutzung von Cloud- oder On-Premise-Optionen relativ gut skalierbar und wartungsfreundlich.<\/li>\n<li>Regelm\u00e4\u00dfige Updates und Wartung sind erforderlich, um die Performance und Sicherheit zu gew\u00e4hrleisten; das System kann jedoch relativ kosteneffizient betrieben werden, da es gut auf die Bed\u00fcrfnisse gro\u00dfer Content-Teams ausgelegt ist.<\/li>\n<\/ul>\n<p>[\/vc_column_text][\/vc_column][\/vc_row][vc_row full_width=&#8220;stretch_row&#8220; bg_type=&#8220;bg_color&#8220; css=&#8220;.vc_custom_1731337382048{margin-bottom: 50px !important;margin-left: 70px !important;padding-top: 75px !important;padding-bottom: 75px !important;background-color: #ffffff !important;}&#8220; bg_color_value=&#8220;#000000&#8243;][vc_column width=&#8220;1\/3&#8243;][vc_column_text]<\/p>\n<h2 class=\"headline_superbig\"><span style=\"color: #ffffff;\">Best Fit<\/span><\/h2>\n<p>[\/vc_column_text][\/vc_column][vc_column width=&#8220;2\/3&#8243;][vc_column_text]<\/p>\n<h3><span style=\"color: #ffffff;\">CoreMedia ist besonders geeignet f\u00fcr Unternehmen, die:<\/span><\/h3>\n<p>&nbsp;<\/p>\n<ul>\n<li><span style=\"color: #ffffff;\"><span style=\"color: #ef6c00;\">konsistente, personalisierte Content-Erlebnisse<\/span> \u00fcber verschiedene Kan\u00e4le und Plattformen hinweg schaffen m\u00f6chten.<\/span><\/li>\n<li><span style=\"color: #ffffff;\">komplexe Content-Management-Anforderungen haben und <span style=\"color: #ef6c00;\">mehrere Websites, Marken oder Sprachen zentral verwalten<\/span> m\u00fcssen.<\/span><\/li>\n<li><span style=\"color: #ffffff;\"><span style=\"color: #ef6c00;\">schnelle Time-to-Market<\/span> und Agilit\u00e4t in der Content-Erstellung und -Anpassung ben\u00f6tigen.<\/span><\/li>\n<li><span style=\"color: #ffffff;\"><span style=\"color: #ef6c00;\">Omnichannel-Strategien<\/span> verfolgen und Content f\u00fcr Web, Mobile, Social Media und andere Kan\u00e4le nahtlos bereitstellen m\u00f6chten.<\/span><\/li>\n<li><span style=\"color: #ffffff;\">hohe Anforderungen an <span style=\"color: #ef6c00;\">Integrationen in bestehende Systeme<\/span> wie E-Commerce, CRM und Marketing-Automation haben.<\/span><\/li>\n<li><span style=\"color: #ffffff;\">datengest\u00fctzte Personalisierung und Segmentierung f\u00fcr <span style=\"color: #ef6c00;\">gezielte Zielgruppenansprache<\/span> und Conversion-Optimierung nutzen m\u00f6chten.<\/span><\/li>\n<\/ul>\n<p>[\/vc_column_text][\/vc_column][\/vc_row][vc_row css=&#8220;.vc_custom_1731598165194{margin-bottom: 100px !important;}&#8220;][vc_column width=&#8220;1\/3&#8243;][\/vc_column][vc_column width=&#8220;2\/3&#8243;][vc_btn title=&#8220;ALLE CONTENT MANAGEMENT-TECHNOLOGIEN&#8220; align=&#8220;left&#8220; i_icon_fontawesome=&#8220;fas fa-caret-right&#8220; add_icon=&#8220;true&#8220; link=&#8220;url:https%3A%2F%2Fwww.striped-giraffe.com%2Fde%2Ftechnologien%2Fcms%2F|title:E-Commerce-Technologien&#8220;][\/vc_column][\/vc_row][vc_row css=&#8220;.vc_custom_1731598165194{margin-bottom: 100px !important;}&#8220;][vc_column][vc_separator border_width=&#8220;3&#8243;][\/vc_column][\/vc_row][vc_row full_width=&#8220;stretch_row&#8220; css=&#8220;.vc_custom_1706183849370{margin-top: 50px !important;margin-bottom: 50px !important;}&#8220;][vc_column][vc_row_inner][vc_column_inner width=&#8220;1\/3&#8243;][vc_column_text]<\/p>\n<h2 class=\"headline_superbig\">Let&#8217;s talk<\/h2>\n<p>[\/vc_column_text][\/vc_column_inner][vc_column_inner width=&#8220;2\/3&#8243;][vc_column_text]<\/p>\n<h3>Brauchen Sie ein <strong>konkretes Angebot<\/strong> oder suchen Sie einen <strong>Sparringspartner<\/strong>, mit dem sie Ideen diskutieren und entwickeln k\u00f6nnen?<\/h3>\n<h3>Dann melden Sie sich:<\/h3>\n<ul>\n<li><a href=\"mailto:experts@striped-giraffe.com\">experts@striped-giraffe.com<\/a><\/li>\n<li><span style=\"color: #ef6c00;\">+49 (0)89-416 126-667<\/span><\/li>\n<\/ul>\n<p>[\/vc_column_text]<a class=\"calendly\" href=\"\" onclick=\"Calendly.initPopupWidget({url: 'https:\/\/calendly.com\/striped-giraffe\/30min'});return false;\">Termin vereinbaren<\/a>[vc_column_text css=&#8220;.vc_custom_1705936147633{margin-top: 32px !important;}&#8220;]<\/p>\n<h3>Wir unterst\u00fctzen Sie gerne.<\/h3>\n<p>[\/vc_column_text][\/vc_column_inner][\/vc_row_inner][\/vc_column][\/vc_row][vc_row][vc_column][vc_empty_space height=&#8220;100px&#8220;][\/vc_column][\/vc_row]<\/p>\n<\/section>","protected":false},"excerpt":{"rendered":"<p>[vc_row full_width=&#8220;stretch_row&#8220; bg_type=&#8220;image&#8220; parallax_style=&#8220;vcpb-default&#8220; bg_image_new=&#8220;id^38510|url^https:\/\/www.striped-giraffe.com\/wp-content\/uploads\/2024\/11\/Header_Technologies_CMS-1.jpg|caption^enterprise content management systems|alt^CMS|title^content management systems|description^enterprise content management systems&#8220; css=&#8220;.vc_custom_1731572221624{padding-top: 200px !important;padding-bottom: 200px !important;background-position: center !important;background-repeat: [&hellip;]<\/p>\n","protected":false},"author":2,"featured_media":38510,"parent":38500,"menu_order":0,"comment_status":"closed","ping_status":"closed","template":"","meta":{"footnotes":""},"acf":[],"yoast_head":"<!-- This site is optimized with the Yoast SEO Premium plugin v20.5 (Yoast SEO v20.5) - https:\/\/yoast.com\/wordpress\/plugins\/seo\/ -->\n<title>CoreMedia - Striped Giraffe<\/title>\n<meta name=\"description\" content=\"CoreMedia ist besonders relevant f\u00fcr Unternehmen, die Content-Management und Personalisierung in komplexen Umgebungen ben\u00f6tigen.\" \/>\n<meta name=\"robots\" content=\"index, follow, max-snippet:-1, max-image-preview:large, max-video-preview:-1\" \/>\n<link rel=\"canonical\" href=\"https:\/\/www.striped-giraffe.com\/de\/technologien\/cms\/coremedia\/\" \/>\n<meta property=\"og:locale\" content=\"de_DE\" \/>\n<meta property=\"og:type\" content=\"article\" \/>\n<meta property=\"og:title\" content=\"CoreMedia - Details\" \/>\n<meta property=\"og:description\" content=\"CoreMedia ist besonders relevant f\u00fcr Unternehmen, die Content-Management und Personalisierung in komplexen Umgebungen ben\u00f6tigen.\" \/>\n<meta property=\"og:url\" content=\"https:\/\/www.striped-giraffe.com\/de\/technologien\/cms\/coremedia\/\" \/>\n<meta property=\"og:site_name\" content=\"Striped Giraffe\" \/>\n<meta property=\"article:modified_time\" content=\"2024-11-25T12:31:56+00:00\" \/>\n<meta property=\"og:image\" content=\"https:\/\/www.striped-giraffe.com\/wp-content\/uploads\/2024\/11\/Header_Technologies_CMS-1.jpg\" \/>\n\t<meta property=\"og:image:width\" content=\"1400\" \/>\n\t<meta property=\"og:image:height\" content=\"900\" \/>\n\t<meta property=\"og:image:type\" content=\"image\/jpeg\" \/>\n<meta name=\"twitter:card\" content=\"summary_large_image\" \/>\n<meta name=\"twitter:label1\" content=\"Gesch\u00e4tzte Lesezeit\" \/>\n\t<meta name=\"twitter:data1\" content=\"3\u00a0Minuten\" \/>\n<script type=\"application\/ld+json\" class=\"yoast-schema-graph\">{\"@context\":\"https:\/\/schema.org\",\"@graph\":[{\"@type\":\"WebPage\",\"@id\":\"https:\/\/www.striped-giraffe.com\/de\/technologien\/cms\/coremedia\/\",\"url\":\"https:\/\/www.striped-giraffe.com\/de\/technologien\/cms\/coremedia\/\",\"name\":\"CoreMedia - Striped Giraffe\",\"isPartOf\":{\"@id\":\"https:\/\/www.striped-giraffe.com\/de\/#website\"},\"datePublished\":\"2024-11-14T09:58:31+00:00\",\"dateModified\":\"2024-11-25T12:31:56+00:00\",\"description\":\"CoreMedia ist besonders relevant f\u00fcr Unternehmen, die Content-Management und Personalisierung in komplexen Umgebungen ben\u00f6tigen.\",\"breadcrumb\":{\"@id\":\"https:\/\/www.striped-giraffe.com\/de\/technologien\/cms\/coremedia\/#breadcrumb\"},\"inLanguage\":\"de\",\"potentialAction\":[{\"@type\":\"ReadAction\",\"target\":[\"https:\/\/www.striped-giraffe.com\/de\/technologien\/cms\/coremedia\/\"]}]},{\"@type\":\"BreadcrumbList\",\"@id\":\"https:\/\/www.striped-giraffe.com\/de\/technologien\/cms\/coremedia\/#breadcrumb\",\"itemListElement\":[{\"@type\":\"ListItem\",\"position\":1,\"name\":\"Technologien\",\"item\":\"https:\/\/www.striped-giraffe.com\/de\/technologien\/\"},{\"@type\":\"ListItem\",\"position\":2,\"name\":\"Content Management Systeme\",\"item\":\"https:\/\/www.striped-giraffe.com\/de\/technologien\/cms\/\"},{\"@type\":\"ListItem\",\"position\":3,\"name\":\"CoreMedia &#8211; Details\"}]},{\"@type\":\"WebSite\",\"@id\":\"https:\/\/www.striped-giraffe.com\/de\/#website\",\"url\":\"https:\/\/www.striped-giraffe.com\/de\/\",\"name\":\"Striped Giraffe\",\"description\":\"Ihr zuverl\u00e4ssiger Anbieter f\u00fcr digitale Enterprise-L\u00f6sungen\",\"publisher\":{\"@id\":\"https:\/\/www.striped-giraffe.com\/de\/#organization\"},\"potentialAction\":[{\"@type\":\"SearchAction\",\"target\":{\"@type\":\"EntryPoint\",\"urlTemplate\":\"https:\/\/www.striped-giraffe.com\/de\/?s={search_term_string}\"},\"query-input\":\"required name=search_term_string\"}],\"inLanguage\":\"de\"},{\"@type\":\"Organization\",\"@id\":\"https:\/\/www.striped-giraffe.com\/de\/#organization\",\"name\":\"Striped Giraffe\",\"url\":\"https:\/\/www.striped-giraffe.com\/de\/\",\"logo\":{\"@type\":\"ImageObject\",\"inLanguage\":\"de\",\"@id\":\"https:\/\/www.striped-giraffe.com\/de\/#\/schema\/logo\/image\/\",\"url\":\"https:\/\/www.striped-giraffe.com\/wp-content\/uploads\/2021\/01\/giraffe_white.svg\",\"contentUrl\":\"https:\/\/www.striped-giraffe.com\/wp-content\/uploads\/2021\/01\/giraffe_white.svg\",\"caption\":\"Striped Giraffe\"},\"image\":{\"@id\":\"https:\/\/www.striped-giraffe.com\/de\/#\/schema\/logo\/image\/\"}}]}<\/script>\n<!-- \/ Yoast SEO Premium plugin. -->","yoast_head_json":{"title":"CoreMedia - Striped Giraffe","description":"CoreMedia ist besonders relevant f\u00fcr Unternehmen, die Content-Management und Personalisierung in komplexen Umgebungen ben\u00f6tigen.","robots":{"index":"index","follow":"follow","max-snippet":"max-snippet:-1","max-image-preview":"max-image-preview:large","max-video-preview":"max-video-preview:-1"},"canonical":"https:\/\/www.striped-giraffe.com\/de\/technologien\/cms\/coremedia\/","og_locale":"de_DE","og_type":"article","og_title":"CoreMedia - Details","og_description":"CoreMedia ist besonders relevant f\u00fcr Unternehmen, die Content-Management und Personalisierung in komplexen Umgebungen ben\u00f6tigen.","og_url":"https:\/\/www.striped-giraffe.com\/de\/technologien\/cms\/coremedia\/","og_site_name":"Striped Giraffe","article_modified_time":"2024-11-25T12:31:56+00:00","og_image":[{"width":1400,"height":900,"url":"https:\/\/www.striped-giraffe.com\/wp-content\/uploads\/2024\/11\/Header_Technologies_CMS-1.jpg","type":"image\/jpeg"}],"twitter_card":"summary_large_image","twitter_misc":{"Gesch\u00e4tzte Lesezeit":"3\u00a0Minuten"},"schema":{"@context":"https:\/\/schema.org","@graph":[{"@type":"WebPage","@id":"https:\/\/www.striped-giraffe.com\/de\/technologien\/cms\/coremedia\/","url":"https:\/\/www.striped-giraffe.com\/de\/technologien\/cms\/coremedia\/","name":"CoreMedia - Striped Giraffe","isPartOf":{"@id":"https:\/\/www.striped-giraffe.com\/de\/#website"},"datePublished":"2024-11-14T09:58:31+00:00","dateModified":"2024-11-25T12:31:56+00:00","description":"CoreMedia ist besonders relevant f\u00fcr Unternehmen, die Content-Management und Personalisierung in komplexen Umgebungen ben\u00f6tigen.","breadcrumb":{"@id":"https:\/\/www.striped-giraffe.com\/de\/technologien\/cms\/coremedia\/#breadcrumb"},"inLanguage":"de","potentialAction":[{"@type":"ReadAction","target":["https:\/\/www.striped-giraffe.com\/de\/technologien\/cms\/coremedia\/"]}]},{"@type":"BreadcrumbList","@id":"https:\/\/www.striped-giraffe.com\/de\/technologien\/cms\/coremedia\/#breadcrumb","itemListElement":[{"@type":"ListItem","position":1,"name":"Technologien","item":"https:\/\/www.striped-giraffe.com\/de\/technologien\/"},{"@type":"ListItem","position":2,"name":"Content Management Systeme","item":"https:\/\/www.striped-giraffe.com\/de\/technologien\/cms\/"},{"@type":"ListItem","position":3,"name":"CoreMedia &#8211; Details"}]},{"@type":"WebSite","@id":"https:\/\/www.striped-giraffe.com\/de\/#website","url":"https:\/\/www.striped-giraffe.com\/de\/","name":"Striped Giraffe","description":"Ihr zuverl\u00e4ssiger Anbieter f\u00fcr digitale Enterprise-L\u00f6sungen","publisher":{"@id":"https:\/\/www.striped-giraffe.com\/de\/#organization"},"potentialAction":[{"@type":"SearchAction","target":{"@type":"EntryPoint","urlTemplate":"https:\/\/www.striped-giraffe.com\/de\/?s={search_term_string}"},"query-input":"required name=search_term_string"}],"inLanguage":"de"},{"@type":"Organization","@id":"https:\/\/www.striped-giraffe.com\/de\/#organization","name":"Striped Giraffe","url":"https:\/\/www.striped-giraffe.com\/de\/","logo":{"@type":"ImageObject","inLanguage":"de","@id":"https:\/\/www.striped-giraffe.com\/de\/#\/schema\/logo\/image\/","url":"https:\/\/www.striped-giraffe.com\/wp-content\/uploads\/2021\/01\/giraffe_white.svg","contentUrl":"https:\/\/www.striped-giraffe.com\/wp-content\/uploads\/2021\/01\/giraffe_white.svg","caption":"Striped Giraffe"},"image":{"@id":"https:\/\/www.striped-giraffe.com\/de\/#\/schema\/logo\/image\/"}}]}},"_links":{"self":[{"href":"https:\/\/www.striped-giraffe.com\/de\/wp-json\/wp\/v2\/pages\/38683"}],"collection":[{"href":"https:\/\/www.striped-giraffe.com\/de\/wp-json\/wp\/v2\/pages"}],"about":[{"href":"https:\/\/www.striped-giraffe.com\/de\/wp-json\/wp\/v2\/types\/page"}],"author":[{"embeddable":true,"href":"https:\/\/www.striped-giraffe.com\/de\/wp-json\/wp\/v2\/users\/2"}],"replies":[{"embeddable":true,"href":"https:\/\/www.striped-giraffe.com\/de\/wp-json\/wp\/v2\/comments?post=38683"}],"version-history":[{"count":7,"href":"https:\/\/www.striped-giraffe.com\/de\/wp-json\/wp\/v2\/pages\/38683\/revisions"}],"predecessor-version":[{"id":38710,"href":"https:\/\/www.striped-giraffe.com\/de\/wp-json\/wp\/v2\/pages\/38683\/revisions\/38710"}],"up":[{"embeddable":true,"href":"https:\/\/www.striped-giraffe.com\/de\/wp-json\/wp\/v2\/pages\/38500"}],"wp:featuredmedia":[{"embeddable":true,"href":"https:\/\/www.striped-giraffe.com\/de\/wp-json\/wp\/v2\/media\/38510"}],"wp:attachment":[{"href":"https:\/\/www.striped-giraffe.com\/de\/wp-json\/wp\/v2\/media?parent=38683"}],"curies":[{"name":"wp","href":"https:\/\/api.w.org\/{rel}","templated":true}]}}