{"id":38914,"date":"2024-11-27T14:38:43","date_gmt":"2024-11-27T13:38:43","guid":{"rendered":"https:\/\/www.striped-giraffe.com\/technologien\/ecommerce-technologien\/vtex-copy\/"},"modified":"2024-11-28T13:45:41","modified_gmt":"2024-11-28T12:45:41","slug":"commercetools","status":"publish","type":"page","link":"https:\/\/www.striped-giraffe.com\/de\/technologien\/ecommerce-systeme\/commercetools\/","title":{"rendered":"Commercetools &#8211; Details"},"content":{"rendered":"<section class=\"wpb-content-wrapper\"><p>[vc_row full_width=&#8220;stretch_row&#8220; bg_type=&#8220;image&#8220; parallax_style=&#8220;vcpb-default&#8220; bg_image_new=&#8220;id^38480|url^https:\/\/www.striped-giraffe.com\/wp-content\/uploads\/2024\/11\/Header_Technologies_E-Commerce-1.jpg|caption^e-commerce technologies, PIM\/PCM, marketplaces, payment, omnichannel|alt^e-commerce technologies|title^Image of data processing with credit card and smartphone over li|description^e-commerce technologies, PIM\/PCM, marketplaces, payment, omnichannel&#8220; css=&#8220;.vc_custom_1731333594874{padding-top: 200px !important;padding-bottom: 200px !important;background-position: center !important;background-repeat: no-repeat !important;background-size: cover !important;}&#8220;][vc_column][vc_column_text]<\/p>\n<h3><span style=\"color: #ef6c00;\">E-Commerce-Systeme<\/span><\/h3>\n<h1><span style=\"color: #ffffff;\">commercetools<\/span><\/h1>\n<p>[\/vc_column_text][\/vc_column][\/vc_row][vc_row gap=&#8220;35&#8243; el_class=&#8220;closetotop&#8220; css=&#8220;.vc_custom_1731491691816{padding-bottom: 50px !important;background-color: #ffffff !important;}&#8220;][vc_column width=&#8220;1\/3&#8243;][vc_single_image image=&#8220;38463&#8243; img_size=&#8220;medium&#8220; alignment=&#8220;center&#8220;][\/vc_column][vc_column width=&#8220;2\/3&#8243; css=&#8220;.vc_custom_1731491698251{padding-top: 50px !important;}&#8220;][vc_column_text]<\/p>\n<div class=\"flex max-w-full flex-col flex-grow\">\n<div class=\"min-h-8 text-message flex w-full flex-col items-end gap-2 whitespace-normal break-words [.text-message+&amp;]:mt-5\" dir=\"auto\" data-message-author-role=\"assistant\" data-message-id=\"499a3e0e-86a5-4791-9849-10dfcbfc571f\" data-message-model-slug=\"gpt-4o-mini\">\n<div class=\"flex w-full flex-col gap-1 empty:hidden first:pt-[3px]\">\n<div class=\"markdown prose w-full break-words dark:prose-invert light\">\n<h3 style=\"text-align: center;\">commercetools ist die skalierbare, API-first E-Commerce-L\u00f6sung f\u00fcr innovative, komplexe, globale, technologiegetriebene Unternehmen<\/h3>\n<\/div>\n<\/div>\n<\/div>\n<\/div>\n<div class=\"mb-2 flex gap-3 empty:hidden -ml-2\">\n<div class=\"items-center justify-start rounded-xl p-1 flex\">\n<div class=\"flex items-center\">\n<div class=\"flex items-center pb-0\"><\/div>\n<\/div>\n<\/div>\n<\/div>\n<p>[\/vc_column_text][\/vc_column][\/vc_row][vc_row gap=&#8220;35&#8243; css=&#8220;.vc_custom_1731334060703{margin-bottom: 50px !important;background-color: #ffffff !important;}&#8220;][vc_column width=&#8220;1\/3&#8243;][vc_column_text]<\/p>\n<h2 class=\"headline_superbig\">Produkt-<br \/>\nmerkmale<\/h2>\n<p>[\/vc_column_text][\/vc_column][vc_column width=&#8220;1\/3&#8243;][vc_column_text]<strong><span style=\"color: #ef6c00;\">Technik<br \/>\n<\/span><\/strong><strong>Cloud<\/strong>-native Architektur, basiert auf <strong>MACH-Prinzipien<\/strong>, Java (Backend), Frontend ist flexibel (React, Angular, etc.)<\/p>\n<p><strong><span style=\"color: #ef6c00;\">Kosten-Modell<br \/>\n<\/span><\/strong>Lizenzbasierte Abrechnung, abh\u00e4ngig von Nutzung<\/p>\n<p><strong><span style=\"color: #ef6c00;\">Gesch\u00e4ftsmodell<br \/>\n<\/span><\/strong>B2C, B2B und D2C<\/p>\n<p><strong><span style=\"color: #ef6c00;\">Flexibilit\u00e4t<br \/>\n<\/span><\/strong><\/p>\n<ul>\n<li>Headless- und Microservices-Architektur f\u00fcr modulare Anpassungen (MACH)<\/li>\n<li>Vollst\u00e4ndig modular, erlaubt ma\u00dfgeschneiderte L\u00f6sungen<\/li>\n<\/ul>\n<p><strong><span style=\"color: #ef6c00;\">Zukunftssicherheit<br \/>\n<\/span>Hoch<\/strong> da Cloud-native und skalierbar; kompatibel mit modernsten Technologien und Trends<\/p>\n<p><strong><span style=\"color: #ef6c00;\">Features\/Funktionen<\/span><\/strong><\/p>\n<ul>\n<li>Unterst\u00fctzung f\u00fcr komplexe Preis- und Promotionslogiken<\/li>\n<li>zuverl\u00e4ssige Tools f\u00fcr den globalen Handel, einschlie\u00dflich internationaler Versand, Einhaltung von Steuervorschriften und Unterst\u00fctzung f\u00fcr mehrere W\u00e4hrungen und Sprachen<\/li>\n<\/ul>\n<p><strong><span style=\"color: #ef6c00;\">sonstige Merkmale<br \/>\n<\/span><\/strong>Starker Fokus auf Performance und Geschwindigkeit, breites Partner-\u00d6kosystem f\u00fcr Erweiterungen und Support.[\/vc_column_text][\/vc_column][vc_column width=&#8220;1\/3&#8243;][vc_column_text]<\/p>\n<p style=\"text-align: left;\"><strong><span style=\"color: #ef6c00;\">Besonderheiten beim Betrieb<br \/>\n<\/span><\/strong><\/p>\n<ul>\n<li>Betrieb erfordert API-Management und Integration mit bestehenden Systemen<\/li>\n<li>Expertise in Cloud-nativen und Headless-Architekturen notwendig<\/li>\n<li>Unterst\u00fctzt schnelle Anpassungen und Wachstum ohne Performance-Einbu\u00dfen<\/li>\n<li>Automatische Updates und Sicherheitspatches reduzieren manuellen Aufwand<\/li>\n<li>Betriebskosten skalieren je nach API-Nutzung und Volumen<\/li>\n<\/ul>\n<p style=\"text-align: left;\"><strong><span style=\"color: #ef6c00;\">gesch\u00e4tzter Aufwand f\u00fcr die Implementierung<\/span><\/strong><\/p>\n<ul>\n<li><strong>Mittel bis Hoch<\/strong>, abh\u00e4ngig von Komplexit\u00e4t und Integrationsanforderungen<\/li>\n<li>Typischerweise 6\u201312 Monate f\u00fcr mittelgro\u00dfe bis gro\u00dfe Projekte<\/li>\n<li>Initialer Aufwand hoch, da technische Expertise f\u00fcr API-Integration und Anpassungen erforderlich<\/li>\n<li>Effizienzsteigerung m\u00f6glich durch Nutzung von Acceleratoren und vorgefertigten Modulen<\/li>\n<\/ul>\n<p style=\"text-align: left;\"><strong><span style=\"color: #ef6c00;\">gesch\u00e4tzter Aufwand f\u00fcr den Betrieb<br \/>\n<\/span><\/strong><\/p>\n<ul>\n<li><strong>Mittel bis Hoch<\/strong>, abh\u00e4ngig von API-Nutzung und Anzahl der Integrationen<\/li>\n<li>Laufender Aufwand f\u00fcr Wartung, Skalierung und Monitoring der Cloud-Infrastruktur<\/li>\n<\/ul>\n<p>[\/vc_column_text][\/vc_column][\/vc_row][vc_row full_width=&#8220;stretch_row&#8220; bg_type=&#8220;bg_color&#8220; css=&#8220;.vc_custom_1731337382048{margin-bottom: 50px !important;margin-left: 70px !important;padding-top: 75px !important;padding-bottom: 75px !important;background-color: #ffffff !important;}&#8220; bg_color_value=&#8220;#000000&#8243;][vc_column width=&#8220;1\/3&#8243;][vc_column_text]<\/p>\n<h2 class=\"headline_superbig\"><span style=\"color: #ffffff;\">Best Fit<\/span><\/h2>\n<p>[\/vc_column_text][\/vc_column][vc_column width=&#8220;2\/3&#8243;][vc_column_text]<\/p>\n<h3><span style=\"color: #ffffff;\">commercetools ist besonders geeignet f\u00fcr Unternehmen:<\/span><\/h3>\n<p>&nbsp;<\/p>\n<ul>\n<li><span style=\"color: #ffffff;\">denen <span style=\"color: #ef6c00;\">Skalierbarkeit<\/span> besonders wichtig ist und die mit einem erheblichen Datenverkehr oder einer internationalen Expansion rechnen<\/span><\/li>\n<li><span style=\"color: #ffffff;\">die fortschrittliche, <span style=\"color: #ef6c00;\">ma\u00dfgeschneiderte Funktionen<\/span> ben\u00f6tigen (z. B. personalisierte Preise, erweiterte Werbeaktionen, komplexe Produktkataloge)<\/span><\/li>\n<li><span style=\"color: #ffffff;\">die ein nahtloses <span style=\"color: #ef6c00;\">Omnichannel-Erlebnis<\/span> bieten m\u00f6chten<\/span><\/li>\n<li><span style=\"color: #ffffff;\">die \u00fcber <span style=\"color: #ef6c00;\">interne<\/span> oder <span style=\"color: #ef6c00;\">externe Entwicklungsteams<\/span> verf\u00fcgen, um die Flexibilit\u00e4t und die komplexen Integrationen von Commercetools voll auszusch\u00f6pfen zu k\u00f6nnen<\/span><\/li>\n<\/ul>\n<p>[\/vc_column_text][\/vc_column][\/vc_row][vc_row css=&#8220;.vc_custom_1731599235563{margin-bottom: 100px !important;}&#8220;][vc_column width=&#8220;1\/3&#8243;][\/vc_column][vc_column width=&#8220;2\/3&#8243;][vc_btn title=&#8220;ALLE E-COMMERCE-SYSTEME&#8220; align=&#8220;left&#8220; i_icon_fontawesome=&#8220;fas fa-caret-right&#8220; add_icon=&#8220;true&#8220; link=&#8220;url:https%3A%2F%2Fwww.striped-giraffe.com%2Fde%2Ftechnologien%2Fecommerce-systeme%2F|title:E-Commerce-Technologien&#8220;][\/vc_column][\/vc_row][vc_row css=&#8220;.vc_custom_1731599235563{margin-bottom: 100px !important;}&#8220;][vc_column][vc_separator border_width=&#8220;3&#8243;][\/vc_column][\/vc_row][vc_row full_width=&#8220;stretch_row&#8220; css=&#8220;.vc_custom_1706183849370{margin-top: 50px !important;margin-bottom: 50px !important;}&#8220;][vc_column][vc_row_inner][vc_column_inner width=&#8220;1\/3&#8243;][vc_column_text]<\/p>\n<h2 class=\"headline_superbig\">Let&#8217;s talk<\/h2>\n<p>[\/vc_column_text][\/vc_column_inner][vc_column_inner width=&#8220;2\/3&#8243;][vc_column_text]<\/p>\n<h3>Brauchen Sie ein <strong>konkretes Angebot<\/strong> oder suchen Sie einen <strong>Sparringspartner<\/strong>, mit dem sie Ideen diskutieren und entwickeln k\u00f6nnen?<\/h3>\n<h3>Dann melden Sie sich:<\/h3>\n<ul>\n<li><a href=\"mailto:experts@striped-giraffe.com\">experts@striped-giraffe.com<\/a><\/li>\n<li><span style=\"color: #ef6c00;\">+49 (0)89-416 126-667<\/span><\/li>\n<\/ul>\n<p>[\/vc_column_text]<a class=\"calendly\" href=\"\" onclick=\"Calendly.initPopupWidget({url: 'https:\/\/calendly.com\/striped-giraffe\/30min'});return false;\">Termin vereinbaren<\/a>[vc_column_text css=&#8220;.vc_custom_1705936147633{margin-top: 32px !important;}&#8220;]<\/p>\n<h3>Wir unterst\u00fctzen Sie gerne.<\/h3>\n<p>[\/vc_column_text][\/vc_column_inner][\/vc_row_inner][\/vc_column][\/vc_row][vc_row][vc_column][vc_empty_space height=&#8220;100px&#8220;][\/vc_column][\/vc_row]<\/p>\n<\/section>","protected":false},"excerpt":{"rendered":"<p>[vc_row full_width=&#8220;stretch_row&#8220; bg_type=&#8220;image&#8220; parallax_style=&#8220;vcpb-default&#8220; bg_image_new=&#8220;id^38480|url^https:\/\/www.striped-giraffe.com\/wp-content\/uploads\/2024\/11\/Header_Technologies_E-Commerce-1.jpg|caption^e-commerce technologies, PIM\/PCM, marketplaces, payment, omnichannel|alt^e-commerce technologies|title^Image of data processing with credit card and smartphone over [&hellip;]<\/p>\n","protected":false},"author":2,"featured_media":38463,"parent":37882,"menu_order":0,"comment_status":"closed","ping_status":"closed","template":"","meta":{"footnotes":""},"acf":[],"yoast_head":"<!-- This site is optimized with the Yoast SEO Premium plugin v20.5 (Yoast SEO v20.5) - https:\/\/yoast.com\/wordpress\/plugins\/seo\/ -->\n<title>Commercetools - Details - Striped Giraffe<\/title>\n<meta name=\"description\" content=\"commercetools ist die skalierbare, API-first E-Commerce-L\u00f6sung f\u00fcr innovative, komplexe, globale, technologiegetriebene Unternehmen\" \/>\n<meta name=\"robots\" content=\"index, follow, max-snippet:-1, max-image-preview:large, max-video-preview:-1\" \/>\n<link rel=\"canonical\" href=\"https:\/\/www.striped-giraffe.com\/de\/technologien\/ecommerce-systeme\/commercetools\/\" \/>\n<meta property=\"og:locale\" content=\"de_DE\" \/>\n<meta property=\"og:type\" content=\"article\" \/>\n<meta property=\"og:title\" content=\"Commercetools - Details\" \/>\n<meta property=\"og:description\" content=\"commercetools ist die skalierbare, API-first E-Commerce-L\u00f6sung f\u00fcr innovative, komplexe, globale, technologiegetriebene Unternehmen\" \/>\n<meta property=\"og:url\" content=\"https:\/\/www.striped-giraffe.com\/de\/technologien\/ecommerce-systeme\/commercetools\/\" \/>\n<meta property=\"og:site_name\" content=\"Striped Giraffe\" \/>\n<meta property=\"article:modified_time\" content=\"2024-11-28T12:45:41+00:00\" \/>\n<meta property=\"og:image\" content=\"https:\/\/www.striped-giraffe.com\/wp-content\/uploads\/2024\/11\/commercetools-logo.png\" \/>\n\t<meta property=\"og:image:width\" content=\"1400\" \/>\n\t<meta property=\"og:image:height\" content=\"700\" \/>\n\t<meta property=\"og:image:type\" content=\"image\/png\" \/>\n<meta name=\"twitter:card\" content=\"summary_large_image\" \/>\n<meta name=\"twitter:label1\" content=\"Gesch\u00e4tzte Lesezeit\" \/>\n\t<meta name=\"twitter:data1\" content=\"3\u00a0Minuten\" \/>\n<script type=\"application\/ld+json\" class=\"yoast-schema-graph\">{\"@context\":\"https:\/\/schema.org\",\"@graph\":[{\"@type\":\"WebPage\",\"@id\":\"https:\/\/www.striped-giraffe.com\/de\/technologien\/ecommerce-systeme\/commercetools\/\",\"url\":\"https:\/\/www.striped-giraffe.com\/de\/technologien\/ecommerce-systeme\/commercetools\/\",\"name\":\"Commercetools - Details - Striped Giraffe\",\"isPartOf\":{\"@id\":\"https:\/\/www.striped-giraffe.com\/de\/#website\"},\"datePublished\":\"2024-11-27T13:38:43+00:00\",\"dateModified\":\"2024-11-28T12:45:41+00:00\",\"description\":\"commercetools ist die skalierbare, API-first E-Commerce-L\u00f6sung f\u00fcr innovative, komplexe, globale, technologiegetriebene Unternehmen\",\"breadcrumb\":{\"@id\":\"https:\/\/www.striped-giraffe.com\/de\/technologien\/ecommerce-systeme\/commercetools\/#breadcrumb\"},\"inLanguage\":\"de\",\"potentialAction\":[{\"@type\":\"ReadAction\",\"target\":[\"https:\/\/www.striped-giraffe.com\/de\/technologien\/ecommerce-systeme\/commercetools\/\"]}]},{\"@type\":\"BreadcrumbList\",\"@id\":\"https:\/\/www.striped-giraffe.com\/de\/technologien\/ecommerce-systeme\/commercetools\/#breadcrumb\",\"itemListElement\":[{\"@type\":\"ListItem\",\"position\":1,\"name\":\"Technologien\",\"item\":\"https:\/\/www.striped-giraffe.com\/de\/technologien\/\"},{\"@type\":\"ListItem\",\"position\":2,\"name\":\"E-Commerce-Systeme\",\"item\":\"https:\/\/www.striped-giraffe.com\/de\/technologien\/ecommerce-systeme\/\"},{\"@type\":\"ListItem\",\"position\":3,\"name\":\"Commercetools &#8211; Details\"}]},{\"@type\":\"WebSite\",\"@id\":\"https:\/\/www.striped-giraffe.com\/de\/#website\",\"url\":\"https:\/\/www.striped-giraffe.com\/de\/\",\"name\":\"Striped Giraffe\",\"description\":\"Ihr zuverl\u00e4ssiger Anbieter f\u00fcr digitale Enterprise-L\u00f6sungen\",\"publisher\":{\"@id\":\"https:\/\/www.striped-giraffe.com\/de\/#organization\"},\"potentialAction\":[{\"@type\":\"SearchAction\",\"target\":{\"@type\":\"EntryPoint\",\"urlTemplate\":\"https:\/\/www.striped-giraffe.com\/de\/?s={search_term_string}\"},\"query-input\":\"required name=search_term_string\"}],\"inLanguage\":\"de\"},{\"@type\":\"Organization\",\"@id\":\"https:\/\/www.striped-giraffe.com\/de\/#organization\",\"name\":\"Striped Giraffe\",\"url\":\"https:\/\/www.striped-giraffe.com\/de\/\",\"logo\":{\"@type\":\"ImageObject\",\"inLanguage\":\"de\",\"@id\":\"https:\/\/www.striped-giraffe.com\/de\/#\/schema\/logo\/image\/\",\"url\":\"https:\/\/www.striped-giraffe.com\/wp-content\/uploads\/2021\/01\/giraffe_white.svg\",\"contentUrl\":\"https:\/\/www.striped-giraffe.com\/wp-content\/uploads\/2021\/01\/giraffe_white.svg\",\"caption\":\"Striped Giraffe\"},\"image\":{\"@id\":\"https:\/\/www.striped-giraffe.com\/de\/#\/schema\/logo\/image\/\"}}]}<\/script>\n<!-- \/ Yoast SEO Premium plugin. -->","yoast_head_json":{"title":"Commercetools - Details - Striped Giraffe","description":"commercetools ist die skalierbare, API-first E-Commerce-L\u00f6sung f\u00fcr innovative, komplexe, globale, technologiegetriebene Unternehmen","robots":{"index":"index","follow":"follow","max-snippet":"max-snippet:-1","max-image-preview":"max-image-preview:large","max-video-preview":"max-video-preview:-1"},"canonical":"https:\/\/www.striped-giraffe.com\/de\/technologien\/ecommerce-systeme\/commercetools\/","og_locale":"de_DE","og_type":"article","og_title":"Commercetools - Details","og_description":"commercetools ist die skalierbare, API-first E-Commerce-L\u00f6sung f\u00fcr innovative, komplexe, globale, technologiegetriebene Unternehmen","og_url":"https:\/\/www.striped-giraffe.com\/de\/technologien\/ecommerce-systeme\/commercetools\/","og_site_name":"Striped Giraffe","article_modified_time":"2024-11-28T12:45:41+00:00","og_image":[{"width":1400,"height":700,"url":"https:\/\/www.striped-giraffe.com\/wp-content\/uploads\/2024\/11\/commercetools-logo.png","type":"image\/png"}],"twitter_card":"summary_large_image","twitter_misc":{"Gesch\u00e4tzte Lesezeit":"3\u00a0Minuten"},"schema":{"@context":"https:\/\/schema.org","@graph":[{"@type":"WebPage","@id":"https:\/\/www.striped-giraffe.com\/de\/technologien\/ecommerce-systeme\/commercetools\/","url":"https:\/\/www.striped-giraffe.com\/de\/technologien\/ecommerce-systeme\/commercetools\/","name":"Commercetools - Details - Striped Giraffe","isPartOf":{"@id":"https:\/\/www.striped-giraffe.com\/de\/#website"},"datePublished":"2024-11-27T13:38:43+00:00","dateModified":"2024-11-28T12:45:41+00:00","description":"commercetools ist die skalierbare, API-first E-Commerce-L\u00f6sung f\u00fcr innovative, komplexe, globale, technologiegetriebene Unternehmen","breadcrumb":{"@id":"https:\/\/www.striped-giraffe.com\/de\/technologien\/ecommerce-systeme\/commercetools\/#breadcrumb"},"inLanguage":"de","potentialAction":[{"@type":"ReadAction","target":["https:\/\/www.striped-giraffe.com\/de\/technologien\/ecommerce-systeme\/commercetools\/"]}]},{"@type":"BreadcrumbList","@id":"https:\/\/www.striped-giraffe.com\/de\/technologien\/ecommerce-systeme\/commercetools\/#breadcrumb","itemListElement":[{"@type":"ListItem","position":1,"name":"Technologien","item":"https:\/\/www.striped-giraffe.com\/de\/technologien\/"},{"@type":"ListItem","position":2,"name":"E-Commerce-Systeme","item":"https:\/\/www.striped-giraffe.com\/de\/technologien\/ecommerce-systeme\/"},{"@type":"ListItem","position":3,"name":"Commercetools &#8211; Details"}]},{"@type":"WebSite","@id":"https:\/\/www.striped-giraffe.com\/de\/#website","url":"https:\/\/www.striped-giraffe.com\/de\/","name":"Striped Giraffe","description":"Ihr zuverl\u00e4ssiger Anbieter f\u00fcr digitale Enterprise-L\u00f6sungen","publisher":{"@id":"https:\/\/www.striped-giraffe.com\/de\/#organization"},"potentialAction":[{"@type":"SearchAction","target":{"@type":"EntryPoint","urlTemplate":"https:\/\/www.striped-giraffe.com\/de\/?s={search_term_string}"},"query-input":"required name=search_term_string"}],"inLanguage":"de"},{"@type":"Organization","@id":"https:\/\/www.striped-giraffe.com\/de\/#organization","name":"Striped Giraffe","url":"https:\/\/www.striped-giraffe.com\/de\/","logo":{"@type":"ImageObject","inLanguage":"de","@id":"https:\/\/www.striped-giraffe.com\/de\/#\/schema\/logo\/image\/","url":"https:\/\/www.striped-giraffe.com\/wp-content\/uploads\/2021\/01\/giraffe_white.svg","contentUrl":"https:\/\/www.striped-giraffe.com\/wp-content\/uploads\/2021\/01\/giraffe_white.svg","caption":"Striped Giraffe"},"image":{"@id":"https:\/\/www.striped-giraffe.com\/de\/#\/schema\/logo\/image\/"}}]}},"_links":{"self":[{"href":"https:\/\/www.striped-giraffe.com\/de\/wp-json\/wp\/v2\/pages\/38914"}],"collection":[{"href":"https:\/\/www.striped-giraffe.com\/de\/wp-json\/wp\/v2\/pages"}],"about":[{"href":"https:\/\/www.striped-giraffe.com\/de\/wp-json\/wp\/v2\/types\/page"}],"author":[{"embeddable":true,"href":"https:\/\/www.striped-giraffe.com\/de\/wp-json\/wp\/v2\/users\/2"}],"replies":[{"embeddable":true,"href":"https:\/\/www.striped-giraffe.com\/de\/wp-json\/wp\/v2\/comments?post=38914"}],"version-history":[{"count":6,"href":"https:\/\/www.striped-giraffe.com\/de\/wp-json\/wp\/v2\/pages\/38914\/revisions"}],"predecessor-version":[{"id":38946,"href":"https:\/\/www.striped-giraffe.com\/de\/wp-json\/wp\/v2\/pages\/38914\/revisions\/38946"}],"up":[{"embeddable":true,"href":"https:\/\/www.striped-giraffe.com\/de\/wp-json\/wp\/v2\/pages\/37882"}],"wp:featuredmedia":[{"embeddable":true,"href":"https:\/\/www.striped-giraffe.com\/de\/wp-json\/wp\/v2\/media\/38463"}],"wp:attachment":[{"href":"https:\/\/www.striped-giraffe.com\/de\/wp-json\/wp\/v2\/media?parent=38914"}],"curies":[{"name":"wp","href":"https:\/\/api.w.org\/{rel}","templated":true}]}}