{"id":39017,"date":"2024-12-11T10:51:55","date_gmt":"2024-12-11T09:51:55","guid":{"rendered":"https:\/\/www.striped-giraffe.com\/expertise\/datenmanagement\/esg-copy\/"},"modified":"2024-12-11T16:30:56","modified_gmt":"2024-12-11T15:30:56","slug":"data-mesh","status":"publish","type":"page","link":"https:\/\/www.striped-giraffe.com\/de\/expertise\/datenmanagement\/data-mesh\/","title":{"rendered":"Data Mesh"},"content":{"rendered":"<section class=\"wpb-content-wrapper\"><p>[vc_row full_width=&#8220;stretch_row&#8220; full_height=&#8220;yes&#8220; css_animation=&#8220;none&#8220; bg_type=&#8220;image&#8220; parallax_style=&#8220;vcpb-default&#8220; bg_image_new=&#8220;id^39024|url^https:\/\/www.striped-giraffe.com\/wp-content\/uploads\/2024\/12\/Header_Data-Mesh-1.jpg|caption^Data Mesh|alt^Data Mesh|title^Data Mesh|description^Data Mesh&#8220; css=&#8220;.vc_custom_1733927181417{margin-bottom: 100px !important;padding-top: 100px !important;padding-bottom: 100px !important;background-position: center !important;background-repeat: no-repeat !important;background-size: cover !important;}&#8220;][vc_column css_animation=&#8220;slideInUp&#8220;][vc_column_text]<\/p>\n<h1 style=\"text-align: center;\"><span style=\"color: #ffffff;\">Data Mesh<\/span><\/h1>\n<p>[\/vc_column_text][\/vc_column][\/vc_row][vc_row el_class=&#8220;closetotop&#8220; css=&#8220;.vc_custom_1686036554817{margin-top: -220px !important;margin-bottom: 50px !important;padding-top: 50px !important;padding-bottom: 50px !important;background-color: #ffffff !important;}&#8220;][vc_column][vc_column_text css=&#8220;.vc_custom_1733910776025{padding-bottom: 50px !important;}&#8220;]<\/p>\n<h3 style=\"text-align: center;\">Data Mesh &#8211; f\u00fcr die Dezentralisierung der Datenhoheit, Konsolidierung von Erkenntnissen und F\u00f6rderung datengesteuerter Innovationen<\/h3>\n<p>[\/vc_column_text][vc_separator color=&#8220;black&#8220; border_width=&#8220;5&#8243; el_width=&#8220;10&#8243;][\/vc_column][\/vc_row][vc_row gap=&#8220;35&#8243; css=&#8220;.vc_custom_1686036463414{margin-top: 50px !important;margin-bottom: 50px !important;margin-left: 0px !important;}&#8220; el_class=&#8220;closetotop&#8220;][vc_column width=&#8220;1\/3&#8243;][vc_column_text]<\/p>\n<h2 class=\"headline_superbig\">Was ist Data Mesh<\/h2>\n<p>[\/vc_column_text][\/vc_column][vc_column width=&#8220;2\/3&#8243; css=&#8220;.vc_custom_1611249278937{padding-left: 0px !important;}&#8220;][vc_column_text]Unternehmen stehen vor der Herausforderung, ihre Datenstrukturen effizient, skalierbar und flexibel zu gestalten. Data Mesh bietet einen innovativen Ansatz, der diese Anforderungen erf\u00fcllt, indem er traditionelle, zentralisierte Datenarchitekturen durch eine dom\u00e4nenorientierte Struktur ersetzt.<\/p>\n<h3>Kernprinzipien von Data Mesh:<\/h3>\n<ul>\n<li><strong>Dom\u00e4nenorientiertes Dateneigentum<\/strong><br \/>\nDie Verantwortung f\u00fcr die Daten wird auf die Teams verteilt, die der Quelle oder der Nutzung dieser Daten am n\u00e4chsten sind, wodurch sichergestellt wird, dass die Fachkompetenz in der Dom\u00e4ne die Datenqualit\u00e4t und -nutzbarkeit f\u00f6rdert.<\/li>\n<li><strong>Daten als Produkt<\/strong><br \/>\nDaten werden als Produkt behandelt, d. h. sie m\u00fcssen zug\u00e4nglich, zuverl\u00e4ssig und gut dokumentiert sein, \u00e4hnlich wie ein Produkt, das externen Kunden angeboten wird.<\/li>\n<li><strong>Self-Service-Dateninfrastruktur<\/strong><br \/>\nTeams verwenden standardisierte Tools und Plattformen, um ihre eigenen Datenprozesse zu verwalten, wodurch die Abh\u00e4ngigkeit von zentralen IT-Teams verringert wird.<\/li>\n<li><strong>F\u00f6derierte Governance<\/strong><br \/>\nEin Rahmenwerk aus gemeinsamen Regeln und Standards gew\u00e4hrleistet Konsistenz und Compliance und bietet gleichzeitig Flexibilit\u00e4t f\u00fcr einzelne Bereiche.<\/li>\n<\/ul>\n<p>[\/vc_column_text][\/vc_column][\/vc_row][vc_row gap=&#8220;35&#8243; css=&#8220;.vc_custom_1685022732669{margin-bottom: 50px !important;}&#8220;][vc_column width=&#8220;1\/3&#8243;][vc_column_text]<\/p>\n<h2 class=\"headline_superbig\">Benefits<\/h2>\n<p>[\/vc_column_text][\/vc_column][vc_column width=&#8220;2\/3&#8243; css=&#8220;.vc_custom_1611249278937{padding-left: 0px !important;}&#8220;][vc_column_text]Data Mesh \u00fcbertr\u00e4gt die Verantwortung f\u00fcr Daten auf die jeweiligen Fachbereiche (Dom\u00e4nen) und f\u00f6rdert so:<\/p>\n<ul>\n<li><strong>Dezentralisierung<\/strong><br \/>\nDom\u00e4nen steuern ihre eigenen Datenprodukte, was Entscheidungswege verk\u00fcrzt.<\/li>\n<li><strong>Skalierbarkeit<\/strong><br \/>\nDer Ansatz erm\u00f6glicht ein organisches Wachstum, ohne dass zentrale Engp\u00e4sse entstehen.<\/li>\n<li><strong>Interoperabilit\u00e4t<\/strong><br \/>\nStandardisierte Datenprodukte sorgen daf\u00fcr, dass Dom\u00e4nen effizient miteinander arbeiten k\u00f6nnen.<\/li>\n<li><strong>Agilit\u00e4t<\/strong><br \/>\nUnternehmen reagieren schneller auf sich ver\u00e4ndernde Anforderungen, da Dom\u00e4nen flexibel agieren k\u00f6nnen.<\/li>\n<\/ul>\n<p>Dieser Ansatz eignet sich besonders f\u00fcr Organisationen mit komplexen Datenlandschaften, z. B. in den Bereichen Finanzen, Einzelhandel, Technologie, Pharma oder Fertigung, wo mehrere Teams zeitnahen Zugriff auf dom\u00e4nenspezifische Daten ben\u00f6tigen.<\/p>\n<h3>In Data Mesh verwendete Technologien und Tools<\/h3>\n<p><span style=\"color: #ef6c00;\">Bei Data Mesh geht es um einen organisatorischen Ansatz. Daf\u00fcr ist ein kultureller Wandel erforderlich, der sich auf die St\u00e4rkung von Teams und die F\u00f6rderung der Zusammenarbeit zwischen verschiedenen Bereichen konzentriert.<\/span> Es handelt sich nicht nur um eine technische L\u00f6sung, sondern um ein strategisches Umdenken in der Art und Weise, wie Organisationen mit ihren Daten umgehen.<\/p>\n<p>Die verwendete Technologie ist besonders wichtig. Nur benutzerfreundliche L\u00f6sungen werden von den Teams in den einzelnen Bereichen akzeptiert.<\/p>\n<p>Traditionelle Systeme wie Data Warehouses und Data Lakes k\u00f6nnen auch in Data Mesh verwendet werden. Ihre Nutzung muss nur von monolithischen Systemen auf mehrere dezentrale Datenrepositorys verlagert werden. Cloud-Plattformen und cloudbasierte Technologien eignen sich ebenfalls gut f\u00fcr Daten-Mesh. Folgende technische Stacks sind f\u00fcr die Implementierung von Daten-Mesh besonders beliebt:<\/p>\n<ul>\n<li>AWS3 mit Athena<\/li>\n<li>Microsoft Azure Stack mit Synapse Analytics<\/li>\n<li>Google Cloud mit Big Query<\/li>\n<li>Snowflake mit dbt<\/li>\n<li>Databricks<\/li>\n<\/ul>\n<p>[\/vc_column_text][\/vc_column][\/vc_row][vc_row gap=&#8220;35&#8243; css=&#8220;.vc_custom_1704382638648{margin-bottom: 50px !important;}&#8220;][vc_column width=&#8220;1\/3&#8243;][vc_column_text]<\/p>\n<h2 class=\"headline_superbig\">Unser<br \/>\nAnsatz<\/h2>\n<p>[\/vc_column_text][\/vc_column][vc_column width=&#8220;2\/3&#8243;][vc_column_text]Wir haben bereits zahlreiche branchen\u00fcbergreifende Data-Mesh-Projekte erfolgreich umgesetzt. Unser bew\u00e4hrter Ansatz gliedert sich in vier zentrale Phasen.<\/p>\n<p>Zu Beginn <strong>evaluieren wir Ihre bestehende Datenarchitektur<\/strong>, identifizieren potenzielle Schwachstellen und entwickeln gemeinsam mit Ihnen eine individuell zugeschnittene Data-Mesh-Strategie.<\/p>\n<p>Anschlie\u00dfend <strong>definieren wir klare Dom\u00e4nen<\/strong> und etablieren ein Governance-Modell, das Verantwortlichkeiten pr\u00e4zise verteilt und eine effektive Zusammenarbeit gew\u00e4hrleistet.<\/p>\n<p>In der dritten Phase unterst\u00fctzen wir Sie bei der <strong>Auswahl und Integration passender Technologien<\/strong>, darunter Kubernetes, Data Lakehouses oder API-First-Tools, um den Data-Mesh-Ansatz technisch umzusetzen.<\/p>\n<p>Abschlie\u00dfend <strong>schulen wir Ihre Teams<\/strong>, um sie optimal auf den Umgang mit der neuen Architektur vorzubereiten, und begleiten Sie bei der schrittweisen Skalierung Ihrer Data-Mesh-Infrastruktur, um langfristigen Erfolg sicherzustellen.[\/vc_column_text][\/vc_column][\/vc_row][vc_row gap=&#8220;35&#8243; css=&#8220;.vc_custom_1711011822883{margin-bottom: 100px !important;}&#8220;][vc_column width=&#8220;1\/3&#8243;][vc_column_text]<\/p>\n<h2 class=\"headline_superbig\">Alternativen<br \/>\nzu Data Mesh<\/h2>\n<p>[\/vc_column_text][\/vc_column][vc_column width=&#8220;2\/3&#8243;][vc_column_text]Obwohl Data Mesh ein zukunftsweisender Ansatz ist, gibt es Alternativen, die je nach Unternehmensanforderung geeignet sein k\u00f6nnen:<\/p>\n<ul>\n<li><strong>Zentralisierte Data Warehouses<\/strong>: Ideal f\u00fcr Unternehmen mit weniger komplexen Datenanforderungen.<\/li>\n<li><strong>Data Lakes<\/strong>: Eine flexible Option f\u00fcr die Speicherung gro\u00dfer, unstrukturierter Datenmengen.<\/li>\n<li><strong>Data Fabric: <\/strong>Automatisierter Ansatz zur Sammlung von Daten aus verschiedenen Quellen und Systemen und zur Bereitstellung von Erkenntnissen aus diesen Daten<\/li>\n<li><strong>Hybridans\u00e4tze<\/strong>: Kombination aus zentralisierten und dezentralisierten Strukturen, geeignet f\u00fcr Unternehmen im \u00dcbergang.<\/li>\n<\/ul>\n<p>[\/vc_column_text][\/vc_column][\/vc_row][vc_row full_width=&#8220;stretch_row&#8220; css=&#8220;.vc_custom_1705587310854{margin-bottom: 50px !important;}&#8220;][vc_column][vc_row_inner][vc_column_inner width=&#8220;1\/3&#8243;][vc_column_text]<\/p>\n<h2 class=\"headline_superbig\">Let&#8217;s talk<\/h2>\n<p>[\/vc_column_text][\/vc_column_inner][vc_column_inner width=&#8220;2\/3&#8243;][vc_column_text]<\/p>\n<h3>Brauchen Sie ein <strong>konkretes Angebot<\/strong> oder suchen Sie einen <strong>Sparringspartner<\/strong>, mit dem sie Ideen diskutieren und entwickeln k\u00f6nnen?<\/h3>\n<h3>Dann melden Sie sich:<\/h3>\n<ul>\n<li><a href=\"mailto:experts@striped-giraffe.com\">experts@striped-giraffe.com<\/a><\/li>\n<li><span style=\"color: #ef6c00;\">+49 (0)89-416 126-667<\/span><\/li>\n<\/ul>\n<p>[\/vc_column_text]<a class=\"calendly\" href=\"\" onclick=\"Calendly.initPopupWidget({url: 'https:\/\/calendly.com\/striped-giraffe\/30min'});return false;\">Termin vereinbaren<\/a>[vc_column_text css=&#8220;.vc_custom_1705936147633{margin-top: 32px !important;}&#8220;]<\/p>\n<h3>Wir unterst\u00fctzen Sie gerne.<\/h3>\n<p>[\/vc_column_text][\/vc_column_inner][\/vc_row_inner][\/vc_column][\/vc_row][vc_row full_width=&#8220;stretch_row&#8220; bg_type=&#8220;bg_color&#8220; css=&#8220;.vc_custom_1733928511683{margin-top: 50px !important;padding-top: 50px !important;}&#8220; bg_color_value=&#8220;#000000&#8243;][vc_column width=&#8220;1\/3&#8243;][vc_column_text]<\/p>\n<h2 class=\"headline_superbig\"><span style=\"color: #ffffff;\">FULL-SERVICE FOR YOUR DIGITAL CHALLENGE<\/span><\/h2>\n<p><span style=\"color: #ffffff;\">Ganz egal, welche digitale Herausforderung Sie meistern m\u00fcssen, wir unterst\u00fctzen Sie dabei. Mit den unterschiedlichen Spezialisten in unserem Team und unserem Experten-Netzwerk finden wir f\u00fcr jedes Problem die passende L\u00f6sung.<\/span>[\/vc_column_text][vc_empty_space][\/vc_column][vc_column width=&#8220;1\/3&#8243;]<div class=\"templatera_shortcode\"><div class=\"vc_row wpb_row vc_row-fluid\"><div class=\"wpb_column vc_column_container vc_col-sm-12\"><div class=\"vc_column-inner\"><div class=\"wpb_wrapper\"><div id='' class='teaserbox  overlay'><div class='teaserbox_inner'><div class='teaserheadline'><h2 style='color:#ffffff;font-family:DinWebPro Bold;'>IT-Beratung<\/h2><h3 style='color:#ffffff;'>Frische Ideen und fundiertes Knowhow fu\u0308r Ihr Business<\/h3><\/div><div class='teasertext'><div class='wpb_wrapper'>Herausfordernde Zeit verlangen ad\u00e4quate und m\u00f6glichst flexible L\u00f6sungen. Die Bandbreite ist riesig. F\u00fcr jedes Unternehmen und jedes Problem l\u00e4sst sich die passende L\u00f6sung finden oder entwickeln.<\/div><\/div><div class='teaserlink'><a href='https:\/\/www.striped-giraffe.com\/de\/leistungen\/it-beratung\/' style='color:#ffffff;'>IT-Beratung<\/a><\/div><div class='wpb_single_image desktop_only'><img src='https:\/\/www.striped-giraffe.com\/wp-content\/uploads\/2021\/01\/Teaser_IT_Consulting.jpg' \/><\/div><div class='wpb_single_image mobile_only'><img src='https:\/\/www.striped-giraffe.com\/wp-content\/uploads\/2021\/01\/Teaser_IT_Consulting-600x700.jpg' \/><\/div><\/div><\/div><\/div><\/div><\/div><\/div><\/div>[\/vc_column][vc_column width=&#8220;1\/3&#8243;]<div class=\"templatera_shortcode\"><div class=\"vc_row wpb_row vc_row-fluid\"><div class=\"wpb_column vc_column_container vc_col-sm-12\"><div class=\"vc_column-inner\"><div class=\"wpb_wrapper\"><div id='' class='teaserbox  overlay'><div class='teaserbox_inner'><div class='teaserheadline'><h2 style='color:#ffffff;font-family:DinWebPro Bold;'>PROJEKT MANAGEMENT<\/h2><h3 style='color:#ffffff;'>Digitale L\u00f6sungen, die alle Anforderungen erf\u00fcllen<\/h3><\/div><div class='teasertext'><div class='wpb_wrapper'>Unsere Projektmanager stehen f\u00fcr die optimale Erf\u00fcllung der Anforderungen aus den Bereichen Business, Anwender und Technologie.<\/div><\/div><div class='teaserlink'><a href='https:\/\/www.striped-giraffe.com\/leistungen\/projektmanagement\/' style='color:#ffffff;'>Projektmanagement<\/a><\/div><div class='wpb_single_image desktop_only'><img src='https:\/\/www.striped-giraffe.com\/wp-content\/uploads\/2021\/01\/Projectmanagement_Teaser-600x960.jpg' \/><\/div><div class='wpb_single_image mobile_only'><img src='https:\/\/www.striped-giraffe.com\/wp-content\/uploads\/2021\/01\/Projectmanagement_Teaser-600x700.jpg' \/><\/div><\/div><\/div><\/div><\/div><\/div><\/div><\/div>[\/vc_column][\/vc_row][vc_row full_width=&#8220;stretch_row&#8220; bg_type=&#8220;bg_color&#8220; css=&#8220;.vc_custom_1733928488305{padding-bottom: 50px !important;}&#8220; bg_color_value=&#8220;#000000&#8243;][vc_column width=&#8220;1\/3&#8243;]<div class=\"templatera_shortcode\"><div class=\"vc_row wpb_row vc_row-fluid\"><div class=\"wpb_column vc_column_container vc_col-sm-12\"><div class=\"vc_column-inner\"><div class=\"wpb_wrapper\"><div id='' class='teaserbox  overlay'><div class='teaserbox_inner'><div class='teaserheadline'><h2 style='color:#ffffff;font-family:DinWebPro Bold;'>Qualit\u00e4tssicherung<\/h2><h3 style='color:#ffffff;'>Gew\u00e4hrleistung Ihrer Softwarequalit\u00e4t<\/h3><\/div><div class='teasertext'><div class='wpb_wrapper'>Unser Testing-Angebot gew\u00e4hrleistet eine erstklassige Qualit\u00e4tssicherung, die den Erfolg Ihrer Produkte f\u00f6rdert und ihren Wert steigert.<\/div><\/div><div class='teaserlink'><a href='https:\/\/www.striped-giraffe.com\/de\/leistungen\/qualitaetssicherung\/' style='color:#ffffff;'>Entwicklung<\/a><\/div><div class='wpb_single_image desktop_only'><img src='https:\/\/www.striped-giraffe.com\/wp-content\/uploads\/2024\/05\/Teaser_QA.jpg' \/><\/div><div class='wpb_single_image mobile_only'><img src='https:\/\/www.striped-giraffe.com\/wp-content\/uploads\/2024\/05\/Teaser_QA-600x700.jpg' \/><\/div><\/div><\/div><\/div><\/div><\/div><\/div><\/div>[\/vc_column][vc_column width=&#8220;1\/3&#8243;]<div class=\"templatera_shortcode\"><div class=\"vc_row wpb_row vc_row-fluid\"><div class=\"wpb_column vc_column_container vc_col-sm-12\"><div class=\"vc_column-inner\"><div class=\"wpb_wrapper\"><div id='' class='teaserbox  overlay'><div class='teaserbox_inner'><div class='teaserheadline'><h2 style='color:#000000;font-family:DinWebPro Bold;'>Entwicklung<\/h2><h3 style='color:#000000;'>Wir entwickeln zukunftsorientierte L\u00f6sungen<\/h3><\/div><div class='teasertext'><div class='wpb_wrapper'>Wir stellen komplette Entwicklungsteams in Eigenverantwortung oder erg\u00e4nzen bestehende Teams mit unserer Expertise.<\/div><\/div><div class='teaserlink'><a href='https:\/\/www.striped-giraffe.com\/de\/leistungen\/entwicklung\/' style='color:#ffffff;'>Entwicklung<\/a><\/div><div class='wpb_single_image desktop_only'><img src='https:\/\/www.striped-giraffe.com\/wp-content\/uploads\/2021\/01\/Teaser_Development.jpg' \/><\/div><div class='wpb_single_image mobile_only'><img src='https:\/\/www.striped-giraffe.com\/wp-content\/uploads\/2021\/01\/Teaser_Development-600x700.jpg' \/><\/div><\/div><\/div><\/div><\/div><\/div><\/div><\/div>[\/vc_column][vc_column width=&#8220;1\/3&#8243;]<div class=\"templatera_shortcode\"><div class=\"vc_row wpb_row vc_row-fluid\"><div class=\"wpb_column vc_column_container vc_col-sm-12\"><div class=\"vc_column-inner\"><div class=\"wpb_wrapper\"><div id='' class='teaserbox  overlay'><div class='teaserbox_inner'><div class='teaserheadline'><h2 style='color:#ffffff;font-family:DinWebPro Bold;'>UX\/UI<\/h2><h3 style='color:#ffffff;'>Wir kreieren Erlebniswelten, die Kunden begeistern<\/h3><\/div><div class='teasertext'><div class='wpb_wrapper'>Wir stellen den Nutzer in den Fokus, um ein atemberaubendes Kundenerlebnis zu gestalten.<\/div><\/div><div class='teaserlink'><a href='https:\/\/www.striped-giraffe.com\/leistungen\/ux-ui\/' style='color:#ffffff;'>UX\/UI<\/a><\/div><div class='wpb_single_image desktop_only'><img src='https:\/\/www.striped-giraffe.com\/wp-content\/uploads\/2021\/01\/UX_UI_Teaser-2-600x960.jpg' \/><\/div><div class='wpb_single_image mobile_only'><img src='https:\/\/www.striped-giraffe.com\/wp-content\/uploads\/2021\/01\/UX_UI_Teaser-2-600x700.jpg' \/><\/div><\/div><\/div><\/div><\/div><\/div><\/div><\/div>[\/vc_column][\/vc_row]<\/p>\n<\/section>","protected":false},"excerpt":{"rendered":"Data Mesh Data Mesh - f\u00fcr die Dezentralisierung der Datenhoheit, Konsolidierung von Erkenntnissen und F\u00f6rderung datengesteuerter Innovationen Was ist Data [...]","protected":false},"author":2,"featured_media":39020,"parent":1585,"menu_order":0,"comment_status":"closed","ping_status":"closed","template":"","meta":{"footnotes":""},"acf":[],"yoast_head":"<!-- This site is optimized with the Yoast SEO Premium plugin v20.5 (Yoast SEO v20.5) - https:\/\/yoast.com\/wordpress\/plugins\/seo\/ -->\n<title>Data Mesh<\/title>\n<meta name=\"description\" content=\"Bei Data Mesh handelt es sich um einen organisatorischen Ansatz. Es geht um ein strategisches Umdenken \u00fcber das Handling von Daten.\" \/>\n<meta name=\"robots\" content=\"index, follow, max-snippet:-1, max-image-preview:large, max-video-preview:-1\" \/>\n<link rel=\"canonical\" href=\"https:\/\/www.striped-giraffe.com\/de\/expertise\/datenmanagement\/data-mesh\/\" \/>\n<meta property=\"og:locale\" content=\"de_DE\" \/>\n<meta property=\"og:type\" content=\"article\" \/>\n<meta property=\"og:title\" content=\"Data Mesh\" \/>\n<meta property=\"og:description\" content=\"Bei Data Mesh handelt es sich um einen organisatorischen Ansatz. Es geht um ein strategisches Umdenken \u00fcber das Handling von Daten.\" \/>\n<meta property=\"og:url\" content=\"https:\/\/www.striped-giraffe.com\/de\/expertise\/datenmanagement\/data-mesh\/\" \/>\n<meta property=\"og:site_name\" content=\"Striped Giraffe\" \/>\n<meta property=\"article:modified_time\" content=\"2024-12-11T15:30:56+00:00\" \/>\n<meta property=\"og:image\" content=\"https:\/\/www.striped-giraffe.com\/wp-content\/uploads\/2024\/12\/Header_Data-Mesh.jpg\" \/>\n\t<meta property=\"og:image:width\" content=\"1400\" \/>\n\t<meta property=\"og:image:height\" content=\"901\" \/>\n\t<meta property=\"og:image:type\" content=\"image\/jpeg\" \/>\n<meta name=\"twitter:card\" content=\"summary_large_image\" \/>\n<meta name=\"twitter:label1\" content=\"Gesch\u00e4tzte Lesezeit\" \/>\n\t<meta name=\"twitter:data1\" content=\"5\u00a0Minuten\" \/>\n<script type=\"application\/ld+json\" class=\"yoast-schema-graph\">{\"@context\":\"https:\/\/schema.org\",\"@graph\":[{\"@type\":\"WebPage\",\"@id\":\"https:\/\/www.striped-giraffe.com\/de\/expertise\/datenmanagement\/data-mesh\/\",\"url\":\"https:\/\/www.striped-giraffe.com\/de\/expertise\/datenmanagement\/data-mesh\/\",\"name\":\"Data Mesh\",\"isPartOf\":{\"@id\":\"https:\/\/www.striped-giraffe.com\/de\/#website\"},\"datePublished\":\"2024-12-11T09:51:55+00:00\",\"dateModified\":\"2024-12-11T15:30:56+00:00\",\"description\":\"Bei Data Mesh handelt es sich um einen organisatorischen Ansatz. Es geht um ein strategisches Umdenken \u00fcber das Handling von Daten.\",\"breadcrumb\":{\"@id\":\"https:\/\/www.striped-giraffe.com\/de\/expertise\/datenmanagement\/data-mesh\/#breadcrumb\"},\"inLanguage\":\"de\",\"potentialAction\":[{\"@type\":\"ReadAction\",\"target\":[\"https:\/\/www.striped-giraffe.com\/de\/expertise\/datenmanagement\/data-mesh\/\"]}]},{\"@type\":\"BreadcrumbList\",\"@id\":\"https:\/\/www.striped-giraffe.com\/de\/expertise\/datenmanagement\/data-mesh\/#breadcrumb\",\"itemListElement\":[{\"@type\":\"ListItem\",\"position\":1,\"name\":\"Expertise\",\"item\":\"https:\/\/www.striped-giraffe.com\/de\/expertise\/\"},{\"@type\":\"ListItem\",\"position\":2,\"name\":\"Datenmanagement\",\"item\":\"https:\/\/www.striped-giraffe.com\/de\/expertise\/datenmanagement\/\"},{\"@type\":\"ListItem\",\"position\":3,\"name\":\"Data Mesh\"}]},{\"@type\":\"WebSite\",\"@id\":\"https:\/\/www.striped-giraffe.com\/de\/#website\",\"url\":\"https:\/\/www.striped-giraffe.com\/de\/\",\"name\":\"Striped Giraffe\",\"description\":\"Ihr zuverl\u00e4ssiger Anbieter f\u00fcr digitale Enterprise-L\u00f6sungen\",\"publisher\":{\"@id\":\"https:\/\/www.striped-giraffe.com\/de\/#organization\"},\"potentialAction\":[{\"@type\":\"SearchAction\",\"target\":{\"@type\":\"EntryPoint\",\"urlTemplate\":\"https:\/\/www.striped-giraffe.com\/de\/?s={search_term_string}\"},\"query-input\":\"required name=search_term_string\"}],\"inLanguage\":\"de\"},{\"@type\":\"Organization\",\"@id\":\"https:\/\/www.striped-giraffe.com\/de\/#organization\",\"name\":\"Striped Giraffe\",\"url\":\"https:\/\/www.striped-giraffe.com\/de\/\",\"logo\":{\"@type\":\"ImageObject\",\"inLanguage\":\"de\",\"@id\":\"https:\/\/www.striped-giraffe.com\/de\/#\/schema\/logo\/image\/\",\"url\":\"https:\/\/www.striped-giraffe.com\/wp-content\/uploads\/2021\/01\/giraffe_white.svg\",\"contentUrl\":\"https:\/\/www.striped-giraffe.com\/wp-content\/uploads\/2021\/01\/giraffe_white.svg\",\"caption\":\"Striped Giraffe\"},\"image\":{\"@id\":\"https:\/\/www.striped-giraffe.com\/de\/#\/schema\/logo\/image\/\"}}]}<\/script>\n<!-- \/ Yoast SEO Premium plugin. -->","yoast_head_json":{"title":"Data Mesh","description":"Bei Data Mesh handelt es sich um einen organisatorischen Ansatz. Es geht um ein strategisches Umdenken \u00fcber das Handling von Daten.","robots":{"index":"index","follow":"follow","max-snippet":"max-snippet:-1","max-image-preview":"max-image-preview:large","max-video-preview":"max-video-preview:-1"},"canonical":"https:\/\/www.striped-giraffe.com\/de\/expertise\/datenmanagement\/data-mesh\/","og_locale":"de_DE","og_type":"article","og_title":"Data Mesh","og_description":"Bei Data Mesh handelt es sich um einen organisatorischen Ansatz. Es geht um ein strategisches Umdenken \u00fcber das Handling von Daten.","og_url":"https:\/\/www.striped-giraffe.com\/de\/expertise\/datenmanagement\/data-mesh\/","og_site_name":"Striped Giraffe","article_modified_time":"2024-12-11T15:30:56+00:00","og_image":[{"width":1400,"height":901,"url":"https:\/\/www.striped-giraffe.com\/wp-content\/uploads\/2024\/12\/Header_Data-Mesh.jpg","type":"image\/jpeg"}],"twitter_card":"summary_large_image","twitter_misc":{"Gesch\u00e4tzte Lesezeit":"5\u00a0Minuten"},"schema":{"@context":"https:\/\/schema.org","@graph":[{"@type":"WebPage","@id":"https:\/\/www.striped-giraffe.com\/de\/expertise\/datenmanagement\/data-mesh\/","url":"https:\/\/www.striped-giraffe.com\/de\/expertise\/datenmanagement\/data-mesh\/","name":"Data Mesh","isPartOf":{"@id":"https:\/\/www.striped-giraffe.com\/de\/#website"},"datePublished":"2024-12-11T09:51:55+00:00","dateModified":"2024-12-11T15:30:56+00:00","description":"Bei Data Mesh handelt es sich um einen organisatorischen Ansatz. Es geht um ein strategisches Umdenken \u00fcber das Handling von Daten.","breadcrumb":{"@id":"https:\/\/www.striped-giraffe.com\/de\/expertise\/datenmanagement\/data-mesh\/#breadcrumb"},"inLanguage":"de","potentialAction":[{"@type":"ReadAction","target":["https:\/\/www.striped-giraffe.com\/de\/expertise\/datenmanagement\/data-mesh\/"]}]},{"@type":"BreadcrumbList","@id":"https:\/\/www.striped-giraffe.com\/de\/expertise\/datenmanagement\/data-mesh\/#breadcrumb","itemListElement":[{"@type":"ListItem","position":1,"name":"Expertise","item":"https:\/\/www.striped-giraffe.com\/de\/expertise\/"},{"@type":"ListItem","position":2,"name":"Datenmanagement","item":"https:\/\/www.striped-giraffe.com\/de\/expertise\/datenmanagement\/"},{"@type":"ListItem","position":3,"name":"Data Mesh"}]},{"@type":"WebSite","@id":"https:\/\/www.striped-giraffe.com\/de\/#website","url":"https:\/\/www.striped-giraffe.com\/de\/","name":"Striped Giraffe","description":"Ihr zuverl\u00e4ssiger Anbieter f\u00fcr digitale Enterprise-L\u00f6sungen","publisher":{"@id":"https:\/\/www.striped-giraffe.com\/de\/#organization"},"potentialAction":[{"@type":"SearchAction","target":{"@type":"EntryPoint","urlTemplate":"https:\/\/www.striped-giraffe.com\/de\/?s={search_term_string}"},"query-input":"required name=search_term_string"}],"inLanguage":"de"},{"@type":"Organization","@id":"https:\/\/www.striped-giraffe.com\/de\/#organization","name":"Striped Giraffe","url":"https:\/\/www.striped-giraffe.com\/de\/","logo":{"@type":"ImageObject","inLanguage":"de","@id":"https:\/\/www.striped-giraffe.com\/de\/#\/schema\/logo\/image\/","url":"https:\/\/www.striped-giraffe.com\/wp-content\/uploads\/2021\/01\/giraffe_white.svg","contentUrl":"https:\/\/www.striped-giraffe.com\/wp-content\/uploads\/2021\/01\/giraffe_white.svg","caption":"Striped Giraffe"},"image":{"@id":"https:\/\/www.striped-giraffe.com\/de\/#\/schema\/logo\/image\/"}}]}},"_links":{"self":[{"href":"https:\/\/www.striped-giraffe.com\/de\/wp-json\/wp\/v2\/pages\/39017"}],"collection":[{"href":"https:\/\/www.striped-giraffe.com\/de\/wp-json\/wp\/v2\/pages"}],"about":[{"href":"https:\/\/www.striped-giraffe.com\/de\/wp-json\/wp\/v2\/types\/page"}],"author":[{"embeddable":true,"href":"https:\/\/www.striped-giraffe.com\/de\/wp-json\/wp\/v2\/users\/2"}],"replies":[{"embeddable":true,"href":"https:\/\/www.striped-giraffe.com\/de\/wp-json\/wp\/v2\/comments?post=39017"}],"version-history":[{"count":5,"href":"https:\/\/www.striped-giraffe.com\/de\/wp-json\/wp\/v2\/pages\/39017\/revisions"}],"predecessor-version":[{"id":39033,"href":"https:\/\/www.striped-giraffe.com\/de\/wp-json\/wp\/v2\/pages\/39017\/revisions\/39033"}],"up":[{"embeddable":true,"href":"https:\/\/www.striped-giraffe.com\/de\/wp-json\/wp\/v2\/pages\/1585"}],"wp:featuredmedia":[{"embeddable":true,"href":"https:\/\/www.striped-giraffe.com\/de\/wp-json\/wp\/v2\/media\/39020"}],"wp:attachment":[{"href":"https:\/\/www.striped-giraffe.com\/de\/wp-json\/wp\/v2\/media?parent=39017"}],"curies":[{"name":"wp","href":"https:\/\/api.w.org\/{rel}","templated":true}]}}