{"id":39813,"date":"2025-04-24T16:08:09","date_gmt":"2025-04-24T14:08:09","guid":{"rendered":"https:\/\/www.striped-giraffe.com\/technologien\/ecommerce-systeme\/broadleaf-commerce-copy\/"},"modified":"2025-04-28T17:38:04","modified_gmt":"2025-04-28T15:38:04","slug":"alokai","status":"publish","type":"page","link":"https:\/\/www.striped-giraffe.com\/de\/technologien\/ecommerce-systeme\/alokai\/","title":{"rendered":"Alokai &#8211; Details"},"content":{"rendered":"<section class=\"wpb-content-wrapper\"><p>[vc_row full_width=&#8220;stretch_row&#8220; bg_type=&#8220;image&#8220; parallax_style=&#8220;vcpb-default&#8220; bg_image_new=&#8220;id^38480|url^https:\/\/www.striped-giraffe.com\/wp-content\/uploads\/2024\/11\/Header_Technologies_E-Commerce-1.jpg|caption^e-commerce technologies, PIM\/PCM, marketplaces, payment, omnichannel|alt^e-commerce technologies|title^Image of data processing with credit card and smartphone over li|description^e-commerce technologies, PIM\/PCM, marketplaces, payment, omnichannel&#8220; css=&#8220;.vc_custom_1731333594874{padding-top: 200px !important;padding-bottom: 200px !important;background-position: center !important;background-repeat: no-repeat !important;background-size: cover !important;}&#8220;][vc_column][vc_column_text]<\/p>\n<h3><span style=\"color: #ef6c00;\">E-Commerce-Systeme<\/span><\/h3>\n<h1><span style=\"color: #ffffff;\">Alokai<\/span><\/h1>\n<p>[\/vc_column_text][\/vc_column][\/vc_row][vc_row gap=&#8220;35&#8243; el_class=&#8220;closetotop&#8220; css=&#8220;.vc_custom_1731491533556{padding-bottom: 50px !important;background-color: #ffffff !important;}&#8220;][vc_column width=&#8220;1\/3&#8243;][vc_single_image image=&#8220;39853&#8243; img_size=&#8220;medium&#8220;][\/vc_column][vc_column width=&#8220;2\/3&#8243; css=&#8220;.vc_custom_1731491551035{padding-top: 50px !important;}&#8220;][vc_column_text]<\/p>\n<h3 style=\"text-align: center;\">Alokai verbindet alle Technologien, die f\u00fcr die Entwicklung und Bereitstellung schneller und skalierbarer E-Commerce-Frontends erforderlich sind.<\/h3>\n<p>[\/vc_column_text][\/vc_column][\/vc_row][vc_row gap=&#8220;35&#8243; css=&#8220;.vc_custom_1731334060703{margin-bottom: 50px !important;background-color: #ffffff !important;}&#8220;][vc_column width=&#8220;1\/3&#8243;][vc_column_text]<\/p>\n<h2 class=\"headline_superbig\">Produkt-<br \/>\nmerkmale<\/h2>\n<p>[\/vc_column_text][\/vc_column][vc_column width=&#8220;1\/3&#8243;][vc_column_text]<strong><span style=\"color: #ef6c00;\">Technik<br \/>\n<\/span><\/strong>Eine End-to-End-Frontend-Plattform mit einem Designsystem, einer produktionsreifen Storefront, einer einheitlichen Integrationsschicht, einer Cloud-Plattform und Analysen.<\/p>\n<p><strong><span style=\"color: #ef6c00;\">Kosten-Modell<br \/>\n<\/span><\/strong>Lizenzbasierte Preisgestaltung<\/p>\n<p><strong><span style=\"color: #ef6c00;\">Gesch\u00e4ftsmodell<br \/>\n<\/span><\/strong><span style=\"font-weight: 400;\">B2C, B2B und B2B2C <\/span><\/p>\n<p><strong><span style=\"color: #ef6c00;\">Flexibilit\u00e4t<br \/>\n<\/span><\/strong><\/p>\n<ul>\n<li>Modulare Architektur f\u00fcr vollst\u00e4ndige oder teilweise Anpassung<\/li>\n<li>\u00d6kosystem aus vorgefertigten Integrationen f\u00fcr Headless CMS, Zahlungsabwicklung, Suche und E-Commerce-Backend-L\u00f6sungen<\/li>\n<\/ul>\n<p><strong><span style=\"color: #ef6c00;\">Zukunftssicherheit<br \/>\n<\/span><\/strong>Schritt f\u00fcr Schritt skalierbar, Komponenten k\u00f6nnen bei Bedarf ersetzt oder hingezuf\u00fcgt werden<strong><br \/>\n<\/strong><\/p>\n<p><strong><span style=\"color: #ef6c00;\">Features\/Funktionen<br \/>\n<\/span><\/strong><\/p>\n<ul>\n<li><a href=\"https:\/\/docs.alokai.com\/storefront\" target=\"_blank\" rel=\"noopener\">Alokai Storefront<\/a> \u2013 eine produktionsreife, anpassbare Storefront;<\/li>\n<li><a href=\"https:\/\/alokai.com\/product\/connect\" target=\"_blank\" rel=\"noopener\">Alokai Connect<\/a> \u2013 eine Integrationsschicht f\u00fcr die einfache Datenorchestrierung;<\/li>\n<li>Unified Data Layer \u2013 Abstraktionsschicht f\u00fcr Integrationen, die diese von der Storefront entkoppelt<\/li>\n<li><a href=\"https:\/\/alokai.com\/product\/cloud\" target=\"_blank\" rel=\"noopener\">Alokai Cloud<\/a> \u2013 eine Cloud-Infrastruktur mit integrierter automatischer Skalierung und 99,9 % SLA;<\/li>\n<li><a href=\"https:\/\/alokai.com\/product\/console\" target=\"_blank\" rel=\"noopener\">Alokai Console<\/a> \u2013 ein Tool zur Leistungs\u00fcberwachung und Berichterstellung.<\/li>\n<li>Commerce Intelligence \u2013 Analysel\u00f6sung zur Identifizierung von umsatzwirksamen Chancen in Ihrer Storefront<\/li>\n<\/ul>\n<p><strong><span style=\"color: #ef6c00;\">sonstige Merkmale<br \/>\n<\/span><\/strong>Beschleunigte Umsetzung[\/vc_column_text][\/vc_column][vc_column width=&#8220;1\/3&#8243;][vc_column_text]<\/p>\n<p style=\"text-align: left;\"><strong><span style=\"color: #ef6c00;\">Besonderheiten beim Betrieb<br \/>\n<\/span><\/strong><\/p>\n<ul>\n<li>Die Komponentenbibliothek erm\u00f6glicht die einfache Implementierung wichtiger UI-Elemente f\u00fcr E-Commerce-Shops und Skalierbarkeit<\/li>\n<li>Die Cloud-Plattform reduziert die Bereitstellungszeit, verbessert die Website-Performance und gew\u00e4hrleistet einen zuverl\u00e4ssigen Betrieb unter allen Umst\u00e4nden<\/li>\n<li>Kontinuierlicher Produktsupport und enge Zusammenarbeit mit dem Alokai-Team w\u00e4hrend der Einf\u00fchrung gew\u00e4hrleisten eine erfolgreiche Implementierung<\/li>\n<\/ul>\n<p style=\"text-align: left;\"><strong><span style=\"color: #ef6c00;\">gesch\u00e4tzter Aufwand f\u00fcr die Implementierung<\/span><\/strong><\/p>\n<ul>\n<li><strong>Mittel<\/strong>, da das Entwicklungsteam mit den Frameworks <a href=\"http:\/\/vue.js\/React\">Vue.js\/React<\/a> vertraut ist<\/li>\n<li>3\u20136 Monate f\u00fcr die Erstimplementierung<\/li>\n<li>Erh\u00f6hte betriebliche Effizienz dank vorgefertigter Komponenten und fertiger Integrationen<\/li>\n<li>Einfache Implementierung aller zus\u00e4tzlichen Komponenten nach der Erstbereitstellung<\/li>\n<\/ul>\n<p style=\"text-align: left;\"><strong><span style=\"color: #ef6c00;\">gesch\u00e4tzter Aufwand f\u00fcr den Betrieb<br \/>\n<\/span><\/strong><\/p>\n<p><strong>Mittlere<\/strong> bis <strong>hohe<\/strong> Anschaffungskosten, die langfristig zu geringeren Gesamtbetriebskosten im Vergleich zu ma\u00dfgeschneiderten L\u00f6sungen f\u00fchren.[\/vc_column_text][\/vc_column][\/vc_row][vc_row full_width=&#8220;stretch_row&#8220; bg_type=&#8220;bg_color&#8220; css=&#8220;.vc_custom_1731337382048{margin-bottom: 50px !important;margin-left: 70px !important;padding-top: 75px !important;padding-bottom: 75px !important;background-color: #ffffff !important;}&#8220; bg_color_value=&#8220;#000000&#8243;][vc_column width=&#8220;1\/3&#8243;][vc_column_text]<\/p>\n<h2 class=\"headline_superbig\"><span style=\"color: #ffffff;\">Best Fit<\/span><\/h2>\n<p>[\/vc_column_text][\/vc_column][vc_column width=&#8220;2\/3&#8243;][vc_column_text]<\/p>\n<h3><span style=\"color: #ffffff;\">Alokai ist die perfekte L\u00f6sung f\u00fcr E-Commerce-Unternehmen, die:<\/span><\/h3>\n<ul>\n<li><span style=\"color: #ffffff;\">ihr Gesch\u00e4ft <span style=\"color: #ef6c00;\">schrittweise<\/span> mit erstklassigen Technologien ausbauen m\u00f6chten<\/span><\/li>\n<li><span style=\"color: #ffffff;\">die mit <span style=\"color: #ef6c00;\">mehreren Marken und\/oder Regionen<\/span> arbeiten und eine einfache und skalierbare Technologie ben\u00f6tigen<\/span><\/li>\n<li><span style=\"color: #ffffff;\">die nach <span style=\"color: #ef6c00;\">personalisierten<\/span> Omnichannel-L\u00f6sungen f\u00fcr ein optimales Kundenerlebnis suchen<\/span><\/li>\n<li><span style=\"color: #ffffff;\">die sich nicht durch eine <\/span><span style=\"color: #ef6c00;\">monolithischen Architektur<\/span><span style=\"color: #ffffff;\"> einschr\u00e4nken lassen m\u00f6chten<\/span><\/li>\n<li><span style=\"color: #ffffff;\">die <span style=\"color: #ef6c00;\">IT-Abh\u00e4ngigkeiten reduzieren<\/span> und die Markteinf\u00fchrungszeit verk\u00fcrzen m\u00f6chten<\/span><\/li>\n<\/ul>\n<p>[\/vc_column_text][\/vc_column][\/vc_row][vc_row css=&#8220;.vc_custom_1731599555305{margin-bottom: 100px !important;}&#8220;][vc_column width=&#8220;1\/3&#8243;][\/vc_column][vc_column width=&#8220;2\/3&#8243;][vc_btn title=&#8220;ALLE E-COMMERCE-SYSTEME&#8220; align=&#8220;left&#8220; i_icon_fontawesome=&#8220;fas fa-caret-right&#8220; add_icon=&#8220;true&#8220; link=&#8220;url:https%3A%2F%2Fwww.striped-giraffe.com%2Fde%2Ftechnologien%2Fecommerce-systeme%2F|title:E-Commerce-Systeme&#8220;][\/vc_column][\/vc_row][vc_row css=&#8220;.vc_custom_1731599555305{margin-bottom: 100px !important;}&#8220;][vc_column][vc_separator border_width=&#8220;3&#8243;][\/vc_column][\/vc_row][vc_row full_width=&#8220;stretch_row&#8220; css=&#8220;.vc_custom_1706183849370{margin-top: 50px !important;margin-bottom: 50px !important;}&#8220;][vc_column][vc_row_inner][vc_column_inner width=&#8220;1\/3&#8243;][vc_column_text]<\/p>\n<h2 class=\"headline_superbig\">Let&#8217;s talk<\/h2>\n<p>[\/vc_column_text][\/vc_column_inner][vc_column_inner width=&#8220;2\/3&#8243;][vc_column_text]<\/p>\n<h3>Brauchen Sie ein <strong>konkretes Angebot<\/strong> oder suchen Sie einen <strong>Sparringspartner<\/strong>, mit dem sie Ideen diskutieren und entwickeln k\u00f6nnen?<\/h3>\n<h3>Dann melden Sie sich:<\/h3>\n<ul>\n<li><a href=\"mailto:experts@striped-giraffe.com\">experts@striped-giraffe.com<\/a><\/li>\n<li><span style=\"color: #ef6c00;\">+49 (0)89-416 126-667<\/span><\/li>\n<\/ul>\n<p>[\/vc_column_text]<a class=\"calendly\" href=\"\" onclick=\"Calendly.initPopupWidget({url: 'https:\/\/calendly.com\/striped-giraffe\/30min'});return false;\">Termin vereinbaren<\/a>[vc_column_text css=&#8220;.vc_custom_1705936147633{margin-top: 32px !important;}&#8220;]<\/p>\n<h3>Wir unterst\u00fctzen Sie gerne.<\/h3>\n<p>[\/vc_column_text][\/vc_column_inner][\/vc_row_inner][\/vc_column][\/vc_row][vc_row][vc_column][vc_empty_space height=&#8220;100px&#8220;][\/vc_column][\/vc_row]<\/p>\n<\/section>","protected":false},"excerpt":{"rendered":"<p>[vc_row full_width=&#8220;stretch_row&#8220; bg_type=&#8220;image&#8220; parallax_style=&#8220;vcpb-default&#8220; bg_image_new=&#8220;id^38480|url^https:\/\/www.striped-giraffe.com\/wp-content\/uploads\/2024\/11\/Header_Technologies_E-Commerce-1.jpg|caption^e-commerce technologies, PIM\/PCM, marketplaces, payment, omnichannel|alt^e-commerce technologies|title^Image of data processing with credit card and smartphone over [&hellip;]<\/p>\n","protected":false},"author":2,"featured_media":0,"parent":37882,"menu_order":0,"comment_status":"closed","ping_status":"closed","template":"","meta":{"footnotes":""},"acf":[],"yoast_head":"<!-- This site is optimized with the Yoast SEO Premium plugin v20.5 (Yoast SEO v20.5) - https:\/\/yoast.com\/wordpress\/plugins\/seo\/ -->\n<title>Alokai - Details - Striped Giraffe<\/title>\n<meta name=\"description\" content=\"Eine der E-Commerce-L\u00f6sungen am Markt, die uns beeindruckt hat, ist Broadleaf. Sie bietet maximale Freiheit.\" \/>\n<meta name=\"robots\" content=\"index, follow, max-snippet:-1, max-image-preview:large, max-video-preview:-1\" \/>\n<link rel=\"canonical\" href=\"https:\/\/www.striped-giraffe.com\/de\/technologien\/ecommerce-systeme\/alokai\/\" \/>\n<meta property=\"og:locale\" content=\"de_DE\" \/>\n<meta property=\"og:type\" content=\"article\" \/>\n<meta property=\"og:title\" content=\"Alokai - Details\" \/>\n<meta property=\"og:description\" content=\"Eine der E-Commerce-L\u00f6sungen am Markt, die uns beeindruckt hat, ist Broadleaf. Sie bietet maximale Freiheit.\" \/>\n<meta property=\"og:url\" content=\"https:\/\/www.striped-giraffe.com\/de\/technologien\/ecommerce-systeme\/alokai\/\" \/>\n<meta property=\"og:site_name\" content=\"Striped Giraffe\" \/>\n<meta property=\"article:modified_time\" content=\"2025-04-28T15:38:04+00:00\" \/>\n<meta name=\"twitter:card\" content=\"summary_large_image\" \/>\n<meta name=\"twitter:label1\" content=\"Gesch\u00e4tzte Lesezeit\" \/>\n\t<meta name=\"twitter:data1\" content=\"3\u00a0Minuten\" \/>\n<script type=\"application\/ld+json\" class=\"yoast-schema-graph\">{\"@context\":\"https:\/\/schema.org\",\"@graph\":[{\"@type\":\"WebPage\",\"@id\":\"https:\/\/www.striped-giraffe.com\/de\/technologien\/ecommerce-systeme\/alokai\/\",\"url\":\"https:\/\/www.striped-giraffe.com\/de\/technologien\/ecommerce-systeme\/alokai\/\",\"name\":\"Alokai - Details - Striped Giraffe\",\"isPartOf\":{\"@id\":\"https:\/\/www.striped-giraffe.com\/de\/#website\"},\"datePublished\":\"2025-04-24T14:08:09+00:00\",\"dateModified\":\"2025-04-28T15:38:04+00:00\",\"description\":\"Eine der E-Commerce-L\u00f6sungen am Markt, die uns beeindruckt hat, ist Broadleaf. Sie bietet maximale Freiheit.\",\"breadcrumb\":{\"@id\":\"https:\/\/www.striped-giraffe.com\/de\/technologien\/ecommerce-systeme\/alokai\/#breadcrumb\"},\"inLanguage\":\"de\",\"potentialAction\":[{\"@type\":\"ReadAction\",\"target\":[\"https:\/\/www.striped-giraffe.com\/de\/technologien\/ecommerce-systeme\/alokai\/\"]}]},{\"@type\":\"BreadcrumbList\",\"@id\":\"https:\/\/www.striped-giraffe.com\/de\/technologien\/ecommerce-systeme\/alokai\/#breadcrumb\",\"itemListElement\":[{\"@type\":\"ListItem\",\"position\":1,\"name\":\"Technologien\",\"item\":\"https:\/\/www.striped-giraffe.com\/de\/technologien\/\"},{\"@type\":\"ListItem\",\"position\":2,\"name\":\"E-Commerce-Systeme\",\"item\":\"https:\/\/www.striped-giraffe.com\/de\/technologien\/ecommerce-systeme\/\"},{\"@type\":\"ListItem\",\"position\":3,\"name\":\"Alokai &#8211; Details\"}]},{\"@type\":\"WebSite\",\"@id\":\"https:\/\/www.striped-giraffe.com\/de\/#website\",\"url\":\"https:\/\/www.striped-giraffe.com\/de\/\",\"name\":\"Striped Giraffe\",\"description\":\"Ihr zuverl\u00e4ssiger Anbieter f\u00fcr digitale Enterprise-L\u00f6sungen\",\"publisher\":{\"@id\":\"https:\/\/www.striped-giraffe.com\/de\/#organization\"},\"potentialAction\":[{\"@type\":\"SearchAction\",\"target\":{\"@type\":\"EntryPoint\",\"urlTemplate\":\"https:\/\/www.striped-giraffe.com\/de\/?s={search_term_string}\"},\"query-input\":\"required name=search_term_string\"}],\"inLanguage\":\"de\"},{\"@type\":\"Organization\",\"@id\":\"https:\/\/www.striped-giraffe.com\/de\/#organization\",\"name\":\"Striped Giraffe\",\"url\":\"https:\/\/www.striped-giraffe.com\/de\/\",\"logo\":{\"@type\":\"ImageObject\",\"inLanguage\":\"de\",\"@id\":\"https:\/\/www.striped-giraffe.com\/de\/#\/schema\/logo\/image\/\",\"url\":\"https:\/\/www.striped-giraffe.com\/wp-content\/uploads\/2021\/01\/giraffe_white.svg\",\"contentUrl\":\"https:\/\/www.striped-giraffe.com\/wp-content\/uploads\/2021\/01\/giraffe_white.svg\",\"caption\":\"Striped Giraffe\"},\"image\":{\"@id\":\"https:\/\/www.striped-giraffe.com\/de\/#\/schema\/logo\/image\/\"}}]}<\/script>\n<!-- \/ Yoast SEO Premium plugin. -->","yoast_head_json":{"title":"Alokai - Details - Striped Giraffe","description":"Eine der E-Commerce-L\u00f6sungen am Markt, die uns beeindruckt hat, ist Broadleaf. Sie bietet maximale Freiheit.","robots":{"index":"index","follow":"follow","max-snippet":"max-snippet:-1","max-image-preview":"max-image-preview:large","max-video-preview":"max-video-preview:-1"},"canonical":"https:\/\/www.striped-giraffe.com\/de\/technologien\/ecommerce-systeme\/alokai\/","og_locale":"de_DE","og_type":"article","og_title":"Alokai - Details","og_description":"Eine der E-Commerce-L\u00f6sungen am Markt, die uns beeindruckt hat, ist Broadleaf. Sie bietet maximale Freiheit.","og_url":"https:\/\/www.striped-giraffe.com\/de\/technologien\/ecommerce-systeme\/alokai\/","og_site_name":"Striped Giraffe","article_modified_time":"2025-04-28T15:38:04+00:00","twitter_card":"summary_large_image","twitter_misc":{"Gesch\u00e4tzte Lesezeit":"3\u00a0Minuten"},"schema":{"@context":"https:\/\/schema.org","@graph":[{"@type":"WebPage","@id":"https:\/\/www.striped-giraffe.com\/de\/technologien\/ecommerce-systeme\/alokai\/","url":"https:\/\/www.striped-giraffe.com\/de\/technologien\/ecommerce-systeme\/alokai\/","name":"Alokai - Details - Striped Giraffe","isPartOf":{"@id":"https:\/\/www.striped-giraffe.com\/de\/#website"},"datePublished":"2025-04-24T14:08:09+00:00","dateModified":"2025-04-28T15:38:04+00:00","description":"Eine der E-Commerce-L\u00f6sungen am Markt, die uns beeindruckt hat, ist Broadleaf. Sie bietet maximale Freiheit.","breadcrumb":{"@id":"https:\/\/www.striped-giraffe.com\/de\/technologien\/ecommerce-systeme\/alokai\/#breadcrumb"},"inLanguage":"de","potentialAction":[{"@type":"ReadAction","target":["https:\/\/www.striped-giraffe.com\/de\/technologien\/ecommerce-systeme\/alokai\/"]}]},{"@type":"BreadcrumbList","@id":"https:\/\/www.striped-giraffe.com\/de\/technologien\/ecommerce-systeme\/alokai\/#breadcrumb","itemListElement":[{"@type":"ListItem","position":1,"name":"Technologien","item":"https:\/\/www.striped-giraffe.com\/de\/technologien\/"},{"@type":"ListItem","position":2,"name":"E-Commerce-Systeme","item":"https:\/\/www.striped-giraffe.com\/de\/technologien\/ecommerce-systeme\/"},{"@type":"ListItem","position":3,"name":"Alokai &#8211; Details"}]},{"@type":"WebSite","@id":"https:\/\/www.striped-giraffe.com\/de\/#website","url":"https:\/\/www.striped-giraffe.com\/de\/","name":"Striped Giraffe","description":"Ihr zuverl\u00e4ssiger Anbieter f\u00fcr digitale Enterprise-L\u00f6sungen","publisher":{"@id":"https:\/\/www.striped-giraffe.com\/de\/#organization"},"potentialAction":[{"@type":"SearchAction","target":{"@type":"EntryPoint","urlTemplate":"https:\/\/www.striped-giraffe.com\/de\/?s={search_term_string}"},"query-input":"required name=search_term_string"}],"inLanguage":"de"},{"@type":"Organization","@id":"https:\/\/www.striped-giraffe.com\/de\/#organization","name":"Striped Giraffe","url":"https:\/\/www.striped-giraffe.com\/de\/","logo":{"@type":"ImageObject","inLanguage":"de","@id":"https:\/\/www.striped-giraffe.com\/de\/#\/schema\/logo\/image\/","url":"https:\/\/www.striped-giraffe.com\/wp-content\/uploads\/2021\/01\/giraffe_white.svg","contentUrl":"https:\/\/www.striped-giraffe.com\/wp-content\/uploads\/2021\/01\/giraffe_white.svg","caption":"Striped Giraffe"},"image":{"@id":"https:\/\/www.striped-giraffe.com\/de\/#\/schema\/logo\/image\/"}}]}},"_links":{"self":[{"href":"https:\/\/www.striped-giraffe.com\/de\/wp-json\/wp\/v2\/pages\/39813"}],"collection":[{"href":"https:\/\/www.striped-giraffe.com\/de\/wp-json\/wp\/v2\/pages"}],"about":[{"href":"https:\/\/www.striped-giraffe.com\/de\/wp-json\/wp\/v2\/types\/page"}],"author":[{"embeddable":true,"href":"https:\/\/www.striped-giraffe.com\/de\/wp-json\/wp\/v2\/users\/2"}],"replies":[{"embeddable":true,"href":"https:\/\/www.striped-giraffe.com\/de\/wp-json\/wp\/v2\/comments?post=39813"}],"version-history":[{"count":10,"href":"https:\/\/www.striped-giraffe.com\/de\/wp-json\/wp\/v2\/pages\/39813\/revisions"}],"predecessor-version":[{"id":39814,"href":"https:\/\/www.striped-giraffe.com\/de\/wp-json\/wp\/v2\/pages\/39813\/revisions\/39814"}],"up":[{"embeddable":true,"href":"https:\/\/www.striped-giraffe.com\/de\/wp-json\/wp\/v2\/pages\/37882"}],"wp:attachment":[{"href":"https:\/\/www.striped-giraffe.com\/de\/wp-json\/wp\/v2\/media?parent=39813"}],"curies":[{"name":"wp","href":"https:\/\/api.w.org\/{rel}","templated":true}]}}