{"id":39978,"date":"2025-06-12T10:07:35","date_gmt":"2025-06-12T08:07:35","guid":{"rendered":"https:\/\/www.striped-giraffe.com\/collaboration\/partner\/sap\/sap-commerce-cloud-copy\/"},"modified":"2025-07-21T11:55:06","modified_gmt":"2025-07-21T09:55:06","slug":"sap-btp","status":"publish","type":"page","link":"https:\/\/www.striped-giraffe.com\/de\/collaboration\/partner\/sap\/sap-btp\/","title":{"rendered":"SAP BTP"},"content":{"rendered":"<section class=\"wpb-content-wrapper\"><p>[vc_row full_width=&#8220;stretch_row&#8220; bg_type=&#8220;image&#8220; parallax_style=&#8220;vcpb-default&#8220; bg_image_new=&#8220;id^39980|url^https:\/\/www.striped-giraffe.com\/wp-content\/uploads\/2025\/06\/Header_SAP_BTP.jpg|caption^\u202fSAP Business Technology Platform (BTP)|alt^SAP BTP|title^\u202fSAP Business Technology Platform (BTP)|description^\u202fSAP Business Technology Platform (BTP)&#8220; css=&#8220;.vc_custom_1749719774405{margin-bottom: 100px !important;padding-top: 200px !important;padding-bottom: 200px !important;background-position: center !important;background-repeat: no-repeat !important;background-size: cover !important;}&#8220;][vc_column][vc_column_text css_animation=&#8220;fadeInUp&#8220;]<\/p>\n<h1><span style=\"color: #ffffff;\"><strong>\u202fSAP Business Technology<br \/>\nPlatform &#8211; BTP<\/strong><\/span><\/h1>\n<p>[\/vc_column_text][\/vc_column][\/vc_row][vc_row gap=&#8220;35&#8243; el_class=&#8220;closetotop&#8220; css=&#8220;.vc_custom_1609952195412{padding-top: 50px !important;background-color: #ffffff !important;}&#8220;][vc_column][vc_column_text]<\/p>\n<h2 data-start=\"391\" data-end=\"473\">Innovation trifft Integration \u2013 die Plattform f\u00fcr Ihre digitale Transformation<\/h2>\n<p>[\/vc_column_text][\/vc_column][\/vc_row][vc_row gap=&#8220;35&#8243; css=&#8220;.vc_custom_1749720850447{margin-top: 100px !important;margin-bottom: 100px !important;background-color: #ffffff !important;}&#8220;][vc_column width=&#8220;1\/3&#8243;][vc_column_text]<\/p>\n<h2 class=\"headline_superbig\">\u00dcber SAP<br \/>\n<span style=\"color: #ef6c00;\">BTP<\/span><\/h2>\n<p>[\/vc_column_text][\/vc_column][vc_column width=&#8220;2\/3&#8243;][vc_column_text]<\/p>\n<p data-start=\"475\" data-end=\"827\">Die <strong data-start=\"479\" data-end=\"521\">SAP Business Technology Platform (BTP)<\/strong> ist das technologische R\u00fcckgrat moderner, intelligenter Unternehmen. Als zentrale Plattform f\u00fcr Daten, Analytik, Integration und Erweiterbarkeit erm\u00f6glicht BTP, bestehende SAP- und Non-SAP-Systeme flexibel zu vernetzen und ma\u00dfgeschneiderte Anwendungen auf einer sicheren Cloud-Infrastruktur zu entwickeln.<\/p>\n<p>[\/vc_column_text][vc_empty_space height=&#8220;50px&#8220;][vc_column_text]<\/p>\n<p data-start=\"693\" data-end=\"868\">SAP forciert mit BTP den <strong>Clean Core-<\/strong> und <strong data-start=\"717\" data-end=\"738\">Composable-Ansatz<\/strong>:<br data-start=\"739\" data-end=\"742\" \/>Statt eines monolithischen Commerce-Systems sollen Unternehmen <strong data-start=\"807\" data-end=\"846\">modularisierte Services auf der BTP<\/strong> kombinieren \u2013 z.\u202fB.<\/p>\n<ul>\n<li data-start=\"873\" data-end=\"928\">Spartacus \/ Composable Storefront (Headless-Frontend)<\/li>\n<li data-start=\"933\" data-end=\"981\">SAP Context-Driven Services (Personalisierung)<\/li>\n<li data-start=\"986\" data-end=\"1014\">SAP Customer Data Platform und MDG<\/li>\n<li data-start=\"1019\" data-end=\"1067\">Individuelle Extensions via BTP (Kyma, CAP, etc.)<\/li>\n<\/ul>\n<p data-start=\"1071\" data-end=\"1309\">Die BTP bildet damit ein\u00a0<strong data-start=\"1146\" data-end=\"1204\">strategisches Entwicklungs- und Integrations-Framework<\/strong>, auf dem auch Commerce-Anwendungen zukunftssicher, flexibel und cloud-nativ aufbauen sollen.<\/p>\n<p>[\/vc_column_text][vc_empty_space height=&#8220;50px&#8220;][vc_column_text]<\/p>\n<h3 data-start=\"829\" data-end=\"859\">Was SAP BTP auszeichnet:<\/h3>\n<ul data-start=\"860\" data-end=\"1303\">\n<li data-start=\"860\" data-end=\"953\">\n<p data-start=\"862\" data-end=\"953\"><strong data-start=\"862\" data-end=\"886\">Nahtlose Integration<\/strong>\u202fvon Daten und Prozessen aus unterschiedlichen Systemlandschaften<\/p>\n<\/li>\n<li data-start=\"954\" data-end=\"1032\">\n<p data-start=\"956\" data-end=\"1032\"><strong data-start=\"956\" data-end=\"982\">Low-Code\/No-Code-Tools<\/strong>\u202ff\u00fcr schnelle Entwicklung individueller L\u00f6sungen<\/p>\n<\/li>\n<li data-start=\"1033\" data-end=\"1130\">\n<p data-start=\"1035\" data-end=\"1130\"><strong data-start=\"1035\" data-end=\"1080\">Zentraler Zugriff auf KI-Funktionalit\u00e4ten<\/strong>, Data Management, Analytics und Automatisierung<\/p>\n<\/li>\n<li data-start=\"1131\" data-end=\"1224\">\n<p data-start=\"1133\" data-end=\"1224\"><strong data-start=\"1133\" data-end=\"1158\">Volle Erweiterbarkeit<\/strong>\u202fbestehender SAP-L\u00f6sungen wie S\/4HANA, SuccessFactors oder Ariba<\/p>\n<\/li>\n<li data-start=\"1225\" data-end=\"1303\">\n<p data-start=\"1227\" data-end=\"1303\"><strong data-start=\"1227\" data-end=\"1256\">Multi-Cloud-Unterst\u00fctzung<\/strong>\u202fund offene Standards f\u00fcr maximale Flexibilit\u00e4t<\/p>\n<\/li>\n<\/ul>\n<p>[\/vc_column_text][\/vc_column][\/vc_row][vc_row gap=&#8220;35&#8243; css=&#8220;.vc_custom_1749720855700{margin-top: 50px !important;margin-bottom: 100px !important;background-color: #ffffff !important;}&#8220;][vc_column width=&#8220;1\/3&#8243;][vc_column_text]<\/p>\n<h2 class=\"headline_superbig\">Unsere<br \/>\nLeistungen<\/h2>\n<p>[\/vc_column_text][\/vc_column][vc_column width=&#8220;2\/3&#8243;][vc_column_text]<\/p>\n<p data-start=\"1328\" data-end=\"1595\">Als erfahrener Partner helfen wir Unternehmen, die Potenziale der <a href=\"https:\/\/www.sap.com\/germany\/products\/technology-platform.html\" target=\"_blank\" rel=\"noopener\">SAP BTP<\/a> zielgerichtet zu nutzen \u2013 von der Konzeption \u00fcber die Implementierung bis zur Anwendungsentwicklung. Dabei verbinden wir technisches Know-how mit einem tiefen Verst\u00e4ndnis f\u00fcr Gesch\u00e4ftsprozesse.<\/p>\n<p data-start=\"1597\" data-end=\"1707\"><span style=\"color: #ef6c00;\">Gemeinsam legen wir den Grundstein f\u00fcr eine zukunftsf\u00e4hige, skalierbare und datengetriebene IT-Architektur. Sprechen Sie mit unseren Experten zur BTP\u2011Einf\u00fchrung und -Nutzung.<\/span><\/p>\n<p>[\/vc_column_text][\/vc_column][\/vc_row][vc_row gap=&#8220;35&#8243; css=&#8220;.vc_custom_1749720935370{margin-top: 100px !important;margin-bottom: 50px !important;}&#8220;][vc_column][vc_row_inner gap=&#8220;35&#8243;][vc_column_inner width=&#8220;1\/3&#8243;][vc_column_text]<\/p>\n<h2 class=\"headline_superbig\">Let&#8217;s talk<\/h2>\n<p>[\/vc_column_text][\/vc_column_inner][vc_column_inner width=&#8220;2\/3&#8243;][vc_column_text]<\/p>\n<h3>Brauchen Sie ein <strong>konkretes Angebot<\/strong> oder suchen Sie einen <strong>Sparringspartner<\/strong>, mit dem sie Ideen diskutieren und entwickeln k\u00f6nnen?<\/h3>\n<h3>Dann melden Sie sich:<\/h3>\n<ul>\n<li><a href=\"mailto:experts@striped-giraffe.com\">experts@striped-giraffe.com<\/a><\/li>\n<li><span style=\"color: #ef6c00;\">+49 (0)89-416 126-667<\/span><\/li>\n<\/ul>\n<p>[\/vc_column_text]<a class=\"calendly\" href=\"\" onclick=\"Calendly.initPopupWidget({url: 'https:\/\/calendly.com\/striped-giraffe\/30min'});return false;\">Termin vereinbaren<\/a>[vc_column_text css=&#8220;.vc_custom_1705936147633{margin-top: 32px !important;}&#8220;]<\/p>\n<h3>Wir unterst\u00fctzen Sie gerne.<\/h3>\n<p>[\/vc_column_text][\/vc_column_inner][\/vc_row_inner][\/vc_column][\/vc_row][vc_row][vc_column][vc_empty_space height=&#8220;100px&#8220;][\/vc_column][\/vc_row]<\/p>\n<\/section>","protected":false},"excerpt":{"rendered":"<p>[vc_row full_width=&#8220;stretch_row&#8220; bg_type=&#8220;image&#8220; parallax_style=&#8220;vcpb-default&#8220; bg_image_new=&#8220;id^39980|url^https:\/\/www.striped-giraffe.com\/wp-content\/uploads\/2025\/06\/Header_SAP_BTP.jpg|caption^\u202fSAP Business Technology Platform (BTP)|alt^SAP BTP|title^\u202fSAP Business Technology Platform (BTP)|description^\u202fSAP Business Technology Platform (BTP)&#8220; css=&#8220;.vc_custom_1749719774405{margin-bottom: 100px [&hellip;]<\/p>\n","protected":false},"author":2,"featured_media":0,"parent":743,"menu_order":0,"comment_status":"closed","ping_status":"closed","template":"","meta":{"footnotes":""},"acf":[],"yoast_head":"<!-- This site is optimized with the Yoast SEO Premium plugin v20.5 (Yoast SEO v20.5) - https:\/\/yoast.com\/wordpress\/plugins\/seo\/ -->\n<title>SAP BTP - Striped Giraffe<\/title>\n<meta name=\"robots\" content=\"index, follow, max-snippet:-1, max-image-preview:large, max-video-preview:-1\" \/>\n<link rel=\"canonical\" href=\"https:\/\/www.striped-giraffe.com\/de\/collaboration\/partner\/sap\/sap-btp\/\" \/>\n<meta property=\"og:locale\" content=\"de_DE\" \/>\n<meta property=\"og:type\" content=\"article\" \/>\n<meta property=\"og:title\" content=\"SAP BTP\" \/>\n<meta property=\"og:description\" content=\"[vc_row full_width=&#8220;stretch_row&#8220; bg_type=&#8220;image&#8220; parallax_style=&#8220;vcpb-default&#8220; bg_image_new=&#8220;id^39980|url^https:\/\/www.striped-giraffe.com\/wp-content\/uploads\/2025\/06\/Header_SAP_BTP.jpg|caption^\u202fSAP Business Technology Platform (BTP)|alt^SAP BTP|title^\u202fSAP Business Technology Platform (BTP)|description^\u202fSAP Business Technology Platform (BTP)&#8220; css=&#8220;.vc_custom_1749719774405{margin-bottom: 100px [&hellip;]\" \/>\n<meta property=\"og:url\" content=\"https:\/\/www.striped-giraffe.com\/de\/collaboration\/partner\/sap\/sap-btp\/\" \/>\n<meta property=\"og:site_name\" content=\"Striped Giraffe\" \/>\n<meta property=\"article:modified_time\" content=\"2025-07-21T09:55:06+00:00\" \/>\n<meta name=\"twitter:card\" content=\"summary_large_image\" \/>\n<meta name=\"twitter:label1\" content=\"Gesch\u00e4tzte Lesezeit\" \/>\n\t<meta name=\"twitter:data1\" content=\"2\u00a0Minuten\" \/>\n<script type=\"application\/ld+json\" class=\"yoast-schema-graph\">{\"@context\":\"https:\/\/schema.org\",\"@graph\":[{\"@type\":\"WebPage\",\"@id\":\"https:\/\/www.striped-giraffe.com\/de\/collaboration\/partner\/sap\/sap-btp\/\",\"url\":\"https:\/\/www.striped-giraffe.com\/de\/collaboration\/partner\/sap\/sap-btp\/\",\"name\":\"SAP BTP - Striped Giraffe\",\"isPartOf\":{\"@id\":\"https:\/\/www.striped-giraffe.com\/de\/#website\"},\"datePublished\":\"2025-06-12T08:07:35+00:00\",\"dateModified\":\"2025-07-21T09:55:06+00:00\",\"breadcrumb\":{\"@id\":\"https:\/\/www.striped-giraffe.com\/de\/collaboration\/partner\/sap\/sap-btp\/#breadcrumb\"},\"inLanguage\":\"de\",\"potentialAction\":[{\"@type\":\"ReadAction\",\"target\":[\"https:\/\/www.striped-giraffe.com\/de\/collaboration\/partner\/sap\/sap-btp\/\"]}]},{\"@type\":\"BreadcrumbList\",\"@id\":\"https:\/\/www.striped-giraffe.com\/de\/collaboration\/partner\/sap\/sap-btp\/#breadcrumb\",\"itemListElement\":[{\"@type\":\"ListItem\",\"position\":1,\"name\":\"Collaboration\",\"item\":\"https:\/\/www.striped-giraffe.com\/de\/collaboration\/\"},{\"@type\":\"ListItem\",\"position\":2,\"name\":\"Partner\",\"item\":\"https:\/\/www.striped-giraffe.com\/de\/collaboration\/partner\/\"},{\"@type\":\"ListItem\",\"position\":3,\"name\":\"SAP\",\"item\":\"https:\/\/www.striped-giraffe.com\/de\/collaboration\/partner\/sap\/\"},{\"@type\":\"ListItem\",\"position\":4,\"name\":\"SAP BTP\"}]},{\"@type\":\"WebSite\",\"@id\":\"https:\/\/www.striped-giraffe.com\/de\/#website\",\"url\":\"https:\/\/www.striped-giraffe.com\/de\/\",\"name\":\"Striped Giraffe\",\"description\":\"Ihr zuverl\u00e4ssiger Anbieter f\u00fcr digitale Enterprise-L\u00f6sungen\",\"publisher\":{\"@id\":\"https:\/\/www.striped-giraffe.com\/de\/#organization\"},\"potentialAction\":[{\"@type\":\"SearchAction\",\"target\":{\"@type\":\"EntryPoint\",\"urlTemplate\":\"https:\/\/www.striped-giraffe.com\/de\/?s={search_term_string}\"},\"query-input\":\"required name=search_term_string\"}],\"inLanguage\":\"de\"},{\"@type\":\"Organization\",\"@id\":\"https:\/\/www.striped-giraffe.com\/de\/#organization\",\"name\":\"Striped Giraffe\",\"url\":\"https:\/\/www.striped-giraffe.com\/de\/\",\"logo\":{\"@type\":\"ImageObject\",\"inLanguage\":\"de\",\"@id\":\"https:\/\/www.striped-giraffe.com\/de\/#\/schema\/logo\/image\/\",\"url\":\"https:\/\/www.striped-giraffe.com\/wp-content\/uploads\/2021\/01\/giraffe_white.svg\",\"contentUrl\":\"https:\/\/www.striped-giraffe.com\/wp-content\/uploads\/2021\/01\/giraffe_white.svg\",\"caption\":\"Striped Giraffe\"},\"image\":{\"@id\":\"https:\/\/www.striped-giraffe.com\/de\/#\/schema\/logo\/image\/\"}}]}<\/script>\n<!-- \/ Yoast SEO Premium plugin. -->","yoast_head_json":{"title":"SAP BTP - Striped Giraffe","robots":{"index":"index","follow":"follow","max-snippet":"max-snippet:-1","max-image-preview":"max-image-preview:large","max-video-preview":"max-video-preview:-1"},"canonical":"https:\/\/www.striped-giraffe.com\/de\/collaboration\/partner\/sap\/sap-btp\/","og_locale":"de_DE","og_type":"article","og_title":"SAP BTP","og_description":"[vc_row full_width=&#8220;stretch_row&#8220; bg_type=&#8220;image&#8220; parallax_style=&#8220;vcpb-default&#8220; bg_image_new=&#8220;id^39980|url^https:\/\/www.striped-giraffe.com\/wp-content\/uploads\/2025\/06\/Header_SAP_BTP.jpg|caption^\u202fSAP Business Technology Platform (BTP)|alt^SAP BTP|title^\u202fSAP Business Technology Platform (BTP)|description^\u202fSAP Business Technology Platform (BTP)&#8220; css=&#8220;.vc_custom_1749719774405{margin-bottom: 100px [&hellip;]","og_url":"https:\/\/www.striped-giraffe.com\/de\/collaboration\/partner\/sap\/sap-btp\/","og_site_name":"Striped Giraffe","article_modified_time":"2025-07-21T09:55:06+00:00","twitter_card":"summary_large_image","twitter_misc":{"Gesch\u00e4tzte Lesezeit":"2\u00a0Minuten"},"schema":{"@context":"https:\/\/schema.org","@graph":[{"@type":"WebPage","@id":"https:\/\/www.striped-giraffe.com\/de\/collaboration\/partner\/sap\/sap-btp\/","url":"https:\/\/www.striped-giraffe.com\/de\/collaboration\/partner\/sap\/sap-btp\/","name":"SAP BTP - Striped Giraffe","isPartOf":{"@id":"https:\/\/www.striped-giraffe.com\/de\/#website"},"datePublished":"2025-06-12T08:07:35+00:00","dateModified":"2025-07-21T09:55:06+00:00","breadcrumb":{"@id":"https:\/\/www.striped-giraffe.com\/de\/collaboration\/partner\/sap\/sap-btp\/#breadcrumb"},"inLanguage":"de","potentialAction":[{"@type":"ReadAction","target":["https:\/\/www.striped-giraffe.com\/de\/collaboration\/partner\/sap\/sap-btp\/"]}]},{"@type":"BreadcrumbList","@id":"https:\/\/www.striped-giraffe.com\/de\/collaboration\/partner\/sap\/sap-btp\/#breadcrumb","itemListElement":[{"@type":"ListItem","position":1,"name":"Collaboration","item":"https:\/\/www.striped-giraffe.com\/de\/collaboration\/"},{"@type":"ListItem","position":2,"name":"Partner","item":"https:\/\/www.striped-giraffe.com\/de\/collaboration\/partner\/"},{"@type":"ListItem","position":3,"name":"SAP","item":"https:\/\/www.striped-giraffe.com\/de\/collaboration\/partner\/sap\/"},{"@type":"ListItem","position":4,"name":"SAP BTP"}]},{"@type":"WebSite","@id":"https:\/\/www.striped-giraffe.com\/de\/#website","url":"https:\/\/www.striped-giraffe.com\/de\/","name":"Striped Giraffe","description":"Ihr zuverl\u00e4ssiger Anbieter f\u00fcr digitale Enterprise-L\u00f6sungen","publisher":{"@id":"https:\/\/www.striped-giraffe.com\/de\/#organization"},"potentialAction":[{"@type":"SearchAction","target":{"@type":"EntryPoint","urlTemplate":"https:\/\/www.striped-giraffe.com\/de\/?s={search_term_string}"},"query-input":"required name=search_term_string"}],"inLanguage":"de"},{"@type":"Organization","@id":"https:\/\/www.striped-giraffe.com\/de\/#organization","name":"Striped Giraffe","url":"https:\/\/www.striped-giraffe.com\/de\/","logo":{"@type":"ImageObject","inLanguage":"de","@id":"https:\/\/www.striped-giraffe.com\/de\/#\/schema\/logo\/image\/","url":"https:\/\/www.striped-giraffe.com\/wp-content\/uploads\/2021\/01\/giraffe_white.svg","contentUrl":"https:\/\/www.striped-giraffe.com\/wp-content\/uploads\/2021\/01\/giraffe_white.svg","caption":"Striped Giraffe"},"image":{"@id":"https:\/\/www.striped-giraffe.com\/de\/#\/schema\/logo\/image\/"}}]}},"_links":{"self":[{"href":"https:\/\/www.striped-giraffe.com\/de\/wp-json\/wp\/v2\/pages\/39978"}],"collection":[{"href":"https:\/\/www.striped-giraffe.com\/de\/wp-json\/wp\/v2\/pages"}],"about":[{"href":"https:\/\/www.striped-giraffe.com\/de\/wp-json\/wp\/v2\/types\/page"}],"author":[{"embeddable":true,"href":"https:\/\/www.striped-giraffe.com\/de\/wp-json\/wp\/v2\/users\/2"}],"replies":[{"embeddable":true,"href":"https:\/\/www.striped-giraffe.com\/de\/wp-json\/wp\/v2\/comments?post=39978"}],"version-history":[{"count":5,"href":"https:\/\/www.striped-giraffe.com\/de\/wp-json\/wp\/v2\/pages\/39978\/revisions"}],"predecessor-version":[{"id":40120,"href":"https:\/\/www.striped-giraffe.com\/de\/wp-json\/wp\/v2\/pages\/39978\/revisions\/40120"}],"up":[{"embeddable":true,"href":"https:\/\/www.striped-giraffe.com\/de\/wp-json\/wp\/v2\/pages\/743"}],"wp:attachment":[{"href":"https:\/\/www.striped-giraffe.com\/de\/wp-json\/wp\/v2\/media?parent=39978"}],"curies":[{"name":"wp","href":"https:\/\/api.w.org\/{rel}","templated":true}]}}