{"id":40015,"date":"2025-07-07T11:32:38","date_gmt":"2025-07-07T09:32:38","guid":{"rendered":"https:\/\/www.striped-giraffe.com\/ueber-uns\/karriere\/salesmanager-copy\/"},"modified":"2025-07-24T17:04:54","modified_gmt":"2025-07-24T15:04:54","slug":"solution-sales-specialist","status":"publish","type":"page","link":"https:\/\/www.striped-giraffe.com\/de\/ueber-uns\/karriere\/solution-sales-specialist\/","title":{"rendered":"Stellenangebot Solution Sales Specialist 2025"},"content":{"rendered":"<section class=\"wpb-content-wrapper\"><p>[vc_row full_width=&#8220;stretch_row&#8220; full_height=&#8220;yes&#8220; parallax=&#8220;content-moving&#8220; parallax_image=&#8220;495&#8243; css=&#8220;.vc_custom_1609860498031{background-position: center;background-repeat: no-repeat !important;background-size: cover !important;}&#8220;][vc_column css=&#8220;.vc_custom_1609860591051{padding-left: 50px !important;}&#8220;][vc_column_text]<\/p>\n<h1 class=\"headline_superbig\" style=\"text-align: left;\"><span style=\"color: #ef6c00;\"><span style=\"color: #ffffff;\">Komm zu uns.<\/span><\/span><\/h1>\n<p>[\/vc_column_text][\/vc_column][\/vc_row][vc_row el_class=&#8220;closetotop&#8220; css=&#8220;.vc_custom_1609844996078{padding-top: 50px !important;background-color: #ffffff !important;}&#8220;][vc_column][vc_column_text]<\/p>\n<h2 class=\"headline_introduction\" style=\"text-align: center;\">WERDE\u00a0TEAMMITGLIED BEI STRIPED GIRAFFE!<\/h2>\n<h2 class=\"headline_introduction\" style=\"text-align: center;\">Wir suchen einen <span style=\"color: #ef6c00;\">Solution<\/span> <span style=\"color: #ef6c00;\">Sales Specialist<\/span> (m\/w\/d) in Vollzeit.<\/h2>\n<p>[\/vc_column_text][vc_separator color=&#8220;black&#8220; border_width=&#8220;5&#8243; el_width=&#8220;10&#8243; css=&#8220;.vc_custom_1609932438645{margin-top: 50px !important;}&#8220;][\/vc_column][\/vc_row][vc_row css=&#8220;.vc_custom_1610022897543{margin-bottom: 100px !important;background-color: #ffffff !important;}&#8220;][vc_column][vc_column_text]<\/p>\n<p class=\"p2\">Wir sch\u00e4tzen Pers\u00f6nlichkeiten, die mit Leidenschaft und Neugier Herausforderungen anpacken. Denn nur im Team k\u00f6nnen wir nachhaltig etwas bewegen. Bei uns erh\u00e4lt jede Mitarbeiterin und jeder Mitarbeiter die M\u00f6glichkeit, individuelle St\u00e4rken einzubringen, weiterzuentwickeln und gemeinsam Erfolge zu gestalten.<\/p>\n<p>[\/vc_column_text][\/vc_column][\/vc_row][vc_row gap=&#8220;35&#8243; css=&#8220;.vc_custom_1609933465159{margin-top: 50px !important;}&#8220;][vc_column width=&#8220;1\/3&#8243;][vc_column_text]<\/p>\n<h2>Deine Aufgaben<\/h2>\n<p>[\/vc_column_text][\/vc_column][vc_column width=&#8220;2\/3&#8243; css=&#8220;.vc_custom_1609846990086{padding-left: 25px !important;}&#8220;][vc_column_text]<\/p>\n<ul class=\"ul1\">\n<li class=\"li2\">Networking: Recherche nach potentiellen Kunden, Schl\u00fcsselpersonen identifizieren und Interesse generieren (International)<\/li>\n<li>Analyse der Kundenbed\u00fcrfnisse und -anforderungen sowie Entwicklung passgenauer L\u00f6sungskonzepte und Strategien.<\/li>\n<li>Verantwortung f\u00fcr s\u00e4mtliche Vertriebsaktivit\u00e4ten inklusive der repr\u00e4sentativen Vertretung des Unternehmens. Voraussetzung daf\u00fcr ist ein umfassendes Wissen \u00fcber unser Produktangebot.<\/li>\n<li class=\"li2\">Erfahrung im <b>BID-Management: <\/b>Erfahrung in der Steuerung von Angebotsprozessen im Rahmen komplexer Ausschreibungsverfahren, inklusive Erstellung, Koordination und fristgerechter Abgabe von Ausschreibungsunterlagen (RFP-Management).<\/li>\n<li class=\"li2\">Sales Termine vor- und nachbereiten d.h. die Gespr\u00e4chsergebnisse in unserem CRM-Tool dokumentieren und falls gew\u00fcnscht, Informationsunterlagen zu unseren Produkten und unserem Unternehmen versenden<\/li>\n<li class=\"li2\">Pflege der Kundendaten in unserem CRM<\/li>\n<li class=\"li2\">Unterst\u00fctzung der Vertriebs- und Marketingmitarbeiter bspw. bei verkaufsf\u00f6rdernden Aktivit\u00e4ten durch ausgehende Kaltanrufe oder E-Mails<\/li>\n<li class=\"li2\">Registrierung unserer Firma auf Kundenportalen<\/li>\n<li class=\"li3\">Abstimmung mit unseren Architekten und Projektmanagern<\/li>\n<\/ul>\n<p>[\/vc_column_text][\/vc_column][\/vc_row][vc_row gap=&#8220;35&#8243; css=&#8220;.vc_custom_1609933465159{margin-top: 50px !important;}&#8220;][vc_column width=&#8220;1\/3&#8243;][vc_column_text]<\/p>\n<h2>Dein Profil<\/h2>\n<p>[\/vc_column_text][\/vc_column][vc_column width=&#8220;2\/3&#8243; css=&#8220;.vc_custom_1609846990086{padding-left: 25px !important;}&#8220;][vc_column_text]<\/p>\n<ul>\n<li>Abgeschlossenes Studium in Informatik oder Wirtschaftsinformatik alternativ profunder technischer Hintergrund mit starkem Interesse am Vertrieb (Quereinstieg)<\/li>\n<li>Hohes Ma\u00df an Motivation und Begeisterung f\u00fcr die IT sowie ausgepr\u00e4gtes Engagement und Teamf\u00e4higkeit<\/li>\n<li>Sehr gutes Deutsch und Englisch in Wort und Schrift<\/li>\n<li>Ausgezeichnete schriftliche und m\u00fcndliche Kommunikationsf\u00e4higkeiten<\/li>\n<li>Starke Zuh\u00f6r- und Pr\u00e4sentationskompetenz<\/li>\n<li>Erfahrung in der Erstellung von Angeboten<\/li>\n<li>Kooperationsf\u00e4higkeit mit Marketing und Entwicklung eigener Marketing-Strategien<\/li>\n<\/ul>\n<p>[\/vc_column_text][\/vc_column][\/vc_row][vc_row gap=&#8220;35&#8243; css=&#8220;.vc_custom_1614006787340{margin-top: 50px !important;margin-bottom: 100px !important;}&#8220;][vc_column width=&#8220;1\/3&#8243;][vc_column_text]<\/p>\n<h2>Das bieten wir dir<\/h2>\n<p>[\/vc_column_text][\/vc_column][vc_column width=&#8220;2\/3&#8243; css=&#8220;.vc_custom_1609846990086{padding-left: 25px !important;}&#8220;][vc_column_text]<\/p>\n<ul>\n<li>Eine abwechslungsreiche und anspruchsvolle Aufgabe in einem innovativen Umfeld<\/li>\n<li>Hochwertiges B\u00fcro im Herzen von M\u00fcnchen<\/li>\n<li>Teilnahme an innovativen Projekten<\/li>\n<li>Internationales, freundliches und unkompliziertes Team<\/li>\n<li>Attraktives Gehalt<\/li>\n<li>Insights in die neusten Technologien<\/li>\n<li>Flexible Arbeitszeiten<\/li>\n<li>Top-Kunden<\/li>\n<li>M\u00f6glichkeiten zur Weiterentwicklung<\/li>\n<li>Social Events<\/li>\n<\/ul>\n<p>[\/vc_column_text][\/vc_column][\/vc_row][vc_row el_class=&#8220;closetotop&#8220; css=&#8220;.vc_custom_1614006814390{margin-top: 50px !important;margin-bottom: 100px !important;padding-top: 50px !important;background-color: #ffffff !important;}&#8220;][vc_column width=&#8220;1\/4&#8243;][\/vc_column][vc_column width=&#8220;1\/2&#8243;][vc_column_text]<\/p>\n<h3 style=\"text-align: center;\"><strong>Hast du noch Fragen oder m\u00f6chtest du dich direkt bewerben?<\/strong><\/h3>\n<p style=\"text-align: center;\">Dann melde dich gerne bei uns oder sende deine ausf\u00fchrlichen Bewerbungsunterlagen mit Angabe des m\u00f6glichen Eintrittstermins und deiner Gehaltsvorstellung an:<\/p>\n<p style=\"text-align: center;\"><strong>Juliane Bauch<\/strong><\/p>\n<h2 style=\"text-align: center;\"><span style=\"color: #ef6c00;\"><a style=\"color: #ef6c00;\" href=\"mailto:career@striped-giraffe.com\">career@striped-giraffe.com<\/a><\/span><\/h2>\n<p>[\/vc_column_text][\/vc_column][vc_column width=&#8220;1\/4&#8243;][\/vc_column][\/vc_row]<\/p>\n<\/section>","protected":false},"excerpt":{"rendered":"<p>[vc_row full_width=&#8220;stretch_row&#8220; full_height=&#8220;yes&#8220; parallax=&#8220;content-moving&#8220; parallax_image=&#8220;495&#8243; css=&#8220;.vc_custom_1609860498031{background-position: center;background-repeat: no-repeat !important;background-size: cover !important;}&#8220;][vc_column css=&#8220;.vc_custom_1609860591051{padding-left: 50px !important;}&#8220;][vc_column_text] Komm zu uns. [\/vc_column_text][\/vc_column][\/vc_row][vc_row el_class=&#8220;closetotop&#8220; css=&#8220;.vc_custom_1609844996078{padding-top: [&hellip;]<\/p>\n","protected":false},"author":2,"featured_media":0,"parent":493,"menu_order":0,"comment_status":"closed","ping_status":"closed","template":"","meta":{"footnotes":""},"acf":[],"yoast_head":"<!-- This site is optimized with the Yoast SEO Premium plugin v20.5 (Yoast SEO v20.5) - https:\/\/yoast.com\/wordpress\/plugins\/seo\/ -->\n<title>Solution Sales Specialist bei Striped Giraffe<\/title>\n<meta name=\"description\" content=\"Wir sch\u00e4tzen Pers\u00f6nlichkeiten, die mit Leidenschaft und Neugier Herausforderungen anpacken. Werde unser neuer Solution Sales Specialist.\" \/>\n<meta name=\"robots\" content=\"index, follow, max-snippet:-1, max-image-preview:large, max-video-preview:-1\" \/>\n<link rel=\"canonical\" href=\"https:\/\/www.striped-giraffe.com\/de\/ueber-uns\/karriere\/solution-sales-specialist\/\" \/>\n<meta property=\"og:locale\" content=\"de_DE\" \/>\n<meta property=\"og:type\" content=\"article\" \/>\n<meta property=\"og:title\" content=\"Stellenangebot Solution Sales Specialist 2025\" \/>\n<meta property=\"og:description\" content=\"Wir sch\u00e4tzen Pers\u00f6nlichkeiten, die mit Leidenschaft und Neugier Herausforderungen anpacken. Werde unser neuer Solution Sales Specialist.\" \/>\n<meta property=\"og:url\" content=\"https:\/\/www.striped-giraffe.com\/de\/ueber-uns\/karriere\/solution-sales-specialist\/\" \/>\n<meta property=\"og:site_name\" content=\"Striped Giraffe\" \/>\n<meta property=\"article:modified_time\" content=\"2025-07-24T15:04:54+00:00\" \/>\n<meta name=\"twitter:card\" content=\"summary_large_image\" \/>\n<meta name=\"twitter:label1\" content=\"Gesch\u00e4tzte Lesezeit\" \/>\n\t<meta name=\"twitter:data1\" content=\"3\u00a0Minuten\" \/>\n<script type=\"application\/ld+json\" class=\"yoast-schema-graph\">{\"@context\":\"https:\/\/schema.org\",\"@graph\":[{\"@type\":\"WebPage\",\"@id\":\"https:\/\/www.striped-giraffe.com\/de\/ueber-uns\/karriere\/solution-sales-specialist\/\",\"url\":\"https:\/\/www.striped-giraffe.com\/de\/ueber-uns\/karriere\/solution-sales-specialist\/\",\"name\":\"Solution Sales Specialist bei Striped Giraffe\",\"isPartOf\":{\"@id\":\"https:\/\/www.striped-giraffe.com\/de\/#website\"},\"datePublished\":\"2025-07-07T09:32:38+00:00\",\"dateModified\":\"2025-07-24T15:04:54+00:00\",\"description\":\"Wir sch\u00e4tzen Pers\u00f6nlichkeiten, die mit Leidenschaft und Neugier Herausforderungen anpacken. Werde unser neuer Solution Sales Specialist.\",\"breadcrumb\":{\"@id\":\"https:\/\/www.striped-giraffe.com\/de\/ueber-uns\/karriere\/solution-sales-specialist\/#breadcrumb\"},\"inLanguage\":\"de\",\"potentialAction\":[{\"@type\":\"ReadAction\",\"target\":[\"https:\/\/www.striped-giraffe.com\/de\/ueber-uns\/karriere\/solution-sales-specialist\/\"]}]},{\"@type\":\"BreadcrumbList\",\"@id\":\"https:\/\/www.striped-giraffe.com\/de\/ueber-uns\/karriere\/solution-sales-specialist\/#breadcrumb\",\"itemListElement\":[{\"@type\":\"ListItem\",\"position\":1,\"name\":\"\u00dcber uns\",\"item\":\"https:\/\/www.striped-giraffe.com\/de\/ueber-uns\/\"},{\"@type\":\"ListItem\",\"position\":2,\"name\":\"Karriere\",\"item\":\"https:\/\/www.striped-giraffe.com\/de\/ueber-uns\/karriere\/\"},{\"@type\":\"ListItem\",\"position\":3,\"name\":\"Stellenangebot Solution Sales Specialist 2025\"}]},{\"@type\":\"WebSite\",\"@id\":\"https:\/\/www.striped-giraffe.com\/de\/#website\",\"url\":\"https:\/\/www.striped-giraffe.com\/de\/\",\"name\":\"Striped Giraffe\",\"description\":\"Ihr zuverl\u00e4ssiger Anbieter f\u00fcr digitale Enterprise-L\u00f6sungen\",\"publisher\":{\"@id\":\"https:\/\/www.striped-giraffe.com\/de\/#organization\"},\"potentialAction\":[{\"@type\":\"SearchAction\",\"target\":{\"@type\":\"EntryPoint\",\"urlTemplate\":\"https:\/\/www.striped-giraffe.com\/de\/?s={search_term_string}\"},\"query-input\":\"required name=search_term_string\"}],\"inLanguage\":\"de\"},{\"@type\":\"Organization\",\"@id\":\"https:\/\/www.striped-giraffe.com\/de\/#organization\",\"name\":\"Striped Giraffe\",\"url\":\"https:\/\/www.striped-giraffe.com\/de\/\",\"logo\":{\"@type\":\"ImageObject\",\"inLanguage\":\"de\",\"@id\":\"https:\/\/www.striped-giraffe.com\/de\/#\/schema\/logo\/image\/\",\"url\":\"https:\/\/www.striped-giraffe.com\/wp-content\/uploads\/2021\/01\/giraffe_white.svg\",\"contentUrl\":\"https:\/\/www.striped-giraffe.com\/wp-content\/uploads\/2021\/01\/giraffe_white.svg\",\"caption\":\"Striped Giraffe\"},\"image\":{\"@id\":\"https:\/\/www.striped-giraffe.com\/de\/#\/schema\/logo\/image\/\"}}]}<\/script>\n<!-- \/ Yoast SEO Premium plugin. -->","yoast_head_json":{"title":"Solution Sales Specialist bei Striped Giraffe","description":"Wir sch\u00e4tzen Pers\u00f6nlichkeiten, die mit Leidenschaft und Neugier Herausforderungen anpacken. Werde unser neuer Solution Sales Specialist.","robots":{"index":"index","follow":"follow","max-snippet":"max-snippet:-1","max-image-preview":"max-image-preview:large","max-video-preview":"max-video-preview:-1"},"canonical":"https:\/\/www.striped-giraffe.com\/de\/ueber-uns\/karriere\/solution-sales-specialist\/","og_locale":"de_DE","og_type":"article","og_title":"Stellenangebot Solution Sales Specialist 2025","og_description":"Wir sch\u00e4tzen Pers\u00f6nlichkeiten, die mit Leidenschaft und Neugier Herausforderungen anpacken. Werde unser neuer Solution Sales Specialist.","og_url":"https:\/\/www.striped-giraffe.com\/de\/ueber-uns\/karriere\/solution-sales-specialist\/","og_site_name":"Striped Giraffe","article_modified_time":"2025-07-24T15:04:54+00:00","twitter_card":"summary_large_image","twitter_misc":{"Gesch\u00e4tzte Lesezeit":"3\u00a0Minuten"},"schema":{"@context":"https:\/\/schema.org","@graph":[{"@type":"WebPage","@id":"https:\/\/www.striped-giraffe.com\/de\/ueber-uns\/karriere\/solution-sales-specialist\/","url":"https:\/\/www.striped-giraffe.com\/de\/ueber-uns\/karriere\/solution-sales-specialist\/","name":"Solution Sales Specialist bei Striped Giraffe","isPartOf":{"@id":"https:\/\/www.striped-giraffe.com\/de\/#website"},"datePublished":"2025-07-07T09:32:38+00:00","dateModified":"2025-07-24T15:04:54+00:00","description":"Wir sch\u00e4tzen Pers\u00f6nlichkeiten, die mit Leidenschaft und Neugier Herausforderungen anpacken. Werde unser neuer Solution Sales Specialist.","breadcrumb":{"@id":"https:\/\/www.striped-giraffe.com\/de\/ueber-uns\/karriere\/solution-sales-specialist\/#breadcrumb"},"inLanguage":"de","potentialAction":[{"@type":"ReadAction","target":["https:\/\/www.striped-giraffe.com\/de\/ueber-uns\/karriere\/solution-sales-specialist\/"]}]},{"@type":"BreadcrumbList","@id":"https:\/\/www.striped-giraffe.com\/de\/ueber-uns\/karriere\/solution-sales-specialist\/#breadcrumb","itemListElement":[{"@type":"ListItem","position":1,"name":"\u00dcber uns","item":"https:\/\/www.striped-giraffe.com\/de\/ueber-uns\/"},{"@type":"ListItem","position":2,"name":"Karriere","item":"https:\/\/www.striped-giraffe.com\/de\/ueber-uns\/karriere\/"},{"@type":"ListItem","position":3,"name":"Stellenangebot Solution Sales Specialist 2025"}]},{"@type":"WebSite","@id":"https:\/\/www.striped-giraffe.com\/de\/#website","url":"https:\/\/www.striped-giraffe.com\/de\/","name":"Striped Giraffe","description":"Ihr zuverl\u00e4ssiger Anbieter f\u00fcr digitale Enterprise-L\u00f6sungen","publisher":{"@id":"https:\/\/www.striped-giraffe.com\/de\/#organization"},"potentialAction":[{"@type":"SearchAction","target":{"@type":"EntryPoint","urlTemplate":"https:\/\/www.striped-giraffe.com\/de\/?s={search_term_string}"},"query-input":"required name=search_term_string"}],"inLanguage":"de"},{"@type":"Organization","@id":"https:\/\/www.striped-giraffe.com\/de\/#organization","name":"Striped Giraffe","url":"https:\/\/www.striped-giraffe.com\/de\/","logo":{"@type":"ImageObject","inLanguage":"de","@id":"https:\/\/www.striped-giraffe.com\/de\/#\/schema\/logo\/image\/","url":"https:\/\/www.striped-giraffe.com\/wp-content\/uploads\/2021\/01\/giraffe_white.svg","contentUrl":"https:\/\/www.striped-giraffe.com\/wp-content\/uploads\/2021\/01\/giraffe_white.svg","caption":"Striped Giraffe"},"image":{"@id":"https:\/\/www.striped-giraffe.com\/de\/#\/schema\/logo\/image\/"}}]}},"_links":{"self":[{"href":"https:\/\/www.striped-giraffe.com\/de\/wp-json\/wp\/v2\/pages\/40015"}],"collection":[{"href":"https:\/\/www.striped-giraffe.com\/de\/wp-json\/wp\/v2\/pages"}],"about":[{"href":"https:\/\/www.striped-giraffe.com\/de\/wp-json\/wp\/v2\/types\/page"}],"author":[{"embeddable":true,"href":"https:\/\/www.striped-giraffe.com\/de\/wp-json\/wp\/v2\/users\/2"}],"replies":[{"embeddable":true,"href":"https:\/\/www.striped-giraffe.com\/de\/wp-json\/wp\/v2\/comments?post=40015"}],"version-history":[{"count":4,"href":"https:\/\/www.striped-giraffe.com\/de\/wp-json\/wp\/v2\/pages\/40015\/revisions"}],"predecessor-version":[{"id":40131,"href":"https:\/\/www.striped-giraffe.com\/de\/wp-json\/wp\/v2\/pages\/40015\/revisions\/40131"}],"up":[{"embeddable":true,"href":"https:\/\/www.striped-giraffe.com\/de\/wp-json\/wp\/v2\/pages\/493"}],"wp:attachment":[{"href":"https:\/\/www.striped-giraffe.com\/de\/wp-json\/wp\/v2\/media?parent=40015"}],"curies":[{"name":"wp","href":"https:\/\/api.w.org\/{rel}","templated":true}]}}