{"id":40028,"date":"2025-07-07T14:10:47","date_gmt":"2025-07-07T12:10:47","guid":{"rendered":"https:\/\/www.striped-giraffe.com\/ki-pharma-healthcare-copy\/"},"modified":"2025-07-07T17:13:04","modified_gmt":"2025-07-07T15:13:04","slug":"ki-bauwesen","status":"publish","type":"page","link":"https:\/\/www.striped-giraffe.com\/de\/ki-bauwesen\/","title":{"rendered":"KI im Bauwesen"},"content":{"rendered":"<section class=\"wpb-content-wrapper\"><p>[vc_row full_width=&#8220;stretch_row&#8220; full_height=&#8220;yes&#8220; bg_type=&#8220;image&#8220; parallax_style=&#8220;vcpb-default&#8220; bg_image_new=&#8220;id^40034|url^https:\/\/www.striped-giraffe.com\/wp-content\/uploads\/2025\/07\/Header_AI_Construction-2.jpg|caption^AI in construction|alt^AI in construction|title^AI in construction|description^AI in construction&#8220;][vc_column][vc_column_text]<\/p>\n<h1><span style=\"color: #ffffff;\">K\u00fcnstliche Intelligenz<\/span><\/h1>\n<h2 class=\"headline_superbig\"><span style=\"color: #ef6c00;\">im Bauwesen<\/span><\/h2>\n<p>[\/vc_column_text][\/vc_column][\/vc_row][vc_row bg_type=&#8220;bg_color&#8220; el_class=&#8220;closetotop&#8220; bg_color_value=&#8220;#ffffff&#8220; css=&#8220;.vc_custom_1694425571245{padding-top: 50px !important;padding-bottom: 50px !important;}&#8220;][vc_column][vc_column_text]<\/p>\n<h2 class=\"headline_introduction\" style=\"text-align: center;\">KI er\u00f6ffnet der Baubranche enorme Potenziale, um Kosten zu senken, Prozesse zu beschleunigen und Risiken zu minimieren.<\/h2>\n<p>[\/vc_column_text][\/vc_column][\/vc_row][vc_row gap=&#8220;35&#8243; css=&#8220;.vc_custom_1694427451986{margin-bottom: 100px !important;}&#8220;][vc_column width=&#8220;1\/3&#8243;][vc_column_text]<\/p>\n<h2 class=\"headline_superbig\">Bedeutung von KI<\/h2>\n<p>[\/vc_column_text][\/vc_column][vc_column width=&#8220;2\/3&#8243;][vc_column_text]<\/p>\n<p data-start=\"921\" data-end=\"1332\">Die Bauindustrie steht unter wachsendem Druck: steigende Kosten, Fachkr\u00e4ftemangel, immer komplexere Projekte und hohe Anforderungen an Nachhaltigkeit. KI hilft Unternehmen, diese Herausforderungen proaktiv zu meistern. Mit datenbasierten Entscheidungen, intelligenten Prognosen und automatisierten Prozessen sichern Sie sich entscheidende Wettbewerbsvorteile \u2013 und legen den Grundstein f\u00fcr langfristigen Erfolg.<\/p>\n<p>[\/vc_column_text][\/vc_column][\/vc_row][vc_row gap=&#8220;35&#8243; css=&#8220;.vc_custom_1694428222887{margin-bottom: 50px !important;}&#8220;][vc_column width=&#8220;1\/3&#8243;][vc_column_text]<\/p>\n<h2 class=\"headline_superbig\">Anwendungs-F\u00e4lle<\/h2>\n<p>[\/vc_column_text][\/vc_column][vc_column width=&#8220;2\/3&#8243;][vc_column_text]<\/p>\n<p data-start=\"1384\" data-end=\"1551\"><strong data-start=\"1384\" data-end=\"1404\">Design &amp; Planung<\/strong><br data-start=\"1404\" data-end=\"1407\" \/>Generative Algorithmen entwickeln optimierte Entw\u00fcrfe in k\u00fcrzester Zeit \u2013 unter Ber\u00fccksichtigung von Budget, Materialeinsatz und Nachhaltigkeit.<\/p>\n<p data-start=\"1553\" data-end=\"1711\"><strong data-start=\"1553\" data-end=\"1579\">Predictive Maintenance<\/strong><br data-start=\"1579\" data-end=\"1582\" \/>Maschinenausf\u00e4lle vorhersehen, bevor sie eintreten: KI-gest\u00fctzte Wartung reduziert Stillstandszeiten und senkt Kosten nachhaltig.<\/p>\n<p data-start=\"1713\" data-end=\"1842\"><strong data-start=\"1713\" data-end=\"1752\">Ressourcen- und Bestandsoptimierung<\/strong><br data-start=\"1752\" data-end=\"1755\" \/>Intelligente Prognosen verbessern die Materialdisposition und minimieren Verschwendung.<\/p>\n<p data-start=\"1844\" data-end=\"1967\"><strong data-start=\"1844\" data-end=\"1868\">Baustellensicherheit<\/strong><br data-start=\"1868\" data-end=\"1871\" \/>Echtzeit-Analysen erkennen Gefahren fr\u00fchzeitig und tragen aktiv zur Vermeidung von Unf\u00e4llen bei.<\/p>\n<p data-start=\"1969\" data-end=\"2098\"><strong data-start=\"1969\" data-end=\"2005\">Projektsteuerung &amp; Terminplanung<\/strong><br data-start=\"2005\" data-end=\"2008\" \/>KI-basierte Fortschrittsanalysen und Simulationen halten komplexe Bauvorhaben im Zeitplan.<\/p>\n<p data-start=\"2100\" data-end=\"2239\"><strong data-start=\"2100\" data-end=\"2137\">Automatisierte Qualit\u00e4tssicherung<\/strong><br data-start=\"2137\" data-end=\"2140\" \/>Visuelle Inspektionen mit KI reduzieren Fehlerquellen und gew\u00e4hrleisten durchg\u00e4ngig hohe Standards.<\/p>\n<p data-start=\"2241\" data-end=\"2373\"><strong data-start=\"2241\" data-end=\"2270\">Nachhaltigkeitsmanagement<\/strong><br data-start=\"2270\" data-end=\"2273\" \/>Emissionen und Ressourcenverbr\u00e4uche pr\u00e4zise \u00fcberwachen \u2013 f\u00fcr umweltbewusste, regelkonforme Projekte.<\/p>\n<p data-start=\"2375\" data-end=\"2478\"><strong data-start=\"2375\" data-end=\"2407\">Kosten- und Budgetmanagement<\/strong><br data-start=\"2407\" data-end=\"2410\" \/>Exakte Kostensch\u00e4tzungen und proaktive Kontrolle aller Finanzstr\u00f6me.<\/p>\n<p data-start=\"2480\" data-end=\"2624\"><strong data-start=\"2480\" data-end=\"2522\">Dokumentenmanagement &amp; Automatisierung<\/strong><br data-start=\"2522\" data-end=\"2525\" \/>KI vereinfacht den Umgang mit Vertr\u00e4gen, Rechnungen und Nachweisen \u2013 effizient und revisionssicher.<\/p>\n<p data-start=\"2626\" data-end=\"2746\"><strong data-start=\"2626\" data-end=\"2657\">Autonome Maschinensteuerung<\/strong><br data-start=\"2657\" data-end=\"2660\" \/>Selbstfahrende Baufahrzeuge und Roboter steigern Produktivit\u00e4t und Sicherheit vor Ort.<\/p>\n<p>[\/vc_column_text][vc_empty_space][vc_column_text]<a href=\"#downloadsectionbookletpharma\"><strong>Viele spannende Anwendungsf\u00e4lle finden Sie in unserem Booklet.<\/strong><\/a>[\/vc_column_text][\/vc_column][\/vc_row][vc_row css=&#8220;.vc_custom_1694426589696{margin-bottom: 100px !important;}&#8220;][vc_column width=&#8220;1\/3&#8243;][vc_column_text]<\/p>\n<h2 class=\"headline_superbig\">Technologien<br \/>\nim Bauwesen<\/h2>\n<p>[\/vc_column_text][\/vc_column][vc_column width=&#8220;2\/3&#8243;][vc_single_image image=&#8220;40042&#8243; img_size=&#8220;large&#8220;][\/vc_column][\/vc_row][vc_row css=&#8220;.vc_custom_1694426589696{margin-bottom: 100px !important;}&#8220;][vc_column width=&#8220;1\/3&#8243;][vc_column_text]<\/p>\n<h2 class=\"headline_superbig\">Mehr Infos<\/h2>\n<p>[\/vc_column_text][\/vc_column][vc_column width=&#8220;2\/3&#8243;][vc_column_text]Wir betreuen seit vielen Jahren f\u00fchrende Unternehmen im Bauwesen. Alle besch\u00e4ftigen sich mit dem Thema KI.<\/p>\n<p data-start=\"2796\" data-end=\"2956\">In unserem kostenfreien Booklet erfahren Sie kompakt und praxisnah, wie Sie KI gezielt im Bauwesen einsetzen und welche konkreten Mehrwerte sich daraus ergeben.<\/p>\n<p>[\/vc_column_text][\/vc_column][\/vc_row][vc_row el_id=&#8220;downloadsectionbookletpharma&#8220;][vc_column][\/vc_column][\/vc_row][vc_row gap=&#8220;35&#8243; css=&#8220;.vc_custom_1724317649240{margin-bottom: 100px !important;}&#8220; el_id=&#8220;downloadsection&#8220;][vc_column width=&#8220;1\/3&#8243;][vc_column_text]<\/p>\n<h2 class=\"headline_superbig\">Download<\/h2>\n<p>[\/vc_column_text][vc_empty_space][vc_single_image image=&#8220;40045&#8243; img_size=&#8220;full&#8220; alignment=&#8220;center&#8220;][\/vc_column][vc_column width=&#8220;2\/3&#8243;][vc_column_text]<div class='_form_165'><\/div><script type='text\/javascript' src='https:\/\/striped-giraffe.activehosted.com\/f\/embed.php?static=0&id=165&69D47B2F110D2&nostyles=0&preview=0'><\/script>[\/vc_column_text][\/vc_column][\/vc_row][vc_row full_width=&#8220;stretch_row&#8220; css=&#8220;.vc_custom_1706183849370{margin-top: 50px !important;margin-bottom: 50px !important;}&#8220;][vc_column][vc_row_inner][vc_column_inner width=&#8220;1\/3&#8243;][vc_column_text]<\/p>\n<h2 class=\"headline_superbig\">Let&#8217;s talk<\/h2>\n<p>[\/vc_column_text][\/vc_column_inner][vc_column_inner width=&#8220;2\/3&#8243;][vc_column_text]<\/p>\n<h3>Brauchen Sie ein <strong>konkretes Angebot<\/strong> oder suchen Sie einen <strong>Sparringspartner<\/strong>, mit dem sie Ideen diskutieren und entwickeln k\u00f6nnen?<\/h3>\n<h3>Dann melden Sie sich:<\/h3>\n<ul>\n<li><a href=\"mailto:experts@striped-giraffe.com\">experts@striped-giraffe.com<\/a><\/li>\n<li><span style=\"color: #ef6c00;\">+49 (0)89-416 126-667<\/span><\/li>\n<\/ul>\n<p>[\/vc_column_text]<a class=\"calendly\" href=\"\" onclick=\"Calendly.initPopupWidget({url: 'https:\/\/calendly.com\/striped-giraffe\/30min'});return false;\">Termin vereinbaren<\/a>[vc_column_text css=&#8220;.vc_custom_1705936147633{margin-top: 32px !important;}&#8220;]<\/p>\n<h3>Wir unterst\u00fctzen Sie gerne.<\/h3>\n<p>[\/vc_column_text][\/vc_column_inner][\/vc_row_inner][\/vc_column][\/vc_row][vc_row full_width=&#8220;stretch_row&#8220; gap=&#8220;35&#8243; bg_type=&#8220;bg_color&#8220; css=&#8220;.vc_custom_1609934688295{margin-top: 0px !important;margin-bottom: 0px !important;padding-top: 100px !important;padding-bottom: 100px !important;}&#8220; bg_color_value=&#8220;#000000&#8243;][vc_column][vc_row_inner][vc_column_inner width=&#8220;1\/3&#8243; css=&#8220;.vc_custom_1610013762619{padding-right: 25px !important;}&#8220;][vc_column_text]<\/p>\n<h2><span style=\"color: #ef6c00;\">Das k\u00f6nnte Sie auch<\/span> <span style=\"color: #ffffff;\">interessieren.<\/span><\/h2>\n<p><span style=\"color: #ffffff;\">Wir haben ein E-Book sowie einige Blogartikel zu diesem Thema erstellt. Noch mehr E-Books, Case Studies und co. finden Sie in unseren <a href=\"https:\/\/www.striped-giraffe.com\/insights\/\">Insights<\/a>.<\/span>[\/vc_column_text][\/vc_column_inner][vc_column_inner width=&#8220;1\/3&#8243;]<div class=\"templatera_shortcode\"><div class=\"vc_row wpb_row vc_row-fluid\"><div class=\"wpb_column vc_column_container vc_col-sm-12\"><div class=\"vc_column-inner\"><div class=\"wpb_wrapper\"><div id='' class='teaserbox  overlay'><div class='teaserbox_inner'><div class='teaserheadline'><h3 style='text-transform:uppercase;color:#000000;font-family:DinWebPro Bold;'>Teil 2 der Studie<\/h3><h2 style='text-transform:none;color:#ffffff;'>B2B Commerce - Im Spannungsfeld zwischen wirtschaftlicher Belastungsprobe und digitaler Effizienz<\/h2><\/div><div class='teasertext'><div class='wpb_wrapper'>In einer gemeinsamen Studie mit dem ECC K\u00d6LN wurden B2B Hersteller und Gro\u00dfh\u00e4ndler zu diversen Themen zu ihren Digitalisierungsunterfangen befragt - Pl\u00e4ne, Herausforderungen, Erfahrungen.<\/div><\/div><div class='teaserlink'><a href='https:\/\/www.striped-giraffe.com\/de\/download-studie-b2b-commerce-2\/' style='color:#000000;'>Zum Download<\/a><\/div><div class='wpb_single_image desktop_only'><img src='https:\/\/www.striped-giraffe.com\/wp-content\/uploads\/2023\/04\/Teaser_b2b_study_2_DE-600x960.jpg' \/><\/div><div class='wpb_single_image mobile_only'><img src='https:\/\/www.striped-giraffe.com\/wp-content\/uploads\/2023\/04\/Teaser_b2b_study_2_DE-600x700.jpg' \/><\/div><\/div><\/div><\/div><\/div><\/div><\/div><\/div>[\/vc_column_inner][vc_column_inner width=&#8220;1\/3&#8243;]<div id='' class='teaserbox  overlay'><div class='teaserbox_inner'><div class='teaserheadline'><h2 style='color:#ffffff;font-family:DinWebPro Bold;'>Neues aus unserem Blog<\/h2><h3 style='color:#ef6c00;'>Die 7 gr\u00f6\u00dften Herausforderungen der Digitalisierung im Finanzsektor<\/h3><\/div><div class='teasertext'><div class='wpb_wrapper'>Die digitale Transformation ist f\u00fcr Banken nicht mehr nur eine Option, sondern eine Notwendigkeit, um wettbewerbsf\u00e4hig zu bleiben und mit den sich \u00e4ndernden Kundenanforderungen Schritt zu halten.<\/div><\/div><div class='teaserlink'><a href='https:\/\/www.striped-giraffe.com\/de\/blog\/die-7-groessten-herausforderungen-der-digitalisierung-im-finanzsektor\/' style='color:#ffffff;'>Zum Blog-Artikel<\/a><\/div><div class='wpb_single_image desktop_only'><img src='https:\/\/www.striped-giraffe.com\/wp-content\/uploads\/2023\/09\/Blog_finance-1.jpg' \/><\/div><div class='wpb_single_image mobile_only'><img src='https:\/\/www.striped-giraffe.com\/wp-content\/uploads\/2023\/09\/Blog_finance-1.jpg' \/><\/div><\/div><\/div>[\/vc_column_inner][\/vc_row_inner][\/vc_column][\/vc_row]<\/p>\n<\/section>","protected":false},"excerpt":{"rendered":"K\u00fcnstliche Intelligenz im Bauwesen KI er\u00f6ffnet der Baubranche enorme Potenziale, um Kosten zu senken, Prozesse zu beschleunigen und Risiken zu [...]","protected":false},"author":2,"featured_media":40045,"parent":0,"menu_order":0,"comment_status":"closed","ping_status":"closed","template":"","meta":{"footnotes":""},"acf":[],"yoast_head":"<!-- This site is optimized with the Yoast SEO Premium plugin v20.5 (Yoast SEO v20.5) - https:\/\/yoast.com\/wordpress\/plugins\/seo\/ -->\n<title>KI im Bauwesen - Striped Giraffe<\/title>\n<meta name=\"robots\" content=\"index, follow, max-snippet:-1, max-image-preview:large, max-video-preview:-1\" \/>\n<link rel=\"canonical\" href=\"https:\/\/www.striped-giraffe.com\/de\/ki-bauwesen\/\" \/>\n<meta property=\"og:locale\" content=\"de_DE\" \/>\n<meta property=\"og:type\" content=\"article\" \/>\n<meta property=\"og:title\" content=\"KI im Bauwesen\" \/>\n<meta property=\"og:url\" content=\"https:\/\/www.striped-giraffe.com\/de\/ki-bauwesen\/\" \/>\n<meta property=\"og:site_name\" content=\"Striped Giraffe\" \/>\n<meta property=\"article:modified_time\" content=\"2025-07-07T15:13:04+00:00\" \/>\n<meta property=\"og:image\" content=\"https:\/\/www.striped-giraffe.com\/wp-content\/uploads\/2025\/07\/artificial-intelligence-in-the-construction-industry-booklet-cover.jpg\" \/>\n\t<meta property=\"og:image:width\" content=\"1101\" \/>\n\t<meta property=\"og:image:height\" content=\"901\" \/>\n\t<meta property=\"og:image:type\" content=\"image\/jpeg\" \/>\n<meta name=\"twitter:card\" content=\"summary_large_image\" \/>\n<meta name=\"twitter:label1\" content=\"Gesch\u00e4tzte Lesezeit\" \/>\n\t<meta name=\"twitter:data1\" content=\"3\u00a0Minuten\" \/>\n<script type=\"application\/ld+json\" class=\"yoast-schema-graph\">{\"@context\":\"https:\/\/schema.org\",\"@graph\":[{\"@type\":\"WebPage\",\"@id\":\"https:\/\/www.striped-giraffe.com\/de\/ki-bauwesen\/\",\"url\":\"https:\/\/www.striped-giraffe.com\/de\/ki-bauwesen\/\",\"name\":\"KI im Bauwesen - Striped Giraffe\",\"isPartOf\":{\"@id\":\"https:\/\/www.striped-giraffe.com\/de\/#website\"},\"datePublished\":\"2025-07-07T12:10:47+00:00\",\"dateModified\":\"2025-07-07T15:13:04+00:00\",\"inLanguage\":\"de\",\"potentialAction\":[{\"@type\":\"ReadAction\",\"target\":[\"https:\/\/www.striped-giraffe.com\/de\/ki-bauwesen\/\"]}]},{\"@type\":\"WebSite\",\"@id\":\"https:\/\/www.striped-giraffe.com\/de\/#website\",\"url\":\"https:\/\/www.striped-giraffe.com\/de\/\",\"name\":\"Striped Giraffe\",\"description\":\"Ihr zuverl\u00e4ssiger Anbieter f\u00fcr digitale Enterprise-L\u00f6sungen\",\"publisher\":{\"@id\":\"https:\/\/www.striped-giraffe.com\/de\/#organization\"},\"potentialAction\":[{\"@type\":\"SearchAction\",\"target\":{\"@type\":\"EntryPoint\",\"urlTemplate\":\"https:\/\/www.striped-giraffe.com\/de\/?s={search_term_string}\"},\"query-input\":\"required name=search_term_string\"}],\"inLanguage\":\"de\"},{\"@type\":\"Organization\",\"@id\":\"https:\/\/www.striped-giraffe.com\/de\/#organization\",\"name\":\"Striped Giraffe\",\"url\":\"https:\/\/www.striped-giraffe.com\/de\/\",\"logo\":{\"@type\":\"ImageObject\",\"inLanguage\":\"de\",\"@id\":\"https:\/\/www.striped-giraffe.com\/de\/#\/schema\/logo\/image\/\",\"url\":\"https:\/\/www.striped-giraffe.com\/wp-content\/uploads\/2021\/01\/giraffe_white.svg\",\"contentUrl\":\"https:\/\/www.striped-giraffe.com\/wp-content\/uploads\/2021\/01\/giraffe_white.svg\",\"caption\":\"Striped Giraffe\"},\"image\":{\"@id\":\"https:\/\/www.striped-giraffe.com\/de\/#\/schema\/logo\/image\/\"}}]}<\/script>\n<!-- \/ Yoast SEO Premium plugin. -->","yoast_head_json":{"title":"KI im Bauwesen - Striped Giraffe","robots":{"index":"index","follow":"follow","max-snippet":"max-snippet:-1","max-image-preview":"max-image-preview:large","max-video-preview":"max-video-preview:-1"},"canonical":"https:\/\/www.striped-giraffe.com\/de\/ki-bauwesen\/","og_locale":"de_DE","og_type":"article","og_title":"KI im Bauwesen","og_url":"https:\/\/www.striped-giraffe.com\/de\/ki-bauwesen\/","og_site_name":"Striped Giraffe","article_modified_time":"2025-07-07T15:13:04+00:00","og_image":[{"width":1101,"height":901,"url":"https:\/\/www.striped-giraffe.com\/wp-content\/uploads\/2025\/07\/artificial-intelligence-in-the-construction-industry-booklet-cover.jpg","type":"image\/jpeg"}],"twitter_card":"summary_large_image","twitter_misc":{"Gesch\u00e4tzte Lesezeit":"3\u00a0Minuten"},"schema":{"@context":"https:\/\/schema.org","@graph":[{"@type":"WebPage","@id":"https:\/\/www.striped-giraffe.com\/de\/ki-bauwesen\/","url":"https:\/\/www.striped-giraffe.com\/de\/ki-bauwesen\/","name":"KI im Bauwesen - Striped Giraffe","isPartOf":{"@id":"https:\/\/www.striped-giraffe.com\/de\/#website"},"datePublished":"2025-07-07T12:10:47+00:00","dateModified":"2025-07-07T15:13:04+00:00","inLanguage":"de","potentialAction":[{"@type":"ReadAction","target":["https:\/\/www.striped-giraffe.com\/de\/ki-bauwesen\/"]}]},{"@type":"WebSite","@id":"https:\/\/www.striped-giraffe.com\/de\/#website","url":"https:\/\/www.striped-giraffe.com\/de\/","name":"Striped Giraffe","description":"Ihr zuverl\u00e4ssiger Anbieter f\u00fcr digitale Enterprise-L\u00f6sungen","publisher":{"@id":"https:\/\/www.striped-giraffe.com\/de\/#organization"},"potentialAction":[{"@type":"SearchAction","target":{"@type":"EntryPoint","urlTemplate":"https:\/\/www.striped-giraffe.com\/de\/?s={search_term_string}"},"query-input":"required name=search_term_string"}],"inLanguage":"de"},{"@type":"Organization","@id":"https:\/\/www.striped-giraffe.com\/de\/#organization","name":"Striped Giraffe","url":"https:\/\/www.striped-giraffe.com\/de\/","logo":{"@type":"ImageObject","inLanguage":"de","@id":"https:\/\/www.striped-giraffe.com\/de\/#\/schema\/logo\/image\/","url":"https:\/\/www.striped-giraffe.com\/wp-content\/uploads\/2021\/01\/giraffe_white.svg","contentUrl":"https:\/\/www.striped-giraffe.com\/wp-content\/uploads\/2021\/01\/giraffe_white.svg","caption":"Striped Giraffe"},"image":{"@id":"https:\/\/www.striped-giraffe.com\/de\/#\/schema\/logo\/image\/"}}]}},"_links":{"self":[{"href":"https:\/\/www.striped-giraffe.com\/de\/wp-json\/wp\/v2\/pages\/40028"}],"collection":[{"href":"https:\/\/www.striped-giraffe.com\/de\/wp-json\/wp\/v2\/pages"}],"about":[{"href":"https:\/\/www.striped-giraffe.com\/de\/wp-json\/wp\/v2\/types\/page"}],"author":[{"embeddable":true,"href":"https:\/\/www.striped-giraffe.com\/de\/wp-json\/wp\/v2\/users\/2"}],"replies":[{"embeddable":true,"href":"https:\/\/www.striped-giraffe.com\/de\/wp-json\/wp\/v2\/comments?post=40028"}],"version-history":[{"count":4,"href":"https:\/\/www.striped-giraffe.com\/de\/wp-json\/wp\/v2\/pages\/40028\/revisions"}],"predecessor-version":[{"id":40049,"href":"https:\/\/www.striped-giraffe.com\/de\/wp-json\/wp\/v2\/pages\/40028\/revisions\/40049"}],"wp:featuredmedia":[{"embeddable":true,"href":"https:\/\/www.striped-giraffe.com\/de\/wp-json\/wp\/v2\/media\/40045"}],"wp:attachment":[{"href":"https:\/\/www.striped-giraffe.com\/de\/wp-json\/wp\/v2\/media?parent=40028"}],"curies":[{"name":"wp","href":"https:\/\/api.w.org\/{rel}","templated":true}]}}