{"id":40478,"date":"2025-08-28T17:37:00","date_gmt":"2025-08-28T15:37:00","guid":{"rendered":"https:\/\/www.striped-giraffe.com\/expertise\/datenmanagement\/bigdata-copy\/"},"modified":"2025-09-01T16:31:16","modified_gmt":"2025-09-01T14:31:16","slug":"soa-und-microservices","status":"publish","type":"page","link":"https:\/\/www.striped-giraffe.com\/de\/expertise\/it-architektur\/soa-und-microservices\/","title":{"rendered":"SOA &#038; Microservices"},"content":{"rendered":"<section class=\"wpb-content-wrapper\"><p>[vc_row full_width=&#8220;stretch_row&#8220; full_height=&#8220;yes&#8220; bg_type=&#8220;image&#8220; parallax_style=&#8220;vcpb-default&#8220; bg_image_new=&#8220;id^40480|url^https:\/\/www.striped-giraffe.com\/wp-content\/uploads\/2025\/08\/Header_SOA_Microservices.jpg|caption^SOA &amp; Microservices|alt^SOA &amp; Microservices|title^Microservices Architecture Design with Digital Nodes for Tech Pr|description^SOA &amp; Microservices&#8220; css=&#8220;.vc_custom_1756395523741{margin-top: 0px !important;padding-top: 100px !important;background-position: center !important;background-repeat: no-repeat !important;background-size: cover !important;}&#8220;][vc_column css_animation=&#8220;slideInUp&#8220;][vc_column_text]<\/p>\n<h1 style=\"text-align: left;\"><span style=\"color: #ffffff;\">SOA &amp;<br \/>\nMicroservices<\/span><\/h1>\n<p>[\/vc_column_text][\/vc_column][\/vc_row][vc_row el_class=&#8220;closetotop&#8220; css=&#8220;.vc_custom_1756395589071{padding-top: 50px !important;padding-bottom: 50px !important;background-color: #ffffff !important;}&#8220;][vc_column][vc_column_text]<\/p>\n<h2 class=\"headline_introduction\" style=\"text-align: center;\">Serviceorientierte Architekturen \u2013 flexibel, modular, zukunftssicher<\/h2>\n<p>[\/vc_column_text][vc_separator color=&#8220;black&#8220; border_width=&#8220;5&#8243; el_width=&#8220;10&#8243; css=&#8220;.vc_custom_1609845029454{margin-top: 50px !important;}&#8220;][\/vc_column][\/vc_row][vc_row gap=&#8220;35&#8243; css=&#8220;.vc_custom_1756395985200{margin-top: 50px !important;margin-bottom: 100px !important;}&#8220;][vc_column width=&#8220;1\/3&#8243;][\/vc_column][vc_column width=&#8220;2\/3&#8243;][vc_column_text]Wir gestalten Architekturen, die Gesch\u00e4ftsprozesse konsequent in wiederverwendbare Services \u00fcbersetzen. So entsteht eine modulare IT-Landschaft, die Ver\u00e4nderungen am Markt agil aufgreifen kann \u2013 ohne dabei an Stabilit\u00e4t und Kompatibilit\u00e4t zu verlieren.[\/vc_column_text][\/vc_column][\/vc_row][vc_row gap=&#8220;35&#8243; css=&#8220;.vc_custom_1756395994550{margin-top: 50px !important;margin-bottom: 100px !important;}&#8220;][vc_column width=&#8220;1\/3&#8243;][vc_column_text]<\/p>\n<h2 class=\"headline_superbig\">SOA<\/h2>\n<p>[\/vc_column_text][\/vc_column][vc_column width=&#8220;2\/3&#8243;][vc_column_text]<\/p>\n<h2>Ganzheitliche Architektur f\u00fcr agile Gesch\u00e4ftsprozesse<\/h2>\n<p>Serviceorientierte Architektur (SOA) eignet sich besonders f\u00fcr Unternehmen mit komplexen, heterogenen Systemlandschaften, die eine <span style=\"color: #ef6c00;\"><strong>zentrale Steuerung und Wiederverwendbarkeit von Services<\/strong> <\/span>ben\u00f6tigen.<\/p>\n<p><strong>Wann SOA sinnvoll ist:<\/strong><\/p>\n<ul>\n<li>Gro\u00dfe Unternehmen mit vielen Backend-Systemen<\/li>\n<li>Hohe Anforderungen an Interoperabilit\u00e4t zwischen Systemen<\/li>\n<li>Langfristige Standardisierung von Gesch\u00e4ftsprozessen<\/li>\n<li>Wichtiger Indikator: Wiederverwendbarkeit<\/li>\n<\/ul>\n<p><strong>Vorteile:<\/strong><\/p>\n<ul>\n<li>Modulare Services f\u00fcr klare Struktur und Wiederverwendung<\/li>\n<li>Transparente Systemlandschaft durch standardisierte Schnittstellen<\/li>\n<li>Zentral gesteuerte Governance sorgt f\u00fcr Qualit\u00e4t und Sicherheit<\/li>\n<\/ul>\n<p><strong>Nachteile:<\/strong><\/p>\n<ul>\n<li>H\u00f6herer Planungsaufwand bei der Einf\u00fchrung<\/li>\n<li>Anpassungen an neue Anforderungen k\u00f6nnen komplexer sein<\/li>\n<li>Geringere Flexibilit\u00e4t im Vergleich zu Microservices<\/li>\n<\/ul>\n<p>SOA erfordert klare Governance. Wir unterst\u00fctzen Sie bei der Einf\u00fchrung von Prozessen und Richtlinien, die Service-Qualit\u00e4t, Sicherheit und Konsistenz sicherstellen. So bleibt Ihre Architektur steuerbar und zuverl\u00e4ssig \u2013 auch in komplexen Umgebungen.[\/vc_column_text][\/vc_column][\/vc_row][vc_row gap=&#8220;35&#8243; css=&#8220;.vc_custom_1756396001128{margin-bottom: 100px !important;}&#8220;][vc_column width=&#8220;1\/3&#8243;][vc_column_text]<\/p>\n<h2 class=\"headline_superbig\">Micro-<br \/>\nservices<\/h2>\n<p>[\/vc_column_text][\/vc_column][vc_column width=&#8220;2\/3&#8243;][vc_column_text]<\/p>\n<h2>Modulare Services f\u00fcr dynamische Umgebungen<\/h2>\n<p>Microservices sind ideal f\u00fcr Unternehmen, die schnell auf Marktanforderungen reagieren und <span style=\"color: #ef6c00;\"><strong>hohe Skalierbarkeit und Agilit\u00e4t<\/strong><\/span> ben\u00f6tigen. Der Unterschied zu Services in einer SOA-Architektur und Microservices besteht zu allererst in der Granularit\u00e4t. Auch muss man sich bei Microservices weniger Gedanken in Bezug auf die Einbettung in eine Gesamtarchitektur machen.<\/p>\n<p><strong>Wann Microservices sinnvoll sind:<\/strong><\/p>\n<ul>\n<li>Dynamische, cloudbasierte Umgebungen<\/li>\n<li>Projekte mit h\u00e4ufigen Releases und kurzen Entwicklungszyklen<\/li>\n<li>Bedarf an unabh\u00e4ngiger Skalierung einzelner Komponenten (Auto-Scaling)<\/li>\n<\/ul>\n<p><strong>Vorteile:<\/strong><\/p>\n<ul>\n<li>Hohe Flexibilit\u00e4t und schnelle Reaktionsf\u00e4higkeit<\/li>\n<li>Autonome Services k\u00f6nnen unabh\u00e4ngig entwickelt, getestet und deployt werden<\/li>\n<li>Ideal f\u00fcr Cloud -Umgebungen<\/li>\n<\/ul>\n<p><strong>Nachteile:<\/strong><\/p>\n<ul>\n<li>Komplexere Infrastruktur, z.\u202fB. Service Discovery und Monitoring<\/li>\n<li>H\u00f6here Anforderungen an Schnittstellen-Management<\/li>\n<li>Governance schwierig zu organisieren<\/li>\n<\/ul>\n<p>[\/vc_column_text][\/vc_column][\/vc_row][vc_row full_width=&#8220;stretch_row&#8220; css=&#8220;.vc_custom_1705587310854{margin-bottom: 50px !important;}&#8220;][vc_column][vc_row_inner][vc_column_inner width=&#8220;1\/3&#8243;][vc_column_text]<\/p>\n<h2 class=\"headline_superbig\">Let&#8217;s talk<\/h2>\n<p>[\/vc_column_text][\/vc_column_inner][vc_column_inner width=&#8220;2\/3&#8243;][vc_column_text]<\/p>\n<h3>Brauchen Sie ein <strong>konkretes Angebot<\/strong> oder suchen Sie einen <strong>Sparringspartner<\/strong>, mit dem sie Ideen diskutieren und entwickeln k\u00f6nnen?<\/h3>\n<h3>Dann melden Sie sich:<\/h3>\n<ul>\n<li><a href=\"mailto:experts@striped-giraffe.com\">experts@striped-giraffe.com<\/a><\/li>\n<li><span style=\"color: #ef6c00;\">+49 (0)89-416 126-667<\/span><\/li>\n<\/ul>\n<p>[\/vc_column_text]<a class=\"calendly\" href=\"\" onclick=\"Calendly.initPopupWidget({url: 'https:\/\/calendly.com\/striped-giraffe\/30min'});return false;\">Termin vereinbaren<\/a>[vc_column_text css=&#8220;.vc_custom_1705936147633{margin-top: 32px !important;}&#8220;]<\/p>\n<h3>Wir unterst\u00fctzen Sie gerne.<\/h3>\n<p>[\/vc_column_text][\/vc_column_inner][\/vc_row_inner][\/vc_column][\/vc_row][vc_row full_width=&#8220;stretch_row&#8220; gap=&#8220;35&#8243; bg_type=&#8220;bg_color&#8220; css=&#8220;.vc_custom_1706115175275{margin-top: 50px !important;padding-top: 50px !important;padding-bottom: 50px !important;}&#8220; bg_color_value=&#8220;#000000&#8243;][vc_column width=&#8220;1\/3&#8243;][vc_column_text]<\/p>\n<h2 class=\"headline_superbig\"><span style=\"color: #ffffff;\">FULL-SERVICE FOR YOUR DIGITAL CHALLENGE<\/span><\/h2>\n<p><span style=\"color: #ffffff;\">Ganz egal, welche digitale Herausforderung Sie meistern m\u00fcssen, wir unterst\u00fctzen Sie dabei. Mit den unterschiedlichen Spezialisten in unserem Team und unserem Experten-Netzwerk finden wir f\u00fcr jedes Problem die passende L\u00f6sung.<\/span>[\/vc_column_text][\/vc_column][vc_column width=&#8220;2\/3&#8243;][vc_row_inner][vc_column_inner width=&#8220;1\/2&#8243;]<div class=\"templatera_shortcode\"><div class=\"vc_row wpb_row vc_row-fluid\"><div class=\"wpb_column vc_column_container vc_col-sm-12\"><div class=\"vc_column-inner\"><div class=\"wpb_wrapper\"><div id='' class='teaserbox  overlay'><div class='teaserbox_inner'><div class='teaserheadline'><h2 style='color:#ffffff;font-family:DinWebPro Bold;'>IT-Beratung<\/h2><h3 style='color:#ffffff;'>Frische Ideen und fundiertes Knowhow fu\u0308r Ihr Business<\/h3><\/div><div class='teasertext'><div class='wpb_wrapper'>Herausfordernde Zeit verlangen ad\u00e4quate und m\u00f6glichst flexible L\u00f6sungen. Die Bandbreite ist riesig. F\u00fcr jedes Unternehmen und jedes Problem l\u00e4sst sich die passende L\u00f6sung finden oder entwickeln.<\/div><\/div><div class='teaserlink'><a href='https:\/\/www.striped-giraffe.com\/de\/leistungen\/it-beratung\/' style='color:#ffffff;'>IT-Beratung<\/a><\/div><div class='wpb_single_image desktop_only'><img src='https:\/\/www.striped-giraffe.com\/wp-content\/uploads\/2021\/01\/Teaser_IT_Consulting.jpg' \/><\/div><div class='wpb_single_image mobile_only'><img src='https:\/\/www.striped-giraffe.com\/wp-content\/uploads\/2021\/01\/Teaser_IT_Consulting-600x700.jpg' \/><\/div><\/div><\/div><\/div><\/div><\/div><\/div><\/div>[\/vc_column_inner][vc_column_inner width=&#8220;1\/2&#8243;]<div class=\"templatera_shortcode\"><div class=\"vc_row wpb_row vc_row-fluid\"><div class=\"wpb_column vc_column_container vc_col-sm-12\"><div class=\"vc_column-inner\"><div class=\"wpb_wrapper\"><div id='' class='teaserbox  overlay'><div class='teaserbox_inner'><div class='teaserheadline'><h2 style='color:#ffffff;font-family:DinWebPro Bold;'>PROJEKT MANAGEMENT<\/h2><h3 style='color:#ffffff;'>Digitale L\u00f6sungen, die alle Anforderungen erf\u00fcllen<\/h3><\/div><div class='teasertext'><div class='wpb_wrapper'>Unsere Projektmanager stehen f\u00fcr die optimale Erf\u00fcllung der Anforderungen aus den Bereichen Business, Anwender und Technologie.<\/div><\/div><div class='teaserlink'><a href='https:\/\/www.striped-giraffe.com\/leistungen\/projektmanagement\/' style='color:#ffffff;'>Projektmanagement<\/a><\/div><div class='wpb_single_image desktop_only'><img src='https:\/\/www.striped-giraffe.com\/wp-content\/uploads\/2021\/01\/Projectmanagement_Teaser-600x960.jpg' \/><\/div><div class='wpb_single_image mobile_only'><img src='https:\/\/www.striped-giraffe.com\/wp-content\/uploads\/2021\/01\/Projectmanagement_Teaser-600x700.jpg' \/><\/div><\/div><\/div><\/div><\/div><\/div><\/div><\/div>[\/vc_column_inner][\/vc_row_inner][vc_row_inner][vc_column_inner width=&#8220;1\/2&#8243;]<div class=\"templatera_shortcode\"><div class=\"vc_row wpb_row vc_row-fluid\"><div class=\"wpb_column vc_column_container vc_col-sm-12\"><div class=\"vc_column-inner\"><div class=\"wpb_wrapper\"><div id='' class='teaserbox  overlay'><div class='teaserbox_inner'><div class='teaserheadline'><h2 style='color:#000000;font-family:DinWebPro Bold;'>Entwicklung<\/h2><h3 style='color:#000000;'>Wir entwickeln zukunftsorientierte L\u00f6sungen<\/h3><\/div><div class='teasertext'><div class='wpb_wrapper'>Wir stellen komplette Entwicklungsteams in Eigenverantwortung oder erg\u00e4nzen bestehende Teams mit unserer Expertise.<\/div><\/div><div class='teaserlink'><a href='https:\/\/www.striped-giraffe.com\/de\/leistungen\/entwicklung\/' style='color:#ffffff;'>Entwicklung<\/a><\/div><div class='wpb_single_image desktop_only'><img src='https:\/\/www.striped-giraffe.com\/wp-content\/uploads\/2021\/01\/Teaser_Development.jpg' \/><\/div><div class='wpb_single_image mobile_only'><img src='https:\/\/www.striped-giraffe.com\/wp-content\/uploads\/2021\/01\/Teaser_Development-600x700.jpg' \/><\/div><\/div><\/div><\/div><\/div><\/div><\/div><\/div>[\/vc_column_inner][vc_column_inner width=&#8220;1\/2&#8243;]<div class=\"templatera_shortcode\"><div class=\"vc_row wpb_row vc_row-fluid\"><div class=\"wpb_column vc_column_container vc_col-sm-12\"><div class=\"vc_column-inner\"><div class=\"wpb_wrapper\"><div id='' class='teaserbox  overlay'><div class='teaserbox_inner'><div class='teaserheadline'><h2 style='color:#ffffff;font-family:DinWebPro Bold;'>UX\/UI<\/h2><h3 style='color:#ffffff;'>Wir kreieren Erlebniswelten, die Kunden begeistern<\/h3><\/div><div class='teasertext'><div class='wpb_wrapper'>Wir stellen den Nutzer in den Fokus, um ein atemberaubendes Kundenerlebnis zu gestalten.<\/div><\/div><div class='teaserlink'><a href='https:\/\/www.striped-giraffe.com\/leistungen\/ux-ui\/' style='color:#ffffff;'>UX\/UI<\/a><\/div><div class='wpb_single_image desktop_only'><img src='https:\/\/www.striped-giraffe.com\/wp-content\/uploads\/2021\/01\/UX_UI_Teaser-2-600x960.jpg' \/><\/div><div class='wpb_single_image mobile_only'><img src='https:\/\/www.striped-giraffe.com\/wp-content\/uploads\/2021\/01\/UX_UI_Teaser-2-600x700.jpg' \/><\/div><\/div><\/div><\/div><\/div><\/div><\/div><\/div>[\/vc_column_inner][\/vc_row_inner][\/vc_column][\/vc_row]<\/p>\n<\/section>","protected":false},"excerpt":{"rendered":"SOA &amp; Microservices Serviceorientierte Architekturen \u2013 flexibel, modular, zukunftssicher Wir gestalten Architekturen, die Gesch\u00e4ftsprozesse konsequent in wiederverwendbare Services \u00fcbersetzen. So [...]","protected":false},"author":2,"featured_media":0,"parent":40456,"menu_order":0,"comment_status":"closed","ping_status":"closed","template":"","meta":{"footnotes":""},"acf":[],"yoast_head":"<!-- This site is optimized with the Yoast SEO Premium plugin v20.5 (Yoast SEO v20.5) - https:\/\/yoast.com\/wordpress\/plugins\/seo\/ -->\n<title>SOA &amp; Microservices - Striped Giraffe<\/title>\n<meta name=\"description\" content=\"Wer die immer gr\u00f6\u00dfer werdende Datenflut \u00fcberblickt, verarbeitet und schlie\u00dflich analysiert, kann daraus immense Wettbewerbsvorteile ziehen.\" \/>\n<meta name=\"robots\" content=\"index, follow, max-snippet:-1, max-image-preview:large, max-video-preview:-1\" \/>\n<link rel=\"canonical\" href=\"https:\/\/www.striped-giraffe.com\/de\/expertise\/it-architektur\/soa-und-microservices\/\" \/>\n<meta property=\"og:locale\" content=\"de_DE\" \/>\n<meta property=\"og:type\" content=\"article\" \/>\n<meta property=\"og:title\" content=\"SOA &amp; Microservices\" \/>\n<meta property=\"og:description\" content=\"Wer die immer gr\u00f6\u00dfer werdende Datenflut \u00fcberblickt, verarbeitet und schlie\u00dflich analysiert, kann daraus immense Wettbewerbsvorteile ziehen.\" \/>\n<meta property=\"og:url\" content=\"https:\/\/www.striped-giraffe.com\/de\/expertise\/it-architektur\/soa-und-microservices\/\" \/>\n<meta property=\"og:site_name\" content=\"Striped Giraffe\" \/>\n<meta property=\"article:modified_time\" content=\"2025-09-01T14:31:16+00:00\" \/>\n<meta name=\"twitter:card\" content=\"summary_large_image\" \/>\n<meta name=\"twitter:label1\" content=\"Gesch\u00e4tzte Lesezeit\" \/>\n\t<meta name=\"twitter:data1\" content=\"3\u00a0Minuten\" \/>\n<script type=\"application\/ld+json\" class=\"yoast-schema-graph\">{\"@context\":\"https:\/\/schema.org\",\"@graph\":[{\"@type\":\"WebPage\",\"@id\":\"https:\/\/www.striped-giraffe.com\/de\/expertise\/it-architektur\/soa-und-microservices\/\",\"url\":\"https:\/\/www.striped-giraffe.com\/de\/expertise\/it-architektur\/soa-und-microservices\/\",\"name\":\"SOA & Microservices - Striped Giraffe\",\"isPartOf\":{\"@id\":\"https:\/\/www.striped-giraffe.com\/de\/#website\"},\"datePublished\":\"2025-08-28T15:37:00+00:00\",\"dateModified\":\"2025-09-01T14:31:16+00:00\",\"description\":\"Wer die immer gr\u00f6\u00dfer werdende Datenflut \u00fcberblickt, verarbeitet und schlie\u00dflich analysiert, kann daraus immense Wettbewerbsvorteile ziehen.\",\"breadcrumb\":{\"@id\":\"https:\/\/www.striped-giraffe.com\/de\/expertise\/it-architektur\/soa-und-microservices\/#breadcrumb\"},\"inLanguage\":\"de\",\"potentialAction\":[{\"@type\":\"ReadAction\",\"target\":[\"https:\/\/www.striped-giraffe.com\/de\/expertise\/it-architektur\/soa-und-microservices\/\"]}]},{\"@type\":\"BreadcrumbList\",\"@id\":\"https:\/\/www.striped-giraffe.com\/de\/expertise\/it-architektur\/soa-und-microservices\/#breadcrumb\",\"itemListElement\":[{\"@type\":\"ListItem\",\"position\":1,\"name\":\"Expertise\",\"item\":\"https:\/\/www.striped-giraffe.com\/de\/expertise\/\"},{\"@type\":\"ListItem\",\"position\":2,\"name\":\"IT-Architektur\",\"item\":\"https:\/\/www.striped-giraffe.com\/de\/expertise\/it-architektur\/\"},{\"@type\":\"ListItem\",\"position\":3,\"name\":\"SOA &#038; Microservices\"}]},{\"@type\":\"WebSite\",\"@id\":\"https:\/\/www.striped-giraffe.com\/de\/#website\",\"url\":\"https:\/\/www.striped-giraffe.com\/de\/\",\"name\":\"Striped Giraffe\",\"description\":\"Ihr zuverl\u00e4ssiger Anbieter f\u00fcr digitale Enterprise-L\u00f6sungen\",\"publisher\":{\"@id\":\"https:\/\/www.striped-giraffe.com\/de\/#organization\"},\"potentialAction\":[{\"@type\":\"SearchAction\",\"target\":{\"@type\":\"EntryPoint\",\"urlTemplate\":\"https:\/\/www.striped-giraffe.com\/de\/?s={search_term_string}\"},\"query-input\":\"required name=search_term_string\"}],\"inLanguage\":\"de\"},{\"@type\":\"Organization\",\"@id\":\"https:\/\/www.striped-giraffe.com\/de\/#organization\",\"name\":\"Striped Giraffe\",\"url\":\"https:\/\/www.striped-giraffe.com\/de\/\",\"logo\":{\"@type\":\"ImageObject\",\"inLanguage\":\"de\",\"@id\":\"https:\/\/www.striped-giraffe.com\/de\/#\/schema\/logo\/image\/\",\"url\":\"https:\/\/www.striped-giraffe.com\/wp-content\/uploads\/2021\/01\/giraffe_white.svg\",\"contentUrl\":\"https:\/\/www.striped-giraffe.com\/wp-content\/uploads\/2021\/01\/giraffe_white.svg\",\"caption\":\"Striped Giraffe\"},\"image\":{\"@id\":\"https:\/\/www.striped-giraffe.com\/de\/#\/schema\/logo\/image\/\"}}]}<\/script>\n<!-- \/ Yoast SEO Premium plugin. -->","yoast_head_json":{"title":"SOA & Microservices - Striped Giraffe","description":"Wer die immer gr\u00f6\u00dfer werdende Datenflut \u00fcberblickt, verarbeitet und schlie\u00dflich analysiert, kann daraus immense Wettbewerbsvorteile ziehen.","robots":{"index":"index","follow":"follow","max-snippet":"max-snippet:-1","max-image-preview":"max-image-preview:large","max-video-preview":"max-video-preview:-1"},"canonical":"https:\/\/www.striped-giraffe.com\/de\/expertise\/it-architektur\/soa-und-microservices\/","og_locale":"de_DE","og_type":"article","og_title":"SOA & Microservices","og_description":"Wer die immer gr\u00f6\u00dfer werdende Datenflut \u00fcberblickt, verarbeitet und schlie\u00dflich analysiert, kann daraus immense Wettbewerbsvorteile ziehen.","og_url":"https:\/\/www.striped-giraffe.com\/de\/expertise\/it-architektur\/soa-und-microservices\/","og_site_name":"Striped Giraffe","article_modified_time":"2025-09-01T14:31:16+00:00","twitter_card":"summary_large_image","twitter_misc":{"Gesch\u00e4tzte Lesezeit":"3\u00a0Minuten"},"schema":{"@context":"https:\/\/schema.org","@graph":[{"@type":"WebPage","@id":"https:\/\/www.striped-giraffe.com\/de\/expertise\/it-architektur\/soa-und-microservices\/","url":"https:\/\/www.striped-giraffe.com\/de\/expertise\/it-architektur\/soa-und-microservices\/","name":"SOA & Microservices - Striped Giraffe","isPartOf":{"@id":"https:\/\/www.striped-giraffe.com\/de\/#website"},"datePublished":"2025-08-28T15:37:00+00:00","dateModified":"2025-09-01T14:31:16+00:00","description":"Wer die immer gr\u00f6\u00dfer werdende Datenflut \u00fcberblickt, verarbeitet und schlie\u00dflich analysiert, kann daraus immense Wettbewerbsvorteile ziehen.","breadcrumb":{"@id":"https:\/\/www.striped-giraffe.com\/de\/expertise\/it-architektur\/soa-und-microservices\/#breadcrumb"},"inLanguage":"de","potentialAction":[{"@type":"ReadAction","target":["https:\/\/www.striped-giraffe.com\/de\/expertise\/it-architektur\/soa-und-microservices\/"]}]},{"@type":"BreadcrumbList","@id":"https:\/\/www.striped-giraffe.com\/de\/expertise\/it-architektur\/soa-und-microservices\/#breadcrumb","itemListElement":[{"@type":"ListItem","position":1,"name":"Expertise","item":"https:\/\/www.striped-giraffe.com\/de\/expertise\/"},{"@type":"ListItem","position":2,"name":"IT-Architektur","item":"https:\/\/www.striped-giraffe.com\/de\/expertise\/it-architektur\/"},{"@type":"ListItem","position":3,"name":"SOA &#038; Microservices"}]},{"@type":"WebSite","@id":"https:\/\/www.striped-giraffe.com\/de\/#website","url":"https:\/\/www.striped-giraffe.com\/de\/","name":"Striped Giraffe","description":"Ihr zuverl\u00e4ssiger Anbieter f\u00fcr digitale Enterprise-L\u00f6sungen","publisher":{"@id":"https:\/\/www.striped-giraffe.com\/de\/#organization"},"potentialAction":[{"@type":"SearchAction","target":{"@type":"EntryPoint","urlTemplate":"https:\/\/www.striped-giraffe.com\/de\/?s={search_term_string}"},"query-input":"required name=search_term_string"}],"inLanguage":"de"},{"@type":"Organization","@id":"https:\/\/www.striped-giraffe.com\/de\/#organization","name":"Striped Giraffe","url":"https:\/\/www.striped-giraffe.com\/de\/","logo":{"@type":"ImageObject","inLanguage":"de","@id":"https:\/\/www.striped-giraffe.com\/de\/#\/schema\/logo\/image\/","url":"https:\/\/www.striped-giraffe.com\/wp-content\/uploads\/2021\/01\/giraffe_white.svg","contentUrl":"https:\/\/www.striped-giraffe.com\/wp-content\/uploads\/2021\/01\/giraffe_white.svg","caption":"Striped Giraffe"},"image":{"@id":"https:\/\/www.striped-giraffe.com\/de\/#\/schema\/logo\/image\/"}}]}},"_links":{"self":[{"href":"https:\/\/www.striped-giraffe.com\/de\/wp-json\/wp\/v2\/pages\/40478"}],"collection":[{"href":"https:\/\/www.striped-giraffe.com\/de\/wp-json\/wp\/v2\/pages"}],"about":[{"href":"https:\/\/www.striped-giraffe.com\/de\/wp-json\/wp\/v2\/types\/page"}],"author":[{"embeddable":true,"href":"https:\/\/www.striped-giraffe.com\/de\/wp-json\/wp\/v2\/users\/2"}],"replies":[{"embeddable":true,"href":"https:\/\/www.striped-giraffe.com\/de\/wp-json\/wp\/v2\/comments?post=40478"}],"version-history":[{"count":4,"href":"https:\/\/www.striped-giraffe.com\/de\/wp-json\/wp\/v2\/pages\/40478\/revisions"}],"predecessor-version":[{"id":40479,"href":"https:\/\/www.striped-giraffe.com\/de\/wp-json\/wp\/v2\/pages\/40478\/revisions\/40479"}],"up":[{"embeddable":true,"href":"https:\/\/www.striped-giraffe.com\/de\/wp-json\/wp\/v2\/pages\/40456"}],"wp:attachment":[{"href":"https:\/\/www.striped-giraffe.com\/de\/wp-json\/wp\/v2\/media?parent=40478"}],"curies":[{"name":"wp","href":"https:\/\/api.w.org\/{rel}","templated":true}]}}