{"id":40491,"date":"2025-09-01T13:47:41","date_gmt":"2025-09-01T11:47:41","guid":{"rendered":"https:\/\/www.striped-giraffe.com\/expertise\/datenmanagement\/soa-und-microservices-copy\/"},"modified":"2025-09-01T16:47:34","modified_gmt":"2025-09-01T14:47:34","slug":"cloud-architektur","status":"publish","type":"page","link":"https:\/\/www.striped-giraffe.com\/de\/expertise\/it-architektur\/cloud-architektur\/","title":{"rendered":"Cloud-Architektur"},"content":{"rendered":"<section class=\"wpb-content-wrapper\"><p>[vc_row full_width=&#8220;stretch_row&#8220; full_height=&#8220;yes&#8220; bg_type=&#8220;image&#8220; parallax_style=&#8220;vcpb-default&#8220; bg_image_new=&#8220;id^40493|url^https:\/\/www.striped-giraffe.com\/wp-content\/uploads\/2025\/09\/Header_Cloud_Architecture.jpg|caption^Cloud Architecture|alt^Cloud Architecture|title^A cloud computing architecture consisting of various interconnec|description^Cloud Architecture&#8220; css=&#8220;.vc_custom_1756727424805{margin-top: 0px !important;padding-top: 100px !important;background-position: center !important;background-repeat: no-repeat !important;background-size: cover !important;}&#8220;][vc_column css_animation=&#8220;slideInUp&#8220;][vc_column_text]<\/p>\n<h1 style=\"text-align: left;\">Cloud-<br \/>\nArchitektur<\/h1>\n<p>[\/vc_column_text][\/vc_column][\/vc_row][vc_row el_class=&#8220;closetotop&#8220; css=&#8220;.vc_custom_1756395589071{padding-top: 50px !important;padding-bottom: 50px !important;background-color: #ffffff !important;}&#8220;][vc_column][vc_column_text]<\/p>\n<h3>Ob Private, Public oder hybride Cloud \u2013 wir entwickeln IT-Architekturen, die flexibel, effizient und compliance-konform Ihre Gesch\u00e4ftsprozesse unterst\u00fctzen.<\/h3>\n<p>[\/vc_column_text][vc_separator color=&#8220;black&#8220; border_width=&#8220;5&#8243; el_width=&#8220;10&#8243; css=&#8220;.vc_custom_1609845029454{margin-top: 50px !important;}&#8220;][\/vc_column][\/vc_row][vc_row gap=&#8220;35&#8243; css=&#8220;.vc_custom_1756395985200{margin-top: 50px !important;margin-bottom: 100px !important;}&#8220;][vc_column width=&#8220;1\/3&#8243;][\/vc_column][vc_column width=&#8220;2\/3&#8243;][vc_column_text]In der heutigen digitalen Landschaft stehen Unternehmen vor der Wahl zwischen klassischen On-Premises-L\u00f6sungen und Cloud-basierten Infrastrukturen. Beide Ans\u00e4tze haben ihre Berechtigung, und h\u00e4ufig bietet eine hybride IT-Architektur die optimale Kombination aus Sicherheit, Performance und Flexibilit\u00e4t.<\/p>\n<p>Dabei kann zwischen <strong>Private Cloud<\/strong>, <strong>Public Cloud<\/strong> oder <strong>hybriden Szenarien<\/strong> unterschieden werden \u2013 abh\u00e4ngig von Compliance-Anforderungen, Datenhoheit und Workload-Typen.[\/vc_column_text][\/vc_column][\/vc_row][vc_row gap=&#8220;35&#8243; css=&#8220;.vc_custom_1756395994550{margin-top: 50px !important;margin-bottom: 100px !important;}&#8220;][vc_column width=&#8220;1\/3&#8243;][vc_column_text]<\/p>\n<h2 class=\"headline_superbig\">Cloud-<br \/>\nL\u00f6sungen<\/h2>\n<p>[\/vc_column_text][\/vc_column][vc_column width=&#8220;2\/3&#8243;][vc_column_text]Unsere Expertise beginnt bei der <strong>Cloud-Strategie<\/strong>, die den technologischen Rahmen und die gesch\u00e4ftlichen Ziele Ihres Unternehmens ber\u00fccksichtigt. Darauf aufbauend konzipieren wir die passende <strong>Cloud-Architektur<\/strong> und setzen diese f\u00fcr Sie um \u2013 von der Auswahl der richtigen Service-Modelle bis zur Implementierung skalierbarer und sicherer Infrastruktur.<\/p>\n<p><strong>Cloud-Modelle<\/strong><\/p>\n<ul>\n<li><strong>Private Cloud:<\/strong> Dedizierte Ressourcen innerhalb Ihres Unternehmens oder exklusiv beim Provider \u2013 ideal f\u00fcr h\u00f6chste Sicherheits- und Compliance-Anforderungen.<\/li>\n<li><strong>Public Cloud:<\/strong> Flexible, skalierbare Ressourcen, bereitgestellt \u00fcber externe Anbieter. Besonders geeignet f\u00fcr variable Workloads und schnelle Skalierung.<\/li>\n<li><strong>Hybride Cloud:<\/strong> Kombination aus On-Premises, Private und Public Cloud. Optimiert Ressourcennutzung, Kostenstruktur und erm\u00f6glicht nahtlose Daten- und Prozessintegration.<\/li>\n<\/ul>\n<p>Design und Umsetzung von Hostingl\u00f6sungen realisieren wir mit erfahrenen Partnern.[\/vc_column_text][\/vc_column][\/vc_row][vc_row gap=&#8220;35&#8243; css=&#8220;.vc_custom_1756396001128{margin-bottom: 100px !important;}&#8220;][vc_column width=&#8220;1\/3&#8243;][vc_column_text]<\/p>\n<h2 class=\"headline_superbig\">Cloud-<br \/>\nInfrastruktur<\/h2>\n<p>[\/vc_column_text][\/vc_column][vc_column width=&#8220;2\/3&#8243;][vc_column_text]Unsere <strong>Cloud-Implementierung<\/strong> umfasst alle Layer der IT-Architektur:<\/p>\n<ul>\n<li><strong>IaaS (Infrastructure as a Service):<\/strong> Bereitstellung von virtuellen Maschinen, Speicher und Netzwerkressourcen, exakt zugeschnitten auf Ihre Anforderungen.<\/li>\n<li><strong>PaaS (Platform as a Service):<\/strong> Cloud-basierte Entwicklungsumgebungen f\u00fcr Anwendungen, inklusive Middleware, Datenbanken und Tools.<\/li>\n<li><strong>SaaS (Software as a Service):<\/strong> Zugriff auf standardisierte Anwendungen \u00fcber die Cloud, ohne lokale Installation.<\/li>\n<\/ul>\n<p>[\/vc_column_text][\/vc_column][\/vc_row][vc_row gap=&#8220;35&#8243; css=&#8220;.vc_custom_1756396001128{margin-bottom: 100px !important;}&#8220;][vc_column width=&#8220;1\/3&#8243;][vc_column_text]<\/p>\n<h2 class=\"headline_superbig\">Unser<br \/>\nAnsatz<\/h2>\n<p>[\/vc_column_text][\/vc_column][vc_column width=&#8220;2\/3&#8243;][vc_column_text]Wir verfolgen einen <strong>holistischen Ansatz<\/strong>, der technologische Exzellenz mit unternehmerischer Strategie verbindet. Jede Cloud-Implementierung beginnt mit einer Analyse Ihrer IT-Landschaft und f\u00fchrt zu einem ma\u00dfgeschneiderten Architekturdesign, das <strong>Performance, Sicherheit und Kostenoptimierung<\/strong> vereint.<\/p>\n<p>Moderne Automatisierungs- und Orchestrierungstechnologien erm\u00f6glichen effiziente Deployments, Updates und Skalierungen. <strong>Container-L\u00f6sungen, <a href=\"https:\/\/www.striped-giraffe.com\/de\/expertise\/datenmanagement\/soa-und-microservices\/\">Microservices<\/a> und API-Integrationen<\/strong> sorgen daf\u00fcr, dass Ihre Anwendungen flexibel und zukunftssicher bleiben.<\/p>\n<p><strong>Integration und Governance<\/strong><\/p>\n<p>Unsere Cloud-Architekturen integrieren nahtlos bestehende On-Premises-Systeme, sichern <strong>Interoperabilit\u00e4t, Datenkonsistenz und effiziente Gesch\u00e4ftsprozesse<\/strong> und erf\u00fcllen h\u00f6chste Sicherheitsstandards:<\/p>\n<ul>\n<li>Verschl\u00fcsselung von Daten im Ruhezustand und w\u00e4hrend der \u00dcbertragung<\/li>\n<li>Role-Based Access Control (RBAC) und Identity Management<\/li>\n<li>Automatisiertes Monitoring und Sicherheits\u00fcberpr\u00fcfungen<\/li>\n<li>Einhaltung von Compliance- und Datenschutzanforderungen (DSGVO, ISO 27001)<\/li>\n<\/ul>\n<p><strong>Agilit\u00e4t und Skalierbarkeit<\/strong><\/p>\n<p>Cloud-Ressourcen lassen sich flexibel erweitern oder reduzieren, Workloads intelligent orchestrieren, und <strong>DevOps-Tools<\/strong> beschleunigen die Anwendungsbereitstellung. So unterst\u00fctzt Ihre Cloud-Infrastruktur Wachstum, Ver\u00e4nderung und maximale Effizienz.[\/vc_column_text][\/vc_column][\/vc_row][vc_row full_width=&#8220;stretch_row&#8220; css=&#8220;.vc_custom_1705587310854{margin-bottom: 50px !important;}&#8220;][vc_column][vc_row_inner][vc_column_inner width=&#8220;1\/3&#8243;][vc_column_text]<\/p>\n<h2 class=\"headline_superbig\">Let&#8217;s talk<\/h2>\n<p>[\/vc_column_text][\/vc_column_inner][vc_column_inner width=&#8220;2\/3&#8243;][vc_column_text]<\/p>\n<h3>Brauchen Sie ein <strong>konkretes Angebot<\/strong> oder suchen Sie einen <strong>Sparringspartner<\/strong>, mit dem sie Ideen diskutieren und entwickeln k\u00f6nnen?<\/h3>\n<h3>Dann melden Sie sich:<\/h3>\n<ul>\n<li><a href=\"mailto:experts@striped-giraffe.com\">experts@striped-giraffe.com<\/a><\/li>\n<li><span style=\"color: #ef6c00;\">+49 (0)89-416 126-667<\/span><\/li>\n<\/ul>\n<p>[\/vc_column_text]<a class=\"calendly\" href=\"\" onclick=\"Calendly.initPopupWidget({url: 'https:\/\/calendly.com\/striped-giraffe\/30min'});return false;\">Termin vereinbaren<\/a>[vc_column_text css=&#8220;.vc_custom_1705936147633{margin-top: 32px !important;}&#8220;]<\/p>\n<h3>Wir unterst\u00fctzen Sie gerne.<\/h3>\n<p>[\/vc_column_text][\/vc_column_inner][\/vc_row_inner][\/vc_column][\/vc_row][vc_row full_width=&#8220;stretch_row&#8220; gap=&#8220;35&#8243; bg_type=&#8220;bg_color&#8220; css=&#8220;.vc_custom_1706115175275{margin-top: 50px !important;padding-top: 50px !important;padding-bottom: 50px !important;}&#8220; bg_color_value=&#8220;#000000&#8243;][vc_column width=&#8220;1\/3&#8243;][vc_column_text]<\/p>\n<h2 class=\"headline_superbig\"><span style=\"color: #ffffff;\">FULL-SERVICE FOR YOUR DIGITAL CHALLENGE<\/span><\/h2>\n<p><span style=\"color: #ffffff;\">Ganz egal, welche digitale Herausforderung Sie meistern m\u00fcssen, wir unterst\u00fctzen Sie dabei. Mit den unterschiedlichen Spezialisten in unserem Team und unserem Experten-Netzwerk finden wir f\u00fcr jedes Problem die passende L\u00f6sung.<\/span>[\/vc_column_text][\/vc_column][vc_column width=&#8220;2\/3&#8243;][vc_row_inner][vc_column_inner width=&#8220;1\/2&#8243;]<div class=\"templatera_shortcode\"><div class=\"vc_row wpb_row vc_row-fluid\"><div class=\"wpb_column vc_column_container vc_col-sm-12\"><div class=\"vc_column-inner\"><div class=\"wpb_wrapper\"><div id='' class='teaserbox  overlay'><div class='teaserbox_inner'><div class='teaserheadline'><h2 style='color:#ffffff;font-family:DinWebPro Bold;'>IT-Beratung<\/h2><h3 style='color:#ffffff;'>Frische Ideen und fundiertes Knowhow fu\u0308r Ihr Business<\/h3><\/div><div class='teasertext'><div class='wpb_wrapper'>Herausfordernde Zeit verlangen ad\u00e4quate und m\u00f6glichst flexible L\u00f6sungen. Die Bandbreite ist riesig. F\u00fcr jedes Unternehmen und jedes Problem l\u00e4sst sich die passende L\u00f6sung finden oder entwickeln.<\/div><\/div><div class='teaserlink'><a href='https:\/\/www.striped-giraffe.com\/de\/leistungen\/it-beratung\/' style='color:#ffffff;'>IT-Beratung<\/a><\/div><div class='wpb_single_image desktop_only'><img src='https:\/\/www.striped-giraffe.com\/wp-content\/uploads\/2021\/01\/Teaser_IT_Consulting.jpg' \/><\/div><div class='wpb_single_image mobile_only'><img src='https:\/\/www.striped-giraffe.com\/wp-content\/uploads\/2021\/01\/Teaser_IT_Consulting-600x700.jpg' \/><\/div><\/div><\/div><\/div><\/div><\/div><\/div><\/div>[\/vc_column_inner][vc_column_inner width=&#8220;1\/2&#8243;]<div class=\"templatera_shortcode\"><div class=\"vc_row wpb_row vc_row-fluid\"><div class=\"wpb_column vc_column_container vc_col-sm-12\"><div class=\"vc_column-inner\"><div class=\"wpb_wrapper\"><div id='' class='teaserbox  overlay'><div class='teaserbox_inner'><div class='teaserheadline'><h2 style='color:#ffffff;font-family:DinWebPro Bold;'>PROJEKT MANAGEMENT<\/h2><h3 style='color:#ffffff;'>Digitale L\u00f6sungen, die alle Anforderungen erf\u00fcllen<\/h3><\/div><div class='teasertext'><div class='wpb_wrapper'>Unsere Projektmanager stehen f\u00fcr die optimale Erf\u00fcllung der Anforderungen aus den Bereichen Business, Anwender und Technologie.<\/div><\/div><div class='teaserlink'><a href='https:\/\/www.striped-giraffe.com\/leistungen\/projektmanagement\/' style='color:#ffffff;'>Projektmanagement<\/a><\/div><div class='wpb_single_image desktop_only'><img src='https:\/\/www.striped-giraffe.com\/wp-content\/uploads\/2021\/01\/Projectmanagement_Teaser-600x960.jpg' \/><\/div><div class='wpb_single_image mobile_only'><img src='https:\/\/www.striped-giraffe.com\/wp-content\/uploads\/2021\/01\/Projectmanagement_Teaser-600x700.jpg' \/><\/div><\/div><\/div><\/div><\/div><\/div><\/div><\/div>[\/vc_column_inner][\/vc_row_inner][vc_row_inner][vc_column_inner width=&#8220;1\/2&#8243;]<div class=\"templatera_shortcode\"><div class=\"vc_row wpb_row vc_row-fluid\"><div class=\"wpb_column vc_column_container vc_col-sm-12\"><div class=\"vc_column-inner\"><div class=\"wpb_wrapper\"><div id='' class='teaserbox  overlay'><div class='teaserbox_inner'><div class='teaserheadline'><h2 style='color:#000000;font-family:DinWebPro Bold;'>Entwicklung<\/h2><h3 style='color:#000000;'>Wir entwickeln zukunftsorientierte L\u00f6sungen<\/h3><\/div><div class='teasertext'><div class='wpb_wrapper'>Wir stellen komplette Entwicklungsteams in Eigenverantwortung oder erg\u00e4nzen bestehende Teams mit unserer Expertise.<\/div><\/div><div class='teaserlink'><a href='https:\/\/www.striped-giraffe.com\/de\/leistungen\/entwicklung\/' style='color:#ffffff;'>Entwicklung<\/a><\/div><div class='wpb_single_image desktop_only'><img src='https:\/\/www.striped-giraffe.com\/wp-content\/uploads\/2021\/01\/Teaser_Development.jpg' \/><\/div><div class='wpb_single_image mobile_only'><img src='https:\/\/www.striped-giraffe.com\/wp-content\/uploads\/2021\/01\/Teaser_Development-600x700.jpg' \/><\/div><\/div><\/div><\/div><\/div><\/div><\/div><\/div>[\/vc_column_inner][vc_column_inner width=&#8220;1\/2&#8243;]<div class=\"templatera_shortcode\"><div class=\"vc_row wpb_row vc_row-fluid\"><div class=\"wpb_column vc_column_container vc_col-sm-12\"><div class=\"vc_column-inner\"><div class=\"wpb_wrapper\"><div id='' class='teaserbox  overlay'><div class='teaserbox_inner'><div class='teaserheadline'><h2 style='color:#ffffff;font-family:DinWebPro Bold;'>UX\/UI<\/h2><h3 style='color:#ffffff;'>Wir kreieren Erlebniswelten, die Kunden begeistern<\/h3><\/div><div class='teasertext'><div class='wpb_wrapper'>Wir stellen den Nutzer in den Fokus, um ein atemberaubendes Kundenerlebnis zu gestalten.<\/div><\/div><div class='teaserlink'><a href='https:\/\/www.striped-giraffe.com\/leistungen\/ux-ui\/' style='color:#ffffff;'>UX\/UI<\/a><\/div><div class='wpb_single_image desktop_only'><img src='https:\/\/www.striped-giraffe.com\/wp-content\/uploads\/2021\/01\/UX_UI_Teaser-2-600x960.jpg' \/><\/div><div class='wpb_single_image mobile_only'><img src='https:\/\/www.striped-giraffe.com\/wp-content\/uploads\/2021\/01\/UX_UI_Teaser-2-600x700.jpg' \/><\/div><\/div><\/div><\/div><\/div><\/div><\/div><\/div>[\/vc_column_inner][\/vc_row_inner][\/vc_column][\/vc_row]<\/p>\n<\/section>","protected":false},"excerpt":{"rendered":"Cloud- Architektur Ob Private, Public oder hybride Cloud \u2013 wir entwickeln IT-Architekturen, die flexibel, effizient und compliance-konform Ihre Gesch\u00e4ftsprozesse unterst\u00fctzen. [...]","protected":false},"author":2,"featured_media":40473,"parent":40456,"menu_order":0,"comment_status":"closed","ping_status":"closed","template":"","meta":{"footnotes":""},"acf":[],"yoast_head":"<!-- This site is optimized with the Yoast SEO Premium plugin v20.5 (Yoast SEO v20.5) - https:\/\/yoast.com\/wordpress\/plugins\/seo\/ -->\n<title>Cloud-Architektur - Striped Giraffe<\/title>\n<meta name=\"description\" content=\"Flexible, effiziente und konforme Cloud-Architekturen. Private, public oder hybrid \u2013 skalierbare L\u00f6sungen f\u00fcr sichere Gesch\u00e4ftsprozesse.\" \/>\n<meta name=\"robots\" content=\"index, follow, max-snippet:-1, max-image-preview:large, max-video-preview:-1\" \/>\n<link rel=\"canonical\" href=\"https:\/\/www.striped-giraffe.com\/de\/expertise\/it-architektur\/cloud-architektur\/\" \/>\n<meta property=\"og:locale\" content=\"de_DE\" \/>\n<meta property=\"og:type\" content=\"article\" \/>\n<meta property=\"og:title\" content=\"Cloud-Architektur\" \/>\n<meta property=\"og:description\" content=\"Flexible, effiziente und konforme Cloud-Architekturen. Private, public oder hybrid \u2013 skalierbare L\u00f6sungen f\u00fcr sichere Gesch\u00e4ftsprozesse.\" \/>\n<meta property=\"og:url\" content=\"https:\/\/www.striped-giraffe.com\/de\/expertise\/it-architektur\/cloud-architektur\/\" \/>\n<meta property=\"og:site_name\" content=\"Striped Giraffe\" \/>\n<meta property=\"article:modified_time\" content=\"2025-09-01T14:47:34+00:00\" \/>\n<meta property=\"og:image\" content=\"https:\/\/www.striped-giraffe.com\/wp-content\/uploads\/2025\/08\/Teaser_Cloud_Architecture.jpg\" \/>\n\t<meta property=\"og:image:width\" content=\"600\" \/>\n\t<meta property=\"og:image:height\" content=\"700\" \/>\n\t<meta property=\"og:image:type\" content=\"image\/jpeg\" \/>\n<meta name=\"twitter:card\" content=\"summary_large_image\" \/>\n<meta name=\"twitter:label1\" content=\"Gesch\u00e4tzte Lesezeit\" \/>\n\t<meta name=\"twitter:data1\" content=\"4\u00a0Minuten\" \/>\n<script type=\"application\/ld+json\" class=\"yoast-schema-graph\">{\"@context\":\"https:\/\/schema.org\",\"@graph\":[{\"@type\":\"WebPage\",\"@id\":\"https:\/\/www.striped-giraffe.com\/de\/expertise\/it-architektur\/cloud-architektur\/\",\"url\":\"https:\/\/www.striped-giraffe.com\/de\/expertise\/it-architektur\/cloud-architektur\/\",\"name\":\"Cloud-Architektur - Striped Giraffe\",\"isPartOf\":{\"@id\":\"https:\/\/www.striped-giraffe.com\/de\/#website\"},\"datePublished\":\"2025-09-01T11:47:41+00:00\",\"dateModified\":\"2025-09-01T14:47:34+00:00\",\"description\":\"Flexible, effiziente und konforme Cloud-Architekturen. Private, public oder hybrid \u2013 skalierbare L\u00f6sungen f\u00fcr sichere Gesch\u00e4ftsprozesse.\",\"breadcrumb\":{\"@id\":\"https:\/\/www.striped-giraffe.com\/de\/expertise\/it-architektur\/cloud-architektur\/#breadcrumb\"},\"inLanguage\":\"de\",\"potentialAction\":[{\"@type\":\"ReadAction\",\"target\":[\"https:\/\/www.striped-giraffe.com\/de\/expertise\/it-architektur\/cloud-architektur\/\"]}]},{\"@type\":\"BreadcrumbList\",\"@id\":\"https:\/\/www.striped-giraffe.com\/de\/expertise\/it-architektur\/cloud-architektur\/#breadcrumb\",\"itemListElement\":[{\"@type\":\"ListItem\",\"position\":1,\"name\":\"Expertise\",\"item\":\"https:\/\/www.striped-giraffe.com\/de\/expertise\/\"},{\"@type\":\"ListItem\",\"position\":2,\"name\":\"IT-Architektur\",\"item\":\"https:\/\/www.striped-giraffe.com\/de\/expertise\/it-architektur\/\"},{\"@type\":\"ListItem\",\"position\":3,\"name\":\"Cloud-Architektur\"}]},{\"@type\":\"WebSite\",\"@id\":\"https:\/\/www.striped-giraffe.com\/de\/#website\",\"url\":\"https:\/\/www.striped-giraffe.com\/de\/\",\"name\":\"Striped Giraffe\",\"description\":\"Ihr zuverl\u00e4ssiger Anbieter f\u00fcr digitale Enterprise-L\u00f6sungen\",\"publisher\":{\"@id\":\"https:\/\/www.striped-giraffe.com\/de\/#organization\"},\"potentialAction\":[{\"@type\":\"SearchAction\",\"target\":{\"@type\":\"EntryPoint\",\"urlTemplate\":\"https:\/\/www.striped-giraffe.com\/de\/?s={search_term_string}\"},\"query-input\":\"required name=search_term_string\"}],\"inLanguage\":\"de\"},{\"@type\":\"Organization\",\"@id\":\"https:\/\/www.striped-giraffe.com\/de\/#organization\",\"name\":\"Striped Giraffe\",\"url\":\"https:\/\/www.striped-giraffe.com\/de\/\",\"logo\":{\"@type\":\"ImageObject\",\"inLanguage\":\"de\",\"@id\":\"https:\/\/www.striped-giraffe.com\/de\/#\/schema\/logo\/image\/\",\"url\":\"https:\/\/www.striped-giraffe.com\/wp-content\/uploads\/2021\/01\/giraffe_white.svg\",\"contentUrl\":\"https:\/\/www.striped-giraffe.com\/wp-content\/uploads\/2021\/01\/giraffe_white.svg\",\"caption\":\"Striped Giraffe\"},\"image\":{\"@id\":\"https:\/\/www.striped-giraffe.com\/de\/#\/schema\/logo\/image\/\"}}]}<\/script>\n<!-- \/ Yoast SEO Premium plugin. -->","yoast_head_json":{"title":"Cloud-Architektur - Striped Giraffe","description":"Flexible, effiziente und konforme Cloud-Architekturen. Private, public oder hybrid \u2013 skalierbare L\u00f6sungen f\u00fcr sichere Gesch\u00e4ftsprozesse.","robots":{"index":"index","follow":"follow","max-snippet":"max-snippet:-1","max-image-preview":"max-image-preview:large","max-video-preview":"max-video-preview:-1"},"canonical":"https:\/\/www.striped-giraffe.com\/de\/expertise\/it-architektur\/cloud-architektur\/","og_locale":"de_DE","og_type":"article","og_title":"Cloud-Architektur","og_description":"Flexible, effiziente und konforme Cloud-Architekturen. Private, public oder hybrid \u2013 skalierbare L\u00f6sungen f\u00fcr sichere Gesch\u00e4ftsprozesse.","og_url":"https:\/\/www.striped-giraffe.com\/de\/expertise\/it-architektur\/cloud-architektur\/","og_site_name":"Striped Giraffe","article_modified_time":"2025-09-01T14:47:34+00:00","og_image":[{"width":600,"height":700,"url":"https:\/\/www.striped-giraffe.com\/wp-content\/uploads\/2025\/08\/Teaser_Cloud_Architecture.jpg","type":"image\/jpeg"}],"twitter_card":"summary_large_image","twitter_misc":{"Gesch\u00e4tzte Lesezeit":"4\u00a0Minuten"},"schema":{"@context":"https:\/\/schema.org","@graph":[{"@type":"WebPage","@id":"https:\/\/www.striped-giraffe.com\/de\/expertise\/it-architektur\/cloud-architektur\/","url":"https:\/\/www.striped-giraffe.com\/de\/expertise\/it-architektur\/cloud-architektur\/","name":"Cloud-Architektur - Striped Giraffe","isPartOf":{"@id":"https:\/\/www.striped-giraffe.com\/de\/#website"},"datePublished":"2025-09-01T11:47:41+00:00","dateModified":"2025-09-01T14:47:34+00:00","description":"Flexible, effiziente und konforme Cloud-Architekturen. Private, public oder hybrid \u2013 skalierbare L\u00f6sungen f\u00fcr sichere Gesch\u00e4ftsprozesse.","breadcrumb":{"@id":"https:\/\/www.striped-giraffe.com\/de\/expertise\/it-architektur\/cloud-architektur\/#breadcrumb"},"inLanguage":"de","potentialAction":[{"@type":"ReadAction","target":["https:\/\/www.striped-giraffe.com\/de\/expertise\/it-architektur\/cloud-architektur\/"]}]},{"@type":"BreadcrumbList","@id":"https:\/\/www.striped-giraffe.com\/de\/expertise\/it-architektur\/cloud-architektur\/#breadcrumb","itemListElement":[{"@type":"ListItem","position":1,"name":"Expertise","item":"https:\/\/www.striped-giraffe.com\/de\/expertise\/"},{"@type":"ListItem","position":2,"name":"IT-Architektur","item":"https:\/\/www.striped-giraffe.com\/de\/expertise\/it-architektur\/"},{"@type":"ListItem","position":3,"name":"Cloud-Architektur"}]},{"@type":"WebSite","@id":"https:\/\/www.striped-giraffe.com\/de\/#website","url":"https:\/\/www.striped-giraffe.com\/de\/","name":"Striped Giraffe","description":"Ihr zuverl\u00e4ssiger Anbieter f\u00fcr digitale Enterprise-L\u00f6sungen","publisher":{"@id":"https:\/\/www.striped-giraffe.com\/de\/#organization"},"potentialAction":[{"@type":"SearchAction","target":{"@type":"EntryPoint","urlTemplate":"https:\/\/www.striped-giraffe.com\/de\/?s={search_term_string}"},"query-input":"required name=search_term_string"}],"inLanguage":"de"},{"@type":"Organization","@id":"https:\/\/www.striped-giraffe.com\/de\/#organization","name":"Striped Giraffe","url":"https:\/\/www.striped-giraffe.com\/de\/","logo":{"@type":"ImageObject","inLanguage":"de","@id":"https:\/\/www.striped-giraffe.com\/de\/#\/schema\/logo\/image\/","url":"https:\/\/www.striped-giraffe.com\/wp-content\/uploads\/2021\/01\/giraffe_white.svg","contentUrl":"https:\/\/www.striped-giraffe.com\/wp-content\/uploads\/2021\/01\/giraffe_white.svg","caption":"Striped Giraffe"},"image":{"@id":"https:\/\/www.striped-giraffe.com\/de\/#\/schema\/logo\/image\/"}}]}},"_links":{"self":[{"href":"https:\/\/www.striped-giraffe.com\/de\/wp-json\/wp\/v2\/pages\/40491"}],"collection":[{"href":"https:\/\/www.striped-giraffe.com\/de\/wp-json\/wp\/v2\/pages"}],"about":[{"href":"https:\/\/www.striped-giraffe.com\/de\/wp-json\/wp\/v2\/types\/page"}],"author":[{"embeddable":true,"href":"https:\/\/www.striped-giraffe.com\/de\/wp-json\/wp\/v2\/users\/2"}],"replies":[{"embeddable":true,"href":"https:\/\/www.striped-giraffe.com\/de\/wp-json\/wp\/v2\/comments?post=40491"}],"version-history":[{"count":2,"href":"https:\/\/www.striped-giraffe.com\/de\/wp-json\/wp\/v2\/pages\/40491\/revisions"}],"predecessor-version":[{"id":40492,"href":"https:\/\/www.striped-giraffe.com\/de\/wp-json\/wp\/v2\/pages\/40491\/revisions\/40492"}],"up":[{"embeddable":true,"href":"https:\/\/www.striped-giraffe.com\/de\/wp-json\/wp\/v2\/pages\/40456"}],"wp:featuredmedia":[{"embeddable":true,"href":"https:\/\/www.striped-giraffe.com\/de\/wp-json\/wp\/v2\/media\/40473"}],"wp:attachment":[{"href":"https:\/\/www.striped-giraffe.com\/de\/wp-json\/wp\/v2\/media?parent=40491"}],"curies":[{"name":"wp","href":"https:\/\/api.w.org\/{rel}","templated":true}]}}