{"id":40911,"date":"2025-09-29T16:37:54","date_gmt":"2025-09-29T14:37:54","guid":{"rendered":"https:\/\/www.striped-giraffe.com\/collaboration\/partner\/quest\/"},"modified":"2025-09-29T16:44:25","modified_gmt":"2025-09-29T14:44:25","slug":"quest","status":"publish","type":"page","link":"https:\/\/www.striped-giraffe.com\/de\/collaboration\/partner\/quest\/","title":{"rendered":"Quest"},"content":{"rendered":"<section class=\"wpb-content-wrapper\"><p>[vc_row full_width=&#8220;stretch_row&#8220; bg_type=&#8220;image&#8220; parallax_style=&#8220;vcpb-default&#8220; bg_image_new=&#8220;id^1652|url^https:\/\/www.striped-giraffe.com\/wp-content\/uploads\/2021\/01\/Partner-1-scaled.jpg|caption^Embossed mesh representing internet connections in cloud computing. 3d image and dot link.|alt^null|title^Embossed mesh representing internet connections in cloud computi|description^null&#8220; css=&#8220;.vc_custom_1610545149736{padding-top: 200px !important;padding-bottom: 200px !important;background-position: center !important;background-repeat: no-repeat !important;background-size: cover !important;}&#8220;][vc_column][\/vc_column][\/vc_row][vc_row gap=&#8220;35&#8243; el_class=&#8220;closetotop&#8220; css=&#8220;.vc_custom_1609952195412{padding-top: 50px !important;background-color: #ffffff !important;}&#8220;][vc_column width=&#8220;1\/4&#8243;][vc_single_image image=&#8220;40905&#8243; img_size=&#8220;full&#8220;][\/vc_column][vc_column width=&#8220;3\/4&#8243;][vc_column_text]<\/p>\n<p data-start=\"50\" data-end=\"400\">Quest Software entwickelt Technologien und L\u00f6sungen, die das Fundament f\u00fcr Enterprise AI bilden. Mit einem klaren Fokus auf <strong data-start=\"178\" data-end=\"257\">Datenmanagement und Governance, Cybersicherheit und Plattformmodernisierung<\/strong> unterst\u00fctzt Quest Unternehmen dabei, ihre dringendsten Herausforderungen zu meistern und das Potenzial von KI Wirklichkeit werden zu lassen.<\/p>\n<p data-start=\"402\" data-end=\"513\">Weltweit vertrauen mehr als <strong data-start=\"430\" data-end=\"511\">45.000 Unternehmen \u2013 darunter \u00fcber 90 % der Fortune 500 \u2013 auf Quest Software.<\/strong><\/p>\n<p data-start=\"515\" data-end=\"650\">Weitere Informationen finden Sie unter <strong data-start=\"554\" data-end=\"571\"><a class=\"decorated-link\" href=\"http:\/\/www.quest.com\" target=\"_new\" rel=\"noopener\" data-start=\"556\" data-end=\"569\">www.quest.com<\/a><\/strong> oder folgen Sie Quest Software auf <strong data-start=\"607\" data-end=\"630\">X (ehemals Twitter)<\/strong> und <strong data-start=\"635\" data-end=\"647\">LinkedIn<\/strong>.<\/p>\n<p>[\/vc_column_text][\/vc_column][\/vc_row][vc_row css=&#8220;.vc_custom_1610006958559{margin-bottom: 100px !important;}&#8220;][vc_column width=&#8220;1\/4&#8243;][vc_column_text]<\/p>\n<h2 class=\"headline_superbig\">Interesse<\/h2>\n<p>[\/vc_column_text][\/vc_column][vc_column width=&#8220;3\/4&#8243;][vc_column_text]Wenn Sie mehr \u00fcber unsere Partner erfahren m\u00f6chten oder an einer Partnerschaft interessiert sind, wenden Sie sich bitte an unser Business Development Team.<\/p>\n<p><a href=\"mailto:sales@striped-giraffe.com\">sales@striped-giraffe.com<\/a><\/p>\n<p>+49 (0)89-416 126-667[\/vc_column_text][\/vc_column][\/vc_row][vc_row][vc_column width=&#8220;1\/4&#8243;][\/vc_column][vc_column width=&#8220;3\/4&#8243;][vc_btn title=&#8220;\u00dcBERSICHT ALLER PARTNER&#8220; align=&#8220;left&#8220; link=&#8220;url:https%3A%2F%2Fwww.striped-giraffe.com%2Fde%2Fcollaboration%2Fpartner%2F|title:Partner&#8220;][\/vc_column][\/vc_row][vc_row][vc_column][vc_empty_space height=&#8220;100px&#8220;][\/vc_column][\/vc_row]<\/p>\n<\/section>","protected":false},"excerpt":{"rendered":"<p>[vc_row full_width=&#8220;stretch_row&#8220; bg_type=&#8220;image&#8220; parallax_style=&#8220;vcpb-default&#8220; bg_image_new=&#8220;id^1652|url^https:\/\/www.striped-giraffe.com\/wp-content\/uploads\/2021\/01\/Partner-1-scaled.jpg|caption^Embossed mesh representing internet connections in cloud computing. 3d image and dot link.|alt^null|title^Embossed mesh representing internet [&hellip;]<\/p>\n","protected":false},"author":2,"featured_media":0,"parent":670,"menu_order":0,"comment_status":"closed","ping_status":"closed","template":"","meta":{"footnotes":""},"acf":[],"yoast_head":"<!-- This site is optimized with the Yoast SEO Premium plugin v20.5 (Yoast SEO v20.5) - https:\/\/yoast.com\/wordpress\/plugins\/seo\/ -->\n<title>Quest - Partner of Striped Giraffe<\/title>\n<meta name=\"description\" content=\"Quest Software creates technology and solutions that build the foundation for enterprise AI.\" \/>\n<meta name=\"robots\" content=\"index, follow, max-snippet:-1, max-image-preview:large, max-video-preview:-1\" \/>\n<link rel=\"canonical\" href=\"https:\/\/www.striped-giraffe.com\/de\/collaboration\/partner\/quest\/\" \/>\n<meta property=\"og:locale\" content=\"de_DE\" \/>\n<meta property=\"og:type\" content=\"article\" \/>\n<meta property=\"og:title\" content=\"Quest\" \/>\n<meta property=\"og:description\" content=\"Quest Software creates technology and solutions that build the foundation for enterprise AI.\" \/>\n<meta property=\"og:url\" content=\"https:\/\/www.striped-giraffe.com\/de\/collaboration\/partner\/quest\/\" \/>\n<meta property=\"og:site_name\" content=\"Striped Giraffe\" \/>\n<meta property=\"article:modified_time\" content=\"2025-09-29T14:44:25+00:00\" \/>\n<meta name=\"twitter:card\" content=\"summary_large_image\" \/>\n<meta name=\"twitter:label1\" content=\"Gesch\u00e4tzte Lesezeit\" \/>\n\t<meta name=\"twitter:data1\" content=\"1\u00a0Minute\" \/>\n<script type=\"application\/ld+json\" class=\"yoast-schema-graph\">{\"@context\":\"https:\/\/schema.org\",\"@graph\":[{\"@type\":\"WebPage\",\"@id\":\"https:\/\/www.striped-giraffe.com\/de\/collaboration\/partner\/quest\/\",\"url\":\"https:\/\/www.striped-giraffe.com\/de\/collaboration\/partner\/quest\/\",\"name\":\"Quest - Partner of Striped Giraffe\",\"isPartOf\":{\"@id\":\"https:\/\/www.striped-giraffe.com\/de\/#website\"},\"datePublished\":\"2025-09-29T14:37:54+00:00\",\"dateModified\":\"2025-09-29T14:44:25+00:00\",\"description\":\"Quest Software creates technology and solutions that build the foundation for enterprise AI.\",\"breadcrumb\":{\"@id\":\"https:\/\/www.striped-giraffe.com\/de\/collaboration\/partner\/quest\/#breadcrumb\"},\"inLanguage\":\"de\",\"potentialAction\":[{\"@type\":\"ReadAction\",\"target\":[\"https:\/\/www.striped-giraffe.com\/de\/collaboration\/partner\/quest\/\"]}]},{\"@type\":\"BreadcrumbList\",\"@id\":\"https:\/\/www.striped-giraffe.com\/de\/collaboration\/partner\/quest\/#breadcrumb\",\"itemListElement\":[{\"@type\":\"ListItem\",\"position\":1,\"name\":\"Collaboration\",\"item\":\"https:\/\/www.striped-giraffe.com\/de\/collaboration\/\"},{\"@type\":\"ListItem\",\"position\":2,\"name\":\"Partner\",\"item\":\"https:\/\/www.striped-giraffe.com\/de\/collaboration\/partner\/\"},{\"@type\":\"ListItem\",\"position\":3,\"name\":\"Quest\"}]},{\"@type\":\"WebSite\",\"@id\":\"https:\/\/www.striped-giraffe.com\/de\/#website\",\"url\":\"https:\/\/www.striped-giraffe.com\/de\/\",\"name\":\"Striped Giraffe\",\"description\":\"Ihr zuverl\u00e4ssiger Anbieter f\u00fcr digitale Enterprise-L\u00f6sungen\",\"publisher\":{\"@id\":\"https:\/\/www.striped-giraffe.com\/de\/#organization\"},\"potentialAction\":[{\"@type\":\"SearchAction\",\"target\":{\"@type\":\"EntryPoint\",\"urlTemplate\":\"https:\/\/www.striped-giraffe.com\/de\/?s={search_term_string}\"},\"query-input\":\"required name=search_term_string\"}],\"inLanguage\":\"de\"},{\"@type\":\"Organization\",\"@id\":\"https:\/\/www.striped-giraffe.com\/de\/#organization\",\"name\":\"Striped Giraffe\",\"url\":\"https:\/\/www.striped-giraffe.com\/de\/\",\"logo\":{\"@type\":\"ImageObject\",\"inLanguage\":\"de\",\"@id\":\"https:\/\/www.striped-giraffe.com\/de\/#\/schema\/logo\/image\/\",\"url\":\"https:\/\/www.striped-giraffe.com\/wp-content\/uploads\/2021\/01\/giraffe_white.svg\",\"contentUrl\":\"https:\/\/www.striped-giraffe.com\/wp-content\/uploads\/2021\/01\/giraffe_white.svg\",\"caption\":\"Striped Giraffe\"},\"image\":{\"@id\":\"https:\/\/www.striped-giraffe.com\/de\/#\/schema\/logo\/image\/\"}}]}<\/script>\n<!-- \/ Yoast SEO Premium plugin. -->","yoast_head_json":{"title":"Quest - Partner of Striped Giraffe","description":"Quest Software creates technology and solutions that build the foundation for enterprise AI.","robots":{"index":"index","follow":"follow","max-snippet":"max-snippet:-1","max-image-preview":"max-image-preview:large","max-video-preview":"max-video-preview:-1"},"canonical":"https:\/\/www.striped-giraffe.com\/de\/collaboration\/partner\/quest\/","og_locale":"de_DE","og_type":"article","og_title":"Quest","og_description":"Quest Software creates technology and solutions that build the foundation for enterprise AI.","og_url":"https:\/\/www.striped-giraffe.com\/de\/collaboration\/partner\/quest\/","og_site_name":"Striped Giraffe","article_modified_time":"2025-09-29T14:44:25+00:00","twitter_card":"summary_large_image","twitter_misc":{"Gesch\u00e4tzte Lesezeit":"1\u00a0Minute"},"schema":{"@context":"https:\/\/schema.org","@graph":[{"@type":"WebPage","@id":"https:\/\/www.striped-giraffe.com\/de\/collaboration\/partner\/quest\/","url":"https:\/\/www.striped-giraffe.com\/de\/collaboration\/partner\/quest\/","name":"Quest - Partner of Striped Giraffe","isPartOf":{"@id":"https:\/\/www.striped-giraffe.com\/de\/#website"},"datePublished":"2025-09-29T14:37:54+00:00","dateModified":"2025-09-29T14:44:25+00:00","description":"Quest Software creates technology and solutions that build the foundation for enterprise AI.","breadcrumb":{"@id":"https:\/\/www.striped-giraffe.com\/de\/collaboration\/partner\/quest\/#breadcrumb"},"inLanguage":"de","potentialAction":[{"@type":"ReadAction","target":["https:\/\/www.striped-giraffe.com\/de\/collaboration\/partner\/quest\/"]}]},{"@type":"BreadcrumbList","@id":"https:\/\/www.striped-giraffe.com\/de\/collaboration\/partner\/quest\/#breadcrumb","itemListElement":[{"@type":"ListItem","position":1,"name":"Collaboration","item":"https:\/\/www.striped-giraffe.com\/de\/collaboration\/"},{"@type":"ListItem","position":2,"name":"Partner","item":"https:\/\/www.striped-giraffe.com\/de\/collaboration\/partner\/"},{"@type":"ListItem","position":3,"name":"Quest"}]},{"@type":"WebSite","@id":"https:\/\/www.striped-giraffe.com\/de\/#website","url":"https:\/\/www.striped-giraffe.com\/de\/","name":"Striped Giraffe","description":"Ihr zuverl\u00e4ssiger Anbieter f\u00fcr digitale Enterprise-L\u00f6sungen","publisher":{"@id":"https:\/\/www.striped-giraffe.com\/de\/#organization"},"potentialAction":[{"@type":"SearchAction","target":{"@type":"EntryPoint","urlTemplate":"https:\/\/www.striped-giraffe.com\/de\/?s={search_term_string}"},"query-input":"required name=search_term_string"}],"inLanguage":"de"},{"@type":"Organization","@id":"https:\/\/www.striped-giraffe.com\/de\/#organization","name":"Striped Giraffe","url":"https:\/\/www.striped-giraffe.com\/de\/","logo":{"@type":"ImageObject","inLanguage":"de","@id":"https:\/\/www.striped-giraffe.com\/de\/#\/schema\/logo\/image\/","url":"https:\/\/www.striped-giraffe.com\/wp-content\/uploads\/2021\/01\/giraffe_white.svg","contentUrl":"https:\/\/www.striped-giraffe.com\/wp-content\/uploads\/2021\/01\/giraffe_white.svg","caption":"Striped Giraffe"},"image":{"@id":"https:\/\/www.striped-giraffe.com\/de\/#\/schema\/logo\/image\/"}}]}},"_links":{"self":[{"href":"https:\/\/www.striped-giraffe.com\/de\/wp-json\/wp\/v2\/pages\/40911"}],"collection":[{"href":"https:\/\/www.striped-giraffe.com\/de\/wp-json\/wp\/v2\/pages"}],"about":[{"href":"https:\/\/www.striped-giraffe.com\/de\/wp-json\/wp\/v2\/types\/page"}],"author":[{"embeddable":true,"href":"https:\/\/www.striped-giraffe.com\/de\/wp-json\/wp\/v2\/users\/2"}],"replies":[{"embeddable":true,"href":"https:\/\/www.striped-giraffe.com\/de\/wp-json\/wp\/v2\/comments?post=40911"}],"version-history":[{"count":4,"href":"https:\/\/www.striped-giraffe.com\/de\/wp-json\/wp\/v2\/pages\/40911\/revisions"}],"predecessor-version":[{"id":40913,"href":"https:\/\/www.striped-giraffe.com\/de\/wp-json\/wp\/v2\/pages\/40911\/revisions\/40913"}],"up":[{"embeddable":true,"href":"https:\/\/www.striped-giraffe.com\/de\/wp-json\/wp\/v2\/pages\/670"}],"wp:attachment":[{"href":"https:\/\/www.striped-giraffe.com\/de\/wp-json\/wp\/v2\/media?parent=40911"}],"curies":[{"name":"wp","href":"https:\/\/api.w.org\/{rel}","templated":true}]}}